{"id":4839,"date":"2016-12-13T22:28:00","date_gmt":"2016-12-13T22:28:00","guid":{"rendered":"https:\/\/tnd.ontesting.co.uk\/zel-pod-prysznic-ze-srebrem-dla-mezczyzn250g\/"},"modified":"2021-02-25T12:01:50","modified_gmt":"2021-02-25T12:01:50","slug":"zel-pod-prysznic-ze-srebrem-dla-mezczyzn250g","status":"publish","type":"product","link":"https:\/\/tiandeproducts.co.uk\/pl\/zel-pod-prysznic-ze-srebrem-dla-mezczyzn250g\/","title":{"rendered":"\u017bel pod prysznic ze srebrem dla m\u0119\u017cczyzn,250g"},"content":{"rendered":"<div class=\"description\">\n<p><img decoding=\"async\" style=\"max-width: 16px; margin-right: 5px;\" src=\"https:\/\/tiandeproducts.co.uk\/wp-content\/uploads\/points-green.svg\" \/>\u00a0Earn 9 points worth \u00a30.45 when buying this product<\/p>\n<p>\u017bel pod prysznic dla m\u0119\u017cczyzn TianDe zawiera srebro koloidalne o w\u0142a\u015bciwo\u015bciach dezynfekuj\u0105cych i przeciwbakteryjnych. Zwalcza ono bakterie i hamuje powstawanie nieprzyjemnego zapachu. Tym samym zapewnia silny i d\u0142ugotrwa\u0142y efekt dezodoruj\u0105cy. Ponadto, srebro koloidalne ma dzia\u0142anie przeciwzapalne oraz sprzyja gojeniu si\u0119 ran i podra\u017cnie\u0144. Brak paraben\u00f3w i barwnik\u00f3w likwiduje ryzyko wyst\u0119powania reakcji alergicznych sk\u00f3ry.<\/p>\n<p>\u017bel daje g\u0119st\u0105 i obfit\u0105 pian\u0119, a jego zu\u017cycie jest bardzo wydajne.<\/p>\n<p>\u015awie\u017cy zapach \u017celu pod prysznic ze srebrem TianDe spodoba si\u0119 zar\u00f3wno dojrza\u0142ym, jak i m\u0142odym m\u0119\u017cczyznom. Jest wyrazisty i trwa\u0142y, a jednocze\u015bnie delikatny.<\/p>\n<\/div>\n<div class=\"instruction\">\n<p><strong>ZASTOSOWANIE:<\/strong><\/p>\n<p>Nanie\u015b\u0107 na wilgotn\u0105 sk\u00f3r\u0119, nast\u0119pnie zmy\u0107 dok\u0142adnie wod\u0105.<\/p>\n<\/div>\n","protected":false},"excerpt":{"rendered":"<p>\u00a0Earn 9 points worth \u00a30.45 when buying this product \u017bel pod prysznic dla m\u0119\u017cczyzn TianDe zawiera srebro koloidalne o w\u0142a\u015bciwo\u015bciach dezynfekuj\u0105cych i przeciwbakteryjnych. Zwalcza ono bakterie i hamuje powstawanie nieprzyjemnego zapachu. Tym samym zapewnia silny i d\u0142ugotrwa\u0142y efekt dezodoruj\u0105cy. Ponadto, srebro koloidalne ma dzia\u0142anie przeciwzapalne oraz sprzyja gojeniu si\u0119 ran i podra\u017cnie\u0144. Brak paraben\u00f3w i [&#8230;]\n","protected":false},"featured_media":1406,"comment_status":"closed","ping_status":"closed","template":"","meta":[],"product_cat":[774,855],"product_tag":[],"class_list":{"0":"post-4839","1":"product","2":"type-product","3":"status-publish","4":"has-post-thumbnail","6":"product_cat-dla-mezczyzn","7":"product_cat-produkty-kosmetyczne","9":"first","10":"outofstock","11":"shipping-taxable","12":"purchasable","13":"product-type-simple"},"yoast_head":"<!-- This site is optimized with the Yoast SEO plugin v23.6 - https:\/\/yoast.com\/wordpress\/plugins\/seo\/ -->\n<title>\u017bel pod prysznic ze srebrem dla m\u0119\u017cczyzn,250g - TianDe Online Shop - Beauty &amp; Health<\/title>\n<meta name=\"robots\" content=\"index, follow, max-snippet:-1, max-image-preview:large, max-video-preview:-1\" \/>\n<link rel=\"canonical\" href=\"https:\/\/tiandeproducts.co.uk\/pl\/zel-pod-prysznic-ze-srebrem-dla-mezczyzn250g\/\" \/>\n<meta property=\"og:locale\" content=\"pl_PL\" \/>\n<meta property=\"og:type\" content=\"article\" \/>\n<meta property=\"og:title\" content=\"\u017bel pod prysznic ze srebrem dla m\u0119\u017cczyzn,250g - TianDe Online Shop - Beauty &amp; Health\" \/>\n<meta property=\"og:description\" content=\"\u00a0Earn 9 points worth \u00a30.45 when buying this product \u017bel pod prysznic dla m\u0119\u017cczyzn TianDe zawiera srebro koloidalne o w\u0142a\u015bciwo\u015bciach dezynfekuj\u0105cych i przeciwbakteryjnych. Zwalcza ono bakterie i hamuje powstawanie nieprzyjemnego zapachu. Tym samym zapewnia silny i d\u0142ugotrwa\u0142y efekt dezodoruj\u0105cy. Ponadto, srebro koloidalne ma dzia\u0142anie przeciwzapalne oraz sprzyja gojeniu si\u0119 ran i podra\u017cnie\u0144. Brak paraben\u00f3w i [...]\" \/>\n<meta property=\"og:url\" content=\"https:\/\/tiandeproducts.co.uk\/pl\/zel-pod-prysznic-ze-srebrem-dla-mezczyzn250g\/\" \/>\n<meta property=\"og:site_name\" content=\"TianDe Online Shop - Beauty &amp; Health\" \/>\n<meta property=\"article:publisher\" content=\"https:\/\/www.facebook.com\/tiande.products.england\/\" \/>\n<meta property=\"article:modified_time\" content=\"2021-02-25T12:01:50+00:00\" \/>\n<meta property=\"og:image\" content=\"https:\/\/tiandeproducts.co.uk\/wp-content\/uploads\/2016\/12\/30133_s.png\" \/>\n\t<meta property=\"og:image:width\" content=\"700\" \/>\n\t<meta property=\"og:image:height\" content=\"700\" \/>\n\t<meta property=\"og:image:type\" content=\"image\/png\" \/>\n<meta name=\"twitter:card\" content=\"summary_large_image\" \/>\n<meta name=\"twitter:label1\" content=\"Szacowany czas czytania\" \/>\n\t<meta name=\"twitter:data1\" content=\"1 minuta\" \/>\n<script type=\"application\/ld+json\" class=\"yoast-schema-graph\">{\"@context\":\"https:\/\/schema.org\",\"@graph\":[{\"@type\":\"WebPage\",\"@id\":\"https:\/\/tiandeproducts.co.uk\/pl\/zel-pod-prysznic-ze-srebrem-dla-mezczyzn250g\/\",\"url\":\"https:\/\/tiandeproducts.co.uk\/pl\/zel-pod-prysznic-ze-srebrem-dla-mezczyzn250g\/\",\"name\":\"\u017bel pod prysznic ze srebrem dla m\u0119\u017cczyzn,250g - TianDe Online Shop - Beauty &amp; Health\",\"isPartOf\":{\"@id\":\"https:\/\/tiandeproducts.co.uk\/#website\"},\"primaryImageOfPage\":{\"@id\":\"https:\/\/tiandeproducts.co.uk\/pl\/zel-pod-prysznic-ze-srebrem-dla-mezczyzn250g\/#primaryimage\"},\"image\":{\"@id\":\"https:\/\/tiandeproducts.co.uk\/pl\/zel-pod-prysznic-ze-srebrem-dla-mezczyzn250g\/#primaryimage\"},\"thumbnailUrl\":\"https:\/\/tiandeproducts.co.uk\/wp-content\/uploads\/2016\/12\/30133_s.png\",\"datePublished\":\"2016-12-13T22:28:00+00:00\",\"dateModified\":\"2021-02-25T12:01:50+00:00\",\"breadcrumb\":{\"@id\":\"https:\/\/tiandeproducts.co.uk\/pl\/zel-pod-prysznic-ze-srebrem-dla-mezczyzn250g\/#breadcrumb\"},\"inLanguage\":\"pl-PL\",\"potentialAction\":[{\"@type\":\"ReadAction\",\"target\":[\"https:\/\/tiandeproducts.co.uk\/pl\/zel-pod-prysznic-ze-srebrem-dla-mezczyzn250g\/\"]}]},{\"@type\":\"ImageObject\",\"inLanguage\":\"pl-PL\",\"@id\":\"https:\/\/tiandeproducts.co.uk\/pl\/zel-pod-prysznic-ze-srebrem-dla-mezczyzn250g\/#primaryimage\",\"url\":\"https:\/\/tiandeproducts.co.uk\/wp-content\/uploads\/2016\/12\/30133_s.png\",\"contentUrl\":\"https:\/\/tiandeproducts.co.uk\/wp-content\/uploads\/2016\/12\/30133_s.png\",\"width\":700,\"height\":700,\"caption\":\"Men's shower gel with silver,250g-0\"},{\"@type\":\"BreadcrumbList\",\"@id\":\"https:\/\/tiandeproducts.co.uk\/pl\/zel-pod-prysznic-ze-srebrem-dla-mezczyzn250g\/#breadcrumb\",\"itemListElement\":[{\"@type\":\"ListItem\",\"position\":1,\"name\":\"Home\",\"item\":\"https:\/\/tiandeproducts.co.uk\/pl\/\"},{\"@type\":\"ListItem\",\"position\":2,\"name\":\"Shop\",\"item\":\"https:\/\/tiandeproducts.co.uk\/pl\/shop-2\/\"},{\"@type\":\"ListItem\",\"position\":3,\"name\":\"\u017bel pod prysznic ze srebrem dla m\u0119\u017cczyzn,250g\"}]},{\"@type\":\"WebSite\",\"@id\":\"https:\/\/tiandeproducts.co.uk\/#website\",\"url\":\"https:\/\/tiandeproducts.co.uk\/\",\"name\":\"TianDe Online Shop - Beauty & Health\",\"description\":\"Traditional Chinese Medicine\",\"potentialAction\":[{\"@type\":\"SearchAction\",\"target\":{\"@type\":\"EntryPoint\",\"urlTemplate\":\"https:\/\/tiandeproducts.co.uk\/?s={search_term_string}\"},\"query-input\":{\"@type\":\"PropertyValueSpecification\",\"valueRequired\":true,\"valueName\":\"search_term_string\"}}],\"inLanguage\":\"pl-PL\"}]}<\/script>\n<!-- \/ Yoast SEO plugin. -->","yoast_head_json":{"title":"\u017bel pod prysznic ze srebrem dla m\u0119\u017cczyzn,250g - TianDe Online Shop - Beauty &amp; Health","robots":{"index":"index","follow":"follow","max-snippet":"max-snippet:-1","max-image-preview":"max-image-preview:large","max-video-preview":"max-video-preview:-1"},"canonical":"https:\/\/tiandeproducts.co.uk\/pl\/zel-pod-prysznic-ze-srebrem-dla-mezczyzn250g\/","og_locale":"pl_PL","og_type":"article","og_title":"\u017bel pod prysznic ze srebrem dla m\u0119\u017cczyzn,250g - TianDe Online Shop - Beauty &amp; Health","og_description":"\u00a0Earn 9 points worth \u00a30.45 when buying this product \u017bel pod prysznic dla m\u0119\u017cczyzn TianDe zawiera srebro koloidalne o w\u0142a\u015bciwo\u015bciach dezynfekuj\u0105cych i przeciwbakteryjnych. Zwalcza ono bakterie i hamuje powstawanie nieprzyjemnego zapachu. Tym samym zapewnia silny i d\u0142ugotrwa\u0142y efekt dezodoruj\u0105cy. Ponadto, srebro koloidalne ma dzia\u0142anie przeciwzapalne oraz sprzyja gojeniu si\u0119 ran i podra\u017cnie\u0144. Brak paraben\u00f3w i [...]","og_url":"https:\/\/tiandeproducts.co.uk\/pl\/zel-pod-prysznic-ze-srebrem-dla-mezczyzn250g\/","og_site_name":"TianDe Online Shop - Beauty &amp; Health","article_publisher":"https:\/\/www.facebook.com\/tiande.products.england\/","article_modified_time":"2021-02-25T12:01:50+00:00","og_image":[{"width":700,"height":700,"url":"https:\/\/tiandeproducts.co.uk\/wp-content\/uploads\/2016\/12\/30133_s.png","type":"image\/png"}],"twitter_card":"summary_large_image","twitter_misc":{"Szacowany czas czytania":"1 minuta"},"schema":{"@context":"https:\/\/schema.org","@graph":[{"@type":"WebPage","@id":"https:\/\/tiandeproducts.co.uk\/pl\/zel-pod-prysznic-ze-srebrem-dla-mezczyzn250g\/","url":"https:\/\/tiandeproducts.co.uk\/pl\/zel-pod-prysznic-ze-srebrem-dla-mezczyzn250g\/","name":"\u017bel pod prysznic ze srebrem dla m\u0119\u017cczyzn,250g - TianDe Online Shop - Beauty &amp; Health","isPartOf":{"@id":"https:\/\/tiandeproducts.co.uk\/#website"},"primaryImageOfPage":{"@id":"https:\/\/tiandeproducts.co.uk\/pl\/zel-pod-prysznic-ze-srebrem-dla-mezczyzn250g\/#primaryimage"},"image":{"@id":"https:\/\/tiandeproducts.co.uk\/pl\/zel-pod-prysznic-ze-srebrem-dla-mezczyzn250g\/#primaryimage"},"thumbnailUrl":"https:\/\/tiandeproducts.co.uk\/wp-content\/uploads\/2016\/12\/30133_s.png","datePublished":"2016-12-13T22:28:00+00:00","dateModified":"2021-02-25T12:01:50+00:00","breadcrumb":{"@id":"https:\/\/tiandeproducts.co.uk\/pl\/zel-pod-prysznic-ze-srebrem-dla-mezczyzn250g\/#breadcrumb"},"inLanguage":"pl-PL","potentialAction":[{"@type":"ReadAction","target":["https:\/\/tiandeproducts.co.uk\/pl\/zel-pod-prysznic-ze-srebrem-dla-mezczyzn250g\/"]}]},{"@type":"ImageObject","inLanguage":"pl-PL","@id":"https:\/\/tiandeproducts.co.uk\/pl\/zel-pod-prysznic-ze-srebrem-dla-mezczyzn250g\/#primaryimage","url":"https:\/\/tiandeproducts.co.uk\/wp-content\/uploads\/2016\/12\/30133_s.png","contentUrl":"https:\/\/tiandeproducts.co.uk\/wp-content\/uploads\/2016\/12\/30133_s.png","width":700,"height":700,"caption":"Men's shower gel with silver,250g-0"},{"@type":"BreadcrumbList","@id":"https:\/\/tiandeproducts.co.uk\/pl\/zel-pod-prysznic-ze-srebrem-dla-mezczyzn250g\/#breadcrumb","itemListElement":[{"@type":"ListItem","position":1,"name":"Home","item":"https:\/\/tiandeproducts.co.uk\/pl\/"},{"@type":"ListItem","position":2,"name":"Shop","item":"https:\/\/tiandeproducts.co.uk\/pl\/shop-2\/"},{"@type":"ListItem","position":3,"name":"\u017bel pod prysznic ze srebrem dla m\u0119\u017cczyzn,250g"}]},{"@type":"WebSite","@id":"https:\/\/tiandeproducts.co.uk\/#website","url":"https:\/\/tiandeproducts.co.uk\/","name":"TianDe Online Shop - Beauty & Health","description":"Traditional Chinese Medicine","potentialAction":[{"@type":"SearchAction","target":{"@type":"EntryPoint","urlTemplate":"https:\/\/tiandeproducts.co.uk\/?s={search_term_string}"},"query-input":{"@type":"PropertyValueSpecification","valueRequired":true,"valueName":"search_term_string"}}],"inLanguage":"pl-PL"}]}},"_links":{"self":[{"href":"https:\/\/tiandeproducts.co.uk\/pl\/wp-json\/wp\/v2\/product\/4839","targetHints":{"allow":["GET"]}}],"collection":[{"href":"https:\/\/tiandeproducts.co.uk\/pl\/wp-json\/wp\/v2\/product"}],"about":[{"href":"https:\/\/tiandeproducts.co.uk\/pl\/wp-json\/wp\/v2\/types\/product"}],"replies":[{"embeddable":true,"href":"https:\/\/tiandeproducts.co.uk\/pl\/wp-json\/wp\/v2\/comments?post=4839"}],"wp:featuredmedia":[{"embeddable":true,"href":"https:\/\/tiandeproducts.co.uk\/pl\/wp-json\/wp\/v2\/media\/1406"}],"wp:attachment":[{"href":"https:\/\/tiandeproducts.co.uk\/pl\/wp-json\/wp\/v2\/media?parent=4839"}],"wp:term":[{"taxonomy":"product_cat","embeddable":true,"href":"https:\/\/tiandeproducts.co.uk\/pl\/wp-json\/wp\/v2\/product_cat?post=4839"},{"taxonomy":"product_tag","embeddable":true,"href":"https:\/\/tiandeproducts.co.uk\/pl\/wp-json\/wp\/v2\/product_tag?post=4839"}],"curies":[{"name":"wp","href":"https:\/\/api.w.org\/{rel}","templated":true}]}}