{"id":4828,"date":"2016-12-13T22:54:08","date_gmt":"2016-12-13T22:54:08","guid":{"rendered":"https:\/\/tnd.ontesting.co.uk\/szampon-zel-dla-dzieci-do-mycia-wlosow-i-ciala-baby-bambo250g\/"},"modified":"2021-02-25T11:59:18","modified_gmt":"2021-02-25T11:59:18","slug":"szampon-zel-dla-dzieci-do-mycia-wlosow-i-ciala-baby-bambo250g","status":"publish","type":"product","link":"https:\/\/tiandeproducts.co.uk\/pl\/szampon-zel-dla-dzieci-do-mycia-wlosow-i-ciala-baby-bambo250g\/","title":{"rendered":"Szampon-\u017cel dla dzieci do mycia w\u0142os\u00f3w i cia\u0142a \u201eBaby Bambo\u201d,250g"},"content":{"rendered":"<div class=\"description\">\n<p><img decoding=\"async\" style=\"max-width: 16px; margin-right: 5px;\" src=\"https:\/\/tiandeproducts.co.uk\/wp-content\/uploads\/points-green.svg\" \/>\u00a0Earn 7 points worth \u00a30.35 when buying this product<\/p>\n<p>Uniwersalny kosmetyk do mycia dla dzieci. Delikatny \u017celowy szampon starannie oczyszcza w\u0142osy, nie powoduje podra\u017cnie\u0144 i \u0142atwo si\u0119 sp\u0142ukuje. Zawiera kompleks naturalnych substancji od\u017cywczych, dzi\u0119ki czemu dzieci\u0119ce w\u0142osy nie pl\u0105cz\u0105 si\u0119 i \u0142atwo si\u0119 rozczesuj\u0105.<\/p>\n<p>\u0141agodna formu\u0142a idealnie nadaje si\u0119 do piel\u0119gnacji dzieci\u0119cej sk\u00f3ry nie tylko g\u0142owy, ale i ca\u0142ego cia\u0142a. To w\u0142a\u015bnie dlatego \u017celowego szamponu do w\u0142os\u00f3w i cia\u0142a \u201eBaby Bambo\u201c mo\u017cna u\u017cywa\u0107 jako \u017celu pod prysznic oraz, po dodaniu go do wody w wannie, jako p\u0142ynu do k\u0105pieli. W zwi\u0105zku z tym, \u017ce w sk\u0142adzie znajduje si\u0119 wyci\u0105g z rumianku, kosmetyk nie tylko oczyszcza, ale r\u00f3wnie\u017c \u0142agodzi sk\u00f3r\u0119.<\/p>\n<p>Nie zawiera paraben\u00f3w i barwnik\u00f3w.<\/p>\n<\/div>\n<div class=\"instruction\">\n<p><strong>ZASTOSOWANIE:<\/strong><\/p>\n<p>Nanie\u015b, delikatnie wmasuj i zmyj.<\/p>\n<\/div>\n","protected":false},"excerpt":{"rendered":"<p>\u00a0Earn 7 points worth \u00a30.35 when buying this product Uniwersalny kosmetyk do mycia dla dzieci. Delikatny \u017celowy szampon starannie oczyszcza w\u0142osy, nie powoduje podra\u017cnie\u0144 i \u0142atwo si\u0119 sp\u0142ukuje. Zawiera kompleks naturalnych substancji od\u017cywczych, dzi\u0119ki czemu dzieci\u0119ce w\u0142osy nie pl\u0105cz\u0105 si\u0119 i \u0142atwo si\u0119 rozczesuj\u0105. \u0141agodna formu\u0142a idealnie nadaje si\u0119 do piel\u0119gnacji dzieci\u0119cej sk\u00f3ry nie tylko [&#8230;]\n","protected":false},"featured_media":1421,"comment_status":"closed","ping_status":"closed","template":"","meta":[],"product_cat":[765,1353],"product_tag":[],"class_list":{"0":"post-4828","1":"product","2":"type-product","3":"status-publish","4":"has-post-thumbnail","6":"product_cat-dla-dzieci","7":"product_cat-produkty-kosmetyczne-pl","9":"first","10":"outofstock","11":"shipping-taxable","12":"purchasable","13":"product-type-simple"},"yoast_head":"<!-- This site is optimized with the Yoast SEO plugin v23.6 - https:\/\/yoast.com\/wordpress\/plugins\/seo\/ -->\n<title>Szampon-\u017cel dla dzieci do mycia w\u0142os\u00f3w i cia\u0142a \u201eBaby Bambo\u201d,250g - TianDe Online Shop - Beauty &amp; Health<\/title>\n<meta name=\"robots\" content=\"index, follow, max-snippet:-1, max-image-preview:large, max-video-preview:-1\" \/>\n<link rel=\"canonical\" href=\"https:\/\/tiandeproducts.co.uk\/pl\/szampon-zel-dla-dzieci-do-mycia-wlosow-i-ciala-baby-bambo250g\/\" \/>\n<meta property=\"og:locale\" content=\"pl_PL\" \/>\n<meta property=\"og:type\" content=\"article\" \/>\n<meta property=\"og:title\" content=\"Szampon-\u017cel dla dzieci do mycia w\u0142os\u00f3w i cia\u0142a \u201eBaby Bambo\u201d,250g - TianDe Online Shop - Beauty &amp; Health\" \/>\n<meta property=\"og:description\" content=\"\u00a0Earn 7 points worth \u00a30.35 when buying this product Uniwersalny kosmetyk do mycia dla dzieci. Delikatny \u017celowy szampon starannie oczyszcza w\u0142osy, nie powoduje podra\u017cnie\u0144 i \u0142atwo si\u0119 sp\u0142ukuje. Zawiera kompleks naturalnych substancji od\u017cywczych, dzi\u0119ki czemu dzieci\u0119ce w\u0142osy nie pl\u0105cz\u0105 si\u0119 i \u0142atwo si\u0119 rozczesuj\u0105. \u0141agodna formu\u0142a idealnie nadaje si\u0119 do piel\u0119gnacji dzieci\u0119cej sk\u00f3ry nie tylko [...]\" \/>\n<meta property=\"og:url\" content=\"https:\/\/tiandeproducts.co.uk\/pl\/szampon-zel-dla-dzieci-do-mycia-wlosow-i-ciala-baby-bambo250g\/\" \/>\n<meta property=\"og:site_name\" content=\"TianDe Online Shop - Beauty &amp; Health\" \/>\n<meta property=\"article:publisher\" content=\"https:\/\/www.facebook.com\/tiande.products.england\/\" \/>\n<meta property=\"article:modified_time\" content=\"2021-02-25T11:59:18+00:00\" \/>\n<meta property=\"og:image\" content=\"https:\/\/tiandeproducts.co.uk\/wp-content\/uploads\/2016\/12\/20141s_1_.png\" \/>\n\t<meta property=\"og:image:width\" content=\"700\" \/>\n\t<meta property=\"og:image:height\" content=\"700\" \/>\n\t<meta property=\"og:image:type\" content=\"image\/png\" \/>\n<meta name=\"twitter:card\" content=\"summary_large_image\" \/>\n<meta name=\"twitter:label1\" content=\"Szacowany czas czytania\" \/>\n\t<meta name=\"twitter:data1\" content=\"1 minuta\" \/>\n<script type=\"application\/ld+json\" class=\"yoast-schema-graph\">{\"@context\":\"https:\/\/schema.org\",\"@graph\":[{\"@type\":\"WebPage\",\"@id\":\"https:\/\/tiandeproducts.co.uk\/pl\/szampon-zel-dla-dzieci-do-mycia-wlosow-i-ciala-baby-bambo250g\/\",\"url\":\"https:\/\/tiandeproducts.co.uk\/pl\/szampon-zel-dla-dzieci-do-mycia-wlosow-i-ciala-baby-bambo250g\/\",\"name\":\"Szampon-\u017cel dla dzieci do mycia w\u0142os\u00f3w i cia\u0142a \u201eBaby Bambo\u201d,250g - TianDe Online Shop - Beauty &amp; Health\",\"isPartOf\":{\"@id\":\"https:\/\/tiandeproducts.co.uk\/#website\"},\"primaryImageOfPage\":{\"@id\":\"https:\/\/tiandeproducts.co.uk\/pl\/szampon-zel-dla-dzieci-do-mycia-wlosow-i-ciala-baby-bambo250g\/#primaryimage\"},\"image\":{\"@id\":\"https:\/\/tiandeproducts.co.uk\/pl\/szampon-zel-dla-dzieci-do-mycia-wlosow-i-ciala-baby-bambo250g\/#primaryimage\"},\"thumbnailUrl\":\"https:\/\/tiandeproducts.co.uk\/wp-content\/uploads\/2016\/12\/20141s_1_.png\",\"datePublished\":\"2016-12-13T22:54:08+00:00\",\"dateModified\":\"2021-02-25T11:59:18+00:00\",\"breadcrumb\":{\"@id\":\"https:\/\/tiandeproducts.co.uk\/pl\/szampon-zel-dla-dzieci-do-mycia-wlosow-i-ciala-baby-bambo250g\/#breadcrumb\"},\"inLanguage\":\"pl-PL\",\"potentialAction\":[{\"@type\":\"ReadAction\",\"target\":[\"https:\/\/tiandeproducts.co.uk\/pl\/szampon-zel-dla-dzieci-do-mycia-wlosow-i-ciala-baby-bambo250g\/\"]}]},{\"@type\":\"ImageObject\",\"inLanguage\":\"pl-PL\",\"@id\":\"https:\/\/tiandeproducts.co.uk\/pl\/szampon-zel-dla-dzieci-do-mycia-wlosow-i-ciala-baby-bambo250g\/#primaryimage\",\"url\":\"https:\/\/tiandeproducts.co.uk\/wp-content\/uploads\/2016\/12\/20141s_1_.png\",\"contentUrl\":\"https:\/\/tiandeproducts.co.uk\/wp-content\/uploads\/2016\/12\/20141s_1_.png\",\"width\":700,\"height\":700,\"caption\":\"Shampoo body and hair gel Baby Bambo,250 g-0\"},{\"@type\":\"BreadcrumbList\",\"@id\":\"https:\/\/tiandeproducts.co.uk\/pl\/szampon-zel-dla-dzieci-do-mycia-wlosow-i-ciala-baby-bambo250g\/#breadcrumb\",\"itemListElement\":[{\"@type\":\"ListItem\",\"position\":1,\"name\":\"Home\",\"item\":\"https:\/\/tiandeproducts.co.uk\/pl\/\"},{\"@type\":\"ListItem\",\"position\":2,\"name\":\"Shop\",\"item\":\"https:\/\/tiandeproducts.co.uk\/pl\/shop-2\/\"},{\"@type\":\"ListItem\",\"position\":3,\"name\":\"Szampon-\u017cel dla dzieci do mycia w\u0142os\u00f3w i cia\u0142a \u201eBaby Bambo\u201d,250g\"}]},{\"@type\":\"WebSite\",\"@id\":\"https:\/\/tiandeproducts.co.uk\/#website\",\"url\":\"https:\/\/tiandeproducts.co.uk\/\",\"name\":\"TianDe Online Shop - Beauty & Health\",\"description\":\"Traditional Chinese Medicine\",\"potentialAction\":[{\"@type\":\"SearchAction\",\"target\":{\"@type\":\"EntryPoint\",\"urlTemplate\":\"https:\/\/tiandeproducts.co.uk\/?s={search_term_string}\"},\"query-input\":{\"@type\":\"PropertyValueSpecification\",\"valueRequired\":true,\"valueName\":\"search_term_string\"}}],\"inLanguage\":\"pl-PL\"}]}<\/script>\n<!-- \/ Yoast SEO plugin. -->","yoast_head_json":{"title":"Szampon-\u017cel dla dzieci do mycia w\u0142os\u00f3w i cia\u0142a \u201eBaby Bambo\u201d,250g - TianDe Online Shop - Beauty &amp; Health","robots":{"index":"index","follow":"follow","max-snippet":"max-snippet:-1","max-image-preview":"max-image-preview:large","max-video-preview":"max-video-preview:-1"},"canonical":"https:\/\/tiandeproducts.co.uk\/pl\/szampon-zel-dla-dzieci-do-mycia-wlosow-i-ciala-baby-bambo250g\/","og_locale":"pl_PL","og_type":"article","og_title":"Szampon-\u017cel dla dzieci do mycia w\u0142os\u00f3w i cia\u0142a \u201eBaby Bambo\u201d,250g - TianDe Online Shop - Beauty &amp; Health","og_description":"\u00a0Earn 7 points worth \u00a30.35 when buying this product Uniwersalny kosmetyk do mycia dla dzieci. Delikatny \u017celowy szampon starannie oczyszcza w\u0142osy, nie powoduje podra\u017cnie\u0144 i \u0142atwo si\u0119 sp\u0142ukuje. Zawiera kompleks naturalnych substancji od\u017cywczych, dzi\u0119ki czemu dzieci\u0119ce w\u0142osy nie pl\u0105cz\u0105 si\u0119 i \u0142atwo si\u0119 rozczesuj\u0105. \u0141agodna formu\u0142a idealnie nadaje si\u0119 do piel\u0119gnacji dzieci\u0119cej sk\u00f3ry nie tylko [...]","og_url":"https:\/\/tiandeproducts.co.uk\/pl\/szampon-zel-dla-dzieci-do-mycia-wlosow-i-ciala-baby-bambo250g\/","og_site_name":"TianDe Online Shop - Beauty &amp; Health","article_publisher":"https:\/\/www.facebook.com\/tiande.products.england\/","article_modified_time":"2021-02-25T11:59:18+00:00","og_image":[{"width":700,"height":700,"url":"https:\/\/tiandeproducts.co.uk\/wp-content\/uploads\/2016\/12\/20141s_1_.png","type":"image\/png"}],"twitter_card":"summary_large_image","twitter_misc":{"Szacowany czas czytania":"1 minuta"},"schema":{"@context":"https:\/\/schema.org","@graph":[{"@type":"WebPage","@id":"https:\/\/tiandeproducts.co.uk\/pl\/szampon-zel-dla-dzieci-do-mycia-wlosow-i-ciala-baby-bambo250g\/","url":"https:\/\/tiandeproducts.co.uk\/pl\/szampon-zel-dla-dzieci-do-mycia-wlosow-i-ciala-baby-bambo250g\/","name":"Szampon-\u017cel dla dzieci do mycia w\u0142os\u00f3w i cia\u0142a \u201eBaby Bambo\u201d,250g - TianDe Online Shop - Beauty &amp; Health","isPartOf":{"@id":"https:\/\/tiandeproducts.co.uk\/#website"},"primaryImageOfPage":{"@id":"https:\/\/tiandeproducts.co.uk\/pl\/szampon-zel-dla-dzieci-do-mycia-wlosow-i-ciala-baby-bambo250g\/#primaryimage"},"image":{"@id":"https:\/\/tiandeproducts.co.uk\/pl\/szampon-zel-dla-dzieci-do-mycia-wlosow-i-ciala-baby-bambo250g\/#primaryimage"},"thumbnailUrl":"https:\/\/tiandeproducts.co.uk\/wp-content\/uploads\/2016\/12\/20141s_1_.png","datePublished":"2016-12-13T22:54:08+00:00","dateModified":"2021-02-25T11:59:18+00:00","breadcrumb":{"@id":"https:\/\/tiandeproducts.co.uk\/pl\/szampon-zel-dla-dzieci-do-mycia-wlosow-i-ciala-baby-bambo250g\/#breadcrumb"},"inLanguage":"pl-PL","potentialAction":[{"@type":"ReadAction","target":["https:\/\/tiandeproducts.co.uk\/pl\/szampon-zel-dla-dzieci-do-mycia-wlosow-i-ciala-baby-bambo250g\/"]}]},{"@type":"ImageObject","inLanguage":"pl-PL","@id":"https:\/\/tiandeproducts.co.uk\/pl\/szampon-zel-dla-dzieci-do-mycia-wlosow-i-ciala-baby-bambo250g\/#primaryimage","url":"https:\/\/tiandeproducts.co.uk\/wp-content\/uploads\/2016\/12\/20141s_1_.png","contentUrl":"https:\/\/tiandeproducts.co.uk\/wp-content\/uploads\/2016\/12\/20141s_1_.png","width":700,"height":700,"caption":"Shampoo body and hair gel Baby Bambo,250 g-0"},{"@type":"BreadcrumbList","@id":"https:\/\/tiandeproducts.co.uk\/pl\/szampon-zel-dla-dzieci-do-mycia-wlosow-i-ciala-baby-bambo250g\/#breadcrumb","itemListElement":[{"@type":"ListItem","position":1,"name":"Home","item":"https:\/\/tiandeproducts.co.uk\/pl\/"},{"@type":"ListItem","position":2,"name":"Shop","item":"https:\/\/tiandeproducts.co.uk\/pl\/shop-2\/"},{"@type":"ListItem","position":3,"name":"Szampon-\u017cel dla dzieci do mycia w\u0142os\u00f3w i cia\u0142a \u201eBaby Bambo\u201d,250g"}]},{"@type":"WebSite","@id":"https:\/\/tiandeproducts.co.uk\/#website","url":"https:\/\/tiandeproducts.co.uk\/","name":"TianDe Online Shop - Beauty & Health","description":"Traditional Chinese Medicine","potentialAction":[{"@type":"SearchAction","target":{"@type":"EntryPoint","urlTemplate":"https:\/\/tiandeproducts.co.uk\/?s={search_term_string}"},"query-input":{"@type":"PropertyValueSpecification","valueRequired":true,"valueName":"search_term_string"}}],"inLanguage":"pl-PL"}]}},"_links":{"self":[{"href":"https:\/\/tiandeproducts.co.uk\/pl\/wp-json\/wp\/v2\/product\/4828","targetHints":{"allow":["GET"]}}],"collection":[{"href":"https:\/\/tiandeproducts.co.uk\/pl\/wp-json\/wp\/v2\/product"}],"about":[{"href":"https:\/\/tiandeproducts.co.uk\/pl\/wp-json\/wp\/v2\/types\/product"}],"replies":[{"embeddable":true,"href":"https:\/\/tiandeproducts.co.uk\/pl\/wp-json\/wp\/v2\/comments?post=4828"}],"wp:featuredmedia":[{"embeddable":true,"href":"https:\/\/tiandeproducts.co.uk\/pl\/wp-json\/wp\/v2\/media\/1421"}],"wp:attachment":[{"href":"https:\/\/tiandeproducts.co.uk\/pl\/wp-json\/wp\/v2\/media?parent=4828"}],"wp:term":[{"taxonomy":"product_cat","embeddable":true,"href":"https:\/\/tiandeproducts.co.uk\/pl\/wp-json\/wp\/v2\/product_cat?post=4828"},{"taxonomy":"product_tag","embeddable":true,"href":"https:\/\/tiandeproducts.co.uk\/pl\/wp-json\/wp\/v2\/product_tag?post=4828"}],"curies":[{"name":"wp","href":"https:\/\/api.w.org\/{rel}","templated":true}]}}