{"id":4804,"date":"2017-08-15T19:41:49","date_gmt":"2017-08-15T18:41:49","guid":{"rendered":"https:\/\/tnd.ontesting.co.uk\/spray-do-stylizacji-wlosow-z-aloesem-objetosc-i-elastycznosc\/"},"modified":"2021-02-12T12:46:11","modified_gmt":"2021-02-12T12:46:11","slug":"spray-do-stylizacji-wlosow-z-aloesem-objetosc-i-elastycznosc","status":"publish","type":"product","link":"https:\/\/tiandeproducts.co.uk\/pl\/spray-do-stylizacji-wlosow-z-aloesem-objetosc-i-elastycznosc\/","title":{"rendered":"Spray do stylizacji w\u0142os\u00f3w z aloesem \u201eObj\u0119to\u015b\u0107 i elastyczno\u015b\u0107\u201d"},"content":{"rendered":"<div class=\"description\">\n<p><img decoding=\"async\" style=\"max-width: 16px; margin-right: 5px;\" src=\"https:\/\/tiandeproducts.co.uk\/wp-content\/uploads\/points-green.svg\" \/>\u00a0Earn 12 points worth \u00a30.60 when buying this product<\/p>\n<p>Piel\u0119gnacja w\u0142os\u00f3w i idealne u\u0142o\u017cenie jednocze\u015bnie? Z nowym sprayem do stylizacji z aloesem \u201eObj\u0119to\u015b\u0107 i elastyczno\u015b\u0107\u201c od TianDe to jest mo\u017cliwe!<\/p>\n<p>Mo\u017cesz utrwali\u0107 fryzur\u0119, nada\u0107 w\u0142osom obj\u0119to\u015b\u0107 bez obci\u0105\u017cania ich, podkre\u015bli\u0107 pasemka i stworzy\u0107 loki &#8211; eksperymentuj, zmieniaj si\u0119 ka\u017cdego dnia! Zapomnij o kosmetykach utrwalaj\u0105cych, kt\u00f3re s\u0105 szkodliwe dla w\u0142os\u00f3w &#8211; z nowym sprayem od TianDe Twoje loki b\u0119d\u0105 wygl\u0105da\u0107 idealnie, a w\u0142osy przy tym pozostan\u0105 zdrowe.<\/p>\n<p>Jaka chcesz by\u0107 dzisiaj? Mo\u017ce chcia\u0142aby\u015b mie\u0107 niesforne loczki? Nic prostszego! Zakr\u0119\u0107 loki tak jak to zwykle robisz &#8211; nakr\u0119\u0107 w\u0142osy na wa\u0142ki lub lok\u00f3wk\u0119, a nast\u0119pnie utrwal, u\u017cywaj\u0105c sprayu od TianDe.<\/p>\n<p>Wolisz naturalno\u015b\u0107, ale chcesz, aby w\u0142osy wygl\u0105da\u0142y na zadbane, dos\u0142ownie jak u modelek z ok\u0142adek kolorowych czasopism? Umyj w\u0142osy, podsusz lekko r\u0119cznikiem i u\u017cyj sprayu z aloesem, a nast\u0119pnie wysusz suszark\u0105. Loki zyskaj\u0105 o\u015blepiaj\u0105cy blask i zdrowy wygl\u0105d.<\/p>\n<p>Brakuje Ci obj\u0119to\u015bci? To ju\u017c nie jest problem. Po umyciu g\u0142owy podsusz w\u0142osy r\u0119cznikiem i u\u017cyj sprayu od TianDe u nasady w\u0142os\u00f3w, a nast\u0119pnie wysusz w\u0142osy, unosz\u0105c grzebieniem pasma od nasady ku g\u00f3rze. Rezultat: naturalna obj\u0119to\u015b\u0107 bez zb\u0119dnego obci\u0105\u017cania w\u0142os\u00f3w!<\/p>\n<p>Prze\u015bladuj\u0105 Ci\u0119 elektryzuj\u0105ce si\u0119 w\u0142osy? W\u0142osy \u201estoj\u0105 d\u0119ba\u201c przy ka\u017cdej pogodzie i nie mo\u017cesz ich ujarzmi\u0107? Nanie\u015b spray z aloesem od TianDe na suche w\u0142osy pod koniec uk\u0142adania i zapomnij o \u201edmuchawcu\u201c na g\u0142owie. Teraz loki s\u0105 u\u0142o\u017cone w\u0142os przy w\u0142osie i wygl\u0105daj\u0105 po prostu wspaniale.<\/p>\n<\/div>\n<div class=\"instruction\">\n<p><strong>ZASTOSOWANIE:<\/strong><\/p>\n<p>Rozpyl spray do stylizacji na suche lub wilgotne w\u0142osy i ciesz si\u0119 pi\u0119kn\u0105 fryzur\u0105!<\/p>\n<\/div>\n","protected":false},"excerpt":{"rendered":"<p>\u00a0Earn 12 points worth \u00a30.60 when buying this product Piel\u0119gnacja w\u0142os\u00f3w i idealne u\u0142o\u017cenie jednocze\u015bnie? Z nowym sprayem do stylizacji z aloesem \u201eObj\u0119to\u015b\u0107 i elastyczno\u015b\u0107\u201c od TianDe to jest mo\u017cliwe! Mo\u017cesz utrwali\u0107 fryzur\u0119, nada\u0107 w\u0142osom obj\u0119to\u015b\u0107 bez obci\u0105\u017cania ich, podkre\u015bli\u0107 pasemka i stworzy\u0107 loki &#8211; eksperymentuj, zmieniaj si\u0119 ka\u017cdego dnia! Zapomnij o kosmetykach utrwalaj\u0105cych, kt\u00f3re [&#8230;]\n","protected":false},"featured_media":1656,"comment_status":"closed","ping_status":"closed","template":"","meta":[],"product_cat":[636,843,849,788],"product_tag":[],"class_list":{"0":"post-4804","1":"product","2":"type-product","3":"status-publish","4":"has-post-thumbnail","6":"product_cat-aloe-rich-pl","7":"product_cat-do-wlosow","8":"product_cat-srodki-nie-wymagajace-splukiwania","9":"product_cat-wieksza-objetosc","11":"first","12":"instock","13":"shipping-taxable","14":"purchasable","15":"product-type-simple"},"yoast_head":"<!-- This site is optimized with the Yoast SEO plugin v23.6 - https:\/\/yoast.com\/wordpress\/plugins\/seo\/ -->\n<title>Spray do stylizacji w\u0142os\u00f3w z aloesem \u201eObj\u0119to\u015b\u0107 i elastyczno\u015b\u0107\u201d - TianDe Online Shop - Beauty &amp; Health<\/title>\n<meta name=\"robots\" content=\"index, follow, max-snippet:-1, max-image-preview:large, max-video-preview:-1\" \/>\n<link rel=\"canonical\" href=\"https:\/\/tiandeproducts.co.uk\/pl\/spray-do-stylizacji-wlosow-z-aloesem-objetosc-i-elastycznosc\/\" \/>\n<meta property=\"og:locale\" content=\"pl_PL\" \/>\n<meta property=\"og:type\" content=\"article\" \/>\n<meta property=\"og:title\" content=\"Spray do stylizacji w\u0142os\u00f3w z aloesem \u201eObj\u0119to\u015b\u0107 i elastyczno\u015b\u0107\u201d - TianDe Online Shop - Beauty &amp; Health\" \/>\n<meta property=\"og:description\" content=\"\u00a0Earn 12 points worth \u00a30.60 when buying this product Piel\u0119gnacja w\u0142os\u00f3w i idealne u\u0142o\u017cenie jednocze\u015bnie? Z nowym sprayem do stylizacji z aloesem \u201eObj\u0119to\u015b\u0107 i elastyczno\u015b\u0107\u201c od TianDe to jest mo\u017cliwe! Mo\u017cesz utrwali\u0107 fryzur\u0119, nada\u0107 w\u0142osom obj\u0119to\u015b\u0107 bez obci\u0105\u017cania ich, podkre\u015bli\u0107 pasemka i stworzy\u0107 loki &#8211; eksperymentuj, zmieniaj si\u0119 ka\u017cdego dnia! Zapomnij o kosmetykach utrwalaj\u0105cych, kt\u00f3re [...]\" \/>\n<meta property=\"og:url\" content=\"https:\/\/tiandeproducts.co.uk\/pl\/spray-do-stylizacji-wlosow-z-aloesem-objetosc-i-elastycznosc\/\" \/>\n<meta property=\"og:site_name\" content=\"TianDe Online Shop - Beauty &amp; Health\" \/>\n<meta property=\"article:publisher\" content=\"https:\/\/www.facebook.com\/tiande.products.england\/\" \/>\n<meta property=\"article:modified_time\" content=\"2021-02-12T12:46:11+00:00\" \/>\n<meta property=\"og:image\" content=\"https:\/\/tiandeproducts.co.uk\/wp-content\/uploads\/2017\/08\/20144.jpg\" \/>\n\t<meta property=\"og:image:width\" content=\"800\" \/>\n\t<meta property=\"og:image:height\" content=\"800\" \/>\n\t<meta property=\"og:image:type\" content=\"image\/jpeg\" \/>\n<meta name=\"twitter:card\" content=\"summary_large_image\" \/>\n<meta name=\"twitter:label1\" content=\"Szacowany czas czytania\" \/>\n\t<meta name=\"twitter:data1\" content=\"2 minuty\" \/>\n<script type=\"application\/ld+json\" class=\"yoast-schema-graph\">{\"@context\":\"https:\/\/schema.org\",\"@graph\":[{\"@type\":\"WebPage\",\"@id\":\"https:\/\/tiandeproducts.co.uk\/pl\/spray-do-stylizacji-wlosow-z-aloesem-objetosc-i-elastycznosc\/\",\"url\":\"https:\/\/tiandeproducts.co.uk\/pl\/spray-do-stylizacji-wlosow-z-aloesem-objetosc-i-elastycznosc\/\",\"name\":\"Spray do stylizacji w\u0142os\u00f3w z aloesem \u201eObj\u0119to\u015b\u0107 i elastyczno\u015b\u0107\u201d - TianDe Online Shop - Beauty &amp; Health\",\"isPartOf\":{\"@id\":\"https:\/\/tiandeproducts.co.uk\/#website\"},\"primaryImageOfPage\":{\"@id\":\"https:\/\/tiandeproducts.co.uk\/pl\/spray-do-stylizacji-wlosow-z-aloesem-objetosc-i-elastycznosc\/#primaryimage\"},\"image\":{\"@id\":\"https:\/\/tiandeproducts.co.uk\/pl\/spray-do-stylizacji-wlosow-z-aloesem-objetosc-i-elastycznosc\/#primaryimage\"},\"thumbnailUrl\":\"https:\/\/tiandeproducts.co.uk\/wp-content\/uploads\/2017\/08\/20144.jpg\",\"datePublished\":\"2017-08-15T18:41:49+00:00\",\"dateModified\":\"2021-02-12T12:46:11+00:00\",\"breadcrumb\":{\"@id\":\"https:\/\/tiandeproducts.co.uk\/pl\/spray-do-stylizacji-wlosow-z-aloesem-objetosc-i-elastycznosc\/#breadcrumb\"},\"inLanguage\":\"pl-PL\",\"potentialAction\":[{\"@type\":\"ReadAction\",\"target\":[\"https:\/\/tiandeproducts.co.uk\/pl\/spray-do-stylizacji-wlosow-z-aloesem-objetosc-i-elastycznosc\/\"]}]},{\"@type\":\"ImageObject\",\"inLanguage\":\"pl-PL\",\"@id\":\"https:\/\/tiandeproducts.co.uk\/pl\/spray-do-stylizacji-wlosow-z-aloesem-objetosc-i-elastycznosc\/#primaryimage\",\"url\":\"https:\/\/tiandeproducts.co.uk\/wp-content\/uploads\/2017\/08\/20144.jpg\",\"contentUrl\":\"https:\/\/tiandeproducts.co.uk\/wp-content\/uploads\/2017\/08\/20144.jpg\",\"width\":800,\"height\":800,\"caption\":\"Aloe Styling Hairspray for Volume & Flexibility,200 ml-0\"},{\"@type\":\"BreadcrumbList\",\"@id\":\"https:\/\/tiandeproducts.co.uk\/pl\/spray-do-stylizacji-wlosow-z-aloesem-objetosc-i-elastycznosc\/#breadcrumb\",\"itemListElement\":[{\"@type\":\"ListItem\",\"position\":1,\"name\":\"Home\",\"item\":\"https:\/\/tiandeproducts.co.uk\/pl\/\"},{\"@type\":\"ListItem\",\"position\":2,\"name\":\"Shop\",\"item\":\"https:\/\/tiandeproducts.co.uk\/pl\/shop-2\/\"},{\"@type\":\"ListItem\",\"position\":3,\"name\":\"Spray do stylizacji w\u0142os\u00f3w z aloesem \u201eObj\u0119to\u015b\u0107 i elastyczno\u015b\u0107\u201d\"}]},{\"@type\":\"WebSite\",\"@id\":\"https:\/\/tiandeproducts.co.uk\/#website\",\"url\":\"https:\/\/tiandeproducts.co.uk\/\",\"name\":\"TianDe Online Shop - Beauty & Health\",\"description\":\"Traditional Chinese Medicine\",\"potentialAction\":[{\"@type\":\"SearchAction\",\"target\":{\"@type\":\"EntryPoint\",\"urlTemplate\":\"https:\/\/tiandeproducts.co.uk\/?s={search_term_string}\"},\"query-input\":{\"@type\":\"PropertyValueSpecification\",\"valueRequired\":true,\"valueName\":\"search_term_string\"}}],\"inLanguage\":\"pl-PL\"}]}<\/script>\n<!-- \/ Yoast SEO plugin. -->","yoast_head_json":{"title":"Spray do stylizacji w\u0142os\u00f3w z aloesem \u201eObj\u0119to\u015b\u0107 i elastyczno\u015b\u0107\u201d - TianDe Online Shop - Beauty &amp; Health","robots":{"index":"index","follow":"follow","max-snippet":"max-snippet:-1","max-image-preview":"max-image-preview:large","max-video-preview":"max-video-preview:-1"},"canonical":"https:\/\/tiandeproducts.co.uk\/pl\/spray-do-stylizacji-wlosow-z-aloesem-objetosc-i-elastycznosc\/","og_locale":"pl_PL","og_type":"article","og_title":"Spray do stylizacji w\u0142os\u00f3w z aloesem \u201eObj\u0119to\u015b\u0107 i elastyczno\u015b\u0107\u201d - TianDe Online Shop - Beauty &amp; Health","og_description":"\u00a0Earn 12 points worth \u00a30.60 when buying this product Piel\u0119gnacja w\u0142os\u00f3w i idealne u\u0142o\u017cenie jednocze\u015bnie? Z nowym sprayem do stylizacji z aloesem \u201eObj\u0119to\u015b\u0107 i elastyczno\u015b\u0107\u201c od TianDe to jest mo\u017cliwe! Mo\u017cesz utrwali\u0107 fryzur\u0119, nada\u0107 w\u0142osom obj\u0119to\u015b\u0107 bez obci\u0105\u017cania ich, podkre\u015bli\u0107 pasemka i stworzy\u0107 loki &#8211; eksperymentuj, zmieniaj si\u0119 ka\u017cdego dnia! Zapomnij o kosmetykach utrwalaj\u0105cych, kt\u00f3re [...]","og_url":"https:\/\/tiandeproducts.co.uk\/pl\/spray-do-stylizacji-wlosow-z-aloesem-objetosc-i-elastycznosc\/","og_site_name":"TianDe Online Shop - Beauty &amp; Health","article_publisher":"https:\/\/www.facebook.com\/tiande.products.england\/","article_modified_time":"2021-02-12T12:46:11+00:00","og_image":[{"width":800,"height":800,"url":"https:\/\/tiandeproducts.co.uk\/wp-content\/uploads\/2017\/08\/20144.jpg","type":"image\/jpeg"}],"twitter_card":"summary_large_image","twitter_misc":{"Szacowany czas czytania":"2 minuty"},"schema":{"@context":"https:\/\/schema.org","@graph":[{"@type":"WebPage","@id":"https:\/\/tiandeproducts.co.uk\/pl\/spray-do-stylizacji-wlosow-z-aloesem-objetosc-i-elastycznosc\/","url":"https:\/\/tiandeproducts.co.uk\/pl\/spray-do-stylizacji-wlosow-z-aloesem-objetosc-i-elastycznosc\/","name":"Spray do stylizacji w\u0142os\u00f3w z aloesem \u201eObj\u0119to\u015b\u0107 i elastyczno\u015b\u0107\u201d - TianDe Online Shop - Beauty &amp; Health","isPartOf":{"@id":"https:\/\/tiandeproducts.co.uk\/#website"},"primaryImageOfPage":{"@id":"https:\/\/tiandeproducts.co.uk\/pl\/spray-do-stylizacji-wlosow-z-aloesem-objetosc-i-elastycznosc\/#primaryimage"},"image":{"@id":"https:\/\/tiandeproducts.co.uk\/pl\/spray-do-stylizacji-wlosow-z-aloesem-objetosc-i-elastycznosc\/#primaryimage"},"thumbnailUrl":"https:\/\/tiandeproducts.co.uk\/wp-content\/uploads\/2017\/08\/20144.jpg","datePublished":"2017-08-15T18:41:49+00:00","dateModified":"2021-02-12T12:46:11+00:00","breadcrumb":{"@id":"https:\/\/tiandeproducts.co.uk\/pl\/spray-do-stylizacji-wlosow-z-aloesem-objetosc-i-elastycznosc\/#breadcrumb"},"inLanguage":"pl-PL","potentialAction":[{"@type":"ReadAction","target":["https:\/\/tiandeproducts.co.uk\/pl\/spray-do-stylizacji-wlosow-z-aloesem-objetosc-i-elastycznosc\/"]}]},{"@type":"ImageObject","inLanguage":"pl-PL","@id":"https:\/\/tiandeproducts.co.uk\/pl\/spray-do-stylizacji-wlosow-z-aloesem-objetosc-i-elastycznosc\/#primaryimage","url":"https:\/\/tiandeproducts.co.uk\/wp-content\/uploads\/2017\/08\/20144.jpg","contentUrl":"https:\/\/tiandeproducts.co.uk\/wp-content\/uploads\/2017\/08\/20144.jpg","width":800,"height":800,"caption":"Aloe Styling Hairspray for Volume & Flexibility,200 ml-0"},{"@type":"BreadcrumbList","@id":"https:\/\/tiandeproducts.co.uk\/pl\/spray-do-stylizacji-wlosow-z-aloesem-objetosc-i-elastycznosc\/#breadcrumb","itemListElement":[{"@type":"ListItem","position":1,"name":"Home","item":"https:\/\/tiandeproducts.co.uk\/pl\/"},{"@type":"ListItem","position":2,"name":"Shop","item":"https:\/\/tiandeproducts.co.uk\/pl\/shop-2\/"},{"@type":"ListItem","position":3,"name":"Spray do stylizacji w\u0142os\u00f3w z aloesem \u201eObj\u0119to\u015b\u0107 i elastyczno\u015b\u0107\u201d"}]},{"@type":"WebSite","@id":"https:\/\/tiandeproducts.co.uk\/#website","url":"https:\/\/tiandeproducts.co.uk\/","name":"TianDe Online Shop - Beauty & Health","description":"Traditional Chinese Medicine","potentialAction":[{"@type":"SearchAction","target":{"@type":"EntryPoint","urlTemplate":"https:\/\/tiandeproducts.co.uk\/?s={search_term_string}"},"query-input":{"@type":"PropertyValueSpecification","valueRequired":true,"valueName":"search_term_string"}}],"inLanguage":"pl-PL"}]}},"_links":{"self":[{"href":"https:\/\/tiandeproducts.co.uk\/pl\/wp-json\/wp\/v2\/product\/4804","targetHints":{"allow":["GET"]}}],"collection":[{"href":"https:\/\/tiandeproducts.co.uk\/pl\/wp-json\/wp\/v2\/product"}],"about":[{"href":"https:\/\/tiandeproducts.co.uk\/pl\/wp-json\/wp\/v2\/types\/product"}],"replies":[{"embeddable":true,"href":"https:\/\/tiandeproducts.co.uk\/pl\/wp-json\/wp\/v2\/comments?post=4804"}],"wp:featuredmedia":[{"embeddable":true,"href":"https:\/\/tiandeproducts.co.uk\/pl\/wp-json\/wp\/v2\/media\/1656"}],"wp:attachment":[{"href":"https:\/\/tiandeproducts.co.uk\/pl\/wp-json\/wp\/v2\/media?parent=4804"}],"wp:term":[{"taxonomy":"product_cat","embeddable":true,"href":"https:\/\/tiandeproducts.co.uk\/pl\/wp-json\/wp\/v2\/product_cat?post=4804"},{"taxonomy":"product_tag","embeddable":true,"href":"https:\/\/tiandeproducts.co.uk\/pl\/wp-json\/wp\/v2\/product_tag?post=4804"}],"curies":[{"name":"wp","href":"https:\/\/api.w.org\/{rel}","templated":true}]}}