{"id":4793,"date":"2016-04-04T16:17:50","date_gmt":"2016-04-04T15:17:50","guid":{"rendered":"https:\/\/tnd.ontesting.co.uk\/maska-wzmacniajaca-do-wlosow-tluszcz-weza500g\/"},"modified":"2020-11-08T12:09:51","modified_gmt":"2020-11-08T12:09:51","slug":"maska-wzmacniajaca-do-wlosow-tluszcz-weza500g","status":"publish","type":"product","link":"https:\/\/tiandeproducts.co.uk\/pl\/maska-wzmacniajaca-do-wlosow-tluszcz-weza500g\/","title":{"rendered":"Maska wzmacniaj\u0105ca do w\u0142os\u00f3w \u201eT\u0142uszcz w\u0119\u017ca\u201c,500g"},"content":{"rendered":"<div class=\"description\">\n<p>Idealnie pasuje do w\u0142os\u00f3w suchych, zniszczonych, \u0142ami\u0105cych si\u0119, kt\u00f3re wymagaj\u0105 nawil\u017cenia i od\u017cywienia. Zaleca si\u0119 nie tylko jako mask\u0119 do intensywnego dzia\u0142ania, ale tak\u017ce jako \u015brodek sta\u0142ej piel\u0119gnacji do utrzymywania optymalnego stanu w\u0142os\u00f3w.<\/p>\n<\/div>\n<div class=\"instruction\">\n<p><strong>ZASTOSOWANIE:<\/strong><\/p>\n<p>R\u00f3wnomiernie rozprowad\u017a na czystych wilgotnych w\u0142osach. Po 2-3 minutach dok\u0142adnie sp\u0142ucz wod\u0105.<\/p>\n<\/div>\n","protected":false},"excerpt":{"rendered":"<p>Idealnie pasuje do w\u0142os\u00f3w suchych, zniszczonych, \u0142ami\u0105cych si\u0119, kt\u00f3re wymagaj\u0105 nawil\u017cenia i od\u017cywienia. Zaleca si\u0119 nie tylko jako mask\u0119 do intensywnego dzia\u0142ania, ale tak\u017ce jako \u015brodek sta\u0142ej piel\u0119gnacji do utrzymywania optymalnego stanu w\u0142os\u00f3w. ZASTOSOWANIE: R\u00f3wnomiernie rozprowad\u017a na czystych wilgotnych w\u0142osach. Po 2-3 minutach dok\u0142adnie sp\u0142ucz wod\u0105.<\/p>\n","protected":false},"featured_media":484,"comment_status":"closed","ping_status":"closed","template":"","meta":[],"product_cat":[843,796,851],"product_tag":[],"class_list":{"0":"post-4793","1":"product","2":"type-product","3":"status-publish","4":"has-post-thumbnail","6":"product_cat-do-wlosow","7":"product_cat-maski","8":"product_cat-skuteczna-ochrona","10":"first","11":"instock","12":"shipping-taxable","13":"purchasable","14":"product-type-simple"},"yoast_head":"<!-- This site is optimized with the Yoast SEO plugin v23.6 - https:\/\/yoast.com\/wordpress\/plugins\/seo\/ -->\n<title>Maska wzmacniaj\u0105ca do w\u0142os\u00f3w \u201eT\u0142uszcz w\u0119\u017ca\u201c,500g - TianDe Online Shop - Beauty &amp; Health<\/title>\n<meta name=\"robots\" content=\"index, follow, max-snippet:-1, max-image-preview:large, max-video-preview:-1\" \/>\n<link rel=\"canonical\" href=\"https:\/\/tiandeproducts.co.uk\/pl\/maska-wzmacniajaca-do-wlosow-tluszcz-weza500g\/\" \/>\n<meta property=\"og:locale\" content=\"pl_PL\" \/>\n<meta property=\"og:type\" content=\"article\" \/>\n<meta property=\"og:title\" content=\"Maska wzmacniaj\u0105ca do w\u0142os\u00f3w \u201eT\u0142uszcz w\u0119\u017ca\u201c,500g - TianDe Online Shop - Beauty &amp; Health\" \/>\n<meta property=\"og:description\" content=\"Idealnie pasuje do w\u0142os\u00f3w suchych, zniszczonych, \u0142ami\u0105cych si\u0119, kt\u00f3re wymagaj\u0105 nawil\u017cenia i od\u017cywienia. Zaleca si\u0119 nie tylko jako mask\u0119 do intensywnego dzia\u0142ania, ale tak\u017ce jako \u015brodek sta\u0142ej piel\u0119gnacji do utrzymywania optymalnego stanu w\u0142os\u00f3w. ZASTOSOWANIE: R\u00f3wnomiernie rozprowad\u017a na czystych wilgotnych w\u0142osach. Po 2-3 minutach dok\u0142adnie sp\u0142ucz wod\u0105.\" \/>\n<meta property=\"og:url\" content=\"https:\/\/tiandeproducts.co.uk\/pl\/maska-wzmacniajaca-do-wlosow-tluszcz-weza500g\/\" \/>\n<meta property=\"og:site_name\" content=\"TianDe Online Shop - Beauty &amp; Health\" \/>\n<meta property=\"article:publisher\" content=\"https:\/\/www.facebook.com\/tiande.products.england\/\" \/>\n<meta property=\"article:modified_time\" content=\"2020-11-08T12:09:51+00:00\" \/>\n<meta property=\"og:image\" content=\"https:\/\/tiandeproducts.co.uk\/wp-content\/uploads\/2016\/04\/20127_1.jpg\" \/>\n\t<meta property=\"og:image:width\" content=\"700\" \/>\n\t<meta property=\"og:image:height\" content=\"707\" \/>\n\t<meta property=\"og:image:type\" content=\"image\/jpeg\" \/>\n<meta name=\"twitter:card\" content=\"summary_large_image\" \/>\n<script type=\"application\/ld+json\" class=\"yoast-schema-graph\">{\"@context\":\"https:\/\/schema.org\",\"@graph\":[{\"@type\":\"WebPage\",\"@id\":\"https:\/\/tiandeproducts.co.uk\/pl\/maska-wzmacniajaca-do-wlosow-tluszcz-weza500g\/\",\"url\":\"https:\/\/tiandeproducts.co.uk\/pl\/maska-wzmacniajaca-do-wlosow-tluszcz-weza500g\/\",\"name\":\"Maska wzmacniaj\u0105ca do w\u0142os\u00f3w \u201eT\u0142uszcz w\u0119\u017ca\u201c,500g - TianDe Online Shop - Beauty &amp; Health\",\"isPartOf\":{\"@id\":\"https:\/\/tiandeproducts.co.uk\/#website\"},\"primaryImageOfPage\":{\"@id\":\"https:\/\/tiandeproducts.co.uk\/pl\/maska-wzmacniajaca-do-wlosow-tluszcz-weza500g\/#primaryimage\"},\"image\":{\"@id\":\"https:\/\/tiandeproducts.co.uk\/pl\/maska-wzmacniajaca-do-wlosow-tluszcz-weza500g\/#primaryimage\"},\"thumbnailUrl\":\"https:\/\/tiandeproducts.co.uk\/wp-content\/uploads\/2016\/04\/20127_1.jpg\",\"datePublished\":\"2016-04-04T15:17:50+00:00\",\"dateModified\":\"2020-11-08T12:09:51+00:00\",\"breadcrumb\":{\"@id\":\"https:\/\/tiandeproducts.co.uk\/pl\/maska-wzmacniajaca-do-wlosow-tluszcz-weza500g\/#breadcrumb\"},\"inLanguage\":\"pl-PL\",\"potentialAction\":[{\"@type\":\"ReadAction\",\"target\":[\"https:\/\/tiandeproducts.co.uk\/pl\/maska-wzmacniajaca-do-wlosow-tluszcz-weza500g\/\"]}]},{\"@type\":\"ImageObject\",\"inLanguage\":\"pl-PL\",\"@id\":\"https:\/\/tiandeproducts.co.uk\/pl\/maska-wzmacniajaca-do-wlosow-tluszcz-weza500g\/#primaryimage\",\"url\":\"https:\/\/tiandeproducts.co.uk\/wp-content\/uploads\/2016\/04\/20127_1.jpg\",\"contentUrl\":\"https:\/\/tiandeproducts.co.uk\/wp-content\/uploads\/2016\/04\/20127_1.jpg\",\"width\":700,\"height\":707,\"caption\":\"Snake Oil Strengthening Hair Mask,500g-0\"},{\"@type\":\"BreadcrumbList\",\"@id\":\"https:\/\/tiandeproducts.co.uk\/pl\/maska-wzmacniajaca-do-wlosow-tluszcz-weza500g\/#breadcrumb\",\"itemListElement\":[{\"@type\":\"ListItem\",\"position\":1,\"name\":\"Home\",\"item\":\"https:\/\/tiandeproducts.co.uk\/pl\/\"},{\"@type\":\"ListItem\",\"position\":2,\"name\":\"Shop\",\"item\":\"https:\/\/tiandeproducts.co.uk\/pl\/shop-2\/\"},{\"@type\":\"ListItem\",\"position\":3,\"name\":\"Maska wzmacniaj\u0105ca do w\u0142os\u00f3w \u201eT\u0142uszcz w\u0119\u017ca\u201c,500g\"}]},{\"@type\":\"WebSite\",\"@id\":\"https:\/\/tiandeproducts.co.uk\/#website\",\"url\":\"https:\/\/tiandeproducts.co.uk\/\",\"name\":\"TianDe Online Shop - Beauty & Health\",\"description\":\"Traditional Chinese Medicine\",\"potentialAction\":[{\"@type\":\"SearchAction\",\"target\":{\"@type\":\"EntryPoint\",\"urlTemplate\":\"https:\/\/tiandeproducts.co.uk\/?s={search_term_string}\"},\"query-input\":{\"@type\":\"PropertyValueSpecification\",\"valueRequired\":true,\"valueName\":\"search_term_string\"}}],\"inLanguage\":\"pl-PL\"}]}<\/script>\n<!-- \/ Yoast SEO plugin. -->","yoast_head_json":{"title":"Maska wzmacniaj\u0105ca do w\u0142os\u00f3w \u201eT\u0142uszcz w\u0119\u017ca\u201c,500g - TianDe Online Shop - Beauty &amp; Health","robots":{"index":"index","follow":"follow","max-snippet":"max-snippet:-1","max-image-preview":"max-image-preview:large","max-video-preview":"max-video-preview:-1"},"canonical":"https:\/\/tiandeproducts.co.uk\/pl\/maska-wzmacniajaca-do-wlosow-tluszcz-weza500g\/","og_locale":"pl_PL","og_type":"article","og_title":"Maska wzmacniaj\u0105ca do w\u0142os\u00f3w \u201eT\u0142uszcz w\u0119\u017ca\u201c,500g - TianDe Online Shop - Beauty &amp; Health","og_description":"Idealnie pasuje do w\u0142os\u00f3w suchych, zniszczonych, \u0142ami\u0105cych si\u0119, kt\u00f3re wymagaj\u0105 nawil\u017cenia i od\u017cywienia. Zaleca si\u0119 nie tylko jako mask\u0119 do intensywnego dzia\u0142ania, ale tak\u017ce jako \u015brodek sta\u0142ej piel\u0119gnacji do utrzymywania optymalnego stanu w\u0142os\u00f3w. ZASTOSOWANIE: R\u00f3wnomiernie rozprowad\u017a na czystych wilgotnych w\u0142osach. Po 2-3 minutach dok\u0142adnie sp\u0142ucz wod\u0105.","og_url":"https:\/\/tiandeproducts.co.uk\/pl\/maska-wzmacniajaca-do-wlosow-tluszcz-weza500g\/","og_site_name":"TianDe Online Shop - Beauty &amp; Health","article_publisher":"https:\/\/www.facebook.com\/tiande.products.england\/","article_modified_time":"2020-11-08T12:09:51+00:00","og_image":[{"width":700,"height":707,"url":"https:\/\/tiandeproducts.co.uk\/wp-content\/uploads\/2016\/04\/20127_1.jpg","type":"image\/jpeg"}],"twitter_card":"summary_large_image","schema":{"@context":"https:\/\/schema.org","@graph":[{"@type":"WebPage","@id":"https:\/\/tiandeproducts.co.uk\/pl\/maska-wzmacniajaca-do-wlosow-tluszcz-weza500g\/","url":"https:\/\/tiandeproducts.co.uk\/pl\/maska-wzmacniajaca-do-wlosow-tluszcz-weza500g\/","name":"Maska wzmacniaj\u0105ca do w\u0142os\u00f3w \u201eT\u0142uszcz w\u0119\u017ca\u201c,500g - TianDe Online Shop - Beauty &amp; Health","isPartOf":{"@id":"https:\/\/tiandeproducts.co.uk\/#website"},"primaryImageOfPage":{"@id":"https:\/\/tiandeproducts.co.uk\/pl\/maska-wzmacniajaca-do-wlosow-tluszcz-weza500g\/#primaryimage"},"image":{"@id":"https:\/\/tiandeproducts.co.uk\/pl\/maska-wzmacniajaca-do-wlosow-tluszcz-weza500g\/#primaryimage"},"thumbnailUrl":"https:\/\/tiandeproducts.co.uk\/wp-content\/uploads\/2016\/04\/20127_1.jpg","datePublished":"2016-04-04T15:17:50+00:00","dateModified":"2020-11-08T12:09:51+00:00","breadcrumb":{"@id":"https:\/\/tiandeproducts.co.uk\/pl\/maska-wzmacniajaca-do-wlosow-tluszcz-weza500g\/#breadcrumb"},"inLanguage":"pl-PL","potentialAction":[{"@type":"ReadAction","target":["https:\/\/tiandeproducts.co.uk\/pl\/maska-wzmacniajaca-do-wlosow-tluszcz-weza500g\/"]}]},{"@type":"ImageObject","inLanguage":"pl-PL","@id":"https:\/\/tiandeproducts.co.uk\/pl\/maska-wzmacniajaca-do-wlosow-tluszcz-weza500g\/#primaryimage","url":"https:\/\/tiandeproducts.co.uk\/wp-content\/uploads\/2016\/04\/20127_1.jpg","contentUrl":"https:\/\/tiandeproducts.co.uk\/wp-content\/uploads\/2016\/04\/20127_1.jpg","width":700,"height":707,"caption":"Snake Oil Strengthening Hair Mask,500g-0"},{"@type":"BreadcrumbList","@id":"https:\/\/tiandeproducts.co.uk\/pl\/maska-wzmacniajaca-do-wlosow-tluszcz-weza500g\/#breadcrumb","itemListElement":[{"@type":"ListItem","position":1,"name":"Home","item":"https:\/\/tiandeproducts.co.uk\/pl\/"},{"@type":"ListItem","position":2,"name":"Shop","item":"https:\/\/tiandeproducts.co.uk\/pl\/shop-2\/"},{"@type":"ListItem","position":3,"name":"Maska wzmacniaj\u0105ca do w\u0142os\u00f3w \u201eT\u0142uszcz w\u0119\u017ca\u201c,500g"}]},{"@type":"WebSite","@id":"https:\/\/tiandeproducts.co.uk\/#website","url":"https:\/\/tiandeproducts.co.uk\/","name":"TianDe Online Shop - Beauty & Health","description":"Traditional Chinese Medicine","potentialAction":[{"@type":"SearchAction","target":{"@type":"EntryPoint","urlTemplate":"https:\/\/tiandeproducts.co.uk\/?s={search_term_string}"},"query-input":{"@type":"PropertyValueSpecification","valueRequired":true,"valueName":"search_term_string"}}],"inLanguage":"pl-PL"}]}},"_links":{"self":[{"href":"https:\/\/tiandeproducts.co.uk\/pl\/wp-json\/wp\/v2\/product\/4793","targetHints":{"allow":["GET"]}}],"collection":[{"href":"https:\/\/tiandeproducts.co.uk\/pl\/wp-json\/wp\/v2\/product"}],"about":[{"href":"https:\/\/tiandeproducts.co.uk\/pl\/wp-json\/wp\/v2\/types\/product"}],"replies":[{"embeddable":true,"href":"https:\/\/tiandeproducts.co.uk\/pl\/wp-json\/wp\/v2\/comments?post=4793"}],"wp:featuredmedia":[{"embeddable":true,"href":"https:\/\/tiandeproducts.co.uk\/pl\/wp-json\/wp\/v2\/media\/484"}],"wp:attachment":[{"href":"https:\/\/tiandeproducts.co.uk\/pl\/wp-json\/wp\/v2\/media?parent=4793"}],"wp:term":[{"taxonomy":"product_cat","embeddable":true,"href":"https:\/\/tiandeproducts.co.uk\/pl\/wp-json\/wp\/v2\/product_cat?post=4793"},{"taxonomy":"product_tag","embeddable":true,"href":"https:\/\/tiandeproducts.co.uk\/pl\/wp-json\/wp\/v2\/product_tag?post=4793"}],"curies":[{"name":"wp","href":"https:\/\/api.w.org\/{rel}","templated":true}]}}