{"id":4787,"date":"2018-07-19T17:41:28","date_gmt":"2018-07-19T16:41:28","guid":{"rendered":"https:\/\/tnd.ontesting.co.uk\/sol-do-ciala-goracy-imbir150g\/"},"modified":"2021-02-12T11:56:41","modified_gmt":"2021-02-12T11:56:41","slug":"sol-do-ciala-goracy-imbir150g","status":"publish","type":"product","link":"https:\/\/tiandeproducts.co.uk\/pl\/sol-do-ciala-goracy-imbir150g\/","title":{"rendered":"S\u00f3l do cia\u0142a Gor\u0105cy imbir,150g"},"content":{"rendered":"<div class=\"description\">\n<p><img decoding=\"async\" style=\"max-width: 16px; margin-right: 5px;\" src=\"https:\/\/tiandeproducts.co.uk\/wp-content\/uploads\/points-green.svg\" \/>\u00a0Earn 8 points worth \u00a30.40 when buying this product<\/p>\n<p>S\u00f3l do cia\u0142a \u201eGor\u0105cy imbir\u201c pomo\u017ce Ci \u201espali\u0107\u201c niedoskona\u0142o\u015bci figury! Imbir w po\u0142\u0105czeniu z sol\u0105 morsk\u0105 sprawi, \u017ce Twoja sk\u00f3ra b\u0119dzie g\u0142adka i jedwabista, pomo\u017ce zmniejszy\u0107 cellulit i zauwa\u017calnie napi\u0105\u0107 sk\u00f3r\u0119. Kosmetyk ma podw\u00f3jne dzia\u0142anie:<br \/>\n&#8211; imbir odpowiednio rozgrzewa sk\u00f3r\u0119, poprawiaj\u0105c mikrokr\u0105\u017cenie;<br \/>\n&#8211; s\u00f3l morska znakomicie oczyszcza, z\u0142uszczaj\u0105c g\u00f3rn\u0105 zrogowacia\u0142\u0105 warstw\u0119 nask\u00f3rka.<\/p>\n<p>Spr\u0119\u017cysto\u015b\u0107 i tonus sk\u00f3ry s\u0105 wi\u0119ksze, a kom\u00f3rki nasycone wieloma wa\u017cnymi i korzystnie dzia\u0142aj\u0105cymi elementami. Kryszta\u0142ki soli przy kontakcie ze sk\u00f3r\u0105 zapewniaj\u0105 znakomity efekt masa\u017cu. Przy nak\u0142adaniu kosmetyku na problematyczne odcinki nie tylko piel\u0119gnujesz sk\u00f3r\u0119, ale te\u017c wykonujesz leczniczy drena\u017c i masa\u017c limfatyczny. Wykonuj zabiegi regularnie, a z ka\u017cdym seansem Twoja sk\u00f3ra b\u0119dzie wygl\u0105da\u0107 coraz lepiej!<\/p>\n<\/div>\n<div class=\"instruction\">\n<p><strong>ZASTOSOWANIE:<\/strong><\/p>\n<p>Na\u0142\u00f3\u017c kosmetyk na problematyczne miejsca, wmasuj, a nast\u0119pnie zmyj.<\/p>\n<\/div>\n","protected":false},"excerpt":{"rendered":"<p>\u00a0Earn 8 points worth \u00a30.40 when buying this product S\u00f3l do cia\u0142a \u201eGor\u0105cy imbir\u201c pomo\u017ce Ci \u201espali\u0107\u201c niedoskona\u0142o\u015bci figury! Imbir w po\u0142\u0105czeniu z sol\u0105 morsk\u0105 sprawi, \u017ce Twoja sk\u00f3ra b\u0119dzie g\u0142adka i jedwabista, pomo\u017ce zmniejszy\u0107 cellulit i zauwa\u017calnie napi\u0105\u0107 sk\u00f3r\u0119. Kosmetyk ma podw\u00f3jne dzia\u0142anie: &#8211; imbir odpowiednio rozgrzewa sk\u00f3r\u0119, poprawiaj\u0105c mikrokr\u0105\u017cenie; &#8211; s\u00f3l morska znakomicie [&#8230;]\n","protected":false},"featured_media":1962,"comment_status":"closed","ping_status":"closed","template":"","meta":[],"product_cat":[733,498,743,546],"product_tag":[],"class_list":{"0":"post-4787","1":"product","2":"type-product","3":"status-publish","4":"has-post-thumbnail","6":"product_cat-antycelulitowe","7":"product_cat-pielegnacja-ciala","8":"product_cat-peelingi-i-soli","9":"product_cat-spa-technology-pl","11":"first","12":"outofstock","13":"shipping-taxable","14":"purchasable","15":"product-type-simple"},"yoast_head":"<!-- This site is optimized with the Yoast SEO plugin v23.6 - https:\/\/yoast.com\/wordpress\/plugins\/seo\/ -->\n<title>S\u00f3l do cia\u0142a Gor\u0105cy imbir,150g - TianDe Online Shop - Beauty &amp; Health<\/title>\n<meta name=\"robots\" content=\"index, follow, max-snippet:-1, max-image-preview:large, max-video-preview:-1\" \/>\n<link rel=\"canonical\" href=\"https:\/\/tiandeproducts.co.uk\/pl\/sol-do-ciala-goracy-imbir150g\/\" \/>\n<meta property=\"og:locale\" content=\"pl_PL\" \/>\n<meta property=\"og:type\" content=\"article\" \/>\n<meta property=\"og:title\" content=\"S\u00f3l do cia\u0142a Gor\u0105cy imbir,150g - TianDe Online Shop - Beauty &amp; Health\" \/>\n<meta property=\"og:description\" content=\"\u00a0Earn 8 points worth \u00a30.40 when buying this product S\u00f3l do cia\u0142a \u201eGor\u0105cy imbir\u201c pomo\u017ce Ci \u201espali\u0107\u201c niedoskona\u0142o\u015bci figury! Imbir w po\u0142\u0105czeniu z sol\u0105 morsk\u0105 sprawi, \u017ce Twoja sk\u00f3ra b\u0119dzie g\u0142adka i jedwabista, pomo\u017ce zmniejszy\u0107 cellulit i zauwa\u017calnie napi\u0105\u0107 sk\u00f3r\u0119. Kosmetyk ma podw\u00f3jne dzia\u0142anie: &#8211; imbir odpowiednio rozgrzewa sk\u00f3r\u0119, poprawiaj\u0105c mikrokr\u0105\u017cenie; &#8211; s\u00f3l morska znakomicie [...]\" \/>\n<meta property=\"og:url\" content=\"https:\/\/tiandeproducts.co.uk\/pl\/sol-do-ciala-goracy-imbir150g\/\" \/>\n<meta property=\"og:site_name\" content=\"TianDe Online Shop - Beauty &amp; Health\" \/>\n<meta property=\"article:publisher\" content=\"https:\/\/www.facebook.com\/tiande.products.england\/\" \/>\n<meta property=\"article:modified_time\" content=\"2021-02-12T11:56:41+00:00\" \/>\n<meta property=\"og:image\" content=\"https:\/\/tiandeproducts.co.uk\/wp-content\/uploads\/2018\/07\/30258.jpg\" \/>\n\t<meta property=\"og:image:width\" content=\"700\" \/>\n\t<meta property=\"og:image:height\" content=\"700\" \/>\n\t<meta property=\"og:image:type\" content=\"image\/jpeg\" \/>\n<meta name=\"twitter:card\" content=\"summary_large_image\" \/>\n<meta name=\"twitter:label1\" content=\"Szacowany czas czytania\" \/>\n\t<meta name=\"twitter:data1\" content=\"1 minuta\" \/>\n<script type=\"application\/ld+json\" class=\"yoast-schema-graph\">{\"@context\":\"https:\/\/schema.org\",\"@graph\":[{\"@type\":\"WebPage\",\"@id\":\"https:\/\/tiandeproducts.co.uk\/pl\/sol-do-ciala-goracy-imbir150g\/\",\"url\":\"https:\/\/tiandeproducts.co.uk\/pl\/sol-do-ciala-goracy-imbir150g\/\",\"name\":\"S\u00f3l do cia\u0142a Gor\u0105cy imbir,150g - TianDe Online Shop - Beauty &amp; Health\",\"isPartOf\":{\"@id\":\"https:\/\/tiandeproducts.co.uk\/#website\"},\"primaryImageOfPage\":{\"@id\":\"https:\/\/tiandeproducts.co.uk\/pl\/sol-do-ciala-goracy-imbir150g\/#primaryimage\"},\"image\":{\"@id\":\"https:\/\/tiandeproducts.co.uk\/pl\/sol-do-ciala-goracy-imbir150g\/#primaryimage\"},\"thumbnailUrl\":\"https:\/\/tiandeproducts.co.uk\/wp-content\/uploads\/2018\/07\/30258.jpg\",\"datePublished\":\"2018-07-19T16:41:28+00:00\",\"dateModified\":\"2021-02-12T11:56:41+00:00\",\"breadcrumb\":{\"@id\":\"https:\/\/tiandeproducts.co.uk\/pl\/sol-do-ciala-goracy-imbir150g\/#breadcrumb\"},\"inLanguage\":\"pl-PL\",\"potentialAction\":[{\"@type\":\"ReadAction\",\"target\":[\"https:\/\/tiandeproducts.co.uk\/pl\/sol-do-ciala-goracy-imbir150g\/\"]}]},{\"@type\":\"ImageObject\",\"inLanguage\":\"pl-PL\",\"@id\":\"https:\/\/tiandeproducts.co.uk\/pl\/sol-do-ciala-goracy-imbir150g\/#primaryimage\",\"url\":\"https:\/\/tiandeproducts.co.uk\/wp-content\/uploads\/2018\/07\/30258.jpg\",\"contentUrl\":\"https:\/\/tiandeproducts.co.uk\/wp-content\/uploads\/2018\/07\/30258.jpg\",\"width\":700,\"height\":700,\"caption\":\"SPA Technology Hot Ginger Body Salt,150g-0\"},{\"@type\":\"BreadcrumbList\",\"@id\":\"https:\/\/tiandeproducts.co.uk\/pl\/sol-do-ciala-goracy-imbir150g\/#breadcrumb\",\"itemListElement\":[{\"@type\":\"ListItem\",\"position\":1,\"name\":\"Home\",\"item\":\"https:\/\/tiandeproducts.co.uk\/pl\/\"},{\"@type\":\"ListItem\",\"position\":2,\"name\":\"Shop\",\"item\":\"https:\/\/tiandeproducts.co.uk\/pl\/shop-2\/\"},{\"@type\":\"ListItem\",\"position\":3,\"name\":\"S\u00f3l do cia\u0142a Gor\u0105cy imbir,150g\"}]},{\"@type\":\"WebSite\",\"@id\":\"https:\/\/tiandeproducts.co.uk\/#website\",\"url\":\"https:\/\/tiandeproducts.co.uk\/\",\"name\":\"TianDe Online Shop - Beauty & Health\",\"description\":\"Traditional Chinese Medicine\",\"potentialAction\":[{\"@type\":\"SearchAction\",\"target\":{\"@type\":\"EntryPoint\",\"urlTemplate\":\"https:\/\/tiandeproducts.co.uk\/?s={search_term_string}\"},\"query-input\":{\"@type\":\"PropertyValueSpecification\",\"valueRequired\":true,\"valueName\":\"search_term_string\"}}],\"inLanguage\":\"pl-PL\"}]}<\/script>\n<!-- \/ Yoast SEO plugin. -->","yoast_head_json":{"title":"S\u00f3l do cia\u0142a Gor\u0105cy imbir,150g - TianDe Online Shop - Beauty &amp; Health","robots":{"index":"index","follow":"follow","max-snippet":"max-snippet:-1","max-image-preview":"max-image-preview:large","max-video-preview":"max-video-preview:-1"},"canonical":"https:\/\/tiandeproducts.co.uk\/pl\/sol-do-ciala-goracy-imbir150g\/","og_locale":"pl_PL","og_type":"article","og_title":"S\u00f3l do cia\u0142a Gor\u0105cy imbir,150g - TianDe Online Shop - Beauty &amp; Health","og_description":"\u00a0Earn 8 points worth \u00a30.40 when buying this product S\u00f3l do cia\u0142a \u201eGor\u0105cy imbir\u201c pomo\u017ce Ci \u201espali\u0107\u201c niedoskona\u0142o\u015bci figury! Imbir w po\u0142\u0105czeniu z sol\u0105 morsk\u0105 sprawi, \u017ce Twoja sk\u00f3ra b\u0119dzie g\u0142adka i jedwabista, pomo\u017ce zmniejszy\u0107 cellulit i zauwa\u017calnie napi\u0105\u0107 sk\u00f3r\u0119. Kosmetyk ma podw\u00f3jne dzia\u0142anie: &#8211; imbir odpowiednio rozgrzewa sk\u00f3r\u0119, poprawiaj\u0105c mikrokr\u0105\u017cenie; &#8211; s\u00f3l morska znakomicie [...]","og_url":"https:\/\/tiandeproducts.co.uk\/pl\/sol-do-ciala-goracy-imbir150g\/","og_site_name":"TianDe Online Shop - Beauty &amp; Health","article_publisher":"https:\/\/www.facebook.com\/tiande.products.england\/","article_modified_time":"2021-02-12T11:56:41+00:00","og_image":[{"width":700,"height":700,"url":"https:\/\/tiandeproducts.co.uk\/wp-content\/uploads\/2018\/07\/30258.jpg","type":"image\/jpeg"}],"twitter_card":"summary_large_image","twitter_misc":{"Szacowany czas czytania":"1 minuta"},"schema":{"@context":"https:\/\/schema.org","@graph":[{"@type":"WebPage","@id":"https:\/\/tiandeproducts.co.uk\/pl\/sol-do-ciala-goracy-imbir150g\/","url":"https:\/\/tiandeproducts.co.uk\/pl\/sol-do-ciala-goracy-imbir150g\/","name":"S\u00f3l do cia\u0142a Gor\u0105cy imbir,150g - TianDe Online Shop - Beauty &amp; Health","isPartOf":{"@id":"https:\/\/tiandeproducts.co.uk\/#website"},"primaryImageOfPage":{"@id":"https:\/\/tiandeproducts.co.uk\/pl\/sol-do-ciala-goracy-imbir150g\/#primaryimage"},"image":{"@id":"https:\/\/tiandeproducts.co.uk\/pl\/sol-do-ciala-goracy-imbir150g\/#primaryimage"},"thumbnailUrl":"https:\/\/tiandeproducts.co.uk\/wp-content\/uploads\/2018\/07\/30258.jpg","datePublished":"2018-07-19T16:41:28+00:00","dateModified":"2021-02-12T11:56:41+00:00","breadcrumb":{"@id":"https:\/\/tiandeproducts.co.uk\/pl\/sol-do-ciala-goracy-imbir150g\/#breadcrumb"},"inLanguage":"pl-PL","potentialAction":[{"@type":"ReadAction","target":["https:\/\/tiandeproducts.co.uk\/pl\/sol-do-ciala-goracy-imbir150g\/"]}]},{"@type":"ImageObject","inLanguage":"pl-PL","@id":"https:\/\/tiandeproducts.co.uk\/pl\/sol-do-ciala-goracy-imbir150g\/#primaryimage","url":"https:\/\/tiandeproducts.co.uk\/wp-content\/uploads\/2018\/07\/30258.jpg","contentUrl":"https:\/\/tiandeproducts.co.uk\/wp-content\/uploads\/2018\/07\/30258.jpg","width":700,"height":700,"caption":"SPA Technology Hot Ginger Body Salt,150g-0"},{"@type":"BreadcrumbList","@id":"https:\/\/tiandeproducts.co.uk\/pl\/sol-do-ciala-goracy-imbir150g\/#breadcrumb","itemListElement":[{"@type":"ListItem","position":1,"name":"Home","item":"https:\/\/tiandeproducts.co.uk\/pl\/"},{"@type":"ListItem","position":2,"name":"Shop","item":"https:\/\/tiandeproducts.co.uk\/pl\/shop-2\/"},{"@type":"ListItem","position":3,"name":"S\u00f3l do cia\u0142a Gor\u0105cy imbir,150g"}]},{"@type":"WebSite","@id":"https:\/\/tiandeproducts.co.uk\/#website","url":"https:\/\/tiandeproducts.co.uk\/","name":"TianDe Online Shop - Beauty & Health","description":"Traditional Chinese Medicine","potentialAction":[{"@type":"SearchAction","target":{"@type":"EntryPoint","urlTemplate":"https:\/\/tiandeproducts.co.uk\/?s={search_term_string}"},"query-input":{"@type":"PropertyValueSpecification","valueRequired":true,"valueName":"search_term_string"}}],"inLanguage":"pl-PL"}]}},"_links":{"self":[{"href":"https:\/\/tiandeproducts.co.uk\/pl\/wp-json\/wp\/v2\/product\/4787","targetHints":{"allow":["GET"]}}],"collection":[{"href":"https:\/\/tiandeproducts.co.uk\/pl\/wp-json\/wp\/v2\/product"}],"about":[{"href":"https:\/\/tiandeproducts.co.uk\/pl\/wp-json\/wp\/v2\/types\/product"}],"replies":[{"embeddable":true,"href":"https:\/\/tiandeproducts.co.uk\/pl\/wp-json\/wp\/v2\/comments?post=4787"}],"wp:featuredmedia":[{"embeddable":true,"href":"https:\/\/tiandeproducts.co.uk\/pl\/wp-json\/wp\/v2\/media\/1962"}],"wp:attachment":[{"href":"https:\/\/tiandeproducts.co.uk\/pl\/wp-json\/wp\/v2\/media?parent=4787"}],"wp:term":[{"taxonomy":"product_cat","embeddable":true,"href":"https:\/\/tiandeproducts.co.uk\/pl\/wp-json\/wp\/v2\/product_cat?post=4787"},{"taxonomy":"product_tag","embeddable":true,"href":"https:\/\/tiandeproducts.co.uk\/pl\/wp-json\/wp\/v2\/product_tag?post=4787"}],"curies":[{"name":"wp","href":"https:\/\/api.w.org\/{rel}","templated":true}]}}