{"id":4785,"date":"2016-04-21T19:03:34","date_gmt":"2016-04-21T18:03:34","guid":{"rendered":"https:\/\/tnd.ontesting.co.uk\/sol-do-ciala-krysztaly-morza-martwego330g\/"},"modified":"2021-02-25T12:17:47","modified_gmt":"2021-02-25T12:17:47","slug":"sol-do-ciala-krysztaly-morza-martwego330g","status":"publish","type":"product","link":"https:\/\/tiandeproducts.co.uk\/pl\/sol-do-ciala-krysztaly-morza-martwego330g\/","title":{"rendered":"S\u00f3l do cia\u0142a \u201eKryszta\u0142y Morza Martwego\u201d,330g"},"content":{"rendered":"<div class=\"description\">\n<p><img decoding=\"async\" style=\"max-width: 16px; margin-right: 5px;\" src=\"https:\/\/tiandeproducts.co.uk\/wp-content\/uploads\/points-green.svg\" \/>\u00a0Earn 17 points worth \u00a30.85 when buying this product<\/p>\n<p>Wchodz\u0105ce w sk\u0142ad preparatu kryszta\u0142y soli Morza Martwego daj\u0105 sk\u00f3rze silny bodziec odm\u0142adzaj\u0105cy i regeneruj\u0105cy. S\u00f3l Morza Martwego zawiera kolosaln\u0105 ilo\u015b\u0107 korzystnych substancji &#8211; w 70% zawiera sk\u0142adniki mineralne. To ekologicznie czysta mieszanina 26 minera\u0142\u00f3w i mikroelement\u00f3w.<\/p>\n<p>Delikatna kremowa konsystencja preparatu kosmetycznego zapewnia delikatne z\u0142uszczanie zrogowacia\u0142ych kom\u00f3rek, zwi\u0119ksza kr\u0105\u017cenie i nasila procesy wymiany w sk\u00f3rze, nasyca j\u0105 mikroelementami i minera\u0142ami, poch\u0142ania zanieczyszczenia i toksyny, pomaga w walce z \u201epomara\u0144czow\u0105 sk\u00f3rk\u0105\u201c, poprawia elastyczno\u015b\u0107 i napi\u0119cie sk\u00f3ry.<\/p>\n<p>Produkt wchodzi w sk\u0142ad serii kosmetyk\u00f3w SPA technology.<\/p>\n<\/div>\n<div class=\"instruction\">\n<p><strong>ZASTOSOWANIE:<\/strong><\/p>\n<p>R\u00f3wnomiernie na\u0142o\u017cy\u0107 na wilgotne cia\u0142o. Obficie zmy\u0107 wod\u0105.<\/p>\n<\/div>\n","protected":false},"excerpt":{"rendered":"<p>\u00a0Earn 17 points worth \u00a30.85 when buying this product Wchodz\u0105ce w sk\u0142ad preparatu kryszta\u0142y soli Morza Martwego daj\u0105 sk\u00f3rze silny bodziec odm\u0142adzaj\u0105cy i regeneruj\u0105cy. S\u00f3l Morza Martwego zawiera kolosaln\u0105 ilo\u015b\u0107 korzystnych substancji &#8211; w 70% zawiera sk\u0142adniki mineralne. To ekologicznie czysta mieszanina 26 minera\u0142\u00f3w i mikroelement\u00f3w. Delikatna kremowa konsystencja preparatu kosmetycznego zapewnia delikatne z\u0142uszczanie zrogowacia\u0142ych [&#8230;]\n","protected":false},"featured_media":1273,"comment_status":"closed","ping_status":"closed","template":"","meta":[],"product_cat":[733,498,743,546],"product_tag":[],"class_list":{"0":"post-4785","1":"product","2":"type-product","3":"status-publish","4":"has-post-thumbnail","6":"product_cat-antycelulitowe","7":"product_cat-pielegnacja-ciala","8":"product_cat-peelingi-i-soli","9":"product_cat-spa-technology-pl","11":"first","12":"instock","13":"shipping-taxable","14":"purchasable","15":"product-type-simple"},"yoast_head":"<!-- This site is optimized with the Yoast SEO plugin v23.6 - https:\/\/yoast.com\/wordpress\/plugins\/seo\/ -->\n<title>S\u00f3l do cia\u0142a \u201eKryszta\u0142y Morza Martwego\u201d,330g - TianDe Online Shop - Beauty &amp; Health<\/title>\n<meta name=\"robots\" content=\"index, follow, max-snippet:-1, max-image-preview:large, max-video-preview:-1\" \/>\n<link rel=\"canonical\" href=\"https:\/\/tiandeproducts.co.uk\/pl\/sol-do-ciala-krysztaly-morza-martwego330g\/\" \/>\n<meta property=\"og:locale\" content=\"pl_PL\" \/>\n<meta property=\"og:type\" content=\"article\" \/>\n<meta property=\"og:title\" content=\"S\u00f3l do cia\u0142a \u201eKryszta\u0142y Morza Martwego\u201d,330g - TianDe Online Shop - Beauty &amp; Health\" \/>\n<meta property=\"og:description\" content=\"\u00a0Earn 17 points worth \u00a30.85 when buying this product Wchodz\u0105ce w sk\u0142ad preparatu kryszta\u0142y soli Morza Martwego daj\u0105 sk\u00f3rze silny bodziec odm\u0142adzaj\u0105cy i regeneruj\u0105cy. S\u00f3l Morza Martwego zawiera kolosaln\u0105 ilo\u015b\u0107 korzystnych substancji &#8211; w 70% zawiera sk\u0142adniki mineralne. To ekologicznie czysta mieszanina 26 minera\u0142\u00f3w i mikroelement\u00f3w. Delikatna kremowa konsystencja preparatu kosmetycznego zapewnia delikatne z\u0142uszczanie zrogowacia\u0142ych [...]\" \/>\n<meta property=\"og:url\" content=\"https:\/\/tiandeproducts.co.uk\/pl\/sol-do-ciala-krysztaly-morza-martwego330g\/\" \/>\n<meta property=\"og:site_name\" content=\"TianDe Online Shop - Beauty &amp; Health\" \/>\n<meta property=\"article:publisher\" content=\"https:\/\/www.facebook.com\/tiande.products.england\/\" \/>\n<meta property=\"article:modified_time\" content=\"2021-02-25T12:17:47+00:00\" \/>\n<meta property=\"og:image\" content=\"https:\/\/tiandeproducts.co.uk\/wp-content\/uploads\/2016\/04\/30223.png\" \/>\n\t<meta property=\"og:image:width\" content=\"700\" \/>\n\t<meta property=\"og:image:height\" content=\"700\" \/>\n\t<meta property=\"og:image:type\" content=\"image\/png\" \/>\n<meta name=\"twitter:card\" content=\"summary_large_image\" \/>\n<meta name=\"twitter:label1\" content=\"Szacowany czas czytania\" \/>\n\t<meta name=\"twitter:data1\" content=\"1 minuta\" \/>\n<script type=\"application\/ld+json\" class=\"yoast-schema-graph\">{\"@context\":\"https:\/\/schema.org\",\"@graph\":[{\"@type\":\"WebPage\",\"@id\":\"https:\/\/tiandeproducts.co.uk\/pl\/sol-do-ciala-krysztaly-morza-martwego330g\/\",\"url\":\"https:\/\/tiandeproducts.co.uk\/pl\/sol-do-ciala-krysztaly-morza-martwego330g\/\",\"name\":\"S\u00f3l do cia\u0142a \u201eKryszta\u0142y Morza Martwego\u201d,330g - TianDe Online Shop - Beauty &amp; Health\",\"isPartOf\":{\"@id\":\"https:\/\/tiandeproducts.co.uk\/#website\"},\"primaryImageOfPage\":{\"@id\":\"https:\/\/tiandeproducts.co.uk\/pl\/sol-do-ciala-krysztaly-morza-martwego330g\/#primaryimage\"},\"image\":{\"@id\":\"https:\/\/tiandeproducts.co.uk\/pl\/sol-do-ciala-krysztaly-morza-martwego330g\/#primaryimage\"},\"thumbnailUrl\":\"https:\/\/tiandeproducts.co.uk\/wp-content\/uploads\/2016\/04\/30223.png\",\"datePublished\":\"2016-04-21T18:03:34+00:00\",\"dateModified\":\"2021-02-25T12:17:47+00:00\",\"breadcrumb\":{\"@id\":\"https:\/\/tiandeproducts.co.uk\/pl\/sol-do-ciala-krysztaly-morza-martwego330g\/#breadcrumb\"},\"inLanguage\":\"pl-PL\",\"potentialAction\":[{\"@type\":\"ReadAction\",\"target\":[\"https:\/\/tiandeproducts.co.uk\/pl\/sol-do-ciala-krysztaly-morza-martwego330g\/\"]}]},{\"@type\":\"ImageObject\",\"inLanguage\":\"pl-PL\",\"@id\":\"https:\/\/tiandeproducts.co.uk\/pl\/sol-do-ciala-krysztaly-morza-martwego330g\/#primaryimage\",\"url\":\"https:\/\/tiandeproducts.co.uk\/wp-content\/uploads\/2016\/04\/30223.png\",\"contentUrl\":\"https:\/\/tiandeproducts.co.uk\/wp-content\/uploads\/2016\/04\/30223.png\",\"width\":700,\"height\":700,\"caption\":\"Dead Sea Crystals Body Salt,330g-0\"},{\"@type\":\"BreadcrumbList\",\"@id\":\"https:\/\/tiandeproducts.co.uk\/pl\/sol-do-ciala-krysztaly-morza-martwego330g\/#breadcrumb\",\"itemListElement\":[{\"@type\":\"ListItem\",\"position\":1,\"name\":\"Home\",\"item\":\"https:\/\/tiandeproducts.co.uk\/pl\/\"},{\"@type\":\"ListItem\",\"position\":2,\"name\":\"Shop\",\"item\":\"https:\/\/tiandeproducts.co.uk\/pl\/shop-2\/\"},{\"@type\":\"ListItem\",\"position\":3,\"name\":\"S\u00f3l do cia\u0142a \u201eKryszta\u0142y Morza Martwego\u201d,330g\"}]},{\"@type\":\"WebSite\",\"@id\":\"https:\/\/tiandeproducts.co.uk\/#website\",\"url\":\"https:\/\/tiandeproducts.co.uk\/\",\"name\":\"TianDe Online Shop - Beauty & Health\",\"description\":\"Traditional Chinese Medicine\",\"potentialAction\":[{\"@type\":\"SearchAction\",\"target\":{\"@type\":\"EntryPoint\",\"urlTemplate\":\"https:\/\/tiandeproducts.co.uk\/?s={search_term_string}\"},\"query-input\":{\"@type\":\"PropertyValueSpecification\",\"valueRequired\":true,\"valueName\":\"search_term_string\"}}],\"inLanguage\":\"pl-PL\"}]}<\/script>\n<!-- \/ Yoast SEO plugin. -->","yoast_head_json":{"title":"S\u00f3l do cia\u0142a \u201eKryszta\u0142y Morza Martwego\u201d,330g - TianDe Online Shop - Beauty &amp; Health","robots":{"index":"index","follow":"follow","max-snippet":"max-snippet:-1","max-image-preview":"max-image-preview:large","max-video-preview":"max-video-preview:-1"},"canonical":"https:\/\/tiandeproducts.co.uk\/pl\/sol-do-ciala-krysztaly-morza-martwego330g\/","og_locale":"pl_PL","og_type":"article","og_title":"S\u00f3l do cia\u0142a \u201eKryszta\u0142y Morza Martwego\u201d,330g - TianDe Online Shop - Beauty &amp; Health","og_description":"\u00a0Earn 17 points worth \u00a30.85 when buying this product Wchodz\u0105ce w sk\u0142ad preparatu kryszta\u0142y soli Morza Martwego daj\u0105 sk\u00f3rze silny bodziec odm\u0142adzaj\u0105cy i regeneruj\u0105cy. S\u00f3l Morza Martwego zawiera kolosaln\u0105 ilo\u015b\u0107 korzystnych substancji &#8211; w 70% zawiera sk\u0142adniki mineralne. To ekologicznie czysta mieszanina 26 minera\u0142\u00f3w i mikroelement\u00f3w. Delikatna kremowa konsystencja preparatu kosmetycznego zapewnia delikatne z\u0142uszczanie zrogowacia\u0142ych [...]","og_url":"https:\/\/tiandeproducts.co.uk\/pl\/sol-do-ciala-krysztaly-morza-martwego330g\/","og_site_name":"TianDe Online Shop - Beauty &amp; Health","article_publisher":"https:\/\/www.facebook.com\/tiande.products.england\/","article_modified_time":"2021-02-25T12:17:47+00:00","og_image":[{"width":700,"height":700,"url":"https:\/\/tiandeproducts.co.uk\/wp-content\/uploads\/2016\/04\/30223.png","type":"image\/png"}],"twitter_card":"summary_large_image","twitter_misc":{"Szacowany czas czytania":"1 minuta"},"schema":{"@context":"https:\/\/schema.org","@graph":[{"@type":"WebPage","@id":"https:\/\/tiandeproducts.co.uk\/pl\/sol-do-ciala-krysztaly-morza-martwego330g\/","url":"https:\/\/tiandeproducts.co.uk\/pl\/sol-do-ciala-krysztaly-morza-martwego330g\/","name":"S\u00f3l do cia\u0142a \u201eKryszta\u0142y Morza Martwego\u201d,330g - TianDe Online Shop - Beauty &amp; Health","isPartOf":{"@id":"https:\/\/tiandeproducts.co.uk\/#website"},"primaryImageOfPage":{"@id":"https:\/\/tiandeproducts.co.uk\/pl\/sol-do-ciala-krysztaly-morza-martwego330g\/#primaryimage"},"image":{"@id":"https:\/\/tiandeproducts.co.uk\/pl\/sol-do-ciala-krysztaly-morza-martwego330g\/#primaryimage"},"thumbnailUrl":"https:\/\/tiandeproducts.co.uk\/wp-content\/uploads\/2016\/04\/30223.png","datePublished":"2016-04-21T18:03:34+00:00","dateModified":"2021-02-25T12:17:47+00:00","breadcrumb":{"@id":"https:\/\/tiandeproducts.co.uk\/pl\/sol-do-ciala-krysztaly-morza-martwego330g\/#breadcrumb"},"inLanguage":"pl-PL","potentialAction":[{"@type":"ReadAction","target":["https:\/\/tiandeproducts.co.uk\/pl\/sol-do-ciala-krysztaly-morza-martwego330g\/"]}]},{"@type":"ImageObject","inLanguage":"pl-PL","@id":"https:\/\/tiandeproducts.co.uk\/pl\/sol-do-ciala-krysztaly-morza-martwego330g\/#primaryimage","url":"https:\/\/tiandeproducts.co.uk\/wp-content\/uploads\/2016\/04\/30223.png","contentUrl":"https:\/\/tiandeproducts.co.uk\/wp-content\/uploads\/2016\/04\/30223.png","width":700,"height":700,"caption":"Dead Sea Crystals Body Salt,330g-0"},{"@type":"BreadcrumbList","@id":"https:\/\/tiandeproducts.co.uk\/pl\/sol-do-ciala-krysztaly-morza-martwego330g\/#breadcrumb","itemListElement":[{"@type":"ListItem","position":1,"name":"Home","item":"https:\/\/tiandeproducts.co.uk\/pl\/"},{"@type":"ListItem","position":2,"name":"Shop","item":"https:\/\/tiandeproducts.co.uk\/pl\/shop-2\/"},{"@type":"ListItem","position":3,"name":"S\u00f3l do cia\u0142a \u201eKryszta\u0142y Morza Martwego\u201d,330g"}]},{"@type":"WebSite","@id":"https:\/\/tiandeproducts.co.uk\/#website","url":"https:\/\/tiandeproducts.co.uk\/","name":"TianDe Online Shop - Beauty & Health","description":"Traditional Chinese Medicine","potentialAction":[{"@type":"SearchAction","target":{"@type":"EntryPoint","urlTemplate":"https:\/\/tiandeproducts.co.uk\/?s={search_term_string}"},"query-input":{"@type":"PropertyValueSpecification","valueRequired":true,"valueName":"search_term_string"}}],"inLanguage":"pl-PL"}]}},"_links":{"self":[{"href":"https:\/\/tiandeproducts.co.uk\/pl\/wp-json\/wp\/v2\/product\/4785","targetHints":{"allow":["GET"]}}],"collection":[{"href":"https:\/\/tiandeproducts.co.uk\/pl\/wp-json\/wp\/v2\/product"}],"about":[{"href":"https:\/\/tiandeproducts.co.uk\/pl\/wp-json\/wp\/v2\/types\/product"}],"replies":[{"embeddable":true,"href":"https:\/\/tiandeproducts.co.uk\/pl\/wp-json\/wp\/v2\/comments?post=4785"}],"wp:featuredmedia":[{"embeddable":true,"href":"https:\/\/tiandeproducts.co.uk\/pl\/wp-json\/wp\/v2\/media\/1273"}],"wp:attachment":[{"href":"https:\/\/tiandeproducts.co.uk\/pl\/wp-json\/wp\/v2\/media?parent=4785"}],"wp:term":[{"taxonomy":"product_cat","embeddable":true,"href":"https:\/\/tiandeproducts.co.uk\/pl\/wp-json\/wp\/v2\/product_cat?post=4785"},{"taxonomy":"product_tag","embeddable":true,"href":"https:\/\/tiandeproducts.co.uk\/pl\/wp-json\/wp\/v2\/product_tag?post=4785"}],"curies":[{"name":"wp","href":"https:\/\/api.w.org\/{rel}","templated":true}]}}