{"id":4781,"date":"2018-03-24T13:13:55","date_gmt":"2018-03-24T13:13:55","guid":{"rendered":"https:\/\/tnd.ontesting.co.uk\/sol-do-ciala-grejpfrut380g-2\/"},"modified":"2021-02-12T12:18:37","modified_gmt":"2021-02-12T12:18:37","slug":"sol-do-ciala-grejpfrut380g-2","status":"publish","type":"product","link":"https:\/\/tiandeproducts.co.uk\/pl\/sol-do-ciala-grejpfrut380g-2\/","title":{"rendered":"S\u00f3l do cia\u0142a \u201cGrejpfrut,380g"},"content":{"rendered":"<div class=\"description\">\n<p><img decoding=\"async\" style=\"max-width: 16px; margin-right: 5px;\" src=\"https:\/\/tiandeproducts.co.uk\/wp-content\/uploads\/points-green.svg\" \/>\u00a0Earn 2 points worth \u00a30.10 when buying this product<\/p>\n<p>Urz\u0105d\u017a morski kurort SPA w swojej \u0142azience, zanurz si\u0119 w przyjemno\u015bci po sam czubek g\u0142owy! Orze\u017awiaj\u0105cy aromat dojrza\u0142ego grejpfruta przeniesie Ci\u0119 na s\u0142oneczny lazurowy brzeg, gdzie mo\u017cesz si\u0119 zrelaksowa\u0107 i cieszy\u0107 luksusow\u0105 piel\u0119gnacj\u0105&#8230; Zapomnij o wszystkim &#8211; nadszed\u0142 czas, by zadba\u0107 o siebie!<\/p>\n<p>S\u00f3l do cia\u0142a \u201eGrejpfrut\u201c pomo\u017ce Ci przemieni\u0107 sk\u00f3r\u0119 w delikatny jedwab, kt\u00f3ry wci\u0105\u017c chce si\u0119 dotyka\u0107!<\/p>\n<p>Dzi\u0119ki g\u0119stej, nasyconej kremowej konsystencji kosmetyk \u0142atwo si\u0119 rozprowadza, pozostawiaj\u0105c uczucie maksymalnego nawil\u017cenia i delikatno\u015bci. S\u00f3l do cia\u0142a \u201eGrejpfrut\u201c w 70% sk\u0142ada si\u0119 z soli morskiej. Jej drobne kryszta\u0142ki \u0142agodnie usuwaj\u0105 obumar\u0142e kom\u00f3rki, stymuluj\u0105c proces regeneracji.<\/p>\n<p>S\u00f3l dzia\u0142a jak \u0142agodny peeling: pobudza kr\u0105\u017cenie krwi, sprzyjaj\u0105c tym samym zwi\u0119kszeniu tonusu i elastyczno\u015bci sk\u00f3ry i pomagaj\u0105c w pozbyciu si\u0119 cellulitu. Zawarty w sk\u0142adzie kosmetyku wyci\u0105g z grejpfruta dobroczynnie wp\u0142ywa na napi\u0119cie sk\u00f3ry, zmi\u0119kcza j\u0105 i wyg\u0142adza. Krzepi\u0105cy, pikantny aromat soczystego grejpfruta podaruje Ci \u0142adunek orze\u017awienia i wype\u0142ni energi\u0105!<\/p>\n<p>Kompaktowe opakowanie soli pozwoli cieszy\u0107 si\u0119 g\u0142adk\u0105 sk\u00f3r\u0105 tam, gdzie chcesz &#8211; w\u0142\u00f3\u017c j\u0105 do torebki, zabierz ze sob\u0105 w podr\u00f3\u017c, nie odmawiaj sobie aromatycznej przyjemno\u015bci SPA!<\/p>\n<\/div>\n<div class=\"instruction\">\n<p><strong>ZASTOSOWANIE:<\/strong><\/p>\n<p>R\u00f3wnomiernie na\u0142o\u017cy\u0107 na mokr\u0105 sk\u00f3r\u0119. Delikatnie masowa\u0107, obficie sp\u0142uka\u0107 wod\u0105.<\/p>\n<\/div>\n","protected":false},"excerpt":{"rendered":"<p>\u00a0Earn 2 points worth \u00a30.10 when buying this product Urz\u0105d\u017a morski kurort SPA w swojej \u0142azience, zanurz si\u0119 w przyjemno\u015bci po sam czubek g\u0142owy! Orze\u017awiaj\u0105cy aromat dojrza\u0142ego grejpfruta przeniesie Ci\u0119 na s\u0142oneczny lazurowy brzeg, gdzie mo\u017cesz si\u0119 zrelaksowa\u0107 i cieszy\u0107 luksusow\u0105 piel\u0119gnacj\u0105&#8230; Zapomnij o wszystkim &#8211; nadszed\u0142 czas, by zadba\u0107 o siebie! S\u00f3l do cia\u0142a [&#8230;]\n","protected":false},"featured_media":1842,"comment_status":"closed","ping_status":"closed","template":"","meta":[],"product_cat":[733,498,743,546],"product_tag":[],"class_list":{"0":"post-4781","1":"product","2":"type-product","3":"status-publish","4":"has-post-thumbnail","6":"product_cat-antycelulitowe","7":"product_cat-pielegnacja-ciala","8":"product_cat-peelingi-i-soli","9":"product_cat-spa-technology-pl","11":"first","12":"instock","13":"shipping-taxable","14":"purchasable","15":"product-type-simple"},"yoast_head":"<!-- This site is optimized with the Yoast SEO plugin v23.6 - https:\/\/yoast.com\/wordpress\/plugins\/seo\/ -->\n<title>S\u00f3l do cia\u0142a \u201cGrejpfrut,380g - TianDe Online Shop - Beauty &amp; Health<\/title>\n<meta name=\"robots\" content=\"index, follow, max-snippet:-1, max-image-preview:large, max-video-preview:-1\" \/>\n<link rel=\"canonical\" href=\"https:\/\/tiandeproducts.co.uk\/pl\/sol-do-ciala-grejpfrut380g-2\/\" \/>\n<meta property=\"og:locale\" content=\"pl_PL\" \/>\n<meta property=\"og:type\" content=\"article\" \/>\n<meta property=\"og:title\" content=\"S\u00f3l do cia\u0142a \u201cGrejpfrut,380g - TianDe Online Shop - Beauty &amp; Health\" \/>\n<meta property=\"og:description\" content=\"\u00a0Earn 2 points worth \u00a30.10 when buying this product Urz\u0105d\u017a morski kurort SPA w swojej \u0142azience, zanurz si\u0119 w przyjemno\u015bci po sam czubek g\u0142owy! Orze\u017awiaj\u0105cy aromat dojrza\u0142ego grejpfruta przeniesie Ci\u0119 na s\u0142oneczny lazurowy brzeg, gdzie mo\u017cesz si\u0119 zrelaksowa\u0107 i cieszy\u0107 luksusow\u0105 piel\u0119gnacj\u0105&#8230; Zapomnij o wszystkim &#8211; nadszed\u0142 czas, by zadba\u0107 o siebie! S\u00f3l do cia\u0142a [...]\" \/>\n<meta property=\"og:url\" content=\"https:\/\/tiandeproducts.co.uk\/pl\/sol-do-ciala-grejpfrut380g-2\/\" \/>\n<meta property=\"og:site_name\" content=\"TianDe Online Shop - Beauty &amp; Health\" \/>\n<meta property=\"article:publisher\" content=\"https:\/\/www.facebook.com\/tiande.products.england\/\" \/>\n<meta property=\"article:modified_time\" content=\"2021-02-12T12:18:37+00:00\" \/>\n<meta property=\"og:image\" content=\"https:\/\/tiandeproducts.co.uk\/wp-content\/uploads\/2018\/03\/30224.jpg\" \/>\n\t<meta property=\"og:image:width\" content=\"800\" \/>\n\t<meta property=\"og:image:height\" content=\"800\" \/>\n\t<meta property=\"og:image:type\" content=\"image\/jpeg\" \/>\n<meta name=\"twitter:card\" content=\"summary_large_image\" \/>\n<meta name=\"twitter:label1\" content=\"Szacowany czas czytania\" \/>\n\t<meta name=\"twitter:data1\" content=\"1 minuta\" \/>\n<script type=\"application\/ld+json\" class=\"yoast-schema-graph\">{\"@context\":\"https:\/\/schema.org\",\"@graph\":[{\"@type\":\"WebPage\",\"@id\":\"https:\/\/tiandeproducts.co.uk\/pl\/sol-do-ciala-grejpfrut380g-2\/\",\"url\":\"https:\/\/tiandeproducts.co.uk\/pl\/sol-do-ciala-grejpfrut380g-2\/\",\"name\":\"S\u00f3l do cia\u0142a \u201cGrejpfrut,380g - TianDe Online Shop - Beauty &amp; Health\",\"isPartOf\":{\"@id\":\"https:\/\/tiandeproducts.co.uk\/#website\"},\"primaryImageOfPage\":{\"@id\":\"https:\/\/tiandeproducts.co.uk\/pl\/sol-do-ciala-grejpfrut380g-2\/#primaryimage\"},\"image\":{\"@id\":\"https:\/\/tiandeproducts.co.uk\/pl\/sol-do-ciala-grejpfrut380g-2\/#primaryimage\"},\"thumbnailUrl\":\"https:\/\/tiandeproducts.co.uk\/wp-content\/uploads\/2018\/03\/30224.jpg\",\"datePublished\":\"2018-03-24T13:13:55+00:00\",\"dateModified\":\"2021-02-12T12:18:37+00:00\",\"breadcrumb\":{\"@id\":\"https:\/\/tiandeproducts.co.uk\/pl\/sol-do-ciala-grejpfrut380g-2\/#breadcrumb\"},\"inLanguage\":\"pl-PL\",\"potentialAction\":[{\"@type\":\"ReadAction\",\"target\":[\"https:\/\/tiandeproducts.co.uk\/pl\/sol-do-ciala-grejpfrut380g-2\/\"]}]},{\"@type\":\"ImageObject\",\"inLanguage\":\"pl-PL\",\"@id\":\"https:\/\/tiandeproducts.co.uk\/pl\/sol-do-ciala-grejpfrut380g-2\/#primaryimage\",\"url\":\"https:\/\/tiandeproducts.co.uk\/wp-content\/uploads\/2018\/03\/30224.jpg\",\"contentUrl\":\"https:\/\/tiandeproducts.co.uk\/wp-content\/uploads\/2018\/03\/30224.jpg\",\"width\":800,\"height\":800,\"caption\":\"SPA Technology Grapefruit Body Salt,50g-0\"},{\"@type\":\"BreadcrumbList\",\"@id\":\"https:\/\/tiandeproducts.co.uk\/pl\/sol-do-ciala-grejpfrut380g-2\/#breadcrumb\",\"itemListElement\":[{\"@type\":\"ListItem\",\"position\":1,\"name\":\"Home\",\"item\":\"https:\/\/tiandeproducts.co.uk\/pl\/\"},{\"@type\":\"ListItem\",\"position\":2,\"name\":\"Shop\",\"item\":\"https:\/\/tiandeproducts.co.uk\/pl\/shop-2\/\"},{\"@type\":\"ListItem\",\"position\":3,\"name\":\"S\u00f3l do cia\u0142a \u201cGrejpfrut,380g\"}]},{\"@type\":\"WebSite\",\"@id\":\"https:\/\/tiandeproducts.co.uk\/#website\",\"url\":\"https:\/\/tiandeproducts.co.uk\/\",\"name\":\"TianDe Online Shop - Beauty & Health\",\"description\":\"Traditional Chinese Medicine\",\"potentialAction\":[{\"@type\":\"SearchAction\",\"target\":{\"@type\":\"EntryPoint\",\"urlTemplate\":\"https:\/\/tiandeproducts.co.uk\/?s={search_term_string}\"},\"query-input\":{\"@type\":\"PropertyValueSpecification\",\"valueRequired\":true,\"valueName\":\"search_term_string\"}}],\"inLanguage\":\"pl-PL\"}]}<\/script>\n<!-- \/ Yoast SEO plugin. -->","yoast_head_json":{"title":"S\u00f3l do cia\u0142a \u201cGrejpfrut,380g - TianDe Online Shop - Beauty &amp; Health","robots":{"index":"index","follow":"follow","max-snippet":"max-snippet:-1","max-image-preview":"max-image-preview:large","max-video-preview":"max-video-preview:-1"},"canonical":"https:\/\/tiandeproducts.co.uk\/pl\/sol-do-ciala-grejpfrut380g-2\/","og_locale":"pl_PL","og_type":"article","og_title":"S\u00f3l do cia\u0142a \u201cGrejpfrut,380g - TianDe Online Shop - Beauty &amp; Health","og_description":"\u00a0Earn 2 points worth \u00a30.10 when buying this product Urz\u0105d\u017a morski kurort SPA w swojej \u0142azience, zanurz si\u0119 w przyjemno\u015bci po sam czubek g\u0142owy! Orze\u017awiaj\u0105cy aromat dojrza\u0142ego grejpfruta przeniesie Ci\u0119 na s\u0142oneczny lazurowy brzeg, gdzie mo\u017cesz si\u0119 zrelaksowa\u0107 i cieszy\u0107 luksusow\u0105 piel\u0119gnacj\u0105&#8230; Zapomnij o wszystkim &#8211; nadszed\u0142 czas, by zadba\u0107 o siebie! S\u00f3l do cia\u0142a [...]","og_url":"https:\/\/tiandeproducts.co.uk\/pl\/sol-do-ciala-grejpfrut380g-2\/","og_site_name":"TianDe Online Shop - Beauty &amp; Health","article_publisher":"https:\/\/www.facebook.com\/tiande.products.england\/","article_modified_time":"2021-02-12T12:18:37+00:00","og_image":[{"width":800,"height":800,"url":"https:\/\/tiandeproducts.co.uk\/wp-content\/uploads\/2018\/03\/30224.jpg","type":"image\/jpeg"}],"twitter_card":"summary_large_image","twitter_misc":{"Szacowany czas czytania":"1 minuta"},"schema":{"@context":"https:\/\/schema.org","@graph":[{"@type":"WebPage","@id":"https:\/\/tiandeproducts.co.uk\/pl\/sol-do-ciala-grejpfrut380g-2\/","url":"https:\/\/tiandeproducts.co.uk\/pl\/sol-do-ciala-grejpfrut380g-2\/","name":"S\u00f3l do cia\u0142a \u201cGrejpfrut,380g - TianDe Online Shop - Beauty &amp; Health","isPartOf":{"@id":"https:\/\/tiandeproducts.co.uk\/#website"},"primaryImageOfPage":{"@id":"https:\/\/tiandeproducts.co.uk\/pl\/sol-do-ciala-grejpfrut380g-2\/#primaryimage"},"image":{"@id":"https:\/\/tiandeproducts.co.uk\/pl\/sol-do-ciala-grejpfrut380g-2\/#primaryimage"},"thumbnailUrl":"https:\/\/tiandeproducts.co.uk\/wp-content\/uploads\/2018\/03\/30224.jpg","datePublished":"2018-03-24T13:13:55+00:00","dateModified":"2021-02-12T12:18:37+00:00","breadcrumb":{"@id":"https:\/\/tiandeproducts.co.uk\/pl\/sol-do-ciala-grejpfrut380g-2\/#breadcrumb"},"inLanguage":"pl-PL","potentialAction":[{"@type":"ReadAction","target":["https:\/\/tiandeproducts.co.uk\/pl\/sol-do-ciala-grejpfrut380g-2\/"]}]},{"@type":"ImageObject","inLanguage":"pl-PL","@id":"https:\/\/tiandeproducts.co.uk\/pl\/sol-do-ciala-grejpfrut380g-2\/#primaryimage","url":"https:\/\/tiandeproducts.co.uk\/wp-content\/uploads\/2018\/03\/30224.jpg","contentUrl":"https:\/\/tiandeproducts.co.uk\/wp-content\/uploads\/2018\/03\/30224.jpg","width":800,"height":800,"caption":"SPA Technology Grapefruit Body Salt,50g-0"},{"@type":"BreadcrumbList","@id":"https:\/\/tiandeproducts.co.uk\/pl\/sol-do-ciala-grejpfrut380g-2\/#breadcrumb","itemListElement":[{"@type":"ListItem","position":1,"name":"Home","item":"https:\/\/tiandeproducts.co.uk\/pl\/"},{"@type":"ListItem","position":2,"name":"Shop","item":"https:\/\/tiandeproducts.co.uk\/pl\/shop-2\/"},{"@type":"ListItem","position":3,"name":"S\u00f3l do cia\u0142a \u201cGrejpfrut,380g"}]},{"@type":"WebSite","@id":"https:\/\/tiandeproducts.co.uk\/#website","url":"https:\/\/tiandeproducts.co.uk\/","name":"TianDe Online Shop - Beauty & Health","description":"Traditional Chinese Medicine","potentialAction":[{"@type":"SearchAction","target":{"@type":"EntryPoint","urlTemplate":"https:\/\/tiandeproducts.co.uk\/?s={search_term_string}"},"query-input":{"@type":"PropertyValueSpecification","valueRequired":true,"valueName":"search_term_string"}}],"inLanguage":"pl-PL"}]}},"_links":{"self":[{"href":"https:\/\/tiandeproducts.co.uk\/pl\/wp-json\/wp\/v2\/product\/4781","targetHints":{"allow":["GET"]}}],"collection":[{"href":"https:\/\/tiandeproducts.co.uk\/pl\/wp-json\/wp\/v2\/product"}],"about":[{"href":"https:\/\/tiandeproducts.co.uk\/pl\/wp-json\/wp\/v2\/types\/product"}],"replies":[{"embeddable":true,"href":"https:\/\/tiandeproducts.co.uk\/pl\/wp-json\/wp\/v2\/comments?post=4781"}],"wp:featuredmedia":[{"embeddable":true,"href":"https:\/\/tiandeproducts.co.uk\/pl\/wp-json\/wp\/v2\/media\/1842"}],"wp:attachment":[{"href":"https:\/\/tiandeproducts.co.uk\/pl\/wp-json\/wp\/v2\/media?parent=4781"}],"wp:term":[{"taxonomy":"product_cat","embeddable":true,"href":"https:\/\/tiandeproducts.co.uk\/pl\/wp-json\/wp\/v2\/product_cat?post=4781"},{"taxonomy":"product_tag","embeddable":true,"href":"https:\/\/tiandeproducts.co.uk\/pl\/wp-json\/wp\/v2\/product_tag?post=4781"}],"curies":[{"name":"wp","href":"https:\/\/api.w.org\/{rel}","templated":true}]}}