{"id":4780,"date":"2016-04-07T21:42:01","date_gmt":"2016-04-07T20:42:01","guid":{"rendered":"https:\/\/tnd.ontesting.co.uk\/sol-do-ciala-grejpfrut380g\/"},"modified":"2020-02-05T18:19:00","modified_gmt":"2020-02-05T18:19:00","slug":"sol-do-ciala-grejpfrut380g","status":"publish","type":"product","link":"https:\/\/tiandeproducts.co.uk\/pl\/sol-do-ciala-grejpfrut380g\/","title":{"rendered":"S\u00f3l do cia\u0142a \u201eGrejpfrut\u201c,380g"},"content":{"rendered":"<div class=\"description\">\n<p>Naturalny ekstrakt z grejpfruta &#8211; o delikatnym, \u015bwie\u017cym zapachu z nut\u0105 pikantnej goryczy &#8211; korzystnie wp\u0142ywa na jako\u015b\u0107 sk\u00f3ry \u2013 nawil\u017ca j\u0105 i zmi\u0119kcza.<\/p>\n<p>W po\u0142\u0105czeniu z sol\u0105 \u2013 nadaje jej promienny wygl\u0105d, gdy\u017c drobne solne kryszta\u0142ki maj\u0105 w\u0142a\u015bciwo\u015bci wyg\u0142adzaj\u0105ce i \u0142agodnie usuwaj\u0105 obumar\u0142e kom\u00f3rki nask\u00f3rka, stymuluj\u0105c proces regeneracji.<\/p>\n<p>Dzi\u0119ki lekkiemu efektowi peelingu, s\u00f3l aktywuje kr\u0105\u017cenie krwi, usuwa toksyny, poprawia napi\u0119cie i elastyczno\u015b\u0107 sk\u00f3ry oraz zmniejsza cellulit.<\/p>\n<\/div>\n<div class=\"instruction\">\n<p><strong>ZASTOSOWANIE:<\/strong><\/p>\n<p>R\u00f3wnomiernie na\u0142o\u017cy\u0107 na wilgotn\u0105 sk\u00f3r\u0119 cia\u0142a i rozsmarowa\u0107, a nast\u0119pnie sp\u0142uka\u0107 wod\u0105.<\/p>\n<\/div>\n","protected":false},"excerpt":{"rendered":"<p>Naturalny ekstrakt z grejpfruta &#8211; o delikatnym, \u015bwie\u017cym zapachu z nut\u0105 pikantnej goryczy &#8211; korzystnie wp\u0142ywa na jako\u015b\u0107 sk\u00f3ry \u2013 nawil\u017ca j\u0105 i zmi\u0119kcza. W po\u0142\u0105czeniu z sol\u0105 \u2013 nadaje jej promienny wygl\u0105d, gdy\u017c drobne solne kryszta\u0142ki maj\u0105 w\u0142a\u015bciwo\u015bci wyg\u0142adzaj\u0105ce i \u0142agodnie usuwaj\u0105 obumar\u0142e kom\u00f3rki nask\u00f3rka, stymuluj\u0105c proces regeneracji. Dzi\u0119ki lekkiemu efektowi peelingu, s\u00f3l aktywuje [&#8230;]\n","protected":false},"featured_media":918,"comment_status":"closed","ping_status":"closed","template":"","meta":[],"product_cat":[733,498,743,546],"product_tag":[],"class_list":{"0":"post-4780","1":"product","2":"type-product","3":"status-publish","4":"has-post-thumbnail","6":"product_cat-antycelulitowe","7":"product_cat-pielegnacja-ciala","8":"product_cat-peelingi-i-soli","9":"product_cat-spa-technology-pl","11":"first","12":"instock","13":"shipping-taxable","14":"purchasable","15":"product-type-simple"},"yoast_head":"<!-- This site is optimized with the Yoast SEO plugin v23.6 - https:\/\/yoast.com\/wordpress\/plugins\/seo\/ -->\n<title>S\u00f3l do cia\u0142a \u201eGrejpfrut\u201c,380g - TianDe Online Shop - Beauty &amp; Health<\/title>\n<meta name=\"robots\" content=\"index, follow, max-snippet:-1, max-image-preview:large, max-video-preview:-1\" \/>\n<link rel=\"canonical\" href=\"https:\/\/tiandeproducts.co.uk\/pl\/sol-do-ciala-grejpfrut380g\/\" \/>\n<meta property=\"og:locale\" content=\"pl_PL\" \/>\n<meta property=\"og:type\" content=\"article\" \/>\n<meta property=\"og:title\" content=\"S\u00f3l do cia\u0142a \u201eGrejpfrut\u201c,380g - TianDe Online Shop - Beauty &amp; Health\" \/>\n<meta property=\"og:description\" content=\"Naturalny ekstrakt z grejpfruta &#8211; o delikatnym, \u015bwie\u017cym zapachu z nut\u0105 pikantnej goryczy &#8211; korzystnie wp\u0142ywa na jako\u015b\u0107 sk\u00f3ry \u2013 nawil\u017ca j\u0105 i zmi\u0119kcza. W po\u0142\u0105czeniu z sol\u0105 \u2013 nadaje jej promienny wygl\u0105d, gdy\u017c drobne solne kryszta\u0142ki maj\u0105 w\u0142a\u015bciwo\u015bci wyg\u0142adzaj\u0105ce i \u0142agodnie usuwaj\u0105 obumar\u0142e kom\u00f3rki nask\u00f3rka, stymuluj\u0105c proces regeneracji. Dzi\u0119ki lekkiemu efektowi peelingu, s\u00f3l aktywuje [...]\" \/>\n<meta property=\"og:url\" content=\"https:\/\/tiandeproducts.co.uk\/pl\/sol-do-ciala-grejpfrut380g\/\" \/>\n<meta property=\"og:site_name\" content=\"TianDe Online Shop - Beauty &amp; Health\" \/>\n<meta property=\"article:publisher\" content=\"https:\/\/www.facebook.com\/tiande.products.england\/\" \/>\n<meta property=\"article:modified_time\" content=\"2020-02-05T18:19:00+00:00\" \/>\n<meta property=\"og:image\" content=\"https:\/\/tiandeproducts.co.uk\/wp-content\/uploads\/2016\/04\/30222.png\" \/>\n\t<meta property=\"og:image:width\" content=\"700\" \/>\n\t<meta property=\"og:image:height\" content=\"700\" \/>\n\t<meta property=\"og:image:type\" content=\"image\/png\" \/>\n<meta name=\"twitter:card\" content=\"summary_large_image\" \/>\n<meta name=\"twitter:label1\" content=\"Szacowany czas czytania\" \/>\n\t<meta name=\"twitter:data1\" content=\"1 minuta\" \/>\n<script type=\"application\/ld+json\" class=\"yoast-schema-graph\">{\"@context\":\"https:\/\/schema.org\",\"@graph\":[{\"@type\":\"WebPage\",\"@id\":\"https:\/\/tiandeproducts.co.uk\/pl\/sol-do-ciala-grejpfrut380g\/\",\"url\":\"https:\/\/tiandeproducts.co.uk\/pl\/sol-do-ciala-grejpfrut380g\/\",\"name\":\"S\u00f3l do cia\u0142a \u201eGrejpfrut\u201c,380g - TianDe Online Shop - Beauty &amp; Health\",\"isPartOf\":{\"@id\":\"https:\/\/tiandeproducts.co.uk\/#website\"},\"primaryImageOfPage\":{\"@id\":\"https:\/\/tiandeproducts.co.uk\/pl\/sol-do-ciala-grejpfrut380g\/#primaryimage\"},\"image\":{\"@id\":\"https:\/\/tiandeproducts.co.uk\/pl\/sol-do-ciala-grejpfrut380g\/#primaryimage\"},\"thumbnailUrl\":\"https:\/\/tiandeproducts.co.uk\/wp-content\/uploads\/2016\/04\/30222.png\",\"datePublished\":\"2016-04-07T20:42:01+00:00\",\"dateModified\":\"2020-02-05T18:19:00+00:00\",\"breadcrumb\":{\"@id\":\"https:\/\/tiandeproducts.co.uk\/pl\/sol-do-ciala-grejpfrut380g\/#breadcrumb\"},\"inLanguage\":\"pl-PL\",\"potentialAction\":[{\"@type\":\"ReadAction\",\"target\":[\"https:\/\/tiandeproducts.co.uk\/pl\/sol-do-ciala-grejpfrut380g\/\"]}]},{\"@type\":\"ImageObject\",\"inLanguage\":\"pl-PL\",\"@id\":\"https:\/\/tiandeproducts.co.uk\/pl\/sol-do-ciala-grejpfrut380g\/#primaryimage\",\"url\":\"https:\/\/tiandeproducts.co.uk\/wp-content\/uploads\/2016\/04\/30222.png\",\"contentUrl\":\"https:\/\/tiandeproducts.co.uk\/wp-content\/uploads\/2016\/04\/30222.png\",\"width\":700,\"height\":700,\"caption\":\"Grapefruit Body Salt,380g-0\"},{\"@type\":\"BreadcrumbList\",\"@id\":\"https:\/\/tiandeproducts.co.uk\/pl\/sol-do-ciala-grejpfrut380g\/#breadcrumb\",\"itemListElement\":[{\"@type\":\"ListItem\",\"position\":1,\"name\":\"Home\",\"item\":\"https:\/\/tiandeproducts.co.uk\/pl\/\"},{\"@type\":\"ListItem\",\"position\":2,\"name\":\"Shop\",\"item\":\"https:\/\/tiandeproducts.co.uk\/pl\/shop-2\/\"},{\"@type\":\"ListItem\",\"position\":3,\"name\":\"S\u00f3l do cia\u0142a \u201eGrejpfrut\u201c,380g\"}]},{\"@type\":\"WebSite\",\"@id\":\"https:\/\/tiandeproducts.co.uk\/#website\",\"url\":\"https:\/\/tiandeproducts.co.uk\/\",\"name\":\"TianDe Online Shop - Beauty & Health\",\"description\":\"Traditional Chinese Medicine\",\"potentialAction\":[{\"@type\":\"SearchAction\",\"target\":{\"@type\":\"EntryPoint\",\"urlTemplate\":\"https:\/\/tiandeproducts.co.uk\/?s={search_term_string}\"},\"query-input\":{\"@type\":\"PropertyValueSpecification\",\"valueRequired\":true,\"valueName\":\"search_term_string\"}}],\"inLanguage\":\"pl-PL\"}]}<\/script>\n<!-- \/ Yoast SEO plugin. -->","yoast_head_json":{"title":"S\u00f3l do cia\u0142a \u201eGrejpfrut\u201c,380g - TianDe Online Shop - Beauty &amp; Health","robots":{"index":"index","follow":"follow","max-snippet":"max-snippet:-1","max-image-preview":"max-image-preview:large","max-video-preview":"max-video-preview:-1"},"canonical":"https:\/\/tiandeproducts.co.uk\/pl\/sol-do-ciala-grejpfrut380g\/","og_locale":"pl_PL","og_type":"article","og_title":"S\u00f3l do cia\u0142a \u201eGrejpfrut\u201c,380g - TianDe Online Shop - Beauty &amp; Health","og_description":"Naturalny ekstrakt z grejpfruta &#8211; o delikatnym, \u015bwie\u017cym zapachu z nut\u0105 pikantnej goryczy &#8211; korzystnie wp\u0142ywa na jako\u015b\u0107 sk\u00f3ry \u2013 nawil\u017ca j\u0105 i zmi\u0119kcza. W po\u0142\u0105czeniu z sol\u0105 \u2013 nadaje jej promienny wygl\u0105d, gdy\u017c drobne solne kryszta\u0142ki maj\u0105 w\u0142a\u015bciwo\u015bci wyg\u0142adzaj\u0105ce i \u0142agodnie usuwaj\u0105 obumar\u0142e kom\u00f3rki nask\u00f3rka, stymuluj\u0105c proces regeneracji. Dzi\u0119ki lekkiemu efektowi peelingu, s\u00f3l aktywuje [...]","og_url":"https:\/\/tiandeproducts.co.uk\/pl\/sol-do-ciala-grejpfrut380g\/","og_site_name":"TianDe Online Shop - Beauty &amp; Health","article_publisher":"https:\/\/www.facebook.com\/tiande.products.england\/","article_modified_time":"2020-02-05T18:19:00+00:00","og_image":[{"width":700,"height":700,"url":"https:\/\/tiandeproducts.co.uk\/wp-content\/uploads\/2016\/04\/30222.png","type":"image\/png"}],"twitter_card":"summary_large_image","twitter_misc":{"Szacowany czas czytania":"1 minuta"},"schema":{"@context":"https:\/\/schema.org","@graph":[{"@type":"WebPage","@id":"https:\/\/tiandeproducts.co.uk\/pl\/sol-do-ciala-grejpfrut380g\/","url":"https:\/\/tiandeproducts.co.uk\/pl\/sol-do-ciala-grejpfrut380g\/","name":"S\u00f3l do cia\u0142a \u201eGrejpfrut\u201c,380g - TianDe Online Shop - Beauty &amp; Health","isPartOf":{"@id":"https:\/\/tiandeproducts.co.uk\/#website"},"primaryImageOfPage":{"@id":"https:\/\/tiandeproducts.co.uk\/pl\/sol-do-ciala-grejpfrut380g\/#primaryimage"},"image":{"@id":"https:\/\/tiandeproducts.co.uk\/pl\/sol-do-ciala-grejpfrut380g\/#primaryimage"},"thumbnailUrl":"https:\/\/tiandeproducts.co.uk\/wp-content\/uploads\/2016\/04\/30222.png","datePublished":"2016-04-07T20:42:01+00:00","dateModified":"2020-02-05T18:19:00+00:00","breadcrumb":{"@id":"https:\/\/tiandeproducts.co.uk\/pl\/sol-do-ciala-grejpfrut380g\/#breadcrumb"},"inLanguage":"pl-PL","potentialAction":[{"@type":"ReadAction","target":["https:\/\/tiandeproducts.co.uk\/pl\/sol-do-ciala-grejpfrut380g\/"]}]},{"@type":"ImageObject","inLanguage":"pl-PL","@id":"https:\/\/tiandeproducts.co.uk\/pl\/sol-do-ciala-grejpfrut380g\/#primaryimage","url":"https:\/\/tiandeproducts.co.uk\/wp-content\/uploads\/2016\/04\/30222.png","contentUrl":"https:\/\/tiandeproducts.co.uk\/wp-content\/uploads\/2016\/04\/30222.png","width":700,"height":700,"caption":"Grapefruit Body Salt,380g-0"},{"@type":"BreadcrumbList","@id":"https:\/\/tiandeproducts.co.uk\/pl\/sol-do-ciala-grejpfrut380g\/#breadcrumb","itemListElement":[{"@type":"ListItem","position":1,"name":"Home","item":"https:\/\/tiandeproducts.co.uk\/pl\/"},{"@type":"ListItem","position":2,"name":"Shop","item":"https:\/\/tiandeproducts.co.uk\/pl\/shop-2\/"},{"@type":"ListItem","position":3,"name":"S\u00f3l do cia\u0142a \u201eGrejpfrut\u201c,380g"}]},{"@type":"WebSite","@id":"https:\/\/tiandeproducts.co.uk\/#website","url":"https:\/\/tiandeproducts.co.uk\/","name":"TianDe Online Shop - Beauty & Health","description":"Traditional Chinese Medicine","potentialAction":[{"@type":"SearchAction","target":{"@type":"EntryPoint","urlTemplate":"https:\/\/tiandeproducts.co.uk\/?s={search_term_string}"},"query-input":{"@type":"PropertyValueSpecification","valueRequired":true,"valueName":"search_term_string"}}],"inLanguage":"pl-PL"}]}},"_links":{"self":[{"href":"https:\/\/tiandeproducts.co.uk\/pl\/wp-json\/wp\/v2\/product\/4780","targetHints":{"allow":["GET"]}}],"collection":[{"href":"https:\/\/tiandeproducts.co.uk\/pl\/wp-json\/wp\/v2\/product"}],"about":[{"href":"https:\/\/tiandeproducts.co.uk\/pl\/wp-json\/wp\/v2\/types\/product"}],"replies":[{"embeddable":true,"href":"https:\/\/tiandeproducts.co.uk\/pl\/wp-json\/wp\/v2\/comments?post=4780"}],"wp:featuredmedia":[{"embeddable":true,"href":"https:\/\/tiandeproducts.co.uk\/pl\/wp-json\/wp\/v2\/media\/918"}],"wp:attachment":[{"href":"https:\/\/tiandeproducts.co.uk\/pl\/wp-json\/wp\/v2\/media?parent=4780"}],"wp:term":[{"taxonomy":"product_cat","embeddable":true,"href":"https:\/\/tiandeproducts.co.uk\/pl\/wp-json\/wp\/v2\/product_cat?post=4780"},{"taxonomy":"product_tag","embeddable":true,"href":"https:\/\/tiandeproducts.co.uk\/pl\/wp-json\/wp\/v2\/product_tag?post=4780"}],"curies":[{"name":"wp","href":"https:\/\/api.w.org\/{rel}","templated":true}]}}