{"id":4751,"date":"2017-04-01T09:46:09","date_gmt":"2017-04-01T08:46:09","guid":{"rendered":"https:\/\/tnd.ontesting.co.uk\/oczyszczajacy-lotion-do-twarzy100ml\/"},"modified":"2021-02-12T13:03:22","modified_gmt":"2021-02-12T13:03:22","slug":"oczyszczajacy-lotion-do-twarzy100ml","status":"publish","type":"product","link":"https:\/\/tiandeproducts.co.uk\/pl\/oczyszczajacy-lotion-do-twarzy100ml\/","title":{"rendered":"Oczyszczaj\u0105cy lotion do twarzy,100ml"},"content":{"rendered":"<div class=\"description\">\n<p><img decoding=\"async\" style=\"max-width: 16px; margin-right: 5px;\" src=\"https:\/\/tiandeproducts.co.uk\/wp-content\/uploads\/points-green.svg\" \/>\u00a0Earn 14 points worth \u00a30.70 when buying this product<\/p>\n<p>\u201eIdealnie czysta sk\u00f3ra\u201c &#8211; g\u0142\u00f3wne, cho\u0107 nie jedyne zadanie oczyszczaj\u0105cego lotionu Fucoidan, z kt\u00f3rym \u015bwietnie sobie radzi.<\/p>\n<p>Za pomoc\u0105 tego kosmetyku nie tylko skutecznie oczy\u015bcisz sk\u00f3r\u0119, ale te\u017c zwi\u0119kszysz skuteczno\u015b\u0107 krem\u00f3w o 20-30% przy zabiegach dalszej piel\u0119gnacji.<\/p>\n<p>Usun\u0105\u0107 pozosta\u0142o\u015bci makija\u017cu? Uwolni\u0107 sk\u00f3r\u0119 od zanieczyszcze\u0144 i obumar\u0142ych kom\u00f3rek? Z oczyszczaj\u0105cym lotionem Fucoidan \u0142atwo osi\u0105gniesz idealnie czyst\u0105 i \u015bwie\u017c\u0105 sk\u00f3r\u0119! Kosmetyk nie zawiera alkoholu, a to oznacza, \u017ce oddzia\u0142uje na sk\u00f3r\u0119 maksymalnie delikatnie.<\/p>\n<p>Dzi\u0119ki fukozie i innym skutecznym sk\u0142adnikom w butelce lotionu harmonijnie \u0142\u0105cz\u0105 si\u0119 dok\u0142adne oczyszczanie, intensywne nawil\u017cenie i dzia\u0142anie anti-age.<\/p>\n<p>Poczuj na sobie si\u0142\u0119 fukoidyny!<\/p>\n<\/div>\n<div class=\"instruction\">\n<p><strong>ZASTOSOWANIE:<\/strong><\/p>\n<p>Nanie\u015b lotion za pomoc\u0105 wacika na twarz i szyj\u0119 rano i wieczorem.<\/p>\n<\/div>\n","protected":false},"excerpt":{"rendered":"<p>\u00a0Earn 14 points worth \u00a30.70 when buying this product \u201eIdealnie czysta sk\u00f3ra\u201c &#8211; g\u0142\u00f3wne, cho\u0107 nie jedyne zadanie oczyszczaj\u0105cego lotionu Fucoidan, z kt\u00f3rym \u015bwietnie sobie radzi. Za pomoc\u0105 tego kosmetyku nie tylko skutecznie oczy\u015bcisz sk\u00f3r\u0119, ale te\u017c zwi\u0119kszysz skuteczno\u015b\u0107 krem\u00f3w o 20-30% przy zabiegach dalszej piel\u0119gnacji. Usun\u0105\u0107 pozosta\u0142o\u015bci makija\u017cu? Uwolni\u0107 sk\u00f3r\u0119 od zanieczyszcze\u0144 i obumar\u0142ych [&#8230;]\n","protected":false},"featured_media":1523,"comment_status":"closed","ping_status":"closed","template":"","meta":[],"product_cat":[746,565,877,761],"product_tag":[],"class_list":{"0":"post-4751","1":"product","2":"type-product","3":"status-publish","4":"has-post-thumbnail","6":"product_cat-do-twarzy","7":"product_cat-fucoidan-pl","8":"product_cat-mycie-twarzy-i-peelingi","9":"product_cat-tonery-i-plyny","11":"first","12":"instock","13":"shipping-taxable","14":"purchasable","15":"product-type-simple"},"yoast_head":"<!-- This site is optimized with the Yoast SEO plugin v23.6 - https:\/\/yoast.com\/wordpress\/plugins\/seo\/ -->\n<title>Oczyszczaj\u0105cy lotion do twarzy,100ml - TianDe Online Shop - Beauty &amp; Health<\/title>\n<meta name=\"robots\" content=\"index, follow, max-snippet:-1, max-image-preview:large, max-video-preview:-1\" \/>\n<link rel=\"canonical\" href=\"https:\/\/tiandeproducts.co.uk\/pl\/oczyszczajacy-lotion-do-twarzy100ml\/\" \/>\n<meta property=\"og:locale\" content=\"pl_PL\" \/>\n<meta property=\"og:type\" content=\"article\" \/>\n<meta property=\"og:title\" content=\"Oczyszczaj\u0105cy lotion do twarzy,100ml - TianDe Online Shop - Beauty &amp; Health\" \/>\n<meta property=\"og:description\" content=\"\u00a0Earn 14 points worth \u00a30.70 when buying this product \u201eIdealnie czysta sk\u00f3ra\u201c &#8211; g\u0142\u00f3wne, cho\u0107 nie jedyne zadanie oczyszczaj\u0105cego lotionu Fucoidan, z kt\u00f3rym \u015bwietnie sobie radzi. Za pomoc\u0105 tego kosmetyku nie tylko skutecznie oczy\u015bcisz sk\u00f3r\u0119, ale te\u017c zwi\u0119kszysz skuteczno\u015b\u0107 krem\u00f3w o 20-30% przy zabiegach dalszej piel\u0119gnacji. Usun\u0105\u0107 pozosta\u0142o\u015bci makija\u017cu? Uwolni\u0107 sk\u00f3r\u0119 od zanieczyszcze\u0144 i obumar\u0142ych [...]\" \/>\n<meta property=\"og:url\" content=\"https:\/\/tiandeproducts.co.uk\/pl\/oczyszczajacy-lotion-do-twarzy100ml\/\" \/>\n<meta property=\"og:site_name\" content=\"TianDe Online Shop - Beauty &amp; Health\" \/>\n<meta property=\"article:publisher\" content=\"https:\/\/www.facebook.com\/tiande.products.england\/\" \/>\n<meta property=\"article:modified_time\" content=\"2021-02-12T13:03:22+00:00\" \/>\n<meta property=\"og:image\" content=\"https:\/\/tiandeproducts.co.uk\/wp-content\/uploads\/2017\/04\/15602.jpg\" \/>\n\t<meta property=\"og:image:width\" content=\"800\" \/>\n\t<meta property=\"og:image:height\" content=\"800\" \/>\n\t<meta property=\"og:image:type\" content=\"image\/jpeg\" \/>\n<meta name=\"twitter:card\" content=\"summary_large_image\" \/>\n<meta name=\"twitter:label1\" content=\"Szacowany czas czytania\" \/>\n\t<meta name=\"twitter:data1\" content=\"1 minuta\" \/>\n<script type=\"application\/ld+json\" class=\"yoast-schema-graph\">{\"@context\":\"https:\/\/schema.org\",\"@graph\":[{\"@type\":\"WebPage\",\"@id\":\"https:\/\/tiandeproducts.co.uk\/pl\/oczyszczajacy-lotion-do-twarzy100ml\/\",\"url\":\"https:\/\/tiandeproducts.co.uk\/pl\/oczyszczajacy-lotion-do-twarzy100ml\/\",\"name\":\"Oczyszczaj\u0105cy lotion do twarzy,100ml - TianDe Online Shop - Beauty &amp; Health\",\"isPartOf\":{\"@id\":\"https:\/\/tiandeproducts.co.uk\/#website\"},\"primaryImageOfPage\":{\"@id\":\"https:\/\/tiandeproducts.co.uk\/pl\/oczyszczajacy-lotion-do-twarzy100ml\/#primaryimage\"},\"image\":{\"@id\":\"https:\/\/tiandeproducts.co.uk\/pl\/oczyszczajacy-lotion-do-twarzy100ml\/#primaryimage\"},\"thumbnailUrl\":\"https:\/\/tiandeproducts.co.uk\/wp-content\/uploads\/2017\/04\/15602.jpg\",\"datePublished\":\"2017-04-01T08:46:09+00:00\",\"dateModified\":\"2021-02-12T13:03:22+00:00\",\"breadcrumb\":{\"@id\":\"https:\/\/tiandeproducts.co.uk\/pl\/oczyszczajacy-lotion-do-twarzy100ml\/#breadcrumb\"},\"inLanguage\":\"pl-PL\",\"potentialAction\":[{\"@type\":\"ReadAction\",\"target\":[\"https:\/\/tiandeproducts.co.uk\/pl\/oczyszczajacy-lotion-do-twarzy100ml\/\"]}]},{\"@type\":\"ImageObject\",\"inLanguage\":\"pl-PL\",\"@id\":\"https:\/\/tiandeproducts.co.uk\/pl\/oczyszczajacy-lotion-do-twarzy100ml\/#primaryimage\",\"url\":\"https:\/\/tiandeproducts.co.uk\/wp-content\/uploads\/2017\/04\/15602.jpg\",\"contentUrl\":\"https:\/\/tiandeproducts.co.uk\/wp-content\/uploads\/2017\/04\/15602.jpg\",\"width\":800,\"height\":800,\"caption\":\"Cleansing Facial Lotion,100ml-0\"},{\"@type\":\"BreadcrumbList\",\"@id\":\"https:\/\/tiandeproducts.co.uk\/pl\/oczyszczajacy-lotion-do-twarzy100ml\/#breadcrumb\",\"itemListElement\":[{\"@type\":\"ListItem\",\"position\":1,\"name\":\"Home\",\"item\":\"https:\/\/tiandeproducts.co.uk\/pl\/\"},{\"@type\":\"ListItem\",\"position\":2,\"name\":\"Shop\",\"item\":\"https:\/\/tiandeproducts.co.uk\/pl\/shop-2\/\"},{\"@type\":\"ListItem\",\"position\":3,\"name\":\"Oczyszczaj\u0105cy lotion do twarzy,100ml\"}]},{\"@type\":\"WebSite\",\"@id\":\"https:\/\/tiandeproducts.co.uk\/#website\",\"url\":\"https:\/\/tiandeproducts.co.uk\/\",\"name\":\"TianDe Online Shop - Beauty & Health\",\"description\":\"Traditional Chinese Medicine\",\"potentialAction\":[{\"@type\":\"SearchAction\",\"target\":{\"@type\":\"EntryPoint\",\"urlTemplate\":\"https:\/\/tiandeproducts.co.uk\/?s={search_term_string}\"},\"query-input\":{\"@type\":\"PropertyValueSpecification\",\"valueRequired\":true,\"valueName\":\"search_term_string\"}}],\"inLanguage\":\"pl-PL\"}]}<\/script>\n<!-- \/ Yoast SEO plugin. -->","yoast_head_json":{"title":"Oczyszczaj\u0105cy lotion do twarzy,100ml - TianDe Online Shop - Beauty &amp; Health","robots":{"index":"index","follow":"follow","max-snippet":"max-snippet:-1","max-image-preview":"max-image-preview:large","max-video-preview":"max-video-preview:-1"},"canonical":"https:\/\/tiandeproducts.co.uk\/pl\/oczyszczajacy-lotion-do-twarzy100ml\/","og_locale":"pl_PL","og_type":"article","og_title":"Oczyszczaj\u0105cy lotion do twarzy,100ml - TianDe Online Shop - Beauty &amp; Health","og_description":"\u00a0Earn 14 points worth \u00a30.70 when buying this product \u201eIdealnie czysta sk\u00f3ra\u201c &#8211; g\u0142\u00f3wne, cho\u0107 nie jedyne zadanie oczyszczaj\u0105cego lotionu Fucoidan, z kt\u00f3rym \u015bwietnie sobie radzi. Za pomoc\u0105 tego kosmetyku nie tylko skutecznie oczy\u015bcisz sk\u00f3r\u0119, ale te\u017c zwi\u0119kszysz skuteczno\u015b\u0107 krem\u00f3w o 20-30% przy zabiegach dalszej piel\u0119gnacji. Usun\u0105\u0107 pozosta\u0142o\u015bci makija\u017cu? Uwolni\u0107 sk\u00f3r\u0119 od zanieczyszcze\u0144 i obumar\u0142ych [...]","og_url":"https:\/\/tiandeproducts.co.uk\/pl\/oczyszczajacy-lotion-do-twarzy100ml\/","og_site_name":"TianDe Online Shop - Beauty &amp; Health","article_publisher":"https:\/\/www.facebook.com\/tiande.products.england\/","article_modified_time":"2021-02-12T13:03:22+00:00","og_image":[{"width":800,"height":800,"url":"https:\/\/tiandeproducts.co.uk\/wp-content\/uploads\/2017\/04\/15602.jpg","type":"image\/jpeg"}],"twitter_card":"summary_large_image","twitter_misc":{"Szacowany czas czytania":"1 minuta"},"schema":{"@context":"https:\/\/schema.org","@graph":[{"@type":"WebPage","@id":"https:\/\/tiandeproducts.co.uk\/pl\/oczyszczajacy-lotion-do-twarzy100ml\/","url":"https:\/\/tiandeproducts.co.uk\/pl\/oczyszczajacy-lotion-do-twarzy100ml\/","name":"Oczyszczaj\u0105cy lotion do twarzy,100ml - TianDe Online Shop - Beauty &amp; Health","isPartOf":{"@id":"https:\/\/tiandeproducts.co.uk\/#website"},"primaryImageOfPage":{"@id":"https:\/\/tiandeproducts.co.uk\/pl\/oczyszczajacy-lotion-do-twarzy100ml\/#primaryimage"},"image":{"@id":"https:\/\/tiandeproducts.co.uk\/pl\/oczyszczajacy-lotion-do-twarzy100ml\/#primaryimage"},"thumbnailUrl":"https:\/\/tiandeproducts.co.uk\/wp-content\/uploads\/2017\/04\/15602.jpg","datePublished":"2017-04-01T08:46:09+00:00","dateModified":"2021-02-12T13:03:22+00:00","breadcrumb":{"@id":"https:\/\/tiandeproducts.co.uk\/pl\/oczyszczajacy-lotion-do-twarzy100ml\/#breadcrumb"},"inLanguage":"pl-PL","potentialAction":[{"@type":"ReadAction","target":["https:\/\/tiandeproducts.co.uk\/pl\/oczyszczajacy-lotion-do-twarzy100ml\/"]}]},{"@type":"ImageObject","inLanguage":"pl-PL","@id":"https:\/\/tiandeproducts.co.uk\/pl\/oczyszczajacy-lotion-do-twarzy100ml\/#primaryimage","url":"https:\/\/tiandeproducts.co.uk\/wp-content\/uploads\/2017\/04\/15602.jpg","contentUrl":"https:\/\/tiandeproducts.co.uk\/wp-content\/uploads\/2017\/04\/15602.jpg","width":800,"height":800,"caption":"Cleansing Facial Lotion,100ml-0"},{"@type":"BreadcrumbList","@id":"https:\/\/tiandeproducts.co.uk\/pl\/oczyszczajacy-lotion-do-twarzy100ml\/#breadcrumb","itemListElement":[{"@type":"ListItem","position":1,"name":"Home","item":"https:\/\/tiandeproducts.co.uk\/pl\/"},{"@type":"ListItem","position":2,"name":"Shop","item":"https:\/\/tiandeproducts.co.uk\/pl\/shop-2\/"},{"@type":"ListItem","position":3,"name":"Oczyszczaj\u0105cy lotion do twarzy,100ml"}]},{"@type":"WebSite","@id":"https:\/\/tiandeproducts.co.uk\/#website","url":"https:\/\/tiandeproducts.co.uk\/","name":"TianDe Online Shop - Beauty & Health","description":"Traditional Chinese Medicine","potentialAction":[{"@type":"SearchAction","target":{"@type":"EntryPoint","urlTemplate":"https:\/\/tiandeproducts.co.uk\/?s={search_term_string}"},"query-input":{"@type":"PropertyValueSpecification","valueRequired":true,"valueName":"search_term_string"}}],"inLanguage":"pl-PL"}]}},"_links":{"self":[{"href":"https:\/\/tiandeproducts.co.uk\/pl\/wp-json\/wp\/v2\/product\/4751","targetHints":{"allow":["GET"]}}],"collection":[{"href":"https:\/\/tiandeproducts.co.uk\/pl\/wp-json\/wp\/v2\/product"}],"about":[{"href":"https:\/\/tiandeproducts.co.uk\/pl\/wp-json\/wp\/v2\/types\/product"}],"replies":[{"embeddable":true,"href":"https:\/\/tiandeproducts.co.uk\/pl\/wp-json\/wp\/v2\/comments?post=4751"}],"wp:featuredmedia":[{"embeddable":true,"href":"https:\/\/tiandeproducts.co.uk\/pl\/wp-json\/wp\/v2\/media\/1523"}],"wp:attachment":[{"href":"https:\/\/tiandeproducts.co.uk\/pl\/wp-json\/wp\/v2\/media?parent=4751"}],"wp:term":[{"taxonomy":"product_cat","embeddable":true,"href":"https:\/\/tiandeproducts.co.uk\/pl\/wp-json\/wp\/v2\/product_cat?post=4751"},{"taxonomy":"product_tag","embeddable":true,"href":"https:\/\/tiandeproducts.co.uk\/pl\/wp-json\/wp\/v2\/product_tag?post=4751"}],"curies":[{"name":"wp","href":"https:\/\/api.w.org\/{rel}","templated":true}]}}