{"id":4717,"date":"2018-09-06T15:42:57","date_gmt":"2018-09-06T14:42:57","guid":{"rendered":"https:\/\/tnd.ontesting.co.uk\/wzbogacony-zel-z-arginina-i-glicyna\/"},"modified":"2019-09-17T13:29:18","modified_gmt":"2019-09-17T12:29:18","slug":"wzbogacony-zel-z-arginina-i-glicyna","status":"publish","type":"product","link":"https:\/\/tiandeproducts.co.uk\/pl\/wzbogacony-zel-z-arginina-i-glicyna\/","title":{"rendered":"Wzbogacony \u017cel z arginin\u0105 i glicyn\u0105,21 szt. x 8 g"},"content":{"rendered":"<div class=\"description\">\n<p>Wsp\u00f3\u0142czesne tempo \u017cycia dyktuje swoje zasady: je\u015bli chcesz by\u0107 skuteczny we wszystkich sferach \u017cycia, musisz rozwi\u0105za\u0107 jednocze\u015bnie kilka zada\u0144. Praca, rodzina, przyjaciele, hobby&#8230; Cz\u0119sto uwijamy si\u0119 jak mr\u00f3wki, \u017ceby ze wszystkim zd\u0105\u017cy\u0107. W konsekwencji stres staje si\u0119 naszym sta\u0142ym towarzyszem&#8230;<\/p>\n<p>Wspom\u00f3\u017c sw\u00f3j organizm w warunkach sta\u0142ego przyp\u0142ywu wielu zada\u0144! Wzbogacony \u017cel z arginin\u0105 i glicyn\u0105 zosta\u0142 stworzony specjalnie dla tych, kt\u00f3rzy chc\u0105 du\u017co zrobi\u0107 i zrealizowa\u0107 wszystko, co zaplanowali.<\/p>\n<p>\u017bel zawiera najwa\u017cniejsze dla organizmu substancje &#8211; aminokwasy L-arginin\u0119 i glicyn\u0119, kt\u00f3rych dzia\u0142anie jest wzmocnione przez witamin\u0119 \u04125. Dzia\u0142aj\u0105c razem sk\u0142adniki aktywne \u017celu:<br \/>\n&#8211; wspomagaj\u0105 potencja\u0142 energetyczny;<br \/>\n&#8211; pozytywnie oddzia\u0142uj\u0105 na uk\u0142ad odporno\u015bci;<br \/>\n&#8211; poprawiaj\u0105 nastr\u00f3j, dodaj\u0105 pozytywnej energii;<br \/>\n&#8211; pozwalaj\u0105 poradzi\u0107 sobie ze stresem spowodowanym codziennym przem\u0119czeniem i ci\u0105g\u0142ym nap\u0142ywem informacji.<\/p>\n<p>Wzbogacony \u017cel z arginin\u0105 i glicyn\u0105 mo\u017cna nazwa\u0107 produktem wielofunkcyjnym, kt\u00f3ry pomaga rozwi\u0105za\u0107 szereg postawionych zada\u0144. Dzi\u0119ki swoim sk\u0142adnikom podaruje rze\u015bko\u015b\u0107 i pozytywn\u0105 energi\u0119 m\u0142odym osobom: spotkanie z przyjaci\u00f3\u0142mi, sesja na pi\u0105tk\u0119, impreza sportowa &#8211; z tym preparatem ze wszystkim zd\u0105\u017cysz! Zadba o aktywne \u017cycie i znakomite samopoczucie os\u00f3b w \u015brednim wieku i os\u00f3b starszych.<\/p>\n<p>Wzbogacony pikantnym smakiem \u017cel b\u0119dzie znakomitym pomocnikiem dla tych, kt\u00f3rzy dbaj\u0105 o swoj\u0105 figur\u0119. Na\u0142aduje energi\u0105 i doda si\u0142 sportowcom. Z nim Twoje \u017cycie b\u0119dzie kolorowe &#8211; na skutek zmniejszenia stresu Tw\u00f3j organizm b\u0119dzie z du\u017c\u0105 si\u0142\u0105 przeciwstawia\u0107 si\u0119 negatywnym czynnikom.<\/p>\n<p>Suplement diety. Preparat nie jest lekiem.<\/p>\n<\/div>\n<div class=\"instruction\">\n<p><strong>ZASTOSOWANIE:<\/strong><\/p>\n<p>Doro\u015bli 1 saszetka dziennie podczas posi\u0142ku. Czas kuracji &#8211; 3 tygodnie. Aby zwi\u0119kszy\u0107 skuteczno\u015b\u0107, mo\u017cna powt\u00f3rzy\u0107 kuracj\u0119 po miesi\u0105cu. Przed zastosowaniem zaleca si\u0119 konsultacj\u0119 z lekarzem. Nie przekracza\u0107 zalecanej dawki dobowej. Suplement diety nie zast\u0119puje produkt\u00f3w \u017cywno\u015bciowych.<\/p>\n<\/div>\n","protected":false},"excerpt":{"rendered":"<p>Wsp\u00f3\u0142czesne tempo \u017cycia dyktuje swoje zasady: je\u015bli chcesz by\u0107 skuteczny we wszystkich sferach \u017cycia, musisz rozwi\u0105za\u0107 jednocze\u015bnie kilka zada\u0144. Praca, rodzina, przyjaciele, hobby&#8230; Cz\u0119sto uwijamy si\u0119 jak mr\u00f3wki, \u017ceby ze wszystkim zd\u0105\u017cy\u0107. W konsekwencji stres staje si\u0119 naszym sta\u0142ym towarzyszem&#8230; Wspom\u00f3\u017c sw\u00f3j organizm w warunkach sta\u0142ego przyp\u0142ywu wielu zada\u0144! Wzbogacony \u017cel z arginin\u0105 i glicyn\u0105 [&#8230;]\n","protected":false},"featured_media":3548,"comment_status":"closed","ping_status":"closed","template":"","meta":[],"product_cat":[721,835,833],"product_tag":[],"class_list":{"0":"post-4717","1":"product","2":"type-product","3":"status-publish","4":"has-post-thumbnail","6":"product_cat-active-life-pl","7":"product_cat-suplementy","8":"product_cat-wellness-pl","10":"first","11":"outofstock","12":"shipping-taxable","13":"purchasable","14":"product-type-simple"},"yoast_head":"<!-- This site is optimized with the Yoast SEO plugin v23.6 - https:\/\/yoast.com\/wordpress\/plugins\/seo\/ -->\n<title>Wzbogacony \u017cel z arginin\u0105 i glicyn\u0105,21 szt. x 8 g - TianDe Online Shop - Beauty &amp; Health<\/title>\n<meta name=\"robots\" content=\"index, follow, max-snippet:-1, max-image-preview:large, max-video-preview:-1\" \/>\n<link rel=\"canonical\" href=\"https:\/\/tiandeproducts.co.uk\/pl\/wzbogacony-zel-z-arginina-i-glicyna\/\" \/>\n<meta property=\"og:locale\" content=\"pl_PL\" \/>\n<meta property=\"og:type\" content=\"article\" \/>\n<meta property=\"og:title\" content=\"Wzbogacony \u017cel z arginin\u0105 i glicyn\u0105,21 szt. x 8 g - TianDe Online Shop - Beauty &amp; Health\" \/>\n<meta property=\"og:description\" content=\"Wsp\u00f3\u0142czesne tempo \u017cycia dyktuje swoje zasady: je\u015bli chcesz by\u0107 skuteczny we wszystkich sferach \u017cycia, musisz rozwi\u0105za\u0107 jednocze\u015bnie kilka zada\u0144. Praca, rodzina, przyjaciele, hobby&#8230; Cz\u0119sto uwijamy si\u0119 jak mr\u00f3wki, \u017ceby ze wszystkim zd\u0105\u017cy\u0107. W konsekwencji stres staje si\u0119 naszym sta\u0142ym towarzyszem&#8230; Wspom\u00f3\u017c sw\u00f3j organizm w warunkach sta\u0142ego przyp\u0142ywu wielu zada\u0144! Wzbogacony \u017cel z arginin\u0105 i glicyn\u0105 [...]\" \/>\n<meta property=\"og:url\" content=\"https:\/\/tiandeproducts.co.uk\/pl\/wzbogacony-zel-z-arginina-i-glicyna\/\" \/>\n<meta property=\"og:site_name\" content=\"TianDe Online Shop - Beauty &amp; Health\" \/>\n<meta property=\"article:publisher\" content=\"https:\/\/www.facebook.com\/tiande.products.england\/\" \/>\n<meta property=\"article:modified_time\" content=\"2019-09-17T12:29:18+00:00\" \/>\n<meta property=\"og:image\" content=\"https:\/\/tiandeproducts.co.uk\/wp-content\/uploads\/135413.png\" \/>\n\t<meta property=\"og:image:width\" content=\"700\" \/>\n\t<meta property=\"og:image:height\" content=\"700\" \/>\n\t<meta property=\"og:image:type\" content=\"image\/png\" \/>\n<meta name=\"twitter:card\" content=\"summary_large_image\" \/>\n<meta name=\"twitter:label1\" content=\"Szacowany czas czytania\" \/>\n\t<meta name=\"twitter:data1\" content=\"2 minuty\" \/>\n<script type=\"application\/ld+json\" class=\"yoast-schema-graph\">{\"@context\":\"https:\/\/schema.org\",\"@graph\":[{\"@type\":\"WebPage\",\"@id\":\"https:\/\/tiandeproducts.co.uk\/pl\/wzbogacony-zel-z-arginina-i-glicyna\/\",\"url\":\"https:\/\/tiandeproducts.co.uk\/pl\/wzbogacony-zel-z-arginina-i-glicyna\/\",\"name\":\"Wzbogacony \u017cel z arginin\u0105 i glicyn\u0105,21 szt. x 8 g - TianDe Online Shop - Beauty &amp; Health\",\"isPartOf\":{\"@id\":\"https:\/\/tiandeproducts.co.uk\/#website\"},\"primaryImageOfPage\":{\"@id\":\"https:\/\/tiandeproducts.co.uk\/pl\/wzbogacony-zel-z-arginina-i-glicyna\/#primaryimage\"},\"image\":{\"@id\":\"https:\/\/tiandeproducts.co.uk\/pl\/wzbogacony-zel-z-arginina-i-glicyna\/#primaryimage\"},\"thumbnailUrl\":\"https:\/\/tiandeproducts.co.uk\/wp-content\/uploads\/135413.png\",\"datePublished\":\"2018-09-06T14:42:57+00:00\",\"dateModified\":\"2019-09-17T12:29:18+00:00\",\"breadcrumb\":{\"@id\":\"https:\/\/tiandeproducts.co.uk\/pl\/wzbogacony-zel-z-arginina-i-glicyna\/#breadcrumb\"},\"inLanguage\":\"pl-PL\",\"potentialAction\":[{\"@type\":\"ReadAction\",\"target\":[\"https:\/\/tiandeproducts.co.uk\/pl\/wzbogacony-zel-z-arginina-i-glicyna\/\"]}]},{\"@type\":\"ImageObject\",\"inLanguage\":\"pl-PL\",\"@id\":\"https:\/\/tiandeproducts.co.uk\/pl\/wzbogacony-zel-z-arginina-i-glicyna\/#primaryimage\",\"url\":\"https:\/\/tiandeproducts.co.uk\/wp-content\/uploads\/135413.png\",\"contentUrl\":\"https:\/\/tiandeproducts.co.uk\/wp-content\/uploads\/135413.png\",\"width\":700,\"height\":700},{\"@type\":\"BreadcrumbList\",\"@id\":\"https:\/\/tiandeproducts.co.uk\/pl\/wzbogacony-zel-z-arginina-i-glicyna\/#breadcrumb\",\"itemListElement\":[{\"@type\":\"ListItem\",\"position\":1,\"name\":\"Home\",\"item\":\"https:\/\/tiandeproducts.co.uk\/pl\/\"},{\"@type\":\"ListItem\",\"position\":2,\"name\":\"Shop\",\"item\":\"https:\/\/tiandeproducts.co.uk\/pl\/shop-2\/\"},{\"@type\":\"ListItem\",\"position\":3,\"name\":\"Wzbogacony \u017cel z arginin\u0105 i glicyn\u0105,21 szt. x 8 g\"}]},{\"@type\":\"WebSite\",\"@id\":\"https:\/\/tiandeproducts.co.uk\/#website\",\"url\":\"https:\/\/tiandeproducts.co.uk\/\",\"name\":\"TianDe Online Shop - Beauty & Health\",\"description\":\"Traditional Chinese Medicine\",\"potentialAction\":[{\"@type\":\"SearchAction\",\"target\":{\"@type\":\"EntryPoint\",\"urlTemplate\":\"https:\/\/tiandeproducts.co.uk\/?s={search_term_string}\"},\"query-input\":{\"@type\":\"PropertyValueSpecification\",\"valueRequired\":true,\"valueName\":\"search_term_string\"}}],\"inLanguage\":\"pl-PL\"}]}<\/script>\n<!-- \/ Yoast SEO plugin. -->","yoast_head_json":{"title":"Wzbogacony \u017cel z arginin\u0105 i glicyn\u0105,21 szt. x 8 g - TianDe Online Shop - Beauty &amp; Health","robots":{"index":"index","follow":"follow","max-snippet":"max-snippet:-1","max-image-preview":"max-image-preview:large","max-video-preview":"max-video-preview:-1"},"canonical":"https:\/\/tiandeproducts.co.uk\/pl\/wzbogacony-zel-z-arginina-i-glicyna\/","og_locale":"pl_PL","og_type":"article","og_title":"Wzbogacony \u017cel z arginin\u0105 i glicyn\u0105,21 szt. x 8 g - TianDe Online Shop - Beauty &amp; Health","og_description":"Wsp\u00f3\u0142czesne tempo \u017cycia dyktuje swoje zasady: je\u015bli chcesz by\u0107 skuteczny we wszystkich sferach \u017cycia, musisz rozwi\u0105za\u0107 jednocze\u015bnie kilka zada\u0144. Praca, rodzina, przyjaciele, hobby&#8230; Cz\u0119sto uwijamy si\u0119 jak mr\u00f3wki, \u017ceby ze wszystkim zd\u0105\u017cy\u0107. W konsekwencji stres staje si\u0119 naszym sta\u0142ym towarzyszem&#8230; Wspom\u00f3\u017c sw\u00f3j organizm w warunkach sta\u0142ego przyp\u0142ywu wielu zada\u0144! Wzbogacony \u017cel z arginin\u0105 i glicyn\u0105 [...]","og_url":"https:\/\/tiandeproducts.co.uk\/pl\/wzbogacony-zel-z-arginina-i-glicyna\/","og_site_name":"TianDe Online Shop - Beauty &amp; Health","article_publisher":"https:\/\/www.facebook.com\/tiande.products.england\/","article_modified_time":"2019-09-17T12:29:18+00:00","og_image":[{"width":700,"height":700,"url":"https:\/\/tiandeproducts.co.uk\/wp-content\/uploads\/135413.png","type":"image\/png"}],"twitter_card":"summary_large_image","twitter_misc":{"Szacowany czas czytania":"2 minuty"},"schema":{"@context":"https:\/\/schema.org","@graph":[{"@type":"WebPage","@id":"https:\/\/tiandeproducts.co.uk\/pl\/wzbogacony-zel-z-arginina-i-glicyna\/","url":"https:\/\/tiandeproducts.co.uk\/pl\/wzbogacony-zel-z-arginina-i-glicyna\/","name":"Wzbogacony \u017cel z arginin\u0105 i glicyn\u0105,21 szt. x 8 g - TianDe Online Shop - Beauty &amp; Health","isPartOf":{"@id":"https:\/\/tiandeproducts.co.uk\/#website"},"primaryImageOfPage":{"@id":"https:\/\/tiandeproducts.co.uk\/pl\/wzbogacony-zel-z-arginina-i-glicyna\/#primaryimage"},"image":{"@id":"https:\/\/tiandeproducts.co.uk\/pl\/wzbogacony-zel-z-arginina-i-glicyna\/#primaryimage"},"thumbnailUrl":"https:\/\/tiandeproducts.co.uk\/wp-content\/uploads\/135413.png","datePublished":"2018-09-06T14:42:57+00:00","dateModified":"2019-09-17T12:29:18+00:00","breadcrumb":{"@id":"https:\/\/tiandeproducts.co.uk\/pl\/wzbogacony-zel-z-arginina-i-glicyna\/#breadcrumb"},"inLanguage":"pl-PL","potentialAction":[{"@type":"ReadAction","target":["https:\/\/tiandeproducts.co.uk\/pl\/wzbogacony-zel-z-arginina-i-glicyna\/"]}]},{"@type":"ImageObject","inLanguage":"pl-PL","@id":"https:\/\/tiandeproducts.co.uk\/pl\/wzbogacony-zel-z-arginina-i-glicyna\/#primaryimage","url":"https:\/\/tiandeproducts.co.uk\/wp-content\/uploads\/135413.png","contentUrl":"https:\/\/tiandeproducts.co.uk\/wp-content\/uploads\/135413.png","width":700,"height":700},{"@type":"BreadcrumbList","@id":"https:\/\/tiandeproducts.co.uk\/pl\/wzbogacony-zel-z-arginina-i-glicyna\/#breadcrumb","itemListElement":[{"@type":"ListItem","position":1,"name":"Home","item":"https:\/\/tiandeproducts.co.uk\/pl\/"},{"@type":"ListItem","position":2,"name":"Shop","item":"https:\/\/tiandeproducts.co.uk\/pl\/shop-2\/"},{"@type":"ListItem","position":3,"name":"Wzbogacony \u017cel z arginin\u0105 i glicyn\u0105,21 szt. x 8 g"}]},{"@type":"WebSite","@id":"https:\/\/tiandeproducts.co.uk\/#website","url":"https:\/\/tiandeproducts.co.uk\/","name":"TianDe Online Shop - Beauty & Health","description":"Traditional Chinese Medicine","potentialAction":[{"@type":"SearchAction","target":{"@type":"EntryPoint","urlTemplate":"https:\/\/tiandeproducts.co.uk\/?s={search_term_string}"},"query-input":{"@type":"PropertyValueSpecification","valueRequired":true,"valueName":"search_term_string"}}],"inLanguage":"pl-PL"}]}},"_links":{"self":[{"href":"https:\/\/tiandeproducts.co.uk\/pl\/wp-json\/wp\/v2\/product\/4717","targetHints":{"allow":["GET"]}}],"collection":[{"href":"https:\/\/tiandeproducts.co.uk\/pl\/wp-json\/wp\/v2\/product"}],"about":[{"href":"https:\/\/tiandeproducts.co.uk\/pl\/wp-json\/wp\/v2\/types\/product"}],"replies":[{"embeddable":true,"href":"https:\/\/tiandeproducts.co.uk\/pl\/wp-json\/wp\/v2\/comments?post=4717"}],"wp:featuredmedia":[{"embeddable":true,"href":"https:\/\/tiandeproducts.co.uk\/pl\/wp-json\/wp\/v2\/media\/3548"}],"wp:attachment":[{"href":"https:\/\/tiandeproducts.co.uk\/pl\/wp-json\/wp\/v2\/media?parent=4717"}],"wp:term":[{"taxonomy":"product_cat","embeddable":true,"href":"https:\/\/tiandeproducts.co.uk\/pl\/wp-json\/wp\/v2\/product_cat?post=4717"},{"taxonomy":"product_tag","embeddable":true,"href":"https:\/\/tiandeproducts.co.uk\/pl\/wp-json\/wp\/v2\/product_tag?post=4717"}],"curies":[{"name":"wp","href":"https:\/\/api.w.org\/{rel}","templated":true}]}}