{"id":4714,"date":"2018-07-17T17:38:43","date_gmt":"2018-07-17T16:38:43","guid":{"rendered":"https:\/\/tnd.ontesting.co.uk\/kompleks-funkcjonalny-zloty-amarantus\/"},"modified":"2021-02-12T12:01:13","modified_gmt":"2021-02-12T12:01:13","slug":"kompleks-funkcjonalny-zloty-amarantus","status":"publish","type":"product","link":"https:\/\/tiandeproducts.co.uk\/pl\/kompleks-funkcjonalny-zloty-amarantus\/","title":{"rendered":"Kompleks funkcjonalny \u201eZ\u0142oty amarantus\u201c,50 kapsu\u0142ek"},"content":{"rendered":"<div class=\"description\">\n<p><img decoding=\"async\" style=\"max-width: 16px; margin-right: 5px;\" src=\"https:\/\/tiandeproducts.co.uk\/wp-content\/uploads\/points-green.svg\" \/>\u00a0Earn 38 points worth \u00a31.90 when buying this product<\/p>\n<p>Kompleks w 100% sk\u0142ada si\u0119 z naturalnego olejku z zarodk\u00f3w amarantusa &#8211; to najcenniejsza rzecz zawarta w tej legendarnej ro\u015blinie. To niewyczerpane \u017ar\u00f3d\u0142o korzystnych dla organizmu substancji.<\/p>\n<p>\u201eAmaranthus\u201c w t\u0142umaczeniu z greckiego oznacza \u201ewiecznie \u017cywy kwiat\u201c W\u0142a\u015bciwo\u015bci lecznicze tej ro\u015bliny s\u0105 znane od czas\u00f3w staro\u017cytno\u015bci.<br \/>\n&#8211; Plemiona Ink\u00f3w i Aztek\u00f3w nazywa\u0142y amarantus \u201ez\u0142otym ziarnem\u201c i uwa\u017ca\u0142y go za symbol nie\u015bmiertelno\u015bci.<br \/>\n&#8211; Wojownicy zabierali ze sob\u0105 olejek i ziarna amarantusa w d\u0142ugie, \u017cmudne wyprawy jako \u017ar\u00f3d\u0142o energii, aby wzmocni\u0107 si\u0142\u0119 fizyczn\u0105.<br \/>\n&#8211; Kobiety u\u017cywa\u0142y olejku z amarantusa jako \u015brodka przeciw starzeniu, \u017ar\u00f3d\u0142a m\u0142odo\u015bci i d\u0142ugowieczno\u015bci.<\/p>\n<p>Dzi\u0119ki swojemu wyj\u0105tkowemu sk\u0142adowi olejek z amarantusa ma bardzo szerokie spektrum dzia\u0142ania. Jednym z najwa\u017cniejszych sk\u0142adnik\u00f3w olejku jest skwalen, kt\u00f3ry ma dzia\u0142anie przeciwnowotworowe, przeciwbakteryjne i przeciwgrzybicze. Ponadto olejek z amarantusa zawiera nast\u0119puj\u0105ce substancje:<br \/>\n&#8211; polinienasycony linolowy kwas t\u0142uszczowy, kt\u00f3ry wspomaga oczyszczanie organizmu z zanieczyszcze\u0144 i toksyn;<br \/>\n&#8211; witamina E \u2013 chroni b\u0142ony kom\u00f3rkowe przed uszkodzeniami spowodowanymi utlenianiem, korzystnie wp\u0142ywa na prac\u0119 uk\u0142adu odporno\u015bci;<br \/>\n&#8211; karotenoidy \u2013 to \u201eprekursory\u201c witaminy A, kt\u00f3ra wspomaga regeneracj\u0119 tkanek, stymuluje uk\u0142ad odporno\u015bci;<br \/>\n&#8211; fosfolipidy \u2013 sprzyjaj\u0105 poprawie wymiany substancji, obni\u017ceniu poziomu cholesterolu we krwi;<br \/>\n&#8211; fitosteryny \u2013 daj\u0105 energi\u0119, wzmacniaj\u0105 funkcje ochronne organizmu.<\/p>\n<p>Ka\u017cda kapsu\u0142ka kompleksu funkcjonalnego od TianDe zawiera naturalny olejek z amarantusa, kt\u00f3ry daje energi\u0119, znakomite samopoczucie i dobry nastr\u00f3j!<\/p>\n<p>Suplement diety. Preparat nie jest lekiem.<\/p>\n<\/div>\n<div class=\"instruction\">\n<p><strong>ZASTOSOWANIE:<\/strong><\/p>\n<p>Doro\u015bli 1 kapsu\u0142ka 3 razy dziennie podczas posi\u0142ku. Czas kuracji -15-16 dni. Przed zastosowaniem zaleca si\u0119 konsultacj\u0119 z lekarzem. Po dwutygodniowej przerwie mo\u017cna powt\u00f3rzy\u0107 kuracj\u0119. Nie przekracza\u0107 zalecanej dawki dobowej. Suplement diety nie zast\u0119puje produkt\u00f3w \u017cywno\u015bciowych.<\/p>\n<\/div>\n","protected":false},"excerpt":{"rendered":"<p>\u00a0Earn 38 points worth \u00a31.90 when buying this product Kompleks w 100% sk\u0142ada si\u0119 z naturalnego olejku z zarodk\u00f3w amarantusa &#8211; to najcenniejsza rzecz zawarta w tej legendarnej ro\u015blinie. To niewyczerpane \u017ar\u00f3d\u0142o korzystnych dla organizmu substancji. \u201eAmaranthus\u201c w t\u0142umaczeniu z greckiego oznacza \u201ewiecznie \u017cywy kwiat\u201c W\u0142a\u015bciwo\u015bci lecznicze tej ro\u015bliny s\u0105 znane od czas\u00f3w staro\u017cytno\u015bci. &#8211; [&#8230;]\n","protected":false},"featured_media":1937,"comment_status":"closed","ping_status":"closed","template":"","meta":[],"product_cat":[835,833],"product_tag":[],"class_list":{"0":"post-4714","1":"product","2":"type-product","3":"status-publish","4":"has-post-thumbnail","6":"product_cat-suplementy","7":"product_cat-wellness-pl","9":"first","10":"outofstock","11":"shipping-taxable","12":"purchasable","13":"product-type-simple"},"yoast_head":"<!-- This site is optimized with the Yoast SEO plugin v23.6 - https:\/\/yoast.com\/wordpress\/plugins\/seo\/ -->\n<title>Kompleks funkcjonalny \u201eZ\u0142oty amarantus\u201c,50 kapsu\u0142ek - TianDe Online Shop - Beauty &amp; Health<\/title>\n<meta name=\"robots\" content=\"index, follow, max-snippet:-1, max-image-preview:large, max-video-preview:-1\" \/>\n<link rel=\"canonical\" href=\"https:\/\/tiandeproducts.co.uk\/pl\/kompleks-funkcjonalny-zloty-amarantus\/\" \/>\n<meta property=\"og:locale\" content=\"pl_PL\" \/>\n<meta property=\"og:type\" content=\"article\" \/>\n<meta property=\"og:title\" content=\"Kompleks funkcjonalny \u201eZ\u0142oty amarantus\u201c,50 kapsu\u0142ek - TianDe Online Shop - Beauty &amp; Health\" \/>\n<meta property=\"og:description\" content=\"\u00a0Earn 38 points worth \u00a31.90 when buying this product Kompleks w 100% sk\u0142ada si\u0119 z naturalnego olejku z zarodk\u00f3w amarantusa &#8211; to najcenniejsza rzecz zawarta w tej legendarnej ro\u015blinie. To niewyczerpane \u017ar\u00f3d\u0142o korzystnych dla organizmu substancji. \u201eAmaranthus\u201c w t\u0142umaczeniu z greckiego oznacza \u201ewiecznie \u017cywy kwiat\u201c W\u0142a\u015bciwo\u015bci lecznicze tej ro\u015bliny s\u0105 znane od czas\u00f3w staro\u017cytno\u015bci. &#8211; [...]\" \/>\n<meta property=\"og:url\" content=\"https:\/\/tiandeproducts.co.uk\/pl\/kompleks-funkcjonalny-zloty-amarantus\/\" \/>\n<meta property=\"og:site_name\" content=\"TianDe Online Shop - Beauty &amp; Health\" \/>\n<meta property=\"article:publisher\" content=\"https:\/\/www.facebook.com\/tiande.products.england\/\" \/>\n<meta property=\"article:modified_time\" content=\"2021-02-12T12:01:13+00:00\" \/>\n<meta property=\"og:image\" content=\"https:\/\/tiandeproducts.co.uk\/wp-content\/uploads\/2018\/07\/135415.jpg\" \/>\n\t<meta property=\"og:image:width\" content=\"700\" \/>\n\t<meta property=\"og:image:height\" content=\"700\" \/>\n\t<meta property=\"og:image:type\" content=\"image\/jpeg\" \/>\n<meta name=\"twitter:card\" content=\"summary_large_image\" \/>\n<meta name=\"twitter:label1\" content=\"Szacowany czas czytania\" \/>\n\t<meta name=\"twitter:data1\" content=\"2 minuty\" \/>\n<script type=\"application\/ld+json\" class=\"yoast-schema-graph\">{\"@context\":\"https:\/\/schema.org\",\"@graph\":[{\"@type\":\"WebPage\",\"@id\":\"https:\/\/tiandeproducts.co.uk\/pl\/kompleks-funkcjonalny-zloty-amarantus\/\",\"url\":\"https:\/\/tiandeproducts.co.uk\/pl\/kompleks-funkcjonalny-zloty-amarantus\/\",\"name\":\"Kompleks funkcjonalny \u201eZ\u0142oty amarantus\u201c,50 kapsu\u0142ek - TianDe Online Shop - Beauty &amp; Health\",\"isPartOf\":{\"@id\":\"https:\/\/tiandeproducts.co.uk\/#website\"},\"primaryImageOfPage\":{\"@id\":\"https:\/\/tiandeproducts.co.uk\/pl\/kompleks-funkcjonalny-zloty-amarantus\/#primaryimage\"},\"image\":{\"@id\":\"https:\/\/tiandeproducts.co.uk\/pl\/kompleks-funkcjonalny-zloty-amarantus\/#primaryimage\"},\"thumbnailUrl\":\"https:\/\/tiandeproducts.co.uk\/wp-content\/uploads\/2018\/07\/135415.jpg\",\"datePublished\":\"2018-07-17T16:38:43+00:00\",\"dateModified\":\"2021-02-12T12:01:13+00:00\",\"breadcrumb\":{\"@id\":\"https:\/\/tiandeproducts.co.uk\/pl\/kompleks-funkcjonalny-zloty-amarantus\/#breadcrumb\"},\"inLanguage\":\"pl-PL\",\"potentialAction\":[{\"@type\":\"ReadAction\",\"target\":[\"https:\/\/tiandeproducts.co.uk\/pl\/kompleks-funkcjonalny-zloty-amarantus\/\"]}]},{\"@type\":\"ImageObject\",\"inLanguage\":\"pl-PL\",\"@id\":\"https:\/\/tiandeproducts.co.uk\/pl\/kompleks-funkcjonalny-zloty-amarantus\/#primaryimage\",\"url\":\"https:\/\/tiandeproducts.co.uk\/wp-content\/uploads\/2018\/07\/135415.jpg\",\"contentUrl\":\"https:\/\/tiandeproducts.co.uk\/wp-content\/uploads\/2018\/07\/135415.jpg\",\"width\":700,\"height\":700,\"caption\":\"Golden Amaranth Oil Food Supplement, 50capsules-0\"},{\"@type\":\"BreadcrumbList\",\"@id\":\"https:\/\/tiandeproducts.co.uk\/pl\/kompleks-funkcjonalny-zloty-amarantus\/#breadcrumb\",\"itemListElement\":[{\"@type\":\"ListItem\",\"position\":1,\"name\":\"Home\",\"item\":\"https:\/\/tiandeproducts.co.uk\/pl\/\"},{\"@type\":\"ListItem\",\"position\":2,\"name\":\"Shop\",\"item\":\"https:\/\/tiandeproducts.co.uk\/pl\/shop-2\/\"},{\"@type\":\"ListItem\",\"position\":3,\"name\":\"Kompleks funkcjonalny \u201eZ\u0142oty amarantus\u201c,50 kapsu\u0142ek\"}]},{\"@type\":\"WebSite\",\"@id\":\"https:\/\/tiandeproducts.co.uk\/#website\",\"url\":\"https:\/\/tiandeproducts.co.uk\/\",\"name\":\"TianDe Online Shop - Beauty & Health\",\"description\":\"Traditional Chinese Medicine\",\"potentialAction\":[{\"@type\":\"SearchAction\",\"target\":{\"@type\":\"EntryPoint\",\"urlTemplate\":\"https:\/\/tiandeproducts.co.uk\/?s={search_term_string}\"},\"query-input\":{\"@type\":\"PropertyValueSpecification\",\"valueRequired\":true,\"valueName\":\"search_term_string\"}}],\"inLanguage\":\"pl-PL\"}]}<\/script>\n<!-- \/ Yoast SEO plugin. -->","yoast_head_json":{"title":"Kompleks funkcjonalny \u201eZ\u0142oty amarantus\u201c,50 kapsu\u0142ek - TianDe Online Shop - Beauty &amp; Health","robots":{"index":"index","follow":"follow","max-snippet":"max-snippet:-1","max-image-preview":"max-image-preview:large","max-video-preview":"max-video-preview:-1"},"canonical":"https:\/\/tiandeproducts.co.uk\/pl\/kompleks-funkcjonalny-zloty-amarantus\/","og_locale":"pl_PL","og_type":"article","og_title":"Kompleks funkcjonalny \u201eZ\u0142oty amarantus\u201c,50 kapsu\u0142ek - TianDe Online Shop - Beauty &amp; Health","og_description":"\u00a0Earn 38 points worth \u00a31.90 when buying this product Kompleks w 100% sk\u0142ada si\u0119 z naturalnego olejku z zarodk\u00f3w amarantusa &#8211; to najcenniejsza rzecz zawarta w tej legendarnej ro\u015blinie. To niewyczerpane \u017ar\u00f3d\u0142o korzystnych dla organizmu substancji. \u201eAmaranthus\u201c w t\u0142umaczeniu z greckiego oznacza \u201ewiecznie \u017cywy kwiat\u201c W\u0142a\u015bciwo\u015bci lecznicze tej ro\u015bliny s\u0105 znane od czas\u00f3w staro\u017cytno\u015bci. &#8211; [...]","og_url":"https:\/\/tiandeproducts.co.uk\/pl\/kompleks-funkcjonalny-zloty-amarantus\/","og_site_name":"TianDe Online Shop - Beauty &amp; Health","article_publisher":"https:\/\/www.facebook.com\/tiande.products.england\/","article_modified_time":"2021-02-12T12:01:13+00:00","og_image":[{"width":700,"height":700,"url":"https:\/\/tiandeproducts.co.uk\/wp-content\/uploads\/2018\/07\/135415.jpg","type":"image\/jpeg"}],"twitter_card":"summary_large_image","twitter_misc":{"Szacowany czas czytania":"2 minuty"},"schema":{"@context":"https:\/\/schema.org","@graph":[{"@type":"WebPage","@id":"https:\/\/tiandeproducts.co.uk\/pl\/kompleks-funkcjonalny-zloty-amarantus\/","url":"https:\/\/tiandeproducts.co.uk\/pl\/kompleks-funkcjonalny-zloty-amarantus\/","name":"Kompleks funkcjonalny \u201eZ\u0142oty amarantus\u201c,50 kapsu\u0142ek - TianDe Online Shop - Beauty &amp; Health","isPartOf":{"@id":"https:\/\/tiandeproducts.co.uk\/#website"},"primaryImageOfPage":{"@id":"https:\/\/tiandeproducts.co.uk\/pl\/kompleks-funkcjonalny-zloty-amarantus\/#primaryimage"},"image":{"@id":"https:\/\/tiandeproducts.co.uk\/pl\/kompleks-funkcjonalny-zloty-amarantus\/#primaryimage"},"thumbnailUrl":"https:\/\/tiandeproducts.co.uk\/wp-content\/uploads\/2018\/07\/135415.jpg","datePublished":"2018-07-17T16:38:43+00:00","dateModified":"2021-02-12T12:01:13+00:00","breadcrumb":{"@id":"https:\/\/tiandeproducts.co.uk\/pl\/kompleks-funkcjonalny-zloty-amarantus\/#breadcrumb"},"inLanguage":"pl-PL","potentialAction":[{"@type":"ReadAction","target":["https:\/\/tiandeproducts.co.uk\/pl\/kompleks-funkcjonalny-zloty-amarantus\/"]}]},{"@type":"ImageObject","inLanguage":"pl-PL","@id":"https:\/\/tiandeproducts.co.uk\/pl\/kompleks-funkcjonalny-zloty-amarantus\/#primaryimage","url":"https:\/\/tiandeproducts.co.uk\/wp-content\/uploads\/2018\/07\/135415.jpg","contentUrl":"https:\/\/tiandeproducts.co.uk\/wp-content\/uploads\/2018\/07\/135415.jpg","width":700,"height":700,"caption":"Golden Amaranth Oil Food Supplement, 50capsules-0"},{"@type":"BreadcrumbList","@id":"https:\/\/tiandeproducts.co.uk\/pl\/kompleks-funkcjonalny-zloty-amarantus\/#breadcrumb","itemListElement":[{"@type":"ListItem","position":1,"name":"Home","item":"https:\/\/tiandeproducts.co.uk\/pl\/"},{"@type":"ListItem","position":2,"name":"Shop","item":"https:\/\/tiandeproducts.co.uk\/pl\/shop-2\/"},{"@type":"ListItem","position":3,"name":"Kompleks funkcjonalny \u201eZ\u0142oty amarantus\u201c,50 kapsu\u0142ek"}]},{"@type":"WebSite","@id":"https:\/\/tiandeproducts.co.uk\/#website","url":"https:\/\/tiandeproducts.co.uk\/","name":"TianDe Online Shop - Beauty & Health","description":"Traditional Chinese Medicine","potentialAction":[{"@type":"SearchAction","target":{"@type":"EntryPoint","urlTemplate":"https:\/\/tiandeproducts.co.uk\/?s={search_term_string}"},"query-input":{"@type":"PropertyValueSpecification","valueRequired":true,"valueName":"search_term_string"}}],"inLanguage":"pl-PL"}]}},"_links":{"self":[{"href":"https:\/\/tiandeproducts.co.uk\/pl\/wp-json\/wp\/v2\/product\/4714","targetHints":{"allow":["GET"]}}],"collection":[{"href":"https:\/\/tiandeproducts.co.uk\/pl\/wp-json\/wp\/v2\/product"}],"about":[{"href":"https:\/\/tiandeproducts.co.uk\/pl\/wp-json\/wp\/v2\/types\/product"}],"replies":[{"embeddable":true,"href":"https:\/\/tiandeproducts.co.uk\/pl\/wp-json\/wp\/v2\/comments?post=4714"}],"wp:featuredmedia":[{"embeddable":true,"href":"https:\/\/tiandeproducts.co.uk\/pl\/wp-json\/wp\/v2\/media\/1937"}],"wp:attachment":[{"href":"https:\/\/tiandeproducts.co.uk\/pl\/wp-json\/wp\/v2\/media?parent=4714"}],"wp:term":[{"taxonomy":"product_cat","embeddable":true,"href":"https:\/\/tiandeproducts.co.uk\/pl\/wp-json\/wp\/v2\/product_cat?post=4714"},{"taxonomy":"product_tag","embeddable":true,"href":"https:\/\/tiandeproducts.co.uk\/pl\/wp-json\/wp\/v2\/product_tag?post=4714"}],"curies":[{"name":"wp","href":"https:\/\/api.w.org\/{rel}","templated":true}]}}