{"id":4711,"date":"2018-11-22T10:42:25","date_gmt":"2018-11-22T10:42:25","guid":{"rendered":"https:\/\/tnd.ontesting.co.uk\/lodowy-koktajl-mix-proteinowy-ze-slodzikiem300g\/"},"modified":"2021-02-12T11:38:42","modified_gmt":"2021-02-12T11:38:42","slug":"lodowy-koktajl-mix-proteinowy-ze-slodzikiem300g","status":"publish","type":"product","link":"https:\/\/tiandeproducts.co.uk\/pl\/lodowy-koktajl-mix-proteinowy-ze-slodzikiem300g\/","title":{"rendered":"Lodowy koktajl-mix proteinowy ze s\u0142odzikiem,300g"},"content":{"rendered":"<div class=\"description\">\n<p><img decoding=\"async\" style=\"max-width: 16px; margin-right: 5px;\" src=\"https:\/\/tiandeproducts.co.uk\/wp-content\/uploads\/points-green.svg\" \/>\u00a0Earn 39 points worth \u00a31.95 when buying this product<\/p>\n<p>Jest to koktajl o delikatnym \u015bmietankowym smaku. Lodowy koktajl-mix proteinowy zosta\u0142 opracowany specjalnie dla os\u00f3b, kt\u00f3re musz\u0105 zredukowa\u0107 wag\u0119 oraz wspom\u00f3c prac\u0119 staw\u00f3w. To w\u0142a\u015bnie one najbardziej cierpi\u0105 przy wysi\u0142ku fizycznym i nadwadze.<\/p>\n<p>Lodowy koktajl-mix proteinowy zawiera dobrej jako\u015bci bia\u0142ko w optymalnych proporcjach: 55% bia\u0142ka serwatkowego i 45% bia\u0142ka ze s\u0142onecznika.<\/p>\n<p>Koktajl b\u0119dzie idealny dla sportowc\u00f3w (zar\u00f3wno profesjonalist\u00f3w, jak i amator\u00f3w). Koktajl zawiera naturalne aminokwasy, w tym optymaln\u0105 ilo\u015b\u0107 najwa\u017cniejszych i potrzebnych do kszta\u0142towania sylwetki BCAA. Te aminokwasy to leucyna, izoleucyna i walina. To w\u0142a\u015bnie ten kompleks wspomaga organizm w czasie stresu i wysi\u0142ku. Aminokwasy BCAA s\u0105 paliwem podczas trening\u00f3w, a po nich pierwsze \u201eprzychodz\u0105 z pomoc\u0105\u201c, regeneruj\u0105c mi\u0119\u015bnie i zmniejszaj\u0105c uczucie zm\u0119czenia.<\/p>\n<p>Bez soi, glutenu, cukru, konserwant\u00f3w, barwnik\u00f3w i mieszanek syntetycznych &#8211; produkt zawiera maksymaln\u0105 ilo\u015b\u0107 naturalnych sk\u0142adnik\u00f3w, w tym r\u00f3wnie\u017c aminokwas\u00f3w. Sw\u00f3j dobry smak koktajl zawdzi\u0119cza naturalnemu s\u0142odzikowi &#8211; wyci\u0105gowi ze stewii.<\/p>\n<p>W jednej porcji znajduje si\u0119 11 gram\u00f3w bia\u0142ka i zaledwie 55 kcal!<\/p>\n<p>Kompleks sk\u0142adnik\u00f3w zawartych w koktajlu pomo\u017ce zadba\u0107 o stawy i osi\u0105gn\u0105\u0107 wszystkie wyznaczone cele!<\/p>\n<\/div>\n<div class=\"instruction\">\n<p><strong>ZASTOSOWANIE:<\/strong><\/p>\n<p>2-2,5 \u0142y\u017ceczki (17-20 g) suchego produktu starannie wymiesza\u0107 w 200 ml odt\u0142uszczonego mleka o temperaturze pokojowej. Mo\u017cna u\u017cy\u0107 shakera lub blendera.<\/p>\n<\/div>\n","protected":false},"excerpt":{"rendered":"<p>\u00a0Earn 39 points worth \u00a31.95 when buying this product Jest to koktajl o delikatnym \u015bmietankowym smaku. Lodowy koktajl-mix proteinowy zosta\u0142 opracowany specjalnie dla os\u00f3b, kt\u00f3re musz\u0105 zredukowa\u0107 wag\u0119 oraz wspom\u00f3c prac\u0119 staw\u00f3w. To w\u0142a\u015bnie one najbardziej cierpi\u0105 przy wysi\u0142ku fizycznym i nadwadze. Lodowy koktajl-mix proteinowy zawiera dobrej jako\u015bci bia\u0142ko w optymalnych proporcjach: 55% bia\u0142ka serwatkowego [&#8230;]\n","protected":false},"featured_media":2107,"comment_status":"closed","ping_status":"closed","template":"","meta":[],"product_cat":[721,835,833],"product_tag":[],"class_list":{"0":"post-4711","1":"product","2":"type-product","3":"status-publish","4":"has-post-thumbnail","6":"product_cat-active-life-pl","7":"product_cat-suplementy","8":"product_cat-wellness-pl","10":"first","11":"outofstock","12":"shipping-taxable","13":"purchasable","14":"product-type-simple"},"yoast_head":"<!-- This site is optimized with the Yoast SEO plugin v23.6 - https:\/\/yoast.com\/wordpress\/plugins\/seo\/ -->\n<title>Lodowy koktajl-mix proteinowy ze s\u0142odzikiem,300g - TianDe Online Shop - Beauty &amp; Health<\/title>\n<meta name=\"robots\" content=\"index, follow, max-snippet:-1, max-image-preview:large, max-video-preview:-1\" \/>\n<link rel=\"canonical\" href=\"https:\/\/tiandeproducts.co.uk\/pl\/lodowy-koktajl-mix-proteinowy-ze-slodzikiem300g\/\" \/>\n<meta property=\"og:locale\" content=\"pl_PL\" \/>\n<meta property=\"og:type\" content=\"article\" \/>\n<meta property=\"og:title\" content=\"Lodowy koktajl-mix proteinowy ze s\u0142odzikiem,300g - TianDe Online Shop - Beauty &amp; Health\" \/>\n<meta property=\"og:description\" content=\"\u00a0Earn 39 points worth \u00a31.95 when buying this product Jest to koktajl o delikatnym \u015bmietankowym smaku. Lodowy koktajl-mix proteinowy zosta\u0142 opracowany specjalnie dla os\u00f3b, kt\u00f3re musz\u0105 zredukowa\u0107 wag\u0119 oraz wspom\u00f3c prac\u0119 staw\u00f3w. To w\u0142a\u015bnie one najbardziej cierpi\u0105 przy wysi\u0142ku fizycznym i nadwadze. Lodowy koktajl-mix proteinowy zawiera dobrej jako\u015bci bia\u0142ko w optymalnych proporcjach: 55% bia\u0142ka serwatkowego [...]\" \/>\n<meta property=\"og:url\" content=\"https:\/\/tiandeproducts.co.uk\/pl\/lodowy-koktajl-mix-proteinowy-ze-slodzikiem300g\/\" \/>\n<meta property=\"og:site_name\" content=\"TianDe Online Shop - Beauty &amp; Health\" \/>\n<meta property=\"article:publisher\" content=\"https:\/\/www.facebook.com\/tiande.products.england\/\" \/>\n<meta property=\"article:modified_time\" content=\"2021-02-12T11:38:42+00:00\" \/>\n<meta property=\"og:image\" content=\"https:\/\/tiandeproducts.co.uk\/wp-content\/uploads\/2018\/11\/195418.jpg\" \/>\n\t<meta property=\"og:image:width\" content=\"700\" \/>\n\t<meta property=\"og:image:height\" content=\"700\" \/>\n\t<meta property=\"og:image:type\" content=\"image\/jpeg\" \/>\n<meta name=\"twitter:card\" content=\"summary_large_image\" \/>\n<meta name=\"twitter:label1\" content=\"Szacowany czas czytania\" \/>\n\t<meta name=\"twitter:data1\" content=\"1 minuta\" \/>\n<script type=\"application\/ld+json\" class=\"yoast-schema-graph\">{\"@context\":\"https:\/\/schema.org\",\"@graph\":[{\"@type\":\"WebPage\",\"@id\":\"https:\/\/tiandeproducts.co.uk\/pl\/lodowy-koktajl-mix-proteinowy-ze-slodzikiem300g\/\",\"url\":\"https:\/\/tiandeproducts.co.uk\/pl\/lodowy-koktajl-mix-proteinowy-ze-slodzikiem300g\/\",\"name\":\"Lodowy koktajl-mix proteinowy ze s\u0142odzikiem,300g - TianDe Online Shop - Beauty &amp; Health\",\"isPartOf\":{\"@id\":\"https:\/\/tiandeproducts.co.uk\/#website\"},\"primaryImageOfPage\":{\"@id\":\"https:\/\/tiandeproducts.co.uk\/pl\/lodowy-koktajl-mix-proteinowy-ze-slodzikiem300g\/#primaryimage\"},\"image\":{\"@id\":\"https:\/\/tiandeproducts.co.uk\/pl\/lodowy-koktajl-mix-proteinowy-ze-slodzikiem300g\/#primaryimage\"},\"thumbnailUrl\":\"https:\/\/tiandeproducts.co.uk\/wp-content\/uploads\/2018\/11\/195418.jpg\",\"datePublished\":\"2018-11-22T10:42:25+00:00\",\"dateModified\":\"2021-02-12T11:38:42+00:00\",\"breadcrumb\":{\"@id\":\"https:\/\/tiandeproducts.co.uk\/pl\/lodowy-koktajl-mix-proteinowy-ze-slodzikiem300g\/#breadcrumb\"},\"inLanguage\":\"pl-PL\",\"potentialAction\":[{\"@type\":\"ReadAction\",\"target\":[\"https:\/\/tiandeproducts.co.uk\/pl\/lodowy-koktajl-mix-proteinowy-ze-slodzikiem300g\/\"]}]},{\"@type\":\"ImageObject\",\"inLanguage\":\"pl-PL\",\"@id\":\"https:\/\/tiandeproducts.co.uk\/pl\/lodowy-koktajl-mix-proteinowy-ze-slodzikiem300g\/#primaryimage\",\"url\":\"https:\/\/tiandeproducts.co.uk\/wp-content\/uploads\/2018\/11\/195418.jpg\",\"contentUrl\":\"https:\/\/tiandeproducts.co.uk\/wp-content\/uploads\/2018\/11\/195418.jpg\",\"width\":700,\"height\":700,\"caption\":\"Protein Shake Slim Hondro Mix \u2013 In motion,300g-0\"},{\"@type\":\"BreadcrumbList\",\"@id\":\"https:\/\/tiandeproducts.co.uk\/pl\/lodowy-koktajl-mix-proteinowy-ze-slodzikiem300g\/#breadcrumb\",\"itemListElement\":[{\"@type\":\"ListItem\",\"position\":1,\"name\":\"Home\",\"item\":\"https:\/\/tiandeproducts.co.uk\/pl\/\"},{\"@type\":\"ListItem\",\"position\":2,\"name\":\"Shop\",\"item\":\"https:\/\/tiandeproducts.co.uk\/pl\/shop-2\/\"},{\"@type\":\"ListItem\",\"position\":3,\"name\":\"Lodowy koktajl-mix proteinowy ze s\u0142odzikiem,300g\"}]},{\"@type\":\"WebSite\",\"@id\":\"https:\/\/tiandeproducts.co.uk\/#website\",\"url\":\"https:\/\/tiandeproducts.co.uk\/\",\"name\":\"TianDe Online Shop - Beauty & Health\",\"description\":\"Traditional Chinese Medicine\",\"potentialAction\":[{\"@type\":\"SearchAction\",\"target\":{\"@type\":\"EntryPoint\",\"urlTemplate\":\"https:\/\/tiandeproducts.co.uk\/?s={search_term_string}\"},\"query-input\":{\"@type\":\"PropertyValueSpecification\",\"valueRequired\":true,\"valueName\":\"search_term_string\"}}],\"inLanguage\":\"pl-PL\"}]}<\/script>\n<!-- \/ Yoast SEO plugin. -->","yoast_head_json":{"title":"Lodowy koktajl-mix proteinowy ze s\u0142odzikiem,300g - TianDe Online Shop - Beauty &amp; Health","robots":{"index":"index","follow":"follow","max-snippet":"max-snippet:-1","max-image-preview":"max-image-preview:large","max-video-preview":"max-video-preview:-1"},"canonical":"https:\/\/tiandeproducts.co.uk\/pl\/lodowy-koktajl-mix-proteinowy-ze-slodzikiem300g\/","og_locale":"pl_PL","og_type":"article","og_title":"Lodowy koktajl-mix proteinowy ze s\u0142odzikiem,300g - TianDe Online Shop - Beauty &amp; Health","og_description":"\u00a0Earn 39 points worth \u00a31.95 when buying this product Jest to koktajl o delikatnym \u015bmietankowym smaku. Lodowy koktajl-mix proteinowy zosta\u0142 opracowany specjalnie dla os\u00f3b, kt\u00f3re musz\u0105 zredukowa\u0107 wag\u0119 oraz wspom\u00f3c prac\u0119 staw\u00f3w. To w\u0142a\u015bnie one najbardziej cierpi\u0105 przy wysi\u0142ku fizycznym i nadwadze. Lodowy koktajl-mix proteinowy zawiera dobrej jako\u015bci bia\u0142ko w optymalnych proporcjach: 55% bia\u0142ka serwatkowego [...]","og_url":"https:\/\/tiandeproducts.co.uk\/pl\/lodowy-koktajl-mix-proteinowy-ze-slodzikiem300g\/","og_site_name":"TianDe Online Shop - Beauty &amp; Health","article_publisher":"https:\/\/www.facebook.com\/tiande.products.england\/","article_modified_time":"2021-02-12T11:38:42+00:00","og_image":[{"width":700,"height":700,"url":"https:\/\/tiandeproducts.co.uk\/wp-content\/uploads\/2018\/11\/195418.jpg","type":"image\/jpeg"}],"twitter_card":"summary_large_image","twitter_misc":{"Szacowany czas czytania":"1 minuta"},"schema":{"@context":"https:\/\/schema.org","@graph":[{"@type":"WebPage","@id":"https:\/\/tiandeproducts.co.uk\/pl\/lodowy-koktajl-mix-proteinowy-ze-slodzikiem300g\/","url":"https:\/\/tiandeproducts.co.uk\/pl\/lodowy-koktajl-mix-proteinowy-ze-slodzikiem300g\/","name":"Lodowy koktajl-mix proteinowy ze s\u0142odzikiem,300g - TianDe Online Shop - Beauty &amp; Health","isPartOf":{"@id":"https:\/\/tiandeproducts.co.uk\/#website"},"primaryImageOfPage":{"@id":"https:\/\/tiandeproducts.co.uk\/pl\/lodowy-koktajl-mix-proteinowy-ze-slodzikiem300g\/#primaryimage"},"image":{"@id":"https:\/\/tiandeproducts.co.uk\/pl\/lodowy-koktajl-mix-proteinowy-ze-slodzikiem300g\/#primaryimage"},"thumbnailUrl":"https:\/\/tiandeproducts.co.uk\/wp-content\/uploads\/2018\/11\/195418.jpg","datePublished":"2018-11-22T10:42:25+00:00","dateModified":"2021-02-12T11:38:42+00:00","breadcrumb":{"@id":"https:\/\/tiandeproducts.co.uk\/pl\/lodowy-koktajl-mix-proteinowy-ze-slodzikiem300g\/#breadcrumb"},"inLanguage":"pl-PL","potentialAction":[{"@type":"ReadAction","target":["https:\/\/tiandeproducts.co.uk\/pl\/lodowy-koktajl-mix-proteinowy-ze-slodzikiem300g\/"]}]},{"@type":"ImageObject","inLanguage":"pl-PL","@id":"https:\/\/tiandeproducts.co.uk\/pl\/lodowy-koktajl-mix-proteinowy-ze-slodzikiem300g\/#primaryimage","url":"https:\/\/tiandeproducts.co.uk\/wp-content\/uploads\/2018\/11\/195418.jpg","contentUrl":"https:\/\/tiandeproducts.co.uk\/wp-content\/uploads\/2018\/11\/195418.jpg","width":700,"height":700,"caption":"Protein Shake Slim Hondro Mix \u2013 In motion,300g-0"},{"@type":"BreadcrumbList","@id":"https:\/\/tiandeproducts.co.uk\/pl\/lodowy-koktajl-mix-proteinowy-ze-slodzikiem300g\/#breadcrumb","itemListElement":[{"@type":"ListItem","position":1,"name":"Home","item":"https:\/\/tiandeproducts.co.uk\/pl\/"},{"@type":"ListItem","position":2,"name":"Shop","item":"https:\/\/tiandeproducts.co.uk\/pl\/shop-2\/"},{"@type":"ListItem","position":3,"name":"Lodowy koktajl-mix proteinowy ze s\u0142odzikiem,300g"}]},{"@type":"WebSite","@id":"https:\/\/tiandeproducts.co.uk\/#website","url":"https:\/\/tiandeproducts.co.uk\/","name":"TianDe Online Shop - Beauty & Health","description":"Traditional Chinese Medicine","potentialAction":[{"@type":"SearchAction","target":{"@type":"EntryPoint","urlTemplate":"https:\/\/tiandeproducts.co.uk\/?s={search_term_string}"},"query-input":{"@type":"PropertyValueSpecification","valueRequired":true,"valueName":"search_term_string"}}],"inLanguage":"pl-PL"}]}},"_links":{"self":[{"href":"https:\/\/tiandeproducts.co.uk\/pl\/wp-json\/wp\/v2\/product\/4711","targetHints":{"allow":["GET"]}}],"collection":[{"href":"https:\/\/tiandeproducts.co.uk\/pl\/wp-json\/wp\/v2\/product"}],"about":[{"href":"https:\/\/tiandeproducts.co.uk\/pl\/wp-json\/wp\/v2\/types\/product"}],"replies":[{"embeddable":true,"href":"https:\/\/tiandeproducts.co.uk\/pl\/wp-json\/wp\/v2\/comments?post=4711"}],"wp:featuredmedia":[{"embeddable":true,"href":"https:\/\/tiandeproducts.co.uk\/pl\/wp-json\/wp\/v2\/media\/2107"}],"wp:attachment":[{"href":"https:\/\/tiandeproducts.co.uk\/pl\/wp-json\/wp\/v2\/media?parent=4711"}],"wp:term":[{"taxonomy":"product_cat","embeddable":true,"href":"https:\/\/tiandeproducts.co.uk\/pl\/wp-json\/wp\/v2\/product_cat?post=4711"},{"taxonomy":"product_tag","embeddable":true,"href":"https:\/\/tiandeproducts.co.uk\/pl\/wp-json\/wp\/v2\/product_tag?post=4711"}],"curies":[{"name":"wp","href":"https:\/\/api.w.org\/{rel}","templated":true}]}}