{"id":4710,"date":"2018-11-22T10:50:40","date_gmt":"2018-11-22T10:50:40","guid":{"rendered":"https:\/\/tnd.ontesting.co.uk\/czekoladowy-koktajl-mix-proteinowy-ze-slodzikiem300g\/"},"modified":"2021-02-12T11:37:51","modified_gmt":"2021-02-12T11:37:51","slug":"czekoladowy-koktajl-mix-proteinowy-ze-slodzikiem300g","status":"publish","type":"product","link":"https:\/\/tiandeproducts.co.uk\/pl\/czekoladowy-koktajl-mix-proteinowy-ze-slodzikiem300g\/","title":{"rendered":"Czekoladowy koktajl-mix proteinowy ze s\u0142odzikiem,300g"},"content":{"rendered":"<div class=\"description\">\n<p><img decoding=\"async\" style=\"max-width: 16px; margin-right: 5px;\" src=\"https:\/\/tiandeproducts.co.uk\/wp-content\/uploads\/points-green.svg\" \/>\u00a0Earn 33 points worth \u00a31.65 when buying this product<\/p>\n<p>Masz wyrzuty sumienia w zwi\u0105zku z wieczorn\u0105 ochot\u0105 na s\u0142odkie? Chcesz zrzuci\u0107 kilka zb\u0119dnych kilogram\u00f3w i zyska\u0107 idealne kszta\u0142ty? Czy te\u017c aktywnie uprawiasz sport i chcesz osi\u0105gn\u0105\u0107 maksymalne wyniki?<\/p>\n<p>Teraz osi\u0105gni\u0119cie wszystkich postawionych cel\u00f3w jest proste nawet bez rezygnacji z ulubionego deseru. Chocolate Mix Protein Shake o smaku czekolady to idealne po\u0142\u0105czenie smaku i korzy\u015bci. Zawiera dobrej jako\u015bci bia\u0142ko w optymalnych proporcjach: 55% bia\u0142ka serwatkowego i 45% bia\u0142ka ze s\u0142onecznika.<\/p>\n<p>Bez soi, glutenu, cukru, konserwant\u00f3w, barwnik\u00f3w i mieszanek syntetycznych &#8211; produkt zawiera maksymaln\u0105 ilo\u015b\u0107 naturalnych sk\u0142adnik\u00f3w, w tym r\u00f3wnie\u017c aminokwas\u00f3w. Sw\u00f3j dobry smak koktajl zawdzi\u0119cza naturalnemu s\u0142odzikowi &#8211; wyci\u0105gowi ze stewii.<\/p>\n<p>W jednej porcji znajduje si\u0119 11 gram\u00f3w bia\u0142ka i zaledwie 50 kcal! Dzi\u0119ki temu koktajlowi Twoja waga b\u0119dzie w normie, a zdrowie na plus!<\/p>\n<p>Dla kogo jest zalecany ten koktajl?<br \/>\n&#8211; Dla sportowc\u00f3w (zar\u00f3wno profesjonalist\u00f3w, jak i amator\u00f3w). Koktajl zawiera naturalne aminokwasy, w tym optymaln\u0105 ilo\u015b\u0107 najwa\u017cniejszych i potrzebnych do kszta\u0142towania sylwetki BCAA. Jest to kompleks aminokwas\u00f3w &#8211; leucyny, izoleucyny i waliny, kt\u00f3ry wspomaga organizm podczas stresu i wysi\u0142ku. Aminokwasy BCAA s\u0105 paliwem podczas trening\u00f3w, a po nich pierwsze \u201eprzychodz\u0105 z pomoc\u0105\u201c, regeneruj\u0105c mi\u0119\u015bnie i zmniejszaj\u0105c uczucie zm\u0119czenia.<br \/>\n&#8211; Dla os\u00f3b, kt\u00f3rych waga stan\u0119\u0142a w martwym punkcie. Czekoladowy koktajl-mix proteinowy b\u0119dzie silnym bod\u017acem do jej redukcji.<br \/>\n&#8211; Dla os\u00f3b, kt\u00f3re chc\u0105 pozby\u0107 si\u0119 nadwagi, poczu\u0107 si\u0119 rze\u015bko i zdrowo. Sk\u0142adniki aktywne Czekoladowy koktajl-mix proteinowy od TianDe zmniejszaj\u0105 uczucie g\u0142odu i apetyt na s\u0142odkie.<br \/>\n&#8211; Dla m\u0142odych os\u00f3b\/student\u00f3w. Czekoladowy koktajl-mix proteinowy uzupe\u0142nia ich diet\u0119 o prawid\u0142owe bia\u0142ko.<br \/>\n&#8211; Dla os\u00f3b starszych. W ich diecie z regu\u0142y brakuje bia\u0142ka zwierz\u0119cego, kt\u00f3re uzupe\u0142nia koktajl.<br \/>\n&#8211; Dla wszystkich! Bia\u0142ko jest materia\u0142em budulcowym w naszym organizmie!<\/p>\n<\/div>\n<div class=\"instruction\">\n<p><strong>ZASTOSOWANIE:<\/strong><\/p>\n<p>2-2,5 \u0142y\u017ceczki (17-20 g) suchego produktu starannie wymiesza\u0107 w 200 ml odt\u0142uszczonego mleka o temperaturze pokojowej. Mo\u017cna u\u017cy\u0107 shakera lub blendera.<\/p>\n<\/div>\n","protected":false},"excerpt":{"rendered":"<p>\u00a0Earn 33 points worth \u00a31.65 when buying this product Masz wyrzuty sumienia w zwi\u0105zku z wieczorn\u0105 ochot\u0105 na s\u0142odkie? Chcesz zrzuci\u0107 kilka zb\u0119dnych kilogram\u00f3w i zyska\u0107 idealne kszta\u0142ty? Czy te\u017c aktywnie uprawiasz sport i chcesz osi\u0105gn\u0105\u0107 maksymalne wyniki? Teraz osi\u0105gni\u0119cie wszystkich postawionych cel\u00f3w jest proste nawet bez rezygnacji z ulubionego deseru. Chocolate Mix Protein Shake [&#8230;]\n","protected":false},"featured_media":15882,"comment_status":"closed","ping_status":"closed","template":"","meta":[],"product_cat":[721,835,833,1371],"product_tag":[],"class_list":{"0":"post-4710","1":"product","2":"type-product","3":"status-publish","4":"has-post-thumbnail","6":"product_cat-active-life-pl","7":"product_cat-suplementy","8":"product_cat-wellness-pl","9":"product_cat-zdrowe-jedzenie","11":"first","12":"outofstock","13":"shipping-taxable","14":"purchasable","15":"product-type-simple"},"yoast_head":"<!-- This site is optimized with the Yoast SEO plugin v23.6 - https:\/\/yoast.com\/wordpress\/plugins\/seo\/ -->\n<title>Czekoladowy koktajl-mix proteinowy ze s\u0142odzikiem,300g - TianDe Online Shop - Beauty &amp; Health<\/title>\n<meta name=\"robots\" content=\"index, follow, max-snippet:-1, max-image-preview:large, max-video-preview:-1\" \/>\n<link rel=\"canonical\" href=\"https:\/\/tiandeproducts.co.uk\/pl\/czekoladowy-koktajl-mix-proteinowy-ze-slodzikiem300g\/\" \/>\n<meta property=\"og:locale\" content=\"pl_PL\" \/>\n<meta property=\"og:type\" content=\"article\" \/>\n<meta property=\"og:title\" content=\"Czekoladowy koktajl-mix proteinowy ze s\u0142odzikiem,300g - TianDe Online Shop - Beauty &amp; Health\" \/>\n<meta property=\"og:description\" content=\"\u00a0Earn 33 points worth \u00a31.65 when buying this product Masz wyrzuty sumienia w zwi\u0105zku z wieczorn\u0105 ochot\u0105 na s\u0142odkie? Chcesz zrzuci\u0107 kilka zb\u0119dnych kilogram\u00f3w i zyska\u0107 idealne kszta\u0142ty? Czy te\u017c aktywnie uprawiasz sport i chcesz osi\u0105gn\u0105\u0107 maksymalne wyniki? Teraz osi\u0105gni\u0119cie wszystkich postawionych cel\u00f3w jest proste nawet bez rezygnacji z ulubionego deseru. Chocolate Mix Protein Shake [...]\" \/>\n<meta property=\"og:url\" content=\"https:\/\/tiandeproducts.co.uk\/pl\/czekoladowy-koktajl-mix-proteinowy-ze-slodzikiem300g\/\" \/>\n<meta property=\"og:site_name\" content=\"TianDe Online Shop - Beauty &amp; Health\" \/>\n<meta property=\"article:publisher\" content=\"https:\/\/www.facebook.com\/tiande.products.england\/\" \/>\n<meta property=\"article:modified_time\" content=\"2021-02-12T11:37:51+00:00\" \/>\n<meta property=\"og:image\" content=\"https:\/\/tiandeproducts.co.uk\/wp-content\/uploads\/195450.png\" \/>\n\t<meta property=\"og:image:width\" content=\"700\" \/>\n\t<meta property=\"og:image:height\" content=\"700\" \/>\n\t<meta property=\"og:image:type\" content=\"image\/png\" \/>\n<meta name=\"twitter:card\" content=\"summary_large_image\" \/>\n<meta name=\"twitter:label1\" content=\"Szacowany czas czytania\" \/>\n\t<meta name=\"twitter:data1\" content=\"2 minuty\" \/>\n<script type=\"application\/ld+json\" class=\"yoast-schema-graph\">{\"@context\":\"https:\/\/schema.org\",\"@graph\":[{\"@type\":\"WebPage\",\"@id\":\"https:\/\/tiandeproducts.co.uk\/pl\/czekoladowy-koktajl-mix-proteinowy-ze-slodzikiem300g\/\",\"url\":\"https:\/\/tiandeproducts.co.uk\/pl\/czekoladowy-koktajl-mix-proteinowy-ze-slodzikiem300g\/\",\"name\":\"Czekoladowy koktajl-mix proteinowy ze s\u0142odzikiem,300g - TianDe Online Shop - Beauty &amp; Health\",\"isPartOf\":{\"@id\":\"https:\/\/tiandeproducts.co.uk\/#website\"},\"primaryImageOfPage\":{\"@id\":\"https:\/\/tiandeproducts.co.uk\/pl\/czekoladowy-koktajl-mix-proteinowy-ze-slodzikiem300g\/#primaryimage\"},\"image\":{\"@id\":\"https:\/\/tiandeproducts.co.uk\/pl\/czekoladowy-koktajl-mix-proteinowy-ze-slodzikiem300g\/#primaryimage\"},\"thumbnailUrl\":\"https:\/\/tiandeproducts.co.uk\/wp-content\/uploads\/195450.png\",\"datePublished\":\"2018-11-22T10:50:40+00:00\",\"dateModified\":\"2021-02-12T11:37:51+00:00\",\"breadcrumb\":{\"@id\":\"https:\/\/tiandeproducts.co.uk\/pl\/czekoladowy-koktajl-mix-proteinowy-ze-slodzikiem300g\/#breadcrumb\"},\"inLanguage\":\"pl-PL\",\"potentialAction\":[{\"@type\":\"ReadAction\",\"target\":[\"https:\/\/tiandeproducts.co.uk\/pl\/czekoladowy-koktajl-mix-proteinowy-ze-slodzikiem300g\/\"]}]},{\"@type\":\"ImageObject\",\"inLanguage\":\"pl-PL\",\"@id\":\"https:\/\/tiandeproducts.co.uk\/pl\/czekoladowy-koktajl-mix-proteinowy-ze-slodzikiem300g\/#primaryimage\",\"url\":\"https:\/\/tiandeproducts.co.uk\/wp-content\/uploads\/195450.png\",\"contentUrl\":\"https:\/\/tiandeproducts.co.uk\/wp-content\/uploads\/195450.png\",\"width\":700,\"height\":700},{\"@type\":\"BreadcrumbList\",\"@id\":\"https:\/\/tiandeproducts.co.uk\/pl\/czekoladowy-koktajl-mix-proteinowy-ze-slodzikiem300g\/#breadcrumb\",\"itemListElement\":[{\"@type\":\"ListItem\",\"position\":1,\"name\":\"Home\",\"item\":\"https:\/\/tiandeproducts.co.uk\/pl\/\"},{\"@type\":\"ListItem\",\"position\":2,\"name\":\"Shop\",\"item\":\"https:\/\/tiandeproducts.co.uk\/pl\/shop-2\/\"},{\"@type\":\"ListItem\",\"position\":3,\"name\":\"Czekoladowy koktajl-mix proteinowy ze s\u0142odzikiem,300g\"}]},{\"@type\":\"WebSite\",\"@id\":\"https:\/\/tiandeproducts.co.uk\/#website\",\"url\":\"https:\/\/tiandeproducts.co.uk\/\",\"name\":\"TianDe Online Shop - Beauty & Health\",\"description\":\"Traditional Chinese Medicine\",\"potentialAction\":[{\"@type\":\"SearchAction\",\"target\":{\"@type\":\"EntryPoint\",\"urlTemplate\":\"https:\/\/tiandeproducts.co.uk\/?s={search_term_string}\"},\"query-input\":{\"@type\":\"PropertyValueSpecification\",\"valueRequired\":true,\"valueName\":\"search_term_string\"}}],\"inLanguage\":\"pl-PL\"}]}<\/script>\n<!-- \/ Yoast SEO plugin. -->","yoast_head_json":{"title":"Czekoladowy koktajl-mix proteinowy ze s\u0142odzikiem,300g - TianDe Online Shop - Beauty &amp; Health","robots":{"index":"index","follow":"follow","max-snippet":"max-snippet:-1","max-image-preview":"max-image-preview:large","max-video-preview":"max-video-preview:-1"},"canonical":"https:\/\/tiandeproducts.co.uk\/pl\/czekoladowy-koktajl-mix-proteinowy-ze-slodzikiem300g\/","og_locale":"pl_PL","og_type":"article","og_title":"Czekoladowy koktajl-mix proteinowy ze s\u0142odzikiem,300g - TianDe Online Shop - Beauty &amp; Health","og_description":"\u00a0Earn 33 points worth \u00a31.65 when buying this product Masz wyrzuty sumienia w zwi\u0105zku z wieczorn\u0105 ochot\u0105 na s\u0142odkie? Chcesz zrzuci\u0107 kilka zb\u0119dnych kilogram\u00f3w i zyska\u0107 idealne kszta\u0142ty? Czy te\u017c aktywnie uprawiasz sport i chcesz osi\u0105gn\u0105\u0107 maksymalne wyniki? Teraz osi\u0105gni\u0119cie wszystkich postawionych cel\u00f3w jest proste nawet bez rezygnacji z ulubionego deseru. Chocolate Mix Protein Shake [...]","og_url":"https:\/\/tiandeproducts.co.uk\/pl\/czekoladowy-koktajl-mix-proteinowy-ze-slodzikiem300g\/","og_site_name":"TianDe Online Shop - Beauty &amp; Health","article_publisher":"https:\/\/www.facebook.com\/tiande.products.england\/","article_modified_time":"2021-02-12T11:37:51+00:00","og_image":[{"width":700,"height":700,"url":"https:\/\/tiandeproducts.co.uk\/wp-content\/uploads\/195450.png","type":"image\/png"}],"twitter_card":"summary_large_image","twitter_misc":{"Szacowany czas czytania":"2 minuty"},"schema":{"@context":"https:\/\/schema.org","@graph":[{"@type":"WebPage","@id":"https:\/\/tiandeproducts.co.uk\/pl\/czekoladowy-koktajl-mix-proteinowy-ze-slodzikiem300g\/","url":"https:\/\/tiandeproducts.co.uk\/pl\/czekoladowy-koktajl-mix-proteinowy-ze-slodzikiem300g\/","name":"Czekoladowy koktajl-mix proteinowy ze s\u0142odzikiem,300g - TianDe Online Shop - Beauty &amp; Health","isPartOf":{"@id":"https:\/\/tiandeproducts.co.uk\/#website"},"primaryImageOfPage":{"@id":"https:\/\/tiandeproducts.co.uk\/pl\/czekoladowy-koktajl-mix-proteinowy-ze-slodzikiem300g\/#primaryimage"},"image":{"@id":"https:\/\/tiandeproducts.co.uk\/pl\/czekoladowy-koktajl-mix-proteinowy-ze-slodzikiem300g\/#primaryimage"},"thumbnailUrl":"https:\/\/tiandeproducts.co.uk\/wp-content\/uploads\/195450.png","datePublished":"2018-11-22T10:50:40+00:00","dateModified":"2021-02-12T11:37:51+00:00","breadcrumb":{"@id":"https:\/\/tiandeproducts.co.uk\/pl\/czekoladowy-koktajl-mix-proteinowy-ze-slodzikiem300g\/#breadcrumb"},"inLanguage":"pl-PL","potentialAction":[{"@type":"ReadAction","target":["https:\/\/tiandeproducts.co.uk\/pl\/czekoladowy-koktajl-mix-proteinowy-ze-slodzikiem300g\/"]}]},{"@type":"ImageObject","inLanguage":"pl-PL","@id":"https:\/\/tiandeproducts.co.uk\/pl\/czekoladowy-koktajl-mix-proteinowy-ze-slodzikiem300g\/#primaryimage","url":"https:\/\/tiandeproducts.co.uk\/wp-content\/uploads\/195450.png","contentUrl":"https:\/\/tiandeproducts.co.uk\/wp-content\/uploads\/195450.png","width":700,"height":700},{"@type":"BreadcrumbList","@id":"https:\/\/tiandeproducts.co.uk\/pl\/czekoladowy-koktajl-mix-proteinowy-ze-slodzikiem300g\/#breadcrumb","itemListElement":[{"@type":"ListItem","position":1,"name":"Home","item":"https:\/\/tiandeproducts.co.uk\/pl\/"},{"@type":"ListItem","position":2,"name":"Shop","item":"https:\/\/tiandeproducts.co.uk\/pl\/shop-2\/"},{"@type":"ListItem","position":3,"name":"Czekoladowy koktajl-mix proteinowy ze s\u0142odzikiem,300g"}]},{"@type":"WebSite","@id":"https:\/\/tiandeproducts.co.uk\/#website","url":"https:\/\/tiandeproducts.co.uk\/","name":"TianDe Online Shop - Beauty & Health","description":"Traditional Chinese Medicine","potentialAction":[{"@type":"SearchAction","target":{"@type":"EntryPoint","urlTemplate":"https:\/\/tiandeproducts.co.uk\/?s={search_term_string}"},"query-input":{"@type":"PropertyValueSpecification","valueRequired":true,"valueName":"search_term_string"}}],"inLanguage":"pl-PL"}]}},"_links":{"self":[{"href":"https:\/\/tiandeproducts.co.uk\/pl\/wp-json\/wp\/v2\/product\/4710","targetHints":{"allow":["GET"]}}],"collection":[{"href":"https:\/\/tiandeproducts.co.uk\/pl\/wp-json\/wp\/v2\/product"}],"about":[{"href":"https:\/\/tiandeproducts.co.uk\/pl\/wp-json\/wp\/v2\/types\/product"}],"replies":[{"embeddable":true,"href":"https:\/\/tiandeproducts.co.uk\/pl\/wp-json\/wp\/v2\/comments?post=4710"}],"wp:featuredmedia":[{"embeddable":true,"href":"https:\/\/tiandeproducts.co.uk\/pl\/wp-json\/wp\/v2\/media\/15882"}],"wp:attachment":[{"href":"https:\/\/tiandeproducts.co.uk\/pl\/wp-json\/wp\/v2\/media?parent=4710"}],"wp:term":[{"taxonomy":"product_cat","embeddable":true,"href":"https:\/\/tiandeproducts.co.uk\/pl\/wp-json\/wp\/v2\/product_cat?post=4710"},{"taxonomy":"product_tag","embeddable":true,"href":"https:\/\/tiandeproducts.co.uk\/pl\/wp-json\/wp\/v2\/product_tag?post=4710"}],"curies":[{"name":"wp","href":"https:\/\/api.w.org\/{rel}","templated":true}]}}