{"id":4706,"date":"2019-07-13T11:22:03","date_gmt":"2019-07-13T10:22:03","guid":{"rendered":"https:\/\/tnd.ontesting.co.uk\/herbatka-ziolowa-z-dziegielem-chinskim-i-gruszynka-jednostronna-dla-kobiet-suplement-diety\/"},"modified":"2023-03-30T14:52:57","modified_gmt":"2023-03-30T13:52:57","slug":"herbatka-ziolowa-z-dziegielem-chinskim-i-gruszynka-jednostronna-dla-kobiet-suplement-diety","status":"publish","type":"product","link":"https:\/\/tiandeproducts.co.uk\/pl\/herbatka-ziolowa-z-dziegielem-chinskim-i-gruszynka-jednostronna-dla-kobiet-suplement-diety\/","title":{"rendered":"Herbatka zio\u0142owa z dzi\u0119gielem chi\u0144skim i gruszynk\u0105 jednostronn\u0105 dla kobiet &#8211; suplement diety"},"content":{"rendered":"<div class=\"description\">\n<p>Zio\u0142a, wchodz\u0105ce w sk\u0142ad zio\u0142owej herbaty, pomagaj\u0105 obni\u017cy\u0107 ryzyko rozwoju stan\u00f3w zapalnych kobiecych narz\u0105d\u00f3w.<\/p>\n<p>Zawiera fitoestrogeny, kt\u00f3re sprzyjaj\u0105 normalizacji hormon\u00f3w kobiety. Ro\u015bliny do zio\u0142owej herbaty linii \u201eDary Szamba\u0142y\u201d s\u0105 zbierane na A\u0142taju \u2013 w jednym z najbardziej czystych miejsc na Planecie. Z ka\u017cdej drobinki zio\u0142owej herbaty TianDe przy zaparzaniu uzyskuje si\u0119 maksymaln\u0105 ilo\u015b\u0107 substancji od\u017cywczych.<\/p>\n<p>Cenne w\u0142a\u015bciwo\u015bci zi\u00f3\u0142 A\u0142taju chroni innowacyjna produkcja: wiadomo, \u017ce witaminy ulatniaj\u0105 si\u0119 w temperaturze 70 stopni. W produkcji zio\u0142owych herbat TianDe nie ma takiej mo\u017cliwo\u015bci. Zio\u0142a s\u0105 przetwarzane przy obni\u017conym ci\u015bnieniu i optymalnej temperaturze, co podnosi stopie\u0144 ekstrakcji przy zaparzaniu kilka razy (w por\u00f3wnaniu z zio\u0142owymi herbatami, kt\u00f3re nie przesz\u0142y takiej procedury).<\/p>\n<p>Filtr- saszetki zio\u0142owej herbaty s\u0105 opakowane w tr\u00f3jwarstwowe opakowanie, w\u0142\u0105czaj\u0105ce saszetk\u0119, pude\u0142eczko i foli\u0119. Chroni to itaminy, makro i mikro elementy ro\u015blin.<\/p>\n<\/div>\n<div class=\"instruction\">\n<p><strong>ZASTOSOWANIE:<\/strong><\/p>\n<p>1 filtr-saszetk\u0119 zio\u0142owej herbaty zalej 1 szklank\u0105 wrz\u0105tku, zaparza\u0107 przez 5-10 minut.30 filtr pakiet\u00f3w na 1,5 g<\/p>\n<\/div>\n","protected":false},"excerpt":{"rendered":"<p>Zio\u0142a, wchodz\u0105ce w sk\u0142ad zio\u0142owej herbaty, pomagaj\u0105 obni\u017cy\u0107 ryzyko rozwoju stan\u00f3w zapalnych kobiecych narz\u0105d\u00f3w. Zawiera fitoestrogeny, kt\u00f3re sprzyjaj\u0105 normalizacji hormon\u00f3w kobiety. Ro\u015bliny do zio\u0142owej herbaty linii \u201eDary Szamba\u0142y\u201d s\u0105 zbierane na A\u0142taju \u2013 w jednym z najbardziej czystych miejsc na Planecie. Z ka\u017cdej drobinki zio\u0142owej herbaty TianDe przy zaparzaniu uzyskuje si\u0119 maksymaln\u0105 ilo\u015b\u0107 substancji od\u017cywczych. [&#8230;]\n","protected":false},"featured_media":1303,"comment_status":"closed","ping_status":"closed","template":"","meta":[],"product_cat":[860,833],"product_tag":[],"class_list":{"0":"post-4706","1":"product","2":"type-product","3":"status-publish","4":"has-post-thumbnail","6":"product_cat-fito-herbaty","7":"product_cat-wellness-pl","9":"first","10":"outofstock","11":"shipping-taxable","12":"purchasable","13":"product-type-simple"},"yoast_head":"<!-- This site is optimized with the Yoast SEO plugin v23.6 - https:\/\/yoast.com\/wordpress\/plugins\/seo\/ -->\n<title>Herbatka zio\u0142owa z dzi\u0119gielem chi\u0144skim i gruszynk\u0105 jednostronn\u0105 dla kobiet - suplement diety - TianDe Online Shop - Beauty &amp; Health<\/title>\n<meta name=\"robots\" content=\"index, follow, max-snippet:-1, max-image-preview:large, max-video-preview:-1\" \/>\n<link rel=\"canonical\" href=\"https:\/\/tiandeproducts.co.uk\/pl\/herbatka-ziolowa-z-dziegielem-chinskim-i-gruszynka-jednostronna-dla-kobiet-suplement-diety\/\" \/>\n<meta property=\"og:locale\" content=\"pl_PL\" \/>\n<meta property=\"og:type\" content=\"article\" \/>\n<meta property=\"og:title\" content=\"Herbatka zio\u0142owa z dzi\u0119gielem chi\u0144skim i gruszynk\u0105 jednostronn\u0105 dla kobiet - suplement diety - TianDe Online Shop - Beauty &amp; Health\" \/>\n<meta property=\"og:description\" content=\"Zio\u0142a, wchodz\u0105ce w sk\u0142ad zio\u0142owej herbaty, pomagaj\u0105 obni\u017cy\u0107 ryzyko rozwoju stan\u00f3w zapalnych kobiecych narz\u0105d\u00f3w. Zawiera fitoestrogeny, kt\u00f3re sprzyjaj\u0105 normalizacji hormon\u00f3w kobiety. Ro\u015bliny do zio\u0142owej herbaty linii \u201eDary Szamba\u0142y\u201d s\u0105 zbierane na A\u0142taju \u2013 w jednym z najbardziej czystych miejsc na Planecie. Z ka\u017cdej drobinki zio\u0142owej herbaty TianDe przy zaparzaniu uzyskuje si\u0119 maksymaln\u0105 ilo\u015b\u0107 substancji od\u017cywczych. [...]\" \/>\n<meta property=\"og:url\" content=\"https:\/\/tiandeproducts.co.uk\/pl\/herbatka-ziolowa-z-dziegielem-chinskim-i-gruszynka-jednostronna-dla-kobiet-suplement-diety\/\" \/>\n<meta property=\"og:site_name\" content=\"TianDe Online Shop - Beauty &amp; Health\" \/>\n<meta property=\"article:publisher\" content=\"https:\/\/www.facebook.com\/tiande.products.england\/\" \/>\n<meta property=\"article:modified_time\" content=\"2023-03-30T13:52:57+00:00\" \/>\n<meta property=\"og:image\" content=\"https:\/\/tiandeproducts.co.uk\/wp-content\/uploads\/2016\/04\/123911.png\" \/>\n\t<meta property=\"og:image:width\" content=\"700\" \/>\n\t<meta property=\"og:image:height\" content=\"700\" \/>\n\t<meta property=\"og:image:type\" content=\"image\/png\" \/>\n<meta name=\"twitter:card\" content=\"summary_large_image\" \/>\n<meta name=\"twitter:label1\" content=\"Szacowany czas czytania\" \/>\n\t<meta name=\"twitter:data1\" content=\"1 minuta\" \/>\n<script type=\"application\/ld+json\" class=\"yoast-schema-graph\">{\"@context\":\"https:\/\/schema.org\",\"@graph\":[{\"@type\":\"WebPage\",\"@id\":\"https:\/\/tiandeproducts.co.uk\/pl\/herbatka-ziolowa-z-dziegielem-chinskim-i-gruszynka-jednostronna-dla-kobiet-suplement-diety\/\",\"url\":\"https:\/\/tiandeproducts.co.uk\/pl\/herbatka-ziolowa-z-dziegielem-chinskim-i-gruszynka-jednostronna-dla-kobiet-suplement-diety\/\",\"name\":\"Herbatka zio\u0142owa z dzi\u0119gielem chi\u0144skim i gruszynk\u0105 jednostronn\u0105 dla kobiet - suplement diety - TianDe Online Shop - Beauty &amp; Health\",\"isPartOf\":{\"@id\":\"https:\/\/tiandeproducts.co.uk\/#website\"},\"primaryImageOfPage\":{\"@id\":\"https:\/\/tiandeproducts.co.uk\/pl\/herbatka-ziolowa-z-dziegielem-chinskim-i-gruszynka-jednostronna-dla-kobiet-suplement-diety\/#primaryimage\"},\"image\":{\"@id\":\"https:\/\/tiandeproducts.co.uk\/pl\/herbatka-ziolowa-z-dziegielem-chinskim-i-gruszynka-jednostronna-dla-kobiet-suplement-diety\/#primaryimage\"},\"thumbnailUrl\":\"https:\/\/tiandeproducts.co.uk\/wp-content\/uploads\/2016\/04\/123911.png\",\"datePublished\":\"2019-07-13T10:22:03+00:00\",\"dateModified\":\"2023-03-30T13:52:57+00:00\",\"breadcrumb\":{\"@id\":\"https:\/\/tiandeproducts.co.uk\/pl\/herbatka-ziolowa-z-dziegielem-chinskim-i-gruszynka-jednostronna-dla-kobiet-suplement-diety\/#breadcrumb\"},\"inLanguage\":\"pl-PL\",\"potentialAction\":[{\"@type\":\"ReadAction\",\"target\":[\"https:\/\/tiandeproducts.co.uk\/pl\/herbatka-ziolowa-z-dziegielem-chinskim-i-gruszynka-jednostronna-dla-kobiet-suplement-diety\/\"]}]},{\"@type\":\"ImageObject\",\"inLanguage\":\"pl-PL\",\"@id\":\"https:\/\/tiandeproducts.co.uk\/pl\/herbatka-ziolowa-z-dziegielem-chinskim-i-gruszynka-jednostronna-dla-kobiet-suplement-diety\/#primaryimage\",\"url\":\"https:\/\/tiandeproducts.co.uk\/wp-content\/uploads\/2016\/04\/123911.png\",\"contentUrl\":\"https:\/\/tiandeproducts.co.uk\/wp-content\/uploads\/2016\/04\/123911.png\",\"width\":700,\"height\":700,\"caption\":\"Phytotea with Angelica Sinensis and Orthilia Secunda for Women,30x1.5g-0\"},{\"@type\":\"BreadcrumbList\",\"@id\":\"https:\/\/tiandeproducts.co.uk\/pl\/herbatka-ziolowa-z-dziegielem-chinskim-i-gruszynka-jednostronna-dla-kobiet-suplement-diety\/#breadcrumb\",\"itemListElement\":[{\"@type\":\"ListItem\",\"position\":1,\"name\":\"Home\",\"item\":\"https:\/\/tiandeproducts.co.uk\/pl\/\"},{\"@type\":\"ListItem\",\"position\":2,\"name\":\"Shop\",\"item\":\"https:\/\/tiandeproducts.co.uk\/pl\/shop-2\/\"},{\"@type\":\"ListItem\",\"position\":3,\"name\":\"Herbatka zio\u0142owa z dzi\u0119gielem chi\u0144skim i gruszynk\u0105 jednostronn\u0105 dla kobiet &#8211; suplement diety\"}]},{\"@type\":\"WebSite\",\"@id\":\"https:\/\/tiandeproducts.co.uk\/#website\",\"url\":\"https:\/\/tiandeproducts.co.uk\/\",\"name\":\"TianDe Online Shop - Beauty & Health\",\"description\":\"Traditional Chinese Medicine\",\"potentialAction\":[{\"@type\":\"SearchAction\",\"target\":{\"@type\":\"EntryPoint\",\"urlTemplate\":\"https:\/\/tiandeproducts.co.uk\/?s={search_term_string}\"},\"query-input\":{\"@type\":\"PropertyValueSpecification\",\"valueRequired\":true,\"valueName\":\"search_term_string\"}}],\"inLanguage\":\"pl-PL\"}]}<\/script>\n<!-- \/ Yoast SEO plugin. -->","yoast_head_json":{"title":"Herbatka zio\u0142owa z dzi\u0119gielem chi\u0144skim i gruszynk\u0105 jednostronn\u0105 dla kobiet - suplement diety - TianDe Online Shop - Beauty &amp; Health","robots":{"index":"index","follow":"follow","max-snippet":"max-snippet:-1","max-image-preview":"max-image-preview:large","max-video-preview":"max-video-preview:-1"},"canonical":"https:\/\/tiandeproducts.co.uk\/pl\/herbatka-ziolowa-z-dziegielem-chinskim-i-gruszynka-jednostronna-dla-kobiet-suplement-diety\/","og_locale":"pl_PL","og_type":"article","og_title":"Herbatka zio\u0142owa z dzi\u0119gielem chi\u0144skim i gruszynk\u0105 jednostronn\u0105 dla kobiet - suplement diety - TianDe Online Shop - Beauty &amp; Health","og_description":"Zio\u0142a, wchodz\u0105ce w sk\u0142ad zio\u0142owej herbaty, pomagaj\u0105 obni\u017cy\u0107 ryzyko rozwoju stan\u00f3w zapalnych kobiecych narz\u0105d\u00f3w. Zawiera fitoestrogeny, kt\u00f3re sprzyjaj\u0105 normalizacji hormon\u00f3w kobiety. Ro\u015bliny do zio\u0142owej herbaty linii \u201eDary Szamba\u0142y\u201d s\u0105 zbierane na A\u0142taju \u2013 w jednym z najbardziej czystych miejsc na Planecie. Z ka\u017cdej drobinki zio\u0142owej herbaty TianDe przy zaparzaniu uzyskuje si\u0119 maksymaln\u0105 ilo\u015b\u0107 substancji od\u017cywczych. [...]","og_url":"https:\/\/tiandeproducts.co.uk\/pl\/herbatka-ziolowa-z-dziegielem-chinskim-i-gruszynka-jednostronna-dla-kobiet-suplement-diety\/","og_site_name":"TianDe Online Shop - Beauty &amp; Health","article_publisher":"https:\/\/www.facebook.com\/tiande.products.england\/","article_modified_time":"2023-03-30T13:52:57+00:00","og_image":[{"width":700,"height":700,"url":"https:\/\/tiandeproducts.co.uk\/wp-content\/uploads\/2016\/04\/123911.png","type":"image\/png"}],"twitter_card":"summary_large_image","twitter_misc":{"Szacowany czas czytania":"1 minuta"},"schema":{"@context":"https:\/\/schema.org","@graph":[{"@type":"WebPage","@id":"https:\/\/tiandeproducts.co.uk\/pl\/herbatka-ziolowa-z-dziegielem-chinskim-i-gruszynka-jednostronna-dla-kobiet-suplement-diety\/","url":"https:\/\/tiandeproducts.co.uk\/pl\/herbatka-ziolowa-z-dziegielem-chinskim-i-gruszynka-jednostronna-dla-kobiet-suplement-diety\/","name":"Herbatka zio\u0142owa z dzi\u0119gielem chi\u0144skim i gruszynk\u0105 jednostronn\u0105 dla kobiet - suplement diety - TianDe Online Shop - Beauty &amp; Health","isPartOf":{"@id":"https:\/\/tiandeproducts.co.uk\/#website"},"primaryImageOfPage":{"@id":"https:\/\/tiandeproducts.co.uk\/pl\/herbatka-ziolowa-z-dziegielem-chinskim-i-gruszynka-jednostronna-dla-kobiet-suplement-diety\/#primaryimage"},"image":{"@id":"https:\/\/tiandeproducts.co.uk\/pl\/herbatka-ziolowa-z-dziegielem-chinskim-i-gruszynka-jednostronna-dla-kobiet-suplement-diety\/#primaryimage"},"thumbnailUrl":"https:\/\/tiandeproducts.co.uk\/wp-content\/uploads\/2016\/04\/123911.png","datePublished":"2019-07-13T10:22:03+00:00","dateModified":"2023-03-30T13:52:57+00:00","breadcrumb":{"@id":"https:\/\/tiandeproducts.co.uk\/pl\/herbatka-ziolowa-z-dziegielem-chinskim-i-gruszynka-jednostronna-dla-kobiet-suplement-diety\/#breadcrumb"},"inLanguage":"pl-PL","potentialAction":[{"@type":"ReadAction","target":["https:\/\/tiandeproducts.co.uk\/pl\/herbatka-ziolowa-z-dziegielem-chinskim-i-gruszynka-jednostronna-dla-kobiet-suplement-diety\/"]}]},{"@type":"ImageObject","inLanguage":"pl-PL","@id":"https:\/\/tiandeproducts.co.uk\/pl\/herbatka-ziolowa-z-dziegielem-chinskim-i-gruszynka-jednostronna-dla-kobiet-suplement-diety\/#primaryimage","url":"https:\/\/tiandeproducts.co.uk\/wp-content\/uploads\/2016\/04\/123911.png","contentUrl":"https:\/\/tiandeproducts.co.uk\/wp-content\/uploads\/2016\/04\/123911.png","width":700,"height":700,"caption":"Phytotea with Angelica Sinensis and Orthilia Secunda for Women,30x1.5g-0"},{"@type":"BreadcrumbList","@id":"https:\/\/tiandeproducts.co.uk\/pl\/herbatka-ziolowa-z-dziegielem-chinskim-i-gruszynka-jednostronna-dla-kobiet-suplement-diety\/#breadcrumb","itemListElement":[{"@type":"ListItem","position":1,"name":"Home","item":"https:\/\/tiandeproducts.co.uk\/pl\/"},{"@type":"ListItem","position":2,"name":"Shop","item":"https:\/\/tiandeproducts.co.uk\/pl\/shop-2\/"},{"@type":"ListItem","position":3,"name":"Herbatka zio\u0142owa z dzi\u0119gielem chi\u0144skim i gruszynk\u0105 jednostronn\u0105 dla kobiet &#8211; suplement diety"}]},{"@type":"WebSite","@id":"https:\/\/tiandeproducts.co.uk\/#website","url":"https:\/\/tiandeproducts.co.uk\/","name":"TianDe Online Shop - Beauty & Health","description":"Traditional Chinese Medicine","potentialAction":[{"@type":"SearchAction","target":{"@type":"EntryPoint","urlTemplate":"https:\/\/tiandeproducts.co.uk\/?s={search_term_string}"},"query-input":{"@type":"PropertyValueSpecification","valueRequired":true,"valueName":"search_term_string"}}],"inLanguage":"pl-PL"}]}},"_links":{"self":[{"href":"https:\/\/tiandeproducts.co.uk\/pl\/wp-json\/wp\/v2\/product\/4706","targetHints":{"allow":["GET"]}}],"collection":[{"href":"https:\/\/tiandeproducts.co.uk\/pl\/wp-json\/wp\/v2\/product"}],"about":[{"href":"https:\/\/tiandeproducts.co.uk\/pl\/wp-json\/wp\/v2\/types\/product"}],"replies":[{"embeddable":true,"href":"https:\/\/tiandeproducts.co.uk\/pl\/wp-json\/wp\/v2\/comments?post=4706"}],"wp:featuredmedia":[{"embeddable":true,"href":"https:\/\/tiandeproducts.co.uk\/pl\/wp-json\/wp\/v2\/media\/1303"}],"wp:attachment":[{"href":"https:\/\/tiandeproducts.co.uk\/pl\/wp-json\/wp\/v2\/media?parent=4706"}],"wp:term":[{"taxonomy":"product_cat","embeddable":true,"href":"https:\/\/tiandeproducts.co.uk\/pl\/wp-json\/wp\/v2\/product_cat?post=4706"},{"taxonomy":"product_tag","embeddable":true,"href":"https:\/\/tiandeproducts.co.uk\/pl\/wp-json\/wp\/v2\/product_tag?post=4706"}],"curies":[{"name":"wp","href":"https:\/\/api.w.org\/{rel}","templated":true}]}}