{"id":4683,"date":"2016-04-20T20:00:29","date_gmt":"2016-04-20T19:00:29","guid":{"rendered":"https:\/\/tnd.ontesting.co.uk\/herbatka-ziolowa-z-ostropestem-plamistym-suplement-diety\/"},"modified":"2019-11-01T09:08:28","modified_gmt":"2019-11-01T09:08:28","slug":"herbatka-ziolowa-z-ostropestem-plamistym-suplement-diety","status":"publish","type":"product","link":"https:\/\/tiandeproducts.co.uk\/pl\/herbatka-ziolowa-z-ostropestem-plamistym-suplement-diety\/","title":{"rendered":"Herbatka zio\u0142owa z ostropestem plamistym \u2013 suplement diety,30 filtr pakiet\u00f3w na 1,5 g"},"content":{"rendered":"<div class=\"description\">\n<p>Zio\u0142a wchodz\u0105ce w sk\u0142ad herbaty maj\u0105 dzia\u0142anie \u017c\u00f3\u0142ciop\u0119dne i chroni\u0105ce w\u0105trob\u0119. Sprzyjaj\u0105 regeneracji potencja\u0142u energetycznego, dostarczaj\u0105 organizmowi korzystne substancje.<\/p>\n<\/div>\n<div class=\"instruction\">\n<p><strong>ZASTOSOWANIE:<\/strong><\/p>\n<p>1 filtr-saszetk\u0119 zio\u0142owej herbaty zalej 1 szklank\u0105 wrz\u0105tku, zaparza\u0107 przez 5-10 minut.<\/p>\n<\/div>\n","protected":false},"excerpt":{"rendered":"<p>Zio\u0142a wchodz\u0105ce w sk\u0142ad herbaty maj\u0105 dzia\u0142anie \u017c\u00f3\u0142ciop\u0119dne i chroni\u0105ce w\u0105trob\u0119. Sprzyjaj\u0105 regeneracji potencja\u0142u energetycznego, dostarczaj\u0105 organizmowi korzystne substancje. ZASTOSOWANIE: 1 filtr-saszetk\u0119 zio\u0142owej herbaty zalej 1 szklank\u0105 wrz\u0105tku, zaparza\u0107 przez 5-10 minut.<\/p>\n","protected":false},"featured_media":1125,"comment_status":"closed","ping_status":"closed","template":"","meta":[],"product_cat":[860,833],"product_tag":[],"class_list":{"0":"post-4683","1":"product","2":"type-product","3":"status-publish","4":"has-post-thumbnail","6":"product_cat-fito-herbaty","7":"product_cat-wellness-pl","9":"first","10":"outofstock","11":"shipping-taxable","12":"purchasable","13":"product-type-simple"},"yoast_head":"<!-- This site is optimized with the Yoast SEO plugin v23.6 - https:\/\/yoast.com\/wordpress\/plugins\/seo\/ -->\n<title>Herbatka zio\u0142owa z ostropestem plamistym \u2013 suplement diety,30 filtr pakiet\u00f3w na 1,5 g - TianDe Online Shop - Beauty &amp; Health<\/title>\n<meta name=\"robots\" content=\"index, follow, max-snippet:-1, max-image-preview:large, max-video-preview:-1\" \/>\n<link rel=\"canonical\" href=\"https:\/\/tiandeproducts.co.uk\/pl\/herbatka-ziolowa-z-ostropestem-plamistym-suplement-diety\/\" \/>\n<meta property=\"og:locale\" content=\"pl_PL\" \/>\n<meta property=\"og:type\" content=\"article\" \/>\n<meta property=\"og:title\" content=\"Herbatka zio\u0142owa z ostropestem plamistym \u2013 suplement diety,30 filtr pakiet\u00f3w na 1,5 g - TianDe Online Shop - Beauty &amp; Health\" \/>\n<meta property=\"og:description\" content=\"Zio\u0142a wchodz\u0105ce w sk\u0142ad herbaty maj\u0105 dzia\u0142anie \u017c\u00f3\u0142ciop\u0119dne i chroni\u0105ce w\u0105trob\u0119. Sprzyjaj\u0105 regeneracji potencja\u0142u energetycznego, dostarczaj\u0105 organizmowi korzystne substancje. ZASTOSOWANIE: 1 filtr-saszetk\u0119 zio\u0142owej herbaty zalej 1 szklank\u0105 wrz\u0105tku, zaparza\u0107 przez 5-10 minut.\" \/>\n<meta property=\"og:url\" content=\"https:\/\/tiandeproducts.co.uk\/pl\/herbatka-ziolowa-z-ostropestem-plamistym-suplement-diety\/\" \/>\n<meta property=\"og:site_name\" content=\"TianDe Online Shop - Beauty &amp; Health\" \/>\n<meta property=\"article:publisher\" content=\"https:\/\/www.facebook.com\/tiande.products.england\/\" \/>\n<meta property=\"article:modified_time\" content=\"2019-11-01T09:08:28+00:00\" \/>\n<meta property=\"og:image\" content=\"https:\/\/tiandeproducts.co.uk\/wp-content\/uploads\/2016\/04\/123921.png\" \/>\n\t<meta property=\"og:image:width\" content=\"700\" \/>\n\t<meta property=\"og:image:height\" content=\"700\" \/>\n\t<meta property=\"og:image:type\" content=\"image\/png\" \/>\n<meta name=\"twitter:card\" content=\"summary_large_image\" \/>\n<script type=\"application\/ld+json\" class=\"yoast-schema-graph\">{\"@context\":\"https:\/\/schema.org\",\"@graph\":[{\"@type\":\"WebPage\",\"@id\":\"https:\/\/tiandeproducts.co.uk\/pl\/herbatka-ziolowa-z-ostropestem-plamistym-suplement-diety\/\",\"url\":\"https:\/\/tiandeproducts.co.uk\/pl\/herbatka-ziolowa-z-ostropestem-plamistym-suplement-diety\/\",\"name\":\"Herbatka zio\u0142owa z ostropestem plamistym \u2013 suplement diety,30 filtr pakiet\u00f3w na 1,5 g - TianDe Online Shop - Beauty &amp; Health\",\"isPartOf\":{\"@id\":\"https:\/\/tiandeproducts.co.uk\/#website\"},\"primaryImageOfPage\":{\"@id\":\"https:\/\/tiandeproducts.co.uk\/pl\/herbatka-ziolowa-z-ostropestem-plamistym-suplement-diety\/#primaryimage\"},\"image\":{\"@id\":\"https:\/\/tiandeproducts.co.uk\/pl\/herbatka-ziolowa-z-ostropestem-plamistym-suplement-diety\/#primaryimage\"},\"thumbnailUrl\":\"https:\/\/tiandeproducts.co.uk\/wp-content\/uploads\/2016\/04\/123921.png\",\"datePublished\":\"2016-04-20T19:00:29+00:00\",\"dateModified\":\"2019-11-01T09:08:28+00:00\",\"breadcrumb\":{\"@id\":\"https:\/\/tiandeproducts.co.uk\/pl\/herbatka-ziolowa-z-ostropestem-plamistym-suplement-diety\/#breadcrumb\"},\"inLanguage\":\"pl-PL\",\"potentialAction\":[{\"@type\":\"ReadAction\",\"target\":[\"https:\/\/tiandeproducts.co.uk\/pl\/herbatka-ziolowa-z-ostropestem-plamistym-suplement-diety\/\"]}]},{\"@type\":\"ImageObject\",\"inLanguage\":\"pl-PL\",\"@id\":\"https:\/\/tiandeproducts.co.uk\/pl\/herbatka-ziolowa-z-ostropestem-plamistym-suplement-diety\/#primaryimage\",\"url\":\"https:\/\/tiandeproducts.co.uk\/wp-content\/uploads\/2016\/04\/123921.png\",\"contentUrl\":\"https:\/\/tiandeproducts.co.uk\/wp-content\/uploads\/2016\/04\/123921.png\",\"width\":700,\"height\":700,\"caption\":\"Hepatic Phytotea with Holy Thistle,30x1.5g-0\"},{\"@type\":\"BreadcrumbList\",\"@id\":\"https:\/\/tiandeproducts.co.uk\/pl\/herbatka-ziolowa-z-ostropestem-plamistym-suplement-diety\/#breadcrumb\",\"itemListElement\":[{\"@type\":\"ListItem\",\"position\":1,\"name\":\"Home\",\"item\":\"https:\/\/tiandeproducts.co.uk\/pl\/\"},{\"@type\":\"ListItem\",\"position\":2,\"name\":\"Shop\",\"item\":\"https:\/\/tiandeproducts.co.uk\/pl\/shop-2\/\"},{\"@type\":\"ListItem\",\"position\":3,\"name\":\"Herbatka zio\u0142owa z ostropestem plamistym \u2013 suplement diety,30 filtr pakiet\u00f3w na 1,5 g\"}]},{\"@type\":\"WebSite\",\"@id\":\"https:\/\/tiandeproducts.co.uk\/#website\",\"url\":\"https:\/\/tiandeproducts.co.uk\/\",\"name\":\"TianDe Online Shop - Beauty & Health\",\"description\":\"Traditional Chinese Medicine\",\"potentialAction\":[{\"@type\":\"SearchAction\",\"target\":{\"@type\":\"EntryPoint\",\"urlTemplate\":\"https:\/\/tiandeproducts.co.uk\/?s={search_term_string}\"},\"query-input\":{\"@type\":\"PropertyValueSpecification\",\"valueRequired\":true,\"valueName\":\"search_term_string\"}}],\"inLanguage\":\"pl-PL\"}]}<\/script>\n<!-- \/ Yoast SEO plugin. -->","yoast_head_json":{"title":"Herbatka zio\u0142owa z ostropestem plamistym \u2013 suplement diety,30 filtr pakiet\u00f3w na 1,5 g - TianDe Online Shop - Beauty &amp; Health","robots":{"index":"index","follow":"follow","max-snippet":"max-snippet:-1","max-image-preview":"max-image-preview:large","max-video-preview":"max-video-preview:-1"},"canonical":"https:\/\/tiandeproducts.co.uk\/pl\/herbatka-ziolowa-z-ostropestem-plamistym-suplement-diety\/","og_locale":"pl_PL","og_type":"article","og_title":"Herbatka zio\u0142owa z ostropestem plamistym \u2013 suplement diety,30 filtr pakiet\u00f3w na 1,5 g - TianDe Online Shop - Beauty &amp; Health","og_description":"Zio\u0142a wchodz\u0105ce w sk\u0142ad herbaty maj\u0105 dzia\u0142anie \u017c\u00f3\u0142ciop\u0119dne i chroni\u0105ce w\u0105trob\u0119. Sprzyjaj\u0105 regeneracji potencja\u0142u energetycznego, dostarczaj\u0105 organizmowi korzystne substancje. ZASTOSOWANIE: 1 filtr-saszetk\u0119 zio\u0142owej herbaty zalej 1 szklank\u0105 wrz\u0105tku, zaparza\u0107 przez 5-10 minut.","og_url":"https:\/\/tiandeproducts.co.uk\/pl\/herbatka-ziolowa-z-ostropestem-plamistym-suplement-diety\/","og_site_name":"TianDe Online Shop - Beauty &amp; Health","article_publisher":"https:\/\/www.facebook.com\/tiande.products.england\/","article_modified_time":"2019-11-01T09:08:28+00:00","og_image":[{"width":700,"height":700,"url":"https:\/\/tiandeproducts.co.uk\/wp-content\/uploads\/2016\/04\/123921.png","type":"image\/png"}],"twitter_card":"summary_large_image","schema":{"@context":"https:\/\/schema.org","@graph":[{"@type":"WebPage","@id":"https:\/\/tiandeproducts.co.uk\/pl\/herbatka-ziolowa-z-ostropestem-plamistym-suplement-diety\/","url":"https:\/\/tiandeproducts.co.uk\/pl\/herbatka-ziolowa-z-ostropestem-plamistym-suplement-diety\/","name":"Herbatka zio\u0142owa z ostropestem plamistym \u2013 suplement diety,30 filtr pakiet\u00f3w na 1,5 g - TianDe Online Shop - Beauty &amp; Health","isPartOf":{"@id":"https:\/\/tiandeproducts.co.uk\/#website"},"primaryImageOfPage":{"@id":"https:\/\/tiandeproducts.co.uk\/pl\/herbatka-ziolowa-z-ostropestem-plamistym-suplement-diety\/#primaryimage"},"image":{"@id":"https:\/\/tiandeproducts.co.uk\/pl\/herbatka-ziolowa-z-ostropestem-plamistym-suplement-diety\/#primaryimage"},"thumbnailUrl":"https:\/\/tiandeproducts.co.uk\/wp-content\/uploads\/2016\/04\/123921.png","datePublished":"2016-04-20T19:00:29+00:00","dateModified":"2019-11-01T09:08:28+00:00","breadcrumb":{"@id":"https:\/\/tiandeproducts.co.uk\/pl\/herbatka-ziolowa-z-ostropestem-plamistym-suplement-diety\/#breadcrumb"},"inLanguage":"pl-PL","potentialAction":[{"@type":"ReadAction","target":["https:\/\/tiandeproducts.co.uk\/pl\/herbatka-ziolowa-z-ostropestem-plamistym-suplement-diety\/"]}]},{"@type":"ImageObject","inLanguage":"pl-PL","@id":"https:\/\/tiandeproducts.co.uk\/pl\/herbatka-ziolowa-z-ostropestem-plamistym-suplement-diety\/#primaryimage","url":"https:\/\/tiandeproducts.co.uk\/wp-content\/uploads\/2016\/04\/123921.png","contentUrl":"https:\/\/tiandeproducts.co.uk\/wp-content\/uploads\/2016\/04\/123921.png","width":700,"height":700,"caption":"Hepatic Phytotea with Holy Thistle,30x1.5g-0"},{"@type":"BreadcrumbList","@id":"https:\/\/tiandeproducts.co.uk\/pl\/herbatka-ziolowa-z-ostropestem-plamistym-suplement-diety\/#breadcrumb","itemListElement":[{"@type":"ListItem","position":1,"name":"Home","item":"https:\/\/tiandeproducts.co.uk\/pl\/"},{"@type":"ListItem","position":2,"name":"Shop","item":"https:\/\/tiandeproducts.co.uk\/pl\/shop-2\/"},{"@type":"ListItem","position":3,"name":"Herbatka zio\u0142owa z ostropestem plamistym \u2013 suplement diety,30 filtr pakiet\u00f3w na 1,5 g"}]},{"@type":"WebSite","@id":"https:\/\/tiandeproducts.co.uk\/#website","url":"https:\/\/tiandeproducts.co.uk\/","name":"TianDe Online Shop - Beauty & Health","description":"Traditional Chinese Medicine","potentialAction":[{"@type":"SearchAction","target":{"@type":"EntryPoint","urlTemplate":"https:\/\/tiandeproducts.co.uk\/?s={search_term_string}"},"query-input":{"@type":"PropertyValueSpecification","valueRequired":true,"valueName":"search_term_string"}}],"inLanguage":"pl-PL"}]}},"_links":{"self":[{"href":"https:\/\/tiandeproducts.co.uk\/pl\/wp-json\/wp\/v2\/product\/4683","targetHints":{"allow":["GET"]}}],"collection":[{"href":"https:\/\/tiandeproducts.co.uk\/pl\/wp-json\/wp\/v2\/product"}],"about":[{"href":"https:\/\/tiandeproducts.co.uk\/pl\/wp-json\/wp\/v2\/types\/product"}],"replies":[{"embeddable":true,"href":"https:\/\/tiandeproducts.co.uk\/pl\/wp-json\/wp\/v2\/comments?post=4683"}],"wp:featuredmedia":[{"embeddable":true,"href":"https:\/\/tiandeproducts.co.uk\/pl\/wp-json\/wp\/v2\/media\/1125"}],"wp:attachment":[{"href":"https:\/\/tiandeproducts.co.uk\/pl\/wp-json\/wp\/v2\/media?parent=4683"}],"wp:term":[{"taxonomy":"product_cat","embeddable":true,"href":"https:\/\/tiandeproducts.co.uk\/pl\/wp-json\/wp\/v2\/product_cat?post=4683"},{"taxonomy":"product_tag","embeddable":true,"href":"https:\/\/tiandeproducts.co.uk\/pl\/wp-json\/wp\/v2\/product_tag?post=4683"}],"curies":[{"name":"wp","href":"https:\/\/api.w.org\/{rel}","templated":true}]}}