{"id":4681,"date":"2016-04-20T20:02:49","date_gmt":"2016-04-20T19:02:49","guid":{"rendered":"https:\/\/tnd.ontesting.co.uk\/herbatka-ziolowa-ziola-altaju-suplement-diety\/"},"modified":"2019-11-01T18:50:36","modified_gmt":"2019-11-01T18:50:36","slug":"herbatka-ziolowa-ziola-altaju-suplement-diety","status":"publish","type":"product","link":"https:\/\/tiandeproducts.co.uk\/pl\/herbatka-ziolowa-ziola-altaju-suplement-diety\/","title":{"rendered":"Herbatka zio\u0142owa \u201eZio\u0142a A\u0142taju\u201d &#8211; suplement diety,30 torebek po 1,5 g"},"content":{"rendered":"<div class=\"description\">\n<p>Dzika r\u00f3\u017ca wspiera zdolno\u015bci obronne organizmu. Ortosyfon groniasty wspomaga usuwanie wody z organizmu, a w ten spos\u00f3b poza diet\u0105 przyczynia si\u0119 do zmniejszenia masy cia\u0142a. Rdest ptasi zapewnia zdrowy uk\u0142ad moczowy.<\/p>\n<p>Sk\u0142ad w 1 woreczku (tj. g\/%): Owoc dzikiej r\u00f3\u017cy (Rosa canina fruit powder) 0,375 g \/ 25%. Li\u015b\u0107 ortosyfonu groniastego (Orthosiphon stamineus leaf) 0,225 g \/ 15%. Na\u0107 rdestu ptasiego (Polygonum aviculare herb) 0,225 g \/ 15%. Na\u0107 pomocnika baldaszkowego (Chimaphila umbellata herb) 0,195 g \/13%. Kwiat rumianku pospolitego (Chamomilla recutita flower) 0,180 g \/ 12%. Li\u015b\u0107 brzozy brodawkowatej (Betula pendula leaf) 0,150 g \/ 10%. Li\u015b\u0107 m\u0105cznicy lekarskiej (Arctostaphylos uva ursi leaf) 0,075 g \/ 5%. Li\u015b\u0107 rozmarynu lekarskiego (Rosmarinus officinalis leaf) 0,075 g \/ 5%.<\/p>\n<p>Uwaga: Produkt nie jest przeznaczony dla dzieci i m\u0142odzie\u017cy. Nieodpowiedni dla kobiet w ci\u0105\u017cy i karmi\u0105cych. Nieodpowiedni w przypadku obrz\u0119k\u00f3w pochodzenia nerkowego lub sercowego. Nieodpowiedni dla os\u00f3b z chorobami nerek. W przypadku d\u0142ugotrwa\u0142ego stosowania mo\u017ce doprowadzi\u0107 do uszkodzenia w\u0105troby. Stosowanie zaleca si\u0119 skonsultowa\u0107 z lekarzem.<br \/>\nMo\u017cliwa indywidualna nietolerancja na sk\u0142adniki produktu. Nie przekracza\u0107 zalecanego dziennego dawkowania. Suplementy diety nie stanowi\u0105 substytutu r\u00f3\u017cnorodnej diety.<br \/>\nPrzechowywanie: w maks. temp. do 25\u00b0\u0421 i wilgotno\u015bci wzgl\u0119dnej maks. do 70%, poza zasi\u0119giem dzieci.<\/p>\n<\/div>\n<div class=\"instruction\">\n<p><strong>ZASTOSOWANIE:<\/strong><\/p>\n<p>1 torebk\u0119 (1,5 g) zala\u0107 wrz\u0105tkiem o obj\u0119to\u015bci szklanki (200 ml). Pozostawi\u0107 na 10-15 minut i wyj\u0105\u0107 torebk\u0119.<br \/>\nZalecana dzienna porcja: dzienna porcja dla osoby doros\u0142ej to 1 szklanka 2x dziennie w czasie jedzenia.<br \/>\nZalecany czas stosowania: maks. 1 tydzie\u0144.<\/p>\n<\/div>\n","protected":false},"excerpt":{"rendered":"<p>Dzika r\u00f3\u017ca wspiera zdolno\u015bci obronne organizmu. Ortosyfon groniasty wspomaga usuwanie wody z organizmu, a w ten spos\u00f3b poza diet\u0105 przyczynia si\u0119 do zmniejszenia masy cia\u0142a. Rdest ptasi zapewnia zdrowy uk\u0142ad moczowy. Sk\u0142ad w 1 woreczku (tj. g\/%): Owoc dzikiej r\u00f3\u017cy (Rosa canina fruit powder) 0,375 g \/ 25%. Li\u015b\u0107 ortosyfonu groniastego (Orthosiphon stamineus leaf) 0,225 [&#8230;]\n","protected":false},"featured_media":1130,"comment_status":"closed","ping_status":"closed","template":"","meta":[],"product_cat":[860,833],"product_tag":[],"class_list":{"0":"post-4681","1":"product","2":"type-product","3":"status-publish","4":"has-post-thumbnail","6":"product_cat-fito-herbaty","7":"product_cat-wellness-pl","9":"first","10":"outofstock","11":"shipping-taxable","12":"purchasable","13":"product-type-simple"},"yoast_head":"<!-- This site is optimized with the Yoast SEO plugin v23.6 - https:\/\/yoast.com\/wordpress\/plugins\/seo\/ -->\n<title>Herbatka zio\u0142owa \u201eZio\u0142a A\u0142taju\u201d - suplement diety,30 torebek po 1,5 g - TianDe Online Shop - Beauty &amp; Health<\/title>\n<meta name=\"robots\" content=\"index, follow, max-snippet:-1, max-image-preview:large, max-video-preview:-1\" \/>\n<link rel=\"canonical\" href=\"https:\/\/tiandeproducts.co.uk\/pl\/herbatka-ziolowa-ziola-altaju-suplement-diety\/\" \/>\n<meta property=\"og:locale\" content=\"pl_PL\" \/>\n<meta property=\"og:type\" content=\"article\" \/>\n<meta property=\"og:title\" content=\"Herbatka zio\u0142owa \u201eZio\u0142a A\u0142taju\u201d - suplement diety,30 torebek po 1,5 g - TianDe Online Shop - Beauty &amp; Health\" \/>\n<meta property=\"og:description\" content=\"Dzika r\u00f3\u017ca wspiera zdolno\u015bci obronne organizmu. Ortosyfon groniasty wspomaga usuwanie wody z organizmu, a w ten spos\u00f3b poza diet\u0105 przyczynia si\u0119 do zmniejszenia masy cia\u0142a. Rdest ptasi zapewnia zdrowy uk\u0142ad moczowy. Sk\u0142ad w 1 woreczku (tj. g\/%): Owoc dzikiej r\u00f3\u017cy (Rosa canina fruit powder) 0,375 g \/ 25%. Li\u015b\u0107 ortosyfonu groniastego (Orthosiphon stamineus leaf) 0,225 [...]\" \/>\n<meta property=\"og:url\" content=\"https:\/\/tiandeproducts.co.uk\/pl\/herbatka-ziolowa-ziola-altaju-suplement-diety\/\" \/>\n<meta property=\"og:site_name\" content=\"TianDe Online Shop - Beauty &amp; Health\" \/>\n<meta property=\"article:publisher\" content=\"https:\/\/www.facebook.com\/tiande.products.england\/\" \/>\n<meta property=\"article:modified_time\" content=\"2019-11-01T18:50:36+00:00\" \/>\n<meta property=\"og:image\" content=\"https:\/\/tiandeproducts.co.uk\/wp-content\/uploads\/2016\/04\/123922.png\" \/>\n\t<meta property=\"og:image:width\" content=\"700\" \/>\n\t<meta property=\"og:image:height\" content=\"700\" \/>\n\t<meta property=\"og:image:type\" content=\"image\/png\" \/>\n<meta name=\"twitter:card\" content=\"summary_large_image\" \/>\n<meta name=\"twitter:label1\" content=\"Szacowany czas czytania\" \/>\n\t<meta name=\"twitter:data1\" content=\"1 minuta\" \/>\n<script type=\"application\/ld+json\" class=\"yoast-schema-graph\">{\"@context\":\"https:\/\/schema.org\",\"@graph\":[{\"@type\":\"WebPage\",\"@id\":\"https:\/\/tiandeproducts.co.uk\/pl\/herbatka-ziolowa-ziola-altaju-suplement-diety\/\",\"url\":\"https:\/\/tiandeproducts.co.uk\/pl\/herbatka-ziolowa-ziola-altaju-suplement-diety\/\",\"name\":\"Herbatka zio\u0142owa \u201eZio\u0142a A\u0142taju\u201d - suplement diety,30 torebek po 1,5 g - TianDe Online Shop - Beauty &amp; Health\",\"isPartOf\":{\"@id\":\"https:\/\/tiandeproducts.co.uk\/#website\"},\"primaryImageOfPage\":{\"@id\":\"https:\/\/tiandeproducts.co.uk\/pl\/herbatka-ziolowa-ziola-altaju-suplement-diety\/#primaryimage\"},\"image\":{\"@id\":\"https:\/\/tiandeproducts.co.uk\/pl\/herbatka-ziolowa-ziola-altaju-suplement-diety\/#primaryimage\"},\"thumbnailUrl\":\"https:\/\/tiandeproducts.co.uk\/wp-content\/uploads\/2016\/04\/123922.png\",\"datePublished\":\"2016-04-20T19:02:49+00:00\",\"dateModified\":\"2019-11-01T18:50:36+00:00\",\"breadcrumb\":{\"@id\":\"https:\/\/tiandeproducts.co.uk\/pl\/herbatka-ziolowa-ziola-altaju-suplement-diety\/#breadcrumb\"},\"inLanguage\":\"pl-PL\",\"potentialAction\":[{\"@type\":\"ReadAction\",\"target\":[\"https:\/\/tiandeproducts.co.uk\/pl\/herbatka-ziolowa-ziola-altaju-suplement-diety\/\"]}]},{\"@type\":\"ImageObject\",\"inLanguage\":\"pl-PL\",\"@id\":\"https:\/\/tiandeproducts.co.uk\/pl\/herbatka-ziolowa-ziola-altaju-suplement-diety\/#primaryimage\",\"url\":\"https:\/\/tiandeproducts.co.uk\/wp-content\/uploads\/2016\/04\/123922.png\",\"contentUrl\":\"https:\/\/tiandeproducts.co.uk\/wp-content\/uploads\/2016\/04\/123922.png\",\"width\":700,\"height\":700,\"caption\":\"Nephritic Phytotea,30+1.5g-0\"},{\"@type\":\"BreadcrumbList\",\"@id\":\"https:\/\/tiandeproducts.co.uk\/pl\/herbatka-ziolowa-ziola-altaju-suplement-diety\/#breadcrumb\",\"itemListElement\":[{\"@type\":\"ListItem\",\"position\":1,\"name\":\"Home\",\"item\":\"https:\/\/tiandeproducts.co.uk\/pl\/\"},{\"@type\":\"ListItem\",\"position\":2,\"name\":\"Shop\",\"item\":\"https:\/\/tiandeproducts.co.uk\/pl\/shop-2\/\"},{\"@type\":\"ListItem\",\"position\":3,\"name\":\"Herbatka zio\u0142owa \u201eZio\u0142a A\u0142taju\u201d &#8211; suplement diety,30 torebek po 1,5 g\"}]},{\"@type\":\"WebSite\",\"@id\":\"https:\/\/tiandeproducts.co.uk\/#website\",\"url\":\"https:\/\/tiandeproducts.co.uk\/\",\"name\":\"TianDe Online Shop - Beauty & Health\",\"description\":\"Traditional Chinese Medicine\",\"potentialAction\":[{\"@type\":\"SearchAction\",\"target\":{\"@type\":\"EntryPoint\",\"urlTemplate\":\"https:\/\/tiandeproducts.co.uk\/?s={search_term_string}\"},\"query-input\":{\"@type\":\"PropertyValueSpecification\",\"valueRequired\":true,\"valueName\":\"search_term_string\"}}],\"inLanguage\":\"pl-PL\"}]}<\/script>\n<!-- \/ Yoast SEO plugin. -->","yoast_head_json":{"title":"Herbatka zio\u0142owa \u201eZio\u0142a A\u0142taju\u201d - suplement diety,30 torebek po 1,5 g - TianDe Online Shop - Beauty &amp; Health","robots":{"index":"index","follow":"follow","max-snippet":"max-snippet:-1","max-image-preview":"max-image-preview:large","max-video-preview":"max-video-preview:-1"},"canonical":"https:\/\/tiandeproducts.co.uk\/pl\/herbatka-ziolowa-ziola-altaju-suplement-diety\/","og_locale":"pl_PL","og_type":"article","og_title":"Herbatka zio\u0142owa \u201eZio\u0142a A\u0142taju\u201d - suplement diety,30 torebek po 1,5 g - TianDe Online Shop - Beauty &amp; Health","og_description":"Dzika r\u00f3\u017ca wspiera zdolno\u015bci obronne organizmu. Ortosyfon groniasty wspomaga usuwanie wody z organizmu, a w ten spos\u00f3b poza diet\u0105 przyczynia si\u0119 do zmniejszenia masy cia\u0142a. Rdest ptasi zapewnia zdrowy uk\u0142ad moczowy. Sk\u0142ad w 1 woreczku (tj. g\/%): Owoc dzikiej r\u00f3\u017cy (Rosa canina fruit powder) 0,375 g \/ 25%. Li\u015b\u0107 ortosyfonu groniastego (Orthosiphon stamineus leaf) 0,225 [...]","og_url":"https:\/\/tiandeproducts.co.uk\/pl\/herbatka-ziolowa-ziola-altaju-suplement-diety\/","og_site_name":"TianDe Online Shop - Beauty &amp; Health","article_publisher":"https:\/\/www.facebook.com\/tiande.products.england\/","article_modified_time":"2019-11-01T18:50:36+00:00","og_image":[{"width":700,"height":700,"url":"https:\/\/tiandeproducts.co.uk\/wp-content\/uploads\/2016\/04\/123922.png","type":"image\/png"}],"twitter_card":"summary_large_image","twitter_misc":{"Szacowany czas czytania":"1 minuta"},"schema":{"@context":"https:\/\/schema.org","@graph":[{"@type":"WebPage","@id":"https:\/\/tiandeproducts.co.uk\/pl\/herbatka-ziolowa-ziola-altaju-suplement-diety\/","url":"https:\/\/tiandeproducts.co.uk\/pl\/herbatka-ziolowa-ziola-altaju-suplement-diety\/","name":"Herbatka zio\u0142owa \u201eZio\u0142a A\u0142taju\u201d - suplement diety,30 torebek po 1,5 g - TianDe Online Shop - Beauty &amp; Health","isPartOf":{"@id":"https:\/\/tiandeproducts.co.uk\/#website"},"primaryImageOfPage":{"@id":"https:\/\/tiandeproducts.co.uk\/pl\/herbatka-ziolowa-ziola-altaju-suplement-diety\/#primaryimage"},"image":{"@id":"https:\/\/tiandeproducts.co.uk\/pl\/herbatka-ziolowa-ziola-altaju-suplement-diety\/#primaryimage"},"thumbnailUrl":"https:\/\/tiandeproducts.co.uk\/wp-content\/uploads\/2016\/04\/123922.png","datePublished":"2016-04-20T19:02:49+00:00","dateModified":"2019-11-01T18:50:36+00:00","breadcrumb":{"@id":"https:\/\/tiandeproducts.co.uk\/pl\/herbatka-ziolowa-ziola-altaju-suplement-diety\/#breadcrumb"},"inLanguage":"pl-PL","potentialAction":[{"@type":"ReadAction","target":["https:\/\/tiandeproducts.co.uk\/pl\/herbatka-ziolowa-ziola-altaju-suplement-diety\/"]}]},{"@type":"ImageObject","inLanguage":"pl-PL","@id":"https:\/\/tiandeproducts.co.uk\/pl\/herbatka-ziolowa-ziola-altaju-suplement-diety\/#primaryimage","url":"https:\/\/tiandeproducts.co.uk\/wp-content\/uploads\/2016\/04\/123922.png","contentUrl":"https:\/\/tiandeproducts.co.uk\/wp-content\/uploads\/2016\/04\/123922.png","width":700,"height":700,"caption":"Nephritic Phytotea,30+1.5g-0"},{"@type":"BreadcrumbList","@id":"https:\/\/tiandeproducts.co.uk\/pl\/herbatka-ziolowa-ziola-altaju-suplement-diety\/#breadcrumb","itemListElement":[{"@type":"ListItem","position":1,"name":"Home","item":"https:\/\/tiandeproducts.co.uk\/pl\/"},{"@type":"ListItem","position":2,"name":"Shop","item":"https:\/\/tiandeproducts.co.uk\/pl\/shop-2\/"},{"@type":"ListItem","position":3,"name":"Herbatka zio\u0142owa \u201eZio\u0142a A\u0142taju\u201d &#8211; suplement diety,30 torebek po 1,5 g"}]},{"@type":"WebSite","@id":"https:\/\/tiandeproducts.co.uk\/#website","url":"https:\/\/tiandeproducts.co.uk\/","name":"TianDe Online Shop - Beauty & Health","description":"Traditional Chinese Medicine","potentialAction":[{"@type":"SearchAction","target":{"@type":"EntryPoint","urlTemplate":"https:\/\/tiandeproducts.co.uk\/?s={search_term_string}"},"query-input":{"@type":"PropertyValueSpecification","valueRequired":true,"valueName":"search_term_string"}}],"inLanguage":"pl-PL"}]}},"_links":{"self":[{"href":"https:\/\/tiandeproducts.co.uk\/pl\/wp-json\/wp\/v2\/product\/4681","targetHints":{"allow":["GET"]}}],"collection":[{"href":"https:\/\/tiandeproducts.co.uk\/pl\/wp-json\/wp\/v2\/product"}],"about":[{"href":"https:\/\/tiandeproducts.co.uk\/pl\/wp-json\/wp\/v2\/types\/product"}],"replies":[{"embeddable":true,"href":"https:\/\/tiandeproducts.co.uk\/pl\/wp-json\/wp\/v2\/comments?post=4681"}],"wp:featuredmedia":[{"embeddable":true,"href":"https:\/\/tiandeproducts.co.uk\/pl\/wp-json\/wp\/v2\/media\/1130"}],"wp:attachment":[{"href":"https:\/\/tiandeproducts.co.uk\/pl\/wp-json\/wp\/v2\/media?parent=4681"}],"wp:term":[{"taxonomy":"product_cat","embeddable":true,"href":"https:\/\/tiandeproducts.co.uk\/pl\/wp-json\/wp\/v2\/product_cat?post=4681"},{"taxonomy":"product_tag","embeddable":true,"href":"https:\/\/tiandeproducts.co.uk\/pl\/wp-json\/wp\/v2\/product_tag?post=4681"}],"curies":[{"name":"wp","href":"https:\/\/api.w.org\/{rel}","templated":true}]}}