{"id":4667,"date":"2018-05-10T10:28:56","date_gmt":"2018-05-10T09:28:56","guid":{"rendered":"https:\/\/tnd.ontesting.co.uk\/shousin\/"},"modified":"2021-02-12T12:17:05","modified_gmt":"2021-02-12T12:17:05","slug":"shousin","status":"publish","type":"product","link":"https:\/\/tiandeproducts.co.uk\/pl\/shousin\/","title":{"rendered":"&#8222;Shousin&#8221;, 30 kapsu\u0142ek"},"content":{"rendered":"<div class=\"description\">\n<p><img decoding=\"async\" style=\"max-width: 16px; margin-right: 5px;\" src=\"https:\/\/tiandeproducts.co.uk\/wp-content\/uploads\/points-green.svg\" \/>\u00a0Earn 27 points worth \u00a31.35 when buying this product<\/p>\n<p>Zalecany jako dodatkowe \u017ar\u00f3d\u0142o witaminy C, niacyny, witaminy E, kwasu pantotenowego, witaminy B12, B6, tiaminy, ryboflawiny, witaminy A, folian\u00f3w, biotyny, witaminy D, a tak\u017ce flawonoid\u00f3w, resweratrolu oraz koenzymu Q10.<\/p>\n<p>Sk\u0142ad: \u017celatyna (otoczka kapsu\u0142ki), celuloza mikrokrystaliczna E 460 (wype\u0142niacz), premiks witaminowy: kwas L-askorbinowy (Witamina C), nikotynamid (witamina B3), octan DL-alfa-tokoferylu (witamina E), D-pantotenian wapnia (witamina B5), chlorowodorek pirydoksyny (witamina B6), chlorowodorek tiaminy (witamina B1), ryboflawina (witamina B2), palmitynian retinylu (witamina A), kwas pteroilomonoglutaminowy (kwas foliowy), D-biotyna (witamina B7), cholekalcyferol (witamina D3), cyjanokobalamina (witamina B12), wyci\u0105g z owoc\u00f3w Bor\u00f3wki czarnej (Vaccinium myrtillus)*, sproszkowana grzybnia Maczu\u017cnika chi\u0144skiego (Cordyceps sinensis), koenzym Q10, kwercetyna, resweratrol.<\/p>\n<p>Osobom stosuj\u0105cym leki immunosupresyjne przed u\u017cyciem zaleca si\u0119 zasi\u0119gn\u0105\u0107 porady lekarza. Nie przekracza\u0107 zalecanej dawki dobowej. Produkt nie jest lekiem.<br \/>\nNie stosowa\u0107: w przypadku nadwra\u017cliwo\u015bci na kt\u00f3rykolwiek ze sk\u0142adnik\u00f3w oraz w okresie ci\u0105\u017cy i karmienia piersi\u0105.<br \/>\nSuplement diety nie mo\u017ce by\u0107 stosowany jako substytut pe\u0142nowarto\u015bciowej i zr\u00f3\u017cnicowanej diety. Do sprzeda\u017cy w aptekach i specjalistycznych sklepach. Nie przekracza\u0107 zalecanej dawki dobowej.<br \/>\nPrzechowywa\u0107 w miejscu suchym, ciemnym i niedost\u0119pnym dla dzieci, w temperaturze nie wy\u017cszej ni\u017c 25\u00b0C.<\/p>\n<\/div>\n<div class=\"instruction\">\n<p><strong>ZASTOSOWANIE:<\/strong><\/p>\n<p>Doro\u015bli &#8211; 1 kapsu\u0142ka raz dziennie podczas posi\u0142k\u00f3w. Okres stosowania: 3 &#8211; 4 tygodnie.<\/p>\n<\/div>\n","protected":false},"excerpt":{"rendered":"<p>\u00a0Earn 27 points worth \u00a31.35 when buying this product Zalecany jako dodatkowe \u017ar\u00f3d\u0142o witaminy C, niacyny, witaminy E, kwasu pantotenowego, witaminy B12, B6, tiaminy, ryboflawiny, witaminy A, folian\u00f3w, biotyny, witaminy D, a tak\u017ce flawonoid\u00f3w, resweratrolu oraz koenzymu Q10. Sk\u0142ad: \u017celatyna (otoczka kapsu\u0142ki), celuloza mikrokrystaliczna E 460 (wype\u0142niacz), premiks witaminowy: kwas L-askorbinowy (Witamina C), nikotynamid (witamina [&#8230;]\n","protected":false},"featured_media":1852,"comment_status":"closed","ping_status":"closed","template":"","meta":[],"product_cat":[835,833],"product_tag":[],"class_list":{"0":"post-4667","1":"product","2":"type-product","3":"status-publish","4":"has-post-thumbnail","6":"product_cat-suplementy","7":"product_cat-wellness-pl","9":"first","10":"outofstock","11":"shipping-taxable","12":"purchasable","13":"product-type-simple"},"yoast_head":"<!-- This site is optimized with the Yoast SEO plugin v23.6 - https:\/\/yoast.com\/wordpress\/plugins\/seo\/ -->\n<title>&quot;Shousin&quot;, 30 kapsu\u0142ek - TianDe Online Shop - Beauty &amp; Health<\/title>\n<meta name=\"robots\" content=\"index, follow, max-snippet:-1, max-image-preview:large, max-video-preview:-1\" \/>\n<link rel=\"canonical\" href=\"https:\/\/tiandeproducts.co.uk\/pl\/shousin\/\" \/>\n<meta property=\"og:locale\" content=\"pl_PL\" \/>\n<meta property=\"og:type\" content=\"article\" \/>\n<meta property=\"og:title\" content=\"&quot;Shousin&quot;, 30 kapsu\u0142ek - TianDe Online Shop - Beauty &amp; Health\" \/>\n<meta property=\"og:description\" content=\"\u00a0Earn 27 points worth \u00a31.35 when buying this product Zalecany jako dodatkowe \u017ar\u00f3d\u0142o witaminy C, niacyny, witaminy E, kwasu pantotenowego, witaminy B12, B6, tiaminy, ryboflawiny, witaminy A, folian\u00f3w, biotyny, witaminy D, a tak\u017ce flawonoid\u00f3w, resweratrolu oraz koenzymu Q10. Sk\u0142ad: \u017celatyna (otoczka kapsu\u0142ki), celuloza mikrokrystaliczna E 460 (wype\u0142niacz), premiks witaminowy: kwas L-askorbinowy (Witamina C), nikotynamid (witamina [...]\" \/>\n<meta property=\"og:url\" content=\"https:\/\/tiandeproducts.co.uk\/pl\/shousin\/\" \/>\n<meta property=\"og:site_name\" content=\"TianDe Online Shop - Beauty &amp; Health\" \/>\n<meta property=\"article:publisher\" content=\"https:\/\/www.facebook.com\/tiande.products.england\/\" \/>\n<meta property=\"article:modified_time\" content=\"2021-02-12T12:17:05+00:00\" \/>\n<meta property=\"og:image\" content=\"https:\/\/tiandeproducts.co.uk\/wp-content\/uploads\/2018\/05\/113009.jpg\" \/>\n\t<meta property=\"og:image:width\" content=\"800\" \/>\n\t<meta property=\"og:image:height\" content=\"800\" \/>\n\t<meta property=\"og:image:type\" content=\"image\/jpeg\" \/>\n<meta name=\"twitter:card\" content=\"summary_large_image\" \/>\n<meta name=\"twitter:label1\" content=\"Szacowany czas czytania\" \/>\n\t<meta name=\"twitter:data1\" content=\"1 minuta\" \/>\n<script type=\"application\/ld+json\" class=\"yoast-schema-graph\">{\"@context\":\"https:\/\/schema.org\",\"@graph\":[{\"@type\":\"WebPage\",\"@id\":\"https:\/\/tiandeproducts.co.uk\/pl\/shousin\/\",\"url\":\"https:\/\/tiandeproducts.co.uk\/pl\/shousin\/\",\"name\":\"\\\"Shousin\\\", 30 kapsu\u0142ek - TianDe Online Shop - Beauty &amp; Health\",\"isPartOf\":{\"@id\":\"https:\/\/tiandeproducts.co.uk\/#website\"},\"primaryImageOfPage\":{\"@id\":\"https:\/\/tiandeproducts.co.uk\/pl\/shousin\/#primaryimage\"},\"image\":{\"@id\":\"https:\/\/tiandeproducts.co.uk\/pl\/shousin\/#primaryimage\"},\"thumbnailUrl\":\"https:\/\/tiandeproducts.co.uk\/wp-content\/uploads\/2018\/05\/113009.jpg\",\"datePublished\":\"2018-05-10T09:28:56+00:00\",\"dateModified\":\"2021-02-12T12:17:05+00:00\",\"breadcrumb\":{\"@id\":\"https:\/\/tiandeproducts.co.uk\/pl\/shousin\/#breadcrumb\"},\"inLanguage\":\"pl-PL\",\"potentialAction\":[{\"@type\":\"ReadAction\",\"target\":[\"https:\/\/tiandeproducts.co.uk\/pl\/shousin\/\"]}]},{\"@type\":\"ImageObject\",\"inLanguage\":\"pl-PL\",\"@id\":\"https:\/\/tiandeproducts.co.uk\/pl\/shousin\/#primaryimage\",\"url\":\"https:\/\/tiandeproducts.co.uk\/wp-content\/uploads\/2018\/05\/113009.jpg\",\"contentUrl\":\"https:\/\/tiandeproducts.co.uk\/wp-content\/uploads\/2018\/05\/113009.jpg\",\"width\":800,\"height\":800,\"caption\":\"Biologically Active Additive \\\"Shouxin\\\",30 Capsules-0\"},{\"@type\":\"BreadcrumbList\",\"@id\":\"https:\/\/tiandeproducts.co.uk\/pl\/shousin\/#breadcrumb\",\"itemListElement\":[{\"@type\":\"ListItem\",\"position\":1,\"name\":\"Home\",\"item\":\"https:\/\/tiandeproducts.co.uk\/pl\/\"},{\"@type\":\"ListItem\",\"position\":2,\"name\":\"Shop\",\"item\":\"https:\/\/tiandeproducts.co.uk\/pl\/shop-2\/\"},{\"@type\":\"ListItem\",\"position\":3,\"name\":\"&#8220;Shousin&#8221;, 30 kapsu\u0142ek\"}]},{\"@type\":\"WebSite\",\"@id\":\"https:\/\/tiandeproducts.co.uk\/#website\",\"url\":\"https:\/\/tiandeproducts.co.uk\/\",\"name\":\"TianDe Online Shop - Beauty & Health\",\"description\":\"Traditional Chinese Medicine\",\"potentialAction\":[{\"@type\":\"SearchAction\",\"target\":{\"@type\":\"EntryPoint\",\"urlTemplate\":\"https:\/\/tiandeproducts.co.uk\/?s={search_term_string}\"},\"query-input\":{\"@type\":\"PropertyValueSpecification\",\"valueRequired\":true,\"valueName\":\"search_term_string\"}}],\"inLanguage\":\"pl-PL\"}]}<\/script>\n<!-- \/ Yoast SEO plugin. -->","yoast_head_json":{"title":"\"Shousin\", 30 kapsu\u0142ek - TianDe Online Shop - Beauty &amp; Health","robots":{"index":"index","follow":"follow","max-snippet":"max-snippet:-1","max-image-preview":"max-image-preview:large","max-video-preview":"max-video-preview:-1"},"canonical":"https:\/\/tiandeproducts.co.uk\/pl\/shousin\/","og_locale":"pl_PL","og_type":"article","og_title":"\"Shousin\", 30 kapsu\u0142ek - TianDe Online Shop - Beauty &amp; Health","og_description":"\u00a0Earn 27 points worth \u00a31.35 when buying this product Zalecany jako dodatkowe \u017ar\u00f3d\u0142o witaminy C, niacyny, witaminy E, kwasu pantotenowego, witaminy B12, B6, tiaminy, ryboflawiny, witaminy A, folian\u00f3w, biotyny, witaminy D, a tak\u017ce flawonoid\u00f3w, resweratrolu oraz koenzymu Q10. Sk\u0142ad: \u017celatyna (otoczka kapsu\u0142ki), celuloza mikrokrystaliczna E 460 (wype\u0142niacz), premiks witaminowy: kwas L-askorbinowy (Witamina C), nikotynamid (witamina [...]","og_url":"https:\/\/tiandeproducts.co.uk\/pl\/shousin\/","og_site_name":"TianDe Online Shop - Beauty &amp; Health","article_publisher":"https:\/\/www.facebook.com\/tiande.products.england\/","article_modified_time":"2021-02-12T12:17:05+00:00","og_image":[{"width":800,"height":800,"url":"https:\/\/tiandeproducts.co.uk\/wp-content\/uploads\/2018\/05\/113009.jpg","type":"image\/jpeg"}],"twitter_card":"summary_large_image","twitter_misc":{"Szacowany czas czytania":"1 minuta"},"schema":{"@context":"https:\/\/schema.org","@graph":[{"@type":"WebPage","@id":"https:\/\/tiandeproducts.co.uk\/pl\/shousin\/","url":"https:\/\/tiandeproducts.co.uk\/pl\/shousin\/","name":"\"Shousin\", 30 kapsu\u0142ek - TianDe Online Shop - Beauty &amp; Health","isPartOf":{"@id":"https:\/\/tiandeproducts.co.uk\/#website"},"primaryImageOfPage":{"@id":"https:\/\/tiandeproducts.co.uk\/pl\/shousin\/#primaryimage"},"image":{"@id":"https:\/\/tiandeproducts.co.uk\/pl\/shousin\/#primaryimage"},"thumbnailUrl":"https:\/\/tiandeproducts.co.uk\/wp-content\/uploads\/2018\/05\/113009.jpg","datePublished":"2018-05-10T09:28:56+00:00","dateModified":"2021-02-12T12:17:05+00:00","breadcrumb":{"@id":"https:\/\/tiandeproducts.co.uk\/pl\/shousin\/#breadcrumb"},"inLanguage":"pl-PL","potentialAction":[{"@type":"ReadAction","target":["https:\/\/tiandeproducts.co.uk\/pl\/shousin\/"]}]},{"@type":"ImageObject","inLanguage":"pl-PL","@id":"https:\/\/tiandeproducts.co.uk\/pl\/shousin\/#primaryimage","url":"https:\/\/tiandeproducts.co.uk\/wp-content\/uploads\/2018\/05\/113009.jpg","contentUrl":"https:\/\/tiandeproducts.co.uk\/wp-content\/uploads\/2018\/05\/113009.jpg","width":800,"height":800,"caption":"Biologically Active Additive \"Shouxin\",30 Capsules-0"},{"@type":"BreadcrumbList","@id":"https:\/\/tiandeproducts.co.uk\/pl\/shousin\/#breadcrumb","itemListElement":[{"@type":"ListItem","position":1,"name":"Home","item":"https:\/\/tiandeproducts.co.uk\/pl\/"},{"@type":"ListItem","position":2,"name":"Shop","item":"https:\/\/tiandeproducts.co.uk\/pl\/shop-2\/"},{"@type":"ListItem","position":3,"name":"&#8220;Shousin&#8221;, 30 kapsu\u0142ek"}]},{"@type":"WebSite","@id":"https:\/\/tiandeproducts.co.uk\/#website","url":"https:\/\/tiandeproducts.co.uk\/","name":"TianDe Online Shop - Beauty & Health","description":"Traditional Chinese Medicine","potentialAction":[{"@type":"SearchAction","target":{"@type":"EntryPoint","urlTemplate":"https:\/\/tiandeproducts.co.uk\/?s={search_term_string}"},"query-input":{"@type":"PropertyValueSpecification","valueRequired":true,"valueName":"search_term_string"}}],"inLanguage":"pl-PL"}]}},"_links":{"self":[{"href":"https:\/\/tiandeproducts.co.uk\/pl\/wp-json\/wp\/v2\/product\/4667","targetHints":{"allow":["GET"]}}],"collection":[{"href":"https:\/\/tiandeproducts.co.uk\/pl\/wp-json\/wp\/v2\/product"}],"about":[{"href":"https:\/\/tiandeproducts.co.uk\/pl\/wp-json\/wp\/v2\/types\/product"}],"replies":[{"embeddable":true,"href":"https:\/\/tiandeproducts.co.uk\/pl\/wp-json\/wp\/v2\/comments?post=4667"}],"wp:featuredmedia":[{"embeddable":true,"href":"https:\/\/tiandeproducts.co.uk\/pl\/wp-json\/wp\/v2\/media\/1852"}],"wp:attachment":[{"href":"https:\/\/tiandeproducts.co.uk\/pl\/wp-json\/wp\/v2\/media?parent=4667"}],"wp:term":[{"taxonomy":"product_cat","embeddable":true,"href":"https:\/\/tiandeproducts.co.uk\/pl\/wp-json\/wp\/v2\/product_cat?post=4667"},{"taxonomy":"product_tag","embeddable":true,"href":"https:\/\/tiandeproducts.co.uk\/pl\/wp-json\/wp\/v2\/product_tag?post=4667"}],"curies":[{"name":"wp","href":"https:\/\/api.w.org\/{rel}","templated":true}]}}