{"id":4661,"date":"2018-07-17T17:24:59","date_gmt":"2018-07-17T16:24:59","guid":{"rendered":"https:\/\/tnd.ontesting.co.uk\/piaoliang\/"},"modified":"2021-02-12T12:02:04","modified_gmt":"2021-02-12T12:02:04","slug":"piaoliang","status":"publish","type":"product","link":"https:\/\/tiandeproducts.co.uk\/pl\/piaoliang\/","title":{"rendered":"&#8222;Piaoliang&#8221;,30 kapsu\u0142ek"},"content":{"rendered":"<div class=\"description\">\n<p><img decoding=\"async\" style=\"max-width: 16px; margin-right: 5px;\" src=\"https:\/\/tiandeproducts.co.uk\/wp-content\/uploads\/points-green.svg\" \/>\u00a0Earn 21 points worth \u00a31.05 when buying this product<\/p>\n<p>Zalecany jako dodatkowe \u017ar\u00f3d\u0142o tauryny, katechin\u00f3w, selenu, cynku, witaminy C, niacyny, witaminy E, kwasu pantotenowego, witaminy B12, B6, tiaminy, ryboflawiny, witaminy A, folian\u00f3w, biotyny, wit. D.<\/p>\n<p>Sk\u0142ad: wyci\u0105g z li\u015bci Herbaty chi\u0144skiej (Camellia Sinensis) (3:1), celuloza mikrokrystaliczna E 460 (wype\u0142niacz), \u017celatyna (otoczka kapsu\u0142ki), tauryna, premiks witaminowy: kwas L-askorbinowy (Witamina C), nikotynamid (witamina B3), octan DL-alfa-tokoferylu (witamina E), D-pantotenian wapnia (witamina B5), chlorowodorek pirydoksyny (witamina B6), chlorowodorek tiaminy (witamina B1), ryboflawina (witamina B2), palmitynian retinylu (witamina A), kwas pteroilomonoglutaminowy (kwas foliowy), D-biotyna (witamina B7), cholekalcyferol (witamina D3), cyjanokobalamina (witamina B12), sproszkowana grzybnia Maczu\u017cnika chi\u0144skiego (Cordyceps sinensis, Hirsutella sinensis), L-asparaginian cynku, L-selenometionina.<\/p>\n<p>Osobom stosuj\u0105cym leki immunosupresyjne przed u\u017cyciem zaleca si\u0119 zasi\u0119gn\u0105\u0107 porady lekarza. Produkt nie jest lekiem. Do sprzeda\u017cy w aptekach i specjalistycznych sklepach. Nie przekracza\u0107 zalecanej dawki dobowej. Suplement diety nie mo\u017ce by\u0107 stosowany jako substytut pe\u0142nowarto\u015bciowej i zr\u00f3\u017cnicowanej diety.<br \/>\nNie stosowa\u0107 w przypadku nadwra\u017cliwo\u015bci na kt\u00f3rykolwiek ze sk\u0142adnik\u00f3w oraz w okresie ci\u0105\u017cy i karmienia piersi\u0105.<br \/>\nPrzechowywa\u0107 w miejscu niedost\u0119pnym dla dzieci, w temperaturze nie wy\u017cszej ni\u017c 25\u00b0C. Wilgotno\u015b\u0107 wzgl\u0119dn\u0105 powietrza nie mo\u017ce przekracza\u0107 70%.<\/p>\n<\/div>\n<div class=\"instruction\">\n<p><strong>ZASTOSOWANIE:<\/strong><\/p>\n<p>Doro\u015bli &#8211; 1 kapsu\u0142ka raz dziennie podczas posi\u0142k\u00f3w. Okres stosowania: 3 &#8211; 4 tygodnie.<\/p>\n<\/div>\n","protected":false},"excerpt":{"rendered":"<p>&nbsp;<\/p>\n<p>&nbsp;<\/p>\n","protected":false},"featured_media":1932,"comment_status":"closed","ping_status":"closed","template":"","meta":[],"product_cat":[835,833],"product_tag":[],"class_list":{"0":"post-4661","1":"product","2":"type-product","3":"status-publish","4":"has-post-thumbnail","6":"product_cat-suplementy","7":"product_cat-wellness-pl","9":"first","10":"outofstock","11":"shipping-taxable","12":"purchasable","13":"product-type-simple"},"yoast_head":"<!-- This site is optimized with the Yoast SEO plugin v23.6 - https:\/\/yoast.com\/wordpress\/plugins\/seo\/ -->\n<title>&quot;Piaoliang&quot;,30 kapsu\u0142ek - TianDe Online Shop - Beauty &amp; Health<\/title>\n<meta name=\"robots\" content=\"index, follow, max-snippet:-1, max-image-preview:large, max-video-preview:-1\" \/>\n<link rel=\"canonical\" href=\"https:\/\/tiandeproducts.co.uk\/pl\/piaoliang\/\" \/>\n<meta property=\"og:locale\" content=\"pl_PL\" \/>\n<meta property=\"og:type\" content=\"article\" \/>\n<meta property=\"og:title\" content=\"&quot;Piaoliang&quot;,30 kapsu\u0142ek - TianDe Online Shop - Beauty &amp; Health\" \/>\n<meta property=\"og:description\" content=\"&nbsp;  &nbsp;\" \/>\n<meta property=\"og:url\" content=\"https:\/\/tiandeproducts.co.uk\/pl\/piaoliang\/\" \/>\n<meta property=\"og:site_name\" content=\"TianDe Online Shop - Beauty &amp; Health\" \/>\n<meta property=\"article:publisher\" content=\"https:\/\/www.facebook.com\/tiande.products.england\/\" \/>\n<meta property=\"article:modified_time\" content=\"2021-02-12T12:02:04+00:00\" \/>\n<meta property=\"og:image\" content=\"https:\/\/tiandeproducts.co.uk\/wp-content\/uploads\/2018\/07\/113007.jpg\" \/>\n\t<meta property=\"og:image:width\" content=\"700\" \/>\n\t<meta property=\"og:image:height\" content=\"700\" \/>\n\t<meta property=\"og:image:type\" content=\"image\/jpeg\" \/>\n<meta name=\"twitter:card\" content=\"summary_large_image\" \/>\n<meta name=\"twitter:label1\" content=\"Szacowany czas czytania\" \/>\n\t<meta name=\"twitter:data1\" content=\"1 minuta\" \/>\n<script type=\"application\/ld+json\" class=\"yoast-schema-graph\">{\"@context\":\"https:\/\/schema.org\",\"@graph\":[{\"@type\":\"WebPage\",\"@id\":\"https:\/\/tiandeproducts.co.uk\/pl\/piaoliang\/\",\"url\":\"https:\/\/tiandeproducts.co.uk\/pl\/piaoliang\/\",\"name\":\"\\\"Piaoliang\\\",30 kapsu\u0142ek - TianDe Online Shop - Beauty &amp; Health\",\"isPartOf\":{\"@id\":\"https:\/\/tiandeproducts.co.uk\/#website\"},\"primaryImageOfPage\":{\"@id\":\"https:\/\/tiandeproducts.co.uk\/pl\/piaoliang\/#primaryimage\"},\"image\":{\"@id\":\"https:\/\/tiandeproducts.co.uk\/pl\/piaoliang\/#primaryimage\"},\"thumbnailUrl\":\"https:\/\/tiandeproducts.co.uk\/wp-content\/uploads\/2018\/07\/113007.jpg\",\"datePublished\":\"2018-07-17T16:24:59+00:00\",\"dateModified\":\"2021-02-12T12:02:04+00:00\",\"breadcrumb\":{\"@id\":\"https:\/\/tiandeproducts.co.uk\/pl\/piaoliang\/#breadcrumb\"},\"inLanguage\":\"pl-PL\",\"potentialAction\":[{\"@type\":\"ReadAction\",\"target\":[\"https:\/\/tiandeproducts.co.uk\/pl\/piaoliang\/\"]}]},{\"@type\":\"ImageObject\",\"inLanguage\":\"pl-PL\",\"@id\":\"https:\/\/tiandeproducts.co.uk\/pl\/piaoliang\/#primaryimage\",\"url\":\"https:\/\/tiandeproducts.co.uk\/wp-content\/uploads\/2018\/07\/113007.jpg\",\"contentUrl\":\"https:\/\/tiandeproducts.co.uk\/wp-content\/uploads\/2018\/07\/113007.jpg\",\"width\":700,\"height\":700,\"caption\":\"Biologically Active Additive \\\"PIAOLIANG\\\" 30 capsules-0\"},{\"@type\":\"BreadcrumbList\",\"@id\":\"https:\/\/tiandeproducts.co.uk\/pl\/piaoliang\/#breadcrumb\",\"itemListElement\":[{\"@type\":\"ListItem\",\"position\":1,\"name\":\"Home\",\"item\":\"https:\/\/tiandeproducts.co.uk\/pl\/\"},{\"@type\":\"ListItem\",\"position\":2,\"name\":\"Shop\",\"item\":\"https:\/\/tiandeproducts.co.uk\/pl\/shop-2\/\"},{\"@type\":\"ListItem\",\"position\":3,\"name\":\"&#8220;Piaoliang&#8221;,30 kapsu\u0142ek\"}]},{\"@type\":\"WebSite\",\"@id\":\"https:\/\/tiandeproducts.co.uk\/#website\",\"url\":\"https:\/\/tiandeproducts.co.uk\/\",\"name\":\"TianDe Online Shop - Beauty & Health\",\"description\":\"Traditional Chinese Medicine\",\"potentialAction\":[{\"@type\":\"SearchAction\",\"target\":{\"@type\":\"EntryPoint\",\"urlTemplate\":\"https:\/\/tiandeproducts.co.uk\/?s={search_term_string}\"},\"query-input\":{\"@type\":\"PropertyValueSpecification\",\"valueRequired\":true,\"valueName\":\"search_term_string\"}}],\"inLanguage\":\"pl-PL\"}]}<\/script>\n<!-- \/ Yoast SEO plugin. -->","yoast_head_json":{"title":"\"Piaoliang\",30 kapsu\u0142ek - TianDe Online Shop - Beauty &amp; Health","robots":{"index":"index","follow":"follow","max-snippet":"max-snippet:-1","max-image-preview":"max-image-preview:large","max-video-preview":"max-video-preview:-1"},"canonical":"https:\/\/tiandeproducts.co.uk\/pl\/piaoliang\/","og_locale":"pl_PL","og_type":"article","og_title":"\"Piaoliang\",30 kapsu\u0142ek - TianDe Online Shop - Beauty &amp; Health","og_description":"&nbsp;  &nbsp;","og_url":"https:\/\/tiandeproducts.co.uk\/pl\/piaoliang\/","og_site_name":"TianDe Online Shop - Beauty &amp; Health","article_publisher":"https:\/\/www.facebook.com\/tiande.products.england\/","article_modified_time":"2021-02-12T12:02:04+00:00","og_image":[{"width":700,"height":700,"url":"https:\/\/tiandeproducts.co.uk\/wp-content\/uploads\/2018\/07\/113007.jpg","type":"image\/jpeg"}],"twitter_card":"summary_large_image","twitter_misc":{"Szacowany czas czytania":"1 minuta"},"schema":{"@context":"https:\/\/schema.org","@graph":[{"@type":"WebPage","@id":"https:\/\/tiandeproducts.co.uk\/pl\/piaoliang\/","url":"https:\/\/tiandeproducts.co.uk\/pl\/piaoliang\/","name":"\"Piaoliang\",30 kapsu\u0142ek - TianDe Online Shop - Beauty &amp; Health","isPartOf":{"@id":"https:\/\/tiandeproducts.co.uk\/#website"},"primaryImageOfPage":{"@id":"https:\/\/tiandeproducts.co.uk\/pl\/piaoliang\/#primaryimage"},"image":{"@id":"https:\/\/tiandeproducts.co.uk\/pl\/piaoliang\/#primaryimage"},"thumbnailUrl":"https:\/\/tiandeproducts.co.uk\/wp-content\/uploads\/2018\/07\/113007.jpg","datePublished":"2018-07-17T16:24:59+00:00","dateModified":"2021-02-12T12:02:04+00:00","breadcrumb":{"@id":"https:\/\/tiandeproducts.co.uk\/pl\/piaoliang\/#breadcrumb"},"inLanguage":"pl-PL","potentialAction":[{"@type":"ReadAction","target":["https:\/\/tiandeproducts.co.uk\/pl\/piaoliang\/"]}]},{"@type":"ImageObject","inLanguage":"pl-PL","@id":"https:\/\/tiandeproducts.co.uk\/pl\/piaoliang\/#primaryimage","url":"https:\/\/tiandeproducts.co.uk\/wp-content\/uploads\/2018\/07\/113007.jpg","contentUrl":"https:\/\/tiandeproducts.co.uk\/wp-content\/uploads\/2018\/07\/113007.jpg","width":700,"height":700,"caption":"Biologically Active Additive \"PIAOLIANG\" 30 capsules-0"},{"@type":"BreadcrumbList","@id":"https:\/\/tiandeproducts.co.uk\/pl\/piaoliang\/#breadcrumb","itemListElement":[{"@type":"ListItem","position":1,"name":"Home","item":"https:\/\/tiandeproducts.co.uk\/pl\/"},{"@type":"ListItem","position":2,"name":"Shop","item":"https:\/\/tiandeproducts.co.uk\/pl\/shop-2\/"},{"@type":"ListItem","position":3,"name":"&#8220;Piaoliang&#8221;,30 kapsu\u0142ek"}]},{"@type":"WebSite","@id":"https:\/\/tiandeproducts.co.uk\/#website","url":"https:\/\/tiandeproducts.co.uk\/","name":"TianDe Online Shop - Beauty & Health","description":"Traditional Chinese Medicine","potentialAction":[{"@type":"SearchAction","target":{"@type":"EntryPoint","urlTemplate":"https:\/\/tiandeproducts.co.uk\/?s={search_term_string}"},"query-input":{"@type":"PropertyValueSpecification","valueRequired":true,"valueName":"search_term_string"}}],"inLanguage":"pl-PL"}]}},"_links":{"self":[{"href":"https:\/\/tiandeproducts.co.uk\/pl\/wp-json\/wp\/v2\/product\/4661","targetHints":{"allow":["GET"]}}],"collection":[{"href":"https:\/\/tiandeproducts.co.uk\/pl\/wp-json\/wp\/v2\/product"}],"about":[{"href":"https:\/\/tiandeproducts.co.uk\/pl\/wp-json\/wp\/v2\/types\/product"}],"replies":[{"embeddable":true,"href":"https:\/\/tiandeproducts.co.uk\/pl\/wp-json\/wp\/v2\/comments?post=4661"}],"wp:featuredmedia":[{"embeddable":true,"href":"https:\/\/tiandeproducts.co.uk\/pl\/wp-json\/wp\/v2\/media\/1932"}],"wp:attachment":[{"href":"https:\/\/tiandeproducts.co.uk\/pl\/wp-json\/wp\/v2\/media?parent=4661"}],"wp:term":[{"taxonomy":"product_cat","embeddable":true,"href":"https:\/\/tiandeproducts.co.uk\/pl\/wp-json\/wp\/v2\/product_cat?post=4661"},{"taxonomy":"product_tag","embeddable":true,"href":"https:\/\/tiandeproducts.co.uk\/pl\/wp-json\/wp\/v2\/product_tag?post=4661"}],"curies":[{"name":"wp","href":"https:\/\/api.w.org\/{rel}","templated":true}]}}