{"id":4659,"date":"2017-09-19T13:45:15","date_gmt":"2017-09-19T12:45:15","guid":{"rendered":"https:\/\/tnd.ontesting.co.uk\/krem-do-ciala-plaster-w-plynie125g\/"},"modified":"2021-02-12T12:37:19","modified_gmt":"2021-02-12T12:37:19","slug":"krem-do-ciala-plaster-w-plynie125g","status":"publish","type":"product","link":"https:\/\/tiandeproducts.co.uk\/pl\/krem-do-ciala-plaster-w-plynie125g\/","title":{"rendered":"Krem do cia\u0142a \u201ePlaster w p\u0142ynie\u201d,125g"},"content":{"rendered":"<div class=\"description\">\n<p><img decoding=\"async\" style=\"max-width: 16px; margin-right: 5px;\" src=\"https:\/\/tiandeproducts.co.uk\/wp-content\/uploads\/points-green.svg\" \/>\u00a0Earn 13 points worth \u00a30.65 when buying this product<\/p>\n<p>Nasze \u017cycie to ci\u0105g\u0142e sprzeczno\u015bci. Czasami intensywnie uprawiamy sport, pr\u00f3bujemy swoich si\u0142 w biegach, zapisujemy si\u0119 na si\u0142owni\u0119, a czasami ca\u0142ymi dniami siedzimy przed komputerem. Wszystko to odbija si\u0119 na naszych stawach, gdy\u017c to w\u0142a\u015bnie one pomagaj\u0105 nam wykonywa\u0107 te czy inne ruchy.<\/p>\n<p>Krem \u201eP\u0142ynny plaster\u201c od TianDe jest odpowiedni zar\u00f3wno dla mi\u0142o\u015bnik\u00f3w aktywnego sportu, jak i dla tych, kt\u00f3rzy od si\u0142owni wol\u0105 kanap\u0119 (lub zmuszeni s\u0105 prowadzi\u0107 ma\u0142o aktywny tryb \u017cycia z tych czy innych powod\u00f3w). Dzi\u0119ki sk\u0142adnikom aktywnym krem ma dzia\u0142anie rozgrzewaj\u0105ce.<\/p>\n<p>Je\u015bli za\u015b odwrotnie &#8211; nie starcza Ci czasu na sport, krem \u201eP\u0142ynny plaster\u201c pomo\u017ce zrekompensowa\u0107 brak ruchu. Przy siedz\u0105cym trybie \u017cycia musimy przede wszystkim \u201erozprowadzi\u0107 krew\u201c po organizmie. B\u0119dzie temu sprzyja\u0107 rozgrzewaj\u0105ce dzia\u0142anie kremu, kt\u00f3re poprawia dop\u0142yw krwi do staw\u00f3w.<\/p>\n<p>Niech ka\u017cdy Tw\u00f3j ruch b\u0119dzie rado\u015bci\u0105.<\/p>\n<\/div>\n<div class=\"instruction\">\n<p><strong>ZASTOSOWANIE:<\/strong><\/p>\n<p>Nak\u0142adaj na cia\u0142o \u0142agodnymi masuj\u0105cymi ruchami przed treningiem lub przy dyskomforcie w okolicy staw\u00f3w.<\/p>\n<\/div>\n","protected":false},"excerpt":{"rendered":"<p>\u00a0Earn 13 points worth \u00a30.65 when buying this product Nasze \u017cycie to ci\u0105g\u0142e sprzeczno\u015bci. Czasami intensywnie uprawiamy sport, pr\u00f3bujemy swoich si\u0142 w biegach, zapisujemy si\u0119 na si\u0142owni\u0119, a czasami ca\u0142ymi dniami siedzimy przed komputerem. Wszystko to odbija si\u0119 na naszych stawach, gdy\u017c to w\u0142a\u015bnie one pomagaj\u0105 nam wykonywa\u0107 te czy inne ruchy. Krem \u201eP\u0142ynny plaster\u201c [&#8230;]\n","protected":false},"featured_media":1731,"comment_status":"closed","ping_status":"closed","template":"","meta":[],"product_cat":[501,722,498,735,833,745],"product_tag":[],"class_list":{"0":"post-4659","1":"product","2":"type-product","3":"status-publish","4":"has-post-thumbnail","6":"product_cat-altai-pl","7":"product_cat-altai-sacral-pl","8":"product_cat-pielegnacja-ciala","9":"product_cat-kremy","10":"product_cat-wellness-pl","11":"product_cat-zdrowie","13":"first","14":"instock","15":"shipping-taxable","16":"purchasable","17":"product-type-simple"},"yoast_head":"<!-- This site is optimized with the Yoast SEO plugin v23.6 - https:\/\/yoast.com\/wordpress\/plugins\/seo\/ -->\n<title>Krem do cia\u0142a \u201ePlaster w p\u0142ynie\u201d,125g - TianDe Online Shop - Beauty &amp; Health<\/title>\n<meta name=\"robots\" content=\"index, follow, max-snippet:-1, max-image-preview:large, max-video-preview:-1\" \/>\n<link rel=\"canonical\" href=\"https:\/\/tiandeproducts.co.uk\/pl\/krem-do-ciala-plaster-w-plynie125g\/\" \/>\n<meta property=\"og:locale\" content=\"pl_PL\" \/>\n<meta property=\"og:type\" content=\"article\" \/>\n<meta property=\"og:title\" content=\"Krem do cia\u0142a \u201ePlaster w p\u0142ynie\u201d,125g - TianDe Online Shop - Beauty &amp; Health\" \/>\n<meta property=\"og:description\" content=\"\u00a0Earn 13 points worth \u00a30.65 when buying this product Nasze \u017cycie to ci\u0105g\u0142e sprzeczno\u015bci. Czasami intensywnie uprawiamy sport, pr\u00f3bujemy swoich si\u0142 w biegach, zapisujemy si\u0119 na si\u0142owni\u0119, a czasami ca\u0142ymi dniami siedzimy przed komputerem. Wszystko to odbija si\u0119 na naszych stawach, gdy\u017c to w\u0142a\u015bnie one pomagaj\u0105 nam wykonywa\u0107 te czy inne ruchy. Krem \u201eP\u0142ynny plaster\u201c [...]\" \/>\n<meta property=\"og:url\" content=\"https:\/\/tiandeproducts.co.uk\/pl\/krem-do-ciala-plaster-w-plynie125g\/\" \/>\n<meta property=\"og:site_name\" content=\"TianDe Online Shop - Beauty &amp; Health\" \/>\n<meta property=\"article:publisher\" content=\"https:\/\/www.facebook.com\/tiande.products.england\/\" \/>\n<meta property=\"article:modified_time\" content=\"2021-02-12T12:37:19+00:00\" \/>\n<meta property=\"og:image\" content=\"https:\/\/tiandeproducts.co.uk\/wp-content\/uploads\/2017\/09\/34413.jpg\" \/>\n\t<meta property=\"og:image:width\" content=\"800\" \/>\n\t<meta property=\"og:image:height\" content=\"800\" \/>\n\t<meta property=\"og:image:type\" content=\"image\/jpeg\" \/>\n<meta name=\"twitter:card\" content=\"summary_large_image\" \/>\n<meta name=\"twitter:label1\" content=\"Szacowany czas czytania\" \/>\n\t<meta name=\"twitter:data1\" content=\"1 minuta\" \/>\n<script type=\"application\/ld+json\" class=\"yoast-schema-graph\">{\"@context\":\"https:\/\/schema.org\",\"@graph\":[{\"@type\":\"WebPage\",\"@id\":\"https:\/\/tiandeproducts.co.uk\/pl\/krem-do-ciala-plaster-w-plynie125g\/\",\"url\":\"https:\/\/tiandeproducts.co.uk\/pl\/krem-do-ciala-plaster-w-plynie125g\/\",\"name\":\"Krem do cia\u0142a \u201ePlaster w p\u0142ynie\u201d,125g - TianDe Online Shop - Beauty &amp; Health\",\"isPartOf\":{\"@id\":\"https:\/\/tiandeproducts.co.uk\/#website\"},\"primaryImageOfPage\":{\"@id\":\"https:\/\/tiandeproducts.co.uk\/pl\/krem-do-ciala-plaster-w-plynie125g\/#primaryimage\"},\"image\":{\"@id\":\"https:\/\/tiandeproducts.co.uk\/pl\/krem-do-ciala-plaster-w-plynie125g\/#primaryimage\"},\"thumbnailUrl\":\"https:\/\/tiandeproducts.co.uk\/wp-content\/uploads\/2017\/09\/34413.jpg\",\"datePublished\":\"2017-09-19T12:45:15+00:00\",\"dateModified\":\"2021-02-12T12:37:19+00:00\",\"breadcrumb\":{\"@id\":\"https:\/\/tiandeproducts.co.uk\/pl\/krem-do-ciala-plaster-w-plynie125g\/#breadcrumb\"},\"inLanguage\":\"pl-PL\",\"potentialAction\":[{\"@type\":\"ReadAction\",\"target\":[\"https:\/\/tiandeproducts.co.uk\/pl\/krem-do-ciala-plaster-w-plynie125g\/\"]}]},{\"@type\":\"ImageObject\",\"inLanguage\":\"pl-PL\",\"@id\":\"https:\/\/tiandeproducts.co.uk\/pl\/krem-do-ciala-plaster-w-plynie125g\/#primaryimage\",\"url\":\"https:\/\/tiandeproducts.co.uk\/wp-content\/uploads\/2017\/09\/34413.jpg\",\"contentUrl\":\"https:\/\/tiandeproducts.co.uk\/wp-content\/uploads\/2017\/09\/34413.jpg\",\"width\":800,\"height\":800,\"caption\":\"Liquid-Patch Body Cream,125g-0\"},{\"@type\":\"BreadcrumbList\",\"@id\":\"https:\/\/tiandeproducts.co.uk\/pl\/krem-do-ciala-plaster-w-plynie125g\/#breadcrumb\",\"itemListElement\":[{\"@type\":\"ListItem\",\"position\":1,\"name\":\"Home\",\"item\":\"https:\/\/tiandeproducts.co.uk\/pl\/\"},{\"@type\":\"ListItem\",\"position\":2,\"name\":\"Shop\",\"item\":\"https:\/\/tiandeproducts.co.uk\/pl\/shop-2\/\"},{\"@type\":\"ListItem\",\"position\":3,\"name\":\"Krem do cia\u0142a \u201ePlaster w p\u0142ynie\u201d,125g\"}]},{\"@type\":\"WebSite\",\"@id\":\"https:\/\/tiandeproducts.co.uk\/#website\",\"url\":\"https:\/\/tiandeproducts.co.uk\/\",\"name\":\"TianDe Online Shop - Beauty & Health\",\"description\":\"Traditional Chinese Medicine\",\"potentialAction\":[{\"@type\":\"SearchAction\",\"target\":{\"@type\":\"EntryPoint\",\"urlTemplate\":\"https:\/\/tiandeproducts.co.uk\/?s={search_term_string}\"},\"query-input\":{\"@type\":\"PropertyValueSpecification\",\"valueRequired\":true,\"valueName\":\"search_term_string\"}}],\"inLanguage\":\"pl-PL\"}]}<\/script>\n<!-- \/ Yoast SEO plugin. -->","yoast_head_json":{"title":"Krem do cia\u0142a \u201ePlaster w p\u0142ynie\u201d,125g - TianDe Online Shop - Beauty &amp; Health","robots":{"index":"index","follow":"follow","max-snippet":"max-snippet:-1","max-image-preview":"max-image-preview:large","max-video-preview":"max-video-preview:-1"},"canonical":"https:\/\/tiandeproducts.co.uk\/pl\/krem-do-ciala-plaster-w-plynie125g\/","og_locale":"pl_PL","og_type":"article","og_title":"Krem do cia\u0142a \u201ePlaster w p\u0142ynie\u201d,125g - TianDe Online Shop - Beauty &amp; Health","og_description":"\u00a0Earn 13 points worth \u00a30.65 when buying this product Nasze \u017cycie to ci\u0105g\u0142e sprzeczno\u015bci. Czasami intensywnie uprawiamy sport, pr\u00f3bujemy swoich si\u0142 w biegach, zapisujemy si\u0119 na si\u0142owni\u0119, a czasami ca\u0142ymi dniami siedzimy przed komputerem. Wszystko to odbija si\u0119 na naszych stawach, gdy\u017c to w\u0142a\u015bnie one pomagaj\u0105 nam wykonywa\u0107 te czy inne ruchy. Krem \u201eP\u0142ynny plaster\u201c [...]","og_url":"https:\/\/tiandeproducts.co.uk\/pl\/krem-do-ciala-plaster-w-plynie125g\/","og_site_name":"TianDe Online Shop - Beauty &amp; Health","article_publisher":"https:\/\/www.facebook.com\/tiande.products.england\/","article_modified_time":"2021-02-12T12:37:19+00:00","og_image":[{"width":800,"height":800,"url":"https:\/\/tiandeproducts.co.uk\/wp-content\/uploads\/2017\/09\/34413.jpg","type":"image\/jpeg"}],"twitter_card":"summary_large_image","twitter_misc":{"Szacowany czas czytania":"1 minuta"},"schema":{"@context":"https:\/\/schema.org","@graph":[{"@type":"WebPage","@id":"https:\/\/tiandeproducts.co.uk\/pl\/krem-do-ciala-plaster-w-plynie125g\/","url":"https:\/\/tiandeproducts.co.uk\/pl\/krem-do-ciala-plaster-w-plynie125g\/","name":"Krem do cia\u0142a \u201ePlaster w p\u0142ynie\u201d,125g - TianDe Online Shop - Beauty &amp; Health","isPartOf":{"@id":"https:\/\/tiandeproducts.co.uk\/#website"},"primaryImageOfPage":{"@id":"https:\/\/tiandeproducts.co.uk\/pl\/krem-do-ciala-plaster-w-plynie125g\/#primaryimage"},"image":{"@id":"https:\/\/tiandeproducts.co.uk\/pl\/krem-do-ciala-plaster-w-plynie125g\/#primaryimage"},"thumbnailUrl":"https:\/\/tiandeproducts.co.uk\/wp-content\/uploads\/2017\/09\/34413.jpg","datePublished":"2017-09-19T12:45:15+00:00","dateModified":"2021-02-12T12:37:19+00:00","breadcrumb":{"@id":"https:\/\/tiandeproducts.co.uk\/pl\/krem-do-ciala-plaster-w-plynie125g\/#breadcrumb"},"inLanguage":"pl-PL","potentialAction":[{"@type":"ReadAction","target":["https:\/\/tiandeproducts.co.uk\/pl\/krem-do-ciala-plaster-w-plynie125g\/"]}]},{"@type":"ImageObject","inLanguage":"pl-PL","@id":"https:\/\/tiandeproducts.co.uk\/pl\/krem-do-ciala-plaster-w-plynie125g\/#primaryimage","url":"https:\/\/tiandeproducts.co.uk\/wp-content\/uploads\/2017\/09\/34413.jpg","contentUrl":"https:\/\/tiandeproducts.co.uk\/wp-content\/uploads\/2017\/09\/34413.jpg","width":800,"height":800,"caption":"Liquid-Patch Body Cream,125g-0"},{"@type":"BreadcrumbList","@id":"https:\/\/tiandeproducts.co.uk\/pl\/krem-do-ciala-plaster-w-plynie125g\/#breadcrumb","itemListElement":[{"@type":"ListItem","position":1,"name":"Home","item":"https:\/\/tiandeproducts.co.uk\/pl\/"},{"@type":"ListItem","position":2,"name":"Shop","item":"https:\/\/tiandeproducts.co.uk\/pl\/shop-2\/"},{"@type":"ListItem","position":3,"name":"Krem do cia\u0142a \u201ePlaster w p\u0142ynie\u201d,125g"}]},{"@type":"WebSite","@id":"https:\/\/tiandeproducts.co.uk\/#website","url":"https:\/\/tiandeproducts.co.uk\/","name":"TianDe Online Shop - Beauty & Health","description":"Traditional Chinese Medicine","potentialAction":[{"@type":"SearchAction","target":{"@type":"EntryPoint","urlTemplate":"https:\/\/tiandeproducts.co.uk\/?s={search_term_string}"},"query-input":{"@type":"PropertyValueSpecification","valueRequired":true,"valueName":"search_term_string"}}],"inLanguage":"pl-PL"}]}},"_links":{"self":[{"href":"https:\/\/tiandeproducts.co.uk\/pl\/wp-json\/wp\/v2\/product\/4659","targetHints":{"allow":["GET"]}}],"collection":[{"href":"https:\/\/tiandeproducts.co.uk\/pl\/wp-json\/wp\/v2\/product"}],"about":[{"href":"https:\/\/tiandeproducts.co.uk\/pl\/wp-json\/wp\/v2\/types\/product"}],"replies":[{"embeddable":true,"href":"https:\/\/tiandeproducts.co.uk\/pl\/wp-json\/wp\/v2\/comments?post=4659"}],"wp:featuredmedia":[{"embeddable":true,"href":"https:\/\/tiandeproducts.co.uk\/pl\/wp-json\/wp\/v2\/media\/1731"}],"wp:attachment":[{"href":"https:\/\/tiandeproducts.co.uk\/pl\/wp-json\/wp\/v2\/media?parent=4659"}],"wp:term":[{"taxonomy":"product_cat","embeddable":true,"href":"https:\/\/tiandeproducts.co.uk\/pl\/wp-json\/wp\/v2\/product_cat?post=4659"},{"taxonomy":"product_tag","embeddable":true,"href":"https:\/\/tiandeproducts.co.uk\/pl\/wp-json\/wp\/v2\/product_tag?post=4659"}],"curies":[{"name":"wp","href":"https:\/\/api.w.org\/{rel}","templated":true}]}}