{"id":4655,"date":"2018-05-10T10:37:07","date_gmt":"2018-05-10T09:37:07","guid":{"rendered":"https:\/\/tnd.ontesting.co.uk\/citrocalcevit\/"},"modified":"2021-02-12T12:15:23","modified_gmt":"2021-02-12T12:15:23","slug":"citrocalcevit","status":"publish","type":"product","link":"https:\/\/tiandeproducts.co.uk\/pl\/citrocalcevit\/","title":{"rendered":"&#8222;Citrocalcevit&#8221;,60 tabletek"},"content":{"rendered":"<div class=\"description\">\n<p><img decoding=\"async\" style=\"max-width: 16px; margin-right: 5px;\" src=\"https:\/\/tiandeproducts.co.uk\/wp-content\/uploads\/points-green.svg\" \/>\u00a0Earn 13 points worth \u00a30.65 when buying this product<\/p>\n<p>Witamina A: sprzyja prawid\u0142owemu funkcjonowaniu uk\u0142adu odporno\u015bciowego.<br \/>\nWidaminaB6: sprzyja prawid\u0142owemu funkcjonowaniu systemu nerwowego. Zapobiega przem\u0119czeniu i os\u0142abieniu.<br \/>\nWitamina D: pomaga w utrzymaniu zdrowych ko\u015bci i prawid\u0142owego funkcjonowania mi\u0119\u015bni.<br \/>\nKwas foliowy: sprzyja prawid\u0142owemu kr\u0105\u017ceniu.<\/p>\n<p>Sk\u0142ad: uwodniony cytrynian wapnia (\u017ar\u00f3d\u0142o wapnia), premiks witaminowy (Witamina C (kwas L-askorbinowy), witamina B3 &#8211; niacyna (nikotynamid), witamina E (octan DL-alfa-tokoferylu), witamina B5 \u2013 kwas pantotenowy (D-pantotenian wapnia), witamina B6 (chlorowodorek pirydoksyny), witamina B1 &#8211; tiamina (chlorowodorek tiaminy), witamina B2 (ryboflawina), witamina A (octan retinylu), kwas foliowy (kwas pteroilomonoglutaminowy), witamina D3 (cholekalcyferol), witamina B12 (cyjanokobalamina), witamina B7 &#8211; biotyna (D-biotyna)), \u015brodek przeciwzbrylaj\u0105cy &#8211; talk, \u015brodek przeciwzbrylaj\u0105cy \u2013 sole wapniowe kwas\u00f3w t\u0142uszczowych.<\/p>\n<p>Ostrze\u017cenie:<br \/>\nNie stosowa\u0107 w przypadku nadwra\u017cliwo\u015bci na kt\u00f3rykolwiek ze sk\u0142adnik\u00f3w.<br \/>\nSuplement diety nie mo\u017ce by\u0107 stosowany jako substytut pe\u0142nowarto\u015bciowej i zr\u00f3\u017cnicowanej diety.<br \/>\nPrzechowywa\u0107 w miejscu niedost\u0119pnym dla dzieci, w suchym i ciemnym miejscu, w temperaturze nie wy\u017cszej ni\u017c 25\u00b0C.<br \/>\nProducent: Rosja<br \/>\nDystrybutor: ISTA CORPORATION, s.r.o, Pob\u0159e\u017en\u00ed 370 \/ 4, 186 00 Praha 8, \u010cesk\u00e1 republika<\/p>\n<\/div>\n<div class=\"instruction\">\n<p><strong>ZASTOSOWANIE:<\/strong><\/p>\n<p>Dzieci w wieku 7-14 lat &#8211; 1 tabletka dziennie, dzieci w wieku powy\u017cej 14 lat i doro\u015bli &#8211; cztery tabletki dziennie podczas posi\u0142ku.<br \/>\nPrzed u\u017cyciem suplementu diety zaleca si\u0119 zasi\u0119gn\u0105\u0107 porady lekarza. Produkt nie jest lekiem.<\/p>\n<\/div>\n","protected":false},"excerpt":{"rendered":"<p>\u00a0Earn 13 points worth \u00a30.65 when buying this product Witamina A: sprzyja prawid\u0142owemu funkcjonowaniu uk\u0142adu odporno\u015bciowego. WidaminaB6: sprzyja prawid\u0142owemu funkcjonowaniu systemu nerwowego. Zapobiega przem\u0119czeniu i os\u0142abieniu. Witamina D: pomaga w utrzymaniu zdrowych ko\u015bci i prawid\u0142owego funkcjonowania mi\u0119\u015bni. Kwas foliowy: sprzyja prawid\u0142owemu kr\u0105\u017ceniu. Sk\u0142ad: uwodniony cytrynian wapnia (\u017ar\u00f3d\u0142o wapnia), premiks witaminowy (Witamina C (kwas L-askorbinowy), witamina [&#8230;]\n","protected":false},"featured_media":1862,"comment_status":"closed","ping_status":"closed","template":"","meta":[],"product_cat":[835,833],"product_tag":[],"class_list":{"0":"post-4655","1":"product","2":"type-product","3":"status-publish","4":"has-post-thumbnail","6":"product_cat-suplementy","7":"product_cat-wellness-pl","9":"first","10":"outofstock","11":"shipping-taxable","12":"purchasable","13":"product-type-simple"},"yoast_head":"<!-- This site is optimized with the Yoast SEO plugin v23.6 - https:\/\/yoast.com\/wordpress\/plugins\/seo\/ -->\n<title>&quot;Citrocalcevit&quot;,60 tabletek - TianDe Online Shop - Beauty &amp; Health<\/title>\n<meta name=\"robots\" content=\"index, follow, max-snippet:-1, max-image-preview:large, max-video-preview:-1\" \/>\n<link rel=\"canonical\" href=\"https:\/\/tiandeproducts.co.uk\/pl\/citrocalcevit\/\" \/>\n<meta property=\"og:locale\" content=\"pl_PL\" \/>\n<meta property=\"og:type\" content=\"article\" \/>\n<meta property=\"og:title\" content=\"&quot;Citrocalcevit&quot;,60 tabletek - TianDe Online Shop - Beauty &amp; Health\" \/>\n<meta property=\"og:description\" content=\"\u00a0Earn 13 points worth \u00a30.65 when buying this product Witamina A: sprzyja prawid\u0142owemu funkcjonowaniu uk\u0142adu odporno\u015bciowego. WidaminaB6: sprzyja prawid\u0142owemu funkcjonowaniu systemu nerwowego. Zapobiega przem\u0119czeniu i os\u0142abieniu. Witamina D: pomaga w utrzymaniu zdrowych ko\u015bci i prawid\u0142owego funkcjonowania mi\u0119\u015bni. Kwas foliowy: sprzyja prawid\u0142owemu kr\u0105\u017ceniu. Sk\u0142ad: uwodniony cytrynian wapnia (\u017ar\u00f3d\u0142o wapnia), premiks witaminowy (Witamina C (kwas L-askorbinowy), witamina [...]\" \/>\n<meta property=\"og:url\" content=\"https:\/\/tiandeproducts.co.uk\/pl\/citrocalcevit\/\" \/>\n<meta property=\"og:site_name\" content=\"TianDe Online Shop - Beauty &amp; Health\" \/>\n<meta property=\"article:publisher\" content=\"https:\/\/www.facebook.com\/tiande.products.england\/\" \/>\n<meta property=\"article:modified_time\" content=\"2021-02-12T12:15:23+00:00\" \/>\n<meta property=\"og:image\" content=\"https:\/\/tiandeproducts.co.uk\/wp-content\/uploads\/2018\/05\/113004.jpg\" \/>\n\t<meta property=\"og:image:width\" content=\"800\" \/>\n\t<meta property=\"og:image:height\" content=\"800\" \/>\n\t<meta property=\"og:image:type\" content=\"image\/jpeg\" \/>\n<meta name=\"twitter:card\" content=\"summary_large_image\" \/>\n<meta name=\"twitter:label1\" content=\"Szacowany czas czytania\" \/>\n\t<meta name=\"twitter:data1\" content=\"1 minuta\" \/>\n<script type=\"application\/ld+json\" class=\"yoast-schema-graph\">{\"@context\":\"https:\/\/schema.org\",\"@graph\":[{\"@type\":\"WebPage\",\"@id\":\"https:\/\/tiandeproducts.co.uk\/pl\/citrocalcevit\/\",\"url\":\"https:\/\/tiandeproducts.co.uk\/pl\/citrocalcevit\/\",\"name\":\"\\\"Citrocalcevit\\\",60 tabletek - TianDe Online Shop - Beauty &amp; Health\",\"isPartOf\":{\"@id\":\"https:\/\/tiandeproducts.co.uk\/#website\"},\"primaryImageOfPage\":{\"@id\":\"https:\/\/tiandeproducts.co.uk\/pl\/citrocalcevit\/#primaryimage\"},\"image\":{\"@id\":\"https:\/\/tiandeproducts.co.uk\/pl\/citrocalcevit\/#primaryimage\"},\"thumbnailUrl\":\"https:\/\/tiandeproducts.co.uk\/wp-content\/uploads\/2018\/05\/113004.jpg\",\"datePublished\":\"2018-05-10T09:37:07+00:00\",\"dateModified\":\"2021-02-12T12:15:23+00:00\",\"breadcrumb\":{\"@id\":\"https:\/\/tiandeproducts.co.uk\/pl\/citrocalcevit\/#breadcrumb\"},\"inLanguage\":\"pl-PL\",\"potentialAction\":[{\"@type\":\"ReadAction\",\"target\":[\"https:\/\/tiandeproducts.co.uk\/pl\/citrocalcevit\/\"]}]},{\"@type\":\"ImageObject\",\"inLanguage\":\"pl-PL\",\"@id\":\"https:\/\/tiandeproducts.co.uk\/pl\/citrocalcevit\/#primaryimage\",\"url\":\"https:\/\/tiandeproducts.co.uk\/wp-content\/uploads\/2018\/05\/113004.jpg\",\"contentUrl\":\"https:\/\/tiandeproducts.co.uk\/wp-content\/uploads\/2018\/05\/113004.jpg\",\"width\":800,\"height\":800,\"caption\":\"Biologically Active Additive \\\"Citrocalcevit\\\",60 Tablets-0\"},{\"@type\":\"BreadcrumbList\",\"@id\":\"https:\/\/tiandeproducts.co.uk\/pl\/citrocalcevit\/#breadcrumb\",\"itemListElement\":[{\"@type\":\"ListItem\",\"position\":1,\"name\":\"Home\",\"item\":\"https:\/\/tiandeproducts.co.uk\/pl\/\"},{\"@type\":\"ListItem\",\"position\":2,\"name\":\"Shop\",\"item\":\"https:\/\/tiandeproducts.co.uk\/pl\/shop-2\/\"},{\"@type\":\"ListItem\",\"position\":3,\"name\":\"&#8220;Citrocalcevit&#8221;,60 tabletek\"}]},{\"@type\":\"WebSite\",\"@id\":\"https:\/\/tiandeproducts.co.uk\/#website\",\"url\":\"https:\/\/tiandeproducts.co.uk\/\",\"name\":\"TianDe Online Shop - Beauty & Health\",\"description\":\"Traditional Chinese Medicine\",\"potentialAction\":[{\"@type\":\"SearchAction\",\"target\":{\"@type\":\"EntryPoint\",\"urlTemplate\":\"https:\/\/tiandeproducts.co.uk\/?s={search_term_string}\"},\"query-input\":{\"@type\":\"PropertyValueSpecification\",\"valueRequired\":true,\"valueName\":\"search_term_string\"}}],\"inLanguage\":\"pl-PL\"}]}<\/script>\n<!-- \/ Yoast SEO plugin. -->","yoast_head_json":{"title":"\"Citrocalcevit\",60 tabletek - TianDe Online Shop - Beauty &amp; Health","robots":{"index":"index","follow":"follow","max-snippet":"max-snippet:-1","max-image-preview":"max-image-preview:large","max-video-preview":"max-video-preview:-1"},"canonical":"https:\/\/tiandeproducts.co.uk\/pl\/citrocalcevit\/","og_locale":"pl_PL","og_type":"article","og_title":"\"Citrocalcevit\",60 tabletek - TianDe Online Shop - Beauty &amp; Health","og_description":"\u00a0Earn 13 points worth \u00a30.65 when buying this product Witamina A: sprzyja prawid\u0142owemu funkcjonowaniu uk\u0142adu odporno\u015bciowego. WidaminaB6: sprzyja prawid\u0142owemu funkcjonowaniu systemu nerwowego. Zapobiega przem\u0119czeniu i os\u0142abieniu. Witamina D: pomaga w utrzymaniu zdrowych ko\u015bci i prawid\u0142owego funkcjonowania mi\u0119\u015bni. Kwas foliowy: sprzyja prawid\u0142owemu kr\u0105\u017ceniu. Sk\u0142ad: uwodniony cytrynian wapnia (\u017ar\u00f3d\u0142o wapnia), premiks witaminowy (Witamina C (kwas L-askorbinowy), witamina [...]","og_url":"https:\/\/tiandeproducts.co.uk\/pl\/citrocalcevit\/","og_site_name":"TianDe Online Shop - Beauty &amp; Health","article_publisher":"https:\/\/www.facebook.com\/tiande.products.england\/","article_modified_time":"2021-02-12T12:15:23+00:00","og_image":[{"width":800,"height":800,"url":"https:\/\/tiandeproducts.co.uk\/wp-content\/uploads\/2018\/05\/113004.jpg","type":"image\/jpeg"}],"twitter_card":"summary_large_image","twitter_misc":{"Szacowany czas czytania":"1 minuta"},"schema":{"@context":"https:\/\/schema.org","@graph":[{"@type":"WebPage","@id":"https:\/\/tiandeproducts.co.uk\/pl\/citrocalcevit\/","url":"https:\/\/tiandeproducts.co.uk\/pl\/citrocalcevit\/","name":"\"Citrocalcevit\",60 tabletek - TianDe Online Shop - Beauty &amp; Health","isPartOf":{"@id":"https:\/\/tiandeproducts.co.uk\/#website"},"primaryImageOfPage":{"@id":"https:\/\/tiandeproducts.co.uk\/pl\/citrocalcevit\/#primaryimage"},"image":{"@id":"https:\/\/tiandeproducts.co.uk\/pl\/citrocalcevit\/#primaryimage"},"thumbnailUrl":"https:\/\/tiandeproducts.co.uk\/wp-content\/uploads\/2018\/05\/113004.jpg","datePublished":"2018-05-10T09:37:07+00:00","dateModified":"2021-02-12T12:15:23+00:00","breadcrumb":{"@id":"https:\/\/tiandeproducts.co.uk\/pl\/citrocalcevit\/#breadcrumb"},"inLanguage":"pl-PL","potentialAction":[{"@type":"ReadAction","target":["https:\/\/tiandeproducts.co.uk\/pl\/citrocalcevit\/"]}]},{"@type":"ImageObject","inLanguage":"pl-PL","@id":"https:\/\/tiandeproducts.co.uk\/pl\/citrocalcevit\/#primaryimage","url":"https:\/\/tiandeproducts.co.uk\/wp-content\/uploads\/2018\/05\/113004.jpg","contentUrl":"https:\/\/tiandeproducts.co.uk\/wp-content\/uploads\/2018\/05\/113004.jpg","width":800,"height":800,"caption":"Biologically Active Additive \"Citrocalcevit\",60 Tablets-0"},{"@type":"BreadcrumbList","@id":"https:\/\/tiandeproducts.co.uk\/pl\/citrocalcevit\/#breadcrumb","itemListElement":[{"@type":"ListItem","position":1,"name":"Home","item":"https:\/\/tiandeproducts.co.uk\/pl\/"},{"@type":"ListItem","position":2,"name":"Shop","item":"https:\/\/tiandeproducts.co.uk\/pl\/shop-2\/"},{"@type":"ListItem","position":3,"name":"&#8220;Citrocalcevit&#8221;,60 tabletek"}]},{"@type":"WebSite","@id":"https:\/\/tiandeproducts.co.uk\/#website","url":"https:\/\/tiandeproducts.co.uk\/","name":"TianDe Online Shop - Beauty & Health","description":"Traditional Chinese Medicine","potentialAction":[{"@type":"SearchAction","target":{"@type":"EntryPoint","urlTemplate":"https:\/\/tiandeproducts.co.uk\/?s={search_term_string}"},"query-input":{"@type":"PropertyValueSpecification","valueRequired":true,"valueName":"search_term_string"}}],"inLanguage":"pl-PL"}]}},"_links":{"self":[{"href":"https:\/\/tiandeproducts.co.uk\/pl\/wp-json\/wp\/v2\/product\/4655","targetHints":{"allow":["GET"]}}],"collection":[{"href":"https:\/\/tiandeproducts.co.uk\/pl\/wp-json\/wp\/v2\/product"}],"about":[{"href":"https:\/\/tiandeproducts.co.uk\/pl\/wp-json\/wp\/v2\/types\/product"}],"replies":[{"embeddable":true,"href":"https:\/\/tiandeproducts.co.uk\/pl\/wp-json\/wp\/v2\/comments?post=4655"}],"wp:featuredmedia":[{"embeddable":true,"href":"https:\/\/tiandeproducts.co.uk\/pl\/wp-json\/wp\/v2\/media\/1862"}],"wp:attachment":[{"href":"https:\/\/tiandeproducts.co.uk\/pl\/wp-json\/wp\/v2\/media?parent=4655"}],"wp:term":[{"taxonomy":"product_cat","embeddable":true,"href":"https:\/\/tiandeproducts.co.uk\/pl\/wp-json\/wp\/v2\/product_cat?post=4655"},{"taxonomy":"product_tag","embeddable":true,"href":"https:\/\/tiandeproducts.co.uk\/pl\/wp-json\/wp\/v2\/product_tag?post=4655"}],"curies":[{"name":"wp","href":"https:\/\/api.w.org\/{rel}","templated":true}]}}