{"id":4651,"date":"2018-05-30T11:21:20","date_gmt":"2018-05-30T10:21:20","guid":{"rendered":"https:\/\/tnd.ontesting.co.uk\/kosmetyczny-plaster-ziolowy-do-ciala-yaoshen-forte\/"},"modified":"2021-02-12T12:07:08","modified_gmt":"2021-02-12T12:07:08","slug":"kosmetyczny-plaster-ziolowy-do-ciala-yaoshen-forte","status":"publish","type":"product","link":"https:\/\/tiandeproducts.co.uk\/pl\/kosmetyczny-plaster-ziolowy-do-ciala-yaoshen-forte\/","title":{"rendered":"Kosmetyczny plaster zio\u0142owy do cia\u0142a \u201eYaoshen Forte\u201d,2 szt."},"content":{"rendered":"<div class=\"description\">\n<p><img decoding=\"async\" style=\"max-width: 16px; margin-right: 5px;\" src=\"https:\/\/tiandeproducts.co.uk\/wp-content\/uploads\/points-green.svg\" \/>\u00a0Earn 6 points worth \u00a30.30 when buying this product<\/p>\n<p>Na opakowaniu plastr\u00f3w Yaoshen Forte wida\u0107 ogromny wodospad, kt\u00f3ry licznymi strumieniami spada do doliny. Obraz ten bardzo dobrze ilustruje specyfik\u0119 dzia\u0142ania plastra zio\u0142owego.<\/p>\n<p>Sk\u0142adniki aktywne plastra Yaoshen Forte dobroczynnie wp\u0142ywaj\u0105 na stan nerek i uk\u0142adu moczowego. Dzi\u0119ki aktywnemu sk\u0142adowi m\u0119\u017cczy\u017ani dodatkowo przekonaj\u0105 si\u0119 o swojej sile.<\/p>\n<p>Formu\u0142a plastra Yaoshen Forte jest bogatsza i bardziej nasycona &#8211; 19 sk\u0142adnik\u00f3w aktywnych, w\u015br\u00f3d kt\u00f3rych znajduj\u0105 si\u0119 wyci\u0105gi i olejki, b\u0119dzie dzia\u0142a\u0107 kierunkowo. Jedn\u0105 z g\u0142\u00f3wnych zalet terapii transdermalnej jest to, \u017ce substancje s\u0105 dostarczane tam, gdzie trzeba z pomini\u0119ciem przewodu pokarmowego.<\/p>\n<\/div>\n<div class=\"instruction\">\n<p><strong>ZASTOSOWANIE:<\/strong><\/p>\n<p>Przed zastosowaniem plastr\u00f3w nale\u017cy dok\u0142adnie umy\u0107 i odt\u0142u\u015bci\u0107 fragment sk\u00f3ry, na kt\u00f3ry b\u0119dzie naklejony plaster. Plaster nale\u017cy naklei\u0107 na punkty, znajduj\u0105ce si\u0119 bezpo\u015brednio przy nerkach. W akupunkturze punkt ten nazywa si\u0119 shen shu. Mo\u017cna go \u0142atwo odnale\u017a\u0107: znajduje si\u0119 w okolicy l\u0119d\u017awi, 3-5 cm po prawej i lewej stronie od kr\u0119gos\u0142upa. Najlepiej jest nakleja\u0107 plaster Yaoshen Forta przed snem. Nale\u017cy go zdj\u0105\u0107 po up\u0142ywie 8 godzin. Czas trwania terapii: 10 dni. Dla m\u0119\u017cczyzn dodatkowo zaleca si\u0119 naklejanie jeszcze jednego plastra na dolny Dantian, kt\u00f3ry znajduje si\u0119 cztery palce poni\u017cej p\u0119pka. Zgodnie z wschodni\u0105 praktyk\u0105 jest to g\u0142\u00f3wne \u017ar\u00f3d\u0142o energii w ciele cz\u0142owieka.<\/p>\n<\/div>\n","protected":false},"excerpt":{"rendered":"<p>\u00a0Earn 6 points worth \u00a30.30 when buying this product Na opakowaniu plastr\u00f3w Yaoshen Forte wida\u0107 ogromny wodospad, kt\u00f3ry licznymi strumieniami spada do doliny. Obraz ten bardzo dobrze ilustruje specyfik\u0119 dzia\u0142ania plastra zio\u0142owego. Sk\u0142adniki aktywne plastra Yaoshen Forte dobroczynnie wp\u0142ywaj\u0105 na stan nerek i uk\u0142adu moczowego. Dzi\u0119ki aktywnemu sk\u0142adowi m\u0119\u017cczy\u017ani dodatkowo przekonaj\u0105 si\u0119 o swojej sile. [&#8230;]\n","protected":false},"featured_media":1907,"comment_status":"closed","ping_status":"closed","template":"","meta":[],"product_cat":[836,833],"product_tag":[],"class_list":{"0":"post-4651","1":"product","2":"type-product","3":"status-publish","4":"has-post-thumbnail","6":"product_cat-plastry-fito","7":"product_cat-wellness-pl","9":"first","10":"instock","11":"shipping-taxable","12":"purchasable","13":"product-type-simple"},"yoast_head":"<!-- This site is optimized with the Yoast SEO plugin v23.6 - https:\/\/yoast.com\/wordpress\/plugins\/seo\/ -->\n<title>Kosmetyczny plaster zio\u0142owy do cia\u0142a \u201eYaoshen Forte\u201d,2 szt. - TianDe Online Shop - Beauty &amp; Health<\/title>\n<meta name=\"robots\" content=\"index, follow, max-snippet:-1, max-image-preview:large, max-video-preview:-1\" \/>\n<link rel=\"canonical\" href=\"https:\/\/tiandeproducts.co.uk\/pl\/kosmetyczny-plaster-ziolowy-do-ciala-yaoshen-forte\/\" \/>\n<meta property=\"og:locale\" content=\"pl_PL\" \/>\n<meta property=\"og:type\" content=\"article\" \/>\n<meta property=\"og:title\" content=\"Kosmetyczny plaster zio\u0142owy do cia\u0142a \u201eYaoshen Forte\u201d,2 szt. - TianDe Online Shop - Beauty &amp; Health\" \/>\n<meta property=\"og:description\" content=\"\u00a0Earn 6 points worth \u00a30.30 when buying this product Na opakowaniu plastr\u00f3w Yaoshen Forte wida\u0107 ogromny wodospad, kt\u00f3ry licznymi strumieniami spada do doliny. Obraz ten bardzo dobrze ilustruje specyfik\u0119 dzia\u0142ania plastra zio\u0142owego. Sk\u0142adniki aktywne plastra Yaoshen Forte dobroczynnie wp\u0142ywaj\u0105 na stan nerek i uk\u0142adu moczowego. Dzi\u0119ki aktywnemu sk\u0142adowi m\u0119\u017cczy\u017ani dodatkowo przekonaj\u0105 si\u0119 o swojej sile. [...]\" \/>\n<meta property=\"og:url\" content=\"https:\/\/tiandeproducts.co.uk\/pl\/kosmetyczny-plaster-ziolowy-do-ciala-yaoshen-forte\/\" \/>\n<meta property=\"og:site_name\" content=\"TianDe Online Shop - Beauty &amp; Health\" \/>\n<meta property=\"article:publisher\" content=\"https:\/\/www.facebook.com\/tiande.products.england\/\" \/>\n<meta property=\"article:modified_time\" content=\"2021-02-12T12:07:08+00:00\" \/>\n<meta property=\"og:image\" content=\"https:\/\/tiandeproducts.co.uk\/wp-content\/uploads\/2018\/05\/30111.jpg\" \/>\n\t<meta property=\"og:image:width\" content=\"800\" \/>\n\t<meta property=\"og:image:height\" content=\"800\" \/>\n\t<meta property=\"og:image:type\" content=\"image\/jpeg\" \/>\n<meta name=\"twitter:card\" content=\"summary_large_image\" \/>\n<meta name=\"twitter:label1\" content=\"Szacowany czas czytania\" \/>\n\t<meta name=\"twitter:data1\" content=\"1 minuta\" \/>\n<script type=\"application\/ld+json\" class=\"yoast-schema-graph\">{\"@context\":\"https:\/\/schema.org\",\"@graph\":[{\"@type\":\"WebPage\",\"@id\":\"https:\/\/tiandeproducts.co.uk\/pl\/kosmetyczny-plaster-ziolowy-do-ciala-yaoshen-forte\/\",\"url\":\"https:\/\/tiandeproducts.co.uk\/pl\/kosmetyczny-plaster-ziolowy-do-ciala-yaoshen-forte\/\",\"name\":\"Kosmetyczny plaster zio\u0142owy do cia\u0142a \u201eYaoshen Forte\u201d,2 szt. - TianDe Online Shop - Beauty &amp; Health\",\"isPartOf\":{\"@id\":\"https:\/\/tiandeproducts.co.uk\/#website\"},\"primaryImageOfPage\":{\"@id\":\"https:\/\/tiandeproducts.co.uk\/pl\/kosmetyczny-plaster-ziolowy-do-ciala-yaoshen-forte\/#primaryimage\"},\"image\":{\"@id\":\"https:\/\/tiandeproducts.co.uk\/pl\/kosmetyczny-plaster-ziolowy-do-ciala-yaoshen-forte\/#primaryimage\"},\"thumbnailUrl\":\"https:\/\/tiandeproducts.co.uk\/wp-content\/uploads\/2018\/05\/30111.jpg\",\"datePublished\":\"2018-05-30T10:21:20+00:00\",\"dateModified\":\"2021-02-12T12:07:08+00:00\",\"breadcrumb\":{\"@id\":\"https:\/\/tiandeproducts.co.uk\/pl\/kosmetyczny-plaster-ziolowy-do-ciala-yaoshen-forte\/#breadcrumb\"},\"inLanguage\":\"pl-PL\",\"potentialAction\":[{\"@type\":\"ReadAction\",\"target\":[\"https:\/\/tiandeproducts.co.uk\/pl\/kosmetyczny-plaster-ziolowy-do-ciala-yaoshen-forte\/\"]}]},{\"@type\":\"ImageObject\",\"inLanguage\":\"pl-PL\",\"@id\":\"https:\/\/tiandeproducts.co.uk\/pl\/kosmetyczny-plaster-ziolowy-do-ciala-yaoshen-forte\/#primaryimage\",\"url\":\"https:\/\/tiandeproducts.co.uk\/wp-content\/uploads\/2018\/05\/30111.jpg\",\"contentUrl\":\"https:\/\/tiandeproducts.co.uk\/wp-content\/uploads\/2018\/05\/30111.jpg\",\"width\":800,\"height\":800,\"caption\":\"Yaoshen Forte Cosmetic Body Phyto Patch,2pcs-0\"},{\"@type\":\"BreadcrumbList\",\"@id\":\"https:\/\/tiandeproducts.co.uk\/pl\/kosmetyczny-plaster-ziolowy-do-ciala-yaoshen-forte\/#breadcrumb\",\"itemListElement\":[{\"@type\":\"ListItem\",\"position\":1,\"name\":\"Home\",\"item\":\"https:\/\/tiandeproducts.co.uk\/pl\/\"},{\"@type\":\"ListItem\",\"position\":2,\"name\":\"Shop\",\"item\":\"https:\/\/tiandeproducts.co.uk\/pl\/shop-2\/\"},{\"@type\":\"ListItem\",\"position\":3,\"name\":\"Kosmetyczny plaster zio\u0142owy do cia\u0142a \u201eYaoshen Forte\u201d,2 szt.\"}]},{\"@type\":\"WebSite\",\"@id\":\"https:\/\/tiandeproducts.co.uk\/#website\",\"url\":\"https:\/\/tiandeproducts.co.uk\/\",\"name\":\"TianDe Online Shop - Beauty & Health\",\"description\":\"Traditional Chinese Medicine\",\"potentialAction\":[{\"@type\":\"SearchAction\",\"target\":{\"@type\":\"EntryPoint\",\"urlTemplate\":\"https:\/\/tiandeproducts.co.uk\/?s={search_term_string}\"},\"query-input\":{\"@type\":\"PropertyValueSpecification\",\"valueRequired\":true,\"valueName\":\"search_term_string\"}}],\"inLanguage\":\"pl-PL\"}]}<\/script>\n<!-- \/ Yoast SEO plugin. -->","yoast_head_json":{"title":"Kosmetyczny plaster zio\u0142owy do cia\u0142a \u201eYaoshen Forte\u201d,2 szt. - TianDe Online Shop - Beauty &amp; Health","robots":{"index":"index","follow":"follow","max-snippet":"max-snippet:-1","max-image-preview":"max-image-preview:large","max-video-preview":"max-video-preview:-1"},"canonical":"https:\/\/tiandeproducts.co.uk\/pl\/kosmetyczny-plaster-ziolowy-do-ciala-yaoshen-forte\/","og_locale":"pl_PL","og_type":"article","og_title":"Kosmetyczny plaster zio\u0142owy do cia\u0142a \u201eYaoshen Forte\u201d,2 szt. - TianDe Online Shop - Beauty &amp; Health","og_description":"\u00a0Earn 6 points worth \u00a30.30 when buying this product Na opakowaniu plastr\u00f3w Yaoshen Forte wida\u0107 ogromny wodospad, kt\u00f3ry licznymi strumieniami spada do doliny. Obraz ten bardzo dobrze ilustruje specyfik\u0119 dzia\u0142ania plastra zio\u0142owego. Sk\u0142adniki aktywne plastra Yaoshen Forte dobroczynnie wp\u0142ywaj\u0105 na stan nerek i uk\u0142adu moczowego. Dzi\u0119ki aktywnemu sk\u0142adowi m\u0119\u017cczy\u017ani dodatkowo przekonaj\u0105 si\u0119 o swojej sile. [...]","og_url":"https:\/\/tiandeproducts.co.uk\/pl\/kosmetyczny-plaster-ziolowy-do-ciala-yaoshen-forte\/","og_site_name":"TianDe Online Shop - Beauty &amp; Health","article_publisher":"https:\/\/www.facebook.com\/tiande.products.england\/","article_modified_time":"2021-02-12T12:07:08+00:00","og_image":[{"width":800,"height":800,"url":"https:\/\/tiandeproducts.co.uk\/wp-content\/uploads\/2018\/05\/30111.jpg","type":"image\/jpeg"}],"twitter_card":"summary_large_image","twitter_misc":{"Szacowany czas czytania":"1 minuta"},"schema":{"@context":"https:\/\/schema.org","@graph":[{"@type":"WebPage","@id":"https:\/\/tiandeproducts.co.uk\/pl\/kosmetyczny-plaster-ziolowy-do-ciala-yaoshen-forte\/","url":"https:\/\/tiandeproducts.co.uk\/pl\/kosmetyczny-plaster-ziolowy-do-ciala-yaoshen-forte\/","name":"Kosmetyczny plaster zio\u0142owy do cia\u0142a \u201eYaoshen Forte\u201d,2 szt. - TianDe Online Shop - Beauty &amp; Health","isPartOf":{"@id":"https:\/\/tiandeproducts.co.uk\/#website"},"primaryImageOfPage":{"@id":"https:\/\/tiandeproducts.co.uk\/pl\/kosmetyczny-plaster-ziolowy-do-ciala-yaoshen-forte\/#primaryimage"},"image":{"@id":"https:\/\/tiandeproducts.co.uk\/pl\/kosmetyczny-plaster-ziolowy-do-ciala-yaoshen-forte\/#primaryimage"},"thumbnailUrl":"https:\/\/tiandeproducts.co.uk\/wp-content\/uploads\/2018\/05\/30111.jpg","datePublished":"2018-05-30T10:21:20+00:00","dateModified":"2021-02-12T12:07:08+00:00","breadcrumb":{"@id":"https:\/\/tiandeproducts.co.uk\/pl\/kosmetyczny-plaster-ziolowy-do-ciala-yaoshen-forte\/#breadcrumb"},"inLanguage":"pl-PL","potentialAction":[{"@type":"ReadAction","target":["https:\/\/tiandeproducts.co.uk\/pl\/kosmetyczny-plaster-ziolowy-do-ciala-yaoshen-forte\/"]}]},{"@type":"ImageObject","inLanguage":"pl-PL","@id":"https:\/\/tiandeproducts.co.uk\/pl\/kosmetyczny-plaster-ziolowy-do-ciala-yaoshen-forte\/#primaryimage","url":"https:\/\/tiandeproducts.co.uk\/wp-content\/uploads\/2018\/05\/30111.jpg","contentUrl":"https:\/\/tiandeproducts.co.uk\/wp-content\/uploads\/2018\/05\/30111.jpg","width":800,"height":800,"caption":"Yaoshen Forte Cosmetic Body Phyto Patch,2pcs-0"},{"@type":"BreadcrumbList","@id":"https:\/\/tiandeproducts.co.uk\/pl\/kosmetyczny-plaster-ziolowy-do-ciala-yaoshen-forte\/#breadcrumb","itemListElement":[{"@type":"ListItem","position":1,"name":"Home","item":"https:\/\/tiandeproducts.co.uk\/pl\/"},{"@type":"ListItem","position":2,"name":"Shop","item":"https:\/\/tiandeproducts.co.uk\/pl\/shop-2\/"},{"@type":"ListItem","position":3,"name":"Kosmetyczny plaster zio\u0142owy do cia\u0142a \u201eYaoshen Forte\u201d,2 szt."}]},{"@type":"WebSite","@id":"https:\/\/tiandeproducts.co.uk\/#website","url":"https:\/\/tiandeproducts.co.uk\/","name":"TianDe Online Shop - Beauty & Health","description":"Traditional Chinese Medicine","potentialAction":[{"@type":"SearchAction","target":{"@type":"EntryPoint","urlTemplate":"https:\/\/tiandeproducts.co.uk\/?s={search_term_string}"},"query-input":{"@type":"PropertyValueSpecification","valueRequired":true,"valueName":"search_term_string"}}],"inLanguage":"pl-PL"}]}},"_links":{"self":[{"href":"https:\/\/tiandeproducts.co.uk\/pl\/wp-json\/wp\/v2\/product\/4651","targetHints":{"allow":["GET"]}}],"collection":[{"href":"https:\/\/tiandeproducts.co.uk\/pl\/wp-json\/wp\/v2\/product"}],"about":[{"href":"https:\/\/tiandeproducts.co.uk\/pl\/wp-json\/wp\/v2\/types\/product"}],"replies":[{"embeddable":true,"href":"https:\/\/tiandeproducts.co.uk\/pl\/wp-json\/wp\/v2\/comments?post=4651"}],"wp:featuredmedia":[{"embeddable":true,"href":"https:\/\/tiandeproducts.co.uk\/pl\/wp-json\/wp\/v2\/media\/1907"}],"wp:attachment":[{"href":"https:\/\/tiandeproducts.co.uk\/pl\/wp-json\/wp\/v2\/media?parent=4651"}],"wp:term":[{"taxonomy":"product_cat","embeddable":true,"href":"https:\/\/tiandeproducts.co.uk\/pl\/wp-json\/wp\/v2\/product_cat?post=4651"},{"taxonomy":"product_tag","embeddable":true,"href":"https:\/\/tiandeproducts.co.uk\/pl\/wp-json\/wp\/v2\/product_tag?post=4651"}],"curies":[{"name":"wp","href":"https:\/\/api.w.org\/{rel}","templated":true}]}}