{"id":4649,"date":"2018-05-10T10:33:45","date_gmt":"2018-05-10T09:33:45","guid":{"rendered":"https:\/\/tnd.ontesting.co.uk\/ostropest-plamisty-z-ryboflawina\/"},"modified":"2021-02-12T12:16:14","modified_gmt":"2021-02-12T12:16:14","slug":"ostropest-plamisty-z-ryboflawina","status":"publish","type":"product","link":"https:\/\/tiandeproducts.co.uk\/pl\/ostropest-plamisty-z-ryboflawina\/","title":{"rendered":"Ostropest plamisty z ryboflawin\u0105,30 tabletek"},"content":{"rendered":"<div class=\"description\">\n<p><img decoding=\"async\" style=\"max-width: 16px; margin-right: 5px;\" src=\"https:\/\/tiandeproducts.co.uk\/wp-content\/uploads\/points-green.svg\" \/>\u00a0Earn 14 points worth \u00a30.70 when buying this product<\/p>\n<p>Sk\u0142ad: s\u0142odzik (E420), suchy wyci\u0105g spirytusowy z owoc\u00f3w Ostropestu plamistego (Silybum marianum) (8,3%), suchy wyci\u0105g wodny z owoc\u00f3w Ostropestu plamistego (Silybum marianum) (8,3%), regulator kwasowo\u015bci (E330), emulgator (E470a), witamina B2 (ryboflawina).<\/p>\n<p>Ostrze\u017cenie: Nie stosowa\u0107 w przypadku nadwra\u017cliwo\u015bci na kt\u00f3rykolwiek ze sk\u0142adnik\u00f3w, w okresie ci\u0105\u017cy i karmienia piersi\u0105. Nadmierne stosowanie mo\u017ce wywo\u0142a\u0107 biegunk\u0119. Suplement diety nie mo\u017ce by\u0107 stosowany jako substytut pe\u0142nowarto\u015bciowej i zr\u00f3\u017cnicowanej diety.<br \/>\nPrzechowywa\u0107 w miejscu niedost\u0119pnym dla dzieci, w suchym i ciemnym miejscu, w temperaturze nie wy\u017cszej ni\u017c 25\u00b0C.<br \/>\nDo sprzeda\u017cy w aptekach, specjalistycznych sklepach lub przez internet.<br \/>\nProducent: Rosja<br \/>\nDystrybutor: ISTA CORPORATION, s.r.o, Pob\u0159e\u017en\u00ed 370 \/ 4, 186 00 Praha 8, \u010cesk\u00e1 republika<\/p>\n<\/div>\n<div class=\"instruction\">\n<p><strong>ZASTOSOWANIE:<\/strong><\/p>\n<p>Doro\u015bli &#8211; 1 tabletka raz dziennie podczas posi\u0142k\u00f3w.<br \/>\nCykl stosowania: 1 miesi\u0105c. W razie potrzeby cykl mo\u017cna powt\u00f3rzy\u0107. Przed u\u017cyciem suplementu diety zaleca si\u0119 zasi\u0119gn\u0105\u0107 porady lekarza. Nie przekracza\u0107 zalecanej dawki dobowej. Produkt nie jest lekiem.<\/p>\n<\/div>\n","protected":false},"excerpt":{"rendered":"<p>\u00a0Earn 14 points worth \u00a30.70 when buying this product Sk\u0142ad: s\u0142odzik (E420), suchy wyci\u0105g spirytusowy z owoc\u00f3w Ostropestu plamistego (Silybum marianum) (8,3%), suchy wyci\u0105g wodny z owoc\u00f3w Ostropestu plamistego (Silybum marianum) (8,3%), regulator kwasowo\u015bci (E330), emulgator (E470a), witamina B2 (ryboflawina). Ostrze\u017cenie: Nie stosowa\u0107 w przypadku nadwra\u017cliwo\u015bci na kt\u00f3rykolwiek ze sk\u0142adnik\u00f3w, w okresie ci\u0105\u017cy i karmienia [&#8230;]\n","protected":false},"featured_media":1857,"comment_status":"closed","ping_status":"closed","template":"","meta":[],"product_cat":[835,833],"product_tag":[],"class_list":{"0":"post-4649","1":"product","2":"type-product","3":"status-publish","4":"has-post-thumbnail","6":"product_cat-suplementy","7":"product_cat-wellness-pl","9":"first","10":"instock","11":"shipping-taxable","12":"purchasable","13":"product-type-simple"},"yoast_head":"<!-- This site is optimized with the Yoast SEO plugin v23.6 - https:\/\/yoast.com\/wordpress\/plugins\/seo\/ -->\n<title>Ostropest plamisty z ryboflawin\u0105,30 tabletek - TianDe Online Shop - Beauty &amp; Health<\/title>\n<meta name=\"robots\" content=\"index, follow, max-snippet:-1, max-image-preview:large, max-video-preview:-1\" \/>\n<link rel=\"canonical\" href=\"https:\/\/tiandeproducts.co.uk\/pl\/ostropest-plamisty-z-ryboflawina\/\" \/>\n<meta property=\"og:locale\" content=\"pl_PL\" \/>\n<meta property=\"og:type\" content=\"article\" \/>\n<meta property=\"og:title\" content=\"Ostropest plamisty z ryboflawin\u0105,30 tabletek - TianDe Online Shop - Beauty &amp; Health\" \/>\n<meta property=\"og:description\" content=\"\u00a0Earn 14 points worth \u00a30.70 when buying this product Sk\u0142ad: s\u0142odzik (E420), suchy wyci\u0105g spirytusowy z owoc\u00f3w Ostropestu plamistego (Silybum marianum) (8,3%), suchy wyci\u0105g wodny z owoc\u00f3w Ostropestu plamistego (Silybum marianum) (8,3%), regulator kwasowo\u015bci (E330), emulgator (E470a), witamina B2 (ryboflawina). Ostrze\u017cenie: Nie stosowa\u0107 w przypadku nadwra\u017cliwo\u015bci na kt\u00f3rykolwiek ze sk\u0142adnik\u00f3w, w okresie ci\u0105\u017cy i karmienia [...]\" \/>\n<meta property=\"og:url\" content=\"https:\/\/tiandeproducts.co.uk\/pl\/ostropest-plamisty-z-ryboflawina\/\" \/>\n<meta property=\"og:site_name\" content=\"TianDe Online Shop - Beauty &amp; Health\" \/>\n<meta property=\"article:publisher\" content=\"https:\/\/www.facebook.com\/tiande.products.england\/\" \/>\n<meta property=\"article:modified_time\" content=\"2021-02-12T12:16:14+00:00\" \/>\n<meta property=\"og:image\" content=\"https:\/\/tiandeproducts.co.uk\/wp-content\/uploads\/2018\/05\/113012.jpg\" \/>\n\t<meta property=\"og:image:width\" content=\"800\" \/>\n\t<meta property=\"og:image:height\" content=\"800\" \/>\n\t<meta property=\"og:image:type\" content=\"image\/jpeg\" \/>\n<meta name=\"twitter:card\" content=\"summary_large_image\" \/>\n<meta name=\"twitter:label1\" content=\"Szacowany czas czytania\" \/>\n\t<meta name=\"twitter:data1\" content=\"1 minuta\" \/>\n<script type=\"application\/ld+json\" class=\"yoast-schema-graph\">{\"@context\":\"https:\/\/schema.org\",\"@graph\":[{\"@type\":\"WebPage\",\"@id\":\"https:\/\/tiandeproducts.co.uk\/pl\/ostropest-plamisty-z-ryboflawina\/\",\"url\":\"https:\/\/tiandeproducts.co.uk\/pl\/ostropest-plamisty-z-ryboflawina\/\",\"name\":\"Ostropest plamisty z ryboflawin\u0105,30 tabletek - TianDe Online Shop - Beauty &amp; Health\",\"isPartOf\":{\"@id\":\"https:\/\/tiandeproducts.co.uk\/#website\"},\"primaryImageOfPage\":{\"@id\":\"https:\/\/tiandeproducts.co.uk\/pl\/ostropest-plamisty-z-ryboflawina\/#primaryimage\"},\"image\":{\"@id\":\"https:\/\/tiandeproducts.co.uk\/pl\/ostropest-plamisty-z-ryboflawina\/#primaryimage\"},\"thumbnailUrl\":\"https:\/\/tiandeproducts.co.uk\/wp-content\/uploads\/2018\/05\/113012.jpg\",\"datePublished\":\"2018-05-10T09:33:45+00:00\",\"dateModified\":\"2021-02-12T12:16:14+00:00\",\"breadcrumb\":{\"@id\":\"https:\/\/tiandeproducts.co.uk\/pl\/ostropest-plamisty-z-ryboflawina\/#breadcrumb\"},\"inLanguage\":\"pl-PL\",\"potentialAction\":[{\"@type\":\"ReadAction\",\"target\":[\"https:\/\/tiandeproducts.co.uk\/pl\/ostropest-plamisty-z-ryboflawina\/\"]}]},{\"@type\":\"ImageObject\",\"inLanguage\":\"pl-PL\",\"@id\":\"https:\/\/tiandeproducts.co.uk\/pl\/ostropest-plamisty-z-ryboflawina\/#primaryimage\",\"url\":\"https:\/\/tiandeproducts.co.uk\/wp-content\/uploads\/2018\/05\/113012.jpg\",\"contentUrl\":\"https:\/\/tiandeproducts.co.uk\/wp-content\/uploads\/2018\/05\/113012.jpg\",\"width\":800,\"height\":800,\"caption\":\"BAA \\\"Milk Thistle With Riboflavin\\\",30tablets-0\"},{\"@type\":\"BreadcrumbList\",\"@id\":\"https:\/\/tiandeproducts.co.uk\/pl\/ostropest-plamisty-z-ryboflawina\/#breadcrumb\",\"itemListElement\":[{\"@type\":\"ListItem\",\"position\":1,\"name\":\"Home\",\"item\":\"https:\/\/tiandeproducts.co.uk\/pl\/\"},{\"@type\":\"ListItem\",\"position\":2,\"name\":\"Shop\",\"item\":\"https:\/\/tiandeproducts.co.uk\/pl\/shop-2\/\"},{\"@type\":\"ListItem\",\"position\":3,\"name\":\"Ostropest plamisty z ryboflawin\u0105,30 tabletek\"}]},{\"@type\":\"WebSite\",\"@id\":\"https:\/\/tiandeproducts.co.uk\/#website\",\"url\":\"https:\/\/tiandeproducts.co.uk\/\",\"name\":\"TianDe Online Shop - Beauty & Health\",\"description\":\"Traditional Chinese Medicine\",\"potentialAction\":[{\"@type\":\"SearchAction\",\"target\":{\"@type\":\"EntryPoint\",\"urlTemplate\":\"https:\/\/tiandeproducts.co.uk\/?s={search_term_string}\"},\"query-input\":{\"@type\":\"PropertyValueSpecification\",\"valueRequired\":true,\"valueName\":\"search_term_string\"}}],\"inLanguage\":\"pl-PL\"}]}<\/script>\n<!-- \/ Yoast SEO plugin. -->","yoast_head_json":{"title":"Ostropest plamisty z ryboflawin\u0105,30 tabletek - TianDe Online Shop - Beauty &amp; Health","robots":{"index":"index","follow":"follow","max-snippet":"max-snippet:-1","max-image-preview":"max-image-preview:large","max-video-preview":"max-video-preview:-1"},"canonical":"https:\/\/tiandeproducts.co.uk\/pl\/ostropest-plamisty-z-ryboflawina\/","og_locale":"pl_PL","og_type":"article","og_title":"Ostropest plamisty z ryboflawin\u0105,30 tabletek - TianDe Online Shop - Beauty &amp; Health","og_description":"\u00a0Earn 14 points worth \u00a30.70 when buying this product Sk\u0142ad: s\u0142odzik (E420), suchy wyci\u0105g spirytusowy z owoc\u00f3w Ostropestu plamistego (Silybum marianum) (8,3%), suchy wyci\u0105g wodny z owoc\u00f3w Ostropestu plamistego (Silybum marianum) (8,3%), regulator kwasowo\u015bci (E330), emulgator (E470a), witamina B2 (ryboflawina). Ostrze\u017cenie: Nie stosowa\u0107 w przypadku nadwra\u017cliwo\u015bci na kt\u00f3rykolwiek ze sk\u0142adnik\u00f3w, w okresie ci\u0105\u017cy i karmienia [...]","og_url":"https:\/\/tiandeproducts.co.uk\/pl\/ostropest-plamisty-z-ryboflawina\/","og_site_name":"TianDe Online Shop - Beauty &amp; Health","article_publisher":"https:\/\/www.facebook.com\/tiande.products.england\/","article_modified_time":"2021-02-12T12:16:14+00:00","og_image":[{"width":800,"height":800,"url":"https:\/\/tiandeproducts.co.uk\/wp-content\/uploads\/2018\/05\/113012.jpg","type":"image\/jpeg"}],"twitter_card":"summary_large_image","twitter_misc":{"Szacowany czas czytania":"1 minuta"},"schema":{"@context":"https:\/\/schema.org","@graph":[{"@type":"WebPage","@id":"https:\/\/tiandeproducts.co.uk\/pl\/ostropest-plamisty-z-ryboflawina\/","url":"https:\/\/tiandeproducts.co.uk\/pl\/ostropest-plamisty-z-ryboflawina\/","name":"Ostropest plamisty z ryboflawin\u0105,30 tabletek - TianDe Online Shop - Beauty &amp; Health","isPartOf":{"@id":"https:\/\/tiandeproducts.co.uk\/#website"},"primaryImageOfPage":{"@id":"https:\/\/tiandeproducts.co.uk\/pl\/ostropest-plamisty-z-ryboflawina\/#primaryimage"},"image":{"@id":"https:\/\/tiandeproducts.co.uk\/pl\/ostropest-plamisty-z-ryboflawina\/#primaryimage"},"thumbnailUrl":"https:\/\/tiandeproducts.co.uk\/wp-content\/uploads\/2018\/05\/113012.jpg","datePublished":"2018-05-10T09:33:45+00:00","dateModified":"2021-02-12T12:16:14+00:00","breadcrumb":{"@id":"https:\/\/tiandeproducts.co.uk\/pl\/ostropest-plamisty-z-ryboflawina\/#breadcrumb"},"inLanguage":"pl-PL","potentialAction":[{"@type":"ReadAction","target":["https:\/\/tiandeproducts.co.uk\/pl\/ostropest-plamisty-z-ryboflawina\/"]}]},{"@type":"ImageObject","inLanguage":"pl-PL","@id":"https:\/\/tiandeproducts.co.uk\/pl\/ostropest-plamisty-z-ryboflawina\/#primaryimage","url":"https:\/\/tiandeproducts.co.uk\/wp-content\/uploads\/2018\/05\/113012.jpg","contentUrl":"https:\/\/tiandeproducts.co.uk\/wp-content\/uploads\/2018\/05\/113012.jpg","width":800,"height":800,"caption":"BAA \"Milk Thistle With Riboflavin\",30tablets-0"},{"@type":"BreadcrumbList","@id":"https:\/\/tiandeproducts.co.uk\/pl\/ostropest-plamisty-z-ryboflawina\/#breadcrumb","itemListElement":[{"@type":"ListItem","position":1,"name":"Home","item":"https:\/\/tiandeproducts.co.uk\/pl\/"},{"@type":"ListItem","position":2,"name":"Shop","item":"https:\/\/tiandeproducts.co.uk\/pl\/shop-2\/"},{"@type":"ListItem","position":3,"name":"Ostropest plamisty z ryboflawin\u0105,30 tabletek"}]},{"@type":"WebSite","@id":"https:\/\/tiandeproducts.co.uk\/#website","url":"https:\/\/tiandeproducts.co.uk\/","name":"TianDe Online Shop - Beauty & Health","description":"Traditional Chinese Medicine","potentialAction":[{"@type":"SearchAction","target":{"@type":"EntryPoint","urlTemplate":"https:\/\/tiandeproducts.co.uk\/?s={search_term_string}"},"query-input":{"@type":"PropertyValueSpecification","valueRequired":true,"valueName":"search_term_string"}}],"inLanguage":"pl-PL"}]}},"_links":{"self":[{"href":"https:\/\/tiandeproducts.co.uk\/pl\/wp-json\/wp\/v2\/product\/4649","targetHints":{"allow":["GET"]}}],"collection":[{"href":"https:\/\/tiandeproducts.co.uk\/pl\/wp-json\/wp\/v2\/product"}],"about":[{"href":"https:\/\/tiandeproducts.co.uk\/pl\/wp-json\/wp\/v2\/types\/product"}],"replies":[{"embeddable":true,"href":"https:\/\/tiandeproducts.co.uk\/pl\/wp-json\/wp\/v2\/comments?post=4649"}],"wp:featuredmedia":[{"embeddable":true,"href":"https:\/\/tiandeproducts.co.uk\/pl\/wp-json\/wp\/v2\/media\/1857"}],"wp:attachment":[{"href":"https:\/\/tiandeproducts.co.uk\/pl\/wp-json\/wp\/v2\/media?parent=4649"}],"wp:term":[{"taxonomy":"product_cat","embeddable":true,"href":"https:\/\/tiandeproducts.co.uk\/pl\/wp-json\/wp\/v2\/product_cat?post=4649"},{"taxonomy":"product_tag","embeddable":true,"href":"https:\/\/tiandeproducts.co.uk\/pl\/wp-json\/wp\/v2\/product_tag?post=4649"}],"curies":[{"name":"wp","href":"https:\/\/api.w.org\/{rel}","templated":true}]}}