{"id":4643,"date":"2018-09-06T16:15:47","date_gmt":"2018-09-06T15:15:47","guid":{"rendered":"https:\/\/tnd.ontesting.co.uk\/wkladki-higieniczne-nefrytowa-swiezosc-na-bazie-ziol\/"},"modified":"2024-06-04T06:34:06","modified_gmt":"2024-06-04T05:34:06","slug":"wkladki-higieniczne-nefrytowa-swiezosc-na-bazie-ziol","status":"publish","type":"product","link":"https:\/\/tiandeproducts.co.uk\/pl\/wkladki-higieniczne-nefrytowa-swiezosc-na-bazie-ziol\/","title":{"rendered":"Wk\u0142adki higieniczne Nefrytowa \u015bwie\u017co\u015b\u0107 na bazie zi\u00f3\u0142,20 szt."},"content":{"rendered":"<div class=\"description\">\n<p><img decoding=\"async\" style=\"max-width: 16px; margin-right: 5px;\" src=\"https:\/\/tiandeproducts.co.uk\/wp-content\/uploads\/points-green.svg\" \/>\u00a0Earn 6 points worth \u00a30.30 when buying this product<\/p>\n<p>Chcesz czu\u0107 si\u0119 komfortowo i pewnie ka\u017cdego dnia? Z wk\u0142adkami higienicznymi na co dzie\u0144 \u201eNefrytowa \u015bwie\u017co\u015b\u0107\u201c to proste!<\/p>\n<p>Wk\u0142adki ca\u0142kowicie dopasowuj\u0105 si\u0119 do Twoich ruch\u00f3w, nie zsuwaj\u0105 si\u0119 i nie odkszta\u0142caj\u0105 podczas noszenia. Czego by\u015b nie robi\u0142a, wk\u0142adki na co dzie\u0144 zostan\u0105 na swoim miejscu. Nawet podczas intensywnych \u0107wicze\u0144 sportowych!<\/p>\n<p>To nie s\u0105 zwyk\u0142e codzienne wk\u0142adki &#8211; to kompres z opatentowanym kompleksem zio\u0142owym z wyci\u0105g\u00f3w z mi\u0119ty pieprzowej i kamelii chi\u0144skiej, olejku z go\u017adzik\u00f3w, kt\u00f3ry:<br \/>\n&#8211; likwiduje bakterie i nieprzyjemny zapach;- likwiduje \u015bwi\u0105d i podra\u017cnienia;- wspomaga uregulowanie cyklu miesi\u0105czkowego;- dba o zdrowie kobiety oraz daje uczucie komfortu i \u015bwie\u017co\u015bci.<\/p>\n<p>Ciesz si\u0119 aktywnym \u017cyciem ka\u017cdego dnia!<\/p>\n<\/div>\n<div class=\"instruction\">\n<p><strong>ZASTOSOWANIE:<\/strong><\/p>\n<p>Odpowiednie do codziennego stosowania.<\/p>\n<\/div>\n","protected":false},"excerpt":{"rendered":"<p>\u00a0Earn 6 points worth \u00a30.30 when buying this product Chcesz czu\u0107 si\u0119 komfortowo i pewnie ka\u017cdego dnia? Z wk\u0142adkami higienicznymi na co dzie\u0144 \u201eNefrytowa \u015bwie\u017co\u015b\u0107\u201c to proste! Wk\u0142adki ca\u0142kowicie dopasowuj\u0105 si\u0119 do Twoich ruch\u00f3w, nie zsuwaj\u0105 si\u0119 i nie odkszta\u0142caj\u0105 podczas noszenia. Czego by\u015b nie robi\u0142a, wk\u0142adki na co dzie\u0144 zostan\u0105 na swoim miejscu. Nawet [&#8230;]\n","protected":false},"featured_media":1997,"comment_status":"closed","ping_status":"closed","template":"","meta":[],"product_cat":[808,784,804],"product_tag":[],"class_list":{"0":"post-4643","1":"product","2":"type-product","3":"status-publish","4":"has-post-thumbnail","6":"product_cat-dzienne-podpaski","7":"product_cat-higiena-pl","8":"product_cat-higiena-intymna","10":"first","11":"instock","12":"shipping-taxable","13":"purchasable","14":"product-type-simple"},"yoast_head":"<!-- This site is optimized with the Yoast SEO plugin v23.6 - https:\/\/yoast.com\/wordpress\/plugins\/seo\/ -->\n<title>Wk\u0142adki higieniczne Nefrytowa \u015bwie\u017co\u015b\u0107 na bazie zi\u00f3\u0142,20 szt. - TianDe Online Shop - Beauty &amp; Health<\/title>\n<meta name=\"robots\" content=\"index, follow, max-snippet:-1, max-image-preview:large, max-video-preview:-1\" \/>\n<link rel=\"canonical\" href=\"https:\/\/tiandeproducts.co.uk\/pl\/wkladki-higieniczne-nefrytowa-swiezosc-na-bazie-ziol\/\" \/>\n<meta property=\"og:locale\" content=\"pl_PL\" \/>\n<meta property=\"og:type\" content=\"article\" \/>\n<meta property=\"og:title\" content=\"Wk\u0142adki higieniczne Nefrytowa \u015bwie\u017co\u015b\u0107 na bazie zi\u00f3\u0142,20 szt. - TianDe Online Shop - Beauty &amp; Health\" \/>\n<meta property=\"og:description\" content=\"\u00a0Earn 6 points worth \u00a30.30 when buying this product Chcesz czu\u0107 si\u0119 komfortowo i pewnie ka\u017cdego dnia? Z wk\u0142adkami higienicznymi na co dzie\u0144 \u201eNefrytowa \u015bwie\u017co\u015b\u0107\u201c to proste! Wk\u0142adki ca\u0142kowicie dopasowuj\u0105 si\u0119 do Twoich ruch\u00f3w, nie zsuwaj\u0105 si\u0119 i nie odkszta\u0142caj\u0105 podczas noszenia. Czego by\u015b nie robi\u0142a, wk\u0142adki na co dzie\u0144 zostan\u0105 na swoim miejscu. Nawet [...]\" \/>\n<meta property=\"og:url\" content=\"https:\/\/tiandeproducts.co.uk\/pl\/wkladki-higieniczne-nefrytowa-swiezosc-na-bazie-ziol\/\" \/>\n<meta property=\"og:site_name\" content=\"TianDe Online Shop - Beauty &amp; Health\" \/>\n<meta property=\"article:publisher\" content=\"https:\/\/www.facebook.com\/tiande.products.england\/\" \/>\n<meta property=\"article:modified_time\" content=\"2024-06-04T05:34:06+00:00\" \/>\n<meta property=\"og:image\" content=\"https:\/\/tiandeproducts.co.uk\/wp-content\/uploads\/2018\/09\/61914.jpg\" \/>\n\t<meta property=\"og:image:width\" content=\"700\" \/>\n\t<meta property=\"og:image:height\" content=\"700\" \/>\n\t<meta property=\"og:image:type\" content=\"image\/jpeg\" \/>\n<meta name=\"twitter:card\" content=\"summary_large_image\" \/>\n<meta name=\"twitter:label1\" content=\"Szacowany czas czytania\" \/>\n\t<meta name=\"twitter:data1\" content=\"1 minuta\" \/>\n<script type=\"application\/ld+json\" class=\"yoast-schema-graph\">{\"@context\":\"https:\/\/schema.org\",\"@graph\":[{\"@type\":\"WebPage\",\"@id\":\"https:\/\/tiandeproducts.co.uk\/pl\/wkladki-higieniczne-nefrytowa-swiezosc-na-bazie-ziol\/\",\"url\":\"https:\/\/tiandeproducts.co.uk\/pl\/wkladki-higieniczne-nefrytowa-swiezosc-na-bazie-ziol\/\",\"name\":\"Wk\u0142adki higieniczne Nefrytowa \u015bwie\u017co\u015b\u0107 na bazie zi\u00f3\u0142,20 szt. - TianDe Online Shop - Beauty &amp; Health\",\"isPartOf\":{\"@id\":\"https:\/\/tiandeproducts.co.uk\/#website\"},\"primaryImageOfPage\":{\"@id\":\"https:\/\/tiandeproducts.co.uk\/pl\/wkladki-higieniczne-nefrytowa-swiezosc-na-bazie-ziol\/#primaryimage\"},\"image\":{\"@id\":\"https:\/\/tiandeproducts.co.uk\/pl\/wkladki-higieniczne-nefrytowa-swiezosc-na-bazie-ziol\/#primaryimage\"},\"thumbnailUrl\":\"https:\/\/tiandeproducts.co.uk\/wp-content\/uploads\/2018\/09\/61914.jpg\",\"datePublished\":\"2018-09-06T15:15:47+00:00\",\"dateModified\":\"2024-06-04T05:34:06+00:00\",\"breadcrumb\":{\"@id\":\"https:\/\/tiandeproducts.co.uk\/pl\/wkladki-higieniczne-nefrytowa-swiezosc-na-bazie-ziol\/#breadcrumb\"},\"inLanguage\":\"pl-PL\",\"potentialAction\":[{\"@type\":\"ReadAction\",\"target\":[\"https:\/\/tiandeproducts.co.uk\/pl\/wkladki-higieniczne-nefrytowa-swiezosc-na-bazie-ziol\/\"]}]},{\"@type\":\"ImageObject\",\"inLanguage\":\"pl-PL\",\"@id\":\"https:\/\/tiandeproducts.co.uk\/pl\/wkladki-higieniczne-nefrytowa-swiezosc-na-bazie-ziol\/#primaryimage\",\"url\":\"https:\/\/tiandeproducts.co.uk\/wp-content\/uploads\/2018\/09\/61914.jpg\",\"contentUrl\":\"https:\/\/tiandeproducts.co.uk\/wp-content\/uploads\/2018\/09\/61914.jpg\",\"width\":700,\"height\":700,\"caption\":\"Nephrite Freshness Herb Daily Panty Liners,20pcs-0\"},{\"@type\":\"BreadcrumbList\",\"@id\":\"https:\/\/tiandeproducts.co.uk\/pl\/wkladki-higieniczne-nefrytowa-swiezosc-na-bazie-ziol\/#breadcrumb\",\"itemListElement\":[{\"@type\":\"ListItem\",\"position\":1,\"name\":\"Home\",\"item\":\"https:\/\/tiandeproducts.co.uk\/pl\/\"},{\"@type\":\"ListItem\",\"position\":2,\"name\":\"Shop\",\"item\":\"https:\/\/tiandeproducts.co.uk\/pl\/shop-2\/\"},{\"@type\":\"ListItem\",\"position\":3,\"name\":\"Wk\u0142adki higieniczne Nefrytowa \u015bwie\u017co\u015b\u0107 na bazie zi\u00f3\u0142,20 szt.\"}]},{\"@type\":\"WebSite\",\"@id\":\"https:\/\/tiandeproducts.co.uk\/#website\",\"url\":\"https:\/\/tiandeproducts.co.uk\/\",\"name\":\"TianDe Online Shop - Beauty & Health\",\"description\":\"Traditional Chinese Medicine\",\"potentialAction\":[{\"@type\":\"SearchAction\",\"target\":{\"@type\":\"EntryPoint\",\"urlTemplate\":\"https:\/\/tiandeproducts.co.uk\/?s={search_term_string}\"},\"query-input\":{\"@type\":\"PropertyValueSpecification\",\"valueRequired\":true,\"valueName\":\"search_term_string\"}}],\"inLanguage\":\"pl-PL\"}]}<\/script>\n<!-- \/ Yoast SEO plugin. -->","yoast_head_json":{"title":"Wk\u0142adki higieniczne Nefrytowa \u015bwie\u017co\u015b\u0107 na bazie zi\u00f3\u0142,20 szt. - TianDe Online Shop - Beauty &amp; Health","robots":{"index":"index","follow":"follow","max-snippet":"max-snippet:-1","max-image-preview":"max-image-preview:large","max-video-preview":"max-video-preview:-1"},"canonical":"https:\/\/tiandeproducts.co.uk\/pl\/wkladki-higieniczne-nefrytowa-swiezosc-na-bazie-ziol\/","og_locale":"pl_PL","og_type":"article","og_title":"Wk\u0142adki higieniczne Nefrytowa \u015bwie\u017co\u015b\u0107 na bazie zi\u00f3\u0142,20 szt. - TianDe Online Shop - Beauty &amp; Health","og_description":"\u00a0Earn 6 points worth \u00a30.30 when buying this product Chcesz czu\u0107 si\u0119 komfortowo i pewnie ka\u017cdego dnia? Z wk\u0142adkami higienicznymi na co dzie\u0144 \u201eNefrytowa \u015bwie\u017co\u015b\u0107\u201c to proste! Wk\u0142adki ca\u0142kowicie dopasowuj\u0105 si\u0119 do Twoich ruch\u00f3w, nie zsuwaj\u0105 si\u0119 i nie odkszta\u0142caj\u0105 podczas noszenia. Czego by\u015b nie robi\u0142a, wk\u0142adki na co dzie\u0144 zostan\u0105 na swoim miejscu. Nawet [...]","og_url":"https:\/\/tiandeproducts.co.uk\/pl\/wkladki-higieniczne-nefrytowa-swiezosc-na-bazie-ziol\/","og_site_name":"TianDe Online Shop - Beauty &amp; Health","article_publisher":"https:\/\/www.facebook.com\/tiande.products.england\/","article_modified_time":"2024-06-04T05:34:06+00:00","og_image":[{"width":700,"height":700,"url":"https:\/\/tiandeproducts.co.uk\/wp-content\/uploads\/2018\/09\/61914.jpg","type":"image\/jpeg"}],"twitter_card":"summary_large_image","twitter_misc":{"Szacowany czas czytania":"1 minuta"},"schema":{"@context":"https:\/\/schema.org","@graph":[{"@type":"WebPage","@id":"https:\/\/tiandeproducts.co.uk\/pl\/wkladki-higieniczne-nefrytowa-swiezosc-na-bazie-ziol\/","url":"https:\/\/tiandeproducts.co.uk\/pl\/wkladki-higieniczne-nefrytowa-swiezosc-na-bazie-ziol\/","name":"Wk\u0142adki higieniczne Nefrytowa \u015bwie\u017co\u015b\u0107 na bazie zi\u00f3\u0142,20 szt. - TianDe Online Shop - Beauty &amp; Health","isPartOf":{"@id":"https:\/\/tiandeproducts.co.uk\/#website"},"primaryImageOfPage":{"@id":"https:\/\/tiandeproducts.co.uk\/pl\/wkladki-higieniczne-nefrytowa-swiezosc-na-bazie-ziol\/#primaryimage"},"image":{"@id":"https:\/\/tiandeproducts.co.uk\/pl\/wkladki-higieniczne-nefrytowa-swiezosc-na-bazie-ziol\/#primaryimage"},"thumbnailUrl":"https:\/\/tiandeproducts.co.uk\/wp-content\/uploads\/2018\/09\/61914.jpg","datePublished":"2018-09-06T15:15:47+00:00","dateModified":"2024-06-04T05:34:06+00:00","breadcrumb":{"@id":"https:\/\/tiandeproducts.co.uk\/pl\/wkladki-higieniczne-nefrytowa-swiezosc-na-bazie-ziol\/#breadcrumb"},"inLanguage":"pl-PL","potentialAction":[{"@type":"ReadAction","target":["https:\/\/tiandeproducts.co.uk\/pl\/wkladki-higieniczne-nefrytowa-swiezosc-na-bazie-ziol\/"]}]},{"@type":"ImageObject","inLanguage":"pl-PL","@id":"https:\/\/tiandeproducts.co.uk\/pl\/wkladki-higieniczne-nefrytowa-swiezosc-na-bazie-ziol\/#primaryimage","url":"https:\/\/tiandeproducts.co.uk\/wp-content\/uploads\/2018\/09\/61914.jpg","contentUrl":"https:\/\/tiandeproducts.co.uk\/wp-content\/uploads\/2018\/09\/61914.jpg","width":700,"height":700,"caption":"Nephrite Freshness Herb Daily Panty Liners,20pcs-0"},{"@type":"BreadcrumbList","@id":"https:\/\/tiandeproducts.co.uk\/pl\/wkladki-higieniczne-nefrytowa-swiezosc-na-bazie-ziol\/#breadcrumb","itemListElement":[{"@type":"ListItem","position":1,"name":"Home","item":"https:\/\/tiandeproducts.co.uk\/pl\/"},{"@type":"ListItem","position":2,"name":"Shop","item":"https:\/\/tiandeproducts.co.uk\/pl\/shop-2\/"},{"@type":"ListItem","position":3,"name":"Wk\u0142adki higieniczne Nefrytowa \u015bwie\u017co\u015b\u0107 na bazie zi\u00f3\u0142,20 szt."}]},{"@type":"WebSite","@id":"https:\/\/tiandeproducts.co.uk\/#website","url":"https:\/\/tiandeproducts.co.uk\/","name":"TianDe Online Shop - Beauty & Health","description":"Traditional Chinese Medicine","potentialAction":[{"@type":"SearchAction","target":{"@type":"EntryPoint","urlTemplate":"https:\/\/tiandeproducts.co.uk\/?s={search_term_string}"},"query-input":{"@type":"PropertyValueSpecification","valueRequired":true,"valueName":"search_term_string"}}],"inLanguage":"pl-PL"}]}},"_links":{"self":[{"href":"https:\/\/tiandeproducts.co.uk\/pl\/wp-json\/wp\/v2\/product\/4643","targetHints":{"allow":["GET"]}}],"collection":[{"href":"https:\/\/tiandeproducts.co.uk\/pl\/wp-json\/wp\/v2\/product"}],"about":[{"href":"https:\/\/tiandeproducts.co.uk\/pl\/wp-json\/wp\/v2\/types\/product"}],"replies":[{"embeddable":true,"href":"https:\/\/tiandeproducts.co.uk\/pl\/wp-json\/wp\/v2\/comments?post=4643"}],"wp:featuredmedia":[{"embeddable":true,"href":"https:\/\/tiandeproducts.co.uk\/pl\/wp-json\/wp\/v2\/media\/1997"}],"wp:attachment":[{"href":"https:\/\/tiandeproducts.co.uk\/pl\/wp-json\/wp\/v2\/media?parent=4643"}],"wp:term":[{"taxonomy":"product_cat","embeddable":true,"href":"https:\/\/tiandeproducts.co.uk\/pl\/wp-json\/wp\/v2\/product_cat?post=4643"},{"taxonomy":"product_tag","embeddable":true,"href":"https:\/\/tiandeproducts.co.uk\/pl\/wp-json\/wp\/v2\/product_tag?post=4643"}],"curies":[{"name":"wp","href":"https:\/\/api.w.org\/{rel}","templated":true}]}}