{"id":4639,"date":"2018-09-06T16:22:12","date_gmt":"2018-09-06T15:22:12","guid":{"rendered":"https:\/\/tnd.ontesting.co.uk\/damskie-wkladki-nefrytowa-swiezosc-na-bazie-ziol-na-dzien-super\/"},"modified":"2025-07-30T23:39:48","modified_gmt":"2025-07-30T22:39:48","slug":"damskie-wkladki-nefrytowa-swiezosc-na-bazie-ziol-na-dzien-super","status":"publish","type":"product","link":"https:\/\/tiandeproducts.co.uk\/pl\/damskie-wkladki-nefrytowa-swiezosc-na-bazie-ziol-na-dzien-super\/","title":{"rendered":"Damskie wk\u0142adki Nefrytowa \u015bwie\u017co\u015b\u0107 na bazie zi\u00f3\u0142, na dzie\u0144, super,10 szt."},"content":{"rendered":"<div class=\"description\">\n<p><img decoding=\"async\" style=\"max-width: 16px; margin-right: 5px;\" src=\"https:\/\/tiandeproducts.co.uk\/wp-content\/uploads\/points-green.svg\" \/>\u00a0Earn 7 points worth \u00a30.35 when buying this product<\/p>\n<p>Kobiece wk\u0142adki higieniczne to legendarny produkt w asortymencie TianDe! Chroni\u0105 kobiet\u0119, a nie tylko bielizn\u0119! Zachowali\u015bmy wszystko, co najlepsze i udoskonalili\u015bmy jako\u015b\u0107 produkt\u00f3w, aby\u015b w tych szczeg\u00f3lnych dniach czu\u0142a maksymaln\u0105 ochron\u0119.<\/p>\n<p>Wk\u0142adki na co dzie\u0144 na bazie zi\u00f3\u0142 \u201eNefrytowa \u015bwie\u017co\u015b\u0107\u201c Super to nowe pokolenie produkt\u00f3w higienicznych z opatentowanym kompleksem zio\u0142owym, kt\u00f3ry zosta\u0142 opracowany w Instytucie Naukowo-Badawczym w Kantonie. Zio\u0142a wchodz\u0105ce w sk\u0142ad kompleksu:<br \/>\n&#8211; likwiduj\u0105 bakterie i nieprzyjemny zapach;<br \/>\n&#8211; likwiduj\u0105 \u015bwi\u0105d i podra\u017cnienia;<br \/>\n&#8211; wspomagaj\u0105 uregulowanie cyklu miesi\u0105czkowego;<br \/>\n&#8211; dbaj\u0105 o zdrowie kobiety oraz daj\u0105 uczucie komfortu i \u015bwie\u017co\u015bci.<\/p>\n<p>Wk\u0142adki higieniczne na co dzie\u0144 na bazie zi\u00f3\u0142 \u201eNefrytowa \u015bwie\u017co\u015b\u0107\u201c Super:<br \/>\n&#8211; 5 warstw ochronnych. Dodali\u015bmy dodatkow\u0105 warstw\u0119 celulozow\u0105, aby zwi\u0119kszy\u0107 wch\u0142anianie, tj. niezawodno\u015b\u0107;<br \/>\n&#8211; warstwa wch\u0142aniaj\u0105ca zawiera o 20% wi\u0119cej \u017celu*, a to oznacza, \u017ce wch\u0142anianie jest teraz jeszcze szybsze! Wa\u017cna kwestia: w nowych wk\u0142adkach zastosowali\u015bmy ten sam \u015brodek wch\u0142aniaj\u0105cy, co w pieluszkach dla dzieci;<br \/>\n&#8211; liczba warstw ochronnych hamuj\u0105cych przeciekanie zosta\u0142a podwojona &#8211; jest ich teraz 10*;<br \/>\n&#8211; \u201eoddychaj\u0105ca\u201c naturalna warstwa g\u00f3rna z wi\u0119kszymi perforacjami.<\/p>\n<p>*W por\u00f3wnaniu z wk\u0142adkami higienicznymi \u201eNefrytowa \u015bwie\u017co\u015b\u0107\u201c na krytyczne dni z poprzedniej linii produkt\u00f3w.<\/p>\n<\/div>\n<div class=\"instruction\">\n<p><strong>ZASTOSOWANIE:<\/strong><\/p>\n<p>Przeznaczone do stosowania w ci\u0105gu dnia w okresie menstruacji.<\/p>\n<\/div>\n","protected":false},"excerpt":{"rendered":"<p>\u00a0Earn 7 points worth \u00a30.35 when buying this product Kobiece wk\u0142adki higieniczne to legendarny produkt w asortymencie TianDe! Chroni\u0105 kobiet\u0119, a nie tylko bielizn\u0119! Zachowali\u015bmy wszystko, co najlepsze i udoskonalili\u015bmy jako\u015b\u0107 produkt\u00f3w, aby\u015b w tych szczeg\u00f3lnych dniach czu\u0142a maksymaln\u0105 ochron\u0119. Wk\u0142adki na co dzie\u0144 na bazie zi\u00f3\u0142 \u201eNefrytowa \u015bwie\u017co\u015b\u0107\u201c Super to nowe pokolenie produkt\u00f3w higienicznych [&#8230;]\n","protected":false},"featured_media":2002,"comment_status":"closed","ping_status":"closed","template":"","meta":[],"product_cat":[813,784,804],"product_tag":[],"class_list":{"0":"post-4639","1":"product","2":"type-product","3":"status-publish","4":"has-post-thumbnail","6":"product_cat-czas-dni-podpaski","7":"product_cat-higiena-pl","8":"product_cat-higiena-intymna","10":"first","11":"instock","12":"shipping-taxable","13":"purchasable","14":"product-type-simple"},"yoast_head":"<!-- This site is optimized with the Yoast SEO plugin v23.6 - https:\/\/yoast.com\/wordpress\/plugins\/seo\/ -->\n<title>Damskie wk\u0142adki Nefrytowa \u015bwie\u017co\u015b\u0107 na bazie zi\u00f3\u0142, na dzie\u0144, super,10 szt. - TianDe Online Shop - Beauty &amp; Health<\/title>\n<meta name=\"robots\" content=\"index, follow, max-snippet:-1, max-image-preview:large, max-video-preview:-1\" \/>\n<link rel=\"canonical\" href=\"https:\/\/tiandeproducts.co.uk\/pl\/damskie-wkladki-nefrytowa-swiezosc-na-bazie-ziol-na-dzien-super\/\" \/>\n<meta property=\"og:locale\" content=\"pl_PL\" \/>\n<meta property=\"og:type\" content=\"article\" \/>\n<meta property=\"og:title\" content=\"Damskie wk\u0142adki Nefrytowa \u015bwie\u017co\u015b\u0107 na bazie zi\u00f3\u0142, na dzie\u0144, super,10 szt. - TianDe Online Shop - Beauty &amp; Health\" \/>\n<meta property=\"og:description\" content=\"\u00a0Earn 7 points worth \u00a30.35 when buying this product Kobiece wk\u0142adki higieniczne to legendarny produkt w asortymencie TianDe! Chroni\u0105 kobiet\u0119, a nie tylko bielizn\u0119! Zachowali\u015bmy wszystko, co najlepsze i udoskonalili\u015bmy jako\u015b\u0107 produkt\u00f3w, aby\u015b w tych szczeg\u00f3lnych dniach czu\u0142a maksymaln\u0105 ochron\u0119. Wk\u0142adki na co dzie\u0144 na bazie zi\u00f3\u0142 \u201eNefrytowa \u015bwie\u017co\u015b\u0107\u201c Super to nowe pokolenie produkt\u00f3w higienicznych [...]\" \/>\n<meta property=\"og:url\" content=\"https:\/\/tiandeproducts.co.uk\/pl\/damskie-wkladki-nefrytowa-swiezosc-na-bazie-ziol-na-dzien-super\/\" \/>\n<meta property=\"og:site_name\" content=\"TianDe Online Shop - Beauty &amp; Health\" \/>\n<meta property=\"article:publisher\" content=\"https:\/\/www.facebook.com\/tiande.products.england\/\" \/>\n<meta property=\"article:modified_time\" content=\"2025-07-30T22:39:48+00:00\" \/>\n<meta property=\"og:image\" content=\"https:\/\/tiandeproducts.co.uk\/wp-content\/uploads\/2018\/09\/61912.jpg\" \/>\n\t<meta property=\"og:image:width\" content=\"700\" \/>\n\t<meta property=\"og:image:height\" content=\"700\" \/>\n\t<meta property=\"og:image:type\" content=\"image\/jpeg\" \/>\n<meta name=\"twitter:card\" content=\"summary_large_image\" \/>\n<meta name=\"twitter:label1\" content=\"Szacowany czas czytania\" \/>\n\t<meta name=\"twitter:data1\" content=\"1 minuta\" \/>\n<script type=\"application\/ld+json\" class=\"yoast-schema-graph\">{\"@context\":\"https:\/\/schema.org\",\"@graph\":[{\"@type\":\"WebPage\",\"@id\":\"https:\/\/tiandeproducts.co.uk\/pl\/damskie-wkladki-nefrytowa-swiezosc-na-bazie-ziol-na-dzien-super\/\",\"url\":\"https:\/\/tiandeproducts.co.uk\/pl\/damskie-wkladki-nefrytowa-swiezosc-na-bazie-ziol-na-dzien-super\/\",\"name\":\"Damskie wk\u0142adki Nefrytowa \u015bwie\u017co\u015b\u0107 na bazie zi\u00f3\u0142, na dzie\u0144, super,10 szt. - TianDe Online Shop - Beauty &amp; Health\",\"isPartOf\":{\"@id\":\"https:\/\/tiandeproducts.co.uk\/#website\"},\"primaryImageOfPage\":{\"@id\":\"https:\/\/tiandeproducts.co.uk\/pl\/damskie-wkladki-nefrytowa-swiezosc-na-bazie-ziol-na-dzien-super\/#primaryimage\"},\"image\":{\"@id\":\"https:\/\/tiandeproducts.co.uk\/pl\/damskie-wkladki-nefrytowa-swiezosc-na-bazie-ziol-na-dzien-super\/#primaryimage\"},\"thumbnailUrl\":\"https:\/\/tiandeproducts.co.uk\/wp-content\/uploads\/2018\/09\/61912.jpg\",\"datePublished\":\"2018-09-06T15:22:12+00:00\",\"dateModified\":\"2025-07-30T22:39:48+00:00\",\"breadcrumb\":{\"@id\":\"https:\/\/tiandeproducts.co.uk\/pl\/damskie-wkladki-nefrytowa-swiezosc-na-bazie-ziol-na-dzien-super\/#breadcrumb\"},\"inLanguage\":\"pl-PL\",\"potentialAction\":[{\"@type\":\"ReadAction\",\"target\":[\"https:\/\/tiandeproducts.co.uk\/pl\/damskie-wkladki-nefrytowa-swiezosc-na-bazie-ziol-na-dzien-super\/\"]}]},{\"@type\":\"ImageObject\",\"inLanguage\":\"pl-PL\",\"@id\":\"https:\/\/tiandeproducts.co.uk\/pl\/damskie-wkladki-nefrytowa-swiezosc-na-bazie-ziol-na-dzien-super\/#primaryimage\",\"url\":\"https:\/\/tiandeproducts.co.uk\/wp-content\/uploads\/2018\/09\/61912.jpg\",\"contentUrl\":\"https:\/\/tiandeproducts.co.uk\/wp-content\/uploads\/2018\/09\/61912.jpg\",\"width\":700,\"height\":700,\"caption\":\"Nephrite Freshness Herb Day Sanitary Pads, ,10pcs-0\"},{\"@type\":\"BreadcrumbList\",\"@id\":\"https:\/\/tiandeproducts.co.uk\/pl\/damskie-wkladki-nefrytowa-swiezosc-na-bazie-ziol-na-dzien-super\/#breadcrumb\",\"itemListElement\":[{\"@type\":\"ListItem\",\"position\":1,\"name\":\"Home\",\"item\":\"https:\/\/tiandeproducts.co.uk\/pl\/\"},{\"@type\":\"ListItem\",\"position\":2,\"name\":\"Shop\",\"item\":\"https:\/\/tiandeproducts.co.uk\/pl\/shop-2\/\"},{\"@type\":\"ListItem\",\"position\":3,\"name\":\"Damskie wk\u0142adki Nefrytowa \u015bwie\u017co\u015b\u0107 na bazie zi\u00f3\u0142, na dzie\u0144, super,10 szt.\"}]},{\"@type\":\"WebSite\",\"@id\":\"https:\/\/tiandeproducts.co.uk\/#website\",\"url\":\"https:\/\/tiandeproducts.co.uk\/\",\"name\":\"TianDe Online Shop - Beauty & Health\",\"description\":\"Traditional Chinese Medicine\",\"potentialAction\":[{\"@type\":\"SearchAction\",\"target\":{\"@type\":\"EntryPoint\",\"urlTemplate\":\"https:\/\/tiandeproducts.co.uk\/?s={search_term_string}\"},\"query-input\":{\"@type\":\"PropertyValueSpecification\",\"valueRequired\":true,\"valueName\":\"search_term_string\"}}],\"inLanguage\":\"pl-PL\"}]}<\/script>\n<!-- \/ Yoast SEO plugin. -->","yoast_head_json":{"title":"Damskie wk\u0142adki Nefrytowa \u015bwie\u017co\u015b\u0107 na bazie zi\u00f3\u0142, na dzie\u0144, super,10 szt. - TianDe Online Shop - Beauty &amp; Health","robots":{"index":"index","follow":"follow","max-snippet":"max-snippet:-1","max-image-preview":"max-image-preview:large","max-video-preview":"max-video-preview:-1"},"canonical":"https:\/\/tiandeproducts.co.uk\/pl\/damskie-wkladki-nefrytowa-swiezosc-na-bazie-ziol-na-dzien-super\/","og_locale":"pl_PL","og_type":"article","og_title":"Damskie wk\u0142adki Nefrytowa \u015bwie\u017co\u015b\u0107 na bazie zi\u00f3\u0142, na dzie\u0144, super,10 szt. - TianDe Online Shop - Beauty &amp; Health","og_description":"\u00a0Earn 7 points worth \u00a30.35 when buying this product Kobiece wk\u0142adki higieniczne to legendarny produkt w asortymencie TianDe! Chroni\u0105 kobiet\u0119, a nie tylko bielizn\u0119! Zachowali\u015bmy wszystko, co najlepsze i udoskonalili\u015bmy jako\u015b\u0107 produkt\u00f3w, aby\u015b w tych szczeg\u00f3lnych dniach czu\u0142a maksymaln\u0105 ochron\u0119. Wk\u0142adki na co dzie\u0144 na bazie zi\u00f3\u0142 \u201eNefrytowa \u015bwie\u017co\u015b\u0107\u201c Super to nowe pokolenie produkt\u00f3w higienicznych [...]","og_url":"https:\/\/tiandeproducts.co.uk\/pl\/damskie-wkladki-nefrytowa-swiezosc-na-bazie-ziol-na-dzien-super\/","og_site_name":"TianDe Online Shop - Beauty &amp; Health","article_publisher":"https:\/\/www.facebook.com\/tiande.products.england\/","article_modified_time":"2025-07-30T22:39:48+00:00","og_image":[{"width":700,"height":700,"url":"https:\/\/tiandeproducts.co.uk\/wp-content\/uploads\/2018\/09\/61912.jpg","type":"image\/jpeg"}],"twitter_card":"summary_large_image","twitter_misc":{"Szacowany czas czytania":"1 minuta"},"schema":{"@context":"https:\/\/schema.org","@graph":[{"@type":"WebPage","@id":"https:\/\/tiandeproducts.co.uk\/pl\/damskie-wkladki-nefrytowa-swiezosc-na-bazie-ziol-na-dzien-super\/","url":"https:\/\/tiandeproducts.co.uk\/pl\/damskie-wkladki-nefrytowa-swiezosc-na-bazie-ziol-na-dzien-super\/","name":"Damskie wk\u0142adki Nefrytowa \u015bwie\u017co\u015b\u0107 na bazie zi\u00f3\u0142, na dzie\u0144, super,10 szt. - TianDe Online Shop - Beauty &amp; Health","isPartOf":{"@id":"https:\/\/tiandeproducts.co.uk\/#website"},"primaryImageOfPage":{"@id":"https:\/\/tiandeproducts.co.uk\/pl\/damskie-wkladki-nefrytowa-swiezosc-na-bazie-ziol-na-dzien-super\/#primaryimage"},"image":{"@id":"https:\/\/tiandeproducts.co.uk\/pl\/damskie-wkladki-nefrytowa-swiezosc-na-bazie-ziol-na-dzien-super\/#primaryimage"},"thumbnailUrl":"https:\/\/tiandeproducts.co.uk\/wp-content\/uploads\/2018\/09\/61912.jpg","datePublished":"2018-09-06T15:22:12+00:00","dateModified":"2025-07-30T22:39:48+00:00","breadcrumb":{"@id":"https:\/\/tiandeproducts.co.uk\/pl\/damskie-wkladki-nefrytowa-swiezosc-na-bazie-ziol-na-dzien-super\/#breadcrumb"},"inLanguage":"pl-PL","potentialAction":[{"@type":"ReadAction","target":["https:\/\/tiandeproducts.co.uk\/pl\/damskie-wkladki-nefrytowa-swiezosc-na-bazie-ziol-na-dzien-super\/"]}]},{"@type":"ImageObject","inLanguage":"pl-PL","@id":"https:\/\/tiandeproducts.co.uk\/pl\/damskie-wkladki-nefrytowa-swiezosc-na-bazie-ziol-na-dzien-super\/#primaryimage","url":"https:\/\/tiandeproducts.co.uk\/wp-content\/uploads\/2018\/09\/61912.jpg","contentUrl":"https:\/\/tiandeproducts.co.uk\/wp-content\/uploads\/2018\/09\/61912.jpg","width":700,"height":700,"caption":"Nephrite Freshness Herb Day Sanitary Pads, ,10pcs-0"},{"@type":"BreadcrumbList","@id":"https:\/\/tiandeproducts.co.uk\/pl\/damskie-wkladki-nefrytowa-swiezosc-na-bazie-ziol-na-dzien-super\/#breadcrumb","itemListElement":[{"@type":"ListItem","position":1,"name":"Home","item":"https:\/\/tiandeproducts.co.uk\/pl\/"},{"@type":"ListItem","position":2,"name":"Shop","item":"https:\/\/tiandeproducts.co.uk\/pl\/shop-2\/"},{"@type":"ListItem","position":3,"name":"Damskie wk\u0142adki Nefrytowa \u015bwie\u017co\u015b\u0107 na bazie zi\u00f3\u0142, na dzie\u0144, super,10 szt."}]},{"@type":"WebSite","@id":"https:\/\/tiandeproducts.co.uk\/#website","url":"https:\/\/tiandeproducts.co.uk\/","name":"TianDe Online Shop - Beauty & Health","description":"Traditional Chinese Medicine","potentialAction":[{"@type":"SearchAction","target":{"@type":"EntryPoint","urlTemplate":"https:\/\/tiandeproducts.co.uk\/?s={search_term_string}"},"query-input":{"@type":"PropertyValueSpecification","valueRequired":true,"valueName":"search_term_string"}}],"inLanguage":"pl-PL"}]}},"_links":{"self":[{"href":"https:\/\/tiandeproducts.co.uk\/pl\/wp-json\/wp\/v2\/product\/4639","targetHints":{"allow":["GET"]}}],"collection":[{"href":"https:\/\/tiandeproducts.co.uk\/pl\/wp-json\/wp\/v2\/product"}],"about":[{"href":"https:\/\/tiandeproducts.co.uk\/pl\/wp-json\/wp\/v2\/types\/product"}],"replies":[{"embeddable":true,"href":"https:\/\/tiandeproducts.co.uk\/pl\/wp-json\/wp\/v2\/comments?post=4639"}],"wp:featuredmedia":[{"embeddable":true,"href":"https:\/\/tiandeproducts.co.uk\/pl\/wp-json\/wp\/v2\/media\/2002"}],"wp:attachment":[{"href":"https:\/\/tiandeproducts.co.uk\/pl\/wp-json\/wp\/v2\/media?parent=4639"}],"wp:term":[{"taxonomy":"product_cat","embeddable":true,"href":"https:\/\/tiandeproducts.co.uk\/pl\/wp-json\/wp\/v2\/product_cat?post=4639"},{"taxonomy":"product_tag","embeddable":true,"href":"https:\/\/tiandeproducts.co.uk\/pl\/wp-json\/wp\/v2\/product_tag?post=4639"}],"curies":[{"name":"wp","href":"https:\/\/api.w.org\/{rel}","templated":true}]}}