{"id":4635,"date":"2016-12-13T22:33:53","date_gmt":"2016-12-13T22:33:53","guid":{"rendered":"https:\/\/tnd.ontesting.co.uk\/dezodorant-do-ciala-spray-naturalny-alunit-i-szalwia100ml\/"},"modified":"2021-02-25T12:01:01","modified_gmt":"2021-02-25T12:01:01","slug":"dezodorant-do-ciala-spray-naturalny-alunit-i-szalwia100ml","status":"publish","type":"product","link":"https:\/\/tiandeproducts.co.uk\/pl\/dezodorant-do-ciala-spray-naturalny-alunit-i-szalwia100ml\/","title":{"rendered":"Dezodorant do cia\u0142a \u2013 spray \u201eNaturalny a\u0142unit i sza\u0142wia\u201c,100ml"},"content":{"rendered":"<div class=\"description\">\n<p><img decoding=\"async\" style=\"max-width: 16px; margin-right: 5px;\" src=\"https:\/\/tiandeproducts.co.uk\/wp-content\/uploads\/points-green.svg\" \/>\u00a0Earn 12 points worth \u00a30.60 when buying this product<\/p>\n<p>Dezodoryzuje sk\u00f3r\u0119, nie naruszaj\u0105c funkcji gruczo\u0142\u00f3w potowych \u2013 w przeciwie\u0144stwie od zwyk\u0142ych dezodorant\u00f3w, kt\u00f3re zawieraj\u0105 s\u00f3l aluminium.<\/p>\n<p>Podstaw\u0105 dezodorantu w spray&#8217;u jest a\u0142unit, czyli minera\u0142 pochodzenia wulkanicznego, kt\u00f3ry niezawodnie niszczy bakterie. Cz\u0105stki a\u0142unitu nie zatykaj\u0105 gruczo\u0142\u00f3w \u0142ojowych, ale zatrzymuj\u0105 pocenie.<\/p>\n<p>Dezodorant w spray&#8217;u nie zawiera soli aluminium, alkoholu, paraben\u00f3w ani barwnik\u00f3w. Jest bardzo efektywny.<\/p>\n<p>Idealny po depilacji, \u0142agodzi sk\u00f3r\u0119 i piel\u0119gnuje j\u0105. Odpowiedni dla przysz\u0142ych i karmi\u0105cych mam.<\/p>\n<p>Wysusza wykwity na sk\u00f3rze i hamuje podra\u017cnienie sk\u00f3ry. Mo\u017ce by\u0107 nanoszony na stopy i d\u0142onie.<\/p>\n<p>Gwarantuje \u015bwie\u017co\u015b\u0107 przez 24 godziny.<\/p>\n<\/div>\n<div class=\"instruction\">\n<p><strong>ZASTOSOWANIE:<\/strong><\/p>\n<p>Nanosi\u0107 na czyst\u0105 sk\u00f3r\u0119 w okolicy pach, st\u00f3p i d\u0142oni.<\/p>\n<\/div>\n","protected":false},"excerpt":{"rendered":"<p>\u00a0Earn 12 points worth \u00a30.60 when buying this product Dezodoryzuje sk\u00f3r\u0119, nie naruszaj\u0105c funkcji gruczo\u0142\u00f3w potowych \u2013 w przeciwie\u0144stwie od zwyk\u0142ych dezodorant\u00f3w, kt\u00f3re zawieraj\u0105 s\u00f3l aluminium. Podstaw\u0105 dezodorantu w spray&#8217;u jest a\u0142unit, czyli minera\u0142 pochodzenia wulkanicznego, kt\u00f3ry niezawodnie niszczy bakterie. Cz\u0105stki a\u0142unitu nie zatykaj\u0105 gruczo\u0142\u00f3w \u0142ojowych, ale zatrzymuj\u0105 pocenie. Dezodorant w spray&#8217;u nie zawiera soli [&#8230;]\n","protected":false},"featured_media":1411,"comment_status":"closed","ping_status":"closed","template":"","meta":[],"product_cat":[784,807,815],"product_tag":[],"class_list":{"0":"post-4635","1":"product","2":"type-product","3":"status-publish","4":"has-post-thumbnail","6":"product_cat-higiena-pl","7":"product_cat-krysztalowy-antyperspirant","8":"product_cat-oczyszczenie-i-ochrona","10":"first","11":"instock","12":"shipping-taxable","13":"purchasable","14":"product-type-simple"},"yoast_head":"<!-- This site is optimized with the Yoast SEO plugin v23.6 - https:\/\/yoast.com\/wordpress\/plugins\/seo\/ -->\n<title>Dezodorant do cia\u0142a \u2013 spray \u201eNaturalny a\u0142unit i sza\u0142wia\u201c,100ml - TianDe Online Shop - Beauty &amp; Health<\/title>\n<meta name=\"robots\" content=\"index, follow, max-snippet:-1, max-image-preview:large, max-video-preview:-1\" \/>\n<link rel=\"canonical\" href=\"https:\/\/tiandeproducts.co.uk\/pl\/dezodorant-do-ciala-spray-naturalny-alunit-i-szalwia100ml\/\" \/>\n<meta property=\"og:locale\" content=\"pl_PL\" \/>\n<meta property=\"og:type\" content=\"article\" \/>\n<meta property=\"og:title\" content=\"Dezodorant do cia\u0142a \u2013 spray \u201eNaturalny a\u0142unit i sza\u0142wia\u201c,100ml - TianDe Online Shop - Beauty &amp; Health\" \/>\n<meta property=\"og:description\" content=\"\u00a0Earn 12 points worth \u00a30.60 when buying this product Dezodoryzuje sk\u00f3r\u0119, nie naruszaj\u0105c funkcji gruczo\u0142\u00f3w potowych \u2013 w przeciwie\u0144stwie od zwyk\u0142ych dezodorant\u00f3w, kt\u00f3re zawieraj\u0105 s\u00f3l aluminium. Podstaw\u0105 dezodorantu w spray&#8217;u jest a\u0142unit, czyli minera\u0142 pochodzenia wulkanicznego, kt\u00f3ry niezawodnie niszczy bakterie. Cz\u0105stki a\u0142unitu nie zatykaj\u0105 gruczo\u0142\u00f3w \u0142ojowych, ale zatrzymuj\u0105 pocenie. Dezodorant w spray&#8217;u nie zawiera soli [...]\" \/>\n<meta property=\"og:url\" content=\"https:\/\/tiandeproducts.co.uk\/pl\/dezodorant-do-ciala-spray-naturalny-alunit-i-szalwia100ml\/\" \/>\n<meta property=\"og:site_name\" content=\"TianDe Online Shop - Beauty &amp; Health\" \/>\n<meta property=\"article:publisher\" content=\"https:\/\/www.facebook.com\/tiande.products.england\/\" \/>\n<meta property=\"article:modified_time\" content=\"2021-02-25T12:01:01+00:00\" \/>\n<meta property=\"og:image\" content=\"https:\/\/tiandeproducts.co.uk\/wp-content\/uploads\/2016\/12\/30115__.png\" \/>\n\t<meta property=\"og:image:width\" content=\"700\" \/>\n\t<meta property=\"og:image:height\" content=\"700\" \/>\n\t<meta property=\"og:image:type\" content=\"image\/png\" \/>\n<meta name=\"twitter:card\" content=\"summary_large_image\" \/>\n<meta name=\"twitter:label1\" content=\"Szacowany czas czytania\" \/>\n\t<meta name=\"twitter:data1\" content=\"1 minuta\" \/>\n<script type=\"application\/ld+json\" class=\"yoast-schema-graph\">{\"@context\":\"https:\/\/schema.org\",\"@graph\":[{\"@type\":\"WebPage\",\"@id\":\"https:\/\/tiandeproducts.co.uk\/pl\/dezodorant-do-ciala-spray-naturalny-alunit-i-szalwia100ml\/\",\"url\":\"https:\/\/tiandeproducts.co.uk\/pl\/dezodorant-do-ciala-spray-naturalny-alunit-i-szalwia100ml\/\",\"name\":\"Dezodorant do cia\u0142a \u2013 spray \u201eNaturalny a\u0142unit i sza\u0142wia\u201c,100ml - TianDe Online Shop - Beauty &amp; Health\",\"isPartOf\":{\"@id\":\"https:\/\/tiandeproducts.co.uk\/#website\"},\"primaryImageOfPage\":{\"@id\":\"https:\/\/tiandeproducts.co.uk\/pl\/dezodorant-do-ciala-spray-naturalny-alunit-i-szalwia100ml\/#primaryimage\"},\"image\":{\"@id\":\"https:\/\/tiandeproducts.co.uk\/pl\/dezodorant-do-ciala-spray-naturalny-alunit-i-szalwia100ml\/#primaryimage\"},\"thumbnailUrl\":\"https:\/\/tiandeproducts.co.uk\/wp-content\/uploads\/2016\/12\/30115__.png\",\"datePublished\":\"2016-12-13T22:33:53+00:00\",\"dateModified\":\"2021-02-25T12:01:01+00:00\",\"breadcrumb\":{\"@id\":\"https:\/\/tiandeproducts.co.uk\/pl\/dezodorant-do-ciala-spray-naturalny-alunit-i-szalwia100ml\/#breadcrumb\"},\"inLanguage\":\"pl-PL\",\"potentialAction\":[{\"@type\":\"ReadAction\",\"target\":[\"https:\/\/tiandeproducts.co.uk\/pl\/dezodorant-do-ciala-spray-naturalny-alunit-i-szalwia100ml\/\"]}]},{\"@type\":\"ImageObject\",\"inLanguage\":\"pl-PL\",\"@id\":\"https:\/\/tiandeproducts.co.uk\/pl\/dezodorant-do-ciala-spray-naturalny-alunit-i-szalwia100ml\/#primaryimage\",\"url\":\"https:\/\/tiandeproducts.co.uk\/wp-content\/uploads\/2016\/12\/30115__.png\",\"contentUrl\":\"https:\/\/tiandeproducts.co.uk\/wp-content\/uploads\/2016\/12\/30115__.png\",\"width\":700,\"height\":700,\"caption\":\"Deodorant spray \\\"Natural alunite and sage\\\",Phyto - Mineral Complex,100ml-0\"},{\"@type\":\"BreadcrumbList\",\"@id\":\"https:\/\/tiandeproducts.co.uk\/pl\/dezodorant-do-ciala-spray-naturalny-alunit-i-szalwia100ml\/#breadcrumb\",\"itemListElement\":[{\"@type\":\"ListItem\",\"position\":1,\"name\":\"Home\",\"item\":\"https:\/\/tiandeproducts.co.uk\/pl\/\"},{\"@type\":\"ListItem\",\"position\":2,\"name\":\"Shop\",\"item\":\"https:\/\/tiandeproducts.co.uk\/pl\/shop-2\/\"},{\"@type\":\"ListItem\",\"position\":3,\"name\":\"Dezodorant do cia\u0142a \u2013 spray \u201eNaturalny a\u0142unit i sza\u0142wia\u201c,100ml\"}]},{\"@type\":\"WebSite\",\"@id\":\"https:\/\/tiandeproducts.co.uk\/#website\",\"url\":\"https:\/\/tiandeproducts.co.uk\/\",\"name\":\"TianDe Online Shop - Beauty & Health\",\"description\":\"Traditional Chinese Medicine\",\"potentialAction\":[{\"@type\":\"SearchAction\",\"target\":{\"@type\":\"EntryPoint\",\"urlTemplate\":\"https:\/\/tiandeproducts.co.uk\/?s={search_term_string}\"},\"query-input\":{\"@type\":\"PropertyValueSpecification\",\"valueRequired\":true,\"valueName\":\"search_term_string\"}}],\"inLanguage\":\"pl-PL\"}]}<\/script>\n<!-- \/ Yoast SEO plugin. -->","yoast_head_json":{"title":"Dezodorant do cia\u0142a \u2013 spray \u201eNaturalny a\u0142unit i sza\u0142wia\u201c,100ml - TianDe Online Shop - Beauty &amp; Health","robots":{"index":"index","follow":"follow","max-snippet":"max-snippet:-1","max-image-preview":"max-image-preview:large","max-video-preview":"max-video-preview:-1"},"canonical":"https:\/\/tiandeproducts.co.uk\/pl\/dezodorant-do-ciala-spray-naturalny-alunit-i-szalwia100ml\/","og_locale":"pl_PL","og_type":"article","og_title":"Dezodorant do cia\u0142a \u2013 spray \u201eNaturalny a\u0142unit i sza\u0142wia\u201c,100ml - TianDe Online Shop - Beauty &amp; Health","og_description":"\u00a0Earn 12 points worth \u00a30.60 when buying this product Dezodoryzuje sk\u00f3r\u0119, nie naruszaj\u0105c funkcji gruczo\u0142\u00f3w potowych \u2013 w przeciwie\u0144stwie od zwyk\u0142ych dezodorant\u00f3w, kt\u00f3re zawieraj\u0105 s\u00f3l aluminium. Podstaw\u0105 dezodorantu w spray&#8217;u jest a\u0142unit, czyli minera\u0142 pochodzenia wulkanicznego, kt\u00f3ry niezawodnie niszczy bakterie. Cz\u0105stki a\u0142unitu nie zatykaj\u0105 gruczo\u0142\u00f3w \u0142ojowych, ale zatrzymuj\u0105 pocenie. Dezodorant w spray&#8217;u nie zawiera soli [...]","og_url":"https:\/\/tiandeproducts.co.uk\/pl\/dezodorant-do-ciala-spray-naturalny-alunit-i-szalwia100ml\/","og_site_name":"TianDe Online Shop - Beauty &amp; Health","article_publisher":"https:\/\/www.facebook.com\/tiande.products.england\/","article_modified_time":"2021-02-25T12:01:01+00:00","og_image":[{"width":700,"height":700,"url":"https:\/\/tiandeproducts.co.uk\/wp-content\/uploads\/2016\/12\/30115__.png","type":"image\/png"}],"twitter_card":"summary_large_image","twitter_misc":{"Szacowany czas czytania":"1 minuta"},"schema":{"@context":"https:\/\/schema.org","@graph":[{"@type":"WebPage","@id":"https:\/\/tiandeproducts.co.uk\/pl\/dezodorant-do-ciala-spray-naturalny-alunit-i-szalwia100ml\/","url":"https:\/\/tiandeproducts.co.uk\/pl\/dezodorant-do-ciala-spray-naturalny-alunit-i-szalwia100ml\/","name":"Dezodorant do cia\u0142a \u2013 spray \u201eNaturalny a\u0142unit i sza\u0142wia\u201c,100ml - TianDe Online Shop - Beauty &amp; Health","isPartOf":{"@id":"https:\/\/tiandeproducts.co.uk\/#website"},"primaryImageOfPage":{"@id":"https:\/\/tiandeproducts.co.uk\/pl\/dezodorant-do-ciala-spray-naturalny-alunit-i-szalwia100ml\/#primaryimage"},"image":{"@id":"https:\/\/tiandeproducts.co.uk\/pl\/dezodorant-do-ciala-spray-naturalny-alunit-i-szalwia100ml\/#primaryimage"},"thumbnailUrl":"https:\/\/tiandeproducts.co.uk\/wp-content\/uploads\/2016\/12\/30115__.png","datePublished":"2016-12-13T22:33:53+00:00","dateModified":"2021-02-25T12:01:01+00:00","breadcrumb":{"@id":"https:\/\/tiandeproducts.co.uk\/pl\/dezodorant-do-ciala-spray-naturalny-alunit-i-szalwia100ml\/#breadcrumb"},"inLanguage":"pl-PL","potentialAction":[{"@type":"ReadAction","target":["https:\/\/tiandeproducts.co.uk\/pl\/dezodorant-do-ciala-spray-naturalny-alunit-i-szalwia100ml\/"]}]},{"@type":"ImageObject","inLanguage":"pl-PL","@id":"https:\/\/tiandeproducts.co.uk\/pl\/dezodorant-do-ciala-spray-naturalny-alunit-i-szalwia100ml\/#primaryimage","url":"https:\/\/tiandeproducts.co.uk\/wp-content\/uploads\/2016\/12\/30115__.png","contentUrl":"https:\/\/tiandeproducts.co.uk\/wp-content\/uploads\/2016\/12\/30115__.png","width":700,"height":700,"caption":"Deodorant spray \"Natural alunite and sage\",Phyto - Mineral Complex,100ml-0"},{"@type":"BreadcrumbList","@id":"https:\/\/tiandeproducts.co.uk\/pl\/dezodorant-do-ciala-spray-naturalny-alunit-i-szalwia100ml\/#breadcrumb","itemListElement":[{"@type":"ListItem","position":1,"name":"Home","item":"https:\/\/tiandeproducts.co.uk\/pl\/"},{"@type":"ListItem","position":2,"name":"Shop","item":"https:\/\/tiandeproducts.co.uk\/pl\/shop-2\/"},{"@type":"ListItem","position":3,"name":"Dezodorant do cia\u0142a \u2013 spray \u201eNaturalny a\u0142unit i sza\u0142wia\u201c,100ml"}]},{"@type":"WebSite","@id":"https:\/\/tiandeproducts.co.uk\/#website","url":"https:\/\/tiandeproducts.co.uk\/","name":"TianDe Online Shop - Beauty & Health","description":"Traditional Chinese Medicine","potentialAction":[{"@type":"SearchAction","target":{"@type":"EntryPoint","urlTemplate":"https:\/\/tiandeproducts.co.uk\/?s={search_term_string}"},"query-input":{"@type":"PropertyValueSpecification","valueRequired":true,"valueName":"search_term_string"}}],"inLanguage":"pl-PL"}]}},"_links":{"self":[{"href":"https:\/\/tiandeproducts.co.uk\/pl\/wp-json\/wp\/v2\/product\/4635","targetHints":{"allow":["GET"]}}],"collection":[{"href":"https:\/\/tiandeproducts.co.uk\/pl\/wp-json\/wp\/v2\/product"}],"about":[{"href":"https:\/\/tiandeproducts.co.uk\/pl\/wp-json\/wp\/v2\/types\/product"}],"replies":[{"embeddable":true,"href":"https:\/\/tiandeproducts.co.uk\/pl\/wp-json\/wp\/v2\/comments?post=4635"}],"wp:featuredmedia":[{"embeddable":true,"href":"https:\/\/tiandeproducts.co.uk\/pl\/wp-json\/wp\/v2\/media\/1411"}],"wp:attachment":[{"href":"https:\/\/tiandeproducts.co.uk\/pl\/wp-json\/wp\/v2\/media?parent=4635"}],"wp:term":[{"taxonomy":"product_cat","embeddable":true,"href":"https:\/\/tiandeproducts.co.uk\/pl\/wp-json\/wp\/v2\/product_cat?post=4635"},{"taxonomy":"product_tag","embeddable":true,"href":"https:\/\/tiandeproducts.co.uk\/pl\/wp-json\/wp\/v2\/product_tag?post=4635"}],"curies":[{"name":"wp","href":"https:\/\/api.w.org\/{rel}","templated":true}]}}