{"id":4633,"date":"2016-04-04T19:31:48","date_gmt":"2016-04-04T18:31:48","guid":{"rendered":"https:\/\/tnd.ontesting.co.uk\/sztyft-krysztalowy-natural-veil60g\/"},"modified":"2020-07-25T13:25:07","modified_gmt":"2020-07-25T12:25:07","slug":"sztyft-krysztalowy-natural-veil60g","status":"publish","type":"product","link":"https:\/\/tiandeproducts.co.uk\/pl\/sztyft-krysztalowy-natural-veil60g\/","title":{"rendered":"Sztyft kryszta\u0142owy \u201eNatural Veil\u201c,60g"},"content":{"rendered":"<div class=\"description\">\n<p>W 100% sk\u0142ada si\u0119 z minera\u0142u wulkanicznego a\u0142unit, kt\u00f3ry eliminuje nieprzyjemny zapach i nie zatyka por\u00f3w. Produkt nie pozostawia \u017cadnych \u015blad\u00f3w na odzie\u017cy. Bezzapachowy. Hipoalergiczny. Odpowiedni dla kobiet i m\u0119\u017cczyzn.<\/p>\n<\/div>\n<div class=\"instruction\">\n<p><strong>ZASTOSOWANIE:<\/strong><\/p>\n<p>Zamoczy\u0107 kryszta\u0142 w wodzie i nanie\u015b\u0107 na czyst\u0105 sk\u00f3r\u0119.<\/p>\n<\/div>\n","protected":false},"excerpt":{"rendered":"<p>W 100% sk\u0142ada si\u0119 z minera\u0142u wulkanicznego a\u0142unit, kt\u00f3ry eliminuje nieprzyjemny zapach i nie zatyka por\u00f3w. Produkt nie pozostawia \u017cadnych \u015blad\u00f3w na odzie\u017cy. Bezzapachowy. Hipoalergiczny. Odpowiedni dla kobiet i m\u0119\u017cczyzn. ZASTOSOWANIE: Zamoczy\u0107 kryszta\u0142 w wodzie i nanie\u015b\u0107 na czyst\u0105 sk\u00f3r\u0119.<\/p>\n","protected":false},"featured_media":573,"comment_status":"closed","ping_status":"closed","template":"","meta":[],"product_cat":[784,807,815],"product_tag":[],"class_list":{"0":"post-4633","1":"product","2":"type-product","3":"status-publish","4":"has-post-thumbnail","6":"product_cat-higiena-pl","7":"product_cat-krysztalowy-antyperspirant","8":"product_cat-oczyszczenie-i-ochrona","10":"first","11":"instock","12":"shipping-taxable","13":"purchasable","14":"product-type-simple"},"yoast_head":"<!-- This site is optimized with the Yoast SEO plugin v23.6 - https:\/\/yoast.com\/wordpress\/plugins\/seo\/ -->\n<title>Sztyft kryszta\u0142owy \u201eNatural Veil\u201c,60g - TianDe Online Shop - Beauty &amp; Health<\/title>\n<meta name=\"robots\" content=\"index, follow, max-snippet:-1, max-image-preview:large, max-video-preview:-1\" \/>\n<link rel=\"canonical\" href=\"https:\/\/tiandeproducts.co.uk\/pl\/sztyft-krysztalowy-natural-veil60g\/\" \/>\n<meta property=\"og:locale\" content=\"pl_PL\" \/>\n<meta property=\"og:type\" content=\"article\" \/>\n<meta property=\"og:title\" content=\"Sztyft kryszta\u0142owy \u201eNatural Veil\u201c,60g - TianDe Online Shop - Beauty &amp; Health\" \/>\n<meta property=\"og:description\" content=\"W 100% sk\u0142ada si\u0119 z minera\u0142u wulkanicznego a\u0142unit, kt\u00f3ry eliminuje nieprzyjemny zapach i nie zatyka por\u00f3w. Produkt nie pozostawia \u017cadnych \u015blad\u00f3w na odzie\u017cy. Bezzapachowy. Hipoalergiczny. Odpowiedni dla kobiet i m\u0119\u017cczyzn. ZASTOSOWANIE: Zamoczy\u0107 kryszta\u0142 w wodzie i nanie\u015b\u0107 na czyst\u0105 sk\u00f3r\u0119.\" \/>\n<meta property=\"og:url\" content=\"https:\/\/tiandeproducts.co.uk\/pl\/sztyft-krysztalowy-natural-veil60g\/\" \/>\n<meta property=\"og:site_name\" content=\"TianDe Online Shop - Beauty &amp; Health\" \/>\n<meta property=\"article:publisher\" content=\"https:\/\/www.facebook.com\/tiande.products.england\/\" \/>\n<meta property=\"article:modified_time\" content=\"2020-07-25T12:25:07+00:00\" \/>\n<meta property=\"og:image\" content=\"https:\/\/tiandeproducts.co.uk\/wp-content\/uploads\/2016\/04\/30101.png\" \/>\n\t<meta property=\"og:image:width\" content=\"700\" \/>\n\t<meta property=\"og:image:height\" content=\"700\" \/>\n\t<meta property=\"og:image:type\" content=\"image\/png\" \/>\n<meta name=\"twitter:card\" content=\"summary_large_image\" \/>\n<script type=\"application\/ld+json\" class=\"yoast-schema-graph\">{\"@context\":\"https:\/\/schema.org\",\"@graph\":[{\"@type\":\"WebPage\",\"@id\":\"https:\/\/tiandeproducts.co.uk\/pl\/sztyft-krysztalowy-natural-veil60g\/\",\"url\":\"https:\/\/tiandeproducts.co.uk\/pl\/sztyft-krysztalowy-natural-veil60g\/\",\"name\":\"Sztyft kryszta\u0142owy \u201eNatural Veil\u201c,60g - TianDe Online Shop - Beauty &amp; Health\",\"isPartOf\":{\"@id\":\"https:\/\/tiandeproducts.co.uk\/#website\"},\"primaryImageOfPage\":{\"@id\":\"https:\/\/tiandeproducts.co.uk\/pl\/sztyft-krysztalowy-natural-veil60g\/#primaryimage\"},\"image\":{\"@id\":\"https:\/\/tiandeproducts.co.uk\/pl\/sztyft-krysztalowy-natural-veil60g\/#primaryimage\"},\"thumbnailUrl\":\"https:\/\/tiandeproducts.co.uk\/wp-content\/uploads\/2016\/04\/30101.png\",\"datePublished\":\"2016-04-04T18:31:48+00:00\",\"dateModified\":\"2020-07-25T12:25:07+00:00\",\"breadcrumb\":{\"@id\":\"https:\/\/tiandeproducts.co.uk\/pl\/sztyft-krysztalowy-natural-veil60g\/#breadcrumb\"},\"inLanguage\":\"pl-PL\",\"potentialAction\":[{\"@type\":\"ReadAction\",\"target\":[\"https:\/\/tiandeproducts.co.uk\/pl\/sztyft-krysztalowy-natural-veil60g\/\"]}]},{\"@type\":\"ImageObject\",\"inLanguage\":\"pl-PL\",\"@id\":\"https:\/\/tiandeproducts.co.uk\/pl\/sztyft-krysztalowy-natural-veil60g\/#primaryimage\",\"url\":\"https:\/\/tiandeproducts.co.uk\/wp-content\/uploads\/2016\/04\/30101.png\",\"contentUrl\":\"https:\/\/tiandeproducts.co.uk\/wp-content\/uploads\/2016\/04\/30101.png\",\"width\":700,\"height\":700,\"caption\":\"Natural Veil Crystal Body Deodorant,Antibacterial Crystal,1pc-0\"},{\"@type\":\"BreadcrumbList\",\"@id\":\"https:\/\/tiandeproducts.co.uk\/pl\/sztyft-krysztalowy-natural-veil60g\/#breadcrumb\",\"itemListElement\":[{\"@type\":\"ListItem\",\"position\":1,\"name\":\"Home\",\"item\":\"https:\/\/tiandeproducts.co.uk\/pl\/\"},{\"@type\":\"ListItem\",\"position\":2,\"name\":\"Shop\",\"item\":\"https:\/\/tiandeproducts.co.uk\/pl\/shop-2\/\"},{\"@type\":\"ListItem\",\"position\":3,\"name\":\"Sztyft kryszta\u0142owy \u201eNatural Veil\u201c,60g\"}]},{\"@type\":\"WebSite\",\"@id\":\"https:\/\/tiandeproducts.co.uk\/#website\",\"url\":\"https:\/\/tiandeproducts.co.uk\/\",\"name\":\"TianDe Online Shop - Beauty & Health\",\"description\":\"Traditional Chinese Medicine\",\"potentialAction\":[{\"@type\":\"SearchAction\",\"target\":{\"@type\":\"EntryPoint\",\"urlTemplate\":\"https:\/\/tiandeproducts.co.uk\/?s={search_term_string}\"},\"query-input\":{\"@type\":\"PropertyValueSpecification\",\"valueRequired\":true,\"valueName\":\"search_term_string\"}}],\"inLanguage\":\"pl-PL\"}]}<\/script>\n<!-- \/ Yoast SEO plugin. -->","yoast_head_json":{"title":"Sztyft kryszta\u0142owy \u201eNatural Veil\u201c,60g - TianDe Online Shop - Beauty &amp; Health","robots":{"index":"index","follow":"follow","max-snippet":"max-snippet:-1","max-image-preview":"max-image-preview:large","max-video-preview":"max-video-preview:-1"},"canonical":"https:\/\/tiandeproducts.co.uk\/pl\/sztyft-krysztalowy-natural-veil60g\/","og_locale":"pl_PL","og_type":"article","og_title":"Sztyft kryszta\u0142owy \u201eNatural Veil\u201c,60g - TianDe Online Shop - Beauty &amp; Health","og_description":"W 100% sk\u0142ada si\u0119 z minera\u0142u wulkanicznego a\u0142unit, kt\u00f3ry eliminuje nieprzyjemny zapach i nie zatyka por\u00f3w. Produkt nie pozostawia \u017cadnych \u015blad\u00f3w na odzie\u017cy. Bezzapachowy. Hipoalergiczny. Odpowiedni dla kobiet i m\u0119\u017cczyzn. ZASTOSOWANIE: Zamoczy\u0107 kryszta\u0142 w wodzie i nanie\u015b\u0107 na czyst\u0105 sk\u00f3r\u0119.","og_url":"https:\/\/tiandeproducts.co.uk\/pl\/sztyft-krysztalowy-natural-veil60g\/","og_site_name":"TianDe Online Shop - Beauty &amp; Health","article_publisher":"https:\/\/www.facebook.com\/tiande.products.england\/","article_modified_time":"2020-07-25T12:25:07+00:00","og_image":[{"width":700,"height":700,"url":"https:\/\/tiandeproducts.co.uk\/wp-content\/uploads\/2016\/04\/30101.png","type":"image\/png"}],"twitter_card":"summary_large_image","schema":{"@context":"https:\/\/schema.org","@graph":[{"@type":"WebPage","@id":"https:\/\/tiandeproducts.co.uk\/pl\/sztyft-krysztalowy-natural-veil60g\/","url":"https:\/\/tiandeproducts.co.uk\/pl\/sztyft-krysztalowy-natural-veil60g\/","name":"Sztyft kryszta\u0142owy \u201eNatural Veil\u201c,60g - TianDe Online Shop - Beauty &amp; Health","isPartOf":{"@id":"https:\/\/tiandeproducts.co.uk\/#website"},"primaryImageOfPage":{"@id":"https:\/\/tiandeproducts.co.uk\/pl\/sztyft-krysztalowy-natural-veil60g\/#primaryimage"},"image":{"@id":"https:\/\/tiandeproducts.co.uk\/pl\/sztyft-krysztalowy-natural-veil60g\/#primaryimage"},"thumbnailUrl":"https:\/\/tiandeproducts.co.uk\/wp-content\/uploads\/2016\/04\/30101.png","datePublished":"2016-04-04T18:31:48+00:00","dateModified":"2020-07-25T12:25:07+00:00","breadcrumb":{"@id":"https:\/\/tiandeproducts.co.uk\/pl\/sztyft-krysztalowy-natural-veil60g\/#breadcrumb"},"inLanguage":"pl-PL","potentialAction":[{"@type":"ReadAction","target":["https:\/\/tiandeproducts.co.uk\/pl\/sztyft-krysztalowy-natural-veil60g\/"]}]},{"@type":"ImageObject","inLanguage":"pl-PL","@id":"https:\/\/tiandeproducts.co.uk\/pl\/sztyft-krysztalowy-natural-veil60g\/#primaryimage","url":"https:\/\/tiandeproducts.co.uk\/wp-content\/uploads\/2016\/04\/30101.png","contentUrl":"https:\/\/tiandeproducts.co.uk\/wp-content\/uploads\/2016\/04\/30101.png","width":700,"height":700,"caption":"Natural Veil Crystal Body Deodorant,Antibacterial Crystal,1pc-0"},{"@type":"BreadcrumbList","@id":"https:\/\/tiandeproducts.co.uk\/pl\/sztyft-krysztalowy-natural-veil60g\/#breadcrumb","itemListElement":[{"@type":"ListItem","position":1,"name":"Home","item":"https:\/\/tiandeproducts.co.uk\/pl\/"},{"@type":"ListItem","position":2,"name":"Shop","item":"https:\/\/tiandeproducts.co.uk\/pl\/shop-2\/"},{"@type":"ListItem","position":3,"name":"Sztyft kryszta\u0142owy \u201eNatural Veil\u201c,60g"}]},{"@type":"WebSite","@id":"https:\/\/tiandeproducts.co.uk\/#website","url":"https:\/\/tiandeproducts.co.uk\/","name":"TianDe Online Shop - Beauty & Health","description":"Traditional Chinese Medicine","potentialAction":[{"@type":"SearchAction","target":{"@type":"EntryPoint","urlTemplate":"https:\/\/tiandeproducts.co.uk\/?s={search_term_string}"},"query-input":{"@type":"PropertyValueSpecification","valueRequired":true,"valueName":"search_term_string"}}],"inLanguage":"pl-PL"}]}},"_links":{"self":[{"href":"https:\/\/tiandeproducts.co.uk\/pl\/wp-json\/wp\/v2\/product\/4633","targetHints":{"allow":["GET"]}}],"collection":[{"href":"https:\/\/tiandeproducts.co.uk\/pl\/wp-json\/wp\/v2\/product"}],"about":[{"href":"https:\/\/tiandeproducts.co.uk\/pl\/wp-json\/wp\/v2\/types\/product"}],"replies":[{"embeddable":true,"href":"https:\/\/tiandeproducts.co.uk\/pl\/wp-json\/wp\/v2\/comments?post=4633"}],"wp:featuredmedia":[{"embeddable":true,"href":"https:\/\/tiandeproducts.co.uk\/pl\/wp-json\/wp\/v2\/media\/573"}],"wp:attachment":[{"href":"https:\/\/tiandeproducts.co.uk\/pl\/wp-json\/wp\/v2\/media?parent=4633"}],"wp:term":[{"taxonomy":"product_cat","embeddable":true,"href":"https:\/\/tiandeproducts.co.uk\/pl\/wp-json\/wp\/v2\/product_cat?post=4633"},{"taxonomy":"product_tag","embeddable":true,"href":"https:\/\/tiandeproducts.co.uk\/pl\/wp-json\/wp\/v2\/product_tag?post=4633"}],"curies":[{"name":"wp","href":"https:\/\/api.w.org\/{rel}","templated":true}]}}