{"id":4628,"date":"2016-04-07T17:53:31","date_gmt":"2016-04-07T16:53:31","guid":{"rendered":"https:\/\/tnd.ontesting.co.uk\/podpaski-na-dzien-z-fitomembrana-energia-ziol\/"},"modified":"2024-03-08T20:00:17","modified_gmt":"2024-03-08T20:00:17","slug":"podpaski-na-dzien-z-fitomembrana-energia-ziol","status":"publish","type":"product","link":"https:\/\/tiandeproducts.co.uk\/pl\/podpaski-na-dzien-z-fitomembrana-energia-ziol\/","title":{"rendered":"Podpaski na dzie\u0144 z fitomembran\u0105 \u201eEnergia zi\u00f3\u0142\u201d,8 szt."},"content":{"rendered":"<div class=\"description\">\n<p>Naturalna wierzchnia warstwa Airlaid szybko wch\u0142ania ciecz do wewn\u0105trz i ogranicza jej przesi\u0105kanie na wierzch, co pozwala utrzyma\u0107 such\u0105 i czyst\u0105 sk\u00f3r\u0119.<\/p>\n<p>Wewn\u0119trzna warstwa absorpcyjna zawiera superabsorpcyjn\u0105 substancj\u0119 w postaci granulek, kt\u00f3re niezawodnie zatrzymuj\u0105 ciecz.<\/p>\n<p>Unikalna fitomembrana zawiera opatentowany koncentrat ekstrakt\u00f3w zio\u0142owych.<\/p>\n<p>Skrzyde\u0142ka chroni\u0105 bielizn\u0119 na obrze\u017cach, zapewniaj\u0105 poczucie komfortu podczas ruchu.<\/p>\n<\/div>\n<div class=\"instruction\">\n<p><strong>ZASTOSOWANIE:<\/strong><\/p>\n<p>Zaleca si\u0119 stosowa\u0107 w ci\u0105gu dnia w trakcie menstruacji.<\/p>\n<\/div>\n","protected":false},"excerpt":{"rendered":"<p>Naturalna wierzchnia warstwa Airlaid szybko wch\u0142ania ciecz do wewn\u0105trz i ogranicza jej przesi\u0105kanie na wierzch, co pozwala utrzyma\u0107 such\u0105 i czyst\u0105 sk\u00f3r\u0119. Wewn\u0119trzna warstwa absorpcyjna zawiera superabsorpcyjn\u0105 substancj\u0119 w postaci granulek, kt\u00f3re niezawodnie zatrzymuj\u0105 ciecz. Unikalna fitomembrana zawiera opatentowany koncentrat ekstrakt\u00f3w zio\u0142owych. Skrzyde\u0142ka chroni\u0105 bielizn\u0119 na obrze\u017cach, zapewniaj\u0105 poczucie komfortu podczas ruchu. ZASTOSOWANIE: Zaleca si\u0119 [&#8230;]\n","protected":false},"featured_media":813,"comment_status":"closed","ping_status":"closed","template":"","meta":[],"product_cat":[813,784,804],"product_tag":[],"class_list":{"0":"post-4628","1":"product","2":"type-product","3":"status-publish","4":"has-post-thumbnail","6":"product_cat-czas-dni-podpaski","7":"product_cat-higiena-pl","8":"product_cat-higiena-intymna","10":"first","11":"instock","12":"shipping-taxable","13":"purchasable","14":"product-type-simple"},"yoast_head":"<!-- This site is optimized with the Yoast SEO plugin v23.6 - https:\/\/yoast.com\/wordpress\/plugins\/seo\/ -->\n<title>Podpaski na dzie\u0144 z fitomembran\u0105 \u201eEnergia zi\u00f3\u0142\u201d,8 szt. - TianDe Online Shop - Beauty &amp; Health<\/title>\n<meta name=\"robots\" content=\"index, follow, max-snippet:-1, max-image-preview:large, max-video-preview:-1\" \/>\n<link rel=\"canonical\" href=\"https:\/\/tiandeproducts.co.uk\/pl\/podpaski-na-dzien-z-fitomembrana-energia-ziol\/\" \/>\n<meta property=\"og:locale\" content=\"pl_PL\" \/>\n<meta property=\"og:type\" content=\"article\" \/>\n<meta property=\"og:title\" content=\"Podpaski na dzie\u0144 z fitomembran\u0105 \u201eEnergia zi\u00f3\u0142\u201d,8 szt. - TianDe Online Shop - Beauty &amp; Health\" \/>\n<meta property=\"og:description\" content=\"Naturalna wierzchnia warstwa Airlaid szybko wch\u0142ania ciecz do wewn\u0105trz i ogranicza jej przesi\u0105kanie na wierzch, co pozwala utrzyma\u0107 such\u0105 i czyst\u0105 sk\u00f3r\u0119. Wewn\u0119trzna warstwa absorpcyjna zawiera superabsorpcyjn\u0105 substancj\u0119 w postaci granulek, kt\u00f3re niezawodnie zatrzymuj\u0105 ciecz. Unikalna fitomembrana zawiera opatentowany koncentrat ekstrakt\u00f3w zio\u0142owych. Skrzyde\u0142ka chroni\u0105 bielizn\u0119 na obrze\u017cach, zapewniaj\u0105 poczucie komfortu podczas ruchu. ZASTOSOWANIE: Zaleca si\u0119 [...]\" \/>\n<meta property=\"og:url\" content=\"https:\/\/tiandeproducts.co.uk\/pl\/podpaski-na-dzien-z-fitomembrana-energia-ziol\/\" \/>\n<meta property=\"og:site_name\" content=\"TianDe Online Shop - Beauty &amp; Health\" \/>\n<meta property=\"article:publisher\" content=\"https:\/\/www.facebook.com\/tiande.products.england\/\" \/>\n<meta property=\"article:modified_time\" content=\"2024-03-08T20:00:17+00:00\" \/>\n<meta property=\"og:image\" content=\"https:\/\/tiandeproducts.co.uk\/wp-content\/uploads\/2016\/04\/61902.png\" \/>\n\t<meta property=\"og:image:width\" content=\"700\" \/>\n\t<meta property=\"og:image:height\" content=\"700\" \/>\n\t<meta property=\"og:image:type\" content=\"image\/png\" \/>\n<meta name=\"twitter:card\" content=\"summary_large_image\" \/>\n<script type=\"application\/ld+json\" class=\"yoast-schema-graph\">{\"@context\":\"https:\/\/schema.org\",\"@graph\":[{\"@type\":\"WebPage\",\"@id\":\"https:\/\/tiandeproducts.co.uk\/pl\/podpaski-na-dzien-z-fitomembrana-energia-ziol\/\",\"url\":\"https:\/\/tiandeproducts.co.uk\/pl\/podpaski-na-dzien-z-fitomembrana-energia-ziol\/\",\"name\":\"Podpaski na dzie\u0144 z fitomembran\u0105 \u201eEnergia zi\u00f3\u0142\u201d,8 szt. - TianDe Online Shop - Beauty &amp; Health\",\"isPartOf\":{\"@id\":\"https:\/\/tiandeproducts.co.uk\/#website\"},\"primaryImageOfPage\":{\"@id\":\"https:\/\/tiandeproducts.co.uk\/pl\/podpaski-na-dzien-z-fitomembrana-energia-ziol\/#primaryimage\"},\"image\":{\"@id\":\"https:\/\/tiandeproducts.co.uk\/pl\/podpaski-na-dzien-z-fitomembrana-energia-ziol\/#primaryimage\"},\"thumbnailUrl\":\"https:\/\/tiandeproducts.co.uk\/wp-content\/uploads\/2016\/04\/61902.png\",\"datePublished\":\"2016-04-07T16:53:31+00:00\",\"dateModified\":\"2024-03-08T20:00:17+00:00\",\"breadcrumb\":{\"@id\":\"https:\/\/tiandeproducts.co.uk\/pl\/podpaski-na-dzien-z-fitomembrana-energia-ziol\/#breadcrumb\"},\"inLanguage\":\"pl-PL\",\"potentialAction\":[{\"@type\":\"ReadAction\",\"target\":[\"https:\/\/tiandeproducts.co.uk\/pl\/podpaski-na-dzien-z-fitomembrana-energia-ziol\/\"]}]},{\"@type\":\"ImageObject\",\"inLanguage\":\"pl-PL\",\"@id\":\"https:\/\/tiandeproducts.co.uk\/pl\/podpaski-na-dzien-z-fitomembrana-energia-ziol\/#primaryimage\",\"url\":\"https:\/\/tiandeproducts.co.uk\/wp-content\/uploads\/2016\/04\/61902.png\",\"contentUrl\":\"https:\/\/tiandeproducts.co.uk\/wp-content\/uploads\/2016\/04\/61902.png\",\"width\":700,\"height\":700,\"caption\":\"Herbal Energies Day Phytomembrane Hygiene Pads,8pcs-0\"},{\"@type\":\"BreadcrumbList\",\"@id\":\"https:\/\/tiandeproducts.co.uk\/pl\/podpaski-na-dzien-z-fitomembrana-energia-ziol\/#breadcrumb\",\"itemListElement\":[{\"@type\":\"ListItem\",\"position\":1,\"name\":\"Home\",\"item\":\"https:\/\/tiandeproducts.co.uk\/pl\/\"},{\"@type\":\"ListItem\",\"position\":2,\"name\":\"Shop\",\"item\":\"https:\/\/tiandeproducts.co.uk\/pl\/shop-2\/\"},{\"@type\":\"ListItem\",\"position\":3,\"name\":\"Podpaski na dzie\u0144 z fitomembran\u0105 \u201eEnergia zi\u00f3\u0142\u201d,8 szt.\"}]},{\"@type\":\"WebSite\",\"@id\":\"https:\/\/tiandeproducts.co.uk\/#website\",\"url\":\"https:\/\/tiandeproducts.co.uk\/\",\"name\":\"TianDe Online Shop - Beauty & Health\",\"description\":\"Traditional Chinese Medicine\",\"potentialAction\":[{\"@type\":\"SearchAction\",\"target\":{\"@type\":\"EntryPoint\",\"urlTemplate\":\"https:\/\/tiandeproducts.co.uk\/?s={search_term_string}\"},\"query-input\":{\"@type\":\"PropertyValueSpecification\",\"valueRequired\":true,\"valueName\":\"search_term_string\"}}],\"inLanguage\":\"pl-PL\"}]}<\/script>\n<!-- \/ Yoast SEO plugin. -->","yoast_head_json":{"title":"Podpaski na dzie\u0144 z fitomembran\u0105 \u201eEnergia zi\u00f3\u0142\u201d,8 szt. - TianDe Online Shop - Beauty &amp; Health","robots":{"index":"index","follow":"follow","max-snippet":"max-snippet:-1","max-image-preview":"max-image-preview:large","max-video-preview":"max-video-preview:-1"},"canonical":"https:\/\/tiandeproducts.co.uk\/pl\/podpaski-na-dzien-z-fitomembrana-energia-ziol\/","og_locale":"pl_PL","og_type":"article","og_title":"Podpaski na dzie\u0144 z fitomembran\u0105 \u201eEnergia zi\u00f3\u0142\u201d,8 szt. - TianDe Online Shop - Beauty &amp; Health","og_description":"Naturalna wierzchnia warstwa Airlaid szybko wch\u0142ania ciecz do wewn\u0105trz i ogranicza jej przesi\u0105kanie na wierzch, co pozwala utrzyma\u0107 such\u0105 i czyst\u0105 sk\u00f3r\u0119. Wewn\u0119trzna warstwa absorpcyjna zawiera superabsorpcyjn\u0105 substancj\u0119 w postaci granulek, kt\u00f3re niezawodnie zatrzymuj\u0105 ciecz. Unikalna fitomembrana zawiera opatentowany koncentrat ekstrakt\u00f3w zio\u0142owych. Skrzyde\u0142ka chroni\u0105 bielizn\u0119 na obrze\u017cach, zapewniaj\u0105 poczucie komfortu podczas ruchu. ZASTOSOWANIE: Zaleca si\u0119 [...]","og_url":"https:\/\/tiandeproducts.co.uk\/pl\/podpaski-na-dzien-z-fitomembrana-energia-ziol\/","og_site_name":"TianDe Online Shop - Beauty &amp; Health","article_publisher":"https:\/\/www.facebook.com\/tiande.products.england\/","article_modified_time":"2024-03-08T20:00:17+00:00","og_image":[{"width":700,"height":700,"url":"https:\/\/tiandeproducts.co.uk\/wp-content\/uploads\/2016\/04\/61902.png","type":"image\/png"}],"twitter_card":"summary_large_image","schema":{"@context":"https:\/\/schema.org","@graph":[{"@type":"WebPage","@id":"https:\/\/tiandeproducts.co.uk\/pl\/podpaski-na-dzien-z-fitomembrana-energia-ziol\/","url":"https:\/\/tiandeproducts.co.uk\/pl\/podpaski-na-dzien-z-fitomembrana-energia-ziol\/","name":"Podpaski na dzie\u0144 z fitomembran\u0105 \u201eEnergia zi\u00f3\u0142\u201d,8 szt. - TianDe Online Shop - Beauty &amp; Health","isPartOf":{"@id":"https:\/\/tiandeproducts.co.uk\/#website"},"primaryImageOfPage":{"@id":"https:\/\/tiandeproducts.co.uk\/pl\/podpaski-na-dzien-z-fitomembrana-energia-ziol\/#primaryimage"},"image":{"@id":"https:\/\/tiandeproducts.co.uk\/pl\/podpaski-na-dzien-z-fitomembrana-energia-ziol\/#primaryimage"},"thumbnailUrl":"https:\/\/tiandeproducts.co.uk\/wp-content\/uploads\/2016\/04\/61902.png","datePublished":"2016-04-07T16:53:31+00:00","dateModified":"2024-03-08T20:00:17+00:00","breadcrumb":{"@id":"https:\/\/tiandeproducts.co.uk\/pl\/podpaski-na-dzien-z-fitomembrana-energia-ziol\/#breadcrumb"},"inLanguage":"pl-PL","potentialAction":[{"@type":"ReadAction","target":["https:\/\/tiandeproducts.co.uk\/pl\/podpaski-na-dzien-z-fitomembrana-energia-ziol\/"]}]},{"@type":"ImageObject","inLanguage":"pl-PL","@id":"https:\/\/tiandeproducts.co.uk\/pl\/podpaski-na-dzien-z-fitomembrana-energia-ziol\/#primaryimage","url":"https:\/\/tiandeproducts.co.uk\/wp-content\/uploads\/2016\/04\/61902.png","contentUrl":"https:\/\/tiandeproducts.co.uk\/wp-content\/uploads\/2016\/04\/61902.png","width":700,"height":700,"caption":"Herbal Energies Day Phytomembrane Hygiene Pads,8pcs-0"},{"@type":"BreadcrumbList","@id":"https:\/\/tiandeproducts.co.uk\/pl\/podpaski-na-dzien-z-fitomembrana-energia-ziol\/#breadcrumb","itemListElement":[{"@type":"ListItem","position":1,"name":"Home","item":"https:\/\/tiandeproducts.co.uk\/pl\/"},{"@type":"ListItem","position":2,"name":"Shop","item":"https:\/\/tiandeproducts.co.uk\/pl\/shop-2\/"},{"@type":"ListItem","position":3,"name":"Podpaski na dzie\u0144 z fitomembran\u0105 \u201eEnergia zi\u00f3\u0142\u201d,8 szt."}]},{"@type":"WebSite","@id":"https:\/\/tiandeproducts.co.uk\/#website","url":"https:\/\/tiandeproducts.co.uk\/","name":"TianDe Online Shop - Beauty & Health","description":"Traditional Chinese Medicine","potentialAction":[{"@type":"SearchAction","target":{"@type":"EntryPoint","urlTemplate":"https:\/\/tiandeproducts.co.uk\/?s={search_term_string}"},"query-input":{"@type":"PropertyValueSpecification","valueRequired":true,"valueName":"search_term_string"}}],"inLanguage":"pl-PL"}]}},"_links":{"self":[{"href":"https:\/\/tiandeproducts.co.uk\/pl\/wp-json\/wp\/v2\/product\/4628","targetHints":{"allow":["GET"]}}],"collection":[{"href":"https:\/\/tiandeproducts.co.uk\/pl\/wp-json\/wp\/v2\/product"}],"about":[{"href":"https:\/\/tiandeproducts.co.uk\/pl\/wp-json\/wp\/v2\/types\/product"}],"replies":[{"embeddable":true,"href":"https:\/\/tiandeproducts.co.uk\/pl\/wp-json\/wp\/v2\/comments?post=4628"}],"wp:featuredmedia":[{"embeddable":true,"href":"https:\/\/tiandeproducts.co.uk\/pl\/wp-json\/wp\/v2\/media\/813"}],"wp:attachment":[{"href":"https:\/\/tiandeproducts.co.uk\/pl\/wp-json\/wp\/v2\/media?parent=4628"}],"wp:term":[{"taxonomy":"product_cat","embeddable":true,"href":"https:\/\/tiandeproducts.co.uk\/pl\/wp-json\/wp\/v2\/product_cat?post=4628"},{"taxonomy":"product_tag","embeddable":true,"href":"https:\/\/tiandeproducts.co.uk\/pl\/wp-json\/wp\/v2\/product_tag?post=4628"}],"curies":[{"name":"wp","href":"https:\/\/api.w.org\/{rel}","templated":true}]}}