{"id":4620,"date":"2016-04-07T17:41:43","date_gmt":"2016-04-07T16:41:43","guid":{"rendered":"https:\/\/tnd.ontesting.co.uk\/wkladki-higieniczne-na-co-dzien-z-aloesem-nefrytowa-swiezosc\/"},"modified":"2025-07-30T23:39:47","modified_gmt":"2025-07-30T22:39:47","slug":"wkladki-higieniczne-na-co-dzien-z-aloesem-nefrytowa-swiezosc","status":"publish","type":"product","link":"https:\/\/tiandeproducts.co.uk\/pl\/wkladki-higieniczne-na-co-dzien-z-aloesem-nefrytowa-swiezosc\/","title":{"rendered":"Wk\u0142adki higieniczne na co dzie\u0144 z aloesem \u201eNefrytowa \u015bwie\u017co\u015b\u0107\u201c,20 szt."},"content":{"rendered":"<div class=\"description\">\n<p>Zawieraj\u0105 naturalne wyci\u0105gi ro\u015blinne. Eliminuj\u0105 nieprzyjemny zapach. Zapewniaj\u0105 poczucie \u015bwie\u017co\u015bci i komfortu.<\/p>\n<\/div>\n<div class=\"instruction\">\n<p><strong>ZASTOSOWANIE:<\/strong><\/p>\n<p>Produkt zalecany do codziennego stosowania.<\/p>\n<\/div>\n","protected":false},"excerpt":{"rendered":"<p>Zawieraj\u0105 naturalne wyci\u0105gi ro\u015blinne. Eliminuj\u0105 nieprzyjemny zapach. Zapewniaj\u0105 poczucie \u015bwie\u017co\u015bci i komfortu. ZASTOSOWANIE: Produkt zalecany do codziennego stosowania.<\/p>\n","protected":false},"featured_media":788,"comment_status":"closed","ping_status":"closed","template":"","meta":[],"product_cat":[808,784,804],"product_tag":[],"class_list":{"0":"post-4620","1":"product","2":"type-product","3":"status-publish","4":"has-post-thumbnail","6":"product_cat-dzienne-podpaski","7":"product_cat-higiena-pl","8":"product_cat-higiena-intymna","10":"first","11":"instock","12":"shipping-taxable","13":"purchasable","14":"product-type-simple"},"yoast_head":"<!-- This site is optimized with the Yoast SEO plugin v23.6 - https:\/\/yoast.com\/wordpress\/plugins\/seo\/ -->\n<title>Wk\u0142adki higieniczne na co dzie\u0144 z aloesem \u201eNefrytowa \u015bwie\u017co\u015b\u0107\u201c,20 szt. - TianDe Online Shop - Beauty &amp; Health<\/title>\n<meta name=\"robots\" content=\"index, follow, max-snippet:-1, max-image-preview:large, max-video-preview:-1\" \/>\n<link rel=\"canonical\" href=\"https:\/\/tiandeproducts.co.uk\/pl\/wkladki-higieniczne-na-co-dzien-z-aloesem-nefrytowa-swiezosc\/\" \/>\n<meta property=\"og:locale\" content=\"pl_PL\" \/>\n<meta property=\"og:type\" content=\"article\" \/>\n<meta property=\"og:title\" content=\"Wk\u0142adki higieniczne na co dzie\u0144 z aloesem \u201eNefrytowa \u015bwie\u017co\u015b\u0107\u201c,20 szt. - TianDe Online Shop - Beauty &amp; Health\" \/>\n<meta property=\"og:description\" content=\"Zawieraj\u0105 naturalne wyci\u0105gi ro\u015blinne. Eliminuj\u0105 nieprzyjemny zapach. Zapewniaj\u0105 poczucie \u015bwie\u017co\u015bci i komfortu. ZASTOSOWANIE: Produkt zalecany do codziennego stosowania.\" \/>\n<meta property=\"og:url\" content=\"https:\/\/tiandeproducts.co.uk\/pl\/wkladki-higieniczne-na-co-dzien-z-aloesem-nefrytowa-swiezosc\/\" \/>\n<meta property=\"og:site_name\" content=\"TianDe Online Shop - Beauty &amp; Health\" \/>\n<meta property=\"article:publisher\" content=\"https:\/\/www.facebook.com\/tiande.products.england\/\" \/>\n<meta property=\"article:modified_time\" content=\"2025-07-30T22:39:47+00:00\" \/>\n<meta property=\"og:image\" content=\"https:\/\/tiandeproducts.co.uk\/wp-content\/uploads\/2016\/04\/61911.png\" \/>\n\t<meta property=\"og:image:width\" content=\"700\" \/>\n\t<meta property=\"og:image:height\" content=\"700\" \/>\n\t<meta property=\"og:image:type\" content=\"image\/png\" \/>\n<meta name=\"twitter:card\" content=\"summary_large_image\" \/>\n<script type=\"application\/ld+json\" class=\"yoast-schema-graph\">{\"@context\":\"https:\/\/schema.org\",\"@graph\":[{\"@type\":\"WebPage\",\"@id\":\"https:\/\/tiandeproducts.co.uk\/pl\/wkladki-higieniczne-na-co-dzien-z-aloesem-nefrytowa-swiezosc\/\",\"url\":\"https:\/\/tiandeproducts.co.uk\/pl\/wkladki-higieniczne-na-co-dzien-z-aloesem-nefrytowa-swiezosc\/\",\"name\":\"Wk\u0142adki higieniczne na co dzie\u0144 z aloesem \u201eNefrytowa \u015bwie\u017co\u015b\u0107\u201c,20 szt. - TianDe Online Shop - Beauty &amp; Health\",\"isPartOf\":{\"@id\":\"https:\/\/tiandeproducts.co.uk\/#website\"},\"primaryImageOfPage\":{\"@id\":\"https:\/\/tiandeproducts.co.uk\/pl\/wkladki-higieniczne-na-co-dzien-z-aloesem-nefrytowa-swiezosc\/#primaryimage\"},\"image\":{\"@id\":\"https:\/\/tiandeproducts.co.uk\/pl\/wkladki-higieniczne-na-co-dzien-z-aloesem-nefrytowa-swiezosc\/#primaryimage\"},\"thumbnailUrl\":\"https:\/\/tiandeproducts.co.uk\/wp-content\/uploads\/2016\/04\/61911.png\",\"datePublished\":\"2016-04-07T16:41:43+00:00\",\"dateModified\":\"2025-07-30T22:39:47+00:00\",\"breadcrumb\":{\"@id\":\"https:\/\/tiandeproducts.co.uk\/pl\/wkladki-higieniczne-na-co-dzien-z-aloesem-nefrytowa-swiezosc\/#breadcrumb\"},\"inLanguage\":\"pl-PL\",\"potentialAction\":[{\"@type\":\"ReadAction\",\"target\":[\"https:\/\/tiandeproducts.co.uk\/pl\/wkladki-higieniczne-na-co-dzien-z-aloesem-nefrytowa-swiezosc\/\"]}]},{\"@type\":\"ImageObject\",\"inLanguage\":\"pl-PL\",\"@id\":\"https:\/\/tiandeproducts.co.uk\/pl\/wkladki-higieniczne-na-co-dzien-z-aloesem-nefrytowa-swiezosc\/#primaryimage\",\"url\":\"https:\/\/tiandeproducts.co.uk\/wp-content\/uploads\/2016\/04\/61911.png\",\"contentUrl\":\"https:\/\/tiandeproducts.co.uk\/wp-content\/uploads\/2016\/04\/61911.png\",\"width\":700,\"height\":700,\"caption\":\"Nephritic Freshness Panty Liners with Aloe Extract,20pcs-0\"},{\"@type\":\"BreadcrumbList\",\"@id\":\"https:\/\/tiandeproducts.co.uk\/pl\/wkladki-higieniczne-na-co-dzien-z-aloesem-nefrytowa-swiezosc\/#breadcrumb\",\"itemListElement\":[{\"@type\":\"ListItem\",\"position\":1,\"name\":\"Home\",\"item\":\"https:\/\/tiandeproducts.co.uk\/pl\/\"},{\"@type\":\"ListItem\",\"position\":2,\"name\":\"Shop\",\"item\":\"https:\/\/tiandeproducts.co.uk\/pl\/shop-2\/\"},{\"@type\":\"ListItem\",\"position\":3,\"name\":\"Wk\u0142adki higieniczne na co dzie\u0144 z aloesem \u201eNefrytowa \u015bwie\u017co\u015b\u0107\u201c,20 szt.\"}]},{\"@type\":\"WebSite\",\"@id\":\"https:\/\/tiandeproducts.co.uk\/#website\",\"url\":\"https:\/\/tiandeproducts.co.uk\/\",\"name\":\"TianDe Online Shop - Beauty & Health\",\"description\":\"Traditional Chinese Medicine\",\"potentialAction\":[{\"@type\":\"SearchAction\",\"target\":{\"@type\":\"EntryPoint\",\"urlTemplate\":\"https:\/\/tiandeproducts.co.uk\/?s={search_term_string}\"},\"query-input\":{\"@type\":\"PropertyValueSpecification\",\"valueRequired\":true,\"valueName\":\"search_term_string\"}}],\"inLanguage\":\"pl-PL\"}]}<\/script>\n<!-- \/ Yoast SEO plugin. -->","yoast_head_json":{"title":"Wk\u0142adki higieniczne na co dzie\u0144 z aloesem \u201eNefrytowa \u015bwie\u017co\u015b\u0107\u201c,20 szt. - TianDe Online Shop - Beauty &amp; Health","robots":{"index":"index","follow":"follow","max-snippet":"max-snippet:-1","max-image-preview":"max-image-preview:large","max-video-preview":"max-video-preview:-1"},"canonical":"https:\/\/tiandeproducts.co.uk\/pl\/wkladki-higieniczne-na-co-dzien-z-aloesem-nefrytowa-swiezosc\/","og_locale":"pl_PL","og_type":"article","og_title":"Wk\u0142adki higieniczne na co dzie\u0144 z aloesem \u201eNefrytowa \u015bwie\u017co\u015b\u0107\u201c,20 szt. - TianDe Online Shop - Beauty &amp; Health","og_description":"Zawieraj\u0105 naturalne wyci\u0105gi ro\u015blinne. Eliminuj\u0105 nieprzyjemny zapach. Zapewniaj\u0105 poczucie \u015bwie\u017co\u015bci i komfortu. ZASTOSOWANIE: Produkt zalecany do codziennego stosowania.","og_url":"https:\/\/tiandeproducts.co.uk\/pl\/wkladki-higieniczne-na-co-dzien-z-aloesem-nefrytowa-swiezosc\/","og_site_name":"TianDe Online Shop - Beauty &amp; Health","article_publisher":"https:\/\/www.facebook.com\/tiande.products.england\/","article_modified_time":"2025-07-30T22:39:47+00:00","og_image":[{"width":700,"height":700,"url":"https:\/\/tiandeproducts.co.uk\/wp-content\/uploads\/2016\/04\/61911.png","type":"image\/png"}],"twitter_card":"summary_large_image","schema":{"@context":"https:\/\/schema.org","@graph":[{"@type":"WebPage","@id":"https:\/\/tiandeproducts.co.uk\/pl\/wkladki-higieniczne-na-co-dzien-z-aloesem-nefrytowa-swiezosc\/","url":"https:\/\/tiandeproducts.co.uk\/pl\/wkladki-higieniczne-na-co-dzien-z-aloesem-nefrytowa-swiezosc\/","name":"Wk\u0142adki higieniczne na co dzie\u0144 z aloesem \u201eNefrytowa \u015bwie\u017co\u015b\u0107\u201c,20 szt. - TianDe Online Shop - Beauty &amp; Health","isPartOf":{"@id":"https:\/\/tiandeproducts.co.uk\/#website"},"primaryImageOfPage":{"@id":"https:\/\/tiandeproducts.co.uk\/pl\/wkladki-higieniczne-na-co-dzien-z-aloesem-nefrytowa-swiezosc\/#primaryimage"},"image":{"@id":"https:\/\/tiandeproducts.co.uk\/pl\/wkladki-higieniczne-na-co-dzien-z-aloesem-nefrytowa-swiezosc\/#primaryimage"},"thumbnailUrl":"https:\/\/tiandeproducts.co.uk\/wp-content\/uploads\/2016\/04\/61911.png","datePublished":"2016-04-07T16:41:43+00:00","dateModified":"2025-07-30T22:39:47+00:00","breadcrumb":{"@id":"https:\/\/tiandeproducts.co.uk\/pl\/wkladki-higieniczne-na-co-dzien-z-aloesem-nefrytowa-swiezosc\/#breadcrumb"},"inLanguage":"pl-PL","potentialAction":[{"@type":"ReadAction","target":["https:\/\/tiandeproducts.co.uk\/pl\/wkladki-higieniczne-na-co-dzien-z-aloesem-nefrytowa-swiezosc\/"]}]},{"@type":"ImageObject","inLanguage":"pl-PL","@id":"https:\/\/tiandeproducts.co.uk\/pl\/wkladki-higieniczne-na-co-dzien-z-aloesem-nefrytowa-swiezosc\/#primaryimage","url":"https:\/\/tiandeproducts.co.uk\/wp-content\/uploads\/2016\/04\/61911.png","contentUrl":"https:\/\/tiandeproducts.co.uk\/wp-content\/uploads\/2016\/04\/61911.png","width":700,"height":700,"caption":"Nephritic Freshness Panty Liners with Aloe Extract,20pcs-0"},{"@type":"BreadcrumbList","@id":"https:\/\/tiandeproducts.co.uk\/pl\/wkladki-higieniczne-na-co-dzien-z-aloesem-nefrytowa-swiezosc\/#breadcrumb","itemListElement":[{"@type":"ListItem","position":1,"name":"Home","item":"https:\/\/tiandeproducts.co.uk\/pl\/"},{"@type":"ListItem","position":2,"name":"Shop","item":"https:\/\/tiandeproducts.co.uk\/pl\/shop-2\/"},{"@type":"ListItem","position":3,"name":"Wk\u0142adki higieniczne na co dzie\u0144 z aloesem \u201eNefrytowa \u015bwie\u017co\u015b\u0107\u201c,20 szt."}]},{"@type":"WebSite","@id":"https:\/\/tiandeproducts.co.uk\/#website","url":"https:\/\/tiandeproducts.co.uk\/","name":"TianDe Online Shop - Beauty & Health","description":"Traditional Chinese Medicine","potentialAction":[{"@type":"SearchAction","target":{"@type":"EntryPoint","urlTemplate":"https:\/\/tiandeproducts.co.uk\/?s={search_term_string}"},"query-input":{"@type":"PropertyValueSpecification","valueRequired":true,"valueName":"search_term_string"}}],"inLanguage":"pl-PL"}]}},"_links":{"self":[{"href":"https:\/\/tiandeproducts.co.uk\/pl\/wp-json\/wp\/v2\/product\/4620","targetHints":{"allow":["GET"]}}],"collection":[{"href":"https:\/\/tiandeproducts.co.uk\/pl\/wp-json\/wp\/v2\/product"}],"about":[{"href":"https:\/\/tiandeproducts.co.uk\/pl\/wp-json\/wp\/v2\/types\/product"}],"replies":[{"embeddable":true,"href":"https:\/\/tiandeproducts.co.uk\/pl\/wp-json\/wp\/v2\/comments?post=4620"}],"wp:featuredmedia":[{"embeddable":true,"href":"https:\/\/tiandeproducts.co.uk\/pl\/wp-json\/wp\/v2\/media\/788"}],"wp:attachment":[{"href":"https:\/\/tiandeproducts.co.uk\/pl\/wp-json\/wp\/v2\/media?parent=4620"}],"wp:term":[{"taxonomy":"product_cat","embeddable":true,"href":"https:\/\/tiandeproducts.co.uk\/pl\/wp-json\/wp\/v2\/product_cat?post=4620"},{"taxonomy":"product_tag","embeddable":true,"href":"https:\/\/tiandeproducts.co.uk\/pl\/wp-json\/wp\/v2\/product_tag?post=4620"}],"curies":[{"name":"wp","href":"https:\/\/api.w.org\/{rel}","templated":true}]}}