{"id":4593,"date":"2016-04-21T12:49:26","date_gmt":"2016-04-21T11:49:26","guid":{"rendered":"https:\/\/tnd.ontesting.co.uk\/odmladzajacy-krem-booster-do-rak-ze-sluzem-slimakow60g\/"},"modified":"2019-09-26T11:57:41","modified_gmt":"2019-09-26T10:57:41","slug":"odmladzajacy-krem-booster-do-rak-ze-sluzem-slimakow60g","status":"publish","type":"product","link":"https:\/\/tiandeproducts.co.uk\/pl\/odmladzajacy-krem-booster-do-rak-ze-sluzem-slimakow60g\/","title":{"rendered":"Odm\u0142adzaj\u0105cy krem-booster do r\u0105k ze \u015bluzem \u015blimak\u00f3w,60g"},"content":{"rendered":"<div class=\"description\">\n<p>Krem do r\u0105k wzbogacony mucyn\u0105 \u015blimaka i aminokwasami kukurydzy. Nawil\u017ca i zmi\u0119kcza sk\u00f3r\u0119 d\u0142oni, przyspiesza gojenie si\u0119 mikrop\u0119kni\u0119\u0107, sprawia, \u017ce sk\u00f3ra jest mi\u0119kka i jedwabista. Stymuluje odnow\u0119 kom\u00f3rkow\u0105 oraz produkcj\u0119 kolagenu i elastyny, polepsza struktur\u0119 i elastyczno\u015b\u0107 sk\u00f3ry.<\/p>\n<p>Szybko si\u0119 wch\u0142ania zar\u00f3wno na zewn\u0119trznej, jak i wewn\u0119trznej stronie d\u0142oni bez dodatkowych czynno\u015bci (masa\u017cu, wklepywania, wcierania). Tworzy niewidoczny film ochronny. Nie pozostawia t\u0142ustych \u015blad\u00f3w na torebkach, odzie\u017cy, dokumentach.<\/p>\n<p>O subtelnym zapachu. Odpowiedni dla kobiet i dla m\u0119\u017cczyzn.<\/p>\n<\/div>\n<div class=\"instruction\">\n<p><strong>ZASTOSOWANIE:<\/strong><\/p>\n<p>Na\u0142o\u017cy\u0107 krem na oczyszczon\u0105 sk\u00f3r\u0119 d\u0142oni.<\/p>\n<\/div>\n","protected":false},"excerpt":{"rendered":"<p>Krem do r\u0105k wzbogacony mucyn\u0105 \u015blimaka i aminokwasami kukurydzy. Nawil\u017ca i zmi\u0119kcza sk\u00f3r\u0119 d\u0142oni, przyspiesza gojenie si\u0119 mikrop\u0119kni\u0119\u0107, sprawia, \u017ce sk\u00f3ra jest mi\u0119kka i jedwabista. Stymuluje odnow\u0119 kom\u00f3rkow\u0105 oraz produkcj\u0119 kolagenu i elastyny, polepsza struktur\u0119 i elastyczno\u015b\u0107 sk\u00f3ry. Szybko si\u0119 wch\u0142ania zar\u00f3wno na zewn\u0119trznej, jak i wewn\u0119trznej stronie d\u0142oni bez dodatkowych czynno\u015bci (masa\u017cu, wklepywania, wcierania). [&#8230;]\n","protected":false},"featured_media":1180,"comment_status":"closed","ping_status":"closed","template":"","meta":[],"product_cat":[498,740],"product_tag":[],"class_list":{"0":"post-4593","1":"product","2":"type-product","3":"status-publish","4":"has-post-thumbnail","6":"product_cat-pielegnacja-ciala","7":"product_cat-pielegnacja-dloni","9":"first","10":"instock","11":"shipping-taxable","12":"purchasable","13":"product-type-simple"},"yoast_head":"<!-- This site is optimized with the Yoast SEO plugin v23.6 - https:\/\/yoast.com\/wordpress\/plugins\/seo\/ -->\n<title>Odm\u0142adzaj\u0105cy krem-booster do r\u0105k ze \u015bluzem \u015blimak\u00f3w,60g - TianDe Online Shop - Beauty &amp; Health<\/title>\n<meta name=\"robots\" content=\"index, follow, max-snippet:-1, max-image-preview:large, max-video-preview:-1\" \/>\n<link rel=\"canonical\" href=\"https:\/\/tiandeproducts.co.uk\/pl\/odmladzajacy-krem-booster-do-rak-ze-sluzem-slimakow60g\/\" \/>\n<meta property=\"og:locale\" content=\"pl_PL\" \/>\n<meta property=\"og:type\" content=\"article\" \/>\n<meta property=\"og:title\" content=\"Odm\u0142adzaj\u0105cy krem-booster do r\u0105k ze \u015bluzem \u015blimak\u00f3w,60g - TianDe Online Shop - Beauty &amp; Health\" \/>\n<meta property=\"og:description\" content=\"Krem do r\u0105k wzbogacony mucyn\u0105 \u015blimaka i aminokwasami kukurydzy. Nawil\u017ca i zmi\u0119kcza sk\u00f3r\u0119 d\u0142oni, przyspiesza gojenie si\u0119 mikrop\u0119kni\u0119\u0107, sprawia, \u017ce sk\u00f3ra jest mi\u0119kka i jedwabista. Stymuluje odnow\u0119 kom\u00f3rkow\u0105 oraz produkcj\u0119 kolagenu i elastyny, polepsza struktur\u0119 i elastyczno\u015b\u0107 sk\u00f3ry. Szybko si\u0119 wch\u0142ania zar\u00f3wno na zewn\u0119trznej, jak i wewn\u0119trznej stronie d\u0142oni bez dodatkowych czynno\u015bci (masa\u017cu, wklepywania, wcierania). [...]\" \/>\n<meta property=\"og:url\" content=\"https:\/\/tiandeproducts.co.uk\/pl\/odmladzajacy-krem-booster-do-rak-ze-sluzem-slimakow60g\/\" \/>\n<meta property=\"og:site_name\" content=\"TianDe Online Shop - Beauty &amp; Health\" \/>\n<meta property=\"article:publisher\" content=\"https:\/\/www.facebook.com\/tiande.products.england\/\" \/>\n<meta property=\"article:modified_time\" content=\"2019-09-26T10:57:41+00:00\" \/>\n<meta property=\"og:image\" content=\"https:\/\/tiandeproducts.co.uk\/wp-content\/uploads\/2016\/04\/44605_sl.png\" \/>\n\t<meta property=\"og:image:width\" content=\"700\" \/>\n\t<meta property=\"og:image:height\" content=\"700\" \/>\n\t<meta property=\"og:image:type\" content=\"image\/png\" \/>\n<meta name=\"twitter:card\" content=\"summary_large_image\" \/>\n<meta name=\"twitter:label1\" content=\"Szacowany czas czytania\" \/>\n\t<meta name=\"twitter:data1\" content=\"1 minuta\" \/>\n<script type=\"application\/ld+json\" class=\"yoast-schema-graph\">{\"@context\":\"https:\/\/schema.org\",\"@graph\":[{\"@type\":\"WebPage\",\"@id\":\"https:\/\/tiandeproducts.co.uk\/pl\/odmladzajacy-krem-booster-do-rak-ze-sluzem-slimakow60g\/\",\"url\":\"https:\/\/tiandeproducts.co.uk\/pl\/odmladzajacy-krem-booster-do-rak-ze-sluzem-slimakow60g\/\",\"name\":\"Odm\u0142adzaj\u0105cy krem-booster do r\u0105k ze \u015bluzem \u015blimak\u00f3w,60g - TianDe Online Shop - Beauty &amp; Health\",\"isPartOf\":{\"@id\":\"https:\/\/tiandeproducts.co.uk\/#website\"},\"primaryImageOfPage\":{\"@id\":\"https:\/\/tiandeproducts.co.uk\/pl\/odmladzajacy-krem-booster-do-rak-ze-sluzem-slimakow60g\/#primaryimage\"},\"image\":{\"@id\":\"https:\/\/tiandeproducts.co.uk\/pl\/odmladzajacy-krem-booster-do-rak-ze-sluzem-slimakow60g\/#primaryimage\"},\"thumbnailUrl\":\"https:\/\/tiandeproducts.co.uk\/wp-content\/uploads\/2016\/04\/44605_sl.png\",\"datePublished\":\"2016-04-21T11:49:26+00:00\",\"dateModified\":\"2019-09-26T10:57:41+00:00\",\"breadcrumb\":{\"@id\":\"https:\/\/tiandeproducts.co.uk\/pl\/odmladzajacy-krem-booster-do-rak-ze-sluzem-slimakow60g\/#breadcrumb\"},\"inLanguage\":\"pl-PL\",\"potentialAction\":[{\"@type\":\"ReadAction\",\"target\":[\"https:\/\/tiandeproducts.co.uk\/pl\/odmladzajacy-krem-booster-do-rak-ze-sluzem-slimakow60g\/\"]}]},{\"@type\":\"ImageObject\",\"inLanguage\":\"pl-PL\",\"@id\":\"https:\/\/tiandeproducts.co.uk\/pl\/odmladzajacy-krem-booster-do-rak-ze-sluzem-slimakow60g\/#primaryimage\",\"url\":\"https:\/\/tiandeproducts.co.uk\/wp-content\/uploads\/2016\/04\/44605_sl.png\",\"contentUrl\":\"https:\/\/tiandeproducts.co.uk\/wp-content\/uploads\/2016\/04\/44605_sl.png\",\"width\":700,\"height\":700,\"caption\":\"Snail Mucin Moisturizing, Rejuvenating Booster- Hand Cream,60g-0\"},{\"@type\":\"BreadcrumbList\",\"@id\":\"https:\/\/tiandeproducts.co.uk\/pl\/odmladzajacy-krem-booster-do-rak-ze-sluzem-slimakow60g\/#breadcrumb\",\"itemListElement\":[{\"@type\":\"ListItem\",\"position\":1,\"name\":\"Home\",\"item\":\"https:\/\/tiandeproducts.co.uk\/pl\/\"},{\"@type\":\"ListItem\",\"position\":2,\"name\":\"Shop\",\"item\":\"https:\/\/tiandeproducts.co.uk\/pl\/shop-2\/\"},{\"@type\":\"ListItem\",\"position\":3,\"name\":\"Odm\u0142adzaj\u0105cy krem-booster do r\u0105k ze \u015bluzem \u015blimak\u00f3w,60g\"}]},{\"@type\":\"WebSite\",\"@id\":\"https:\/\/tiandeproducts.co.uk\/#website\",\"url\":\"https:\/\/tiandeproducts.co.uk\/\",\"name\":\"TianDe Online Shop - Beauty & Health\",\"description\":\"Traditional Chinese Medicine\",\"potentialAction\":[{\"@type\":\"SearchAction\",\"target\":{\"@type\":\"EntryPoint\",\"urlTemplate\":\"https:\/\/tiandeproducts.co.uk\/?s={search_term_string}\"},\"query-input\":{\"@type\":\"PropertyValueSpecification\",\"valueRequired\":true,\"valueName\":\"search_term_string\"}}],\"inLanguage\":\"pl-PL\"}]}<\/script>\n<!-- \/ Yoast SEO plugin. -->","yoast_head_json":{"title":"Odm\u0142adzaj\u0105cy krem-booster do r\u0105k ze \u015bluzem \u015blimak\u00f3w,60g - TianDe Online Shop - Beauty &amp; Health","robots":{"index":"index","follow":"follow","max-snippet":"max-snippet:-1","max-image-preview":"max-image-preview:large","max-video-preview":"max-video-preview:-1"},"canonical":"https:\/\/tiandeproducts.co.uk\/pl\/odmladzajacy-krem-booster-do-rak-ze-sluzem-slimakow60g\/","og_locale":"pl_PL","og_type":"article","og_title":"Odm\u0142adzaj\u0105cy krem-booster do r\u0105k ze \u015bluzem \u015blimak\u00f3w,60g - TianDe Online Shop - Beauty &amp; Health","og_description":"Krem do r\u0105k wzbogacony mucyn\u0105 \u015blimaka i aminokwasami kukurydzy. Nawil\u017ca i zmi\u0119kcza sk\u00f3r\u0119 d\u0142oni, przyspiesza gojenie si\u0119 mikrop\u0119kni\u0119\u0107, sprawia, \u017ce sk\u00f3ra jest mi\u0119kka i jedwabista. Stymuluje odnow\u0119 kom\u00f3rkow\u0105 oraz produkcj\u0119 kolagenu i elastyny, polepsza struktur\u0119 i elastyczno\u015b\u0107 sk\u00f3ry. Szybko si\u0119 wch\u0142ania zar\u00f3wno na zewn\u0119trznej, jak i wewn\u0119trznej stronie d\u0142oni bez dodatkowych czynno\u015bci (masa\u017cu, wklepywania, wcierania). [...]","og_url":"https:\/\/tiandeproducts.co.uk\/pl\/odmladzajacy-krem-booster-do-rak-ze-sluzem-slimakow60g\/","og_site_name":"TianDe Online Shop - Beauty &amp; Health","article_publisher":"https:\/\/www.facebook.com\/tiande.products.england\/","article_modified_time":"2019-09-26T10:57:41+00:00","og_image":[{"width":700,"height":700,"url":"https:\/\/tiandeproducts.co.uk\/wp-content\/uploads\/2016\/04\/44605_sl.png","type":"image\/png"}],"twitter_card":"summary_large_image","twitter_misc":{"Szacowany czas czytania":"1 minuta"},"schema":{"@context":"https:\/\/schema.org","@graph":[{"@type":"WebPage","@id":"https:\/\/tiandeproducts.co.uk\/pl\/odmladzajacy-krem-booster-do-rak-ze-sluzem-slimakow60g\/","url":"https:\/\/tiandeproducts.co.uk\/pl\/odmladzajacy-krem-booster-do-rak-ze-sluzem-slimakow60g\/","name":"Odm\u0142adzaj\u0105cy krem-booster do r\u0105k ze \u015bluzem \u015blimak\u00f3w,60g - TianDe Online Shop - Beauty &amp; Health","isPartOf":{"@id":"https:\/\/tiandeproducts.co.uk\/#website"},"primaryImageOfPage":{"@id":"https:\/\/tiandeproducts.co.uk\/pl\/odmladzajacy-krem-booster-do-rak-ze-sluzem-slimakow60g\/#primaryimage"},"image":{"@id":"https:\/\/tiandeproducts.co.uk\/pl\/odmladzajacy-krem-booster-do-rak-ze-sluzem-slimakow60g\/#primaryimage"},"thumbnailUrl":"https:\/\/tiandeproducts.co.uk\/wp-content\/uploads\/2016\/04\/44605_sl.png","datePublished":"2016-04-21T11:49:26+00:00","dateModified":"2019-09-26T10:57:41+00:00","breadcrumb":{"@id":"https:\/\/tiandeproducts.co.uk\/pl\/odmladzajacy-krem-booster-do-rak-ze-sluzem-slimakow60g\/#breadcrumb"},"inLanguage":"pl-PL","potentialAction":[{"@type":"ReadAction","target":["https:\/\/tiandeproducts.co.uk\/pl\/odmladzajacy-krem-booster-do-rak-ze-sluzem-slimakow60g\/"]}]},{"@type":"ImageObject","inLanguage":"pl-PL","@id":"https:\/\/tiandeproducts.co.uk\/pl\/odmladzajacy-krem-booster-do-rak-ze-sluzem-slimakow60g\/#primaryimage","url":"https:\/\/tiandeproducts.co.uk\/wp-content\/uploads\/2016\/04\/44605_sl.png","contentUrl":"https:\/\/tiandeproducts.co.uk\/wp-content\/uploads\/2016\/04\/44605_sl.png","width":700,"height":700,"caption":"Snail Mucin Moisturizing, Rejuvenating Booster- Hand Cream,60g-0"},{"@type":"BreadcrumbList","@id":"https:\/\/tiandeproducts.co.uk\/pl\/odmladzajacy-krem-booster-do-rak-ze-sluzem-slimakow60g\/#breadcrumb","itemListElement":[{"@type":"ListItem","position":1,"name":"Home","item":"https:\/\/tiandeproducts.co.uk\/pl\/"},{"@type":"ListItem","position":2,"name":"Shop","item":"https:\/\/tiandeproducts.co.uk\/pl\/shop-2\/"},{"@type":"ListItem","position":3,"name":"Odm\u0142adzaj\u0105cy krem-booster do r\u0105k ze \u015bluzem \u015blimak\u00f3w,60g"}]},{"@type":"WebSite","@id":"https:\/\/tiandeproducts.co.uk\/#website","url":"https:\/\/tiandeproducts.co.uk\/","name":"TianDe Online Shop - Beauty & Health","description":"Traditional Chinese Medicine","potentialAction":[{"@type":"SearchAction","target":{"@type":"EntryPoint","urlTemplate":"https:\/\/tiandeproducts.co.uk\/?s={search_term_string}"},"query-input":{"@type":"PropertyValueSpecification","valueRequired":true,"valueName":"search_term_string"}}],"inLanguage":"pl-PL"}]}},"_links":{"self":[{"href":"https:\/\/tiandeproducts.co.uk\/pl\/wp-json\/wp\/v2\/product\/4593","targetHints":{"allow":["GET"]}}],"collection":[{"href":"https:\/\/tiandeproducts.co.uk\/pl\/wp-json\/wp\/v2\/product"}],"about":[{"href":"https:\/\/tiandeproducts.co.uk\/pl\/wp-json\/wp\/v2\/types\/product"}],"replies":[{"embeddable":true,"href":"https:\/\/tiandeproducts.co.uk\/pl\/wp-json\/wp\/v2\/comments?post=4593"}],"wp:featuredmedia":[{"embeddable":true,"href":"https:\/\/tiandeproducts.co.uk\/pl\/wp-json\/wp\/v2\/media\/1180"}],"wp:attachment":[{"href":"https:\/\/tiandeproducts.co.uk\/pl\/wp-json\/wp\/v2\/media?parent=4593"}],"wp:term":[{"taxonomy":"product_cat","embeddable":true,"href":"https:\/\/tiandeproducts.co.uk\/pl\/wp-json\/wp\/v2\/product_cat?post=4593"},{"taxonomy":"product_tag","embeddable":true,"href":"https:\/\/tiandeproducts.co.uk\/pl\/wp-json\/wp\/v2\/product_tag?post=4593"}],"curies":[{"name":"wp","href":"https:\/\/api.w.org\/{rel}","templated":true}]}}