{"id":4590,"date":"2017-07-24T10:43:50","date_gmt":"2017-07-24T09:43:50","guid":{"rendered":"https:\/\/tnd.ontesting.co.uk\/balsam-talizman8g\/"},"modified":"2024-05-26T19:01:16","modified_gmt":"2024-05-26T18:01:16","slug":"balsam-talizman8g","status":"publish","type":"product","link":"https:\/\/tiandeproducts.co.uk\/pl\/balsam-talizman8g\/","title":{"rendered":"Balsam \u201eTalizman\u201c,8g"},"content":{"rendered":"<div class=\"description\">\n<p><img decoding=\"async\" style=\"max-width: 16px; margin-right: 5px;\" src=\"https:\/\/tiandeproducts.co.uk\/wp-content\/uploads\/points-green.svg\" \/>\u00a0Earn 2 points worth \u00a30.10 when buying this product<\/p>\n<p>Zmniejszy\u0107 \u015bwi\u0105d po uk\u0105szeniach owad\u00f3w? Z\u0142agodzi\u0107 podra\u017cnion\u0105 sk\u00f3r\u0119? Przyspieszy\u0107 regeneracj\u0119 uszkodzonej sk\u00f3ry? To proste! \u201eTalizman\u201c to uniwersalny kosmetyk, nios\u0105cy szybk\u0105 pomoc przy r\u00f3\u017cnego rodzaju uszkodzeniach sk\u00f3ry.<\/p>\n<p>Baz\u0105 kosmetyku s\u0105 wyci\u0105gi i olejki ro\u015blin leczniczych A\u0142taju oraz regeneruj\u0105cy kompleks z propolisem, pantenolem i alantoin\u0105 &#8211; znanymi sk\u0142adnikami produkt\u00f3w aptecznych.<\/p>\n<p>Balsam \u0142agodnie i skutecznie oddzia\u0142uje na uszkodzone fragmenty sk\u00f3ry, ma dzia\u0142anie ochronne, \u0142agodz\u0105ce i regeneruj\u0105ce.<\/p>\n<p>\u201eTalizman\u201c ma konsystencj\u0119 przezroczystego \u017celu, kt\u00f3ry nie pozostawia \u015blad\u00f3w na ubraniach. Nie zawiera substancji zapachowych, barwnik\u00f3w i paraben\u00f3w, ma naturalny zapach leczniczych zi\u00f3\u0142. Po na\u0142o\u017ceniu kosmetyk szybko si\u0119 wch\u0142ania, pozostawiaj\u0105c na powierzchni sk\u00f3ry lekki film. Stanowi on barier\u0119 ochronn\u0105 i zapobiega przedostawaniu si\u0119 bakterii oraz u\u0142atwia prawid\u0142owe gojenie si\u0119 rany bez pozostawiania blizn.<\/p>\n<p>Kompaktowe i ekonomiczne opakowanie pozwala zawsze mie\u0107 balsam przy sobie. Z \u0142atwo\u015bci\u0105 zmie\u015bci si\u0119 on do kosmetyczki, torebki czy schowka w samochodzie.<\/p>\n<\/div>\n<div class=\"instruction\">\n<p><strong>ZASTOSOWANIE:<\/strong><\/p>\n<p>Nak\u0142ada\u0107 na uszkodzony fragment sk\u00f3ry \u0142agodnymi masuj\u0105cymi ruchami.<\/p>\n<\/div>\n","protected":false},"excerpt":{"rendered":"<p>\u00a0Earn 2 points worth \u00a30.10 when buying this product Zmniejszy\u0107 \u015bwi\u0105d po uk\u0105szeniach owad\u00f3w? Z\u0142agodzi\u0107 podra\u017cnion\u0105 sk\u00f3r\u0119? Przyspieszy\u0107 regeneracj\u0119 uszkodzonej sk\u00f3ry? To proste! \u201eTalizman\u201c to uniwersalny kosmetyk, nios\u0105cy szybk\u0105 pomoc przy r\u00f3\u017cnego rodzaju uszkodzeniach sk\u00f3ry. Baz\u0105 kosmetyku s\u0105 wyci\u0105gi i olejki ro\u015blin leczniczych A\u0142taju oraz regeneruj\u0105cy kompleks z propolisem, pantenolem i alantoin\u0105 &#8211; znanymi sk\u0142adnikami [&#8230;]\n","protected":false},"featured_media":18961,"comment_status":"closed","ping_status":"closed","template":"","meta":[],"product_cat":[498,740,739,830,745],"product_tag":[],"class_list":{"0":"post-4590","1":"product","2":"type-product","3":"status-publish","4":"has-post-thumbnail","6":"product_cat-pielegnacja-ciala","7":"product_cat-pielegnacja-dloni","8":"product_cat-pielegnacja-stop","9":"product_cat-promocje","10":"product_cat-zdrowie","12":"first","13":"instock","14":"sale","15":"shipping-taxable","16":"purchasable","17":"product-type-simple"},"yoast_head":"<!-- This site is optimized with the Yoast SEO plugin v23.6 - https:\/\/yoast.com\/wordpress\/plugins\/seo\/ -->\n<title>Balsam \u201eTalizman\u201c,8g - TianDe Online Shop - Beauty &amp; Health<\/title>\n<meta name=\"robots\" content=\"index, follow, max-snippet:-1, max-image-preview:large, max-video-preview:-1\" \/>\n<link rel=\"canonical\" href=\"https:\/\/tiandeproducts.co.uk\/pl\/balsam-talizman8g\/\" \/>\n<meta property=\"og:locale\" content=\"pl_PL\" \/>\n<meta property=\"og:type\" content=\"article\" \/>\n<meta property=\"og:title\" content=\"Balsam \u201eTalizman\u201c,8g - TianDe Online Shop - Beauty &amp; Health\" \/>\n<meta property=\"og:description\" content=\"\u00a0Earn 2 points worth \u00a30.10 when buying this product Zmniejszy\u0107 \u015bwi\u0105d po uk\u0105szeniach owad\u00f3w? Z\u0142agodzi\u0107 podra\u017cnion\u0105 sk\u00f3r\u0119? Przyspieszy\u0107 regeneracj\u0119 uszkodzonej sk\u00f3ry? To proste! \u201eTalizman\u201c to uniwersalny kosmetyk, nios\u0105cy szybk\u0105 pomoc przy r\u00f3\u017cnego rodzaju uszkodzeniach sk\u00f3ry. Baz\u0105 kosmetyku s\u0105 wyci\u0105gi i olejki ro\u015blin leczniczych A\u0142taju oraz regeneruj\u0105cy kompleks z propolisem, pantenolem i alantoin\u0105 &#8211; znanymi sk\u0142adnikami [...]\" \/>\n<meta property=\"og:url\" content=\"https:\/\/tiandeproducts.co.uk\/pl\/balsam-talizman8g\/\" \/>\n<meta property=\"og:site_name\" content=\"TianDe Online Shop - Beauty &amp; Health\" \/>\n<meta property=\"article:publisher\" content=\"https:\/\/www.facebook.com\/tiande.products.england\/\" \/>\n<meta property=\"article:modified_time\" content=\"2024-05-26T18:01:16+00:00\" \/>\n<meta property=\"og:image\" content=\"https:\/\/tiandeproducts.co.uk\/wp-content\/uploads\/30138-2-E.png\" \/>\n\t<meta property=\"og:image:width\" content=\"1200\" \/>\n\t<meta property=\"og:image:height\" content=\"1200\" \/>\n\t<meta property=\"og:image:type\" content=\"image\/png\" \/>\n<meta name=\"twitter:card\" content=\"summary_large_image\" \/>\n<meta name=\"twitter:label1\" content=\"Szacowany czas czytania\" \/>\n\t<meta name=\"twitter:data1\" content=\"1 minuta\" \/>\n<script type=\"application\/ld+json\" class=\"yoast-schema-graph\">{\"@context\":\"https:\/\/schema.org\",\"@graph\":[{\"@type\":\"WebPage\",\"@id\":\"https:\/\/tiandeproducts.co.uk\/pl\/balsam-talizman8g\/\",\"url\":\"https:\/\/tiandeproducts.co.uk\/pl\/balsam-talizman8g\/\",\"name\":\"Balsam \u201eTalizman\u201c,8g - TianDe Online Shop - Beauty &amp; Health\",\"isPartOf\":{\"@id\":\"https:\/\/tiandeproducts.co.uk\/#website\"},\"primaryImageOfPage\":{\"@id\":\"https:\/\/tiandeproducts.co.uk\/pl\/balsam-talizman8g\/#primaryimage\"},\"image\":{\"@id\":\"https:\/\/tiandeproducts.co.uk\/pl\/balsam-talizman8g\/#primaryimage\"},\"thumbnailUrl\":\"https:\/\/tiandeproducts.co.uk\/wp-content\/uploads\/30138-2-E.png\",\"datePublished\":\"2017-07-24T09:43:50+00:00\",\"dateModified\":\"2024-05-26T18:01:16+00:00\",\"breadcrumb\":{\"@id\":\"https:\/\/tiandeproducts.co.uk\/pl\/balsam-talizman8g\/#breadcrumb\"},\"inLanguage\":\"pl-PL\",\"potentialAction\":[{\"@type\":\"ReadAction\",\"target\":[\"https:\/\/tiandeproducts.co.uk\/pl\/balsam-talizman8g\/\"]}]},{\"@type\":\"ImageObject\",\"inLanguage\":\"pl-PL\",\"@id\":\"https:\/\/tiandeproducts.co.uk\/pl\/balsam-talizman8g\/#primaryimage\",\"url\":\"https:\/\/tiandeproducts.co.uk\/wp-content\/uploads\/30138-2-E.png\",\"contentUrl\":\"https:\/\/tiandeproducts.co.uk\/wp-content\/uploads\/30138-2-E.png\",\"width\":1200,\"height\":1200},{\"@type\":\"BreadcrumbList\",\"@id\":\"https:\/\/tiandeproducts.co.uk\/pl\/balsam-talizman8g\/#breadcrumb\",\"itemListElement\":[{\"@type\":\"ListItem\",\"position\":1,\"name\":\"Home\",\"item\":\"https:\/\/tiandeproducts.co.uk\/pl\/\"},{\"@type\":\"ListItem\",\"position\":2,\"name\":\"Shop\",\"item\":\"https:\/\/tiandeproducts.co.uk\/pl\/shop-2\/\"},{\"@type\":\"ListItem\",\"position\":3,\"name\":\"Balsam \u201eTalizman\u201c,8g\"}]},{\"@type\":\"WebSite\",\"@id\":\"https:\/\/tiandeproducts.co.uk\/#website\",\"url\":\"https:\/\/tiandeproducts.co.uk\/\",\"name\":\"TianDe Online Shop - Beauty & Health\",\"description\":\"Traditional Chinese Medicine\",\"potentialAction\":[{\"@type\":\"SearchAction\",\"target\":{\"@type\":\"EntryPoint\",\"urlTemplate\":\"https:\/\/tiandeproducts.co.uk\/?s={search_term_string}\"},\"query-input\":{\"@type\":\"PropertyValueSpecification\",\"valueRequired\":true,\"valueName\":\"search_term_string\"}}],\"inLanguage\":\"pl-PL\"}]}<\/script>\n<!-- \/ Yoast SEO plugin. -->","yoast_head_json":{"title":"Balsam \u201eTalizman\u201c,8g - TianDe Online Shop - Beauty &amp; Health","robots":{"index":"index","follow":"follow","max-snippet":"max-snippet:-1","max-image-preview":"max-image-preview:large","max-video-preview":"max-video-preview:-1"},"canonical":"https:\/\/tiandeproducts.co.uk\/pl\/balsam-talizman8g\/","og_locale":"pl_PL","og_type":"article","og_title":"Balsam \u201eTalizman\u201c,8g - TianDe Online Shop - Beauty &amp; Health","og_description":"\u00a0Earn 2 points worth \u00a30.10 when buying this product Zmniejszy\u0107 \u015bwi\u0105d po uk\u0105szeniach owad\u00f3w? Z\u0142agodzi\u0107 podra\u017cnion\u0105 sk\u00f3r\u0119? Przyspieszy\u0107 regeneracj\u0119 uszkodzonej sk\u00f3ry? To proste! \u201eTalizman\u201c to uniwersalny kosmetyk, nios\u0105cy szybk\u0105 pomoc przy r\u00f3\u017cnego rodzaju uszkodzeniach sk\u00f3ry. Baz\u0105 kosmetyku s\u0105 wyci\u0105gi i olejki ro\u015blin leczniczych A\u0142taju oraz regeneruj\u0105cy kompleks z propolisem, pantenolem i alantoin\u0105 &#8211; znanymi sk\u0142adnikami [...]","og_url":"https:\/\/tiandeproducts.co.uk\/pl\/balsam-talizman8g\/","og_site_name":"TianDe Online Shop - Beauty &amp; Health","article_publisher":"https:\/\/www.facebook.com\/tiande.products.england\/","article_modified_time":"2024-05-26T18:01:16+00:00","og_image":[{"width":1200,"height":1200,"url":"https:\/\/tiandeproducts.co.uk\/wp-content\/uploads\/30138-2-E.png","type":"image\/png"}],"twitter_card":"summary_large_image","twitter_misc":{"Szacowany czas czytania":"1 minuta"},"schema":{"@context":"https:\/\/schema.org","@graph":[{"@type":"WebPage","@id":"https:\/\/tiandeproducts.co.uk\/pl\/balsam-talizman8g\/","url":"https:\/\/tiandeproducts.co.uk\/pl\/balsam-talizman8g\/","name":"Balsam \u201eTalizman\u201c,8g - TianDe Online Shop - Beauty &amp; Health","isPartOf":{"@id":"https:\/\/tiandeproducts.co.uk\/#website"},"primaryImageOfPage":{"@id":"https:\/\/tiandeproducts.co.uk\/pl\/balsam-talizman8g\/#primaryimage"},"image":{"@id":"https:\/\/tiandeproducts.co.uk\/pl\/balsam-talizman8g\/#primaryimage"},"thumbnailUrl":"https:\/\/tiandeproducts.co.uk\/wp-content\/uploads\/30138-2-E.png","datePublished":"2017-07-24T09:43:50+00:00","dateModified":"2024-05-26T18:01:16+00:00","breadcrumb":{"@id":"https:\/\/tiandeproducts.co.uk\/pl\/balsam-talizman8g\/#breadcrumb"},"inLanguage":"pl-PL","potentialAction":[{"@type":"ReadAction","target":["https:\/\/tiandeproducts.co.uk\/pl\/balsam-talizman8g\/"]}]},{"@type":"ImageObject","inLanguage":"pl-PL","@id":"https:\/\/tiandeproducts.co.uk\/pl\/balsam-talizman8g\/#primaryimage","url":"https:\/\/tiandeproducts.co.uk\/wp-content\/uploads\/30138-2-E.png","contentUrl":"https:\/\/tiandeproducts.co.uk\/wp-content\/uploads\/30138-2-E.png","width":1200,"height":1200},{"@type":"BreadcrumbList","@id":"https:\/\/tiandeproducts.co.uk\/pl\/balsam-talizman8g\/#breadcrumb","itemListElement":[{"@type":"ListItem","position":1,"name":"Home","item":"https:\/\/tiandeproducts.co.uk\/pl\/"},{"@type":"ListItem","position":2,"name":"Shop","item":"https:\/\/tiandeproducts.co.uk\/pl\/shop-2\/"},{"@type":"ListItem","position":3,"name":"Balsam \u201eTalizman\u201c,8g"}]},{"@type":"WebSite","@id":"https:\/\/tiandeproducts.co.uk\/#website","url":"https:\/\/tiandeproducts.co.uk\/","name":"TianDe Online Shop - Beauty & Health","description":"Traditional Chinese Medicine","potentialAction":[{"@type":"SearchAction","target":{"@type":"EntryPoint","urlTemplate":"https:\/\/tiandeproducts.co.uk\/?s={search_term_string}"},"query-input":{"@type":"PropertyValueSpecification","valueRequired":true,"valueName":"search_term_string"}}],"inLanguage":"pl-PL"}]}},"_links":{"self":[{"href":"https:\/\/tiandeproducts.co.uk\/pl\/wp-json\/wp\/v2\/product\/4590","targetHints":{"allow":["GET"]}}],"collection":[{"href":"https:\/\/tiandeproducts.co.uk\/pl\/wp-json\/wp\/v2\/product"}],"about":[{"href":"https:\/\/tiandeproducts.co.uk\/pl\/wp-json\/wp\/v2\/types\/product"}],"replies":[{"embeddable":true,"href":"https:\/\/tiandeproducts.co.uk\/pl\/wp-json\/wp\/v2\/comments?post=4590"}],"wp:featuredmedia":[{"embeddable":true,"href":"https:\/\/tiandeproducts.co.uk\/pl\/wp-json\/wp\/v2\/media\/18961"}],"wp:attachment":[{"href":"https:\/\/tiandeproducts.co.uk\/pl\/wp-json\/wp\/v2\/media?parent=4590"}],"wp:term":[{"taxonomy":"product_cat","embeddable":true,"href":"https:\/\/tiandeproducts.co.uk\/pl\/wp-json\/wp\/v2\/product_cat?post=4590"},{"taxonomy":"product_tag","embeddable":true,"href":"https:\/\/tiandeproducts.co.uk\/pl\/wp-json\/wp\/v2\/product_tag?post=4590"}],"curies":[{"name":"wp","href":"https:\/\/api.w.org\/{rel}","templated":true}]}}