{"id":4586,"date":"2016-04-05T10:56:38","date_gmt":"2016-04-05T09:56:38","guid":{"rendered":"https:\/\/tnd.ontesting.co.uk\/krem-do-rak-zloty-zen-szen80g\/"},"modified":"2020-02-28T12:27:04","modified_gmt":"2020-02-28T12:27:04","slug":"krem-do-rak-zloty-zen-szen80g","status":"publish","type":"product","link":"https:\/\/tiandeproducts.co.uk\/pl\/krem-do-rak-zloty-zen-szen80g\/","title":{"rendered":"Krem do r\u0105k \u201eZ\u0142oty \u017ce\u0144-sze\u0144\u201c,80g"},"content":{"rendered":"<div class=\"description\">\n<p>Zapewnia aktywne od\u017cywienie i nawil\u017cenie sk\u00f3ry d\u0142oni, doskonale zmi\u0119kcza i chroni przed negatywnym dzia\u0142aniem czynnik\u00f3w zewn\u0119trznych. Przed\u0142u\u017ca \u017cywotno\u015b\u0107 kom\u00f3rek, stymuluje ich odnow\u0119. Chroni m\u0142odo\u015b\u0107 i elastyczno\u015b\u0107 sk\u00f3ry.<\/p>\n<\/div>\n<div class=\"instruction\">\n<p><strong>ZASTOSOWANIE:<\/strong><\/p>\n<p>Na\u0142\u00f3\u017c krem na czyst\u0105 sk\u00f3r\u0119 d\u0142oni.<\/p>\n<\/div>\n","protected":false},"excerpt":{"rendered":"<p>Zapewnia aktywne od\u017cywienie i nawil\u017cenie sk\u00f3ry d\u0142oni, doskonale zmi\u0119kcza i chroni przed negatywnym dzia\u0142aniem czynnik\u00f3w zewn\u0119trznych. Przed\u0142u\u017ca \u017cywotno\u015b\u0107 kom\u00f3rek, stymuluje ich odnow\u0119. Chroni m\u0142odo\u015b\u0107 i elastyczno\u015b\u0107 sk\u00f3ry. ZASTOSOWANIE: Na\u0142\u00f3\u017c krem na czyst\u0105 sk\u00f3r\u0119 d\u0142oni.<\/p>\n","protected":false},"featured_media":658,"comment_status":"closed","ping_status":"closed","template":"","meta":[],"product_cat":[498,740],"product_tag":[],"class_list":{"0":"post-4586","1":"product","2":"type-product","3":"status-publish","4":"has-post-thumbnail","6":"product_cat-pielegnacja-ciala","7":"product_cat-pielegnacja-dloni","9":"first","10":"instock","11":"shipping-taxable","12":"purchasable","13":"product-type-simple"},"yoast_head":"<!-- This site is optimized with the Yoast SEO plugin v23.6 - https:\/\/yoast.com\/wordpress\/plugins\/seo\/ -->\n<title>Krem do r\u0105k \u201eZ\u0142oty \u017ce\u0144-sze\u0144\u201c,80g - TianDe Online Shop - Beauty &amp; Health<\/title>\n<meta name=\"robots\" content=\"index, follow, max-snippet:-1, max-image-preview:large, max-video-preview:-1\" \/>\n<link rel=\"canonical\" href=\"https:\/\/tiandeproducts.co.uk\/pl\/krem-do-rak-zloty-zen-szen80g\/\" \/>\n<meta property=\"og:locale\" content=\"pl_PL\" \/>\n<meta property=\"og:type\" content=\"article\" \/>\n<meta property=\"og:title\" content=\"Krem do r\u0105k \u201eZ\u0142oty \u017ce\u0144-sze\u0144\u201c,80g - TianDe Online Shop - Beauty &amp; Health\" \/>\n<meta property=\"og:description\" content=\"Zapewnia aktywne od\u017cywienie i nawil\u017cenie sk\u00f3ry d\u0142oni, doskonale zmi\u0119kcza i chroni przed negatywnym dzia\u0142aniem czynnik\u00f3w zewn\u0119trznych. Przed\u0142u\u017ca \u017cywotno\u015b\u0107 kom\u00f3rek, stymuluje ich odnow\u0119. Chroni m\u0142odo\u015b\u0107 i elastyczno\u015b\u0107 sk\u00f3ry. ZASTOSOWANIE: Na\u0142\u00f3\u017c krem na czyst\u0105 sk\u00f3r\u0119 d\u0142oni.\" \/>\n<meta property=\"og:url\" content=\"https:\/\/tiandeproducts.co.uk\/pl\/krem-do-rak-zloty-zen-szen80g\/\" \/>\n<meta property=\"og:site_name\" content=\"TianDe Online Shop - Beauty &amp; Health\" \/>\n<meta property=\"article:publisher\" content=\"https:\/\/www.facebook.com\/tiande.products.england\/\" \/>\n<meta property=\"article:modified_time\" content=\"2020-02-28T12:27:04+00:00\" \/>\n<meta property=\"og:image\" content=\"https:\/\/tiandeproducts.co.uk\/wp-content\/uploads\/2016\/04\/40111_new.png\" \/>\n\t<meta property=\"og:image:width\" content=\"700\" \/>\n\t<meta property=\"og:image:height\" content=\"700\" \/>\n\t<meta property=\"og:image:type\" content=\"image\/png\" \/>\n<meta name=\"twitter:card\" content=\"summary_large_image\" \/>\n<script type=\"application\/ld+json\" class=\"yoast-schema-graph\">{\"@context\":\"https:\/\/schema.org\",\"@graph\":[{\"@type\":\"WebPage\",\"@id\":\"https:\/\/tiandeproducts.co.uk\/pl\/krem-do-rak-zloty-zen-szen80g\/\",\"url\":\"https:\/\/tiandeproducts.co.uk\/pl\/krem-do-rak-zloty-zen-szen80g\/\",\"name\":\"Krem do r\u0105k \u201eZ\u0142oty \u017ce\u0144-sze\u0144\u201c,80g - TianDe Online Shop - Beauty &amp; Health\",\"isPartOf\":{\"@id\":\"https:\/\/tiandeproducts.co.uk\/#website\"},\"primaryImageOfPage\":{\"@id\":\"https:\/\/tiandeproducts.co.uk\/pl\/krem-do-rak-zloty-zen-szen80g\/#primaryimage\"},\"image\":{\"@id\":\"https:\/\/tiandeproducts.co.uk\/pl\/krem-do-rak-zloty-zen-szen80g\/#primaryimage\"},\"thumbnailUrl\":\"https:\/\/tiandeproducts.co.uk\/wp-content\/uploads\/2016\/04\/40111_new.png\",\"datePublished\":\"2016-04-05T09:56:38+00:00\",\"dateModified\":\"2020-02-28T12:27:04+00:00\",\"breadcrumb\":{\"@id\":\"https:\/\/tiandeproducts.co.uk\/pl\/krem-do-rak-zloty-zen-szen80g\/#breadcrumb\"},\"inLanguage\":\"pl-PL\",\"potentialAction\":[{\"@type\":\"ReadAction\",\"target\":[\"https:\/\/tiandeproducts.co.uk\/pl\/krem-do-rak-zloty-zen-szen80g\/\"]}]},{\"@type\":\"ImageObject\",\"inLanguage\":\"pl-PL\",\"@id\":\"https:\/\/tiandeproducts.co.uk\/pl\/krem-do-rak-zloty-zen-szen80g\/#primaryimage\",\"url\":\"https:\/\/tiandeproducts.co.uk\/wp-content\/uploads\/2016\/04\/40111_new.png\",\"contentUrl\":\"https:\/\/tiandeproducts.co.uk\/wp-content\/uploads\/2016\/04\/40111_new.png\",\"width\":700,\"height\":700,\"caption\":\"Golden Ginseng Hand Cream,80g-0\"},{\"@type\":\"BreadcrumbList\",\"@id\":\"https:\/\/tiandeproducts.co.uk\/pl\/krem-do-rak-zloty-zen-szen80g\/#breadcrumb\",\"itemListElement\":[{\"@type\":\"ListItem\",\"position\":1,\"name\":\"Home\",\"item\":\"https:\/\/tiandeproducts.co.uk\/pl\/\"},{\"@type\":\"ListItem\",\"position\":2,\"name\":\"Shop\",\"item\":\"https:\/\/tiandeproducts.co.uk\/pl\/shop-2\/\"},{\"@type\":\"ListItem\",\"position\":3,\"name\":\"Krem do r\u0105k \u201eZ\u0142oty \u017ce\u0144-sze\u0144\u201c,80g\"}]},{\"@type\":\"WebSite\",\"@id\":\"https:\/\/tiandeproducts.co.uk\/#website\",\"url\":\"https:\/\/tiandeproducts.co.uk\/\",\"name\":\"TianDe Online Shop - Beauty & Health\",\"description\":\"Traditional Chinese Medicine\",\"potentialAction\":[{\"@type\":\"SearchAction\",\"target\":{\"@type\":\"EntryPoint\",\"urlTemplate\":\"https:\/\/tiandeproducts.co.uk\/?s={search_term_string}\"},\"query-input\":{\"@type\":\"PropertyValueSpecification\",\"valueRequired\":true,\"valueName\":\"search_term_string\"}}],\"inLanguage\":\"pl-PL\"}]}<\/script>\n<!-- \/ Yoast SEO plugin. -->","yoast_head_json":{"title":"Krem do r\u0105k \u201eZ\u0142oty \u017ce\u0144-sze\u0144\u201c,80g - TianDe Online Shop - Beauty &amp; Health","robots":{"index":"index","follow":"follow","max-snippet":"max-snippet:-1","max-image-preview":"max-image-preview:large","max-video-preview":"max-video-preview:-1"},"canonical":"https:\/\/tiandeproducts.co.uk\/pl\/krem-do-rak-zloty-zen-szen80g\/","og_locale":"pl_PL","og_type":"article","og_title":"Krem do r\u0105k \u201eZ\u0142oty \u017ce\u0144-sze\u0144\u201c,80g - TianDe Online Shop - Beauty &amp; Health","og_description":"Zapewnia aktywne od\u017cywienie i nawil\u017cenie sk\u00f3ry d\u0142oni, doskonale zmi\u0119kcza i chroni przed negatywnym dzia\u0142aniem czynnik\u00f3w zewn\u0119trznych. Przed\u0142u\u017ca \u017cywotno\u015b\u0107 kom\u00f3rek, stymuluje ich odnow\u0119. Chroni m\u0142odo\u015b\u0107 i elastyczno\u015b\u0107 sk\u00f3ry. ZASTOSOWANIE: Na\u0142\u00f3\u017c krem na czyst\u0105 sk\u00f3r\u0119 d\u0142oni.","og_url":"https:\/\/tiandeproducts.co.uk\/pl\/krem-do-rak-zloty-zen-szen80g\/","og_site_name":"TianDe Online Shop - Beauty &amp; Health","article_publisher":"https:\/\/www.facebook.com\/tiande.products.england\/","article_modified_time":"2020-02-28T12:27:04+00:00","og_image":[{"width":700,"height":700,"url":"https:\/\/tiandeproducts.co.uk\/wp-content\/uploads\/2016\/04\/40111_new.png","type":"image\/png"}],"twitter_card":"summary_large_image","schema":{"@context":"https:\/\/schema.org","@graph":[{"@type":"WebPage","@id":"https:\/\/tiandeproducts.co.uk\/pl\/krem-do-rak-zloty-zen-szen80g\/","url":"https:\/\/tiandeproducts.co.uk\/pl\/krem-do-rak-zloty-zen-szen80g\/","name":"Krem do r\u0105k \u201eZ\u0142oty \u017ce\u0144-sze\u0144\u201c,80g - TianDe Online Shop - Beauty &amp; Health","isPartOf":{"@id":"https:\/\/tiandeproducts.co.uk\/#website"},"primaryImageOfPage":{"@id":"https:\/\/tiandeproducts.co.uk\/pl\/krem-do-rak-zloty-zen-szen80g\/#primaryimage"},"image":{"@id":"https:\/\/tiandeproducts.co.uk\/pl\/krem-do-rak-zloty-zen-szen80g\/#primaryimage"},"thumbnailUrl":"https:\/\/tiandeproducts.co.uk\/wp-content\/uploads\/2016\/04\/40111_new.png","datePublished":"2016-04-05T09:56:38+00:00","dateModified":"2020-02-28T12:27:04+00:00","breadcrumb":{"@id":"https:\/\/tiandeproducts.co.uk\/pl\/krem-do-rak-zloty-zen-szen80g\/#breadcrumb"},"inLanguage":"pl-PL","potentialAction":[{"@type":"ReadAction","target":["https:\/\/tiandeproducts.co.uk\/pl\/krem-do-rak-zloty-zen-szen80g\/"]}]},{"@type":"ImageObject","inLanguage":"pl-PL","@id":"https:\/\/tiandeproducts.co.uk\/pl\/krem-do-rak-zloty-zen-szen80g\/#primaryimage","url":"https:\/\/tiandeproducts.co.uk\/wp-content\/uploads\/2016\/04\/40111_new.png","contentUrl":"https:\/\/tiandeproducts.co.uk\/wp-content\/uploads\/2016\/04\/40111_new.png","width":700,"height":700,"caption":"Golden Ginseng Hand Cream,80g-0"},{"@type":"BreadcrumbList","@id":"https:\/\/tiandeproducts.co.uk\/pl\/krem-do-rak-zloty-zen-szen80g\/#breadcrumb","itemListElement":[{"@type":"ListItem","position":1,"name":"Home","item":"https:\/\/tiandeproducts.co.uk\/pl\/"},{"@type":"ListItem","position":2,"name":"Shop","item":"https:\/\/tiandeproducts.co.uk\/pl\/shop-2\/"},{"@type":"ListItem","position":3,"name":"Krem do r\u0105k \u201eZ\u0142oty \u017ce\u0144-sze\u0144\u201c,80g"}]},{"@type":"WebSite","@id":"https:\/\/tiandeproducts.co.uk\/#website","url":"https:\/\/tiandeproducts.co.uk\/","name":"TianDe Online Shop - Beauty & Health","description":"Traditional Chinese Medicine","potentialAction":[{"@type":"SearchAction","target":{"@type":"EntryPoint","urlTemplate":"https:\/\/tiandeproducts.co.uk\/?s={search_term_string}"},"query-input":{"@type":"PropertyValueSpecification","valueRequired":true,"valueName":"search_term_string"}}],"inLanguage":"pl-PL"}]}},"_links":{"self":[{"href":"https:\/\/tiandeproducts.co.uk\/pl\/wp-json\/wp\/v2\/product\/4586","targetHints":{"allow":["GET"]}}],"collection":[{"href":"https:\/\/tiandeproducts.co.uk\/pl\/wp-json\/wp\/v2\/product"}],"about":[{"href":"https:\/\/tiandeproducts.co.uk\/pl\/wp-json\/wp\/v2\/types\/product"}],"replies":[{"embeddable":true,"href":"https:\/\/tiandeproducts.co.uk\/pl\/wp-json\/wp\/v2\/comments?post=4586"}],"wp:featuredmedia":[{"embeddable":true,"href":"https:\/\/tiandeproducts.co.uk\/pl\/wp-json\/wp\/v2\/media\/658"}],"wp:attachment":[{"href":"https:\/\/tiandeproducts.co.uk\/pl\/wp-json\/wp\/v2\/media?parent=4586"}],"wp:term":[{"taxonomy":"product_cat","embeddable":true,"href":"https:\/\/tiandeproducts.co.uk\/pl\/wp-json\/wp\/v2\/product_cat?post=4586"},{"taxonomy":"product_tag","embeddable":true,"href":"https:\/\/tiandeproducts.co.uk\/pl\/wp-json\/wp\/v2\/product_tag?post=4586"}],"curies":[{"name":"wp","href":"https:\/\/api.w.org\/{rel}","templated":true}]}}