{"id":4545,"date":"2016-04-19T22:02:16","date_gmt":"2016-04-19T21:02:16","guid":{"rendered":"https:\/\/tnd.ontesting.co.uk\/wysoko-skuteczny-krem-nawilzajacy-do-twarzy50g\/"},"modified":"2020-01-29T09:00:09","modified_gmt":"2020-01-29T09:00:09","slug":"wysoko-skuteczny-krem-nawilzajacy-do-twarzy50g","status":"publish","type":"product","link":"https:\/\/tiandeproducts.co.uk\/pl\/wysoko-skuteczny-krem-nawilzajacy-do-twarzy50g\/","title":{"rendered":"Wysoko skuteczny krem nawil\u017caj\u0105cy do twarzy,50g"},"content":{"rendered":"<div class=\"description\">\n<p>Natychmiast nawil\u017ca i od\u017cywia sk\u00f3r\u0119 twarzy, zmi\u0119kcza, dzia\u0142a na ni\u0105 koj\u0105co i poprawia kolor cery. Krem chroni tak\u017ce przed niekorzystnym wp\u0142ywem \u015brodowiska zewn\u0119trznego. W rezultacie, sk\u00f3ra odzyskuje \u015bwie\u017cy, zdrowy wygl\u0105d.<\/p>\n<\/div>\n<div class=\"instruction\">\n<p><strong>ZASTOSOWANIE:<\/strong><\/p>\n<p>Nanie\u015b\u0107 niewielk\u0105 ilo\u015b\u0107 kremu na umyt\u0105 twarz i szyj\u0119.<\/p>\n<\/div>\n","protected":false},"excerpt":{"rendered":"<p>Natychmiast nawil\u017ca i od\u017cywia sk\u00f3r\u0119 twarzy, zmi\u0119kcza, dzia\u0142a na ni\u0105 koj\u0105co i poprawia kolor cery. Krem chroni tak\u017ce przed niekorzystnym wp\u0142ywem \u015brodowiska zewn\u0119trznego. W rezultacie, sk\u00f3ra odzyskuje \u015bwie\u017cy, zdrowy wygl\u0105d. ZASTOSOWANIE: Nanie\u015b\u0107 niewielk\u0105 ilo\u015b\u0107 kremu na umyt\u0105 twarz i szyj\u0119.<\/p>\n","protected":false},"featured_media":16912,"comment_status":"closed","ping_status":"closed","template":"","meta":[],"product_cat":[746,754,901,750,608],"product_tag":[],"class_list":{"0":"post-4545","1":"product","2":"type-product","3":"status-publish","4":"has-post-thumbnail","6":"product_cat-do-twarzy","7":"product_cat-nawilzajacy","8":"product_cat-nawodnienie-i-odzywienie","9":"product_cat-odwodniona-skora","10":"product_cat-tibetan-herbs-pl","12":"first","13":"instock","14":"shipping-taxable","15":"purchasable","16":"product-type-simple"},"yoast_head":"<!-- This site is optimized with the Yoast SEO plugin v23.6 - https:\/\/yoast.com\/wordpress\/plugins\/seo\/ -->\n<title>Wysoko skuteczny krem nawil\u017caj\u0105cy do twarzy,50g - TianDe Online Shop - Beauty &amp; Health<\/title>\n<meta name=\"robots\" content=\"index, follow, max-snippet:-1, max-image-preview:large, max-video-preview:-1\" \/>\n<link rel=\"canonical\" href=\"https:\/\/tiandeproducts.co.uk\/pl\/wysoko-skuteczny-krem-nawilzajacy-do-twarzy50g\/\" \/>\n<meta property=\"og:locale\" content=\"pl_PL\" \/>\n<meta property=\"og:type\" content=\"article\" \/>\n<meta property=\"og:title\" content=\"Wysoko skuteczny krem nawil\u017caj\u0105cy do twarzy,50g - TianDe Online Shop - Beauty &amp; Health\" \/>\n<meta property=\"og:description\" content=\"Natychmiast nawil\u017ca i od\u017cywia sk\u00f3r\u0119 twarzy, zmi\u0119kcza, dzia\u0142a na ni\u0105 koj\u0105co i poprawia kolor cery. Krem chroni tak\u017ce przed niekorzystnym wp\u0142ywem \u015brodowiska zewn\u0119trznego. W rezultacie, sk\u00f3ra odzyskuje \u015bwie\u017cy, zdrowy wygl\u0105d. ZASTOSOWANIE: Nanie\u015b\u0107 niewielk\u0105 ilo\u015b\u0107 kremu na umyt\u0105 twarz i szyj\u0119.\" \/>\n<meta property=\"og:url\" content=\"https:\/\/tiandeproducts.co.uk\/pl\/wysoko-skuteczny-krem-nawilzajacy-do-twarzy50g\/\" \/>\n<meta property=\"og:site_name\" content=\"TianDe Online Shop - Beauty &amp; Health\" \/>\n<meta property=\"article:publisher\" content=\"https:\/\/www.facebook.com\/tiande.products.england\/\" \/>\n<meta property=\"article:modified_time\" content=\"2020-01-29T09:00:09+00:00\" \/>\n<meta property=\"og:image\" content=\"https:\/\/tiandeproducts.co.uk\/wp-content\/uploads\/12116.png\" \/>\n\t<meta property=\"og:image:width\" content=\"700\" \/>\n\t<meta property=\"og:image:height\" content=\"700\" \/>\n\t<meta property=\"og:image:type\" content=\"image\/png\" \/>\n<meta name=\"twitter:card\" content=\"summary_large_image\" \/>\n<script type=\"application\/ld+json\" class=\"yoast-schema-graph\">{\"@context\":\"https:\/\/schema.org\",\"@graph\":[{\"@type\":\"WebPage\",\"@id\":\"https:\/\/tiandeproducts.co.uk\/pl\/wysoko-skuteczny-krem-nawilzajacy-do-twarzy50g\/\",\"url\":\"https:\/\/tiandeproducts.co.uk\/pl\/wysoko-skuteczny-krem-nawilzajacy-do-twarzy50g\/\",\"name\":\"Wysoko skuteczny krem nawil\u017caj\u0105cy do twarzy,50g - TianDe Online Shop - Beauty &amp; Health\",\"isPartOf\":{\"@id\":\"https:\/\/tiandeproducts.co.uk\/#website\"},\"primaryImageOfPage\":{\"@id\":\"https:\/\/tiandeproducts.co.uk\/pl\/wysoko-skuteczny-krem-nawilzajacy-do-twarzy50g\/#primaryimage\"},\"image\":{\"@id\":\"https:\/\/tiandeproducts.co.uk\/pl\/wysoko-skuteczny-krem-nawilzajacy-do-twarzy50g\/#primaryimage\"},\"thumbnailUrl\":\"https:\/\/tiandeproducts.co.uk\/wp-content\/uploads\/12116.png\",\"datePublished\":\"2016-04-19T21:02:16+00:00\",\"dateModified\":\"2020-01-29T09:00:09+00:00\",\"breadcrumb\":{\"@id\":\"https:\/\/tiandeproducts.co.uk\/pl\/wysoko-skuteczny-krem-nawilzajacy-do-twarzy50g\/#breadcrumb\"},\"inLanguage\":\"pl-PL\",\"potentialAction\":[{\"@type\":\"ReadAction\",\"target\":[\"https:\/\/tiandeproducts.co.uk\/pl\/wysoko-skuteczny-krem-nawilzajacy-do-twarzy50g\/\"]}]},{\"@type\":\"ImageObject\",\"inLanguage\":\"pl-PL\",\"@id\":\"https:\/\/tiandeproducts.co.uk\/pl\/wysoko-skuteczny-krem-nawilzajacy-do-twarzy50g\/#primaryimage\",\"url\":\"https:\/\/tiandeproducts.co.uk\/wp-content\/uploads\/12116.png\",\"contentUrl\":\"https:\/\/tiandeproducts.co.uk\/wp-content\/uploads\/12116.png\",\"width\":700,\"height\":700},{\"@type\":\"BreadcrumbList\",\"@id\":\"https:\/\/tiandeproducts.co.uk\/pl\/wysoko-skuteczny-krem-nawilzajacy-do-twarzy50g\/#breadcrumb\",\"itemListElement\":[{\"@type\":\"ListItem\",\"position\":1,\"name\":\"Home\",\"item\":\"https:\/\/tiandeproducts.co.uk\/pl\/\"},{\"@type\":\"ListItem\",\"position\":2,\"name\":\"Shop\",\"item\":\"https:\/\/tiandeproducts.co.uk\/pl\/shop-2\/\"},{\"@type\":\"ListItem\",\"position\":3,\"name\":\"Wysoko skuteczny krem nawil\u017caj\u0105cy do twarzy,50g\"}]},{\"@type\":\"WebSite\",\"@id\":\"https:\/\/tiandeproducts.co.uk\/#website\",\"url\":\"https:\/\/tiandeproducts.co.uk\/\",\"name\":\"TianDe Online Shop - Beauty & Health\",\"description\":\"Traditional Chinese Medicine\",\"potentialAction\":[{\"@type\":\"SearchAction\",\"target\":{\"@type\":\"EntryPoint\",\"urlTemplate\":\"https:\/\/tiandeproducts.co.uk\/?s={search_term_string}\"},\"query-input\":{\"@type\":\"PropertyValueSpecification\",\"valueRequired\":true,\"valueName\":\"search_term_string\"}}],\"inLanguage\":\"pl-PL\"}]}<\/script>\n<!-- \/ Yoast SEO plugin. -->","yoast_head_json":{"title":"Wysoko skuteczny krem nawil\u017caj\u0105cy do twarzy,50g - TianDe Online Shop - Beauty &amp; Health","robots":{"index":"index","follow":"follow","max-snippet":"max-snippet:-1","max-image-preview":"max-image-preview:large","max-video-preview":"max-video-preview:-1"},"canonical":"https:\/\/tiandeproducts.co.uk\/pl\/wysoko-skuteczny-krem-nawilzajacy-do-twarzy50g\/","og_locale":"pl_PL","og_type":"article","og_title":"Wysoko skuteczny krem nawil\u017caj\u0105cy do twarzy,50g - TianDe Online Shop - Beauty &amp; Health","og_description":"Natychmiast nawil\u017ca i od\u017cywia sk\u00f3r\u0119 twarzy, zmi\u0119kcza, dzia\u0142a na ni\u0105 koj\u0105co i poprawia kolor cery. Krem chroni tak\u017ce przed niekorzystnym wp\u0142ywem \u015brodowiska zewn\u0119trznego. W rezultacie, sk\u00f3ra odzyskuje \u015bwie\u017cy, zdrowy wygl\u0105d. ZASTOSOWANIE: Nanie\u015b\u0107 niewielk\u0105 ilo\u015b\u0107 kremu na umyt\u0105 twarz i szyj\u0119.","og_url":"https:\/\/tiandeproducts.co.uk\/pl\/wysoko-skuteczny-krem-nawilzajacy-do-twarzy50g\/","og_site_name":"TianDe Online Shop - Beauty &amp; Health","article_publisher":"https:\/\/www.facebook.com\/tiande.products.england\/","article_modified_time":"2020-01-29T09:00:09+00:00","og_image":[{"width":700,"height":700,"url":"https:\/\/tiandeproducts.co.uk\/wp-content\/uploads\/12116.png","type":"image\/png"}],"twitter_card":"summary_large_image","schema":{"@context":"https:\/\/schema.org","@graph":[{"@type":"WebPage","@id":"https:\/\/tiandeproducts.co.uk\/pl\/wysoko-skuteczny-krem-nawilzajacy-do-twarzy50g\/","url":"https:\/\/tiandeproducts.co.uk\/pl\/wysoko-skuteczny-krem-nawilzajacy-do-twarzy50g\/","name":"Wysoko skuteczny krem nawil\u017caj\u0105cy do twarzy,50g - TianDe Online Shop - Beauty &amp; Health","isPartOf":{"@id":"https:\/\/tiandeproducts.co.uk\/#website"},"primaryImageOfPage":{"@id":"https:\/\/tiandeproducts.co.uk\/pl\/wysoko-skuteczny-krem-nawilzajacy-do-twarzy50g\/#primaryimage"},"image":{"@id":"https:\/\/tiandeproducts.co.uk\/pl\/wysoko-skuteczny-krem-nawilzajacy-do-twarzy50g\/#primaryimage"},"thumbnailUrl":"https:\/\/tiandeproducts.co.uk\/wp-content\/uploads\/12116.png","datePublished":"2016-04-19T21:02:16+00:00","dateModified":"2020-01-29T09:00:09+00:00","breadcrumb":{"@id":"https:\/\/tiandeproducts.co.uk\/pl\/wysoko-skuteczny-krem-nawilzajacy-do-twarzy50g\/#breadcrumb"},"inLanguage":"pl-PL","potentialAction":[{"@type":"ReadAction","target":["https:\/\/tiandeproducts.co.uk\/pl\/wysoko-skuteczny-krem-nawilzajacy-do-twarzy50g\/"]}]},{"@type":"ImageObject","inLanguage":"pl-PL","@id":"https:\/\/tiandeproducts.co.uk\/pl\/wysoko-skuteczny-krem-nawilzajacy-do-twarzy50g\/#primaryimage","url":"https:\/\/tiandeproducts.co.uk\/wp-content\/uploads\/12116.png","contentUrl":"https:\/\/tiandeproducts.co.uk\/wp-content\/uploads\/12116.png","width":700,"height":700},{"@type":"BreadcrumbList","@id":"https:\/\/tiandeproducts.co.uk\/pl\/wysoko-skuteczny-krem-nawilzajacy-do-twarzy50g\/#breadcrumb","itemListElement":[{"@type":"ListItem","position":1,"name":"Home","item":"https:\/\/tiandeproducts.co.uk\/pl\/"},{"@type":"ListItem","position":2,"name":"Shop","item":"https:\/\/tiandeproducts.co.uk\/pl\/shop-2\/"},{"@type":"ListItem","position":3,"name":"Wysoko skuteczny krem nawil\u017caj\u0105cy do twarzy,50g"}]},{"@type":"WebSite","@id":"https:\/\/tiandeproducts.co.uk\/#website","url":"https:\/\/tiandeproducts.co.uk\/","name":"TianDe Online Shop - Beauty & Health","description":"Traditional Chinese Medicine","potentialAction":[{"@type":"SearchAction","target":{"@type":"EntryPoint","urlTemplate":"https:\/\/tiandeproducts.co.uk\/?s={search_term_string}"},"query-input":{"@type":"PropertyValueSpecification","valueRequired":true,"valueName":"search_term_string"}}],"inLanguage":"pl-PL"}]}},"_links":{"self":[{"href":"https:\/\/tiandeproducts.co.uk\/pl\/wp-json\/wp\/v2\/product\/4545","targetHints":{"allow":["GET"]}}],"collection":[{"href":"https:\/\/tiandeproducts.co.uk\/pl\/wp-json\/wp\/v2\/product"}],"about":[{"href":"https:\/\/tiandeproducts.co.uk\/pl\/wp-json\/wp\/v2\/types\/product"}],"replies":[{"embeddable":true,"href":"https:\/\/tiandeproducts.co.uk\/pl\/wp-json\/wp\/v2\/comments?post=4545"}],"wp:featuredmedia":[{"embeddable":true,"href":"https:\/\/tiandeproducts.co.uk\/pl\/wp-json\/wp\/v2\/media\/16912"}],"wp:attachment":[{"href":"https:\/\/tiandeproducts.co.uk\/pl\/wp-json\/wp\/v2\/media?parent=4545"}],"wp:term":[{"taxonomy":"product_cat","embeddable":true,"href":"https:\/\/tiandeproducts.co.uk\/pl\/wp-json\/wp\/v2\/product_cat?post=4545"},{"taxonomy":"product_tag","embeddable":true,"href":"https:\/\/tiandeproducts.co.uk\/pl\/wp-json\/wp\/v2\/product_tag?post=4545"}],"curies":[{"name":"wp","href":"https:\/\/api.w.org\/{rel}","templated":true}]}}