{"id":4543,"date":"2016-04-21T18:14:34","date_gmt":"2016-04-21T17:14:34","guid":{"rendered":"https:\/\/tnd.ontesting.co.uk\/odzywczy-krem-przeciwzmarszczkowy50g\/"},"modified":"2021-02-25T12:22:54","modified_gmt":"2021-02-25T12:22:54","slug":"odzywczy-krem-przeciwzmarszczkowy50g","status":"publish","type":"product","link":"https:\/\/tiandeproducts.co.uk\/pl\/odzywczy-krem-przeciwzmarszczkowy50g\/","title":{"rendered":"Od\u017cywczy krem przeciwzmarszczkowy,50g"},"content":{"rendered":"<div class=\"description\">\n<p><img decoding=\"async\" style=\"max-width: 16px; margin-right: 5px;\" src=\"https:\/\/tiandeproducts.co.uk\/wp-content\/uploads\/points-green.svg\" \/>\u00a0Earn 11 points worth \u00a30.55 when buying this product<\/p>\n<p>Dzia\u0142anie: dostarcza sk\u00f3rze niezb\u0119dnych sk\u0142adnik\u00f3w od\u017cywczych i nawil\u017caj\u0105cych, stymuluje procesy wymiany w tkankach, aktywizuje oddychanie kom\u00f3rkowe, wyg\u0142adza zmarszczki, zwi\u0119ksza spr\u0119\u017cysto\u015b\u0107.<\/p>\n<p>Rezultat: sk\u00f3ra nasycona sk\u0142adnikami od\u017cywczymi, j\u0119drna, spr\u0119\u017cysta, jedwabista w dotyku, g\u0142adka, bez drobnych niedoskona\u0142o\u015bci &#8211; znikn\u0119\u0142y przebarwienia, zmarszczki<\/p>\n<\/div>\n<div class=\"instruction\">\n<p><strong>ZASTOSOWANIE:<\/strong><\/p>\n<p>Okr\u0119\u017cnymi ruchami nanie\u015b\u0107 niewielk\u0105 ilo\u015b\u0107 kremu na wcze\u015bniej oczyszczon\u0105 sk\u00f3r\u0119 twarzy i szyi, omijaj\u0105c okolice wok\u00f3\u0142 oczu.<\/p>\n<\/div>\n","protected":false},"excerpt":{"rendered":"<p>\u00a0Earn 11 points worth \u00a30.55 when buying this product Dzia\u0142anie: dostarcza sk\u00f3rze niezb\u0119dnych sk\u0142adnik\u00f3w od\u017cywczych i nawil\u017caj\u0105cych, stymuluje procesy wymiany w tkankach, aktywizuje oddychanie kom\u00f3rkowe, wyg\u0142adza zmarszczki, zwi\u0119ksza spr\u0119\u017cysto\u015b\u0107. Rezultat: sk\u00f3ra nasycona sk\u0142adnikami od\u017cywczymi, j\u0119drna, spr\u0119\u017cysta, jedwabista w dotyku, g\u0142adka, bez drobnych niedoskona\u0142o\u015bci &#8211; znikn\u0119\u0142y przebarwienia, zmarszczki ZASTOSOWANIE: Okr\u0119\u017cnymi ruchami nanie\u015b\u0107 niewielk\u0105 ilo\u015b\u0107 kremu na [&#8230;]\n","protected":false},"featured_media":17328,"comment_status":"closed","ping_status":"closed","template":"","meta":[],"product_cat":[746,864,866,901,876,608],"product_tag":[],"class_list":{"0":"post-4543","1":"product","2":"type-product","3":"status-publish","4":"has-post-thumbnail","6":"product_cat-do-twarzy","7":"product_cat-jedrnosc-i-elastycznosc","8":"product_cat-korekcja-zmarszczek","9":"product_cat-nawodnienie-i-odzywienie","10":"product_cat-pielegnacja-anti-aging","11":"product_cat-tibetan-herbs-pl","13":"first","14":"instock","15":"shipping-taxable","16":"purchasable","17":"product-type-simple"},"yoast_head":"<!-- This site is optimized with the Yoast SEO plugin v23.6 - https:\/\/yoast.com\/wordpress\/plugins\/seo\/ -->\n<title>Od\u017cywczy krem przeciwzmarszczkowy,50g - TianDe Online Shop - Beauty &amp; Health<\/title>\n<meta name=\"robots\" content=\"index, follow, max-snippet:-1, max-image-preview:large, max-video-preview:-1\" \/>\n<link rel=\"canonical\" href=\"https:\/\/tiandeproducts.co.uk\/pl\/odzywczy-krem-przeciwzmarszczkowy50g\/\" \/>\n<meta property=\"og:locale\" content=\"pl_PL\" \/>\n<meta property=\"og:type\" content=\"article\" \/>\n<meta property=\"og:title\" content=\"Od\u017cywczy krem przeciwzmarszczkowy,50g - TianDe Online Shop - Beauty &amp; Health\" \/>\n<meta property=\"og:description\" content=\"\u00a0Earn 11 points worth \u00a30.55 when buying this product Dzia\u0142anie: dostarcza sk\u00f3rze niezb\u0119dnych sk\u0142adnik\u00f3w od\u017cywczych i nawil\u017caj\u0105cych, stymuluje procesy wymiany w tkankach, aktywizuje oddychanie kom\u00f3rkowe, wyg\u0142adza zmarszczki, zwi\u0119ksza spr\u0119\u017cysto\u015b\u0107. Rezultat: sk\u00f3ra nasycona sk\u0142adnikami od\u017cywczymi, j\u0119drna, spr\u0119\u017cysta, jedwabista w dotyku, g\u0142adka, bez drobnych niedoskona\u0142o\u015bci &#8211; znikn\u0119\u0142y przebarwienia, zmarszczki ZASTOSOWANIE: Okr\u0119\u017cnymi ruchami nanie\u015b\u0107 niewielk\u0105 ilo\u015b\u0107 kremu na [...]\" \/>\n<meta property=\"og:url\" content=\"https:\/\/tiandeproducts.co.uk\/pl\/odzywczy-krem-przeciwzmarszczkowy50g\/\" \/>\n<meta property=\"og:site_name\" content=\"TianDe Online Shop - Beauty &amp; Health\" \/>\n<meta property=\"article:publisher\" content=\"https:\/\/www.facebook.com\/tiande.products.england\/\" \/>\n<meta property=\"article:modified_time\" content=\"2021-02-25T12:22:54+00:00\" \/>\n<meta property=\"og:image\" content=\"https:\/\/tiandeproducts.co.uk\/wp-content\/uploads\/12115.png\" \/>\n\t<meta property=\"og:image:width\" content=\"400\" \/>\n\t<meta property=\"og:image:height\" content=\"400\" \/>\n\t<meta property=\"og:image:type\" content=\"image\/png\" \/>\n<meta name=\"twitter:card\" content=\"summary_large_image\" \/>\n<script type=\"application\/ld+json\" class=\"yoast-schema-graph\">{\"@context\":\"https:\/\/schema.org\",\"@graph\":[{\"@type\":\"WebPage\",\"@id\":\"https:\/\/tiandeproducts.co.uk\/pl\/odzywczy-krem-przeciwzmarszczkowy50g\/\",\"url\":\"https:\/\/tiandeproducts.co.uk\/pl\/odzywczy-krem-przeciwzmarszczkowy50g\/\",\"name\":\"Od\u017cywczy krem przeciwzmarszczkowy,50g - TianDe Online Shop - Beauty &amp; Health\",\"isPartOf\":{\"@id\":\"https:\/\/tiandeproducts.co.uk\/#website\"},\"primaryImageOfPage\":{\"@id\":\"https:\/\/tiandeproducts.co.uk\/pl\/odzywczy-krem-przeciwzmarszczkowy50g\/#primaryimage\"},\"image\":{\"@id\":\"https:\/\/tiandeproducts.co.uk\/pl\/odzywczy-krem-przeciwzmarszczkowy50g\/#primaryimage\"},\"thumbnailUrl\":\"https:\/\/tiandeproducts.co.uk\/wp-content\/uploads\/12115.png\",\"datePublished\":\"2016-04-21T17:14:34+00:00\",\"dateModified\":\"2021-02-25T12:22:54+00:00\",\"breadcrumb\":{\"@id\":\"https:\/\/tiandeproducts.co.uk\/pl\/odzywczy-krem-przeciwzmarszczkowy50g\/#breadcrumb\"},\"inLanguage\":\"pl-PL\",\"potentialAction\":[{\"@type\":\"ReadAction\",\"target\":[\"https:\/\/tiandeproducts.co.uk\/pl\/odzywczy-krem-przeciwzmarszczkowy50g\/\"]}]},{\"@type\":\"ImageObject\",\"inLanguage\":\"pl-PL\",\"@id\":\"https:\/\/tiandeproducts.co.uk\/pl\/odzywczy-krem-przeciwzmarszczkowy50g\/#primaryimage\",\"url\":\"https:\/\/tiandeproducts.co.uk\/wp-content\/uploads\/12115.png\",\"contentUrl\":\"https:\/\/tiandeproducts.co.uk\/wp-content\/uploads\/12115.png\",\"width\":400,\"height\":400},{\"@type\":\"BreadcrumbList\",\"@id\":\"https:\/\/tiandeproducts.co.uk\/pl\/odzywczy-krem-przeciwzmarszczkowy50g\/#breadcrumb\",\"itemListElement\":[{\"@type\":\"ListItem\",\"position\":1,\"name\":\"Home\",\"item\":\"https:\/\/tiandeproducts.co.uk\/pl\/\"},{\"@type\":\"ListItem\",\"position\":2,\"name\":\"Shop\",\"item\":\"https:\/\/tiandeproducts.co.uk\/pl\/shop-2\/\"},{\"@type\":\"ListItem\",\"position\":3,\"name\":\"Od\u017cywczy krem przeciwzmarszczkowy,50g\"}]},{\"@type\":\"WebSite\",\"@id\":\"https:\/\/tiandeproducts.co.uk\/#website\",\"url\":\"https:\/\/tiandeproducts.co.uk\/\",\"name\":\"TianDe Online Shop - Beauty & Health\",\"description\":\"Traditional Chinese Medicine\",\"potentialAction\":[{\"@type\":\"SearchAction\",\"target\":{\"@type\":\"EntryPoint\",\"urlTemplate\":\"https:\/\/tiandeproducts.co.uk\/?s={search_term_string}\"},\"query-input\":{\"@type\":\"PropertyValueSpecification\",\"valueRequired\":true,\"valueName\":\"search_term_string\"}}],\"inLanguage\":\"pl-PL\"}]}<\/script>\n<!-- \/ Yoast SEO plugin. -->","yoast_head_json":{"title":"Od\u017cywczy krem przeciwzmarszczkowy,50g - TianDe Online Shop - Beauty &amp; Health","robots":{"index":"index","follow":"follow","max-snippet":"max-snippet:-1","max-image-preview":"max-image-preview:large","max-video-preview":"max-video-preview:-1"},"canonical":"https:\/\/tiandeproducts.co.uk\/pl\/odzywczy-krem-przeciwzmarszczkowy50g\/","og_locale":"pl_PL","og_type":"article","og_title":"Od\u017cywczy krem przeciwzmarszczkowy,50g - TianDe Online Shop - Beauty &amp; Health","og_description":"\u00a0Earn 11 points worth \u00a30.55 when buying this product Dzia\u0142anie: dostarcza sk\u00f3rze niezb\u0119dnych sk\u0142adnik\u00f3w od\u017cywczych i nawil\u017caj\u0105cych, stymuluje procesy wymiany w tkankach, aktywizuje oddychanie kom\u00f3rkowe, wyg\u0142adza zmarszczki, zwi\u0119ksza spr\u0119\u017cysto\u015b\u0107. Rezultat: sk\u00f3ra nasycona sk\u0142adnikami od\u017cywczymi, j\u0119drna, spr\u0119\u017cysta, jedwabista w dotyku, g\u0142adka, bez drobnych niedoskona\u0142o\u015bci &#8211; znikn\u0119\u0142y przebarwienia, zmarszczki ZASTOSOWANIE: Okr\u0119\u017cnymi ruchami nanie\u015b\u0107 niewielk\u0105 ilo\u015b\u0107 kremu na [...]","og_url":"https:\/\/tiandeproducts.co.uk\/pl\/odzywczy-krem-przeciwzmarszczkowy50g\/","og_site_name":"TianDe Online Shop - Beauty &amp; Health","article_publisher":"https:\/\/www.facebook.com\/tiande.products.england\/","article_modified_time":"2021-02-25T12:22:54+00:00","og_image":[{"width":400,"height":400,"url":"https:\/\/tiandeproducts.co.uk\/wp-content\/uploads\/12115.png","type":"image\/png"}],"twitter_card":"summary_large_image","schema":{"@context":"https:\/\/schema.org","@graph":[{"@type":"WebPage","@id":"https:\/\/tiandeproducts.co.uk\/pl\/odzywczy-krem-przeciwzmarszczkowy50g\/","url":"https:\/\/tiandeproducts.co.uk\/pl\/odzywczy-krem-przeciwzmarszczkowy50g\/","name":"Od\u017cywczy krem przeciwzmarszczkowy,50g - TianDe Online Shop - Beauty &amp; Health","isPartOf":{"@id":"https:\/\/tiandeproducts.co.uk\/#website"},"primaryImageOfPage":{"@id":"https:\/\/tiandeproducts.co.uk\/pl\/odzywczy-krem-przeciwzmarszczkowy50g\/#primaryimage"},"image":{"@id":"https:\/\/tiandeproducts.co.uk\/pl\/odzywczy-krem-przeciwzmarszczkowy50g\/#primaryimage"},"thumbnailUrl":"https:\/\/tiandeproducts.co.uk\/wp-content\/uploads\/12115.png","datePublished":"2016-04-21T17:14:34+00:00","dateModified":"2021-02-25T12:22:54+00:00","breadcrumb":{"@id":"https:\/\/tiandeproducts.co.uk\/pl\/odzywczy-krem-przeciwzmarszczkowy50g\/#breadcrumb"},"inLanguage":"pl-PL","potentialAction":[{"@type":"ReadAction","target":["https:\/\/tiandeproducts.co.uk\/pl\/odzywczy-krem-przeciwzmarszczkowy50g\/"]}]},{"@type":"ImageObject","inLanguage":"pl-PL","@id":"https:\/\/tiandeproducts.co.uk\/pl\/odzywczy-krem-przeciwzmarszczkowy50g\/#primaryimage","url":"https:\/\/tiandeproducts.co.uk\/wp-content\/uploads\/12115.png","contentUrl":"https:\/\/tiandeproducts.co.uk\/wp-content\/uploads\/12115.png","width":400,"height":400},{"@type":"BreadcrumbList","@id":"https:\/\/tiandeproducts.co.uk\/pl\/odzywczy-krem-przeciwzmarszczkowy50g\/#breadcrumb","itemListElement":[{"@type":"ListItem","position":1,"name":"Home","item":"https:\/\/tiandeproducts.co.uk\/pl\/"},{"@type":"ListItem","position":2,"name":"Shop","item":"https:\/\/tiandeproducts.co.uk\/pl\/shop-2\/"},{"@type":"ListItem","position":3,"name":"Od\u017cywczy krem przeciwzmarszczkowy,50g"}]},{"@type":"WebSite","@id":"https:\/\/tiandeproducts.co.uk\/#website","url":"https:\/\/tiandeproducts.co.uk\/","name":"TianDe Online Shop - Beauty & Health","description":"Traditional Chinese Medicine","potentialAction":[{"@type":"SearchAction","target":{"@type":"EntryPoint","urlTemplate":"https:\/\/tiandeproducts.co.uk\/?s={search_term_string}"},"query-input":{"@type":"PropertyValueSpecification","valueRequired":true,"valueName":"search_term_string"}}],"inLanguage":"pl-PL"}]}},"_links":{"self":[{"href":"https:\/\/tiandeproducts.co.uk\/pl\/wp-json\/wp\/v2\/product\/4543","targetHints":{"allow":["GET"]}}],"collection":[{"href":"https:\/\/tiandeproducts.co.uk\/pl\/wp-json\/wp\/v2\/product"}],"about":[{"href":"https:\/\/tiandeproducts.co.uk\/pl\/wp-json\/wp\/v2\/types\/product"}],"replies":[{"embeddable":true,"href":"https:\/\/tiandeproducts.co.uk\/pl\/wp-json\/wp\/v2\/comments?post=4543"}],"wp:featuredmedia":[{"embeddable":true,"href":"https:\/\/tiandeproducts.co.uk\/pl\/wp-json\/wp\/v2\/media\/17328"}],"wp:attachment":[{"href":"https:\/\/tiandeproducts.co.uk\/pl\/wp-json\/wp\/v2\/media?parent=4543"}],"wp:term":[{"taxonomy":"product_cat","embeddable":true,"href":"https:\/\/tiandeproducts.co.uk\/pl\/wp-json\/wp\/v2\/product_cat?post=4543"},{"taxonomy":"product_tag","embeddable":true,"href":"https:\/\/tiandeproducts.co.uk\/pl\/wp-json\/wp\/v2\/product_tag?post=4543"}],"curies":[{"name":"wp","href":"https:\/\/api.w.org\/{rel}","templated":true}]}}