{"id":4541,"date":"2016-04-21T12:59:38","date_gmt":"2016-04-21T11:59:38","guid":{"rendered":"https:\/\/tnd.ontesting.co.uk\/lotion-do-twarzy-wielofunkcyjny\/"},"modified":"2019-11-01T18:47:31","modified_gmt":"2019-11-01T18:47:31","slug":"lotion-do-twarzy-wielofunkcyjny","status":"publish","type":"product","link":"https:\/\/tiandeproducts.co.uk\/pl\/lotion-do-twarzy-wielofunkcyjny\/","title":{"rendered":"Lotion do twarzy wielofunkcyjny,120 ml"},"content":{"rendered":"<div class=\"description\">\n<p>Zawiera wyci\u0105gi z zi\u00f3\u0142 tybeta\u0144skich. Delikatnie oczyszcza, od\u015bwie\u017ca i tonizuje sk\u00f3r\u0119, przywraca naturalne pH. Nadaje mi\u0119kko\u015b\u0107 i aksamitno\u015b\u0107. Optimalizuje dalsz\u0105 piel\u0119gnacj\u0119.<\/p>\n<p>Dzi\u0119ki lekkiej niet\u0142ustej konsystencji, lotion szybko si\u0119 wch\u0142ania, zmi\u0119kczaj\u0105c sk\u00f3r\u0119 i pozostawiaj\u0105c na niej przyjemny od\u015bwie\u017caj\u0105cy aromat.<\/p>\n<p>Zaleca si\u0119 stosowanie od 35 roku \u017cycia.<\/p>\n<\/div>\n<div class=\"instruction\">\n<p><strong>ZASTOSOWANIE:<\/strong><\/p>\n<p>Po umyciu na\u0142\u00f3\u017c na sk\u00f3r\u0119 twarzy i szyi niewielk\u0105 ilo\u015b\u0107 lotionu za pomoc\u0105 wacika.<\/p>\n<\/div>\n","protected":false},"excerpt":{"rendered":"<p>Zawiera wyci\u0105gi z zi\u00f3\u0142 tybeta\u0144skich. Delikatnie oczyszcza, od\u015bwie\u017ca i tonizuje sk\u00f3r\u0119, przywraca naturalne pH. Nadaje mi\u0119kko\u015b\u0107 i aksamitno\u015b\u0107. Optimalizuje dalsz\u0105 piel\u0119gnacj\u0119. Dzi\u0119ki lekkiej niet\u0142ustej konsystencji, lotion szybko si\u0119 wch\u0142ania, zmi\u0119kczaj\u0105c sk\u00f3r\u0119 i pozostawiaj\u0105c na niej przyjemny od\u015bwie\u017caj\u0105cy aromat. Zaleca si\u0119 stosowanie od 35 roku \u017cycia. ZASTOSOWANIE: Po umyciu na\u0142\u00f3\u017c na sk\u00f3r\u0119 twarzy i szyi niewielk\u0105 [&#8230;]\n","protected":false},"featured_media":18965,"comment_status":"closed","ping_status":"closed","template":"","meta":[],"product_cat":[746,901,608,761],"product_tag":[],"class_list":{"0":"post-4541","1":"product","2":"type-product","3":"status-publish","4":"has-post-thumbnail","6":"product_cat-do-twarzy","7":"product_cat-nawodnienie-i-odzywienie","8":"product_cat-tibetan-herbs-pl","9":"product_cat-tonery-i-plyny","11":"first","12":"instock","13":"shipping-taxable","14":"purchasable","15":"product-type-simple"},"yoast_head":"<!-- This site is optimized with the Yoast SEO plugin v23.6 - https:\/\/yoast.com\/wordpress\/plugins\/seo\/ -->\n<title>Lotion do twarzy wielofunkcyjny,120 ml - TianDe Online Shop - Beauty &amp; Health<\/title>\n<meta name=\"robots\" content=\"index, follow, max-snippet:-1, max-image-preview:large, max-video-preview:-1\" \/>\n<link rel=\"canonical\" href=\"https:\/\/tiandeproducts.co.uk\/pl\/lotion-do-twarzy-wielofunkcyjny\/\" \/>\n<meta property=\"og:locale\" content=\"pl_PL\" \/>\n<meta property=\"og:type\" content=\"article\" \/>\n<meta property=\"og:title\" content=\"Lotion do twarzy wielofunkcyjny,120 ml - TianDe Online Shop - Beauty &amp; Health\" \/>\n<meta property=\"og:description\" content=\"Zawiera wyci\u0105gi z zi\u00f3\u0142 tybeta\u0144skich. Delikatnie oczyszcza, od\u015bwie\u017ca i tonizuje sk\u00f3r\u0119, przywraca naturalne pH. Nadaje mi\u0119kko\u015b\u0107 i aksamitno\u015b\u0107. Optimalizuje dalsz\u0105 piel\u0119gnacj\u0119. Dzi\u0119ki lekkiej niet\u0142ustej konsystencji, lotion szybko si\u0119 wch\u0142ania, zmi\u0119kczaj\u0105c sk\u00f3r\u0119 i pozostawiaj\u0105c na niej przyjemny od\u015bwie\u017caj\u0105cy aromat. Zaleca si\u0119 stosowanie od 35 roku \u017cycia. ZASTOSOWANIE: Po umyciu na\u0142\u00f3\u017c na sk\u00f3r\u0119 twarzy i szyi niewielk\u0105 [...]\" \/>\n<meta property=\"og:url\" content=\"https:\/\/tiandeproducts.co.uk\/pl\/lotion-do-twarzy-wielofunkcyjny\/\" \/>\n<meta property=\"og:site_name\" content=\"TianDe Online Shop - Beauty &amp; Health\" \/>\n<meta property=\"article:publisher\" content=\"https:\/\/www.facebook.com\/tiande.products.england\/\" \/>\n<meta property=\"article:modified_time\" content=\"2019-11-01T18:47:31+00:00\" \/>\n<meta property=\"og:image\" content=\"https:\/\/tiandeproducts.co.uk\/wp-content\/uploads\/12114E.png\" \/>\n\t<meta property=\"og:image:width\" content=\"400\" \/>\n\t<meta property=\"og:image:height\" content=\"400\" \/>\n\t<meta property=\"og:image:type\" content=\"image\/png\" \/>\n<meta name=\"twitter:card\" content=\"summary_large_image\" \/>\n<script type=\"application\/ld+json\" class=\"yoast-schema-graph\">{\"@context\":\"https:\/\/schema.org\",\"@graph\":[{\"@type\":\"WebPage\",\"@id\":\"https:\/\/tiandeproducts.co.uk\/pl\/lotion-do-twarzy-wielofunkcyjny\/\",\"url\":\"https:\/\/tiandeproducts.co.uk\/pl\/lotion-do-twarzy-wielofunkcyjny\/\",\"name\":\"Lotion do twarzy wielofunkcyjny,120 ml - TianDe Online Shop - Beauty &amp; Health\",\"isPartOf\":{\"@id\":\"https:\/\/tiandeproducts.co.uk\/#website\"},\"primaryImageOfPage\":{\"@id\":\"https:\/\/tiandeproducts.co.uk\/pl\/lotion-do-twarzy-wielofunkcyjny\/#primaryimage\"},\"image\":{\"@id\":\"https:\/\/tiandeproducts.co.uk\/pl\/lotion-do-twarzy-wielofunkcyjny\/#primaryimage\"},\"thumbnailUrl\":\"https:\/\/tiandeproducts.co.uk\/wp-content\/uploads\/12114E.png\",\"datePublished\":\"2016-04-21T11:59:38+00:00\",\"dateModified\":\"2019-11-01T18:47:31+00:00\",\"breadcrumb\":{\"@id\":\"https:\/\/tiandeproducts.co.uk\/pl\/lotion-do-twarzy-wielofunkcyjny\/#breadcrumb\"},\"inLanguage\":\"pl-PL\",\"potentialAction\":[{\"@type\":\"ReadAction\",\"target\":[\"https:\/\/tiandeproducts.co.uk\/pl\/lotion-do-twarzy-wielofunkcyjny\/\"]}]},{\"@type\":\"ImageObject\",\"inLanguage\":\"pl-PL\",\"@id\":\"https:\/\/tiandeproducts.co.uk\/pl\/lotion-do-twarzy-wielofunkcyjny\/#primaryimage\",\"url\":\"https:\/\/tiandeproducts.co.uk\/wp-content\/uploads\/12114E.png\",\"contentUrl\":\"https:\/\/tiandeproducts.co.uk\/wp-content\/uploads\/12114E.png\",\"width\":400,\"height\":400},{\"@type\":\"BreadcrumbList\",\"@id\":\"https:\/\/tiandeproducts.co.uk\/pl\/lotion-do-twarzy-wielofunkcyjny\/#breadcrumb\",\"itemListElement\":[{\"@type\":\"ListItem\",\"position\":1,\"name\":\"Home\",\"item\":\"https:\/\/tiandeproducts.co.uk\/pl\/\"},{\"@type\":\"ListItem\",\"position\":2,\"name\":\"Shop\",\"item\":\"https:\/\/tiandeproducts.co.uk\/pl\/shop-2\/\"},{\"@type\":\"ListItem\",\"position\":3,\"name\":\"Lotion do twarzy wielofunkcyjny,120 ml\"}]},{\"@type\":\"WebSite\",\"@id\":\"https:\/\/tiandeproducts.co.uk\/#website\",\"url\":\"https:\/\/tiandeproducts.co.uk\/\",\"name\":\"TianDe Online Shop - Beauty & Health\",\"description\":\"Traditional Chinese Medicine\",\"potentialAction\":[{\"@type\":\"SearchAction\",\"target\":{\"@type\":\"EntryPoint\",\"urlTemplate\":\"https:\/\/tiandeproducts.co.uk\/?s={search_term_string}\"},\"query-input\":{\"@type\":\"PropertyValueSpecification\",\"valueRequired\":true,\"valueName\":\"search_term_string\"}}],\"inLanguage\":\"pl-PL\"}]}<\/script>\n<!-- \/ Yoast SEO plugin. -->","yoast_head_json":{"title":"Lotion do twarzy wielofunkcyjny,120 ml - TianDe Online Shop - Beauty &amp; Health","robots":{"index":"index","follow":"follow","max-snippet":"max-snippet:-1","max-image-preview":"max-image-preview:large","max-video-preview":"max-video-preview:-1"},"canonical":"https:\/\/tiandeproducts.co.uk\/pl\/lotion-do-twarzy-wielofunkcyjny\/","og_locale":"pl_PL","og_type":"article","og_title":"Lotion do twarzy wielofunkcyjny,120 ml - TianDe Online Shop - Beauty &amp; Health","og_description":"Zawiera wyci\u0105gi z zi\u00f3\u0142 tybeta\u0144skich. Delikatnie oczyszcza, od\u015bwie\u017ca i tonizuje sk\u00f3r\u0119, przywraca naturalne pH. Nadaje mi\u0119kko\u015b\u0107 i aksamitno\u015b\u0107. Optimalizuje dalsz\u0105 piel\u0119gnacj\u0119. Dzi\u0119ki lekkiej niet\u0142ustej konsystencji, lotion szybko si\u0119 wch\u0142ania, zmi\u0119kczaj\u0105c sk\u00f3r\u0119 i pozostawiaj\u0105c na niej przyjemny od\u015bwie\u017caj\u0105cy aromat. Zaleca si\u0119 stosowanie od 35 roku \u017cycia. ZASTOSOWANIE: Po umyciu na\u0142\u00f3\u017c na sk\u00f3r\u0119 twarzy i szyi niewielk\u0105 [...]","og_url":"https:\/\/tiandeproducts.co.uk\/pl\/lotion-do-twarzy-wielofunkcyjny\/","og_site_name":"TianDe Online Shop - Beauty &amp; Health","article_publisher":"https:\/\/www.facebook.com\/tiande.products.england\/","article_modified_time":"2019-11-01T18:47:31+00:00","og_image":[{"width":400,"height":400,"url":"https:\/\/tiandeproducts.co.uk\/wp-content\/uploads\/12114E.png","type":"image\/png"}],"twitter_card":"summary_large_image","schema":{"@context":"https:\/\/schema.org","@graph":[{"@type":"WebPage","@id":"https:\/\/tiandeproducts.co.uk\/pl\/lotion-do-twarzy-wielofunkcyjny\/","url":"https:\/\/tiandeproducts.co.uk\/pl\/lotion-do-twarzy-wielofunkcyjny\/","name":"Lotion do twarzy wielofunkcyjny,120 ml - TianDe Online Shop - Beauty &amp; Health","isPartOf":{"@id":"https:\/\/tiandeproducts.co.uk\/#website"},"primaryImageOfPage":{"@id":"https:\/\/tiandeproducts.co.uk\/pl\/lotion-do-twarzy-wielofunkcyjny\/#primaryimage"},"image":{"@id":"https:\/\/tiandeproducts.co.uk\/pl\/lotion-do-twarzy-wielofunkcyjny\/#primaryimage"},"thumbnailUrl":"https:\/\/tiandeproducts.co.uk\/wp-content\/uploads\/12114E.png","datePublished":"2016-04-21T11:59:38+00:00","dateModified":"2019-11-01T18:47:31+00:00","breadcrumb":{"@id":"https:\/\/tiandeproducts.co.uk\/pl\/lotion-do-twarzy-wielofunkcyjny\/#breadcrumb"},"inLanguage":"pl-PL","potentialAction":[{"@type":"ReadAction","target":["https:\/\/tiandeproducts.co.uk\/pl\/lotion-do-twarzy-wielofunkcyjny\/"]}]},{"@type":"ImageObject","inLanguage":"pl-PL","@id":"https:\/\/tiandeproducts.co.uk\/pl\/lotion-do-twarzy-wielofunkcyjny\/#primaryimage","url":"https:\/\/tiandeproducts.co.uk\/wp-content\/uploads\/12114E.png","contentUrl":"https:\/\/tiandeproducts.co.uk\/wp-content\/uploads\/12114E.png","width":400,"height":400},{"@type":"BreadcrumbList","@id":"https:\/\/tiandeproducts.co.uk\/pl\/lotion-do-twarzy-wielofunkcyjny\/#breadcrumb","itemListElement":[{"@type":"ListItem","position":1,"name":"Home","item":"https:\/\/tiandeproducts.co.uk\/pl\/"},{"@type":"ListItem","position":2,"name":"Shop","item":"https:\/\/tiandeproducts.co.uk\/pl\/shop-2\/"},{"@type":"ListItem","position":3,"name":"Lotion do twarzy wielofunkcyjny,120 ml"}]},{"@type":"WebSite","@id":"https:\/\/tiandeproducts.co.uk\/#website","url":"https:\/\/tiandeproducts.co.uk\/","name":"TianDe Online Shop - Beauty & Health","description":"Traditional Chinese Medicine","potentialAction":[{"@type":"SearchAction","target":{"@type":"EntryPoint","urlTemplate":"https:\/\/tiandeproducts.co.uk\/?s={search_term_string}"},"query-input":{"@type":"PropertyValueSpecification","valueRequired":true,"valueName":"search_term_string"}}],"inLanguage":"pl-PL"}]}},"_links":{"self":[{"href":"https:\/\/tiandeproducts.co.uk\/pl\/wp-json\/wp\/v2\/product\/4541","targetHints":{"allow":["GET"]}}],"collection":[{"href":"https:\/\/tiandeproducts.co.uk\/pl\/wp-json\/wp\/v2\/product"}],"about":[{"href":"https:\/\/tiandeproducts.co.uk\/pl\/wp-json\/wp\/v2\/types\/product"}],"replies":[{"embeddable":true,"href":"https:\/\/tiandeproducts.co.uk\/pl\/wp-json\/wp\/v2\/comments?post=4541"}],"wp:featuredmedia":[{"embeddable":true,"href":"https:\/\/tiandeproducts.co.uk\/pl\/wp-json\/wp\/v2\/media\/18965"}],"wp:attachment":[{"href":"https:\/\/tiandeproducts.co.uk\/pl\/wp-json\/wp\/v2\/media?parent=4541"}],"wp:term":[{"taxonomy":"product_cat","embeddable":true,"href":"https:\/\/tiandeproducts.co.uk\/pl\/wp-json\/wp\/v2\/product_cat?post=4541"},{"taxonomy":"product_tag","embeddable":true,"href":"https:\/\/tiandeproducts.co.uk\/pl\/wp-json\/wp\/v2\/product_tag?post=4541"}],"curies":[{"name":"wp","href":"https:\/\/api.w.org\/{rel}","templated":true}]}}