{"id":4531,"date":"2018-09-06T16:00:44","date_gmt":"2018-09-06T15:00:44","guid":{"rendered":"https:\/\/tnd.ontesting.co.uk\/krem-zel-do-twarzy-aquaterapia50g\/"},"modified":"2021-02-12T11:53:39","modified_gmt":"2021-02-12T11:53:39","slug":"krem-zel-do-twarzy-aquaterapia50g","status":"publish","type":"product","link":"https:\/\/tiandeproducts.co.uk\/pl\/krem-zel-do-twarzy-aquaterapia50g\/","title":{"rendered":"Krem-\u017cel do twarzy \u201eAquaterapia\u201c,50g"},"content":{"rendered":"<div class=\"description\">\n<p><img decoding=\"async\" style=\"max-width: 16px; margin-right: 5px;\" src=\"https:\/\/tiandeproducts.co.uk\/wp-content\/uploads\/points-green.svg\" \/>\u00a0Earn 38 points worth \u00a31.90 when buying this product<\/p>\n<p>Z czego s\u0142yn\u0105 francuskie Alpy? Z drogich narciarskich kurort\u00f3w, przytulnych alpejskich domk\u00f3w i&#8230; wiecznych lodowc\u00f3w, z kt\u00f3rych wiele liczy sobie tysi\u0105ce lat! Jako bazy kremu TianDe u\u017cyli\u015bmy najczystszej wody lodowca d&#8217;Argenti\u00e8re i dodali\u015bmy sk\u0142adniki aktywne. W rezultacie powsta\u0142 idealny kosmetyk do ekstremalnego nawil\u017cania.<\/p>\n<p>Krem-\u017cel do twarzy \u201eAquaterapia\u201c jest odpowiedni dla dam w ka\u017cdym wieku. Je\u015bli Twoja sk\u00f3ra wygl\u0105da na pozbawion\u0105 \u017cycia, such\u0105 i zwi\u0119dni\u0119t\u0105, \u201euga\u015b jej pragnienie\u201c wod\u0105 lodowca! Zauwa\u017cysz znacz\u0105c\u0105 zmian\u0119! Po\u017cegnaj si\u0119 z uczuciem \u015bci\u0105gni\u0119cia i sucho\u015bci &#8211; dzi\u0119ki wodzie lodowca i innym sk\u0142adnikom aktywnym kremu sk\u00f3ra b\u0119dzie maksymalnie nawil\u017cona.<\/p>\n<p>\u201eAquaterapia\u201c pomo\u017ce przywr\u00f3ci\u0107 optymaln\u0105 r\u00f3wnowag\u0119 wodn\u0105, zmniejszy zmarszczki, podaruje idealn\u0105 \u015bwie\u017co\u015b\u0107 i mi\u0119kko\u015b\u0107.<\/p>\n<\/div>\n<div class=\"instruction\">\n<p><strong>ZASTOSOWANIE:<\/strong><\/p>\n<p>Niewielk\u0105 ilo\u015b\u0107 kremu wklepa\u0107 we wcze\u015bniej oczyszczon\u0105 sk\u00f3r\u0119 twarzy i szyi, omijaj\u0105c okolice wok\u00f3\u0142 oczu.<\/p>\n<\/div>\n","protected":false},"excerpt":{"rendered":"<p>\u00a0Earn 38 points worth \u00a31.90 when buying this product Z czego s\u0142yn\u0105 francuskie Alpy? Z drogich narciarskich kurort\u00f3w, przytulnych alpejskich domk\u00f3w i&#8230; wiecznych lodowc\u00f3w, z kt\u00f3rych wiele liczy sobie tysi\u0105ce lat! Jako bazy kremu TianDe u\u017cyli\u015bmy najczystszej wody lodowca d&#8217;Argenti\u00e8re i dodali\u015bmy sk\u0142adniki aktywne. W rezultacie powsta\u0142 idealny kosmetyk do ekstremalnego nawil\u017cania. Krem-\u017cel do twarzy [&#8230;]\n","protected":false},"featured_media":1987,"comment_status":"closed","ping_status":"closed","template":"","meta":[],"product_cat":[534,746,754,901,750,876],"product_tag":[],"class_list":{"0":"post-4531","1":"product","2":"type-product","3":"status-publish","4":"has-post-thumbnail","6":"product_cat-charm-collection-pl","7":"product_cat-do-twarzy","8":"product_cat-nawilzajacy","9":"product_cat-nawodnienie-i-odzywienie","10":"product_cat-odwodniona-skora","11":"product_cat-pielegnacja-anti-aging","13":"first","14":"outofstock","15":"shipping-taxable","16":"purchasable","17":"product-type-simple"},"yoast_head":"<!-- This site is optimized with the Yoast SEO plugin v23.6 - https:\/\/yoast.com\/wordpress\/plugins\/seo\/ -->\n<title>Krem-\u017cel do twarzy \u201eAquaterapia\u201c,50g - TianDe Online Shop - Beauty &amp; Health<\/title>\n<meta name=\"robots\" content=\"index, follow, max-snippet:-1, max-image-preview:large, max-video-preview:-1\" \/>\n<link rel=\"canonical\" href=\"https:\/\/tiandeproducts.co.uk\/pl\/krem-zel-do-twarzy-aquaterapia50g\/\" \/>\n<meta property=\"og:locale\" content=\"pl_PL\" \/>\n<meta property=\"og:type\" content=\"article\" \/>\n<meta property=\"og:title\" content=\"Krem-\u017cel do twarzy \u201eAquaterapia\u201c,50g - TianDe Online Shop - Beauty &amp; Health\" \/>\n<meta property=\"og:description\" content=\"\u00a0Earn 38 points worth \u00a31.90 when buying this product Z czego s\u0142yn\u0105 francuskie Alpy? Z drogich narciarskich kurort\u00f3w, przytulnych alpejskich domk\u00f3w i&#8230; wiecznych lodowc\u00f3w, z kt\u00f3rych wiele liczy sobie tysi\u0105ce lat! Jako bazy kremu TianDe u\u017cyli\u015bmy najczystszej wody lodowca d&#8217;Argenti\u00e8re i dodali\u015bmy sk\u0142adniki aktywne. W rezultacie powsta\u0142 idealny kosmetyk do ekstremalnego nawil\u017cania. Krem-\u017cel do twarzy [...]\" \/>\n<meta property=\"og:url\" content=\"https:\/\/tiandeproducts.co.uk\/pl\/krem-zel-do-twarzy-aquaterapia50g\/\" \/>\n<meta property=\"og:site_name\" content=\"TianDe Online Shop - Beauty &amp; Health\" \/>\n<meta property=\"article:publisher\" content=\"https:\/\/www.facebook.com\/tiande.products.england\/\" \/>\n<meta property=\"article:modified_time\" content=\"2021-02-12T11:53:39+00:00\" \/>\n<meta property=\"og:image\" content=\"https:\/\/tiandeproducts.co.uk\/wp-content\/uploads\/2018\/09\/15803.1.jpg\" \/>\n\t<meta property=\"og:image:width\" content=\"700\" \/>\n\t<meta property=\"og:image:height\" content=\"700\" \/>\n\t<meta property=\"og:image:type\" content=\"image\/jpeg\" \/>\n<meta name=\"twitter:card\" content=\"summary_large_image\" \/>\n<meta name=\"twitter:label1\" content=\"Szacowany czas czytania\" \/>\n\t<meta name=\"twitter:data1\" content=\"1 minuta\" \/>\n<script type=\"application\/ld+json\" class=\"yoast-schema-graph\">{\"@context\":\"https:\/\/schema.org\",\"@graph\":[{\"@type\":\"WebPage\",\"@id\":\"https:\/\/tiandeproducts.co.uk\/pl\/krem-zel-do-twarzy-aquaterapia50g\/\",\"url\":\"https:\/\/tiandeproducts.co.uk\/pl\/krem-zel-do-twarzy-aquaterapia50g\/\",\"name\":\"Krem-\u017cel do twarzy \u201eAquaterapia\u201c,50g - TianDe Online Shop - Beauty &amp; Health\",\"isPartOf\":{\"@id\":\"https:\/\/tiandeproducts.co.uk\/#website\"},\"primaryImageOfPage\":{\"@id\":\"https:\/\/tiandeproducts.co.uk\/pl\/krem-zel-do-twarzy-aquaterapia50g\/#primaryimage\"},\"image\":{\"@id\":\"https:\/\/tiandeproducts.co.uk\/pl\/krem-zel-do-twarzy-aquaterapia50g\/#primaryimage\"},\"thumbnailUrl\":\"https:\/\/tiandeproducts.co.uk\/wp-content\/uploads\/2018\/09\/15803.1.jpg\",\"datePublished\":\"2018-09-06T15:00:44+00:00\",\"dateModified\":\"2021-02-12T11:53:39+00:00\",\"breadcrumb\":{\"@id\":\"https:\/\/tiandeproducts.co.uk\/pl\/krem-zel-do-twarzy-aquaterapia50g\/#breadcrumb\"},\"inLanguage\":\"pl-PL\",\"potentialAction\":[{\"@type\":\"ReadAction\",\"target\":[\"https:\/\/tiandeproducts.co.uk\/pl\/krem-zel-do-twarzy-aquaterapia50g\/\"]}]},{\"@type\":\"ImageObject\",\"inLanguage\":\"pl-PL\",\"@id\":\"https:\/\/tiandeproducts.co.uk\/pl\/krem-zel-do-twarzy-aquaterapia50g\/#primaryimage\",\"url\":\"https:\/\/tiandeproducts.co.uk\/wp-content\/uploads\/2018\/09\/15803.1.jpg\",\"contentUrl\":\"https:\/\/tiandeproducts.co.uk\/wp-content\/uploads\/2018\/09\/15803.1.jpg\",\"width\":700,\"height\":700,\"caption\":\"Aquatherapy Facial Cream-Gel, 50g-0\"},{\"@type\":\"BreadcrumbList\",\"@id\":\"https:\/\/tiandeproducts.co.uk\/pl\/krem-zel-do-twarzy-aquaterapia50g\/#breadcrumb\",\"itemListElement\":[{\"@type\":\"ListItem\",\"position\":1,\"name\":\"Home\",\"item\":\"https:\/\/tiandeproducts.co.uk\/pl\/\"},{\"@type\":\"ListItem\",\"position\":2,\"name\":\"Shop\",\"item\":\"https:\/\/tiandeproducts.co.uk\/pl\/shop-2\/\"},{\"@type\":\"ListItem\",\"position\":3,\"name\":\"Krem-\u017cel do twarzy \u201eAquaterapia\u201c,50g\"}]},{\"@type\":\"WebSite\",\"@id\":\"https:\/\/tiandeproducts.co.uk\/#website\",\"url\":\"https:\/\/tiandeproducts.co.uk\/\",\"name\":\"TianDe Online Shop - Beauty & Health\",\"description\":\"Traditional Chinese Medicine\",\"potentialAction\":[{\"@type\":\"SearchAction\",\"target\":{\"@type\":\"EntryPoint\",\"urlTemplate\":\"https:\/\/tiandeproducts.co.uk\/?s={search_term_string}\"},\"query-input\":{\"@type\":\"PropertyValueSpecification\",\"valueRequired\":true,\"valueName\":\"search_term_string\"}}],\"inLanguage\":\"pl-PL\"}]}<\/script>\n<!-- \/ Yoast SEO plugin. -->","yoast_head_json":{"title":"Krem-\u017cel do twarzy \u201eAquaterapia\u201c,50g - TianDe Online Shop - Beauty &amp; Health","robots":{"index":"index","follow":"follow","max-snippet":"max-snippet:-1","max-image-preview":"max-image-preview:large","max-video-preview":"max-video-preview:-1"},"canonical":"https:\/\/tiandeproducts.co.uk\/pl\/krem-zel-do-twarzy-aquaterapia50g\/","og_locale":"pl_PL","og_type":"article","og_title":"Krem-\u017cel do twarzy \u201eAquaterapia\u201c,50g - TianDe Online Shop - Beauty &amp; Health","og_description":"\u00a0Earn 38 points worth \u00a31.90 when buying this product Z czego s\u0142yn\u0105 francuskie Alpy? Z drogich narciarskich kurort\u00f3w, przytulnych alpejskich domk\u00f3w i&#8230; wiecznych lodowc\u00f3w, z kt\u00f3rych wiele liczy sobie tysi\u0105ce lat! Jako bazy kremu TianDe u\u017cyli\u015bmy najczystszej wody lodowca d&#8217;Argenti\u00e8re i dodali\u015bmy sk\u0142adniki aktywne. W rezultacie powsta\u0142 idealny kosmetyk do ekstremalnego nawil\u017cania. Krem-\u017cel do twarzy [...]","og_url":"https:\/\/tiandeproducts.co.uk\/pl\/krem-zel-do-twarzy-aquaterapia50g\/","og_site_name":"TianDe Online Shop - Beauty &amp; Health","article_publisher":"https:\/\/www.facebook.com\/tiande.products.england\/","article_modified_time":"2021-02-12T11:53:39+00:00","og_image":[{"width":700,"height":700,"url":"https:\/\/tiandeproducts.co.uk\/wp-content\/uploads\/2018\/09\/15803.1.jpg","type":"image\/jpeg"}],"twitter_card":"summary_large_image","twitter_misc":{"Szacowany czas czytania":"1 minuta"},"schema":{"@context":"https:\/\/schema.org","@graph":[{"@type":"WebPage","@id":"https:\/\/tiandeproducts.co.uk\/pl\/krem-zel-do-twarzy-aquaterapia50g\/","url":"https:\/\/tiandeproducts.co.uk\/pl\/krem-zel-do-twarzy-aquaterapia50g\/","name":"Krem-\u017cel do twarzy \u201eAquaterapia\u201c,50g - TianDe Online Shop - Beauty &amp; Health","isPartOf":{"@id":"https:\/\/tiandeproducts.co.uk\/#website"},"primaryImageOfPage":{"@id":"https:\/\/tiandeproducts.co.uk\/pl\/krem-zel-do-twarzy-aquaterapia50g\/#primaryimage"},"image":{"@id":"https:\/\/tiandeproducts.co.uk\/pl\/krem-zel-do-twarzy-aquaterapia50g\/#primaryimage"},"thumbnailUrl":"https:\/\/tiandeproducts.co.uk\/wp-content\/uploads\/2018\/09\/15803.1.jpg","datePublished":"2018-09-06T15:00:44+00:00","dateModified":"2021-02-12T11:53:39+00:00","breadcrumb":{"@id":"https:\/\/tiandeproducts.co.uk\/pl\/krem-zel-do-twarzy-aquaterapia50g\/#breadcrumb"},"inLanguage":"pl-PL","potentialAction":[{"@type":"ReadAction","target":["https:\/\/tiandeproducts.co.uk\/pl\/krem-zel-do-twarzy-aquaterapia50g\/"]}]},{"@type":"ImageObject","inLanguage":"pl-PL","@id":"https:\/\/tiandeproducts.co.uk\/pl\/krem-zel-do-twarzy-aquaterapia50g\/#primaryimage","url":"https:\/\/tiandeproducts.co.uk\/wp-content\/uploads\/2018\/09\/15803.1.jpg","contentUrl":"https:\/\/tiandeproducts.co.uk\/wp-content\/uploads\/2018\/09\/15803.1.jpg","width":700,"height":700,"caption":"Aquatherapy Facial Cream-Gel, 50g-0"},{"@type":"BreadcrumbList","@id":"https:\/\/tiandeproducts.co.uk\/pl\/krem-zel-do-twarzy-aquaterapia50g\/#breadcrumb","itemListElement":[{"@type":"ListItem","position":1,"name":"Home","item":"https:\/\/tiandeproducts.co.uk\/pl\/"},{"@type":"ListItem","position":2,"name":"Shop","item":"https:\/\/tiandeproducts.co.uk\/pl\/shop-2\/"},{"@type":"ListItem","position":3,"name":"Krem-\u017cel do twarzy \u201eAquaterapia\u201c,50g"}]},{"@type":"WebSite","@id":"https:\/\/tiandeproducts.co.uk\/#website","url":"https:\/\/tiandeproducts.co.uk\/","name":"TianDe Online Shop - Beauty & Health","description":"Traditional Chinese Medicine","potentialAction":[{"@type":"SearchAction","target":{"@type":"EntryPoint","urlTemplate":"https:\/\/tiandeproducts.co.uk\/?s={search_term_string}"},"query-input":{"@type":"PropertyValueSpecification","valueRequired":true,"valueName":"search_term_string"}}],"inLanguage":"pl-PL"}]}},"_links":{"self":[{"href":"https:\/\/tiandeproducts.co.uk\/pl\/wp-json\/wp\/v2\/product\/4531","targetHints":{"allow":["GET"]}}],"collection":[{"href":"https:\/\/tiandeproducts.co.uk\/pl\/wp-json\/wp\/v2\/product"}],"about":[{"href":"https:\/\/tiandeproducts.co.uk\/pl\/wp-json\/wp\/v2\/types\/product"}],"replies":[{"embeddable":true,"href":"https:\/\/tiandeproducts.co.uk\/pl\/wp-json\/wp\/v2\/comments?post=4531"}],"wp:featuredmedia":[{"embeddable":true,"href":"https:\/\/tiandeproducts.co.uk\/pl\/wp-json\/wp\/v2\/media\/1987"}],"wp:attachment":[{"href":"https:\/\/tiandeproducts.co.uk\/pl\/wp-json\/wp\/v2\/media?parent=4531"}],"wp:term":[{"taxonomy":"product_cat","embeddable":true,"href":"https:\/\/tiandeproducts.co.uk\/pl\/wp-json\/wp\/v2\/product_cat?post=4531"},{"taxonomy":"product_tag","embeddable":true,"href":"https:\/\/tiandeproducts.co.uk\/pl\/wp-json\/wp\/v2\/product_tag?post=4531"}],"curies":[{"name":"wp","href":"https:\/\/api.w.org\/{rel}","templated":true}]}}