{"id":4520,"date":"2017-08-15T20:07:50","date_gmt":"2017-08-15T19:07:50","guid":{"rendered":"https:\/\/tnd.ontesting.co.uk\/delikatny-szampon-subtelna-szalwia250g\/"},"modified":"2021-02-12T12:43:45","modified_gmt":"2021-02-12T12:43:45","slug":"delikatny-szampon-subtelna-szalwia250g","status":"publish","type":"product","link":"https:\/\/tiandeproducts.co.uk\/pl\/delikatny-szampon-subtelna-szalwia250g\/","title":{"rendered":"Delikatny szampon \u201eSubtelna sza\u0142wia\u201d,250g"},"content":{"rendered":"<div class=\"description\">\n<p><img decoding=\"async\" style=\"max-width: 16px; margin-right: 5px;\" src=\"https:\/\/tiandeproducts.co.uk\/wp-content\/uploads\/points-green.svg\" \/>\u00a0Earn 4 points worth \u00a30.20 when buying this product<\/p>\n<p>Twoje w\u0142osy si\u0119 przet\u0142uszczaj\u0105? Codzienne mycie g\u0142owy sta\u0142o si\u0119 uci\u0105\u017cliwe? Szampon \u201eSubtelna sza\u0142wia\u201c z linii My Family Care pomo\u017ce Ci upora\u0107 si\u0119 z tym problemem! Wyci\u0105gi uzdrawiaj\u0105cych zi\u00f3\u0142 \u0142agodnie oddzia\u0142uj\u0105 na sk\u00f3r\u0119 g\u0142owy i w\u0142osy, przywracaj\u0105c im \u015bwie\u017cy, zadbany wygl\u0105d.<\/p>\n<p>\u015awie\u017cy zapach sza\u0142wii z nut\u0105 dymu i ambry \u0142agodzi i daje uczucie ch\u0142odu. Zanurz g\u0142ow\u0119 w zapachu tajemniczego magicznego lasu!<\/p>\n<p>Delikatny szampon \u201eSubtelna sza\u0142wia\u201c spodoba si\u0119 cz\u0142onkom Twojej rodziny! A to oznacza, \u017ce pozwoli znacznie zaoszcz\u0119dzi\u0107 pieni\u0105dze z domowego bud\u017cetu wydawane na dobrej jako\u015bci piel\u0119gnacj\u0119.<\/p>\n<p>Linia My Family Care to zestaw wysokiej jako\u015bci podstawowych kosmetyk\u00f3w DLA CA\u0141EJ RODZINY w super korzystnej cenie!<\/p>\n<\/div>\n<div class=\"instruction\">\n<p><strong>ZASTOSOWANIE:<\/strong><\/p>\n<p>Spie\u0144 niewielk\u0105 ilo\u015b\u0107 szamponu w d\u0142oniach, nanie\u015b na mokre w\u0142osy, wmasuj, a nast\u0119pnie zmyj du\u017c\u0105 ilo\u015bci\u0105 wody.<\/p>\n<\/div>\n","protected":false},"excerpt":{"rendered":"<p>\u00a0Earn 4 points worth \u00a30.20 when buying this product Twoje w\u0142osy si\u0119 przet\u0142uszczaj\u0105? Codzienne mycie g\u0142owy sta\u0142o si\u0119 uci\u0105\u017cliwe? Szampon \u201eSubtelna sza\u0142wia\u201c z linii My Family Care pomo\u017ce Ci upora\u0107 si\u0119 z tym problemem! Wyci\u0105gi uzdrawiaj\u0105cych zi\u00f3\u0142 \u0142agodnie oddzia\u0142uj\u0105 na sk\u00f3r\u0119 g\u0142owy i w\u0142osy, przywracaj\u0105c im \u015bwie\u017cy, zadbany wygl\u0105d. \u015awie\u017cy zapach sza\u0142wii z nut\u0105 dymu [&#8230;]\n","protected":false},"featured_media":16694,"comment_status":"closed","ping_status":"closed","template":"","meta":[],"product_cat":[843,668,787],"product_tag":[],"class_list":{"0":"post-4520","1":"product","2":"type-product","3":"status-publish","4":"has-post-thumbnail","6":"product_cat-do-wlosow","7":"product_cat-my-family-care-pl-2","8":"product_cat-szampony","10":"first","11":"instock","12":"shipping-taxable","13":"purchasable","14":"product-type-simple"},"yoast_head":"<!-- This site is optimized with the Yoast SEO plugin v23.6 - https:\/\/yoast.com\/wordpress\/plugins\/seo\/ -->\n<title>Delikatny szampon \u201eSubtelna sza\u0142wia\u201d,250g - TianDe Online Shop - Beauty &amp; Health<\/title>\n<meta name=\"robots\" content=\"index, follow, max-snippet:-1, max-image-preview:large, max-video-preview:-1\" \/>\n<link rel=\"canonical\" href=\"https:\/\/tiandeproducts.co.uk\/pl\/delikatny-szampon-subtelna-szalwia250g\/\" \/>\n<meta property=\"og:locale\" content=\"pl_PL\" \/>\n<meta property=\"og:type\" content=\"article\" \/>\n<meta property=\"og:title\" content=\"Delikatny szampon \u201eSubtelna sza\u0142wia\u201d,250g - TianDe Online Shop - Beauty &amp; Health\" \/>\n<meta property=\"og:description\" content=\"\u00a0Earn 4 points worth \u00a30.20 when buying this product Twoje w\u0142osy si\u0119 przet\u0142uszczaj\u0105? Codzienne mycie g\u0142owy sta\u0142o si\u0119 uci\u0105\u017cliwe? Szampon \u201eSubtelna sza\u0142wia\u201c z linii My Family Care pomo\u017ce Ci upora\u0107 si\u0119 z tym problemem! Wyci\u0105gi uzdrawiaj\u0105cych zi\u00f3\u0142 \u0142agodnie oddzia\u0142uj\u0105 na sk\u00f3r\u0119 g\u0142owy i w\u0142osy, przywracaj\u0105c im \u015bwie\u017cy, zadbany wygl\u0105d. \u015awie\u017cy zapach sza\u0142wii z nut\u0105 dymu [...]\" \/>\n<meta property=\"og:url\" content=\"https:\/\/tiandeproducts.co.uk\/pl\/delikatny-szampon-subtelna-szalwia250g\/\" \/>\n<meta property=\"og:site_name\" content=\"TianDe Online Shop - Beauty &amp; Health\" \/>\n<meta property=\"article:publisher\" content=\"https:\/\/www.facebook.com\/tiande.products.england\/\" \/>\n<meta property=\"article:modified_time\" content=\"2021-02-12T12:43:45+00:00\" \/>\n<meta property=\"og:image\" content=\"https:\/\/tiandeproducts.co.uk\/wp-content\/uploads\/346546.png\" \/>\n\t<meta property=\"og:image:width\" content=\"700\" \/>\n\t<meta property=\"og:image:height\" content=\"700\" \/>\n\t<meta property=\"og:image:type\" content=\"image\/png\" \/>\n<meta name=\"twitter:card\" content=\"summary_large_image\" \/>\n<meta name=\"twitter:label1\" content=\"Szacowany czas czytania\" \/>\n\t<meta name=\"twitter:data1\" content=\"1 minuta\" \/>\n<script type=\"application\/ld+json\" class=\"yoast-schema-graph\">{\"@context\":\"https:\/\/schema.org\",\"@graph\":[{\"@type\":\"WebPage\",\"@id\":\"https:\/\/tiandeproducts.co.uk\/pl\/delikatny-szampon-subtelna-szalwia250g\/\",\"url\":\"https:\/\/tiandeproducts.co.uk\/pl\/delikatny-szampon-subtelna-szalwia250g\/\",\"name\":\"Delikatny szampon \u201eSubtelna sza\u0142wia\u201d,250g - TianDe Online Shop - Beauty &amp; Health\",\"isPartOf\":{\"@id\":\"https:\/\/tiandeproducts.co.uk\/#website\"},\"primaryImageOfPage\":{\"@id\":\"https:\/\/tiandeproducts.co.uk\/pl\/delikatny-szampon-subtelna-szalwia250g\/#primaryimage\"},\"image\":{\"@id\":\"https:\/\/tiandeproducts.co.uk\/pl\/delikatny-szampon-subtelna-szalwia250g\/#primaryimage\"},\"thumbnailUrl\":\"https:\/\/tiandeproducts.co.uk\/wp-content\/uploads\/346546.png\",\"datePublished\":\"2017-08-15T19:07:50+00:00\",\"dateModified\":\"2021-02-12T12:43:45+00:00\",\"breadcrumb\":{\"@id\":\"https:\/\/tiandeproducts.co.uk\/pl\/delikatny-szampon-subtelna-szalwia250g\/#breadcrumb\"},\"inLanguage\":\"pl-PL\",\"potentialAction\":[{\"@type\":\"ReadAction\",\"target\":[\"https:\/\/tiandeproducts.co.uk\/pl\/delikatny-szampon-subtelna-szalwia250g\/\"]}]},{\"@type\":\"ImageObject\",\"inLanguage\":\"pl-PL\",\"@id\":\"https:\/\/tiandeproducts.co.uk\/pl\/delikatny-szampon-subtelna-szalwia250g\/#primaryimage\",\"url\":\"https:\/\/tiandeproducts.co.uk\/wp-content\/uploads\/346546.png\",\"contentUrl\":\"https:\/\/tiandeproducts.co.uk\/wp-content\/uploads\/346546.png\",\"width\":700,\"height\":700},{\"@type\":\"BreadcrumbList\",\"@id\":\"https:\/\/tiandeproducts.co.uk\/pl\/delikatny-szampon-subtelna-szalwia250g\/#breadcrumb\",\"itemListElement\":[{\"@type\":\"ListItem\",\"position\":1,\"name\":\"Home\",\"item\":\"https:\/\/tiandeproducts.co.uk\/pl\/\"},{\"@type\":\"ListItem\",\"position\":2,\"name\":\"Shop\",\"item\":\"https:\/\/tiandeproducts.co.uk\/pl\/shop-2\/\"},{\"@type\":\"ListItem\",\"position\":3,\"name\":\"Delikatny szampon \u201eSubtelna sza\u0142wia\u201d,250g\"}]},{\"@type\":\"WebSite\",\"@id\":\"https:\/\/tiandeproducts.co.uk\/#website\",\"url\":\"https:\/\/tiandeproducts.co.uk\/\",\"name\":\"TianDe Online Shop - Beauty & Health\",\"description\":\"Traditional Chinese Medicine\",\"potentialAction\":[{\"@type\":\"SearchAction\",\"target\":{\"@type\":\"EntryPoint\",\"urlTemplate\":\"https:\/\/tiandeproducts.co.uk\/?s={search_term_string}\"},\"query-input\":{\"@type\":\"PropertyValueSpecification\",\"valueRequired\":true,\"valueName\":\"search_term_string\"}}],\"inLanguage\":\"pl-PL\"}]}<\/script>\n<!-- \/ Yoast SEO plugin. -->","yoast_head_json":{"title":"Delikatny szampon \u201eSubtelna sza\u0142wia\u201d,250g - TianDe Online Shop - Beauty &amp; Health","robots":{"index":"index","follow":"follow","max-snippet":"max-snippet:-1","max-image-preview":"max-image-preview:large","max-video-preview":"max-video-preview:-1"},"canonical":"https:\/\/tiandeproducts.co.uk\/pl\/delikatny-szampon-subtelna-szalwia250g\/","og_locale":"pl_PL","og_type":"article","og_title":"Delikatny szampon \u201eSubtelna sza\u0142wia\u201d,250g - TianDe Online Shop - Beauty &amp; Health","og_description":"\u00a0Earn 4 points worth \u00a30.20 when buying this product Twoje w\u0142osy si\u0119 przet\u0142uszczaj\u0105? Codzienne mycie g\u0142owy sta\u0142o si\u0119 uci\u0105\u017cliwe? Szampon \u201eSubtelna sza\u0142wia\u201c z linii My Family Care pomo\u017ce Ci upora\u0107 si\u0119 z tym problemem! Wyci\u0105gi uzdrawiaj\u0105cych zi\u00f3\u0142 \u0142agodnie oddzia\u0142uj\u0105 na sk\u00f3r\u0119 g\u0142owy i w\u0142osy, przywracaj\u0105c im \u015bwie\u017cy, zadbany wygl\u0105d. \u015awie\u017cy zapach sza\u0142wii z nut\u0105 dymu [...]","og_url":"https:\/\/tiandeproducts.co.uk\/pl\/delikatny-szampon-subtelna-szalwia250g\/","og_site_name":"TianDe Online Shop - Beauty &amp; Health","article_publisher":"https:\/\/www.facebook.com\/tiande.products.england\/","article_modified_time":"2021-02-12T12:43:45+00:00","og_image":[{"width":700,"height":700,"url":"https:\/\/tiandeproducts.co.uk\/wp-content\/uploads\/346546.png","type":"image\/png"}],"twitter_card":"summary_large_image","twitter_misc":{"Szacowany czas czytania":"1 minuta"},"schema":{"@context":"https:\/\/schema.org","@graph":[{"@type":"WebPage","@id":"https:\/\/tiandeproducts.co.uk\/pl\/delikatny-szampon-subtelna-szalwia250g\/","url":"https:\/\/tiandeproducts.co.uk\/pl\/delikatny-szampon-subtelna-szalwia250g\/","name":"Delikatny szampon \u201eSubtelna sza\u0142wia\u201d,250g - TianDe Online Shop - Beauty &amp; Health","isPartOf":{"@id":"https:\/\/tiandeproducts.co.uk\/#website"},"primaryImageOfPage":{"@id":"https:\/\/tiandeproducts.co.uk\/pl\/delikatny-szampon-subtelna-szalwia250g\/#primaryimage"},"image":{"@id":"https:\/\/tiandeproducts.co.uk\/pl\/delikatny-szampon-subtelna-szalwia250g\/#primaryimage"},"thumbnailUrl":"https:\/\/tiandeproducts.co.uk\/wp-content\/uploads\/346546.png","datePublished":"2017-08-15T19:07:50+00:00","dateModified":"2021-02-12T12:43:45+00:00","breadcrumb":{"@id":"https:\/\/tiandeproducts.co.uk\/pl\/delikatny-szampon-subtelna-szalwia250g\/#breadcrumb"},"inLanguage":"pl-PL","potentialAction":[{"@type":"ReadAction","target":["https:\/\/tiandeproducts.co.uk\/pl\/delikatny-szampon-subtelna-szalwia250g\/"]}]},{"@type":"ImageObject","inLanguage":"pl-PL","@id":"https:\/\/tiandeproducts.co.uk\/pl\/delikatny-szampon-subtelna-szalwia250g\/#primaryimage","url":"https:\/\/tiandeproducts.co.uk\/wp-content\/uploads\/346546.png","contentUrl":"https:\/\/tiandeproducts.co.uk\/wp-content\/uploads\/346546.png","width":700,"height":700},{"@type":"BreadcrumbList","@id":"https:\/\/tiandeproducts.co.uk\/pl\/delikatny-szampon-subtelna-szalwia250g\/#breadcrumb","itemListElement":[{"@type":"ListItem","position":1,"name":"Home","item":"https:\/\/tiandeproducts.co.uk\/pl\/"},{"@type":"ListItem","position":2,"name":"Shop","item":"https:\/\/tiandeproducts.co.uk\/pl\/shop-2\/"},{"@type":"ListItem","position":3,"name":"Delikatny szampon \u201eSubtelna sza\u0142wia\u201d,250g"}]},{"@type":"WebSite","@id":"https:\/\/tiandeproducts.co.uk\/#website","url":"https:\/\/tiandeproducts.co.uk\/","name":"TianDe Online Shop - Beauty & Health","description":"Traditional Chinese Medicine","potentialAction":[{"@type":"SearchAction","target":{"@type":"EntryPoint","urlTemplate":"https:\/\/tiandeproducts.co.uk\/?s={search_term_string}"},"query-input":{"@type":"PropertyValueSpecification","valueRequired":true,"valueName":"search_term_string"}}],"inLanguage":"pl-PL"}]}},"_links":{"self":[{"href":"https:\/\/tiandeproducts.co.uk\/pl\/wp-json\/wp\/v2\/product\/4520","targetHints":{"allow":["GET"]}}],"collection":[{"href":"https:\/\/tiandeproducts.co.uk\/pl\/wp-json\/wp\/v2\/product"}],"about":[{"href":"https:\/\/tiandeproducts.co.uk\/pl\/wp-json\/wp\/v2\/types\/product"}],"replies":[{"embeddable":true,"href":"https:\/\/tiandeproducts.co.uk\/pl\/wp-json\/wp\/v2\/comments?post=4520"}],"wp:featuredmedia":[{"embeddable":true,"href":"https:\/\/tiandeproducts.co.uk\/pl\/wp-json\/wp\/v2\/media\/16694"}],"wp:attachment":[{"href":"https:\/\/tiandeproducts.co.uk\/pl\/wp-json\/wp\/v2\/media?parent=4520"}],"wp:term":[{"taxonomy":"product_cat","embeddable":true,"href":"https:\/\/tiandeproducts.co.uk\/pl\/wp-json\/wp\/v2\/product_cat?post=4520"},{"taxonomy":"product_tag","embeddable":true,"href":"https:\/\/tiandeproducts.co.uk\/pl\/wp-json\/wp\/v2\/product_tag?post=4520"}],"curies":[{"name":"wp","href":"https:\/\/api.w.org\/{rel}","templated":true}]}}