{"id":4508,"date":"2017-03-27T12:42:06","date_gmt":"2017-03-27T11:42:06","guid":{"rendered":"https:\/\/tnd.ontesting.co.uk\/szampon-maseczka-z-keratyna-do-wlosow-farbowanych8g\/"},"modified":"2021-02-25T11:51:33","modified_gmt":"2021-02-25T11:51:33","slug":"szampon-maseczka-z-keratyna-do-wlosow-farbowanych8g","status":"publish","type":"product","link":"https:\/\/tiandeproducts.co.uk\/pl\/szampon-maseczka-z-keratyna-do-wlosow-farbowanych8g\/","title":{"rendered":"Szampon-maseczka z keratyn\u0105 do w\u0142os\u00f3w farbowanych,8g"},"content":{"rendered":"<div class=\"description\">\n<p><img decoding=\"async\" style=\"max-width: 16px; margin-right: 5px;\" src=\"https:\/\/tiandeproducts.co.uk\/wp-content\/uploads\/points-green.svg\" \/>\u00a0Earn 1 points worth \u00a30.05 when buying this product<\/p>\n<p>Dzi\u0119ki znajduj\u0105cemu si\u0119 w szamponie-maseczce TianDe kompleksowi Silsoft Q w\u0142osy farbowane zachowuj\u0105 kolor przez 7-8 tygodni! Za regeneracj\u0119 struktury w\u0142os\u00f3w w sk\u0142adzie preparatu odpowiedzialne s\u0105 naturalne bia\u0142ka &#8211; keratyny. Szampon-maseczka nie zawiera siarczan\u00f3w i paraben\u00f3w, co sprzyja \u0142agodnemu oczyszczaniu w\u0142os\u00f3w i sk\u00f3ry g\u0142owy, jest dodatkowym czynnikiem chroni\u0105cym kolor i wyd\u0142u\u017ca efekt keratynowego prostowania i laminowania w\u0142os\u00f3w.<\/p>\n<p>Szampon-maseczka z keratynami do w\u0142os\u00f3w farbowanych TianDe to kosmetyk 2 w 1: delikatne oczyszczanie + piel\u0119gnacja. Po zastosowaniu szamponu nie musisz dodatkowo u\u017cywa\u0107 balsamu. Szampon-maseczka TianDe idealnie nadaje si\u0119 do co-washingu &#8211; popularnego zabiegu mycia g\u0142owy od\u017cywk\u0105, kt\u00f3ra rozwi\u0105zuje problemy w\u0142os\u00f3w zm\u0119czonych farbowaniem, uk\u0142adaniem na gor\u0105co, tapirowaniem, kr\u0119ceniem i pozosta\u0142ymi \u015brodkami upi\u0119kszaj\u0105cymi.<\/p>\n<\/div>\n<div class=\"instruction\">\n<p><strong>ZASTOSOWANIE:<\/strong><\/p>\n<p>Nanie\u015b\u0107 na mokre w\u0142osy, wmasowa\u0107, po up\u0142ywie 2-3 minut dok\u0142adnie zmy\u0107 wod\u0105.<\/p>\n<\/div>\n","protected":false},"excerpt":{"rendered":"<p>\u00a0Earn 1 points worth \u00a30.05 when buying this product Dzi\u0119ki znajduj\u0105cemu si\u0119 w szamponie-maseczce TianDe kompleksowi Silsoft Q w\u0142osy farbowane zachowuj\u0105 kolor przez 7-8 tygodni! Za regeneracj\u0119 struktury w\u0142os\u00f3w w sk\u0142adzie preparatu odpowiedzialne s\u0105 naturalne bia\u0142ka &#8211; keratyny. Szampon-maseczka nie zawiera siarczan\u00f3w i paraben\u00f3w, co sprzyja \u0142agodnemu oczyszczaniu w\u0142os\u00f3w i sk\u00f3ry g\u0142owy, jest dodatkowym czynnikiem [&#8230;]\n","protected":false},"featured_media":1493,"comment_status":"closed","ping_status":"closed","template":"","meta":[],"product_cat":[843,787],"product_tag":[],"class_list":{"0":"post-4508","1":"product","2":"type-product","3":"status-publish","4":"has-post-thumbnail","6":"product_cat-do-wlosow","7":"product_cat-szampony","9":"first","10":"outofstock","11":"shipping-taxable","12":"purchasable","13":"product-type-simple"},"yoast_head":"<!-- This site is optimized with the Yoast SEO plugin v23.6 - https:\/\/yoast.com\/wordpress\/plugins\/seo\/ -->\n<title>Szampon-maseczka z keratyn\u0105 do w\u0142os\u00f3w farbowanych,8g - TianDe Online Shop - Beauty &amp; Health<\/title>\n<meta name=\"robots\" content=\"index, follow, max-snippet:-1, max-image-preview:large, max-video-preview:-1\" \/>\n<link rel=\"canonical\" href=\"https:\/\/tiandeproducts.co.uk\/pl\/szampon-maseczka-z-keratyna-do-wlosow-farbowanych8g\/\" \/>\n<meta property=\"og:locale\" content=\"pl_PL\" \/>\n<meta property=\"og:type\" content=\"article\" \/>\n<meta property=\"og:title\" content=\"Szampon-maseczka z keratyn\u0105 do w\u0142os\u00f3w farbowanych,8g - TianDe Online Shop - Beauty &amp; Health\" \/>\n<meta property=\"og:description\" content=\"\u00a0Earn 1 points worth \u00a30.05 when buying this product Dzi\u0119ki znajduj\u0105cemu si\u0119 w szamponie-maseczce TianDe kompleksowi Silsoft Q w\u0142osy farbowane zachowuj\u0105 kolor przez 7-8 tygodni! Za regeneracj\u0119 struktury w\u0142os\u00f3w w sk\u0142adzie preparatu odpowiedzialne s\u0105 naturalne bia\u0142ka &#8211; keratyny. Szampon-maseczka nie zawiera siarczan\u00f3w i paraben\u00f3w, co sprzyja \u0142agodnemu oczyszczaniu w\u0142os\u00f3w i sk\u00f3ry g\u0142owy, jest dodatkowym czynnikiem [...]\" \/>\n<meta property=\"og:url\" content=\"https:\/\/tiandeproducts.co.uk\/pl\/szampon-maseczka-z-keratyna-do-wlosow-farbowanych8g\/\" \/>\n<meta property=\"og:site_name\" content=\"TianDe Online Shop - Beauty &amp; Health\" \/>\n<meta property=\"article:publisher\" content=\"https:\/\/www.facebook.com\/tiande.products.england\/\" \/>\n<meta property=\"article:modified_time\" content=\"2021-02-25T11:51:33+00:00\" \/>\n<meta property=\"og:image\" content=\"https:\/\/tiandeproducts.co.uk\/wp-content\/uploads\/2017\/03\/20142.jpg\" \/>\n\t<meta property=\"og:image:width\" content=\"800\" \/>\n\t<meta property=\"og:image:height\" content=\"800\" \/>\n\t<meta property=\"og:image:type\" content=\"image\/jpeg\" \/>\n<meta name=\"twitter:card\" content=\"summary_large_image\" \/>\n<meta name=\"twitter:label1\" content=\"Szacowany czas czytania\" \/>\n\t<meta name=\"twitter:data1\" content=\"1 minuta\" \/>\n<script type=\"application\/ld+json\" class=\"yoast-schema-graph\">{\"@context\":\"https:\/\/schema.org\",\"@graph\":[{\"@type\":\"WebPage\",\"@id\":\"https:\/\/tiandeproducts.co.uk\/pl\/szampon-maseczka-z-keratyna-do-wlosow-farbowanych8g\/\",\"url\":\"https:\/\/tiandeproducts.co.uk\/pl\/szampon-maseczka-z-keratyna-do-wlosow-farbowanych8g\/\",\"name\":\"Szampon-maseczka z keratyn\u0105 do w\u0142os\u00f3w farbowanych,8g - TianDe Online Shop - Beauty &amp; Health\",\"isPartOf\":{\"@id\":\"https:\/\/tiandeproducts.co.uk\/#website\"},\"primaryImageOfPage\":{\"@id\":\"https:\/\/tiandeproducts.co.uk\/pl\/szampon-maseczka-z-keratyna-do-wlosow-farbowanych8g\/#primaryimage\"},\"image\":{\"@id\":\"https:\/\/tiandeproducts.co.uk\/pl\/szampon-maseczka-z-keratyna-do-wlosow-farbowanych8g\/#primaryimage\"},\"thumbnailUrl\":\"https:\/\/tiandeproducts.co.uk\/wp-content\/uploads\/2017\/03\/20142.jpg\",\"datePublished\":\"2017-03-27T11:42:06+00:00\",\"dateModified\":\"2021-02-25T11:51:33+00:00\",\"breadcrumb\":{\"@id\":\"https:\/\/tiandeproducts.co.uk\/pl\/szampon-maseczka-z-keratyna-do-wlosow-farbowanych8g\/#breadcrumb\"},\"inLanguage\":\"pl-PL\",\"potentialAction\":[{\"@type\":\"ReadAction\",\"target\":[\"https:\/\/tiandeproducts.co.uk\/pl\/szampon-maseczka-z-keratyna-do-wlosow-farbowanych8g\/\"]}]},{\"@type\":\"ImageObject\",\"inLanguage\":\"pl-PL\",\"@id\":\"https:\/\/tiandeproducts.co.uk\/pl\/szampon-maseczka-z-keratyna-do-wlosow-farbowanych8g\/#primaryimage\",\"url\":\"https:\/\/tiandeproducts.co.uk\/wp-content\/uploads\/2017\/03\/20142.jpg\",\"contentUrl\":\"https:\/\/tiandeproducts.co.uk\/wp-content\/uploads\/2017\/03\/20142.jpg\",\"width\":800,\"height\":800,\"caption\":\"Shampoo - Mask With Keratin For Colour - Treated Hair,8g sample-0\"},{\"@type\":\"BreadcrumbList\",\"@id\":\"https:\/\/tiandeproducts.co.uk\/pl\/szampon-maseczka-z-keratyna-do-wlosow-farbowanych8g\/#breadcrumb\",\"itemListElement\":[{\"@type\":\"ListItem\",\"position\":1,\"name\":\"Home\",\"item\":\"https:\/\/tiandeproducts.co.uk\/pl\/\"},{\"@type\":\"ListItem\",\"position\":2,\"name\":\"Shop\",\"item\":\"https:\/\/tiandeproducts.co.uk\/pl\/shop-2\/\"},{\"@type\":\"ListItem\",\"position\":3,\"name\":\"Szampon-maseczka z keratyn\u0105 do w\u0142os\u00f3w farbowanych,8g\"}]},{\"@type\":\"WebSite\",\"@id\":\"https:\/\/tiandeproducts.co.uk\/#website\",\"url\":\"https:\/\/tiandeproducts.co.uk\/\",\"name\":\"TianDe Online Shop - Beauty & Health\",\"description\":\"Traditional Chinese Medicine\",\"potentialAction\":[{\"@type\":\"SearchAction\",\"target\":{\"@type\":\"EntryPoint\",\"urlTemplate\":\"https:\/\/tiandeproducts.co.uk\/?s={search_term_string}\"},\"query-input\":{\"@type\":\"PropertyValueSpecification\",\"valueRequired\":true,\"valueName\":\"search_term_string\"}}],\"inLanguage\":\"pl-PL\"}]}<\/script>\n<!-- \/ Yoast SEO plugin. -->","yoast_head_json":{"title":"Szampon-maseczka z keratyn\u0105 do w\u0142os\u00f3w farbowanych,8g - TianDe Online Shop - Beauty &amp; Health","robots":{"index":"index","follow":"follow","max-snippet":"max-snippet:-1","max-image-preview":"max-image-preview:large","max-video-preview":"max-video-preview:-1"},"canonical":"https:\/\/tiandeproducts.co.uk\/pl\/szampon-maseczka-z-keratyna-do-wlosow-farbowanych8g\/","og_locale":"pl_PL","og_type":"article","og_title":"Szampon-maseczka z keratyn\u0105 do w\u0142os\u00f3w farbowanych,8g - TianDe Online Shop - Beauty &amp; Health","og_description":"\u00a0Earn 1 points worth \u00a30.05 when buying this product Dzi\u0119ki znajduj\u0105cemu si\u0119 w szamponie-maseczce TianDe kompleksowi Silsoft Q w\u0142osy farbowane zachowuj\u0105 kolor przez 7-8 tygodni! Za regeneracj\u0119 struktury w\u0142os\u00f3w w sk\u0142adzie preparatu odpowiedzialne s\u0105 naturalne bia\u0142ka &#8211; keratyny. Szampon-maseczka nie zawiera siarczan\u00f3w i paraben\u00f3w, co sprzyja \u0142agodnemu oczyszczaniu w\u0142os\u00f3w i sk\u00f3ry g\u0142owy, jest dodatkowym czynnikiem [...]","og_url":"https:\/\/tiandeproducts.co.uk\/pl\/szampon-maseczka-z-keratyna-do-wlosow-farbowanych8g\/","og_site_name":"TianDe Online Shop - Beauty &amp; Health","article_publisher":"https:\/\/www.facebook.com\/tiande.products.england\/","article_modified_time":"2021-02-25T11:51:33+00:00","og_image":[{"width":800,"height":800,"url":"https:\/\/tiandeproducts.co.uk\/wp-content\/uploads\/2017\/03\/20142.jpg","type":"image\/jpeg"}],"twitter_card":"summary_large_image","twitter_misc":{"Szacowany czas czytania":"1 minuta"},"schema":{"@context":"https:\/\/schema.org","@graph":[{"@type":"WebPage","@id":"https:\/\/tiandeproducts.co.uk\/pl\/szampon-maseczka-z-keratyna-do-wlosow-farbowanych8g\/","url":"https:\/\/tiandeproducts.co.uk\/pl\/szampon-maseczka-z-keratyna-do-wlosow-farbowanych8g\/","name":"Szampon-maseczka z keratyn\u0105 do w\u0142os\u00f3w farbowanych,8g - TianDe Online Shop - Beauty &amp; Health","isPartOf":{"@id":"https:\/\/tiandeproducts.co.uk\/#website"},"primaryImageOfPage":{"@id":"https:\/\/tiandeproducts.co.uk\/pl\/szampon-maseczka-z-keratyna-do-wlosow-farbowanych8g\/#primaryimage"},"image":{"@id":"https:\/\/tiandeproducts.co.uk\/pl\/szampon-maseczka-z-keratyna-do-wlosow-farbowanych8g\/#primaryimage"},"thumbnailUrl":"https:\/\/tiandeproducts.co.uk\/wp-content\/uploads\/2017\/03\/20142.jpg","datePublished":"2017-03-27T11:42:06+00:00","dateModified":"2021-02-25T11:51:33+00:00","breadcrumb":{"@id":"https:\/\/tiandeproducts.co.uk\/pl\/szampon-maseczka-z-keratyna-do-wlosow-farbowanych8g\/#breadcrumb"},"inLanguage":"pl-PL","potentialAction":[{"@type":"ReadAction","target":["https:\/\/tiandeproducts.co.uk\/pl\/szampon-maseczka-z-keratyna-do-wlosow-farbowanych8g\/"]}]},{"@type":"ImageObject","inLanguage":"pl-PL","@id":"https:\/\/tiandeproducts.co.uk\/pl\/szampon-maseczka-z-keratyna-do-wlosow-farbowanych8g\/#primaryimage","url":"https:\/\/tiandeproducts.co.uk\/wp-content\/uploads\/2017\/03\/20142.jpg","contentUrl":"https:\/\/tiandeproducts.co.uk\/wp-content\/uploads\/2017\/03\/20142.jpg","width":800,"height":800,"caption":"Shampoo - Mask With Keratin For Colour - Treated Hair,8g sample-0"},{"@type":"BreadcrumbList","@id":"https:\/\/tiandeproducts.co.uk\/pl\/szampon-maseczka-z-keratyna-do-wlosow-farbowanych8g\/#breadcrumb","itemListElement":[{"@type":"ListItem","position":1,"name":"Home","item":"https:\/\/tiandeproducts.co.uk\/pl\/"},{"@type":"ListItem","position":2,"name":"Shop","item":"https:\/\/tiandeproducts.co.uk\/pl\/shop-2\/"},{"@type":"ListItem","position":3,"name":"Szampon-maseczka z keratyn\u0105 do w\u0142os\u00f3w farbowanych,8g"}]},{"@type":"WebSite","@id":"https:\/\/tiandeproducts.co.uk\/#website","url":"https:\/\/tiandeproducts.co.uk\/","name":"TianDe Online Shop - Beauty & Health","description":"Traditional Chinese Medicine","potentialAction":[{"@type":"SearchAction","target":{"@type":"EntryPoint","urlTemplate":"https:\/\/tiandeproducts.co.uk\/?s={search_term_string}"},"query-input":{"@type":"PropertyValueSpecification","valueRequired":true,"valueName":"search_term_string"}}],"inLanguage":"pl-PL"}]}},"_links":{"self":[{"href":"https:\/\/tiandeproducts.co.uk\/pl\/wp-json\/wp\/v2\/product\/4508","targetHints":{"allow":["GET"]}}],"collection":[{"href":"https:\/\/tiandeproducts.co.uk\/pl\/wp-json\/wp\/v2\/product"}],"about":[{"href":"https:\/\/tiandeproducts.co.uk\/pl\/wp-json\/wp\/v2\/types\/product"}],"replies":[{"embeddable":true,"href":"https:\/\/tiandeproducts.co.uk\/pl\/wp-json\/wp\/v2\/comments?post=4508"}],"wp:featuredmedia":[{"embeddable":true,"href":"https:\/\/tiandeproducts.co.uk\/pl\/wp-json\/wp\/v2\/media\/1493"}],"wp:attachment":[{"href":"https:\/\/tiandeproducts.co.uk\/pl\/wp-json\/wp\/v2\/media?parent=4508"}],"wp:term":[{"taxonomy":"product_cat","embeddable":true,"href":"https:\/\/tiandeproducts.co.uk\/pl\/wp-json\/wp\/v2\/product_cat?post=4508"},{"taxonomy":"product_tag","embeddable":true,"href":"https:\/\/tiandeproducts.co.uk\/pl\/wp-json\/wp\/v2\/product_tag?post=4508"}],"curies":[{"name":"wp","href":"https:\/\/api.w.org\/{rel}","templated":true}]}}