{"id":4506,"date":"2018-11-13T13:31:51","date_gmt":"2018-11-13T13:31:51","guid":{"rendered":"https:\/\/tnd.ontesting.co.uk\/szampon-receptura-starozytnych-chin220g\/"},"modified":"2021-02-12T11:42:11","modified_gmt":"2021-02-12T11:42:11","slug":"szampon-receptura-starozytnych-chin220g","status":"publish","type":"product","link":"https:\/\/tiandeproducts.co.uk\/pl\/szampon-receptura-starozytnych-chin220g\/","title":{"rendered":"Szampon \u201eReceptura staro\u017cytnych Chin\u201d,220g"},"content":{"rendered":"<div class=\"description\">\n<p><img decoding=\"async\" style=\"max-width: 16px; margin-right: 5px;\" src=\"https:\/\/tiandeproducts.co.uk\/wp-content\/uploads\/points-green.svg\" \/>\u00a0Earn 12 points worth \u00a30.60 when buying this product<\/p>\n<p>W\u0142osy Chinek zawsze s\u0142yn\u0119\u0142y ze swojej si\u0142y, g\u0119sto\u015bci i \u201ejedwabistej\u201c struktury. Chcia\u0142aby\u015b te\u017c takie mie\u0107? U\u017cywaj kosmetyk\u00f3w stworzonych na bazie wyj\u0105tkowego kompleksu wzmacniaj\u0105cego z wyci\u0105g\u00f3w legendarnych ro\u015blin Wschodu!<\/p>\n<p>Szampon do w\u0142os\u00f3w \u201eReceptura Staro\u017cytnych Chin\u201c pomo\u017ce przywr\u00f3ci\u0107 Twoim w\u0142osom pierwotn\u0105 si\u0142\u0119! Dzi\u0119ki zawartym w nim sk\u0142adnikom skutecznie likwiduje \u015bwi\u0105d sk\u00f3ry g\u0142owy i zapobiega powstawaniu \u0142upie\u017cu.<\/p>\n<p>Kompleks wzmacniaj\u0105cy z wyci\u0105g\u00f3w korzenia fo-ti, imbiru, lukrecji sprawia, \u017ce w\u0142osy s\u0105 mocne, mi\u0119kkie i elastyczne, wspomaga regeneracj\u0119 ich struktury i zachowuje naturalny odcie\u0144.<\/p>\n<p>A propos, nazwa poligonii (fo-ti) w t\u0142umaczeniu to \u201eg\u0142owa starca w kolorze wroniego skrzyd\u0142a\u201c. Zgodnie z chi\u0144sk\u0105 legend\u0105 siwy m\u0105dry starzec za pomoc\u0105 tej ro\u015bliny zregenerowa\u0142 swoje w\u0142osy, przywracaj\u0105c im g\u0142\u0119boki kolor.<\/p>\n<p>U\u017cywaj szamponu wraz z balsamem-od\u017cywk\u0105 \u201eReceptura Staro\u017cytnych Chin\u201c. Kosmetyki te idealnie si\u0119 uzupe\u0142niaj\u0105, wzmacniaj\u0105c efekt regularnego stosowania.<\/p>\n<\/div>\n<div class=\"instruction\">\n<p><strong>ZASTOSOWANIE:<\/strong><\/p>\n<p>Na\u0142\u00f3\u017c szampon na mokre w\u0142osy, wmasuj, a nast\u0119pnie sp\u0142ucz.<\/p>\n<\/div>\n","protected":false},"excerpt":{"rendered":"<p>\u00a0Earn 12 points worth \u00a30.60 when buying this product W\u0142osy Chinek zawsze s\u0142yn\u0119\u0142y ze swojej si\u0142y, g\u0119sto\u015bci i \u201ejedwabistej\u201c struktury. Chcia\u0142aby\u015b te\u017c takie mie\u0107? U\u017cywaj kosmetyk\u00f3w stworzonych na bazie wyj\u0105tkowego kompleksu wzmacniaj\u0105cego z wyci\u0105g\u00f3w legendarnych ro\u015blin Wschodu! Szampon do w\u0142os\u00f3w \u201eReceptura Staro\u017cytnych Chin\u201c pomo\u017ce przywr\u00f3ci\u0107 Twoim w\u0142osom pierwotn\u0105 si\u0142\u0119! Dzi\u0119ki zawartym w nim sk\u0142adnikom skutecznie [&#8230;]\n","protected":false},"featured_media":2087,"comment_status":"closed","ping_status":"closed","template":"","meta":[],"product_cat":[843,847,787],"product_tag":[],"class_list":{"0":"post-4506","1":"product","2":"type-product","3":"status-publish","4":"has-post-thumbnail","6":"product_cat-do-wlosow","7":"product_cat-mlodosc-wlosow","8":"product_cat-szampony","10":"first","11":"outofstock","12":"shipping-taxable","13":"purchasable","14":"product-type-simple"},"yoast_head":"<!-- This site is optimized with the Yoast SEO plugin v23.6 - https:\/\/yoast.com\/wordpress\/plugins\/seo\/ -->\n<title>Szampon \u201eReceptura staro\u017cytnych Chin\u201d,220g - TianDe Online Shop - Beauty &amp; Health<\/title>\n<meta name=\"robots\" content=\"index, follow, max-snippet:-1, max-image-preview:large, max-video-preview:-1\" \/>\n<link rel=\"canonical\" href=\"https:\/\/tiandeproducts.co.uk\/pl\/szampon-receptura-starozytnych-chin220g\/\" \/>\n<meta property=\"og:locale\" content=\"pl_PL\" \/>\n<meta property=\"og:type\" content=\"article\" \/>\n<meta property=\"og:title\" content=\"Szampon \u201eReceptura staro\u017cytnych Chin\u201d,220g - TianDe Online Shop - Beauty &amp; Health\" \/>\n<meta property=\"og:description\" content=\"\u00a0Earn 12 points worth \u00a30.60 when buying this product W\u0142osy Chinek zawsze s\u0142yn\u0119\u0142y ze swojej si\u0142y, g\u0119sto\u015bci i \u201ejedwabistej\u201c struktury. Chcia\u0142aby\u015b te\u017c takie mie\u0107? U\u017cywaj kosmetyk\u00f3w stworzonych na bazie wyj\u0105tkowego kompleksu wzmacniaj\u0105cego z wyci\u0105g\u00f3w legendarnych ro\u015blin Wschodu! Szampon do w\u0142os\u00f3w \u201eReceptura Staro\u017cytnych Chin\u201c pomo\u017ce przywr\u00f3ci\u0107 Twoim w\u0142osom pierwotn\u0105 si\u0142\u0119! Dzi\u0119ki zawartym w nim sk\u0142adnikom skutecznie [...]\" \/>\n<meta property=\"og:url\" content=\"https:\/\/tiandeproducts.co.uk\/pl\/szampon-receptura-starozytnych-chin220g\/\" \/>\n<meta property=\"og:site_name\" content=\"TianDe Online Shop - Beauty &amp; Health\" \/>\n<meta property=\"article:publisher\" content=\"https:\/\/www.facebook.com\/tiande.products.england\/\" \/>\n<meta property=\"article:modified_time\" content=\"2021-02-12T11:42:11+00:00\" \/>\n<meta property=\"og:image\" content=\"https:\/\/tiandeproducts.co.uk\/wp-content\/uploads\/2018\/11\/20146.jpg\" \/>\n\t<meta property=\"og:image:width\" content=\"700\" \/>\n\t<meta property=\"og:image:height\" content=\"700\" \/>\n\t<meta property=\"og:image:type\" content=\"image\/jpeg\" \/>\n<meta name=\"twitter:card\" content=\"summary_large_image\" \/>\n<meta name=\"twitter:label1\" content=\"Szacowany czas czytania\" \/>\n\t<meta name=\"twitter:data1\" content=\"1 minuta\" \/>\n<script type=\"application\/ld+json\" class=\"yoast-schema-graph\">{\"@context\":\"https:\/\/schema.org\",\"@graph\":[{\"@type\":\"WebPage\",\"@id\":\"https:\/\/tiandeproducts.co.uk\/pl\/szampon-receptura-starozytnych-chin220g\/\",\"url\":\"https:\/\/tiandeproducts.co.uk\/pl\/szampon-receptura-starozytnych-chin220g\/\",\"name\":\"Szampon \u201eReceptura staro\u017cytnych Chin\u201d,220g - TianDe Online Shop - Beauty &amp; Health\",\"isPartOf\":{\"@id\":\"https:\/\/tiandeproducts.co.uk\/#website\"},\"primaryImageOfPage\":{\"@id\":\"https:\/\/tiandeproducts.co.uk\/pl\/szampon-receptura-starozytnych-chin220g\/#primaryimage\"},\"image\":{\"@id\":\"https:\/\/tiandeproducts.co.uk\/pl\/szampon-receptura-starozytnych-chin220g\/#primaryimage\"},\"thumbnailUrl\":\"https:\/\/tiandeproducts.co.uk\/wp-content\/uploads\/2018\/11\/20146.jpg\",\"datePublished\":\"2018-11-13T13:31:51+00:00\",\"dateModified\":\"2021-02-12T11:42:11+00:00\",\"breadcrumb\":{\"@id\":\"https:\/\/tiandeproducts.co.uk\/pl\/szampon-receptura-starozytnych-chin220g\/#breadcrumb\"},\"inLanguage\":\"pl-PL\",\"potentialAction\":[{\"@type\":\"ReadAction\",\"target\":[\"https:\/\/tiandeproducts.co.uk\/pl\/szampon-receptura-starozytnych-chin220g\/\"]}]},{\"@type\":\"ImageObject\",\"inLanguage\":\"pl-PL\",\"@id\":\"https:\/\/tiandeproducts.co.uk\/pl\/szampon-receptura-starozytnych-chin220g\/#primaryimage\",\"url\":\"https:\/\/tiandeproducts.co.uk\/wp-content\/uploads\/2018\/11\/20146.jpg\",\"contentUrl\":\"https:\/\/tiandeproducts.co.uk\/wp-content\/uploads\/2018\/11\/20146.jpg\",\"width\":700,\"height\":700,\"caption\":\"Ancient China Recipe Shampoo,220g-0\"},{\"@type\":\"BreadcrumbList\",\"@id\":\"https:\/\/tiandeproducts.co.uk\/pl\/szampon-receptura-starozytnych-chin220g\/#breadcrumb\",\"itemListElement\":[{\"@type\":\"ListItem\",\"position\":1,\"name\":\"Home\",\"item\":\"https:\/\/tiandeproducts.co.uk\/pl\/\"},{\"@type\":\"ListItem\",\"position\":2,\"name\":\"Shop\",\"item\":\"https:\/\/tiandeproducts.co.uk\/pl\/shop-2\/\"},{\"@type\":\"ListItem\",\"position\":3,\"name\":\"Szampon \u201eReceptura staro\u017cytnych Chin\u201d,220g\"}]},{\"@type\":\"WebSite\",\"@id\":\"https:\/\/tiandeproducts.co.uk\/#website\",\"url\":\"https:\/\/tiandeproducts.co.uk\/\",\"name\":\"TianDe Online Shop - Beauty & Health\",\"description\":\"Traditional Chinese Medicine\",\"potentialAction\":[{\"@type\":\"SearchAction\",\"target\":{\"@type\":\"EntryPoint\",\"urlTemplate\":\"https:\/\/tiandeproducts.co.uk\/?s={search_term_string}\"},\"query-input\":{\"@type\":\"PropertyValueSpecification\",\"valueRequired\":true,\"valueName\":\"search_term_string\"}}],\"inLanguage\":\"pl-PL\"}]}<\/script>\n<!-- \/ Yoast SEO plugin. -->","yoast_head_json":{"title":"Szampon \u201eReceptura staro\u017cytnych Chin\u201d,220g - TianDe Online Shop - Beauty &amp; Health","robots":{"index":"index","follow":"follow","max-snippet":"max-snippet:-1","max-image-preview":"max-image-preview:large","max-video-preview":"max-video-preview:-1"},"canonical":"https:\/\/tiandeproducts.co.uk\/pl\/szampon-receptura-starozytnych-chin220g\/","og_locale":"pl_PL","og_type":"article","og_title":"Szampon \u201eReceptura staro\u017cytnych Chin\u201d,220g - TianDe Online Shop - Beauty &amp; Health","og_description":"\u00a0Earn 12 points worth \u00a30.60 when buying this product W\u0142osy Chinek zawsze s\u0142yn\u0119\u0142y ze swojej si\u0142y, g\u0119sto\u015bci i \u201ejedwabistej\u201c struktury. Chcia\u0142aby\u015b te\u017c takie mie\u0107? U\u017cywaj kosmetyk\u00f3w stworzonych na bazie wyj\u0105tkowego kompleksu wzmacniaj\u0105cego z wyci\u0105g\u00f3w legendarnych ro\u015blin Wschodu! Szampon do w\u0142os\u00f3w \u201eReceptura Staro\u017cytnych Chin\u201c pomo\u017ce przywr\u00f3ci\u0107 Twoim w\u0142osom pierwotn\u0105 si\u0142\u0119! Dzi\u0119ki zawartym w nim sk\u0142adnikom skutecznie [...]","og_url":"https:\/\/tiandeproducts.co.uk\/pl\/szampon-receptura-starozytnych-chin220g\/","og_site_name":"TianDe Online Shop - Beauty &amp; Health","article_publisher":"https:\/\/www.facebook.com\/tiande.products.england\/","article_modified_time":"2021-02-12T11:42:11+00:00","og_image":[{"width":700,"height":700,"url":"https:\/\/tiandeproducts.co.uk\/wp-content\/uploads\/2018\/11\/20146.jpg","type":"image\/jpeg"}],"twitter_card":"summary_large_image","twitter_misc":{"Szacowany czas czytania":"1 minuta"},"schema":{"@context":"https:\/\/schema.org","@graph":[{"@type":"WebPage","@id":"https:\/\/tiandeproducts.co.uk\/pl\/szampon-receptura-starozytnych-chin220g\/","url":"https:\/\/tiandeproducts.co.uk\/pl\/szampon-receptura-starozytnych-chin220g\/","name":"Szampon \u201eReceptura staro\u017cytnych Chin\u201d,220g - TianDe Online Shop - Beauty &amp; Health","isPartOf":{"@id":"https:\/\/tiandeproducts.co.uk\/#website"},"primaryImageOfPage":{"@id":"https:\/\/tiandeproducts.co.uk\/pl\/szampon-receptura-starozytnych-chin220g\/#primaryimage"},"image":{"@id":"https:\/\/tiandeproducts.co.uk\/pl\/szampon-receptura-starozytnych-chin220g\/#primaryimage"},"thumbnailUrl":"https:\/\/tiandeproducts.co.uk\/wp-content\/uploads\/2018\/11\/20146.jpg","datePublished":"2018-11-13T13:31:51+00:00","dateModified":"2021-02-12T11:42:11+00:00","breadcrumb":{"@id":"https:\/\/tiandeproducts.co.uk\/pl\/szampon-receptura-starozytnych-chin220g\/#breadcrumb"},"inLanguage":"pl-PL","potentialAction":[{"@type":"ReadAction","target":["https:\/\/tiandeproducts.co.uk\/pl\/szampon-receptura-starozytnych-chin220g\/"]}]},{"@type":"ImageObject","inLanguage":"pl-PL","@id":"https:\/\/tiandeproducts.co.uk\/pl\/szampon-receptura-starozytnych-chin220g\/#primaryimage","url":"https:\/\/tiandeproducts.co.uk\/wp-content\/uploads\/2018\/11\/20146.jpg","contentUrl":"https:\/\/tiandeproducts.co.uk\/wp-content\/uploads\/2018\/11\/20146.jpg","width":700,"height":700,"caption":"Ancient China Recipe Shampoo,220g-0"},{"@type":"BreadcrumbList","@id":"https:\/\/tiandeproducts.co.uk\/pl\/szampon-receptura-starozytnych-chin220g\/#breadcrumb","itemListElement":[{"@type":"ListItem","position":1,"name":"Home","item":"https:\/\/tiandeproducts.co.uk\/pl\/"},{"@type":"ListItem","position":2,"name":"Shop","item":"https:\/\/tiandeproducts.co.uk\/pl\/shop-2\/"},{"@type":"ListItem","position":3,"name":"Szampon \u201eReceptura staro\u017cytnych Chin\u201d,220g"}]},{"@type":"WebSite","@id":"https:\/\/tiandeproducts.co.uk\/#website","url":"https:\/\/tiandeproducts.co.uk\/","name":"TianDe Online Shop - Beauty & Health","description":"Traditional Chinese Medicine","potentialAction":[{"@type":"SearchAction","target":{"@type":"EntryPoint","urlTemplate":"https:\/\/tiandeproducts.co.uk\/?s={search_term_string}"},"query-input":{"@type":"PropertyValueSpecification","valueRequired":true,"valueName":"search_term_string"}}],"inLanguage":"pl-PL"}]}},"_links":{"self":[{"href":"https:\/\/tiandeproducts.co.uk\/pl\/wp-json\/wp\/v2\/product\/4506","targetHints":{"allow":["GET"]}}],"collection":[{"href":"https:\/\/tiandeproducts.co.uk\/pl\/wp-json\/wp\/v2\/product"}],"about":[{"href":"https:\/\/tiandeproducts.co.uk\/pl\/wp-json\/wp\/v2\/types\/product"}],"replies":[{"embeddable":true,"href":"https:\/\/tiandeproducts.co.uk\/pl\/wp-json\/wp\/v2\/comments?post=4506"}],"wp:featuredmedia":[{"embeddable":true,"href":"https:\/\/tiandeproducts.co.uk\/pl\/wp-json\/wp\/v2\/media\/2087"}],"wp:attachment":[{"href":"https:\/\/tiandeproducts.co.uk\/pl\/wp-json\/wp\/v2\/media?parent=4506"}],"wp:term":[{"taxonomy":"product_cat","embeddable":true,"href":"https:\/\/tiandeproducts.co.uk\/pl\/wp-json\/wp\/v2\/product_cat?post=4506"},{"taxonomy":"product_tag","embeddable":true,"href":"https:\/\/tiandeproducts.co.uk\/pl\/wp-json\/wp\/v2\/product_tag?post=4506"}],"curies":[{"name":"wp","href":"https:\/\/api.w.org\/{rel}","templated":true}]}}