{"id":4504,"date":"2017-12-09T18:24:58","date_gmt":"2017-12-09T18:24:58","guid":{"rendered":"https:\/\/tnd.ontesting.co.uk\/szampon-gleboko-oczyszczajacy200ml\/"},"modified":"2021-02-12T12:31:19","modified_gmt":"2021-02-12T12:31:19","slug":"szampon-gleboko-oczyszczajacy200ml","status":"publish","type":"product","link":"https:\/\/tiandeproducts.co.uk\/pl\/szampon-gleboko-oczyszczajacy200ml\/","title":{"rendered":"Szampon g\u0142\u0119boko oczyszczaj\u0105cy,200ml"},"content":{"rendered":"<div class=\"description\">\n<p><img decoding=\"async\" style=\"max-width: 16px; margin-right: 5px;\" src=\"https:\/\/tiandeproducts.co.uk\/wp-content\/uploads\/points-green.svg\" \/>\u00a0Earn 14 points worth \u00a30.70 when buying this product<\/p>\n<p>Je\u015bli \u015bledzisz nowinki ze \u015bwiata kosmetologii i fryzjerstwa, dbasz o swoj\u0105 fryzur\u0119, to \u015bmia\u0142o uzupe\u0142nij swoj\u0105 kolekcj\u0119 pi\u0119kna o ten kosmetyk.<\/p>\n<p>To nie tylko jeden z najmodniejszych kosmetyk\u00f3w, ale te\u017c skuteczna piel\u0119gnacja w\u0142os\u00f3w i sk\u00f3ry g\u0142owy. Z produktem tym poczujesz, czym s\u0105 naprawd\u0119 czyste i \u015bwie\u017ce w\u0142osy.<\/p>\n<p>Szampon od TianDe, zawieraj\u0105cy w sk\u0142adzie w\u0119giel drzewny, to g\u0142\u0119bokie oczyszczanie z zanieczyszcze\u0144 zar\u00f3wno w\u0142os\u00f3w, jak i sk\u00f3ry g\u0142owy. Ca\u0142kowicie usuwa wszystkie pozosta\u0142o\u015bci kosmetyk\u00f3w do uk\u0142adania, \u201etoruj\u0105c drog\u0119\u201c substancjom od\u017cywczym, zawartym w produktach kolejnych etap\u00f3w piel\u0119gnacji. Rezultat: balsamy i maski nak\u0142adane po u\u017cyciu szamponu mog\u0105 dzia\u0142a\u0107 ze zdwojon\u0105 si\u0142\u0105.<\/p>\n<p>W\u0119giel drzewny zawarty w szamponie jest znakomitym absorbentem, kt\u00f3ry aktywnie wch\u0142ania nadmiar \u0142oju. Oznacza to, \u017ce g\u0142ow\u0119 b\u0119dzie mo\u017cna my\u0107 rzadziej. Wa\u017cne jest, by zrozumie\u0107, \u017ce jest to kosmetyk do piel\u0119gnacji uzupe\u0142niaj\u0105cej &#8211; \u201egeneralne porz\u0105dki\u201c, kt\u00f3re wystarczy robi\u0107 raz lub dwa razy w tygodniu.<\/p>\n<p>Szampon g\u0142\u0119boko oczyszczaj\u0105cy ma czarny kolor, jednak blondynki nie musz\u0105 si\u0119 obawia\u0107 &#8211; jest ca\u0142kowicie zmywalny i nie farbuje w\u0142os\u00f3w.<\/p>\n<\/div>\n<div class=\"instruction\">\n<p><strong>ZASTOSOWANIE:<\/strong><\/p>\n<p>Na\u0142\u00f3\u017c szampon na mokre w\u0142osy, wmasuj, a nast\u0119pnie sp\u0142ucz. Zaleca si\u0119 stosowanie 1-2 razy w tygodniu.<\/p>\n<\/div>\n","protected":false},"excerpt":{"rendered":"<p>\u00a0Earn 14 points worth \u00a30.70 when buying this product Je\u015bli \u015bledzisz nowinki ze \u015bwiata kosmetologii i fryzjerstwa, dbasz o swoj\u0105 fryzur\u0119, to \u015bmia\u0142o uzupe\u0142nij swoj\u0105 kolekcj\u0119 pi\u0119kna o ten kosmetyk. To nie tylko jeden z najmodniejszych kosmetyk\u00f3w, ale te\u017c skuteczna piel\u0119gnacja w\u0142os\u00f3w i sk\u00f3ry g\u0142owy. Z produktem tym poczujesz, czym s\u0105 naprawd\u0119 czyste i \u015bwie\u017ce [&#8230;]\n","protected":false},"featured_media":1762,"comment_status":"closed","ping_status":"closed","template":"","meta":[],"product_cat":[843,569,658,787],"product_tag":[],"class_list":{"0":"post-4504","1":"product","2":"type-product","3":"status-publish","4":"has-post-thumbnail","6":"product_cat-do-wlosow","7":"product_cat-in-top-pl","8":"product_cat-in-top-pl-2","9":"product_cat-szampony","11":"first","12":"instock","13":"shipping-taxable","14":"purchasable","15":"product-type-simple"},"yoast_head":"<!-- This site is optimized with the Yoast SEO plugin v23.6 - https:\/\/yoast.com\/wordpress\/plugins\/seo\/ -->\n<title>Szampon g\u0142\u0119boko oczyszczaj\u0105cy,200ml - TianDe Online Shop - Beauty &amp; Health<\/title>\n<meta name=\"robots\" content=\"index, follow, max-snippet:-1, max-image-preview:large, max-video-preview:-1\" \/>\n<link rel=\"canonical\" href=\"https:\/\/tiandeproducts.co.uk\/pl\/szampon-gleboko-oczyszczajacy200ml\/\" \/>\n<meta property=\"og:locale\" content=\"pl_PL\" \/>\n<meta property=\"og:type\" content=\"article\" \/>\n<meta property=\"og:title\" content=\"Szampon g\u0142\u0119boko oczyszczaj\u0105cy,200ml - TianDe Online Shop - Beauty &amp; Health\" \/>\n<meta property=\"og:description\" content=\"\u00a0Earn 14 points worth \u00a30.70 when buying this product Je\u015bli \u015bledzisz nowinki ze \u015bwiata kosmetologii i fryzjerstwa, dbasz o swoj\u0105 fryzur\u0119, to \u015bmia\u0142o uzupe\u0142nij swoj\u0105 kolekcj\u0119 pi\u0119kna o ten kosmetyk. To nie tylko jeden z najmodniejszych kosmetyk\u00f3w, ale te\u017c skuteczna piel\u0119gnacja w\u0142os\u00f3w i sk\u00f3ry g\u0142owy. Z produktem tym poczujesz, czym s\u0105 naprawd\u0119 czyste i \u015bwie\u017ce [...]\" \/>\n<meta property=\"og:url\" content=\"https:\/\/tiandeproducts.co.uk\/pl\/szampon-gleboko-oczyszczajacy200ml\/\" \/>\n<meta property=\"og:site_name\" content=\"TianDe Online Shop - Beauty &amp; Health\" \/>\n<meta property=\"article:publisher\" content=\"https:\/\/www.facebook.com\/tiande.products.england\/\" \/>\n<meta property=\"article:modified_time\" content=\"2021-02-12T12:31:19+00:00\" \/>\n<meta property=\"og:image\" content=\"https:\/\/tiandeproducts.co.uk\/wp-content\/uploads\/2017\/12\/25506.jpg\" \/>\n\t<meta property=\"og:image:width\" content=\"800\" \/>\n\t<meta property=\"og:image:height\" content=\"800\" \/>\n\t<meta property=\"og:image:type\" content=\"image\/jpeg\" \/>\n<meta name=\"twitter:card\" content=\"summary_large_image\" \/>\n<meta name=\"twitter:label1\" content=\"Szacowany czas czytania\" \/>\n\t<meta name=\"twitter:data1\" content=\"1 minuta\" \/>\n<script type=\"application\/ld+json\" class=\"yoast-schema-graph\">{\"@context\":\"https:\/\/schema.org\",\"@graph\":[{\"@type\":\"WebPage\",\"@id\":\"https:\/\/tiandeproducts.co.uk\/pl\/szampon-gleboko-oczyszczajacy200ml\/\",\"url\":\"https:\/\/tiandeproducts.co.uk\/pl\/szampon-gleboko-oczyszczajacy200ml\/\",\"name\":\"Szampon g\u0142\u0119boko oczyszczaj\u0105cy,200ml - TianDe Online Shop - Beauty &amp; Health\",\"isPartOf\":{\"@id\":\"https:\/\/tiandeproducts.co.uk\/#website\"},\"primaryImageOfPage\":{\"@id\":\"https:\/\/tiandeproducts.co.uk\/pl\/szampon-gleboko-oczyszczajacy200ml\/#primaryimage\"},\"image\":{\"@id\":\"https:\/\/tiandeproducts.co.uk\/pl\/szampon-gleboko-oczyszczajacy200ml\/#primaryimage\"},\"thumbnailUrl\":\"https:\/\/tiandeproducts.co.uk\/wp-content\/uploads\/2017\/12\/25506.jpg\",\"datePublished\":\"2017-12-09T18:24:58+00:00\",\"dateModified\":\"2021-02-12T12:31:19+00:00\",\"breadcrumb\":{\"@id\":\"https:\/\/tiandeproducts.co.uk\/pl\/szampon-gleboko-oczyszczajacy200ml\/#breadcrumb\"},\"inLanguage\":\"pl-PL\",\"potentialAction\":[{\"@type\":\"ReadAction\",\"target\":[\"https:\/\/tiandeproducts.co.uk\/pl\/szampon-gleboko-oczyszczajacy200ml\/\"]}]},{\"@type\":\"ImageObject\",\"inLanguage\":\"pl-PL\",\"@id\":\"https:\/\/tiandeproducts.co.uk\/pl\/szampon-gleboko-oczyszczajacy200ml\/#primaryimage\",\"url\":\"https:\/\/tiandeproducts.co.uk\/wp-content\/uploads\/2017\/12\/25506.jpg\",\"contentUrl\":\"https:\/\/tiandeproducts.co.uk\/wp-content\/uploads\/2017\/12\/25506.jpg\",\"width\":800,\"height\":800,\"caption\":\"In Top Deep Cleansing Shampoo,detox-cleanse for your hair,200ml-0\"},{\"@type\":\"BreadcrumbList\",\"@id\":\"https:\/\/tiandeproducts.co.uk\/pl\/szampon-gleboko-oczyszczajacy200ml\/#breadcrumb\",\"itemListElement\":[{\"@type\":\"ListItem\",\"position\":1,\"name\":\"Home\",\"item\":\"https:\/\/tiandeproducts.co.uk\/pl\/\"},{\"@type\":\"ListItem\",\"position\":2,\"name\":\"Shop\",\"item\":\"https:\/\/tiandeproducts.co.uk\/pl\/shop-2\/\"},{\"@type\":\"ListItem\",\"position\":3,\"name\":\"Szampon g\u0142\u0119boko oczyszczaj\u0105cy,200ml\"}]},{\"@type\":\"WebSite\",\"@id\":\"https:\/\/tiandeproducts.co.uk\/#website\",\"url\":\"https:\/\/tiandeproducts.co.uk\/\",\"name\":\"TianDe Online Shop - Beauty & Health\",\"description\":\"Traditional Chinese Medicine\",\"potentialAction\":[{\"@type\":\"SearchAction\",\"target\":{\"@type\":\"EntryPoint\",\"urlTemplate\":\"https:\/\/tiandeproducts.co.uk\/?s={search_term_string}\"},\"query-input\":{\"@type\":\"PropertyValueSpecification\",\"valueRequired\":true,\"valueName\":\"search_term_string\"}}],\"inLanguage\":\"pl-PL\"}]}<\/script>\n<!-- \/ Yoast SEO plugin. -->","yoast_head_json":{"title":"Szampon g\u0142\u0119boko oczyszczaj\u0105cy,200ml - TianDe Online Shop - Beauty &amp; Health","robots":{"index":"index","follow":"follow","max-snippet":"max-snippet:-1","max-image-preview":"max-image-preview:large","max-video-preview":"max-video-preview:-1"},"canonical":"https:\/\/tiandeproducts.co.uk\/pl\/szampon-gleboko-oczyszczajacy200ml\/","og_locale":"pl_PL","og_type":"article","og_title":"Szampon g\u0142\u0119boko oczyszczaj\u0105cy,200ml - TianDe Online Shop - Beauty &amp; Health","og_description":"\u00a0Earn 14 points worth \u00a30.70 when buying this product Je\u015bli \u015bledzisz nowinki ze \u015bwiata kosmetologii i fryzjerstwa, dbasz o swoj\u0105 fryzur\u0119, to \u015bmia\u0142o uzupe\u0142nij swoj\u0105 kolekcj\u0119 pi\u0119kna o ten kosmetyk. To nie tylko jeden z najmodniejszych kosmetyk\u00f3w, ale te\u017c skuteczna piel\u0119gnacja w\u0142os\u00f3w i sk\u00f3ry g\u0142owy. Z produktem tym poczujesz, czym s\u0105 naprawd\u0119 czyste i \u015bwie\u017ce [...]","og_url":"https:\/\/tiandeproducts.co.uk\/pl\/szampon-gleboko-oczyszczajacy200ml\/","og_site_name":"TianDe Online Shop - Beauty &amp; Health","article_publisher":"https:\/\/www.facebook.com\/tiande.products.england\/","article_modified_time":"2021-02-12T12:31:19+00:00","og_image":[{"width":800,"height":800,"url":"https:\/\/tiandeproducts.co.uk\/wp-content\/uploads\/2017\/12\/25506.jpg","type":"image\/jpeg"}],"twitter_card":"summary_large_image","twitter_misc":{"Szacowany czas czytania":"1 minuta"},"schema":{"@context":"https:\/\/schema.org","@graph":[{"@type":"WebPage","@id":"https:\/\/tiandeproducts.co.uk\/pl\/szampon-gleboko-oczyszczajacy200ml\/","url":"https:\/\/tiandeproducts.co.uk\/pl\/szampon-gleboko-oczyszczajacy200ml\/","name":"Szampon g\u0142\u0119boko oczyszczaj\u0105cy,200ml - TianDe Online Shop - Beauty &amp; Health","isPartOf":{"@id":"https:\/\/tiandeproducts.co.uk\/#website"},"primaryImageOfPage":{"@id":"https:\/\/tiandeproducts.co.uk\/pl\/szampon-gleboko-oczyszczajacy200ml\/#primaryimage"},"image":{"@id":"https:\/\/tiandeproducts.co.uk\/pl\/szampon-gleboko-oczyszczajacy200ml\/#primaryimage"},"thumbnailUrl":"https:\/\/tiandeproducts.co.uk\/wp-content\/uploads\/2017\/12\/25506.jpg","datePublished":"2017-12-09T18:24:58+00:00","dateModified":"2021-02-12T12:31:19+00:00","breadcrumb":{"@id":"https:\/\/tiandeproducts.co.uk\/pl\/szampon-gleboko-oczyszczajacy200ml\/#breadcrumb"},"inLanguage":"pl-PL","potentialAction":[{"@type":"ReadAction","target":["https:\/\/tiandeproducts.co.uk\/pl\/szampon-gleboko-oczyszczajacy200ml\/"]}]},{"@type":"ImageObject","inLanguage":"pl-PL","@id":"https:\/\/tiandeproducts.co.uk\/pl\/szampon-gleboko-oczyszczajacy200ml\/#primaryimage","url":"https:\/\/tiandeproducts.co.uk\/wp-content\/uploads\/2017\/12\/25506.jpg","contentUrl":"https:\/\/tiandeproducts.co.uk\/wp-content\/uploads\/2017\/12\/25506.jpg","width":800,"height":800,"caption":"In Top Deep Cleansing Shampoo,detox-cleanse for your hair,200ml-0"},{"@type":"BreadcrumbList","@id":"https:\/\/tiandeproducts.co.uk\/pl\/szampon-gleboko-oczyszczajacy200ml\/#breadcrumb","itemListElement":[{"@type":"ListItem","position":1,"name":"Home","item":"https:\/\/tiandeproducts.co.uk\/pl\/"},{"@type":"ListItem","position":2,"name":"Shop","item":"https:\/\/tiandeproducts.co.uk\/pl\/shop-2\/"},{"@type":"ListItem","position":3,"name":"Szampon g\u0142\u0119boko oczyszczaj\u0105cy,200ml"}]},{"@type":"WebSite","@id":"https:\/\/tiandeproducts.co.uk\/#website","url":"https:\/\/tiandeproducts.co.uk\/","name":"TianDe Online Shop - Beauty & Health","description":"Traditional Chinese Medicine","potentialAction":[{"@type":"SearchAction","target":{"@type":"EntryPoint","urlTemplate":"https:\/\/tiandeproducts.co.uk\/?s={search_term_string}"},"query-input":{"@type":"PropertyValueSpecification","valueRequired":true,"valueName":"search_term_string"}}],"inLanguage":"pl-PL"}]}},"_links":{"self":[{"href":"https:\/\/tiandeproducts.co.uk\/pl\/wp-json\/wp\/v2\/product\/4504","targetHints":{"allow":["GET"]}}],"collection":[{"href":"https:\/\/tiandeproducts.co.uk\/pl\/wp-json\/wp\/v2\/product"}],"about":[{"href":"https:\/\/tiandeproducts.co.uk\/pl\/wp-json\/wp\/v2\/types\/product"}],"replies":[{"embeddable":true,"href":"https:\/\/tiandeproducts.co.uk\/pl\/wp-json\/wp\/v2\/comments?post=4504"}],"wp:featuredmedia":[{"embeddable":true,"href":"https:\/\/tiandeproducts.co.uk\/pl\/wp-json\/wp\/v2\/media\/1762"}],"wp:attachment":[{"href":"https:\/\/tiandeproducts.co.uk\/pl\/wp-json\/wp\/v2\/media?parent=4504"}],"wp:term":[{"taxonomy":"product_cat","embeddable":true,"href":"https:\/\/tiandeproducts.co.uk\/pl\/wp-json\/wp\/v2\/product_cat?post=4504"},{"taxonomy":"product_tag","embeddable":true,"href":"https:\/\/tiandeproducts.co.uk\/pl\/wp-json\/wp\/v2\/product_tag?post=4504"}],"curies":[{"name":"wp","href":"https:\/\/api.w.org\/{rel}","templated":true}]}}