{"id":4502,"date":"2016-04-04T18:34:50","date_gmt":"2016-04-04T17:34:50","guid":{"rendered":"https:\/\/tnd.ontesting.co.uk\/szampon-przeciw-siwieniu-wlosow420ml\/"},"modified":"2023-04-25T13:18:44","modified_gmt":"2023-04-25T12:18:44","slug":"szampon-przeciw-siwieniu-wlosow420ml","status":"publish","type":"product","link":"https:\/\/tiandeproducts.co.uk\/pl\/szampon-przeciw-siwieniu-wlosow420ml\/","title":{"rendered":"Szampon przeciw siwieniu w\u0142os\u00f3w,420ml"},"content":{"rendered":"<div class=\"description\">\n<p>Zapobiega pojawieniu si\u0119 siwych w\u0142os\u00f3w, chroni w\u0142osy przed utrat\u0105 pigmentu. Dzia\u0142aj\u0105 kompleksowo, aktywne sk\u0142adniki zapewniaj\u0105 energi\u0119 i si\u0142\u0119 witaln\u0105 cebulkom w\u0142os\u00f3w, stymuluj\u0105 mieszki w\u0142osowe, sprzyjaj\u0105 wzrostowi g\u0119stych i zdrowych w\u0142os\u00f3w. Ekskluzywny biokompleks antystarzeniowy walczy z wiekiem, wzmacniaj\u0105c naturaln\u0105 ochron\u0119 sk\u00f3ry g\u0142owy, sprzyja odbudowie pigmentu w\u0142os\u00f3w, przywraca im zdrowy blask. Regularne stosowanie szamponu stymuluje produkcj\u0119 przez kom\u00f3rki pigment\u00f3w, zapewnia naturalny kolor w\u0142os\u00f3w. Nie zawiera barwnik\u00f3w.<\/p>\n<\/div>\n<div class=\"instruction\">\n<p><strong>ZASTOSOWANIE:<\/strong><\/p>\n<p>Na\u0142\u00f3\u017c na wilgotne w\u0142osy, masuj, nast\u0119pnie zmyj wod\u0105.<\/p>\n<\/div>\n","protected":false},"excerpt":{"rendered":"<p>Zapobiega pojawieniu si\u0119 siwych w\u0142os\u00f3w, chroni w\u0142osy przed utrat\u0105 pigmentu. Dzia\u0142aj\u0105 kompleksowo, aktywne sk\u0142adniki zapewniaj\u0105 energi\u0119 i si\u0142\u0119 witaln\u0105 cebulkom w\u0142os\u00f3w, stymuluj\u0105 mieszki w\u0142osowe, sprzyjaj\u0105 wzrostowi g\u0119stych i zdrowych w\u0142os\u00f3w. Ekskluzywny biokompleks antystarzeniowy walczy z wiekiem, wzmacniaj\u0105c naturaln\u0105 ochron\u0119 sk\u00f3ry g\u0142owy, sprzyja odbudowie pigmentu w\u0142os\u00f3w, przywraca im zdrowy blask. Regularne stosowanie szamponu stymuluje produkcj\u0119 przez [&#8230;]\n","protected":false},"featured_media":514,"comment_status":"closed","ping_status":"closed","template":"","meta":[],"product_cat":[843,665,847,830,787],"product_tag":[],"class_list":{"0":"post-4502","1":"product","2":"type-product","3":"status-publish","4":"has-post-thumbnail","6":"product_cat-do-wlosow","7":"product_cat-master-herb-pl-2","8":"product_cat-mlodosc-wlosow","9":"product_cat-promocje","10":"product_cat-szampony","12":"first","13":"instock","14":"sale","15":"shipping-taxable","16":"purchasable","17":"product-type-simple"},"yoast_head":"<!-- This site is optimized with the Yoast SEO plugin v23.6 - https:\/\/yoast.com\/wordpress\/plugins\/seo\/ -->\n<title>Szampon przeciw siwieniu w\u0142os\u00f3w,420ml - TianDe Online Shop - Beauty &amp; Health<\/title>\n<meta name=\"robots\" content=\"index, follow, max-snippet:-1, max-image-preview:large, max-video-preview:-1\" \/>\n<link rel=\"canonical\" href=\"https:\/\/tiandeproducts.co.uk\/pl\/szampon-przeciw-siwieniu-wlosow420ml\/\" \/>\n<meta property=\"og:locale\" content=\"pl_PL\" \/>\n<meta property=\"og:type\" content=\"article\" \/>\n<meta property=\"og:title\" content=\"Szampon przeciw siwieniu w\u0142os\u00f3w,420ml - TianDe Online Shop - Beauty &amp; Health\" \/>\n<meta property=\"og:description\" content=\"Zapobiega pojawieniu si\u0119 siwych w\u0142os\u00f3w, chroni w\u0142osy przed utrat\u0105 pigmentu. Dzia\u0142aj\u0105 kompleksowo, aktywne sk\u0142adniki zapewniaj\u0105 energi\u0119 i si\u0142\u0119 witaln\u0105 cebulkom w\u0142os\u00f3w, stymuluj\u0105 mieszki w\u0142osowe, sprzyjaj\u0105 wzrostowi g\u0119stych i zdrowych w\u0142os\u00f3w. Ekskluzywny biokompleks antystarzeniowy walczy z wiekiem, wzmacniaj\u0105c naturaln\u0105 ochron\u0119 sk\u00f3ry g\u0142owy, sprzyja odbudowie pigmentu w\u0142os\u00f3w, przywraca im zdrowy blask. Regularne stosowanie szamponu stymuluje produkcj\u0119 przez [...]\" \/>\n<meta property=\"og:url\" content=\"https:\/\/tiandeproducts.co.uk\/pl\/szampon-przeciw-siwieniu-wlosow420ml\/\" \/>\n<meta property=\"og:site_name\" content=\"TianDe Online Shop - Beauty &amp; Health\" \/>\n<meta property=\"article:publisher\" content=\"https:\/\/www.facebook.com\/tiande.products.england\/\" \/>\n<meta property=\"article:modified_time\" content=\"2023-04-25T12:18:44+00:00\" \/>\n<meta property=\"og:image\" content=\"https:\/\/tiandeproducts.co.uk\/wp-content\/uploads\/2016\/04\/21315_new.png\" \/>\n\t<meta property=\"og:image:width\" content=\"700\" \/>\n\t<meta property=\"og:image:height\" content=\"700\" \/>\n\t<meta property=\"og:image:type\" content=\"image\/png\" \/>\n<meta name=\"twitter:card\" content=\"summary_large_image\" \/>\n<script type=\"application\/ld+json\" class=\"yoast-schema-graph\">{\"@context\":\"https:\/\/schema.org\",\"@graph\":[{\"@type\":\"WebPage\",\"@id\":\"https:\/\/tiandeproducts.co.uk\/pl\/szampon-przeciw-siwieniu-wlosow420ml\/\",\"url\":\"https:\/\/tiandeproducts.co.uk\/pl\/szampon-przeciw-siwieniu-wlosow420ml\/\",\"name\":\"Szampon przeciw siwieniu w\u0142os\u00f3w,420ml - TianDe Online Shop - Beauty &amp; Health\",\"isPartOf\":{\"@id\":\"https:\/\/tiandeproducts.co.uk\/#website\"},\"primaryImageOfPage\":{\"@id\":\"https:\/\/tiandeproducts.co.uk\/pl\/szampon-przeciw-siwieniu-wlosow420ml\/#primaryimage\"},\"image\":{\"@id\":\"https:\/\/tiandeproducts.co.uk\/pl\/szampon-przeciw-siwieniu-wlosow420ml\/#primaryimage\"},\"thumbnailUrl\":\"https:\/\/tiandeproducts.co.uk\/wp-content\/uploads\/2016\/04\/21315_new.png\",\"datePublished\":\"2016-04-04T17:34:50+00:00\",\"dateModified\":\"2023-04-25T12:18:44+00:00\",\"breadcrumb\":{\"@id\":\"https:\/\/tiandeproducts.co.uk\/pl\/szampon-przeciw-siwieniu-wlosow420ml\/#breadcrumb\"},\"inLanguage\":\"pl-PL\",\"potentialAction\":[{\"@type\":\"ReadAction\",\"target\":[\"https:\/\/tiandeproducts.co.uk\/pl\/szampon-przeciw-siwieniu-wlosow420ml\/\"]}]},{\"@type\":\"ImageObject\",\"inLanguage\":\"pl-PL\",\"@id\":\"https:\/\/tiandeproducts.co.uk\/pl\/szampon-przeciw-siwieniu-wlosow420ml\/#primaryimage\",\"url\":\"https:\/\/tiandeproducts.co.uk\/wp-content\/uploads\/2016\/04\/21315_new.png\",\"contentUrl\":\"https:\/\/tiandeproducts.co.uk\/wp-content\/uploads\/2016\/04\/21315_new.png\",\"width\":700,\"height\":700,\"caption\":\"Master Herb Grey Hair Prevention Shampoo,420ml-0\"},{\"@type\":\"BreadcrumbList\",\"@id\":\"https:\/\/tiandeproducts.co.uk\/pl\/szampon-przeciw-siwieniu-wlosow420ml\/#breadcrumb\",\"itemListElement\":[{\"@type\":\"ListItem\",\"position\":1,\"name\":\"Home\",\"item\":\"https:\/\/tiandeproducts.co.uk\/pl\/\"},{\"@type\":\"ListItem\",\"position\":2,\"name\":\"Shop\",\"item\":\"https:\/\/tiandeproducts.co.uk\/pl\/shop-2\/\"},{\"@type\":\"ListItem\",\"position\":3,\"name\":\"Szampon przeciw siwieniu w\u0142os\u00f3w,420ml\"}]},{\"@type\":\"WebSite\",\"@id\":\"https:\/\/tiandeproducts.co.uk\/#website\",\"url\":\"https:\/\/tiandeproducts.co.uk\/\",\"name\":\"TianDe Online Shop - Beauty & Health\",\"description\":\"Traditional Chinese Medicine\",\"potentialAction\":[{\"@type\":\"SearchAction\",\"target\":{\"@type\":\"EntryPoint\",\"urlTemplate\":\"https:\/\/tiandeproducts.co.uk\/?s={search_term_string}\"},\"query-input\":{\"@type\":\"PropertyValueSpecification\",\"valueRequired\":true,\"valueName\":\"search_term_string\"}}],\"inLanguage\":\"pl-PL\"}]}<\/script>\n<!-- \/ Yoast SEO plugin. -->","yoast_head_json":{"title":"Szampon przeciw siwieniu w\u0142os\u00f3w,420ml - TianDe Online Shop - Beauty &amp; Health","robots":{"index":"index","follow":"follow","max-snippet":"max-snippet:-1","max-image-preview":"max-image-preview:large","max-video-preview":"max-video-preview:-1"},"canonical":"https:\/\/tiandeproducts.co.uk\/pl\/szampon-przeciw-siwieniu-wlosow420ml\/","og_locale":"pl_PL","og_type":"article","og_title":"Szampon przeciw siwieniu w\u0142os\u00f3w,420ml - TianDe Online Shop - Beauty &amp; Health","og_description":"Zapobiega pojawieniu si\u0119 siwych w\u0142os\u00f3w, chroni w\u0142osy przed utrat\u0105 pigmentu. Dzia\u0142aj\u0105 kompleksowo, aktywne sk\u0142adniki zapewniaj\u0105 energi\u0119 i si\u0142\u0119 witaln\u0105 cebulkom w\u0142os\u00f3w, stymuluj\u0105 mieszki w\u0142osowe, sprzyjaj\u0105 wzrostowi g\u0119stych i zdrowych w\u0142os\u00f3w. Ekskluzywny biokompleks antystarzeniowy walczy z wiekiem, wzmacniaj\u0105c naturaln\u0105 ochron\u0119 sk\u00f3ry g\u0142owy, sprzyja odbudowie pigmentu w\u0142os\u00f3w, przywraca im zdrowy blask. Regularne stosowanie szamponu stymuluje produkcj\u0119 przez [...]","og_url":"https:\/\/tiandeproducts.co.uk\/pl\/szampon-przeciw-siwieniu-wlosow420ml\/","og_site_name":"TianDe Online Shop - Beauty &amp; Health","article_publisher":"https:\/\/www.facebook.com\/tiande.products.england\/","article_modified_time":"2023-04-25T12:18:44+00:00","og_image":[{"width":700,"height":700,"url":"https:\/\/tiandeproducts.co.uk\/wp-content\/uploads\/2016\/04\/21315_new.png","type":"image\/png"}],"twitter_card":"summary_large_image","schema":{"@context":"https:\/\/schema.org","@graph":[{"@type":"WebPage","@id":"https:\/\/tiandeproducts.co.uk\/pl\/szampon-przeciw-siwieniu-wlosow420ml\/","url":"https:\/\/tiandeproducts.co.uk\/pl\/szampon-przeciw-siwieniu-wlosow420ml\/","name":"Szampon przeciw siwieniu w\u0142os\u00f3w,420ml - TianDe Online Shop - Beauty &amp; Health","isPartOf":{"@id":"https:\/\/tiandeproducts.co.uk\/#website"},"primaryImageOfPage":{"@id":"https:\/\/tiandeproducts.co.uk\/pl\/szampon-przeciw-siwieniu-wlosow420ml\/#primaryimage"},"image":{"@id":"https:\/\/tiandeproducts.co.uk\/pl\/szampon-przeciw-siwieniu-wlosow420ml\/#primaryimage"},"thumbnailUrl":"https:\/\/tiandeproducts.co.uk\/wp-content\/uploads\/2016\/04\/21315_new.png","datePublished":"2016-04-04T17:34:50+00:00","dateModified":"2023-04-25T12:18:44+00:00","breadcrumb":{"@id":"https:\/\/tiandeproducts.co.uk\/pl\/szampon-przeciw-siwieniu-wlosow420ml\/#breadcrumb"},"inLanguage":"pl-PL","potentialAction":[{"@type":"ReadAction","target":["https:\/\/tiandeproducts.co.uk\/pl\/szampon-przeciw-siwieniu-wlosow420ml\/"]}]},{"@type":"ImageObject","inLanguage":"pl-PL","@id":"https:\/\/tiandeproducts.co.uk\/pl\/szampon-przeciw-siwieniu-wlosow420ml\/#primaryimage","url":"https:\/\/tiandeproducts.co.uk\/wp-content\/uploads\/2016\/04\/21315_new.png","contentUrl":"https:\/\/tiandeproducts.co.uk\/wp-content\/uploads\/2016\/04\/21315_new.png","width":700,"height":700,"caption":"Master Herb Grey Hair Prevention Shampoo,420ml-0"},{"@type":"BreadcrumbList","@id":"https:\/\/tiandeproducts.co.uk\/pl\/szampon-przeciw-siwieniu-wlosow420ml\/#breadcrumb","itemListElement":[{"@type":"ListItem","position":1,"name":"Home","item":"https:\/\/tiandeproducts.co.uk\/pl\/"},{"@type":"ListItem","position":2,"name":"Shop","item":"https:\/\/tiandeproducts.co.uk\/pl\/shop-2\/"},{"@type":"ListItem","position":3,"name":"Szampon przeciw siwieniu w\u0142os\u00f3w,420ml"}]},{"@type":"WebSite","@id":"https:\/\/tiandeproducts.co.uk\/#website","url":"https:\/\/tiandeproducts.co.uk\/","name":"TianDe Online Shop - Beauty & Health","description":"Traditional Chinese Medicine","potentialAction":[{"@type":"SearchAction","target":{"@type":"EntryPoint","urlTemplate":"https:\/\/tiandeproducts.co.uk\/?s={search_term_string}"},"query-input":{"@type":"PropertyValueSpecification","valueRequired":true,"valueName":"search_term_string"}}],"inLanguage":"pl-PL"}]}},"_links":{"self":[{"href":"https:\/\/tiandeproducts.co.uk\/pl\/wp-json\/wp\/v2\/product\/4502","targetHints":{"allow":["GET"]}}],"collection":[{"href":"https:\/\/tiandeproducts.co.uk\/pl\/wp-json\/wp\/v2\/product"}],"about":[{"href":"https:\/\/tiandeproducts.co.uk\/pl\/wp-json\/wp\/v2\/types\/product"}],"replies":[{"embeddable":true,"href":"https:\/\/tiandeproducts.co.uk\/pl\/wp-json\/wp\/v2\/comments?post=4502"}],"wp:featuredmedia":[{"embeddable":true,"href":"https:\/\/tiandeproducts.co.uk\/pl\/wp-json\/wp\/v2\/media\/514"}],"wp:attachment":[{"href":"https:\/\/tiandeproducts.co.uk\/pl\/wp-json\/wp\/v2\/media?parent=4502"}],"wp:term":[{"taxonomy":"product_cat","embeddable":true,"href":"https:\/\/tiandeproducts.co.uk\/pl\/wp-json\/wp\/v2\/product_cat?post=4502"},{"taxonomy":"product_tag","embeddable":true,"href":"https:\/\/tiandeproducts.co.uk\/pl\/wp-json\/wp\/v2\/product_tag?post=4502"}],"curies":[{"name":"wp","href":"https:\/\/api.w.org\/{rel}","templated":true}]}}