{"id":4489,"date":"2016-04-04T16:11:36","date_gmt":"2016-04-04T15:11:36","guid":{"rendered":"https:\/\/tnd.ontesting.co.uk\/szampon-odzywczy-z-korzeniem-zen-szenia450ml\/"},"modified":"2026-04-17T11:30:18","modified_gmt":"2026-04-17T10:30:18","slug":"szampon-odzywczy-z-korzeniem-zen-szenia450ml","status":"publish","type":"product","link":"https:\/\/tiandeproducts.co.uk\/pl\/szampon-odzywczy-z-korzeniem-zen-szenia450ml\/","title":{"rendered":"Szampon od\u017cywczy z korzeniem \u017ce\u0144-szenia,450ml"},"content":{"rendered":"<div class=\"description\">\n<p>Wysoka zawarto\u015b\u0107 ekstraktu z \u017ce\u0144-szenia zapewnia od\u017cywienie w\u0142os\u00f3w, stymuluje odporno\u015b\u0107 sk\u00f3ry g\u0142owy, odbudowuje struktur\u0119 w\u0142os\u00f3w, wmacnia wzrost, wyd\u0142u\u017ca \u017cywotno\u015b\u0107. Dzi\u0119ki \u0142agodnej formule szampon pi\u0119knie oczyszcza w\u0142osy, czyni je mi\u0119kkimi i pos\u0142usznymi.<\/p>\n<\/div>\n<div class=\"instruction\">\n<p><strong>ZASTOSOWANIE:<\/strong><\/p>\n<p>Szampon: na\u0142\u00f3\u017c na wilgotne w\u0142osy, masuj, nast\u0119pnie sp\u0142ucz. \u041c\u0430ska: na\u0142\u00f3\u017c na czyste wilgotne w\u0142osy na 2-3 minuty, masuj, nast\u0119pnie dok\u0142adnie sp\u0142ucz.<\/p>\n<\/div>\n","protected":false},"excerpt":{"rendered":"<p>Wysoka zawarto\u015b\u0107 ekstraktu z \u017ce\u0144-szenia zapewnia od\u017cywienie w\u0142os\u00f3w, stymuluje odporno\u015b\u0107 sk\u00f3ry g\u0142owy, odbudowuje struktur\u0119 w\u0142os\u00f3w, wmacnia wzrost, wyd\u0142u\u017ca \u017cywotno\u015b\u0107. Dzi\u0119ki \u0142agodnej formule szampon pi\u0119knie oczyszcza w\u0142osy, czyni je mi\u0119kkimi i pos\u0142usznymi. ZASTOSOWANIE: Szampon: na\u0142\u00f3\u017c na wilgotne w\u0142osy, masuj, nast\u0119pnie sp\u0142ucz. \u041c\u0430ska: na\u0142\u00f3\u017c na czyste wilgotne w\u0142osy na 2-3 minuty, masuj, nast\u0119pnie dok\u0142adnie sp\u0142ucz.<\/p>\n","protected":false},"featured_media":474,"comment_status":"closed","ping_status":"closed","template":"","meta":[],"product_cat":[843,651,851,787,853],"product_tag":[],"class_list":{"0":"post-4489","1":"product","2":"type-product","3":"status-publish","4":"has-post-thumbnail","6":"product_cat-do-wlosow","7":"product_cat-ginseng-pl","8":"product_cat-skuteczna-ochrona","9":"product_cat-szampony","10":"product_cat-witalnosc","12":"first","13":"instock","14":"shipping-taxable","15":"purchasable","16":"product-type-simple"},"yoast_head":"<!-- This site is optimized with the Yoast SEO plugin v23.6 - https:\/\/yoast.com\/wordpress\/plugins\/seo\/ -->\n<title>Szampon od\u017cywczy z korzeniem \u017ce\u0144-szenia,450ml - TianDe Online Shop - Beauty &amp; Health<\/title>\n<meta name=\"robots\" content=\"index, follow, max-snippet:-1, max-image-preview:large, max-video-preview:-1\" \/>\n<link rel=\"canonical\" href=\"https:\/\/tiandeproducts.co.uk\/pl\/szampon-odzywczy-z-korzeniem-zen-szenia450ml\/\" \/>\n<meta property=\"og:locale\" content=\"pl_PL\" \/>\n<meta property=\"og:type\" content=\"article\" \/>\n<meta property=\"og:title\" content=\"Szampon od\u017cywczy z korzeniem \u017ce\u0144-szenia,450ml - TianDe Online Shop - Beauty &amp; Health\" \/>\n<meta property=\"og:description\" content=\"Wysoka zawarto\u015b\u0107 ekstraktu z \u017ce\u0144-szenia zapewnia od\u017cywienie w\u0142os\u00f3w, stymuluje odporno\u015b\u0107 sk\u00f3ry g\u0142owy, odbudowuje struktur\u0119 w\u0142os\u00f3w, wmacnia wzrost, wyd\u0142u\u017ca \u017cywotno\u015b\u0107. Dzi\u0119ki \u0142agodnej formule szampon pi\u0119knie oczyszcza w\u0142osy, czyni je mi\u0119kkimi i pos\u0142usznymi. ZASTOSOWANIE: Szampon: na\u0142\u00f3\u017c na wilgotne w\u0142osy, masuj, nast\u0119pnie sp\u0142ucz. \u041c\u0430ska: na\u0142\u00f3\u017c na czyste wilgotne w\u0142osy na 2-3 minuty, masuj, nast\u0119pnie dok\u0142adnie sp\u0142ucz.\" \/>\n<meta property=\"og:url\" content=\"https:\/\/tiandeproducts.co.uk\/pl\/szampon-odzywczy-z-korzeniem-zen-szenia450ml\/\" \/>\n<meta property=\"og:site_name\" content=\"TianDe Online Shop - Beauty &amp; Health\" \/>\n<meta property=\"article:publisher\" content=\"https:\/\/www.facebook.com\/tiande.products.england\/\" \/>\n<meta property=\"article:modified_time\" content=\"2026-04-17T10:30:18+00:00\" \/>\n<meta property=\"og:image\" content=\"https:\/\/tiandeproducts.co.uk\/wp-content\/uploads\/2016\/04\/20102_new_design_new_1_.png\" \/>\n\t<meta property=\"og:image:width\" content=\"700\" \/>\n\t<meta property=\"og:image:height\" content=\"700\" \/>\n\t<meta property=\"og:image:type\" content=\"image\/png\" \/>\n<meta name=\"twitter:card\" content=\"summary_large_image\" \/>\n<script type=\"application\/ld+json\" class=\"yoast-schema-graph\">{\"@context\":\"https:\/\/schema.org\",\"@graph\":[{\"@type\":\"WebPage\",\"@id\":\"https:\/\/tiandeproducts.co.uk\/pl\/szampon-odzywczy-z-korzeniem-zen-szenia450ml\/\",\"url\":\"https:\/\/tiandeproducts.co.uk\/pl\/szampon-odzywczy-z-korzeniem-zen-szenia450ml\/\",\"name\":\"Szampon od\u017cywczy z korzeniem \u017ce\u0144-szenia,450ml - TianDe Online Shop - Beauty &amp; Health\",\"isPartOf\":{\"@id\":\"https:\/\/tiandeproducts.co.uk\/#website\"},\"primaryImageOfPage\":{\"@id\":\"https:\/\/tiandeproducts.co.uk\/pl\/szampon-odzywczy-z-korzeniem-zen-szenia450ml\/#primaryimage\"},\"image\":{\"@id\":\"https:\/\/tiandeproducts.co.uk\/pl\/szampon-odzywczy-z-korzeniem-zen-szenia450ml\/#primaryimage\"},\"thumbnailUrl\":\"https:\/\/tiandeproducts.co.uk\/wp-content\/uploads\/2016\/04\/20102_new_design_new_1_.png\",\"datePublished\":\"2016-04-04T15:11:36+00:00\",\"dateModified\":\"2026-04-17T10:30:18+00:00\",\"breadcrumb\":{\"@id\":\"https:\/\/tiandeproducts.co.uk\/pl\/szampon-odzywczy-z-korzeniem-zen-szenia450ml\/#breadcrumb\"},\"inLanguage\":\"pl-PL\",\"potentialAction\":[{\"@type\":\"ReadAction\",\"target\":[\"https:\/\/tiandeproducts.co.uk\/pl\/szampon-odzywczy-z-korzeniem-zen-szenia450ml\/\"]}]},{\"@type\":\"ImageObject\",\"inLanguage\":\"pl-PL\",\"@id\":\"https:\/\/tiandeproducts.co.uk\/pl\/szampon-odzywczy-z-korzeniem-zen-szenia450ml\/#primaryimage\",\"url\":\"https:\/\/tiandeproducts.co.uk\/wp-content\/uploads\/2016\/04\/20102_new_design_new_1_.png\",\"contentUrl\":\"https:\/\/tiandeproducts.co.uk\/wp-content\/uploads\/2016\/04\/20102_new_design_new_1_.png\",\"width\":700,\"height\":700,\"caption\":\"Nourishing Shampoo with Ginseng Root,450ml-0\"},{\"@type\":\"BreadcrumbList\",\"@id\":\"https:\/\/tiandeproducts.co.uk\/pl\/szampon-odzywczy-z-korzeniem-zen-szenia450ml\/#breadcrumb\",\"itemListElement\":[{\"@type\":\"ListItem\",\"position\":1,\"name\":\"Home\",\"item\":\"https:\/\/tiandeproducts.co.uk\/pl\/\"},{\"@type\":\"ListItem\",\"position\":2,\"name\":\"Shop\",\"item\":\"https:\/\/tiandeproducts.co.uk\/pl\/shop-2\/\"},{\"@type\":\"ListItem\",\"position\":3,\"name\":\"Szampon od\u017cywczy z korzeniem \u017ce\u0144-szenia,450ml\"}]},{\"@type\":\"WebSite\",\"@id\":\"https:\/\/tiandeproducts.co.uk\/#website\",\"url\":\"https:\/\/tiandeproducts.co.uk\/\",\"name\":\"TianDe Online Shop - Beauty & Health\",\"description\":\"Traditional Chinese Medicine\",\"potentialAction\":[{\"@type\":\"SearchAction\",\"target\":{\"@type\":\"EntryPoint\",\"urlTemplate\":\"https:\/\/tiandeproducts.co.uk\/?s={search_term_string}\"},\"query-input\":{\"@type\":\"PropertyValueSpecification\",\"valueRequired\":true,\"valueName\":\"search_term_string\"}}],\"inLanguage\":\"pl-PL\"}]}<\/script>\n<!-- \/ Yoast SEO plugin. -->","yoast_head_json":{"title":"Szampon od\u017cywczy z korzeniem \u017ce\u0144-szenia,450ml - TianDe Online Shop - Beauty &amp; Health","robots":{"index":"index","follow":"follow","max-snippet":"max-snippet:-1","max-image-preview":"max-image-preview:large","max-video-preview":"max-video-preview:-1"},"canonical":"https:\/\/tiandeproducts.co.uk\/pl\/szampon-odzywczy-z-korzeniem-zen-szenia450ml\/","og_locale":"pl_PL","og_type":"article","og_title":"Szampon od\u017cywczy z korzeniem \u017ce\u0144-szenia,450ml - TianDe Online Shop - Beauty &amp; Health","og_description":"Wysoka zawarto\u015b\u0107 ekstraktu z \u017ce\u0144-szenia zapewnia od\u017cywienie w\u0142os\u00f3w, stymuluje odporno\u015b\u0107 sk\u00f3ry g\u0142owy, odbudowuje struktur\u0119 w\u0142os\u00f3w, wmacnia wzrost, wyd\u0142u\u017ca \u017cywotno\u015b\u0107. Dzi\u0119ki \u0142agodnej formule szampon pi\u0119knie oczyszcza w\u0142osy, czyni je mi\u0119kkimi i pos\u0142usznymi. ZASTOSOWANIE: Szampon: na\u0142\u00f3\u017c na wilgotne w\u0142osy, masuj, nast\u0119pnie sp\u0142ucz. \u041c\u0430ska: na\u0142\u00f3\u017c na czyste wilgotne w\u0142osy na 2-3 minuty, masuj, nast\u0119pnie dok\u0142adnie sp\u0142ucz.","og_url":"https:\/\/tiandeproducts.co.uk\/pl\/szampon-odzywczy-z-korzeniem-zen-szenia450ml\/","og_site_name":"TianDe Online Shop - Beauty &amp; Health","article_publisher":"https:\/\/www.facebook.com\/tiande.products.england\/","article_modified_time":"2026-04-17T10:30:18+00:00","og_image":[{"width":700,"height":700,"url":"https:\/\/tiandeproducts.co.uk\/wp-content\/uploads\/2016\/04\/20102_new_design_new_1_.png","type":"image\/png"}],"twitter_card":"summary_large_image","schema":{"@context":"https:\/\/schema.org","@graph":[{"@type":"WebPage","@id":"https:\/\/tiandeproducts.co.uk\/pl\/szampon-odzywczy-z-korzeniem-zen-szenia450ml\/","url":"https:\/\/tiandeproducts.co.uk\/pl\/szampon-odzywczy-z-korzeniem-zen-szenia450ml\/","name":"Szampon od\u017cywczy z korzeniem \u017ce\u0144-szenia,450ml - TianDe Online Shop - Beauty &amp; Health","isPartOf":{"@id":"https:\/\/tiandeproducts.co.uk\/#website"},"primaryImageOfPage":{"@id":"https:\/\/tiandeproducts.co.uk\/pl\/szampon-odzywczy-z-korzeniem-zen-szenia450ml\/#primaryimage"},"image":{"@id":"https:\/\/tiandeproducts.co.uk\/pl\/szampon-odzywczy-z-korzeniem-zen-szenia450ml\/#primaryimage"},"thumbnailUrl":"https:\/\/tiandeproducts.co.uk\/wp-content\/uploads\/2016\/04\/20102_new_design_new_1_.png","datePublished":"2016-04-04T15:11:36+00:00","dateModified":"2026-04-17T10:30:18+00:00","breadcrumb":{"@id":"https:\/\/tiandeproducts.co.uk\/pl\/szampon-odzywczy-z-korzeniem-zen-szenia450ml\/#breadcrumb"},"inLanguage":"pl-PL","potentialAction":[{"@type":"ReadAction","target":["https:\/\/tiandeproducts.co.uk\/pl\/szampon-odzywczy-z-korzeniem-zen-szenia450ml\/"]}]},{"@type":"ImageObject","inLanguage":"pl-PL","@id":"https:\/\/tiandeproducts.co.uk\/pl\/szampon-odzywczy-z-korzeniem-zen-szenia450ml\/#primaryimage","url":"https:\/\/tiandeproducts.co.uk\/wp-content\/uploads\/2016\/04\/20102_new_design_new_1_.png","contentUrl":"https:\/\/tiandeproducts.co.uk\/wp-content\/uploads\/2016\/04\/20102_new_design_new_1_.png","width":700,"height":700,"caption":"Nourishing Shampoo with Ginseng Root,450ml-0"},{"@type":"BreadcrumbList","@id":"https:\/\/tiandeproducts.co.uk\/pl\/szampon-odzywczy-z-korzeniem-zen-szenia450ml\/#breadcrumb","itemListElement":[{"@type":"ListItem","position":1,"name":"Home","item":"https:\/\/tiandeproducts.co.uk\/pl\/"},{"@type":"ListItem","position":2,"name":"Shop","item":"https:\/\/tiandeproducts.co.uk\/pl\/shop-2\/"},{"@type":"ListItem","position":3,"name":"Szampon od\u017cywczy z korzeniem \u017ce\u0144-szenia,450ml"}]},{"@type":"WebSite","@id":"https:\/\/tiandeproducts.co.uk\/#website","url":"https:\/\/tiandeproducts.co.uk\/","name":"TianDe Online Shop - Beauty & Health","description":"Traditional Chinese Medicine","potentialAction":[{"@type":"SearchAction","target":{"@type":"EntryPoint","urlTemplate":"https:\/\/tiandeproducts.co.uk\/?s={search_term_string}"},"query-input":{"@type":"PropertyValueSpecification","valueRequired":true,"valueName":"search_term_string"}}],"inLanguage":"pl-PL"}]}},"_links":{"self":[{"href":"https:\/\/tiandeproducts.co.uk\/pl\/wp-json\/wp\/v2\/product\/4489","targetHints":{"allow":["GET"]}}],"collection":[{"href":"https:\/\/tiandeproducts.co.uk\/pl\/wp-json\/wp\/v2\/product"}],"about":[{"href":"https:\/\/tiandeproducts.co.uk\/pl\/wp-json\/wp\/v2\/types\/product"}],"replies":[{"embeddable":true,"href":"https:\/\/tiandeproducts.co.uk\/pl\/wp-json\/wp\/v2\/comments?post=4489"}],"wp:featuredmedia":[{"embeddable":true,"href":"https:\/\/tiandeproducts.co.uk\/pl\/wp-json\/wp\/v2\/media\/474"}],"wp:attachment":[{"href":"https:\/\/tiandeproducts.co.uk\/pl\/wp-json\/wp\/v2\/media?parent=4489"}],"wp:term":[{"taxonomy":"product_cat","embeddable":true,"href":"https:\/\/tiandeproducts.co.uk\/pl\/wp-json\/wp\/v2\/product_cat?post=4489"},{"taxonomy":"product_tag","embeddable":true,"href":"https:\/\/tiandeproducts.co.uk\/pl\/wp-json\/wp\/v2\/product_tag?post=4489"}],"curies":[{"name":"wp","href":"https:\/\/api.w.org\/{rel}","templated":true}]}}