{"id":4483,"date":"2019-07-17T20:12:49","date_gmt":"2019-07-17T19:12:49","guid":{"rendered":"https:\/\/tnd.ontesting.co.uk\/szczoteczka-do-zebow-wegiel-bambusowy\/"},"modified":"2021-02-12T10:58:13","modified_gmt":"2021-02-12T10:58:13","slug":"szczoteczka-do-zebow-wegiel-bambusowy","status":"publish","type":"product","link":"https:\/\/tiandeproducts.co.uk\/pl\/szczoteczka-do-zebow-wegiel-bambusowy\/","title":{"rendered":"Szczoteczka do z\u0119b\u00f3w \u201eW\u0119giel bambusowy\u201c,1 szt."},"content":{"rendered":"<div class=\"description\">\n<p><img decoding=\"async\" style=\"max-width: 16px; margin-right: 5px;\" src=\"https:\/\/tiandeproducts.co.uk\/wp-content\/uploads\/points-green.svg\" \/>\u00a0Earn 8 points worth \u00a30.40 when buying this product<\/p>\n<p>W dzisiejszym \u015bwiecie bia\u0142e z\u0119by to nie tylko oznaka atrakcyjno\u015bci, ale tak\u017ce wyznacznik pewnego standardu \u017cycia i statusu cz\u0142owieka. Z biegiem czasu jednak ze wzgl\u0119du na kaw\u0119, herbat\u0119 i inne zwyczaje nawet naturalnie bia\u0142e z\u0119by mog\u0105 zyska\u0107 nieprzyjemny \u017c\u00f3\u0142tawy odcie\u0144.<\/p>\n<p>Szczoteczka do z\u0119b\u00f3w \u201eBambusowy w\u0119giel\u201d z bardzo cienkim w\u0142osiem i zawarto\u015bci\u0105 w\u0119gla drzewnego pomo\u017ce przywr\u00f3ci\u0107 Twojemu u\u015bmiechowi \u015bnie\u017cnobia\u0142y blask. Dzi\u0119ki regularnemu stosowaniu tego \u201esprytnego\u201d akcesorium mo\u017cesz ponownie \u201enieskromnie\u201d pokazywa\u0107 bia\u0142y u\u015bmiech.<\/p>\n<p>Szczoteczka do z\u0119b\u00f3w \u201eBambusowy w\u0119giel\u201d:<br \/>\n&#8211; delikatnie myje, poleruje szkliwo i masuje dzi\u0105s\u0142a,<br \/>\n&#8211; odpowiednia do z\u0119b\u00f3w o du\u017cej wra\u017cliwo\u015bci i os\u0142abionych dzi\u0105se\u0142,<br \/>\n&#8211; usuwa p\u0142ytk\u0119 bakteryjn\u0105 nawet w trudno dost\u0119pnych miejscach.<\/p>\n<p>Dlaczego jest tak skuteczna?<\/p>\n<p>&#8211; Mi\u0119kkie i cienkie w\u0142osie. Dla os\u00f3b z wra\u017cliwym szkliwem, dla kt\u00f3rych ka\u017cde naci\u015bni\u0119cie powoduje dyskomfort, to b\u0119dzie mi\u0142a odmiana. Ze wzgl\u0119du na zwi\u0119kszon\u0105 mi\u0119kko\u015b\u0107 i cienko\u015b\u0107 w\u0142osia nie uszkadza z\u0119b\u00f3w i mo\u017ce wykonywa\u0107 swoje zadania bez sprawiania b\u00f3lu. Dociera r\u00f3wnie\u017c do trudno dost\u0119pnych miejsc w celu dok\u0142adnego wyczyszczenia z\u0119b\u00f3w.<br \/>\n&#8211; Dezynfekcja. W\u0119giel ma silne dzia\u0142anie antybakteryjne, przywraca z\u0119bom naturalny bia\u0142y odcie\u0144, pomaga wyeliminowa\u0107 nieprzyjemny zapach, \u201eprzyci\u0105ga\u201d p\u0142ytk\u0119 bakteryjn\u0105.<\/p>\n<p>Aby uzyska\u0107 maksymalne wyniki stosuj w po\u0142\u0105czeniu z pastami do z\u0119b\u00f3w i \u017celami TianDe. U\u015bmiechaj si\u0119 na zdrowie!<\/p>\n<\/div>\n<div class=\"instruction\">\n<p><strong>ZASTOSOWANIE:<\/strong><\/p>\n<p>Szczoteczk\u0119 do z\u0119b\u00f3w nale\u017cy wymieni\u0107, je\u015bli dosz\u0142o do uszkodzenia jej w\u0142osia. Okres stosowania szczoteczki do z\u0119b\u00f3w nie powinien przekracza\u0107 2-3 miesi\u0119cy.<\/p>\n<\/div>\n","protected":false},"excerpt":{"rendered":"<p>\u00a0Earn 8 points worth \u00a30.40 when buying this product W dzisiejszym \u015bwiecie bia\u0142e z\u0119by to nie tylko oznaka atrakcyjno\u015bci, ale tak\u017ce wyznacznik pewnego standardu \u017cycia i statusu cz\u0142owieka. Z biegiem czasu jednak ze wzgl\u0119du na kaw\u0119, herbat\u0119 i inne zwyczaje nawet naturalnie bia\u0142e z\u0119by mog\u0105 zyska\u0107 nieprzyjemny \u017c\u00f3\u0142tawy odcie\u0144. Szczoteczka do z\u0119b\u00f3w \u201eBambusowy w\u0119giel\u201d z [&#8230;]\n","protected":false},"featured_media":3238,"comment_status":"closed","ping_status":"closed","template":"","meta":[],"product_cat":[784,803,801],"product_tag":[],"class_list":{"0":"post-4483","1":"product","2":"type-product","3":"status-publish","4":"has-post-thumbnail","6":"product_cat-higiena-pl","7":"product_cat-higiena-jamy-ustnej-pl","8":"product_cat-szczoteczki-do-zebow","10":"first","11":"outofstock","12":"shipping-taxable","13":"purchasable","14":"product-type-simple"},"yoast_head":"<!-- This site is optimized with the Yoast SEO plugin v23.6 - https:\/\/yoast.com\/wordpress\/plugins\/seo\/ -->\n<title>Szczoteczka do z\u0119b\u00f3w \u201eW\u0119giel bambusowy\u201c,1 szt. - TianDe Online Shop - Beauty &amp; Health<\/title>\n<meta name=\"robots\" content=\"index, follow, max-snippet:-1, max-image-preview:large, max-video-preview:-1\" \/>\n<link rel=\"canonical\" href=\"https:\/\/tiandeproducts.co.uk\/pl\/szczoteczka-do-zebow-wegiel-bambusowy\/\" \/>\n<meta property=\"og:locale\" content=\"pl_PL\" \/>\n<meta property=\"og:type\" content=\"article\" \/>\n<meta property=\"og:title\" content=\"Szczoteczka do z\u0119b\u00f3w \u201eW\u0119giel bambusowy\u201c,1 szt. - TianDe Online Shop - Beauty &amp; Health\" \/>\n<meta property=\"og:description\" content=\"\u00a0Earn 8 points worth \u00a30.40 when buying this product W dzisiejszym \u015bwiecie bia\u0142e z\u0119by to nie tylko oznaka atrakcyjno\u015bci, ale tak\u017ce wyznacznik pewnego standardu \u017cycia i statusu cz\u0142owieka. Z biegiem czasu jednak ze wzgl\u0119du na kaw\u0119, herbat\u0119 i inne zwyczaje nawet naturalnie bia\u0142e z\u0119by mog\u0105 zyska\u0107 nieprzyjemny \u017c\u00f3\u0142tawy odcie\u0144. Szczoteczka do z\u0119b\u00f3w \u201eBambusowy w\u0119giel\u201d z [...]\" \/>\n<meta property=\"og:url\" content=\"https:\/\/tiandeproducts.co.uk\/pl\/szczoteczka-do-zebow-wegiel-bambusowy\/\" \/>\n<meta property=\"og:site_name\" content=\"TianDe Online Shop - Beauty &amp; Health\" \/>\n<meta property=\"article:publisher\" content=\"https:\/\/www.facebook.com\/tiande.products.england\/\" \/>\n<meta property=\"article:modified_time\" content=\"2021-02-12T10:58:13+00:00\" \/>\n<meta property=\"og:image\" content=\"https:\/\/tiandeproducts.co.uk\/wp-content\/uploads\/90175.png\" \/>\n\t<meta property=\"og:image:width\" content=\"700\" \/>\n\t<meta property=\"og:image:height\" content=\"700\" \/>\n\t<meta property=\"og:image:type\" content=\"image\/png\" \/>\n<meta name=\"twitter:card\" content=\"summary_large_image\" \/>\n<meta name=\"twitter:label1\" content=\"Szacowany czas czytania\" \/>\n\t<meta name=\"twitter:data1\" content=\"2 minuty\" \/>\n<script type=\"application\/ld+json\" class=\"yoast-schema-graph\">{\"@context\":\"https:\/\/schema.org\",\"@graph\":[{\"@type\":\"WebPage\",\"@id\":\"https:\/\/tiandeproducts.co.uk\/pl\/szczoteczka-do-zebow-wegiel-bambusowy\/\",\"url\":\"https:\/\/tiandeproducts.co.uk\/pl\/szczoteczka-do-zebow-wegiel-bambusowy\/\",\"name\":\"Szczoteczka do z\u0119b\u00f3w \u201eW\u0119giel bambusowy\u201c,1 szt. - TianDe Online Shop - Beauty &amp; Health\",\"isPartOf\":{\"@id\":\"https:\/\/tiandeproducts.co.uk\/#website\"},\"primaryImageOfPage\":{\"@id\":\"https:\/\/tiandeproducts.co.uk\/pl\/szczoteczka-do-zebow-wegiel-bambusowy\/#primaryimage\"},\"image\":{\"@id\":\"https:\/\/tiandeproducts.co.uk\/pl\/szczoteczka-do-zebow-wegiel-bambusowy\/#primaryimage\"},\"thumbnailUrl\":\"https:\/\/tiandeproducts.co.uk\/wp-content\/uploads\/90175.png\",\"datePublished\":\"2019-07-17T19:12:49+00:00\",\"dateModified\":\"2021-02-12T10:58:13+00:00\",\"breadcrumb\":{\"@id\":\"https:\/\/tiandeproducts.co.uk\/pl\/szczoteczka-do-zebow-wegiel-bambusowy\/#breadcrumb\"},\"inLanguage\":\"pl-PL\",\"potentialAction\":[{\"@type\":\"ReadAction\",\"target\":[\"https:\/\/tiandeproducts.co.uk\/pl\/szczoteczka-do-zebow-wegiel-bambusowy\/\"]}]},{\"@type\":\"ImageObject\",\"inLanguage\":\"pl-PL\",\"@id\":\"https:\/\/tiandeproducts.co.uk\/pl\/szczoteczka-do-zebow-wegiel-bambusowy\/#primaryimage\",\"url\":\"https:\/\/tiandeproducts.co.uk\/wp-content\/uploads\/90175.png\",\"contentUrl\":\"https:\/\/tiandeproducts.co.uk\/wp-content\/uploads\/90175.png\",\"width\":700,\"height\":700},{\"@type\":\"BreadcrumbList\",\"@id\":\"https:\/\/tiandeproducts.co.uk\/pl\/szczoteczka-do-zebow-wegiel-bambusowy\/#breadcrumb\",\"itemListElement\":[{\"@type\":\"ListItem\",\"position\":1,\"name\":\"Home\",\"item\":\"https:\/\/tiandeproducts.co.uk\/pl\/\"},{\"@type\":\"ListItem\",\"position\":2,\"name\":\"Shop\",\"item\":\"https:\/\/tiandeproducts.co.uk\/pl\/shop-2\/\"},{\"@type\":\"ListItem\",\"position\":3,\"name\":\"Szczoteczka do z\u0119b\u00f3w \u201eW\u0119giel bambusowy\u201c,1 szt.\"}]},{\"@type\":\"WebSite\",\"@id\":\"https:\/\/tiandeproducts.co.uk\/#website\",\"url\":\"https:\/\/tiandeproducts.co.uk\/\",\"name\":\"TianDe Online Shop - Beauty & Health\",\"description\":\"Traditional Chinese Medicine\",\"potentialAction\":[{\"@type\":\"SearchAction\",\"target\":{\"@type\":\"EntryPoint\",\"urlTemplate\":\"https:\/\/tiandeproducts.co.uk\/?s={search_term_string}\"},\"query-input\":{\"@type\":\"PropertyValueSpecification\",\"valueRequired\":true,\"valueName\":\"search_term_string\"}}],\"inLanguage\":\"pl-PL\"}]}<\/script>\n<!-- \/ Yoast SEO plugin. -->","yoast_head_json":{"title":"Szczoteczka do z\u0119b\u00f3w \u201eW\u0119giel bambusowy\u201c,1 szt. - TianDe Online Shop - Beauty &amp; Health","robots":{"index":"index","follow":"follow","max-snippet":"max-snippet:-1","max-image-preview":"max-image-preview:large","max-video-preview":"max-video-preview:-1"},"canonical":"https:\/\/tiandeproducts.co.uk\/pl\/szczoteczka-do-zebow-wegiel-bambusowy\/","og_locale":"pl_PL","og_type":"article","og_title":"Szczoteczka do z\u0119b\u00f3w \u201eW\u0119giel bambusowy\u201c,1 szt. - TianDe Online Shop - Beauty &amp; Health","og_description":"\u00a0Earn 8 points worth \u00a30.40 when buying this product W dzisiejszym \u015bwiecie bia\u0142e z\u0119by to nie tylko oznaka atrakcyjno\u015bci, ale tak\u017ce wyznacznik pewnego standardu \u017cycia i statusu cz\u0142owieka. Z biegiem czasu jednak ze wzgl\u0119du na kaw\u0119, herbat\u0119 i inne zwyczaje nawet naturalnie bia\u0142e z\u0119by mog\u0105 zyska\u0107 nieprzyjemny \u017c\u00f3\u0142tawy odcie\u0144. Szczoteczka do z\u0119b\u00f3w \u201eBambusowy w\u0119giel\u201d z [...]","og_url":"https:\/\/tiandeproducts.co.uk\/pl\/szczoteczka-do-zebow-wegiel-bambusowy\/","og_site_name":"TianDe Online Shop - Beauty &amp; Health","article_publisher":"https:\/\/www.facebook.com\/tiande.products.england\/","article_modified_time":"2021-02-12T10:58:13+00:00","og_image":[{"width":700,"height":700,"url":"https:\/\/tiandeproducts.co.uk\/wp-content\/uploads\/90175.png","type":"image\/png"}],"twitter_card":"summary_large_image","twitter_misc":{"Szacowany czas czytania":"2 minuty"},"schema":{"@context":"https:\/\/schema.org","@graph":[{"@type":"WebPage","@id":"https:\/\/tiandeproducts.co.uk\/pl\/szczoteczka-do-zebow-wegiel-bambusowy\/","url":"https:\/\/tiandeproducts.co.uk\/pl\/szczoteczka-do-zebow-wegiel-bambusowy\/","name":"Szczoteczka do z\u0119b\u00f3w \u201eW\u0119giel bambusowy\u201c,1 szt. - TianDe Online Shop - Beauty &amp; Health","isPartOf":{"@id":"https:\/\/tiandeproducts.co.uk\/#website"},"primaryImageOfPage":{"@id":"https:\/\/tiandeproducts.co.uk\/pl\/szczoteczka-do-zebow-wegiel-bambusowy\/#primaryimage"},"image":{"@id":"https:\/\/tiandeproducts.co.uk\/pl\/szczoteczka-do-zebow-wegiel-bambusowy\/#primaryimage"},"thumbnailUrl":"https:\/\/tiandeproducts.co.uk\/wp-content\/uploads\/90175.png","datePublished":"2019-07-17T19:12:49+00:00","dateModified":"2021-02-12T10:58:13+00:00","breadcrumb":{"@id":"https:\/\/tiandeproducts.co.uk\/pl\/szczoteczka-do-zebow-wegiel-bambusowy\/#breadcrumb"},"inLanguage":"pl-PL","potentialAction":[{"@type":"ReadAction","target":["https:\/\/tiandeproducts.co.uk\/pl\/szczoteczka-do-zebow-wegiel-bambusowy\/"]}]},{"@type":"ImageObject","inLanguage":"pl-PL","@id":"https:\/\/tiandeproducts.co.uk\/pl\/szczoteczka-do-zebow-wegiel-bambusowy\/#primaryimage","url":"https:\/\/tiandeproducts.co.uk\/wp-content\/uploads\/90175.png","contentUrl":"https:\/\/tiandeproducts.co.uk\/wp-content\/uploads\/90175.png","width":700,"height":700},{"@type":"BreadcrumbList","@id":"https:\/\/tiandeproducts.co.uk\/pl\/szczoteczka-do-zebow-wegiel-bambusowy\/#breadcrumb","itemListElement":[{"@type":"ListItem","position":1,"name":"Home","item":"https:\/\/tiandeproducts.co.uk\/pl\/"},{"@type":"ListItem","position":2,"name":"Shop","item":"https:\/\/tiandeproducts.co.uk\/pl\/shop-2\/"},{"@type":"ListItem","position":3,"name":"Szczoteczka do z\u0119b\u00f3w \u201eW\u0119giel bambusowy\u201c,1 szt."}]},{"@type":"WebSite","@id":"https:\/\/tiandeproducts.co.uk\/#website","url":"https:\/\/tiandeproducts.co.uk\/","name":"TianDe Online Shop - Beauty & Health","description":"Traditional Chinese Medicine","potentialAction":[{"@type":"SearchAction","target":{"@type":"EntryPoint","urlTemplate":"https:\/\/tiandeproducts.co.uk\/?s={search_term_string}"},"query-input":{"@type":"PropertyValueSpecification","valueRequired":true,"valueName":"search_term_string"}}],"inLanguage":"pl-PL"}]}},"_links":{"self":[{"href":"https:\/\/tiandeproducts.co.uk\/pl\/wp-json\/wp\/v2\/product\/4483","targetHints":{"allow":["GET"]}}],"collection":[{"href":"https:\/\/tiandeproducts.co.uk\/pl\/wp-json\/wp\/v2\/product"}],"about":[{"href":"https:\/\/tiandeproducts.co.uk\/pl\/wp-json\/wp\/v2\/types\/product"}],"replies":[{"embeddable":true,"href":"https:\/\/tiandeproducts.co.uk\/pl\/wp-json\/wp\/v2\/comments?post=4483"}],"wp:featuredmedia":[{"embeddable":true,"href":"https:\/\/tiandeproducts.co.uk\/pl\/wp-json\/wp\/v2\/media\/3238"}],"wp:attachment":[{"href":"https:\/\/tiandeproducts.co.uk\/pl\/wp-json\/wp\/v2\/media?parent=4483"}],"wp:term":[{"taxonomy":"product_cat","embeddable":true,"href":"https:\/\/tiandeproducts.co.uk\/pl\/wp-json\/wp\/v2\/product_cat?post=4483"},{"taxonomy":"product_tag","embeddable":true,"href":"https:\/\/tiandeproducts.co.uk\/pl\/wp-json\/wp\/v2\/product_tag?post=4483"}],"curies":[{"name":"wp","href":"https:\/\/api.w.org\/{rel}","templated":true}]}}