{"id":4481,"date":"2018-07-19T17:33:08","date_gmt":"2018-07-19T16:33:08","guid":{"rendered":"https:\/\/tnd.ontesting.co.uk\/fito-plyn-do-plukania-jamy-ustnej250ml\/"},"modified":"2021-02-12T11:58:21","modified_gmt":"2021-02-12T11:58:21","slug":"fito-plyn-do-plukania-jamy-ustnej250ml","status":"publish","type":"product","link":"https:\/\/tiandeproducts.co.uk\/pl\/fito-plyn-do-plukania-jamy-ustnej250ml\/","title":{"rendered":"Fito-p\u0142yn do p\u0142ukania jamy ustnej,250ml"},"content":{"rendered":"<div class=\"description\">\n<p><img decoding=\"async\" style=\"max-width: 16px; margin-right: 5px;\" src=\"https:\/\/tiandeproducts.co.uk\/wp-content\/uploads\/points-green.svg\" \/>\u00a0Earn 9 points worth \u00a30.45 when buying this product<\/p>\n<p>Jak cz\u0119sto si\u0119gasz po przek\u0105sk\u0119? Jak cz\u0119sto spo\u017cywasz pe\u0142nowarto\u015bciowe posi\u0142ki? Po ka\u017cdym posi\u0142ku mi\u0119dzy z\u0119bami pozostaj\u0105 mikroskopijne resztki jedzenia (mo\u017cesz ich nie widzie\u0107, ale s\u0105 tam na pewno), a w jamie ustnej zaczynaj\u0105 mno\u017cy\u0107 si\u0119 bakterie chorobotw\u00f3rcze. W rezultacie pojawia si\u0119 nieprzyjemny zapach z ust, okresowe stany zapalne dzi\u0105se\u0142 i pr\u00f3chnica.<\/p>\n<p>Wszystkiemu mo\u017cna zapobiec jednym prostym dzia\u0142aniem &#8211; nale\u017cy regularnie stosowa\u0107 p\u0142yn do p\u0142ukania jamy ustnej Dr. Taiga. Dzi\u0119ki sk\u0142adnikom aktywnym p\u0142yn pomo\u017ce Ci zachowa\u0107 \u015bwie\u017cy oddech przez ca\u0142y dzie\u0144 i zapobiec powstawaniu problem\u00f3w z z\u0119bami i dzi\u0105s\u0142ami.<\/p>\n<p>P\u0142yn do p\u0142ukania jamy ustnej Dr. Taiga to:<br \/>\n&#8211; profilaktyka pr\u00f3chnicy i parodontozy;<br \/>\n&#8211; walka z bakteriami i nieprzyjemnym zapachem;<br \/>\n&#8211; zdrowe dzi\u0105s\u0142a i \u015bwie\u017cy oddech na d\u0142ugo.<\/p>\n<p>P\u0141YN DO P\u0141UKANIA JAMY USTNEJ NIE ZAWIERA ALKOHOLU, CHLOROHEKSYDYNY, PARABEN\u00d3W I SLS.<\/p>\n<p>Produkt nale\u017cy do linii kosmetyk\u00f3w Dr. Taiga. W tajdze mo\u017cna odnale\u017a\u0107 naprawd\u0119 wyj\u0105tkowe ro\u015bliny, kt\u00f3re maj\u0105 ogromn\u0105 moc lecznicz\u0105. Wybrali\u015bmy najlepsze z nich i stworzyli\u015bmy seri\u0119 kosmetyk\u00f3w do higieny jamy ustnej, kt\u00f3re b\u0119d\u0105 dba\u0107 o Tw\u00f3j \u015bnie\u017cnobia\u0142y u\u015bmiech i zdrowe dzi\u0105s\u0142a.<\/p>\n<\/div>\n<div class=\"instruction\">\n<p><strong>ZASTOSOWANIE:<\/strong><\/p>\n<p>Jam\u0119 ustn\u0105 nale\u017cy p\u0142uka\u0107 przez 30 sekund dwa razy dziennie po umyciu z\u0119b\u00f3w. Nie po\u0142yka\u0107.<\/p>\n<\/div>\n","protected":false},"excerpt":{"rendered":"<p>\u00a0Earn 9 points worth \u00a30.45 when buying this product Jak cz\u0119sto si\u0119gasz po przek\u0105sk\u0119? Jak cz\u0119sto spo\u017cywasz pe\u0142nowarto\u015bciowe posi\u0142ki? Po ka\u017cdym posi\u0142ku mi\u0119dzy z\u0119bami pozostaj\u0105 mikroskopijne resztki jedzenia (mo\u017cesz ich nie widzie\u0107, ale s\u0105 tam na pewno), a w jamie ustnej zaczynaj\u0105 mno\u017cy\u0107 si\u0119 bakterie chorobotw\u00f3rcze. W rezultacie pojawia si\u0119 nieprzyjemny zapach z ust, okresowe [&#8230;]\n","protected":false},"featured_media":1952,"comment_status":"closed","ping_status":"closed","template":"","meta":[],"product_cat":[784,803],"product_tag":[],"class_list":{"0":"post-4481","1":"product","2":"type-product","3":"status-publish","4":"has-post-thumbnail","6":"product_cat-higiena-pl","7":"product_cat-higiena-jamy-ustnej-pl","9":"first","10":"outofstock","11":"shipping-taxable","12":"purchasable","13":"product-type-simple"},"yoast_head":"<!-- This site is optimized with the Yoast SEO plugin v23.6 - https:\/\/yoast.com\/wordpress\/plugins\/seo\/ -->\n<title>Fito-p\u0142yn do p\u0142ukania jamy ustnej,250ml - TianDe Online Shop - Beauty &amp; Health<\/title>\n<meta name=\"robots\" content=\"index, follow, max-snippet:-1, max-image-preview:large, max-video-preview:-1\" \/>\n<link rel=\"canonical\" href=\"https:\/\/tiandeproducts.co.uk\/pl\/fito-plyn-do-plukania-jamy-ustnej250ml\/\" \/>\n<meta property=\"og:locale\" content=\"pl_PL\" \/>\n<meta property=\"og:type\" content=\"article\" \/>\n<meta property=\"og:title\" content=\"Fito-p\u0142yn do p\u0142ukania jamy ustnej,250ml - TianDe Online Shop - Beauty &amp; Health\" \/>\n<meta property=\"og:description\" content=\"\u00a0Earn 9 points worth \u00a30.45 when buying this product Jak cz\u0119sto si\u0119gasz po przek\u0105sk\u0119? Jak cz\u0119sto spo\u017cywasz pe\u0142nowarto\u015bciowe posi\u0142ki? Po ka\u017cdym posi\u0142ku mi\u0119dzy z\u0119bami pozostaj\u0105 mikroskopijne resztki jedzenia (mo\u017cesz ich nie widzie\u0107, ale s\u0105 tam na pewno), a w jamie ustnej zaczynaj\u0105 mno\u017cy\u0107 si\u0119 bakterie chorobotw\u00f3rcze. W rezultacie pojawia si\u0119 nieprzyjemny zapach z ust, okresowe [...]\" \/>\n<meta property=\"og:url\" content=\"https:\/\/tiandeproducts.co.uk\/pl\/fito-plyn-do-plukania-jamy-ustnej250ml\/\" \/>\n<meta property=\"og:site_name\" content=\"TianDe Online Shop - Beauty &amp; Health\" \/>\n<meta property=\"article:publisher\" content=\"https:\/\/www.facebook.com\/tiande.products.england\/\" \/>\n<meta property=\"article:modified_time\" content=\"2021-02-12T11:58:21+00:00\" \/>\n<meta property=\"og:image\" content=\"https:\/\/tiandeproducts.co.uk\/wp-content\/uploads\/2018\/07\/65905.jpg\" \/>\n\t<meta property=\"og:image:width\" content=\"700\" \/>\n\t<meta property=\"og:image:height\" content=\"700\" \/>\n\t<meta property=\"og:image:type\" content=\"image\/jpeg\" \/>\n<meta name=\"twitter:card\" content=\"summary_large_image\" \/>\n<meta name=\"twitter:label1\" content=\"Szacowany czas czytania\" \/>\n\t<meta name=\"twitter:data1\" content=\"1 minuta\" \/>\n<script type=\"application\/ld+json\" class=\"yoast-schema-graph\">{\"@context\":\"https:\/\/schema.org\",\"@graph\":[{\"@type\":\"WebPage\",\"@id\":\"https:\/\/tiandeproducts.co.uk\/pl\/fito-plyn-do-plukania-jamy-ustnej250ml\/\",\"url\":\"https:\/\/tiandeproducts.co.uk\/pl\/fito-plyn-do-plukania-jamy-ustnej250ml\/\",\"name\":\"Fito-p\u0142yn do p\u0142ukania jamy ustnej,250ml - TianDe Online Shop - Beauty &amp; Health\",\"isPartOf\":{\"@id\":\"https:\/\/tiandeproducts.co.uk\/#website\"},\"primaryImageOfPage\":{\"@id\":\"https:\/\/tiandeproducts.co.uk\/pl\/fito-plyn-do-plukania-jamy-ustnej250ml\/#primaryimage\"},\"image\":{\"@id\":\"https:\/\/tiandeproducts.co.uk\/pl\/fito-plyn-do-plukania-jamy-ustnej250ml\/#primaryimage\"},\"thumbnailUrl\":\"https:\/\/tiandeproducts.co.uk\/wp-content\/uploads\/2018\/07\/65905.jpg\",\"datePublished\":\"2018-07-19T16:33:08+00:00\",\"dateModified\":\"2021-02-12T11:58:21+00:00\",\"breadcrumb\":{\"@id\":\"https:\/\/tiandeproducts.co.uk\/pl\/fito-plyn-do-plukania-jamy-ustnej250ml\/#breadcrumb\"},\"inLanguage\":\"pl-PL\",\"potentialAction\":[{\"@type\":\"ReadAction\",\"target\":[\"https:\/\/tiandeproducts.co.uk\/pl\/fito-plyn-do-plukania-jamy-ustnej250ml\/\"]}]},{\"@type\":\"ImageObject\",\"inLanguage\":\"pl-PL\",\"@id\":\"https:\/\/tiandeproducts.co.uk\/pl\/fito-plyn-do-plukania-jamy-ustnej250ml\/#primaryimage\",\"url\":\"https:\/\/tiandeproducts.co.uk\/wp-content\/uploads\/2018\/07\/65905.jpg\",\"contentUrl\":\"https:\/\/tiandeproducts.co.uk\/wp-content\/uploads\/2018\/07\/65905.jpg\",\"width\":700,\"height\":700,\"caption\":\"Dr. Taiga Phyto Mouthwash,250ml-0\"},{\"@type\":\"BreadcrumbList\",\"@id\":\"https:\/\/tiandeproducts.co.uk\/pl\/fito-plyn-do-plukania-jamy-ustnej250ml\/#breadcrumb\",\"itemListElement\":[{\"@type\":\"ListItem\",\"position\":1,\"name\":\"Home\",\"item\":\"https:\/\/tiandeproducts.co.uk\/pl\/\"},{\"@type\":\"ListItem\",\"position\":2,\"name\":\"Shop\",\"item\":\"https:\/\/tiandeproducts.co.uk\/pl\/shop-2\/\"},{\"@type\":\"ListItem\",\"position\":3,\"name\":\"Fito-p\u0142yn do p\u0142ukania jamy ustnej,250ml\"}]},{\"@type\":\"WebSite\",\"@id\":\"https:\/\/tiandeproducts.co.uk\/#website\",\"url\":\"https:\/\/tiandeproducts.co.uk\/\",\"name\":\"TianDe Online Shop - Beauty & Health\",\"description\":\"Traditional Chinese Medicine\",\"potentialAction\":[{\"@type\":\"SearchAction\",\"target\":{\"@type\":\"EntryPoint\",\"urlTemplate\":\"https:\/\/tiandeproducts.co.uk\/?s={search_term_string}\"},\"query-input\":{\"@type\":\"PropertyValueSpecification\",\"valueRequired\":true,\"valueName\":\"search_term_string\"}}],\"inLanguage\":\"pl-PL\"}]}<\/script>\n<!-- \/ Yoast SEO plugin. -->","yoast_head_json":{"title":"Fito-p\u0142yn do p\u0142ukania jamy ustnej,250ml - TianDe Online Shop - Beauty &amp; Health","robots":{"index":"index","follow":"follow","max-snippet":"max-snippet:-1","max-image-preview":"max-image-preview:large","max-video-preview":"max-video-preview:-1"},"canonical":"https:\/\/tiandeproducts.co.uk\/pl\/fito-plyn-do-plukania-jamy-ustnej250ml\/","og_locale":"pl_PL","og_type":"article","og_title":"Fito-p\u0142yn do p\u0142ukania jamy ustnej,250ml - TianDe Online Shop - Beauty &amp; Health","og_description":"\u00a0Earn 9 points worth \u00a30.45 when buying this product Jak cz\u0119sto si\u0119gasz po przek\u0105sk\u0119? Jak cz\u0119sto spo\u017cywasz pe\u0142nowarto\u015bciowe posi\u0142ki? Po ka\u017cdym posi\u0142ku mi\u0119dzy z\u0119bami pozostaj\u0105 mikroskopijne resztki jedzenia (mo\u017cesz ich nie widzie\u0107, ale s\u0105 tam na pewno), a w jamie ustnej zaczynaj\u0105 mno\u017cy\u0107 si\u0119 bakterie chorobotw\u00f3rcze. W rezultacie pojawia si\u0119 nieprzyjemny zapach z ust, okresowe [...]","og_url":"https:\/\/tiandeproducts.co.uk\/pl\/fito-plyn-do-plukania-jamy-ustnej250ml\/","og_site_name":"TianDe Online Shop - Beauty &amp; Health","article_publisher":"https:\/\/www.facebook.com\/tiande.products.england\/","article_modified_time":"2021-02-12T11:58:21+00:00","og_image":[{"width":700,"height":700,"url":"https:\/\/tiandeproducts.co.uk\/wp-content\/uploads\/2018\/07\/65905.jpg","type":"image\/jpeg"}],"twitter_card":"summary_large_image","twitter_misc":{"Szacowany czas czytania":"1 minuta"},"schema":{"@context":"https:\/\/schema.org","@graph":[{"@type":"WebPage","@id":"https:\/\/tiandeproducts.co.uk\/pl\/fito-plyn-do-plukania-jamy-ustnej250ml\/","url":"https:\/\/tiandeproducts.co.uk\/pl\/fito-plyn-do-plukania-jamy-ustnej250ml\/","name":"Fito-p\u0142yn do p\u0142ukania jamy ustnej,250ml - TianDe Online Shop - Beauty &amp; Health","isPartOf":{"@id":"https:\/\/tiandeproducts.co.uk\/#website"},"primaryImageOfPage":{"@id":"https:\/\/tiandeproducts.co.uk\/pl\/fito-plyn-do-plukania-jamy-ustnej250ml\/#primaryimage"},"image":{"@id":"https:\/\/tiandeproducts.co.uk\/pl\/fito-plyn-do-plukania-jamy-ustnej250ml\/#primaryimage"},"thumbnailUrl":"https:\/\/tiandeproducts.co.uk\/wp-content\/uploads\/2018\/07\/65905.jpg","datePublished":"2018-07-19T16:33:08+00:00","dateModified":"2021-02-12T11:58:21+00:00","breadcrumb":{"@id":"https:\/\/tiandeproducts.co.uk\/pl\/fito-plyn-do-plukania-jamy-ustnej250ml\/#breadcrumb"},"inLanguage":"pl-PL","potentialAction":[{"@type":"ReadAction","target":["https:\/\/tiandeproducts.co.uk\/pl\/fito-plyn-do-plukania-jamy-ustnej250ml\/"]}]},{"@type":"ImageObject","inLanguage":"pl-PL","@id":"https:\/\/tiandeproducts.co.uk\/pl\/fito-plyn-do-plukania-jamy-ustnej250ml\/#primaryimage","url":"https:\/\/tiandeproducts.co.uk\/wp-content\/uploads\/2018\/07\/65905.jpg","contentUrl":"https:\/\/tiandeproducts.co.uk\/wp-content\/uploads\/2018\/07\/65905.jpg","width":700,"height":700,"caption":"Dr. Taiga Phyto Mouthwash,250ml-0"},{"@type":"BreadcrumbList","@id":"https:\/\/tiandeproducts.co.uk\/pl\/fito-plyn-do-plukania-jamy-ustnej250ml\/#breadcrumb","itemListElement":[{"@type":"ListItem","position":1,"name":"Home","item":"https:\/\/tiandeproducts.co.uk\/pl\/"},{"@type":"ListItem","position":2,"name":"Shop","item":"https:\/\/tiandeproducts.co.uk\/pl\/shop-2\/"},{"@type":"ListItem","position":3,"name":"Fito-p\u0142yn do p\u0142ukania jamy ustnej,250ml"}]},{"@type":"WebSite","@id":"https:\/\/tiandeproducts.co.uk\/#website","url":"https:\/\/tiandeproducts.co.uk\/","name":"TianDe Online Shop - Beauty & Health","description":"Traditional Chinese Medicine","potentialAction":[{"@type":"SearchAction","target":{"@type":"EntryPoint","urlTemplate":"https:\/\/tiandeproducts.co.uk\/?s={search_term_string}"},"query-input":{"@type":"PropertyValueSpecification","valueRequired":true,"valueName":"search_term_string"}}],"inLanguage":"pl-PL"}]}},"_links":{"self":[{"href":"https:\/\/tiandeproducts.co.uk\/pl\/wp-json\/wp\/v2\/product\/4481","targetHints":{"allow":["GET"]}}],"collection":[{"href":"https:\/\/tiandeproducts.co.uk\/pl\/wp-json\/wp\/v2\/product"}],"about":[{"href":"https:\/\/tiandeproducts.co.uk\/pl\/wp-json\/wp\/v2\/types\/product"}],"replies":[{"embeddable":true,"href":"https:\/\/tiandeproducts.co.uk\/pl\/wp-json\/wp\/v2\/comments?post=4481"}],"wp:featuredmedia":[{"embeddable":true,"href":"https:\/\/tiandeproducts.co.uk\/pl\/wp-json\/wp\/v2\/media\/1952"}],"wp:attachment":[{"href":"https:\/\/tiandeproducts.co.uk\/pl\/wp-json\/wp\/v2\/media?parent=4481"}],"wp:term":[{"taxonomy":"product_cat","embeddable":true,"href":"https:\/\/tiandeproducts.co.uk\/pl\/wp-json\/wp\/v2\/product_cat?post=4481"},{"taxonomy":"product_tag","embeddable":true,"href":"https:\/\/tiandeproducts.co.uk\/pl\/wp-json\/wp\/v2\/product_tag?post=4481"}],"curies":[{"name":"wp","href":"https:\/\/api.w.org\/{rel}","templated":true}]}}