{"id":4476,"date":"2016-04-24T13:30:35","date_gmt":"2016-04-24T12:30:35","guid":{"rendered":"https:\/\/tnd.ontesting.co.uk\/dziecieca-szczoteczka-do-zebow-prodental-junior\/"},"modified":"2021-02-25T12:09:22","modified_gmt":"2021-02-25T12:09:22","slug":"dziecieca-szczoteczka-do-zebow-prodental-junior","status":"publish","type":"product","link":"https:\/\/tiandeproducts.co.uk\/pl\/dziecieca-szczoteczka-do-zebow-prodental-junior\/","title":{"rendered":"Dzieci\u0119ca szczoteczka do z\u0119b\u00f3w &#8222;ProDental Junior\u201d,1 szt."},"content":{"rendered":"<div class=\"description\">\n<p><img decoding=\"async\" style=\"max-width: 16px; margin-right: 5px;\" src=\"https:\/\/tiandeproducts.co.uk\/wp-content\/uploads\/points-green.svg\" \/>\u00a0Earn 4 points worth \u00a30.20 when buying this product<\/p>\n<p>Unikalne w\u0142oski szczoteczki zapewniaj\u0105 delikatne czyszczenie wra\u017cliwego szkliwa dzieci\u0119cych z\u0119b\u00f3w oraz dzi\u0105se\u0142, na kt\u00f3rych gromadzi si\u0119 do 90% bakterii jamy ustnej. G\u0142\u00f3wk\u0119 szczoteczki mo\u017cna zdj\u0105\u0107 i za\u0142o\u017cy\u0107 pod innym k\u0105tem dla komfortu czyszczenia z\u0119b\u00f3w po\u0142o\u017conych w dalszej cz\u0119\u015bci jamy ustnej. Ergonomiczny kszta\u0142t zapewnia komfortowe u\u017cywanie, pozwala prawid\u0142owo i pewnie trzyma\u0107 szczoteczk\u0119 w r\u0119ce.<\/p>\n<\/div>\n<div class=\"instruction\">\n<p><strong>ZASTOSOWANIE:<\/strong><\/p>\n<p>Szczoteczk\u0119 do z\u0119b\u00f3w nale\u017cy wymienia\u0107 w miar\u0119 deformacji w\u0142osia. Termin u\u017cywania nie powinien przekroczy\u0107 2-3 miesi\u0119cy.<\/p>\n<\/div>\n","protected":false},"excerpt":{"rendered":"<p>\u00a0Earn 4 points worth \u00a30.20 when buying this product Unikalne w\u0142oski szczoteczki zapewniaj\u0105 delikatne czyszczenie wra\u017cliwego szkliwa dzieci\u0119cych z\u0119b\u00f3w oraz dzi\u0105se\u0142, na kt\u00f3rych gromadzi si\u0119 do 90% bakterii jamy ustnej. G\u0142\u00f3wk\u0119 szczoteczki mo\u017cna zdj\u0105\u0107 i za\u0142o\u017cy\u0107 pod innym k\u0105tem dla komfortu czyszczenia z\u0119b\u00f3w po\u0142o\u017conych w dalszej cz\u0119\u015bci jamy ustnej. Ergonomiczny kszta\u0142t zapewnia komfortowe u\u017cywanie, pozwala [&#8230;]\n","protected":false},"featured_media":1338,"comment_status":"closed","ping_status":"closed","template":"","meta":[],"product_cat":[765,784,803,1350,801],"product_tag":[],"class_list":{"0":"post-4476","1":"product","2":"type-product","3":"status-publish","4":"has-post-thumbnail","6":"product_cat-dla-dzieci","7":"product_cat-higiena-pl","8":"product_cat-higiena-jamy-ustnej-pl","9":"product_cat-higiena-jamy-ustnej-pl-2","10":"product_cat-szczoteczki-do-zebow","12":"first","13":"instock","14":"shipping-taxable","15":"purchasable","16":"product-type-variable"},"yoast_head":"<!-- This site is optimized with the Yoast SEO plugin v23.6 - https:\/\/yoast.com\/wordpress\/plugins\/seo\/ -->\n<title>Dzieci\u0119ca szczoteczka do z\u0119b\u00f3w &quot;ProDental Junior\u201d,1 szt. - TianDe Online Shop - Beauty &amp; Health<\/title>\n<meta name=\"robots\" content=\"index, follow, max-snippet:-1, max-image-preview:large, max-video-preview:-1\" \/>\n<link rel=\"canonical\" href=\"https:\/\/tiandeproducts.co.uk\/pl\/dziecieca-szczoteczka-do-zebow-prodental-junior\/\" \/>\n<meta property=\"og:locale\" content=\"pl_PL\" \/>\n<meta property=\"og:type\" content=\"article\" \/>\n<meta property=\"og:title\" content=\"Dzieci\u0119ca szczoteczka do z\u0119b\u00f3w &quot;ProDental Junior\u201d,1 szt. - TianDe Online Shop - Beauty &amp; Health\" \/>\n<meta property=\"og:description\" content=\"\u00a0Earn 4 points worth \u00a30.20 when buying this product Unikalne w\u0142oski szczoteczki zapewniaj\u0105 delikatne czyszczenie wra\u017cliwego szkliwa dzieci\u0119cych z\u0119b\u00f3w oraz dzi\u0105se\u0142, na kt\u00f3rych gromadzi si\u0119 do 90% bakterii jamy ustnej. G\u0142\u00f3wk\u0119 szczoteczki mo\u017cna zdj\u0105\u0107 i za\u0142o\u017cy\u0107 pod innym k\u0105tem dla komfortu czyszczenia z\u0119b\u00f3w po\u0142o\u017conych w dalszej cz\u0119\u015bci jamy ustnej. Ergonomiczny kszta\u0142t zapewnia komfortowe u\u017cywanie, pozwala [...]\" \/>\n<meta property=\"og:url\" content=\"https:\/\/tiandeproducts.co.uk\/pl\/dziecieca-szczoteczka-do-zebow-prodental-junior\/\" \/>\n<meta property=\"og:site_name\" content=\"TianDe Online Shop - Beauty &amp; Health\" \/>\n<meta property=\"article:publisher\" content=\"https:\/\/www.facebook.com\/tiande.products.england\/\" \/>\n<meta property=\"article:modified_time\" content=\"2021-02-25T12:09:22+00:00\" \/>\n<meta property=\"og:image\" content=\"https:\/\/tiandeproducts.co.uk\/wp-content\/uploads\/2016\/04\/90153.jpg\" \/>\n\t<meta property=\"og:image:width\" content=\"800\" \/>\n\t<meta property=\"og:image:height\" content=\"800\" \/>\n\t<meta property=\"og:image:type\" content=\"image\/jpeg\" \/>\n<meta name=\"twitter:card\" content=\"summary_large_image\" \/>\n<meta name=\"twitter:label1\" content=\"Szacowany czas czytania\" \/>\n\t<meta name=\"twitter:data1\" content=\"1 minuta\" \/>\n<script type=\"application\/ld+json\" class=\"yoast-schema-graph\">{\"@context\":\"https:\/\/schema.org\",\"@graph\":[{\"@type\":\"WebPage\",\"@id\":\"https:\/\/tiandeproducts.co.uk\/pl\/dziecieca-szczoteczka-do-zebow-prodental-junior\/\",\"url\":\"https:\/\/tiandeproducts.co.uk\/pl\/dziecieca-szczoteczka-do-zebow-prodental-junior\/\",\"name\":\"Dzieci\u0119ca szczoteczka do z\u0119b\u00f3w \\\"ProDental Junior\u201d,1 szt. - TianDe Online Shop - Beauty &amp; Health\",\"isPartOf\":{\"@id\":\"https:\/\/tiandeproducts.co.uk\/#website\"},\"primaryImageOfPage\":{\"@id\":\"https:\/\/tiandeproducts.co.uk\/pl\/dziecieca-szczoteczka-do-zebow-prodental-junior\/#primaryimage\"},\"image\":{\"@id\":\"https:\/\/tiandeproducts.co.uk\/pl\/dziecieca-szczoteczka-do-zebow-prodental-junior\/#primaryimage\"},\"thumbnailUrl\":\"https:\/\/tiandeproducts.co.uk\/wp-content\/uploads\/2016\/04\/90153.jpg\",\"datePublished\":\"2016-04-24T12:30:35+00:00\",\"dateModified\":\"2021-02-25T12:09:22+00:00\",\"breadcrumb\":{\"@id\":\"https:\/\/tiandeproducts.co.uk\/pl\/dziecieca-szczoteczka-do-zebow-prodental-junior\/#breadcrumb\"},\"inLanguage\":\"pl-PL\",\"potentialAction\":[{\"@type\":\"ReadAction\",\"target\":[\"https:\/\/tiandeproducts.co.uk\/pl\/dziecieca-szczoteczka-do-zebow-prodental-junior\/\"]}]},{\"@type\":\"ImageObject\",\"inLanguage\":\"pl-PL\",\"@id\":\"https:\/\/tiandeproducts.co.uk\/pl\/dziecieca-szczoteczka-do-zebow-prodental-junior\/#primaryimage\",\"url\":\"https:\/\/tiandeproducts.co.uk\/wp-content\/uploads\/2016\/04\/90153.jpg\",\"contentUrl\":\"https:\/\/tiandeproducts.co.uk\/wp-content\/uploads\/2016\/04\/90153.jpg\",\"width\":800,\"height\":800,\"caption\":\"Junior Toothbrush,Gently Cleanses Teeth & Gum,1pc-0\"},{\"@type\":\"BreadcrumbList\",\"@id\":\"https:\/\/tiandeproducts.co.uk\/pl\/dziecieca-szczoteczka-do-zebow-prodental-junior\/#breadcrumb\",\"itemListElement\":[{\"@type\":\"ListItem\",\"position\":1,\"name\":\"Home\",\"item\":\"https:\/\/tiandeproducts.co.uk\/pl\/\"},{\"@type\":\"ListItem\",\"position\":2,\"name\":\"Shop\",\"item\":\"https:\/\/tiandeproducts.co.uk\/pl\/shop-2\/\"},{\"@type\":\"ListItem\",\"position\":3,\"name\":\"Dzieci\u0119ca szczoteczka do z\u0119b\u00f3w &#8220;ProDental Junior\u201d,1 szt.\"}]},{\"@type\":\"WebSite\",\"@id\":\"https:\/\/tiandeproducts.co.uk\/#website\",\"url\":\"https:\/\/tiandeproducts.co.uk\/\",\"name\":\"TianDe Online Shop - Beauty & Health\",\"description\":\"Traditional Chinese Medicine\",\"potentialAction\":[{\"@type\":\"SearchAction\",\"target\":{\"@type\":\"EntryPoint\",\"urlTemplate\":\"https:\/\/tiandeproducts.co.uk\/?s={search_term_string}\"},\"query-input\":{\"@type\":\"PropertyValueSpecification\",\"valueRequired\":true,\"valueName\":\"search_term_string\"}}],\"inLanguage\":\"pl-PL\"}]}<\/script>\n<!-- \/ Yoast SEO plugin. -->","yoast_head_json":{"title":"Dzieci\u0119ca szczoteczka do z\u0119b\u00f3w \"ProDental Junior\u201d,1 szt. - TianDe Online Shop - Beauty &amp; Health","robots":{"index":"index","follow":"follow","max-snippet":"max-snippet:-1","max-image-preview":"max-image-preview:large","max-video-preview":"max-video-preview:-1"},"canonical":"https:\/\/tiandeproducts.co.uk\/pl\/dziecieca-szczoteczka-do-zebow-prodental-junior\/","og_locale":"pl_PL","og_type":"article","og_title":"Dzieci\u0119ca szczoteczka do z\u0119b\u00f3w \"ProDental Junior\u201d,1 szt. - TianDe Online Shop - Beauty &amp; Health","og_description":"\u00a0Earn 4 points worth \u00a30.20 when buying this product Unikalne w\u0142oski szczoteczki zapewniaj\u0105 delikatne czyszczenie wra\u017cliwego szkliwa dzieci\u0119cych z\u0119b\u00f3w oraz dzi\u0105se\u0142, na kt\u00f3rych gromadzi si\u0119 do 90% bakterii jamy ustnej. G\u0142\u00f3wk\u0119 szczoteczki mo\u017cna zdj\u0105\u0107 i za\u0142o\u017cy\u0107 pod innym k\u0105tem dla komfortu czyszczenia z\u0119b\u00f3w po\u0142o\u017conych w dalszej cz\u0119\u015bci jamy ustnej. Ergonomiczny kszta\u0142t zapewnia komfortowe u\u017cywanie, pozwala [...]","og_url":"https:\/\/tiandeproducts.co.uk\/pl\/dziecieca-szczoteczka-do-zebow-prodental-junior\/","og_site_name":"TianDe Online Shop - Beauty &amp; Health","article_publisher":"https:\/\/www.facebook.com\/tiande.products.england\/","article_modified_time":"2021-02-25T12:09:22+00:00","og_image":[{"width":800,"height":800,"url":"https:\/\/tiandeproducts.co.uk\/wp-content\/uploads\/2016\/04\/90153.jpg","type":"image\/jpeg"}],"twitter_card":"summary_large_image","twitter_misc":{"Szacowany czas czytania":"1 minuta"},"schema":{"@context":"https:\/\/schema.org","@graph":[{"@type":"WebPage","@id":"https:\/\/tiandeproducts.co.uk\/pl\/dziecieca-szczoteczka-do-zebow-prodental-junior\/","url":"https:\/\/tiandeproducts.co.uk\/pl\/dziecieca-szczoteczka-do-zebow-prodental-junior\/","name":"Dzieci\u0119ca szczoteczka do z\u0119b\u00f3w \"ProDental Junior\u201d,1 szt. - TianDe Online Shop - Beauty &amp; Health","isPartOf":{"@id":"https:\/\/tiandeproducts.co.uk\/#website"},"primaryImageOfPage":{"@id":"https:\/\/tiandeproducts.co.uk\/pl\/dziecieca-szczoteczka-do-zebow-prodental-junior\/#primaryimage"},"image":{"@id":"https:\/\/tiandeproducts.co.uk\/pl\/dziecieca-szczoteczka-do-zebow-prodental-junior\/#primaryimage"},"thumbnailUrl":"https:\/\/tiandeproducts.co.uk\/wp-content\/uploads\/2016\/04\/90153.jpg","datePublished":"2016-04-24T12:30:35+00:00","dateModified":"2021-02-25T12:09:22+00:00","breadcrumb":{"@id":"https:\/\/tiandeproducts.co.uk\/pl\/dziecieca-szczoteczka-do-zebow-prodental-junior\/#breadcrumb"},"inLanguage":"pl-PL","potentialAction":[{"@type":"ReadAction","target":["https:\/\/tiandeproducts.co.uk\/pl\/dziecieca-szczoteczka-do-zebow-prodental-junior\/"]}]},{"@type":"ImageObject","inLanguage":"pl-PL","@id":"https:\/\/tiandeproducts.co.uk\/pl\/dziecieca-szczoteczka-do-zebow-prodental-junior\/#primaryimage","url":"https:\/\/tiandeproducts.co.uk\/wp-content\/uploads\/2016\/04\/90153.jpg","contentUrl":"https:\/\/tiandeproducts.co.uk\/wp-content\/uploads\/2016\/04\/90153.jpg","width":800,"height":800,"caption":"Junior Toothbrush,Gently Cleanses Teeth & Gum,1pc-0"},{"@type":"BreadcrumbList","@id":"https:\/\/tiandeproducts.co.uk\/pl\/dziecieca-szczoteczka-do-zebow-prodental-junior\/#breadcrumb","itemListElement":[{"@type":"ListItem","position":1,"name":"Home","item":"https:\/\/tiandeproducts.co.uk\/pl\/"},{"@type":"ListItem","position":2,"name":"Shop","item":"https:\/\/tiandeproducts.co.uk\/pl\/shop-2\/"},{"@type":"ListItem","position":3,"name":"Dzieci\u0119ca szczoteczka do z\u0119b\u00f3w &#8220;ProDental Junior\u201d,1 szt."}]},{"@type":"WebSite","@id":"https:\/\/tiandeproducts.co.uk\/#website","url":"https:\/\/tiandeproducts.co.uk\/","name":"TianDe Online Shop - Beauty & Health","description":"Traditional Chinese Medicine","potentialAction":[{"@type":"SearchAction","target":{"@type":"EntryPoint","urlTemplate":"https:\/\/tiandeproducts.co.uk\/?s={search_term_string}"},"query-input":{"@type":"PropertyValueSpecification","valueRequired":true,"valueName":"search_term_string"}}],"inLanguage":"pl-PL"}]}},"_links":{"self":[{"href":"https:\/\/tiandeproducts.co.uk\/pl\/wp-json\/wp\/v2\/product\/4476","targetHints":{"allow":["GET"]}}],"collection":[{"href":"https:\/\/tiandeproducts.co.uk\/pl\/wp-json\/wp\/v2\/product"}],"about":[{"href":"https:\/\/tiandeproducts.co.uk\/pl\/wp-json\/wp\/v2\/types\/product"}],"replies":[{"embeddable":true,"href":"https:\/\/tiandeproducts.co.uk\/pl\/wp-json\/wp\/v2\/comments?post=4476"}],"wp:featuredmedia":[{"embeddable":true,"href":"https:\/\/tiandeproducts.co.uk\/pl\/wp-json\/wp\/v2\/media\/1338"}],"wp:attachment":[{"href":"https:\/\/tiandeproducts.co.uk\/pl\/wp-json\/wp\/v2\/media?parent=4476"}],"wp:term":[{"taxonomy":"product_cat","embeddable":true,"href":"https:\/\/tiandeproducts.co.uk\/pl\/wp-json\/wp\/v2\/product_cat?post=4476"},{"taxonomy":"product_tag","embeddable":true,"href":"https:\/\/tiandeproducts.co.uk\/pl\/wp-json\/wp\/v2\/product_tag?post=4476"}],"curies":[{"name":"wp","href":"https:\/\/api.w.org\/{rel}","templated":true}]}}