{"id":4460,"date":"2016-04-24T13:20:08","date_gmt":"2016-04-24T12:20:08","guid":{"rendered":"https:\/\/tnd.ontesting.co.uk\/szczoteczka-do-zebow-prodental\/"},"modified":"2021-02-25T12:10:20","modified_gmt":"2021-02-25T12:10:20","slug":"szczoteczka-do-zebow-prodental","status":"publish","type":"product","link":"https:\/\/tiandeproducts.co.uk\/pl\/szczoteczka-do-zebow-prodental\/","title":{"rendered":"Szczoteczka do z\u0119b\u00f3w \u201eProDental\u201c,1 szt."},"content":{"rendered":"<div class=\"description\">\n<p><img decoding=\"async\" style=\"max-width: 16px; margin-right: 5px;\" src=\"https:\/\/tiandeproducts.co.uk\/wp-content\/uploads\/points-green.svg\" \/>\u00a0Earn 7 points worth \u00a30.35 when buying this product<\/p>\n<p>Zapewnia delikatne mycie nie tylko z\u0119b\u00f3w, ale te\u017c dzi\u0105se\u0142, na kt\u00f3rych gromadzi si\u0119 do 90% bakterii jamy ustnej. Unikatowe w\u0142osie szczoteczki przenika do miejsc trudnodost\u0119pnych, w tym przestrzeni mi\u0119dzyz\u0119bowej i kieszonki dzi\u0105s\u0142owej. G\u0142\u00f3wka szczoteczki zdejmuje si\u0119, transformuj\u0105c si\u0119 i zmieniaj\u0105c k\u0105t dla wygody mycia dalszych z\u0119b\u00f3w. Ergonomiczny kszta\u0142t szczoteczki zapewnia komfortowe u\u017cycie i prawid\u0142owe trzymanie w r\u0119ku.<\/p>\n<\/div>\n<div class=\"instruction\">\n<p><strong>ZASTOSOWANIE:<\/strong><\/p>\n<p>Szczoteczk\u0119 do z\u0119b\u00f3w nale\u017cy wymienia\u0107 w miar\u0119 deformacji w\u0142osia. Termin u\u017cywania nie powinien przekroczy\u0107 2-3 miesi\u0119cy.<\/p>\n<\/div>\n","protected":false},"excerpt":{"rendered":"<p>\u00a0Earn 7 points worth \u00a30.35 when buying this product Zapewnia delikatne mycie nie tylko z\u0119b\u00f3w, ale te\u017c dzi\u0105se\u0142, na kt\u00f3rych gromadzi si\u0119 do 90% bakterii jamy ustnej. Unikatowe w\u0142osie szczoteczki przenika do miejsc trudnodost\u0119pnych, w tym przestrzeni mi\u0119dzyz\u0119bowej i kieszonki dzi\u0105s\u0142owej. G\u0142\u00f3wka szczoteczki zdejmuje si\u0119, transformuj\u0105c si\u0119 i zmieniaj\u0105c k\u0105t dla wygody mycia dalszych z\u0119b\u00f3w. [&#8230;]\n","protected":false},"featured_media":5342,"comment_status":"closed","ping_status":"closed","template":"","meta":[],"product_cat":[784,803,801],"product_tag":[],"class_list":{"0":"post-4460","1":"product","2":"type-product","3":"status-publish","4":"has-post-thumbnail","6":"product_cat-higiena-pl","7":"product_cat-higiena-jamy-ustnej-pl","8":"product_cat-szczoteczki-do-zebow","10":"first","11":"instock","12":"shipping-taxable","13":"purchasable","14":"product-type-variable"},"yoast_head":"<!-- This site is optimized with the Yoast SEO plugin v23.6 - https:\/\/yoast.com\/wordpress\/plugins\/seo\/ -->\n<title>Szczoteczka do z\u0119b\u00f3w \u201eProDental\u201c,1 szt. - TianDe Online Shop - Beauty &amp; Health<\/title>\n<meta name=\"robots\" content=\"index, follow, max-snippet:-1, max-image-preview:large, max-video-preview:-1\" \/>\n<link rel=\"canonical\" href=\"https:\/\/tiandeproducts.co.uk\/pl\/szczoteczka-do-zebow-prodental\/\" \/>\n<meta property=\"og:locale\" content=\"pl_PL\" \/>\n<meta property=\"og:type\" content=\"article\" \/>\n<meta property=\"og:title\" content=\"Szczoteczka do z\u0119b\u00f3w \u201eProDental\u201c,1 szt. - TianDe Online Shop - Beauty &amp; Health\" \/>\n<meta property=\"og:description\" content=\"\u00a0Earn 7 points worth \u00a30.35 when buying this product Zapewnia delikatne mycie nie tylko z\u0119b\u00f3w, ale te\u017c dzi\u0105se\u0142, na kt\u00f3rych gromadzi si\u0119 do 90% bakterii jamy ustnej. Unikatowe w\u0142osie szczoteczki przenika do miejsc trudnodost\u0119pnych, w tym przestrzeni mi\u0119dzyz\u0119bowej i kieszonki dzi\u0105s\u0142owej. G\u0142\u00f3wka szczoteczki zdejmuje si\u0119, transformuj\u0105c si\u0119 i zmieniaj\u0105c k\u0105t dla wygody mycia dalszych z\u0119b\u00f3w. [...]\" \/>\n<meta property=\"og:url\" content=\"https:\/\/tiandeproducts.co.uk\/pl\/szczoteczka-do-zebow-prodental\/\" \/>\n<meta property=\"og:site_name\" content=\"TianDe Online Shop - Beauty &amp; Health\" \/>\n<meta property=\"article:publisher\" content=\"https:\/\/www.facebook.com\/tiande.products.england\/\" \/>\n<meta property=\"article:modified_time\" content=\"2021-02-25T12:10:20+00:00\" \/>\n<meta property=\"og:image\" content=\"https:\/\/tiandeproducts.co.uk\/wp-content\/uploads\/90148.1.gif\" \/>\n\t<meta property=\"og:image:width\" content=\"420\" \/>\n\t<meta property=\"og:image:height\" content=\"420\" \/>\n\t<meta property=\"og:image:type\" content=\"image\/gif\" \/>\n<meta name=\"twitter:card\" content=\"summary_large_image\" \/>\n<meta name=\"twitter:label1\" content=\"Szacowany czas czytania\" \/>\n\t<meta name=\"twitter:data1\" content=\"1 minuta\" \/>\n<script type=\"application\/ld+json\" class=\"yoast-schema-graph\">{\"@context\":\"https:\/\/schema.org\",\"@graph\":[{\"@type\":\"WebPage\",\"@id\":\"https:\/\/tiandeproducts.co.uk\/pl\/szczoteczka-do-zebow-prodental\/\",\"url\":\"https:\/\/tiandeproducts.co.uk\/pl\/szczoteczka-do-zebow-prodental\/\",\"name\":\"Szczoteczka do z\u0119b\u00f3w \u201eProDental\u201c,1 szt. - TianDe Online Shop - Beauty &amp; Health\",\"isPartOf\":{\"@id\":\"https:\/\/tiandeproducts.co.uk\/#website\"},\"primaryImageOfPage\":{\"@id\":\"https:\/\/tiandeproducts.co.uk\/pl\/szczoteczka-do-zebow-prodental\/#primaryimage\"},\"image\":{\"@id\":\"https:\/\/tiandeproducts.co.uk\/pl\/szczoteczka-do-zebow-prodental\/#primaryimage\"},\"thumbnailUrl\":\"https:\/\/tiandeproducts.co.uk\/wp-content\/uploads\/90148.1.gif\",\"datePublished\":\"2016-04-24T12:20:08+00:00\",\"dateModified\":\"2021-02-25T12:10:20+00:00\",\"breadcrumb\":{\"@id\":\"https:\/\/tiandeproducts.co.uk\/pl\/szczoteczka-do-zebow-prodental\/#breadcrumb\"},\"inLanguage\":\"pl-PL\",\"potentialAction\":[{\"@type\":\"ReadAction\",\"target\":[\"https:\/\/tiandeproducts.co.uk\/pl\/szczoteczka-do-zebow-prodental\/\"]}]},{\"@type\":\"ImageObject\",\"inLanguage\":\"pl-PL\",\"@id\":\"https:\/\/tiandeproducts.co.uk\/pl\/szczoteczka-do-zebow-prodental\/#primaryimage\",\"url\":\"https:\/\/tiandeproducts.co.uk\/wp-content\/uploads\/90148.1.gif\",\"contentUrl\":\"https:\/\/tiandeproducts.co.uk\/wp-content\/uploads\/90148.1.gif\",\"width\":420,\"height\":420},{\"@type\":\"BreadcrumbList\",\"@id\":\"https:\/\/tiandeproducts.co.uk\/pl\/szczoteczka-do-zebow-prodental\/#breadcrumb\",\"itemListElement\":[{\"@type\":\"ListItem\",\"position\":1,\"name\":\"Home\",\"item\":\"https:\/\/tiandeproducts.co.uk\/pl\/\"},{\"@type\":\"ListItem\",\"position\":2,\"name\":\"Shop\",\"item\":\"https:\/\/tiandeproducts.co.uk\/pl\/shop-2\/\"},{\"@type\":\"ListItem\",\"position\":3,\"name\":\"Szczoteczka do z\u0119b\u00f3w \u201eProDental\u201c,1 szt.\"}]},{\"@type\":\"WebSite\",\"@id\":\"https:\/\/tiandeproducts.co.uk\/#website\",\"url\":\"https:\/\/tiandeproducts.co.uk\/\",\"name\":\"TianDe Online Shop - Beauty & Health\",\"description\":\"Traditional Chinese Medicine\",\"potentialAction\":[{\"@type\":\"SearchAction\",\"target\":{\"@type\":\"EntryPoint\",\"urlTemplate\":\"https:\/\/tiandeproducts.co.uk\/?s={search_term_string}\"},\"query-input\":{\"@type\":\"PropertyValueSpecification\",\"valueRequired\":true,\"valueName\":\"search_term_string\"}}],\"inLanguage\":\"pl-PL\"}]}<\/script>\n<!-- \/ Yoast SEO plugin. -->","yoast_head_json":{"title":"Szczoteczka do z\u0119b\u00f3w \u201eProDental\u201c,1 szt. - TianDe Online Shop - Beauty &amp; Health","robots":{"index":"index","follow":"follow","max-snippet":"max-snippet:-1","max-image-preview":"max-image-preview:large","max-video-preview":"max-video-preview:-1"},"canonical":"https:\/\/tiandeproducts.co.uk\/pl\/szczoteczka-do-zebow-prodental\/","og_locale":"pl_PL","og_type":"article","og_title":"Szczoteczka do z\u0119b\u00f3w \u201eProDental\u201c,1 szt. - TianDe Online Shop - Beauty &amp; Health","og_description":"\u00a0Earn 7 points worth \u00a30.35 when buying this product Zapewnia delikatne mycie nie tylko z\u0119b\u00f3w, ale te\u017c dzi\u0105se\u0142, na kt\u00f3rych gromadzi si\u0119 do 90% bakterii jamy ustnej. Unikatowe w\u0142osie szczoteczki przenika do miejsc trudnodost\u0119pnych, w tym przestrzeni mi\u0119dzyz\u0119bowej i kieszonki dzi\u0105s\u0142owej. G\u0142\u00f3wka szczoteczki zdejmuje si\u0119, transformuj\u0105c si\u0119 i zmieniaj\u0105c k\u0105t dla wygody mycia dalszych z\u0119b\u00f3w. [...]","og_url":"https:\/\/tiandeproducts.co.uk\/pl\/szczoteczka-do-zebow-prodental\/","og_site_name":"TianDe Online Shop - Beauty &amp; Health","article_publisher":"https:\/\/www.facebook.com\/tiande.products.england\/","article_modified_time":"2021-02-25T12:10:20+00:00","og_image":[{"width":420,"height":420,"url":"https:\/\/tiandeproducts.co.uk\/wp-content\/uploads\/90148.1.gif","type":"image\/gif"}],"twitter_card":"summary_large_image","twitter_misc":{"Szacowany czas czytania":"1 minuta"},"schema":{"@context":"https:\/\/schema.org","@graph":[{"@type":"WebPage","@id":"https:\/\/tiandeproducts.co.uk\/pl\/szczoteczka-do-zebow-prodental\/","url":"https:\/\/tiandeproducts.co.uk\/pl\/szczoteczka-do-zebow-prodental\/","name":"Szczoteczka do z\u0119b\u00f3w \u201eProDental\u201c,1 szt. - TianDe Online Shop - Beauty &amp; Health","isPartOf":{"@id":"https:\/\/tiandeproducts.co.uk\/#website"},"primaryImageOfPage":{"@id":"https:\/\/tiandeproducts.co.uk\/pl\/szczoteczka-do-zebow-prodental\/#primaryimage"},"image":{"@id":"https:\/\/tiandeproducts.co.uk\/pl\/szczoteczka-do-zebow-prodental\/#primaryimage"},"thumbnailUrl":"https:\/\/tiandeproducts.co.uk\/wp-content\/uploads\/90148.1.gif","datePublished":"2016-04-24T12:20:08+00:00","dateModified":"2021-02-25T12:10:20+00:00","breadcrumb":{"@id":"https:\/\/tiandeproducts.co.uk\/pl\/szczoteczka-do-zebow-prodental\/#breadcrumb"},"inLanguage":"pl-PL","potentialAction":[{"@type":"ReadAction","target":["https:\/\/tiandeproducts.co.uk\/pl\/szczoteczka-do-zebow-prodental\/"]}]},{"@type":"ImageObject","inLanguage":"pl-PL","@id":"https:\/\/tiandeproducts.co.uk\/pl\/szczoteczka-do-zebow-prodental\/#primaryimage","url":"https:\/\/tiandeproducts.co.uk\/wp-content\/uploads\/90148.1.gif","contentUrl":"https:\/\/tiandeproducts.co.uk\/wp-content\/uploads\/90148.1.gif","width":420,"height":420},{"@type":"BreadcrumbList","@id":"https:\/\/tiandeproducts.co.uk\/pl\/szczoteczka-do-zebow-prodental\/#breadcrumb","itemListElement":[{"@type":"ListItem","position":1,"name":"Home","item":"https:\/\/tiandeproducts.co.uk\/pl\/"},{"@type":"ListItem","position":2,"name":"Shop","item":"https:\/\/tiandeproducts.co.uk\/pl\/shop-2\/"},{"@type":"ListItem","position":3,"name":"Szczoteczka do z\u0119b\u00f3w \u201eProDental\u201c,1 szt."}]},{"@type":"WebSite","@id":"https:\/\/tiandeproducts.co.uk\/#website","url":"https:\/\/tiandeproducts.co.uk\/","name":"TianDe Online Shop - Beauty & Health","description":"Traditional Chinese Medicine","potentialAction":[{"@type":"SearchAction","target":{"@type":"EntryPoint","urlTemplate":"https:\/\/tiandeproducts.co.uk\/?s={search_term_string}"},"query-input":{"@type":"PropertyValueSpecification","valueRequired":true,"valueName":"search_term_string"}}],"inLanguage":"pl-PL"}]}},"_links":{"self":[{"href":"https:\/\/tiandeproducts.co.uk\/pl\/wp-json\/wp\/v2\/product\/4460","targetHints":{"allow":["GET"]}}],"collection":[{"href":"https:\/\/tiandeproducts.co.uk\/pl\/wp-json\/wp\/v2\/product"}],"about":[{"href":"https:\/\/tiandeproducts.co.uk\/pl\/wp-json\/wp\/v2\/types\/product"}],"replies":[{"embeddable":true,"href":"https:\/\/tiandeproducts.co.uk\/pl\/wp-json\/wp\/v2\/comments?post=4460"}],"wp:featuredmedia":[{"embeddable":true,"href":"https:\/\/tiandeproducts.co.uk\/pl\/wp-json\/wp\/v2\/media\/5342"}],"wp:attachment":[{"href":"https:\/\/tiandeproducts.co.uk\/pl\/wp-json\/wp\/v2\/media?parent=4460"}],"wp:term":[{"taxonomy":"product_cat","embeddable":true,"href":"https:\/\/tiandeproducts.co.uk\/pl\/wp-json\/wp\/v2\/product_cat?post=4460"},{"taxonomy":"product_tag","embeddable":true,"href":"https:\/\/tiandeproducts.co.uk\/pl\/wp-json\/wp\/v2\/product_tag?post=4460"}],"curies":[{"name":"wp","href":"https:\/\/api.w.org\/{rel}","templated":true}]}}