{"id":4458,"date":"2017-02-14T22:42:48","date_gmt":"2017-02-14T22:42:48","guid":{"rendered":"https:\/\/tnd.ontesting.co.uk\/zel-do-zebow-naturalna-sol-bambusowa120g\/"},"modified":"2021-02-25T11:52:18","modified_gmt":"2021-02-25T11:52:18","slug":"zel-do-zebow-naturalna-sol-bambusowa120g","status":"publish","type":"product","link":"https:\/\/tiandeproducts.co.uk\/pl\/zel-do-zebow-naturalna-sol-bambusowa120g\/","title":{"rendered":"\u017bel do z\u0119b\u00f3w Naturalna s\u00f3l bambusowa,120g"},"content":{"rendered":"<div class=\"description\">\n<p><img decoding=\"async\" style=\"max-width: 16px; margin-right: 5px;\" src=\"https:\/\/tiandeproducts.co.uk\/wp-content\/uploads\/points-green.svg\" \/>\u00a0Earn 6 points worth \u00a30.30 when buying this product<\/p>\n<p>\u017bel delikatnie piel\u0119gnuje jam\u0119 ustn\u0105. Sprzyja wzmocnieniu szkliwa, pomaga zniwelowa\u0107 zapalenie dzi\u0105se\u0142, wzmacnia miejscowy uk\u0142ad odporno\u015bciowy. Normalizuje pH jamy ustnej. Chroni przed powstawaniem p\u0142ytki naz\u0119bnej.<\/p>\n<\/div>\n<div class=\"instruction\">\n<p><strong>ZASTOSOWANIE:<\/strong><\/p>\n<p>My\u0107 z\u0119by 2 razy dziennie. Nie po\u0142yka\u0107.<\/p>\n<\/div>\n","protected":false},"excerpt":{"rendered":"<p>\u00a0Earn 6 points worth \u00a30.30 when buying this product \u017bel delikatnie piel\u0119gnuje jam\u0119 ustn\u0105. Sprzyja wzmocnieniu szkliwa, pomaga zniwelowa\u0107 zapalenie dzi\u0105se\u0142, wzmacnia miejscowy uk\u0142ad odporno\u015bciowy. Normalizuje pH jamy ustnej. Chroni przed powstawaniem p\u0142ytki naz\u0119bnej. ZASTOSOWANIE: My\u0107 z\u0119by 2 razy dziennie. Nie po\u0142yka\u0107.<\/p>\n","protected":false},"featured_media":1488,"comment_status":"closed","ping_status":"closed","template":"","meta":[],"product_cat":[784,803],"product_tag":[],"class_list":{"0":"post-4458","1":"product","2":"type-product","3":"status-publish","4":"has-post-thumbnail","6":"product_cat-higiena-pl","7":"product_cat-higiena-jamy-ustnej-pl","9":"first","10":"instock","11":"shipping-taxable","12":"purchasable","13":"product-type-simple"},"yoast_head":"<!-- This site is optimized with the Yoast SEO plugin v23.6 - https:\/\/yoast.com\/wordpress\/plugins\/seo\/ -->\n<title>\u017bel do z\u0119b\u00f3w Naturalna s\u00f3l bambusowa,120g - TianDe Online Shop - Beauty &amp; Health<\/title>\n<meta name=\"robots\" content=\"index, follow, max-snippet:-1, max-image-preview:large, max-video-preview:-1\" \/>\n<link rel=\"canonical\" href=\"https:\/\/tiandeproducts.co.uk\/pl\/zel-do-zebow-naturalna-sol-bambusowa120g\/\" \/>\n<meta property=\"og:locale\" content=\"pl_PL\" \/>\n<meta property=\"og:type\" content=\"article\" \/>\n<meta property=\"og:title\" content=\"\u017bel do z\u0119b\u00f3w Naturalna s\u00f3l bambusowa,120g - TianDe Online Shop - Beauty &amp; Health\" \/>\n<meta property=\"og:description\" content=\"\u00a0Earn 6 points worth \u00a30.30 when buying this product \u017bel delikatnie piel\u0119gnuje jam\u0119 ustn\u0105. Sprzyja wzmocnieniu szkliwa, pomaga zniwelowa\u0107 zapalenie dzi\u0105se\u0142, wzmacnia miejscowy uk\u0142ad odporno\u015bciowy. Normalizuje pH jamy ustnej. Chroni przed powstawaniem p\u0142ytki naz\u0119bnej. ZASTOSOWANIE: My\u0107 z\u0119by 2 razy dziennie. Nie po\u0142yka\u0107.\" \/>\n<meta property=\"og:url\" content=\"https:\/\/tiandeproducts.co.uk\/pl\/zel-do-zebow-naturalna-sol-bambusowa120g\/\" \/>\n<meta property=\"og:site_name\" content=\"TianDe Online Shop - Beauty &amp; Health\" \/>\n<meta property=\"article:publisher\" content=\"https:\/\/www.facebook.com\/tiande.products.england\/\" \/>\n<meta property=\"article:modified_time\" content=\"2021-02-25T11:52:18+00:00\" \/>\n<meta property=\"og:image\" content=\"https:\/\/tiandeproducts.co.uk\/wp-content\/uploads\/2017\/02\/60141.png\" \/>\n\t<meta property=\"og:image:width\" content=\"700\" \/>\n\t<meta property=\"og:image:height\" content=\"700\" \/>\n\t<meta property=\"og:image:type\" content=\"image\/png\" \/>\n<meta name=\"twitter:card\" content=\"summary_large_image\" \/>\n<script type=\"application\/ld+json\" class=\"yoast-schema-graph\">{\"@context\":\"https:\/\/schema.org\",\"@graph\":[{\"@type\":\"WebPage\",\"@id\":\"https:\/\/tiandeproducts.co.uk\/pl\/zel-do-zebow-naturalna-sol-bambusowa120g\/\",\"url\":\"https:\/\/tiandeproducts.co.uk\/pl\/zel-do-zebow-naturalna-sol-bambusowa120g\/\",\"name\":\"\u017bel do z\u0119b\u00f3w Naturalna s\u00f3l bambusowa,120g - TianDe Online Shop - Beauty &amp; Health\",\"isPartOf\":{\"@id\":\"https:\/\/tiandeproducts.co.uk\/#website\"},\"primaryImageOfPage\":{\"@id\":\"https:\/\/tiandeproducts.co.uk\/pl\/zel-do-zebow-naturalna-sol-bambusowa120g\/#primaryimage\"},\"image\":{\"@id\":\"https:\/\/tiandeproducts.co.uk\/pl\/zel-do-zebow-naturalna-sol-bambusowa120g\/#primaryimage\"},\"thumbnailUrl\":\"https:\/\/tiandeproducts.co.uk\/wp-content\/uploads\/2017\/02\/60141.png\",\"datePublished\":\"2017-02-14T22:42:48+00:00\",\"dateModified\":\"2021-02-25T11:52:18+00:00\",\"breadcrumb\":{\"@id\":\"https:\/\/tiandeproducts.co.uk\/pl\/zel-do-zebow-naturalna-sol-bambusowa120g\/#breadcrumb\"},\"inLanguage\":\"pl-PL\",\"potentialAction\":[{\"@type\":\"ReadAction\",\"target\":[\"https:\/\/tiandeproducts.co.uk\/pl\/zel-do-zebow-naturalna-sol-bambusowa120g\/\"]}]},{\"@type\":\"ImageObject\",\"inLanguage\":\"pl-PL\",\"@id\":\"https:\/\/tiandeproducts.co.uk\/pl\/zel-do-zebow-naturalna-sol-bambusowa120g\/#primaryimage\",\"url\":\"https:\/\/tiandeproducts.co.uk\/wp-content\/uploads\/2017\/02\/60141.png\",\"contentUrl\":\"https:\/\/tiandeproducts.co.uk\/wp-content\/uploads\/2017\/02\/60141.png\",\"width\":700,\"height\":700,\"caption\":\"Natural Bamboo Salt Tooth Gel,Gentle Care,120g-0\"},{\"@type\":\"BreadcrumbList\",\"@id\":\"https:\/\/tiandeproducts.co.uk\/pl\/zel-do-zebow-naturalna-sol-bambusowa120g\/#breadcrumb\",\"itemListElement\":[{\"@type\":\"ListItem\",\"position\":1,\"name\":\"Home\",\"item\":\"https:\/\/tiandeproducts.co.uk\/pl\/\"},{\"@type\":\"ListItem\",\"position\":2,\"name\":\"Shop\",\"item\":\"https:\/\/tiandeproducts.co.uk\/pl\/shop-2\/\"},{\"@type\":\"ListItem\",\"position\":3,\"name\":\"\u017bel do z\u0119b\u00f3w Naturalna s\u00f3l bambusowa,120g\"}]},{\"@type\":\"WebSite\",\"@id\":\"https:\/\/tiandeproducts.co.uk\/#website\",\"url\":\"https:\/\/tiandeproducts.co.uk\/\",\"name\":\"TianDe Online Shop - Beauty & Health\",\"description\":\"Traditional Chinese Medicine\",\"potentialAction\":[{\"@type\":\"SearchAction\",\"target\":{\"@type\":\"EntryPoint\",\"urlTemplate\":\"https:\/\/tiandeproducts.co.uk\/?s={search_term_string}\"},\"query-input\":{\"@type\":\"PropertyValueSpecification\",\"valueRequired\":true,\"valueName\":\"search_term_string\"}}],\"inLanguage\":\"pl-PL\"}]}<\/script>\n<!-- \/ Yoast SEO plugin. -->","yoast_head_json":{"title":"\u017bel do z\u0119b\u00f3w Naturalna s\u00f3l bambusowa,120g - TianDe Online Shop - Beauty &amp; Health","robots":{"index":"index","follow":"follow","max-snippet":"max-snippet:-1","max-image-preview":"max-image-preview:large","max-video-preview":"max-video-preview:-1"},"canonical":"https:\/\/tiandeproducts.co.uk\/pl\/zel-do-zebow-naturalna-sol-bambusowa120g\/","og_locale":"pl_PL","og_type":"article","og_title":"\u017bel do z\u0119b\u00f3w Naturalna s\u00f3l bambusowa,120g - TianDe Online Shop - Beauty &amp; Health","og_description":"\u00a0Earn 6 points worth \u00a30.30 when buying this product \u017bel delikatnie piel\u0119gnuje jam\u0119 ustn\u0105. Sprzyja wzmocnieniu szkliwa, pomaga zniwelowa\u0107 zapalenie dzi\u0105se\u0142, wzmacnia miejscowy uk\u0142ad odporno\u015bciowy. Normalizuje pH jamy ustnej. Chroni przed powstawaniem p\u0142ytki naz\u0119bnej. ZASTOSOWANIE: My\u0107 z\u0119by 2 razy dziennie. Nie po\u0142yka\u0107.","og_url":"https:\/\/tiandeproducts.co.uk\/pl\/zel-do-zebow-naturalna-sol-bambusowa120g\/","og_site_name":"TianDe Online Shop - Beauty &amp; Health","article_publisher":"https:\/\/www.facebook.com\/tiande.products.england\/","article_modified_time":"2021-02-25T11:52:18+00:00","og_image":[{"width":700,"height":700,"url":"https:\/\/tiandeproducts.co.uk\/wp-content\/uploads\/2017\/02\/60141.png","type":"image\/png"}],"twitter_card":"summary_large_image","schema":{"@context":"https:\/\/schema.org","@graph":[{"@type":"WebPage","@id":"https:\/\/tiandeproducts.co.uk\/pl\/zel-do-zebow-naturalna-sol-bambusowa120g\/","url":"https:\/\/tiandeproducts.co.uk\/pl\/zel-do-zebow-naturalna-sol-bambusowa120g\/","name":"\u017bel do z\u0119b\u00f3w Naturalna s\u00f3l bambusowa,120g - TianDe Online Shop - Beauty &amp; Health","isPartOf":{"@id":"https:\/\/tiandeproducts.co.uk\/#website"},"primaryImageOfPage":{"@id":"https:\/\/tiandeproducts.co.uk\/pl\/zel-do-zebow-naturalna-sol-bambusowa120g\/#primaryimage"},"image":{"@id":"https:\/\/tiandeproducts.co.uk\/pl\/zel-do-zebow-naturalna-sol-bambusowa120g\/#primaryimage"},"thumbnailUrl":"https:\/\/tiandeproducts.co.uk\/wp-content\/uploads\/2017\/02\/60141.png","datePublished":"2017-02-14T22:42:48+00:00","dateModified":"2021-02-25T11:52:18+00:00","breadcrumb":{"@id":"https:\/\/tiandeproducts.co.uk\/pl\/zel-do-zebow-naturalna-sol-bambusowa120g\/#breadcrumb"},"inLanguage":"pl-PL","potentialAction":[{"@type":"ReadAction","target":["https:\/\/tiandeproducts.co.uk\/pl\/zel-do-zebow-naturalna-sol-bambusowa120g\/"]}]},{"@type":"ImageObject","inLanguage":"pl-PL","@id":"https:\/\/tiandeproducts.co.uk\/pl\/zel-do-zebow-naturalna-sol-bambusowa120g\/#primaryimage","url":"https:\/\/tiandeproducts.co.uk\/wp-content\/uploads\/2017\/02\/60141.png","contentUrl":"https:\/\/tiandeproducts.co.uk\/wp-content\/uploads\/2017\/02\/60141.png","width":700,"height":700,"caption":"Natural Bamboo Salt Tooth Gel,Gentle Care,120g-0"},{"@type":"BreadcrumbList","@id":"https:\/\/tiandeproducts.co.uk\/pl\/zel-do-zebow-naturalna-sol-bambusowa120g\/#breadcrumb","itemListElement":[{"@type":"ListItem","position":1,"name":"Home","item":"https:\/\/tiandeproducts.co.uk\/pl\/"},{"@type":"ListItem","position":2,"name":"Shop","item":"https:\/\/tiandeproducts.co.uk\/pl\/shop-2\/"},{"@type":"ListItem","position":3,"name":"\u017bel do z\u0119b\u00f3w Naturalna s\u00f3l bambusowa,120g"}]},{"@type":"WebSite","@id":"https:\/\/tiandeproducts.co.uk\/#website","url":"https:\/\/tiandeproducts.co.uk\/","name":"TianDe Online Shop - Beauty & Health","description":"Traditional Chinese Medicine","potentialAction":[{"@type":"SearchAction","target":{"@type":"EntryPoint","urlTemplate":"https:\/\/tiandeproducts.co.uk\/?s={search_term_string}"},"query-input":{"@type":"PropertyValueSpecification","valueRequired":true,"valueName":"search_term_string"}}],"inLanguage":"pl-PL"}]}},"_links":{"self":[{"href":"https:\/\/tiandeproducts.co.uk\/pl\/wp-json\/wp\/v2\/product\/4458","targetHints":{"allow":["GET"]}}],"collection":[{"href":"https:\/\/tiandeproducts.co.uk\/pl\/wp-json\/wp\/v2\/product"}],"about":[{"href":"https:\/\/tiandeproducts.co.uk\/pl\/wp-json\/wp\/v2\/types\/product"}],"replies":[{"embeddable":true,"href":"https:\/\/tiandeproducts.co.uk\/pl\/wp-json\/wp\/v2\/comments?post=4458"}],"wp:featuredmedia":[{"embeddable":true,"href":"https:\/\/tiandeproducts.co.uk\/pl\/wp-json\/wp\/v2\/media\/1488"}],"wp:attachment":[{"href":"https:\/\/tiandeproducts.co.uk\/pl\/wp-json\/wp\/v2\/media?parent=4458"}],"wp:term":[{"taxonomy":"product_cat","embeddable":true,"href":"https:\/\/tiandeproducts.co.uk\/pl\/wp-json\/wp\/v2\/product_cat?post=4458"},{"taxonomy":"product_tag","embeddable":true,"href":"https:\/\/tiandeproducts.co.uk\/pl\/wp-json\/wp\/v2\/product_tag?post=4458"}],"curies":[{"name":"wp","href":"https:\/\/api.w.org\/{rel}","templated":true}]}}