{"id":4452,"date":"2016-04-20T18:18:20","date_gmt":"2016-04-20T17:18:20","guid":{"rendered":"https:\/\/tnd.ontesting.co.uk\/zelowa-pasta-do-zebow-prodental-junior50g\/"},"modified":"2020-02-04T23:03:06","modified_gmt":"2020-02-04T23:03:06","slug":"zelowa-pasta-do-zebow-prodental-junior50g","status":"publish","type":"product","link":"https:\/\/tiandeproducts.co.uk\/pl\/zelowa-pasta-do-zebow-prodental-junior50g\/","title":{"rendered":"\u017belowa pasta do z\u0119b\u00f3w ProDental Junior,50g"},"content":{"rendered":"<div class=\"description\">\n<p>Pasta do z\u0119b\u00f3w ProDental Junior zosta\u0142a opracowana specjalnie dla dzieci. Zawiera sk\u0142adniki aktywne w \u201edzieci\u0119cej\u201c dawce, uwzgl\u0119dniaj\u0105cej szczeg\u00f3lne cechy jamy ustnej dziecka. Delikatne, a przy tym skuteczne czyszczenie szkliwa jest mo\u017cliwe dzi\u0119ki obecno\u015bci w sk\u0142adzie \u0142agodnej poleruj\u0105cej substancji \u015bcieraj\u0105cej nowej generacji. Pasta do z\u0119b\u00f3w ProDental Junior zapewnia dok\u0142adn\u0105 higien\u0119 jamy ustnej i skuteczn\u0105 profilaktyk\u0119 pr\u00f3chnicy. Brak fluoru i paraben\u00f3w w sk\u0142adzie pasty do z\u0119b\u00f3w &#8211; czyni j\u0105 bezpieczn\u0105 nawet przy przypadkowym po\u0142kni\u0119ciu. Orze\u017awiaj\u0105cy jab\u0142kowy smak, zapach oraz atrakcyjne opakowanie rozwi\u0105\u017c\u0105 problem przymusowego mycia z\u0119b\u00f3w, czyni\u0105c t\u0119 czynno\u015b\u0107 przyjemno\u015bci\u0105!<\/p>\n<\/div>\n<div class=\"instruction\">\n<p><strong>ZASTOSOWANIE:<\/strong><\/p>\n<p>My\u0107 z\u0119by 2 razy dziennie. Nie po\u0142yka\u0107.<\/p>\n<\/div>\n","protected":false},"excerpt":{"rendered":"<p>Pasta do z\u0119b\u00f3w ProDental Junior zosta\u0142a opracowana specjalnie dla dzieci. Zawiera sk\u0142adniki aktywne w \u201edzieci\u0119cej\u201c dawce, uwzgl\u0119dniaj\u0105cej szczeg\u00f3lne cechy jamy ustnej dziecka. Delikatne, a przy tym skuteczne czyszczenie szkliwa jest mo\u017cliwe dzi\u0119ki obecno\u015bci w sk\u0142adzie \u0142agodnej poleruj\u0105cej substancji \u015bcieraj\u0105cej nowej generacji. Pasta do z\u0119b\u00f3w ProDental Junior zapewnia dok\u0142adn\u0105 higien\u0119 jamy ustnej i skuteczn\u0105 profilaktyk\u0119 pr\u00f3chnicy. [&#8230;]\n","protected":false},"featured_media":1031,"comment_status":"closed","ping_status":"closed","template":"","meta":[],"product_cat":[765,784,1350,803,799],"product_tag":[],"class_list":{"0":"post-4452","1":"product","2":"type-product","3":"status-publish","4":"has-post-thumbnail","6":"product_cat-dla-dzieci","7":"product_cat-higiena-pl","8":"product_cat-higiena-jamy-ustnej-pl-2","9":"product_cat-higiena-jamy-ustnej-pl","10":"product_cat-pasta-do-zebow","12":"first","13":"outofstock","14":"shipping-taxable","15":"purchasable","16":"product-type-simple"},"yoast_head":"<!-- This site is optimized with the Yoast SEO plugin v23.6 - https:\/\/yoast.com\/wordpress\/plugins\/seo\/ -->\n<title>\u017belowa pasta do z\u0119b\u00f3w ProDental Junior,50g - TianDe Online Shop - Beauty &amp; Health<\/title>\n<meta name=\"robots\" content=\"index, follow, max-snippet:-1, max-image-preview:large, max-video-preview:-1\" \/>\n<link rel=\"canonical\" href=\"https:\/\/tiandeproducts.co.uk\/pl\/zelowa-pasta-do-zebow-prodental-junior50g\/\" \/>\n<meta property=\"og:locale\" content=\"pl_PL\" \/>\n<meta property=\"og:type\" content=\"article\" \/>\n<meta property=\"og:title\" content=\"\u017belowa pasta do z\u0119b\u00f3w ProDental Junior,50g - TianDe Online Shop - Beauty &amp; Health\" \/>\n<meta property=\"og:description\" content=\"Pasta do z\u0119b\u00f3w ProDental Junior zosta\u0142a opracowana specjalnie dla dzieci. Zawiera sk\u0142adniki aktywne w \u201edzieci\u0119cej\u201c dawce, uwzgl\u0119dniaj\u0105cej szczeg\u00f3lne cechy jamy ustnej dziecka. Delikatne, a przy tym skuteczne czyszczenie szkliwa jest mo\u017cliwe dzi\u0119ki obecno\u015bci w sk\u0142adzie \u0142agodnej poleruj\u0105cej substancji \u015bcieraj\u0105cej nowej generacji. Pasta do z\u0119b\u00f3w ProDental Junior zapewnia dok\u0142adn\u0105 higien\u0119 jamy ustnej i skuteczn\u0105 profilaktyk\u0119 pr\u00f3chnicy. [...]\" \/>\n<meta property=\"og:url\" content=\"https:\/\/tiandeproducts.co.uk\/pl\/zelowa-pasta-do-zebow-prodental-junior50g\/\" \/>\n<meta property=\"og:site_name\" content=\"TianDe Online Shop - Beauty &amp; Health\" \/>\n<meta property=\"article:publisher\" content=\"https:\/\/www.facebook.com\/tiande.products.england\/\" \/>\n<meta property=\"article:modified_time\" content=\"2020-02-04T23:03:06+00:00\" \/>\n<meta property=\"og:image\" content=\"https:\/\/tiandeproducts.co.uk\/wp-content\/uploads\/2016\/04\/123_12.png\" \/>\n\t<meta property=\"og:image:width\" content=\"700\" \/>\n\t<meta property=\"og:image:height\" content=\"700\" \/>\n\t<meta property=\"og:image:type\" content=\"image\/png\" \/>\n<meta name=\"twitter:card\" content=\"summary_large_image\" \/>\n<meta name=\"twitter:label1\" content=\"Szacowany czas czytania\" \/>\n\t<meta name=\"twitter:data1\" content=\"1 minuta\" \/>\n<script type=\"application\/ld+json\" class=\"yoast-schema-graph\">{\"@context\":\"https:\/\/schema.org\",\"@graph\":[{\"@type\":\"WebPage\",\"@id\":\"https:\/\/tiandeproducts.co.uk\/pl\/zelowa-pasta-do-zebow-prodental-junior50g\/\",\"url\":\"https:\/\/tiandeproducts.co.uk\/pl\/zelowa-pasta-do-zebow-prodental-junior50g\/\",\"name\":\"\u017belowa pasta do z\u0119b\u00f3w ProDental Junior,50g - TianDe Online Shop - Beauty &amp; Health\",\"isPartOf\":{\"@id\":\"https:\/\/tiandeproducts.co.uk\/#website\"},\"primaryImageOfPage\":{\"@id\":\"https:\/\/tiandeproducts.co.uk\/pl\/zelowa-pasta-do-zebow-prodental-junior50g\/#primaryimage\"},\"image\":{\"@id\":\"https:\/\/tiandeproducts.co.uk\/pl\/zelowa-pasta-do-zebow-prodental-junior50g\/#primaryimage\"},\"thumbnailUrl\":\"https:\/\/tiandeproducts.co.uk\/wp-content\/uploads\/2016\/04\/123_12.png\",\"datePublished\":\"2016-04-20T17:18:20+00:00\",\"dateModified\":\"2020-02-04T23:03:06+00:00\",\"breadcrumb\":{\"@id\":\"https:\/\/tiandeproducts.co.uk\/pl\/zelowa-pasta-do-zebow-prodental-junior50g\/#breadcrumb\"},\"inLanguage\":\"pl-PL\",\"potentialAction\":[{\"@type\":\"ReadAction\",\"target\":[\"https:\/\/tiandeproducts.co.uk\/pl\/zelowa-pasta-do-zebow-prodental-junior50g\/\"]}]},{\"@type\":\"ImageObject\",\"inLanguage\":\"pl-PL\",\"@id\":\"https:\/\/tiandeproducts.co.uk\/pl\/zelowa-pasta-do-zebow-prodental-junior50g\/#primaryimage\",\"url\":\"https:\/\/tiandeproducts.co.uk\/wp-content\/uploads\/2016\/04\/123_12.png\",\"contentUrl\":\"https:\/\/tiandeproducts.co.uk\/wp-content\/uploads\/2016\/04\/123_12.png\",\"width\":700,\"height\":700,\"caption\":\"Prodental Junior Gel Toothpaste With Mint & Apple,,50g-0\"},{\"@type\":\"BreadcrumbList\",\"@id\":\"https:\/\/tiandeproducts.co.uk\/pl\/zelowa-pasta-do-zebow-prodental-junior50g\/#breadcrumb\",\"itemListElement\":[{\"@type\":\"ListItem\",\"position\":1,\"name\":\"Home\",\"item\":\"https:\/\/tiandeproducts.co.uk\/pl\/\"},{\"@type\":\"ListItem\",\"position\":2,\"name\":\"Shop\",\"item\":\"https:\/\/tiandeproducts.co.uk\/pl\/shop-2\/\"},{\"@type\":\"ListItem\",\"position\":3,\"name\":\"\u017belowa pasta do z\u0119b\u00f3w ProDental Junior,50g\"}]},{\"@type\":\"WebSite\",\"@id\":\"https:\/\/tiandeproducts.co.uk\/#website\",\"url\":\"https:\/\/tiandeproducts.co.uk\/\",\"name\":\"TianDe Online Shop - Beauty & Health\",\"description\":\"Traditional Chinese Medicine\",\"potentialAction\":[{\"@type\":\"SearchAction\",\"target\":{\"@type\":\"EntryPoint\",\"urlTemplate\":\"https:\/\/tiandeproducts.co.uk\/?s={search_term_string}\"},\"query-input\":{\"@type\":\"PropertyValueSpecification\",\"valueRequired\":true,\"valueName\":\"search_term_string\"}}],\"inLanguage\":\"pl-PL\"}]}<\/script>\n<!-- \/ Yoast SEO plugin. -->","yoast_head_json":{"title":"\u017belowa pasta do z\u0119b\u00f3w ProDental Junior,50g - TianDe Online Shop - Beauty &amp; Health","robots":{"index":"index","follow":"follow","max-snippet":"max-snippet:-1","max-image-preview":"max-image-preview:large","max-video-preview":"max-video-preview:-1"},"canonical":"https:\/\/tiandeproducts.co.uk\/pl\/zelowa-pasta-do-zebow-prodental-junior50g\/","og_locale":"pl_PL","og_type":"article","og_title":"\u017belowa pasta do z\u0119b\u00f3w ProDental Junior,50g - TianDe Online Shop - Beauty &amp; Health","og_description":"Pasta do z\u0119b\u00f3w ProDental Junior zosta\u0142a opracowana specjalnie dla dzieci. Zawiera sk\u0142adniki aktywne w \u201edzieci\u0119cej\u201c dawce, uwzgl\u0119dniaj\u0105cej szczeg\u00f3lne cechy jamy ustnej dziecka. Delikatne, a przy tym skuteczne czyszczenie szkliwa jest mo\u017cliwe dzi\u0119ki obecno\u015bci w sk\u0142adzie \u0142agodnej poleruj\u0105cej substancji \u015bcieraj\u0105cej nowej generacji. Pasta do z\u0119b\u00f3w ProDental Junior zapewnia dok\u0142adn\u0105 higien\u0119 jamy ustnej i skuteczn\u0105 profilaktyk\u0119 pr\u00f3chnicy. [...]","og_url":"https:\/\/tiandeproducts.co.uk\/pl\/zelowa-pasta-do-zebow-prodental-junior50g\/","og_site_name":"TianDe Online Shop - Beauty &amp; Health","article_publisher":"https:\/\/www.facebook.com\/tiande.products.england\/","article_modified_time":"2020-02-04T23:03:06+00:00","og_image":[{"width":700,"height":700,"url":"https:\/\/tiandeproducts.co.uk\/wp-content\/uploads\/2016\/04\/123_12.png","type":"image\/png"}],"twitter_card":"summary_large_image","twitter_misc":{"Szacowany czas czytania":"1 minuta"},"schema":{"@context":"https:\/\/schema.org","@graph":[{"@type":"WebPage","@id":"https:\/\/tiandeproducts.co.uk\/pl\/zelowa-pasta-do-zebow-prodental-junior50g\/","url":"https:\/\/tiandeproducts.co.uk\/pl\/zelowa-pasta-do-zebow-prodental-junior50g\/","name":"\u017belowa pasta do z\u0119b\u00f3w ProDental Junior,50g - TianDe Online Shop - Beauty &amp; Health","isPartOf":{"@id":"https:\/\/tiandeproducts.co.uk\/#website"},"primaryImageOfPage":{"@id":"https:\/\/tiandeproducts.co.uk\/pl\/zelowa-pasta-do-zebow-prodental-junior50g\/#primaryimage"},"image":{"@id":"https:\/\/tiandeproducts.co.uk\/pl\/zelowa-pasta-do-zebow-prodental-junior50g\/#primaryimage"},"thumbnailUrl":"https:\/\/tiandeproducts.co.uk\/wp-content\/uploads\/2016\/04\/123_12.png","datePublished":"2016-04-20T17:18:20+00:00","dateModified":"2020-02-04T23:03:06+00:00","breadcrumb":{"@id":"https:\/\/tiandeproducts.co.uk\/pl\/zelowa-pasta-do-zebow-prodental-junior50g\/#breadcrumb"},"inLanguage":"pl-PL","potentialAction":[{"@type":"ReadAction","target":["https:\/\/tiandeproducts.co.uk\/pl\/zelowa-pasta-do-zebow-prodental-junior50g\/"]}]},{"@type":"ImageObject","inLanguage":"pl-PL","@id":"https:\/\/tiandeproducts.co.uk\/pl\/zelowa-pasta-do-zebow-prodental-junior50g\/#primaryimage","url":"https:\/\/tiandeproducts.co.uk\/wp-content\/uploads\/2016\/04\/123_12.png","contentUrl":"https:\/\/tiandeproducts.co.uk\/wp-content\/uploads\/2016\/04\/123_12.png","width":700,"height":700,"caption":"Prodental Junior Gel Toothpaste With Mint & Apple,,50g-0"},{"@type":"BreadcrumbList","@id":"https:\/\/tiandeproducts.co.uk\/pl\/zelowa-pasta-do-zebow-prodental-junior50g\/#breadcrumb","itemListElement":[{"@type":"ListItem","position":1,"name":"Home","item":"https:\/\/tiandeproducts.co.uk\/pl\/"},{"@type":"ListItem","position":2,"name":"Shop","item":"https:\/\/tiandeproducts.co.uk\/pl\/shop-2\/"},{"@type":"ListItem","position":3,"name":"\u017belowa pasta do z\u0119b\u00f3w ProDental Junior,50g"}]},{"@type":"WebSite","@id":"https:\/\/tiandeproducts.co.uk\/#website","url":"https:\/\/tiandeproducts.co.uk\/","name":"TianDe Online Shop - Beauty & Health","description":"Traditional Chinese Medicine","potentialAction":[{"@type":"SearchAction","target":{"@type":"EntryPoint","urlTemplate":"https:\/\/tiandeproducts.co.uk\/?s={search_term_string}"},"query-input":{"@type":"PropertyValueSpecification","valueRequired":true,"valueName":"search_term_string"}}],"inLanguage":"pl-PL"}]}},"_links":{"self":[{"href":"https:\/\/tiandeproducts.co.uk\/pl\/wp-json\/wp\/v2\/product\/4452","targetHints":{"allow":["GET"]}}],"collection":[{"href":"https:\/\/tiandeproducts.co.uk\/pl\/wp-json\/wp\/v2\/product"}],"about":[{"href":"https:\/\/tiandeproducts.co.uk\/pl\/wp-json\/wp\/v2\/types\/product"}],"replies":[{"embeddable":true,"href":"https:\/\/tiandeproducts.co.uk\/pl\/wp-json\/wp\/v2\/comments?post=4452"}],"wp:featuredmedia":[{"embeddable":true,"href":"https:\/\/tiandeproducts.co.uk\/pl\/wp-json\/wp\/v2\/media\/1031"}],"wp:attachment":[{"href":"https:\/\/tiandeproducts.co.uk\/pl\/wp-json\/wp\/v2\/media?parent=4452"}],"wp:term":[{"taxonomy":"product_cat","embeddable":true,"href":"https:\/\/tiandeproducts.co.uk\/pl\/wp-json\/wp\/v2\/product_cat?post=4452"},{"taxonomy":"product_tag","embeddable":true,"href":"https:\/\/tiandeproducts.co.uk\/pl\/wp-json\/wp\/v2\/product_tag?post=4452"}],"curies":[{"name":"wp","href":"https:\/\/api.w.org\/{rel}","templated":true}]}}