{"id":4433,"date":"2016-04-03T18:56:46","date_gmt":"2016-04-03T17:56:46","guid":{"rendered":"https:\/\/tnd.ontesting.co.uk\/aktywny-zel-przeciw-zmarszczkom-do-skory-wokol-oczu25g\/"},"modified":"2020-12-02T09:09:55","modified_gmt":"2020-12-02T09:09:55","slug":"aktywny-zel-przeciw-zmarszczkom-do-skory-wokol-oczu25g","status":"publish","type":"product","link":"https:\/\/tiandeproducts.co.uk\/pl\/aktywny-zel-przeciw-zmarszczkom-do-skory-wokol-oczu25g\/","title":{"rendered":"Aktywny \u017cel przeciw zmarszczkom do sk\u00f3ry wok\u00f3\u0142 oczu,25g"},"content":{"rendered":"<div class=\"description\">\n<p>Delikatnie piel\u0119gnuje wra\u017cliw\u0105 sk\u00f3r\u0119 wok\u00f3\u0142 oczu. Stymuluje produkcj\u0119 kolagenu, wyg\u0142adza zmarszczki mimiczne i widocznie napina sk\u00f3r\u0119 wok\u00f3\u0142 oczu. Nawil\u017ca j\u0105 i wzbogaca witaminami. Wydobywa pi\u0119kno ze spojrzenia.<\/p>\n<p>\u017bel wchodzi w sk\u0142ad serii &#8222;Snake Factor&#8221; przeznaczonej do intensywnej korekcji zmian sk\u00f3rnych pojawiaj\u0105cych si\u0119 wraz z wiekiem. Seria ta wyr\u00f3\u017cnia si\u0119 swoim sk\u0142adem ze wzgl\u0119du na olej w\u0119\u017ca Mamushi (b\u0119d\u0105cy \u017ar\u00f3d\u0142em wielonienasyconych kwas\u00f3w t\u0142uszczowych Omega-3), kom\u00f3rkowy aktywator &#8211; kompleks anti-age Brillian-KS68, a tak\u017ce pot\u0119\u017cny kompleks nawil\u017caj\u0105cy: kwas hialuronowy + disacharydy glukozy.<\/p>\n<\/div>\n<div class=\"instruction\">\n<p><strong>ZASTOSOWANIE:<\/strong><\/p>\n<p>Delikatnie wklepa\u0107 \u017cel w sk\u00f3r\u0119 wok\u00f3\u0142 oczu. Aby zwi\u0119kszy\u0107 efekt dzia\u0142ania \u017celu, nale\u017cy go stosowa\u0107 rano i wieczorem. Nie masowa\u0107.<\/p>\n<\/div>\n","protected":false},"excerpt":{"rendered":"<p>Delikatnie piel\u0119gnuje wra\u017cliw\u0105 sk\u00f3r\u0119 wok\u00f3\u0142 oczu. Stymuluje produkcj\u0119 kolagenu, wyg\u0142adza zmarszczki mimiczne i widocznie napina sk\u00f3r\u0119 wok\u00f3\u0142 oczu. Nawil\u017ca j\u0105 i wzbogaca witaminami. Wydobywa pi\u0119kno ze spojrzenia. \u017bel wchodzi w sk\u0142ad serii &#8222;Snake Factor&#8221; przeznaczonej do intensywnej korekcji zmian sk\u00f3rnych pojawiaj\u0105cych si\u0119 wraz z wiekiem. Seria ta wyr\u00f3\u017cnia si\u0119 swoim sk\u0142adem ze wzgl\u0119du na olej [&#8230;]\n","protected":false},"featured_media":410,"comment_status":"closed","ping_status":"closed","template":"","meta":[],"product_cat":[746,870,871,604],"product_tag":[],"class_list":{"0":"post-4433","1":"product","2":"type-product","3":"status-publish","4":"has-post-thumbnail","6":"product_cat-do-twarzy","7":"product_cat-pielegnacja-skory-wokol-oczu","8":"product_cat-pielegnacja-skory-wokol-oczu-pl","9":"product_cat-snake-factor-pl","11":"first","12":"instock","13":"shipping-taxable","14":"purchasable","15":"product-type-simple"},"yoast_head":"<!-- This site is optimized with the Yoast SEO plugin v23.6 - https:\/\/yoast.com\/wordpress\/plugins\/seo\/ -->\n<title>Aktywny \u017cel przeciw zmarszczkom do sk\u00f3ry wok\u00f3\u0142 oczu,25g - TianDe Online Shop - Beauty &amp; Health<\/title>\n<meta name=\"robots\" content=\"index, follow, max-snippet:-1, max-image-preview:large, max-video-preview:-1\" \/>\n<link rel=\"canonical\" href=\"https:\/\/tiandeproducts.co.uk\/pl\/aktywny-zel-przeciw-zmarszczkom-do-skory-wokol-oczu25g\/\" \/>\n<meta property=\"og:locale\" content=\"pl_PL\" \/>\n<meta property=\"og:type\" content=\"article\" \/>\n<meta property=\"og:title\" content=\"Aktywny \u017cel przeciw zmarszczkom do sk\u00f3ry wok\u00f3\u0142 oczu,25g - TianDe Online Shop - Beauty &amp; Health\" \/>\n<meta property=\"og:description\" content=\"Delikatnie piel\u0119gnuje wra\u017cliw\u0105 sk\u00f3r\u0119 wok\u00f3\u0142 oczu. Stymuluje produkcj\u0119 kolagenu, wyg\u0142adza zmarszczki mimiczne i widocznie napina sk\u00f3r\u0119 wok\u00f3\u0142 oczu. Nawil\u017ca j\u0105 i wzbogaca witaminami. Wydobywa pi\u0119kno ze spojrzenia. \u017bel wchodzi w sk\u0142ad serii &#8222;Snake Factor&#8221; przeznaczonej do intensywnej korekcji zmian sk\u00f3rnych pojawiaj\u0105cych si\u0119 wraz z wiekiem. Seria ta wyr\u00f3\u017cnia si\u0119 swoim sk\u0142adem ze wzgl\u0119du na olej [...]\" \/>\n<meta property=\"og:url\" content=\"https:\/\/tiandeproducts.co.uk\/pl\/aktywny-zel-przeciw-zmarszczkom-do-skory-wokol-oczu25g\/\" \/>\n<meta property=\"og:site_name\" content=\"TianDe Online Shop - Beauty &amp; Health\" \/>\n<meta property=\"article:publisher\" content=\"https:\/\/www.facebook.com\/tiande.products.england\/\" \/>\n<meta property=\"article:modified_time\" content=\"2020-12-02T09:09:55+00:00\" \/>\n<meta property=\"og:image\" content=\"https:\/\/tiandeproducts.co.uk\/wp-content\/uploads\/2016\/04\/15105.png\" \/>\n\t<meta property=\"og:image:width\" content=\"700\" \/>\n\t<meta property=\"og:image:height\" content=\"700\" \/>\n\t<meta property=\"og:image:type\" content=\"image\/png\" \/>\n<meta name=\"twitter:card\" content=\"summary_large_image\" \/>\n<meta name=\"twitter:label1\" content=\"Szacowany czas czytania\" \/>\n\t<meta name=\"twitter:data1\" content=\"1 minuta\" \/>\n<script type=\"application\/ld+json\" class=\"yoast-schema-graph\">{\"@context\":\"https:\/\/schema.org\",\"@graph\":[{\"@type\":\"WebPage\",\"@id\":\"https:\/\/tiandeproducts.co.uk\/pl\/aktywny-zel-przeciw-zmarszczkom-do-skory-wokol-oczu25g\/\",\"url\":\"https:\/\/tiandeproducts.co.uk\/pl\/aktywny-zel-przeciw-zmarszczkom-do-skory-wokol-oczu25g\/\",\"name\":\"Aktywny \u017cel przeciw zmarszczkom do sk\u00f3ry wok\u00f3\u0142 oczu,25g - TianDe Online Shop - Beauty &amp; Health\",\"isPartOf\":{\"@id\":\"https:\/\/tiandeproducts.co.uk\/#website\"},\"primaryImageOfPage\":{\"@id\":\"https:\/\/tiandeproducts.co.uk\/pl\/aktywny-zel-przeciw-zmarszczkom-do-skory-wokol-oczu25g\/#primaryimage\"},\"image\":{\"@id\":\"https:\/\/tiandeproducts.co.uk\/pl\/aktywny-zel-przeciw-zmarszczkom-do-skory-wokol-oczu25g\/#primaryimage\"},\"thumbnailUrl\":\"https:\/\/tiandeproducts.co.uk\/wp-content\/uploads\/2016\/04\/15105.png\",\"datePublished\":\"2016-04-03T17:56:46+00:00\",\"dateModified\":\"2020-12-02T09:09:55+00:00\",\"breadcrumb\":{\"@id\":\"https:\/\/tiandeproducts.co.uk\/pl\/aktywny-zel-przeciw-zmarszczkom-do-skory-wokol-oczu25g\/#breadcrumb\"},\"inLanguage\":\"pl-PL\",\"potentialAction\":[{\"@type\":\"ReadAction\",\"target\":[\"https:\/\/tiandeproducts.co.uk\/pl\/aktywny-zel-przeciw-zmarszczkom-do-skory-wokol-oczu25g\/\"]}]},{\"@type\":\"ImageObject\",\"inLanguage\":\"pl-PL\",\"@id\":\"https:\/\/tiandeproducts.co.uk\/pl\/aktywny-zel-przeciw-zmarszczkom-do-skory-wokol-oczu25g\/#primaryimage\",\"url\":\"https:\/\/tiandeproducts.co.uk\/wp-content\/uploads\/2016\/04\/15105.png\",\"contentUrl\":\"https:\/\/tiandeproducts.co.uk\/wp-content\/uploads\/2016\/04\/15105.png\",\"width\":700,\"height\":700,\"caption\":\"\\\"Snake Factor\\\" Eye Wrinkle Smoothing Active Gel,25 g-0\"},{\"@type\":\"BreadcrumbList\",\"@id\":\"https:\/\/tiandeproducts.co.uk\/pl\/aktywny-zel-przeciw-zmarszczkom-do-skory-wokol-oczu25g\/#breadcrumb\",\"itemListElement\":[{\"@type\":\"ListItem\",\"position\":1,\"name\":\"Home\",\"item\":\"https:\/\/tiandeproducts.co.uk\/pl\/\"},{\"@type\":\"ListItem\",\"position\":2,\"name\":\"Shop\",\"item\":\"https:\/\/tiandeproducts.co.uk\/pl\/shop-2\/\"},{\"@type\":\"ListItem\",\"position\":3,\"name\":\"Aktywny \u017cel przeciw zmarszczkom do sk\u00f3ry wok\u00f3\u0142 oczu,25g\"}]},{\"@type\":\"WebSite\",\"@id\":\"https:\/\/tiandeproducts.co.uk\/#website\",\"url\":\"https:\/\/tiandeproducts.co.uk\/\",\"name\":\"TianDe Online Shop - Beauty & Health\",\"description\":\"Traditional Chinese Medicine\",\"potentialAction\":[{\"@type\":\"SearchAction\",\"target\":{\"@type\":\"EntryPoint\",\"urlTemplate\":\"https:\/\/tiandeproducts.co.uk\/?s={search_term_string}\"},\"query-input\":{\"@type\":\"PropertyValueSpecification\",\"valueRequired\":true,\"valueName\":\"search_term_string\"}}],\"inLanguage\":\"pl-PL\"}]}<\/script>\n<!-- \/ Yoast SEO plugin. -->","yoast_head_json":{"title":"Aktywny \u017cel przeciw zmarszczkom do sk\u00f3ry wok\u00f3\u0142 oczu,25g - TianDe Online Shop - Beauty &amp; Health","robots":{"index":"index","follow":"follow","max-snippet":"max-snippet:-1","max-image-preview":"max-image-preview:large","max-video-preview":"max-video-preview:-1"},"canonical":"https:\/\/tiandeproducts.co.uk\/pl\/aktywny-zel-przeciw-zmarszczkom-do-skory-wokol-oczu25g\/","og_locale":"pl_PL","og_type":"article","og_title":"Aktywny \u017cel przeciw zmarszczkom do sk\u00f3ry wok\u00f3\u0142 oczu,25g - TianDe Online Shop - Beauty &amp; Health","og_description":"Delikatnie piel\u0119gnuje wra\u017cliw\u0105 sk\u00f3r\u0119 wok\u00f3\u0142 oczu. Stymuluje produkcj\u0119 kolagenu, wyg\u0142adza zmarszczki mimiczne i widocznie napina sk\u00f3r\u0119 wok\u00f3\u0142 oczu. Nawil\u017ca j\u0105 i wzbogaca witaminami. Wydobywa pi\u0119kno ze spojrzenia. \u017bel wchodzi w sk\u0142ad serii &#8222;Snake Factor&#8221; przeznaczonej do intensywnej korekcji zmian sk\u00f3rnych pojawiaj\u0105cych si\u0119 wraz z wiekiem. Seria ta wyr\u00f3\u017cnia si\u0119 swoim sk\u0142adem ze wzgl\u0119du na olej [...]","og_url":"https:\/\/tiandeproducts.co.uk\/pl\/aktywny-zel-przeciw-zmarszczkom-do-skory-wokol-oczu25g\/","og_site_name":"TianDe Online Shop - Beauty &amp; Health","article_publisher":"https:\/\/www.facebook.com\/tiande.products.england\/","article_modified_time":"2020-12-02T09:09:55+00:00","og_image":[{"width":700,"height":700,"url":"https:\/\/tiandeproducts.co.uk\/wp-content\/uploads\/2016\/04\/15105.png","type":"image\/png"}],"twitter_card":"summary_large_image","twitter_misc":{"Szacowany czas czytania":"1 minuta"},"schema":{"@context":"https:\/\/schema.org","@graph":[{"@type":"WebPage","@id":"https:\/\/tiandeproducts.co.uk\/pl\/aktywny-zel-przeciw-zmarszczkom-do-skory-wokol-oczu25g\/","url":"https:\/\/tiandeproducts.co.uk\/pl\/aktywny-zel-przeciw-zmarszczkom-do-skory-wokol-oczu25g\/","name":"Aktywny \u017cel przeciw zmarszczkom do sk\u00f3ry wok\u00f3\u0142 oczu,25g - TianDe Online Shop - Beauty &amp; Health","isPartOf":{"@id":"https:\/\/tiandeproducts.co.uk\/#website"},"primaryImageOfPage":{"@id":"https:\/\/tiandeproducts.co.uk\/pl\/aktywny-zel-przeciw-zmarszczkom-do-skory-wokol-oczu25g\/#primaryimage"},"image":{"@id":"https:\/\/tiandeproducts.co.uk\/pl\/aktywny-zel-przeciw-zmarszczkom-do-skory-wokol-oczu25g\/#primaryimage"},"thumbnailUrl":"https:\/\/tiandeproducts.co.uk\/wp-content\/uploads\/2016\/04\/15105.png","datePublished":"2016-04-03T17:56:46+00:00","dateModified":"2020-12-02T09:09:55+00:00","breadcrumb":{"@id":"https:\/\/tiandeproducts.co.uk\/pl\/aktywny-zel-przeciw-zmarszczkom-do-skory-wokol-oczu25g\/#breadcrumb"},"inLanguage":"pl-PL","potentialAction":[{"@type":"ReadAction","target":["https:\/\/tiandeproducts.co.uk\/pl\/aktywny-zel-przeciw-zmarszczkom-do-skory-wokol-oczu25g\/"]}]},{"@type":"ImageObject","inLanguage":"pl-PL","@id":"https:\/\/tiandeproducts.co.uk\/pl\/aktywny-zel-przeciw-zmarszczkom-do-skory-wokol-oczu25g\/#primaryimage","url":"https:\/\/tiandeproducts.co.uk\/wp-content\/uploads\/2016\/04\/15105.png","contentUrl":"https:\/\/tiandeproducts.co.uk\/wp-content\/uploads\/2016\/04\/15105.png","width":700,"height":700,"caption":"\"Snake Factor\" Eye Wrinkle Smoothing Active Gel,25 g-0"},{"@type":"BreadcrumbList","@id":"https:\/\/tiandeproducts.co.uk\/pl\/aktywny-zel-przeciw-zmarszczkom-do-skory-wokol-oczu25g\/#breadcrumb","itemListElement":[{"@type":"ListItem","position":1,"name":"Home","item":"https:\/\/tiandeproducts.co.uk\/pl\/"},{"@type":"ListItem","position":2,"name":"Shop","item":"https:\/\/tiandeproducts.co.uk\/pl\/shop-2\/"},{"@type":"ListItem","position":3,"name":"Aktywny \u017cel przeciw zmarszczkom do sk\u00f3ry wok\u00f3\u0142 oczu,25g"}]},{"@type":"WebSite","@id":"https:\/\/tiandeproducts.co.uk\/#website","url":"https:\/\/tiandeproducts.co.uk\/","name":"TianDe Online Shop - Beauty & Health","description":"Traditional Chinese Medicine","potentialAction":[{"@type":"SearchAction","target":{"@type":"EntryPoint","urlTemplate":"https:\/\/tiandeproducts.co.uk\/?s={search_term_string}"},"query-input":{"@type":"PropertyValueSpecification","valueRequired":true,"valueName":"search_term_string"}}],"inLanguage":"pl-PL"}]}},"_links":{"self":[{"href":"https:\/\/tiandeproducts.co.uk\/pl\/wp-json\/wp\/v2\/product\/4433","targetHints":{"allow":["GET"]}}],"collection":[{"href":"https:\/\/tiandeproducts.co.uk\/pl\/wp-json\/wp\/v2\/product"}],"about":[{"href":"https:\/\/tiandeproducts.co.uk\/pl\/wp-json\/wp\/v2\/types\/product"}],"replies":[{"embeddable":true,"href":"https:\/\/tiandeproducts.co.uk\/pl\/wp-json\/wp\/v2\/comments?post=4433"}],"wp:featuredmedia":[{"embeddable":true,"href":"https:\/\/tiandeproducts.co.uk\/pl\/wp-json\/wp\/v2\/media\/410"}],"wp:attachment":[{"href":"https:\/\/tiandeproducts.co.uk\/pl\/wp-json\/wp\/v2\/media?parent=4433"}],"wp:term":[{"taxonomy":"product_cat","embeddable":true,"href":"https:\/\/tiandeproducts.co.uk\/pl\/wp-json\/wp\/v2\/product_cat?post=4433"},{"taxonomy":"product_tag","embeddable":true,"href":"https:\/\/tiandeproducts.co.uk\/pl\/wp-json\/wp\/v2\/product_tag?post=4433"}],"curies":[{"name":"wp","href":"https:\/\/api.w.org\/{rel}","templated":true}]}}