{"id":4432,"date":"2016-04-20T19:43:14","date_gmt":"2016-04-20T18:43:14","guid":{"rendered":"https:\/\/tnd.ontesting.co.uk\/plaster-do-stop\/"},"modified":"2021-10-24T10:20:00","modified_gmt":"2021-10-24T09:20:00","slug":"plaster-do-stop","status":"publish","type":"product","link":"https:\/\/tiandeproducts.co.uk\/pl\/plaster-do-stop\/","title":{"rendered":"Plaster do st\u00f3p,2 szt."},"content":{"rendered":"<div class=\"description\">\n<p>Sk\u0142adniki zawarte w kompozycji plastra maj\u0105 naturaln\u0105 zdolno\u015b\u0107 wch\u0142aniania i silny efekt antyoksydacyjny. Poprawiaj\u0105 kr\u0105\u017cenie krwi, usuwaj\u0105 toksyny. To pomaga zmniejszy\u0107 zm\u0119czenie i napi\u0119cie mi\u0119\u015bni, przyczynia si\u0119 do poprawy snu i zwi\u0119kszenia og\u00f3lnego napi\u0119cia mi\u0119\u015bni.<\/p>\n<\/div>\n<div class=\"instruction\">\n<p><strong>ZASTOSOWANIE:<\/strong><\/p>\n<p>Wieczorem przed snem otworzy\u0107 opakowanie z plastrem, przylepi\u0107 torebk\u0119 z zawarto\u015bci\u0105 do jej klej\u0105cej si\u0119 powierzchni i przy\u0142o\u017cy\u0107 na oczyszczon\u0105 sk\u00f3r\u0119 n\u00f3g. Rano plaster zdj\u0105\u0107, a stopy umy\u0107 wod\u0105. Zu\u017cy\u0107 tu\u017c po otwarciu.<\/p>\n<\/div>\n","protected":false},"excerpt":{"rendered":"<p>Sk\u0142adniki zawarte w kompozycji plastra maj\u0105 naturaln\u0105 zdolno\u015b\u0107 wch\u0142aniania i silny efekt antyoksydacyjny. Poprawiaj\u0105 kr\u0105\u017cenie krwi, usuwaj\u0105 toksyny. To pomaga zmniejszy\u0107 zm\u0119czenie i napi\u0119cie mi\u0119\u015bni, przyczynia si\u0119 do poprawy snu i zwi\u0119kszenia og\u00f3lnego napi\u0119cia mi\u0119\u015bni. ZASTOSOWANIE: Wieczorem przed snem otworzy\u0107 opakowanie z plastrem, przylepi\u0107 torebk\u0119 z zawarto\u015bci\u0105 do jej klej\u0105cej si\u0119 powierzchni i przy\u0142o\u017cy\u0107 na [&#8230;]\n","protected":false},"featured_media":1095,"comment_status":"closed","ping_status":"closed","template":"","meta":[],"product_cat":[498,726,836,833,745],"product_tag":[],"class_list":{"0":"post-4432","1":"product","2":"type-product","3":"status-publish","4":"has-post-thumbnail","6":"product_cat-pielegnacja-ciala","7":"product_cat-master-herb-1-pl","8":"product_cat-plastry-fito","9":"product_cat-wellness-pl","10":"product_cat-zdrowie","12":"first","13":"instock","14":"shipping-taxable","15":"purchasable","16":"product-type-simple"},"yoast_head":"<!-- This site is optimized with the Yoast SEO plugin v23.6 - https:\/\/yoast.com\/wordpress\/plugins\/seo\/ -->\n<title>Plaster do st\u00f3p,2 szt. - TianDe Online Shop - Beauty &amp; Health<\/title>\n<meta name=\"robots\" content=\"index, follow, max-snippet:-1, max-image-preview:large, max-video-preview:-1\" \/>\n<link rel=\"canonical\" href=\"https:\/\/tiandeproducts.co.uk\/pl\/plaster-do-stop\/\" \/>\n<meta property=\"og:locale\" content=\"pl_PL\" \/>\n<meta property=\"og:type\" content=\"article\" \/>\n<meta property=\"og:title\" content=\"Plaster do st\u00f3p,2 szt. - TianDe Online Shop - Beauty &amp; Health\" \/>\n<meta property=\"og:description\" content=\"Sk\u0142adniki zawarte w kompozycji plastra maj\u0105 naturaln\u0105 zdolno\u015b\u0107 wch\u0142aniania i silny efekt antyoksydacyjny. Poprawiaj\u0105 kr\u0105\u017cenie krwi, usuwaj\u0105 toksyny. To pomaga zmniejszy\u0107 zm\u0119czenie i napi\u0119cie mi\u0119\u015bni, przyczynia si\u0119 do poprawy snu i zwi\u0119kszenia og\u00f3lnego napi\u0119cia mi\u0119\u015bni. ZASTOSOWANIE: Wieczorem przed snem otworzy\u0107 opakowanie z plastrem, przylepi\u0107 torebk\u0119 z zawarto\u015bci\u0105 do jej klej\u0105cej si\u0119 powierzchni i przy\u0142o\u017cy\u0107 na [...]\" \/>\n<meta property=\"og:url\" content=\"https:\/\/tiandeproducts.co.uk\/pl\/plaster-do-stop\/\" \/>\n<meta property=\"og:site_name\" content=\"TianDe Online Shop - Beauty &amp; Health\" \/>\n<meta property=\"article:publisher\" content=\"https:\/\/www.facebook.com\/tiande.products.england\/\" \/>\n<meta property=\"article:modified_time\" content=\"2021-10-24T09:20:00+00:00\" \/>\n<meta property=\"og:image\" content=\"https:\/\/tiandeproducts.co.uk\/wp-content\/uploads\/2016\/04\/41314_new.png\" \/>\n\t<meta property=\"og:image:width\" content=\"700\" \/>\n\t<meta property=\"og:image:height\" content=\"700\" \/>\n\t<meta property=\"og:image:type\" content=\"image\/png\" \/>\n<meta name=\"twitter:card\" content=\"summary_large_image\" \/>\n<script type=\"application\/ld+json\" class=\"yoast-schema-graph\">{\"@context\":\"https:\/\/schema.org\",\"@graph\":[{\"@type\":\"WebPage\",\"@id\":\"https:\/\/tiandeproducts.co.uk\/pl\/plaster-do-stop\/\",\"url\":\"https:\/\/tiandeproducts.co.uk\/pl\/plaster-do-stop\/\",\"name\":\"Plaster do st\u00f3p,2 szt. - TianDe Online Shop - Beauty &amp; Health\",\"isPartOf\":{\"@id\":\"https:\/\/tiandeproducts.co.uk\/#website\"},\"primaryImageOfPage\":{\"@id\":\"https:\/\/tiandeproducts.co.uk\/pl\/plaster-do-stop\/#primaryimage\"},\"image\":{\"@id\":\"https:\/\/tiandeproducts.co.uk\/pl\/plaster-do-stop\/#primaryimage\"},\"thumbnailUrl\":\"https:\/\/tiandeproducts.co.uk\/wp-content\/uploads\/2016\/04\/41314_new.png\",\"datePublished\":\"2016-04-20T18:43:14+00:00\",\"dateModified\":\"2021-10-24T09:20:00+00:00\",\"breadcrumb\":{\"@id\":\"https:\/\/tiandeproducts.co.uk\/pl\/plaster-do-stop\/#breadcrumb\"},\"inLanguage\":\"pl-PL\",\"potentialAction\":[{\"@type\":\"ReadAction\",\"target\":[\"https:\/\/tiandeproducts.co.uk\/pl\/plaster-do-stop\/\"]}]},{\"@type\":\"ImageObject\",\"inLanguage\":\"pl-PL\",\"@id\":\"https:\/\/tiandeproducts.co.uk\/pl\/plaster-do-stop\/#primaryimage\",\"url\":\"https:\/\/tiandeproducts.co.uk\/wp-content\/uploads\/2016\/04\/41314_new.png\",\"contentUrl\":\"https:\/\/tiandeproducts.co.uk\/wp-content\/uploads\/2016\/04\/41314_new.png\",\"width\":700,\"height\":700,\"caption\":\"\\\"Master Herb\\\" Feet Detoxifying plaster,2pcs-0\"},{\"@type\":\"BreadcrumbList\",\"@id\":\"https:\/\/tiandeproducts.co.uk\/pl\/plaster-do-stop\/#breadcrumb\",\"itemListElement\":[{\"@type\":\"ListItem\",\"position\":1,\"name\":\"Home\",\"item\":\"https:\/\/tiandeproducts.co.uk\/pl\/\"},{\"@type\":\"ListItem\",\"position\":2,\"name\":\"Shop\",\"item\":\"https:\/\/tiandeproducts.co.uk\/pl\/shop-2\/\"},{\"@type\":\"ListItem\",\"position\":3,\"name\":\"Plaster do st\u00f3p,2 szt.\"}]},{\"@type\":\"WebSite\",\"@id\":\"https:\/\/tiandeproducts.co.uk\/#website\",\"url\":\"https:\/\/tiandeproducts.co.uk\/\",\"name\":\"TianDe Online Shop - Beauty & Health\",\"description\":\"Traditional Chinese Medicine\",\"potentialAction\":[{\"@type\":\"SearchAction\",\"target\":{\"@type\":\"EntryPoint\",\"urlTemplate\":\"https:\/\/tiandeproducts.co.uk\/?s={search_term_string}\"},\"query-input\":{\"@type\":\"PropertyValueSpecification\",\"valueRequired\":true,\"valueName\":\"search_term_string\"}}],\"inLanguage\":\"pl-PL\"}]}<\/script>\n<!-- \/ Yoast SEO plugin. -->","yoast_head_json":{"title":"Plaster do st\u00f3p,2 szt. - TianDe Online Shop - Beauty &amp; Health","robots":{"index":"index","follow":"follow","max-snippet":"max-snippet:-1","max-image-preview":"max-image-preview:large","max-video-preview":"max-video-preview:-1"},"canonical":"https:\/\/tiandeproducts.co.uk\/pl\/plaster-do-stop\/","og_locale":"pl_PL","og_type":"article","og_title":"Plaster do st\u00f3p,2 szt. - TianDe Online Shop - Beauty &amp; Health","og_description":"Sk\u0142adniki zawarte w kompozycji plastra maj\u0105 naturaln\u0105 zdolno\u015b\u0107 wch\u0142aniania i silny efekt antyoksydacyjny. Poprawiaj\u0105 kr\u0105\u017cenie krwi, usuwaj\u0105 toksyny. To pomaga zmniejszy\u0107 zm\u0119czenie i napi\u0119cie mi\u0119\u015bni, przyczynia si\u0119 do poprawy snu i zwi\u0119kszenia og\u00f3lnego napi\u0119cia mi\u0119\u015bni. ZASTOSOWANIE: Wieczorem przed snem otworzy\u0107 opakowanie z plastrem, przylepi\u0107 torebk\u0119 z zawarto\u015bci\u0105 do jej klej\u0105cej si\u0119 powierzchni i przy\u0142o\u017cy\u0107 na [...]","og_url":"https:\/\/tiandeproducts.co.uk\/pl\/plaster-do-stop\/","og_site_name":"TianDe Online Shop - Beauty &amp; Health","article_publisher":"https:\/\/www.facebook.com\/tiande.products.england\/","article_modified_time":"2021-10-24T09:20:00+00:00","og_image":[{"width":700,"height":700,"url":"https:\/\/tiandeproducts.co.uk\/wp-content\/uploads\/2016\/04\/41314_new.png","type":"image\/png"}],"twitter_card":"summary_large_image","schema":{"@context":"https:\/\/schema.org","@graph":[{"@type":"WebPage","@id":"https:\/\/tiandeproducts.co.uk\/pl\/plaster-do-stop\/","url":"https:\/\/tiandeproducts.co.uk\/pl\/plaster-do-stop\/","name":"Plaster do st\u00f3p,2 szt. - TianDe Online Shop - Beauty &amp; Health","isPartOf":{"@id":"https:\/\/tiandeproducts.co.uk\/#website"},"primaryImageOfPage":{"@id":"https:\/\/tiandeproducts.co.uk\/pl\/plaster-do-stop\/#primaryimage"},"image":{"@id":"https:\/\/tiandeproducts.co.uk\/pl\/plaster-do-stop\/#primaryimage"},"thumbnailUrl":"https:\/\/tiandeproducts.co.uk\/wp-content\/uploads\/2016\/04\/41314_new.png","datePublished":"2016-04-20T18:43:14+00:00","dateModified":"2021-10-24T09:20:00+00:00","breadcrumb":{"@id":"https:\/\/tiandeproducts.co.uk\/pl\/plaster-do-stop\/#breadcrumb"},"inLanguage":"pl-PL","potentialAction":[{"@type":"ReadAction","target":["https:\/\/tiandeproducts.co.uk\/pl\/plaster-do-stop\/"]}]},{"@type":"ImageObject","inLanguage":"pl-PL","@id":"https:\/\/tiandeproducts.co.uk\/pl\/plaster-do-stop\/#primaryimage","url":"https:\/\/tiandeproducts.co.uk\/wp-content\/uploads\/2016\/04\/41314_new.png","contentUrl":"https:\/\/tiandeproducts.co.uk\/wp-content\/uploads\/2016\/04\/41314_new.png","width":700,"height":700,"caption":"\"Master Herb\" Feet Detoxifying plaster,2pcs-0"},{"@type":"BreadcrumbList","@id":"https:\/\/tiandeproducts.co.uk\/pl\/plaster-do-stop\/#breadcrumb","itemListElement":[{"@type":"ListItem","position":1,"name":"Home","item":"https:\/\/tiandeproducts.co.uk\/pl\/"},{"@type":"ListItem","position":2,"name":"Shop","item":"https:\/\/tiandeproducts.co.uk\/pl\/shop-2\/"},{"@type":"ListItem","position":3,"name":"Plaster do st\u00f3p,2 szt."}]},{"@type":"WebSite","@id":"https:\/\/tiandeproducts.co.uk\/#website","url":"https:\/\/tiandeproducts.co.uk\/","name":"TianDe Online Shop - Beauty & Health","description":"Traditional Chinese Medicine","potentialAction":[{"@type":"SearchAction","target":{"@type":"EntryPoint","urlTemplate":"https:\/\/tiandeproducts.co.uk\/?s={search_term_string}"},"query-input":{"@type":"PropertyValueSpecification","valueRequired":true,"valueName":"search_term_string"}}],"inLanguage":"pl-PL"}]}},"_links":{"self":[{"href":"https:\/\/tiandeproducts.co.uk\/pl\/wp-json\/wp\/v2\/product\/4432","targetHints":{"allow":["GET"]}}],"collection":[{"href":"https:\/\/tiandeproducts.co.uk\/pl\/wp-json\/wp\/v2\/product"}],"about":[{"href":"https:\/\/tiandeproducts.co.uk\/pl\/wp-json\/wp\/v2\/types\/product"}],"replies":[{"embeddable":true,"href":"https:\/\/tiandeproducts.co.uk\/pl\/wp-json\/wp\/v2\/comments?post=4432"}],"wp:featuredmedia":[{"embeddable":true,"href":"https:\/\/tiandeproducts.co.uk\/pl\/wp-json\/wp\/v2\/media\/1095"}],"wp:attachment":[{"href":"https:\/\/tiandeproducts.co.uk\/pl\/wp-json\/wp\/v2\/media?parent=4432"}],"wp:term":[{"taxonomy":"product_cat","embeddable":true,"href":"https:\/\/tiandeproducts.co.uk\/pl\/wp-json\/wp\/v2\/product_cat?post=4432"},{"taxonomy":"product_tag","embeddable":true,"href":"https:\/\/tiandeproducts.co.uk\/pl\/wp-json\/wp\/v2\/product_tag?post=4432"}],"curies":[{"name":"wp","href":"https:\/\/api.w.org\/{rel}","templated":true}]}}