{"id":4422,"date":"2019-01-07T13:08:31","date_gmt":"2019-01-07T13:08:31","guid":{"rendered":"https:\/\/tnd.ontesting.co.uk\/maska-zluszczajaca-do-twarzy-aloes80g\/"},"modified":"2021-02-12T11:26:43","modified_gmt":"2021-02-12T11:26:43","slug":"maska-zluszczajaca-do-twarzy-aloes80g","status":"publish","type":"product","link":"https:\/\/tiandeproducts.co.uk\/pl\/maska-zluszczajaca-do-twarzy-aloes80g\/","title":{"rendered":"Maska z\u0142uszczaj\u0105ca do twarzy Aloes,80g"},"content":{"rendered":"<div class=\"description\">\n<p><img decoding=\"async\" style=\"max-width: 16px; margin-right: 5px;\" src=\"https:\/\/tiandeproducts.co.uk\/wp-content\/uploads\/points-green.svg\" \/>\u00a0Earn 8 points worth \u00a30.40 when buying this product<\/p>\n<p>Maska z\u0142uszczaj\u0105ca \u0142\u0105czy zalety peelingu powierzchniowego i w\u0142a\u015bciwo\u015bci piel\u0119gnacyjnych klasycznych masek \u2013 zapewnia nawil\u017cenie, od\u017cywianie i regeneracj\u0119.<\/p>\n<p>G\u0142\u0119boko oczyszcza sk\u00f3r\u0119, usuwa martwe kom\u00f3rki nask\u00f3rka, redukuje t\u0142usty po\u0142ysk, pomaga pozby\u0107 si\u0119 czarnych kropek. Normalizuje r\u00f3wnowag\u0119 nawil\u017cenia sk\u00f3ry, zwi\u0119ksza elastyczno\u015b\u0107 sk\u00f3ry, pozostawia j\u0105 g\u0142adk\u0105 i such\u0105.<\/p>\n<\/div>\n<div class=\"instruction\">\n<p><strong>ZASTOSOWANIE:<\/strong><\/p>\n<p>Na\u0142\u00f3\u017c grub\u0105 warstw\u0119 maski na czyst\u0105 i such\u0105 twarz, unika\u0107 ust, brwi i okolic oczu. Pozostaw na 20-30 minut. \u015aci\u0105gnij mask\u0119 od do\u0142u do g\u00f3ry, ostro\u017cnie oddzielaj\u0105c jej kraw\u0119d\u017a od sk\u00f3ry. Je\u015bli na twarzy pozostan\u0105 resztki maski, przetrzyj twarz wilgotnym bawe\u0142nianym wacikiem.<\/p>\n<\/div>\n","protected":false},"excerpt":{"rendered":"<p>\u00a0Earn 8 points worth \u00a30.40 when buying this product Maska z\u0142uszczaj\u0105ca \u0142\u0105czy zalety peelingu powierzchniowego i w\u0142a\u015bciwo\u015bci piel\u0119gnacyjnych klasycznych masek \u2013 zapewnia nawil\u017cenie, od\u017cywianie i regeneracj\u0119. G\u0142\u0119boko oczyszcza sk\u00f3r\u0119, usuwa martwe kom\u00f3rki nask\u00f3rka, redukuje t\u0142usty po\u0142ysk, pomaga pozby\u0107 si\u0119 czarnych kropek. Normalizuje r\u00f3wnowag\u0119 nawil\u017cenia sk\u00f3ry, zwi\u0119ksza elastyczno\u015b\u0107 sk\u00f3ry, pozostawia j\u0105 g\u0142adk\u0105 i such\u0105. ZASTOSOWANIE: Na\u0142\u00f3\u017c [&#8230;]\n","protected":false},"featured_media":2137,"comment_status":"closed","ping_status":"closed","template":"","meta":[],"product_cat":[746,769,749,758,592],"product_tag":[],"class_list":{"0":"post-4422","1":"product","2":"type-product","3":"status-publish","4":"has-post-thumbnail","6":"product_cat-do-twarzy","7":"product_cat-maseczki-na-twarz","8":"product_cat-na-tradzik","9":"product_cat-problematyczna-skora","10":"product_cat-spa-technology-pl-2","12":"first","13":"instock","14":"shipping-taxable","15":"purchasable","16":"product-type-simple"},"yoast_head":"<!-- This site is optimized with the Yoast SEO plugin v23.6 - https:\/\/yoast.com\/wordpress\/plugins\/seo\/ -->\n<title>Maska z\u0142uszczaj\u0105ca do twarzy Aloes,80g - TianDe Online Shop - Beauty &amp; Health<\/title>\n<meta name=\"robots\" content=\"index, follow, max-snippet:-1, max-image-preview:large, max-video-preview:-1\" \/>\n<link rel=\"canonical\" href=\"https:\/\/tiandeproducts.co.uk\/pl\/maska-zluszczajaca-do-twarzy-aloes80g\/\" \/>\n<meta property=\"og:locale\" content=\"pl_PL\" \/>\n<meta property=\"og:type\" content=\"article\" \/>\n<meta property=\"og:title\" content=\"Maska z\u0142uszczaj\u0105ca do twarzy Aloes,80g - TianDe Online Shop - Beauty &amp; Health\" \/>\n<meta property=\"og:description\" content=\"\u00a0Earn 8 points worth \u00a30.40 when buying this product Maska z\u0142uszczaj\u0105ca \u0142\u0105czy zalety peelingu powierzchniowego i w\u0142a\u015bciwo\u015bci piel\u0119gnacyjnych klasycznych masek \u2013 zapewnia nawil\u017cenie, od\u017cywianie i regeneracj\u0119. G\u0142\u0119boko oczyszcza sk\u00f3r\u0119, usuwa martwe kom\u00f3rki nask\u00f3rka, redukuje t\u0142usty po\u0142ysk, pomaga pozby\u0107 si\u0119 czarnych kropek. Normalizuje r\u00f3wnowag\u0119 nawil\u017cenia sk\u00f3ry, zwi\u0119ksza elastyczno\u015b\u0107 sk\u00f3ry, pozostawia j\u0105 g\u0142adk\u0105 i such\u0105. ZASTOSOWANIE: Na\u0142\u00f3\u017c [...]\" \/>\n<meta property=\"og:url\" content=\"https:\/\/tiandeproducts.co.uk\/pl\/maska-zluszczajaca-do-twarzy-aloes80g\/\" \/>\n<meta property=\"og:site_name\" content=\"TianDe Online Shop - Beauty &amp; Health\" \/>\n<meta property=\"article:publisher\" content=\"https:\/\/www.facebook.com\/tiande.products.england\/\" \/>\n<meta property=\"article:modified_time\" content=\"2021-02-12T11:26:43+00:00\" \/>\n<meta property=\"og:image\" content=\"https:\/\/tiandeproducts.co.uk\/wp-content\/uploads\/2019\/01\/50201.png\" \/>\n\t<meta property=\"og:image:width\" content=\"420\" \/>\n\t<meta property=\"og:image:height\" content=\"420\" \/>\n\t<meta property=\"og:image:type\" content=\"image\/png\" \/>\n<meta name=\"twitter:card\" content=\"summary_large_image\" \/>\n<meta name=\"twitter:label1\" content=\"Szacowany czas czytania\" \/>\n\t<meta name=\"twitter:data1\" content=\"1 minuta\" \/>\n<script type=\"application\/ld+json\" class=\"yoast-schema-graph\">{\"@context\":\"https:\/\/schema.org\",\"@graph\":[{\"@type\":\"WebPage\",\"@id\":\"https:\/\/tiandeproducts.co.uk\/pl\/maska-zluszczajaca-do-twarzy-aloes80g\/\",\"url\":\"https:\/\/tiandeproducts.co.uk\/pl\/maska-zluszczajaca-do-twarzy-aloes80g\/\",\"name\":\"Maska z\u0142uszczaj\u0105ca do twarzy Aloes,80g - TianDe Online Shop - Beauty &amp; Health\",\"isPartOf\":{\"@id\":\"https:\/\/tiandeproducts.co.uk\/#website\"},\"primaryImageOfPage\":{\"@id\":\"https:\/\/tiandeproducts.co.uk\/pl\/maska-zluszczajaca-do-twarzy-aloes80g\/#primaryimage\"},\"image\":{\"@id\":\"https:\/\/tiandeproducts.co.uk\/pl\/maska-zluszczajaca-do-twarzy-aloes80g\/#primaryimage\"},\"thumbnailUrl\":\"https:\/\/tiandeproducts.co.uk\/wp-content\/uploads\/2019\/01\/50201.png\",\"datePublished\":\"2019-01-07T13:08:31+00:00\",\"dateModified\":\"2021-02-12T11:26:43+00:00\",\"breadcrumb\":{\"@id\":\"https:\/\/tiandeproducts.co.uk\/pl\/maska-zluszczajaca-do-twarzy-aloes80g\/#breadcrumb\"},\"inLanguage\":\"pl-PL\",\"potentialAction\":[{\"@type\":\"ReadAction\",\"target\":[\"https:\/\/tiandeproducts.co.uk\/pl\/maska-zluszczajaca-do-twarzy-aloes80g\/\"]}]},{\"@type\":\"ImageObject\",\"inLanguage\":\"pl-PL\",\"@id\":\"https:\/\/tiandeproducts.co.uk\/pl\/maska-zluszczajaca-do-twarzy-aloes80g\/#primaryimage\",\"url\":\"https:\/\/tiandeproducts.co.uk\/wp-content\/uploads\/2019\/01\/50201.png\",\"contentUrl\":\"https:\/\/tiandeproducts.co.uk\/wp-content\/uploads\/2019\/01\/50201.png\",\"width\":420,\"height\":420,\"caption\":\"Spa Technology Aloe Film Mask,80g-0\"},{\"@type\":\"BreadcrumbList\",\"@id\":\"https:\/\/tiandeproducts.co.uk\/pl\/maska-zluszczajaca-do-twarzy-aloes80g\/#breadcrumb\",\"itemListElement\":[{\"@type\":\"ListItem\",\"position\":1,\"name\":\"Home\",\"item\":\"https:\/\/tiandeproducts.co.uk\/pl\/\"},{\"@type\":\"ListItem\",\"position\":2,\"name\":\"Shop\",\"item\":\"https:\/\/tiandeproducts.co.uk\/pl\/shop-2\/\"},{\"@type\":\"ListItem\",\"position\":3,\"name\":\"Maska z\u0142uszczaj\u0105ca do twarzy Aloes,80g\"}]},{\"@type\":\"WebSite\",\"@id\":\"https:\/\/tiandeproducts.co.uk\/#website\",\"url\":\"https:\/\/tiandeproducts.co.uk\/\",\"name\":\"TianDe Online Shop - Beauty & Health\",\"description\":\"Traditional Chinese Medicine\",\"potentialAction\":[{\"@type\":\"SearchAction\",\"target\":{\"@type\":\"EntryPoint\",\"urlTemplate\":\"https:\/\/tiandeproducts.co.uk\/?s={search_term_string}\"},\"query-input\":{\"@type\":\"PropertyValueSpecification\",\"valueRequired\":true,\"valueName\":\"search_term_string\"}}],\"inLanguage\":\"pl-PL\"}]}<\/script>\n<!-- \/ Yoast SEO plugin. -->","yoast_head_json":{"title":"Maska z\u0142uszczaj\u0105ca do twarzy Aloes,80g - TianDe Online Shop - Beauty &amp; Health","robots":{"index":"index","follow":"follow","max-snippet":"max-snippet:-1","max-image-preview":"max-image-preview:large","max-video-preview":"max-video-preview:-1"},"canonical":"https:\/\/tiandeproducts.co.uk\/pl\/maska-zluszczajaca-do-twarzy-aloes80g\/","og_locale":"pl_PL","og_type":"article","og_title":"Maska z\u0142uszczaj\u0105ca do twarzy Aloes,80g - TianDe Online Shop - Beauty &amp; Health","og_description":"\u00a0Earn 8 points worth \u00a30.40 when buying this product Maska z\u0142uszczaj\u0105ca \u0142\u0105czy zalety peelingu powierzchniowego i w\u0142a\u015bciwo\u015bci piel\u0119gnacyjnych klasycznych masek \u2013 zapewnia nawil\u017cenie, od\u017cywianie i regeneracj\u0119. G\u0142\u0119boko oczyszcza sk\u00f3r\u0119, usuwa martwe kom\u00f3rki nask\u00f3rka, redukuje t\u0142usty po\u0142ysk, pomaga pozby\u0107 si\u0119 czarnych kropek. Normalizuje r\u00f3wnowag\u0119 nawil\u017cenia sk\u00f3ry, zwi\u0119ksza elastyczno\u015b\u0107 sk\u00f3ry, pozostawia j\u0105 g\u0142adk\u0105 i such\u0105. ZASTOSOWANIE: Na\u0142\u00f3\u017c [...]","og_url":"https:\/\/tiandeproducts.co.uk\/pl\/maska-zluszczajaca-do-twarzy-aloes80g\/","og_site_name":"TianDe Online Shop - Beauty &amp; Health","article_publisher":"https:\/\/www.facebook.com\/tiande.products.england\/","article_modified_time":"2021-02-12T11:26:43+00:00","og_image":[{"width":420,"height":420,"url":"https:\/\/tiandeproducts.co.uk\/wp-content\/uploads\/2019\/01\/50201.png","type":"image\/png"}],"twitter_card":"summary_large_image","twitter_misc":{"Szacowany czas czytania":"1 minuta"},"schema":{"@context":"https:\/\/schema.org","@graph":[{"@type":"WebPage","@id":"https:\/\/tiandeproducts.co.uk\/pl\/maska-zluszczajaca-do-twarzy-aloes80g\/","url":"https:\/\/tiandeproducts.co.uk\/pl\/maska-zluszczajaca-do-twarzy-aloes80g\/","name":"Maska z\u0142uszczaj\u0105ca do twarzy Aloes,80g - TianDe Online Shop - Beauty &amp; Health","isPartOf":{"@id":"https:\/\/tiandeproducts.co.uk\/#website"},"primaryImageOfPage":{"@id":"https:\/\/tiandeproducts.co.uk\/pl\/maska-zluszczajaca-do-twarzy-aloes80g\/#primaryimage"},"image":{"@id":"https:\/\/tiandeproducts.co.uk\/pl\/maska-zluszczajaca-do-twarzy-aloes80g\/#primaryimage"},"thumbnailUrl":"https:\/\/tiandeproducts.co.uk\/wp-content\/uploads\/2019\/01\/50201.png","datePublished":"2019-01-07T13:08:31+00:00","dateModified":"2021-02-12T11:26:43+00:00","breadcrumb":{"@id":"https:\/\/tiandeproducts.co.uk\/pl\/maska-zluszczajaca-do-twarzy-aloes80g\/#breadcrumb"},"inLanguage":"pl-PL","potentialAction":[{"@type":"ReadAction","target":["https:\/\/tiandeproducts.co.uk\/pl\/maska-zluszczajaca-do-twarzy-aloes80g\/"]}]},{"@type":"ImageObject","inLanguage":"pl-PL","@id":"https:\/\/tiandeproducts.co.uk\/pl\/maska-zluszczajaca-do-twarzy-aloes80g\/#primaryimage","url":"https:\/\/tiandeproducts.co.uk\/wp-content\/uploads\/2019\/01\/50201.png","contentUrl":"https:\/\/tiandeproducts.co.uk\/wp-content\/uploads\/2019\/01\/50201.png","width":420,"height":420,"caption":"Spa Technology Aloe Film Mask,80g-0"},{"@type":"BreadcrumbList","@id":"https:\/\/tiandeproducts.co.uk\/pl\/maska-zluszczajaca-do-twarzy-aloes80g\/#breadcrumb","itemListElement":[{"@type":"ListItem","position":1,"name":"Home","item":"https:\/\/tiandeproducts.co.uk\/pl\/"},{"@type":"ListItem","position":2,"name":"Shop","item":"https:\/\/tiandeproducts.co.uk\/pl\/shop-2\/"},{"@type":"ListItem","position":3,"name":"Maska z\u0142uszczaj\u0105ca do twarzy Aloes,80g"}]},{"@type":"WebSite","@id":"https:\/\/tiandeproducts.co.uk\/#website","url":"https:\/\/tiandeproducts.co.uk\/","name":"TianDe Online Shop - Beauty & Health","description":"Traditional Chinese Medicine","potentialAction":[{"@type":"SearchAction","target":{"@type":"EntryPoint","urlTemplate":"https:\/\/tiandeproducts.co.uk\/?s={search_term_string}"},"query-input":{"@type":"PropertyValueSpecification","valueRequired":true,"valueName":"search_term_string"}}],"inLanguage":"pl-PL"}]}},"_links":{"self":[{"href":"https:\/\/tiandeproducts.co.uk\/pl\/wp-json\/wp\/v2\/product\/4422","targetHints":{"allow":["GET"]}}],"collection":[{"href":"https:\/\/tiandeproducts.co.uk\/pl\/wp-json\/wp\/v2\/product"}],"about":[{"href":"https:\/\/tiandeproducts.co.uk\/pl\/wp-json\/wp\/v2\/types\/product"}],"replies":[{"embeddable":true,"href":"https:\/\/tiandeproducts.co.uk\/pl\/wp-json\/wp\/v2\/comments?post=4422"}],"wp:featuredmedia":[{"embeddable":true,"href":"https:\/\/tiandeproducts.co.uk\/pl\/wp-json\/wp\/v2\/media\/2137"}],"wp:attachment":[{"href":"https:\/\/tiandeproducts.co.uk\/pl\/wp-json\/wp\/v2\/media?parent=4422"}],"wp:term":[{"taxonomy":"product_cat","embeddable":true,"href":"https:\/\/tiandeproducts.co.uk\/pl\/wp-json\/wp\/v2\/product_cat?post=4422"},{"taxonomy":"product_tag","embeddable":true,"href":"https:\/\/tiandeproducts.co.uk\/pl\/wp-json\/wp\/v2\/product_tag?post=4422"}],"curies":[{"name":"wp","href":"https:\/\/api.w.org\/{rel}","templated":true}]}}